{"id":176889,"date":"2024-10-07T14:58:00","date_gmt":"2024-10-07T14:58:00","guid":{"rendered":"https:\/\/stgcsunitec.wpenginepowered.com\/product\/pipemab-525\/"},"modified":"2026-04-27T19:17:56","modified_gmt":"2026-04-27T23:17:56","slug":"pipemab-525","status":"publish","type":"product","link":"https:\/\/csunitec.com\/es\/producto\/pipemab-525\/","title":{"rendered":"PipeMAB 525"},"content":{"rendered":"<p>La <strong>NUEVA<\/strong> broca magn\u00e9tica PipeMAB 525 reduce dr\u00e1sticamente el tiempo y el esfuerzo necesarios para taladrar, roscar, escariar y avellanar en tuber\u00edas. Equipados con un sistema patentado de sujeci\u00f3n magn\u00e9tica giratoria, los modelos PipeMAB pueden perforar en tubos de 85 mm (3 pulg.) de di\u00e1metro exterior y mayores, en la pared interior del tubo (DI), as\u00ed como en superficies planas y curvas. La gran fuerza de sujeci\u00f3n de los 2 imanes permanentes permite una gran flexibilidad con adherencia en materiales ferrosos tan finos como 9\/64&#8243;.<\/p>\n<p>Este sistema de tubos, combinado con las caracter\u00edsticas de la PipeMAB 525, hace que sea la m\u00e1quina perforadora de tubos m\u00e1s vers\u00e1til del mercado.<\/p>\n","protected":false},"excerpt":{"rendered":"<ul>\n<li>Taladro magn\u00e9tico para tubos<\/li>\n<li>Capacidad de la cuchilla: 2-3\/8&#8243; de di\u00e1metro<\/li>\n<li>Capacidad de la broca espiral: 1 Di\u00e1metro<\/li>\n<li>Carrera: 6-1\/3&#8243;<\/li>\n<li>Cono Morse: MT3<\/li>\n<li>Fuerza magn\u00e9tica: 2250 lbs.<\/li>\n<li>Motor reversible para roscar (15\/16&#8243;)<\/li>\n<li>Rangos de velocidad (RPM): 70-280 | 180-580<\/li>\n<li>Sistema patentado de im\u00e1n permanente<\/li>\n<li>Otros tama\u00f1os disponibles: <em><a href=\"https:\/\/csunitec.com\/es\/producto\/pipemab-200\/\"><u>PipeMAB 200<\/u><\/a><\/em> | <em><a href=\"https:\/\/csunitec.com\/es\/producto\/nuevo-pipemab-825\/\"><u>PipeMAB 825<\/u><\/a><\/em><\/li>\n<\/ul>\n<div class=\"alexcss\"><img decoding=\"async\" class=\"producticon lazyload\" data-src=\"https:\/\/csunitec.com\/wp-content\/uploads\/2024\/10\/ICON_PipeMab-525-1.png\" alt=\"\" width=\"576\" height=\"177\" src=\"data:image\/svg+xml;base64,PHN2ZyB3aWR0aD0iMSIgaGVpZ2h0PSIxIiB4bWxucz0iaHR0cDovL3d3dy53My5vcmcvMjAwMC9zdmciPjwvc3ZnPg==\" style=\"--smush-placeholder-width: 576px; --smush-placeholder-aspect-ratio: 576\/177;\"><\/div>\n","protected":false},"featured_media":159704,"template":"","meta":[],"product_brand":[],"product_cat":[935],"product_tag":[941,942],"accessory_type":[],"application":[930],"hand_tool_type":[],"industry":[933],"material":[],"power_tool_type":[934],"power_type":[936],"subcategory":[940],"tool_type":[946],"class_list":{"0":"post-176889","1":"product","2":"type-product","3":"status-publish","4":"has-post-thumbnail","6":"product_cat-taladros","7":"product_tag-taladros-magneticos-electricos","8":"product_tag-taladros-magneticos","9":"application-perforacion-y-fijacion-2","10":"industry-metalurgia-2","11":"power_tool_type-taladro-magnetico","12":"power_type-electrico","13":"subcategory-taladros-magneticos","14":"tool_type-herramienta-electrica","16":"first","17":"instock","18":"shipping-taxable","19":"purchasable","20":"product-type-variable"},"yoast_head":"<!-- This site is optimized with the Yoast SEO plugin v27.5 - https:\/\/yoast.com\/product\/yoast-seo-wordpress\/ -->\n<title>PipeMAB 525 - CS Unitec<\/title>\n<meta name=\"description\" content=\"El PipeMAB 525 es un taladro magn\u00e9tico port\u00e1til de gran capacidad dise\u00f1ado para perforar con potencia y precisi\u00f3n en tubos y superficies curvas.\" \/>\n<meta name=\"robots\" content=\"index, follow, max-snippet:-1, max-image-preview:large, max-video-preview:-1\" \/>\n<link rel=\"canonical\" href=\"https:\/\/csunitec.com\/es\/producto\/pipemab-525\/\" \/>\n<meta property=\"og:locale\" content=\"es_ES\" \/>\n<meta property=\"og:type\" content=\"article\" \/>\n<meta property=\"og:title\" content=\"PipeMAB 525 - CS Unitec\" \/>\n<meta property=\"og:description\" content=\"El PipeMAB 525 es un taladro magn\u00e9tico port\u00e1til de gran capacidad dise\u00f1ado para perforar con potencia y precisi\u00f3n en tubos y superficies curvas.\" \/>\n<meta property=\"og:url\" content=\"https:\/\/csunitec.com\/es\/producto\/pipemab-525\/\" \/>\n<meta property=\"og:site_name\" content=\"CS Unitec\" \/>\n<meta property=\"article:modified_time\" content=\"2026-04-27T23:17:56+00:00\" \/>\n<meta property=\"og:image\" content=\"https:\/\/csunitec.com\/wp-content\/uploads\/2025\/04\/PipeMAB-525-1-2-1.png\" \/>\n\t<meta property=\"og:image:width\" content=\"1000\" \/>\n\t<meta property=\"og:image:height\" content=\"1000\" \/>\n\t<meta property=\"og:image:type\" content=\"image\/png\" \/>\n<meta name=\"twitter:card\" content=\"summary_large_image\" \/>\n<meta name=\"twitter:label1\" content=\"Tiempo de lectura\" \/>\n\t<meta name=\"twitter:data1\" content=\"1 minuto\" \/>\n<script type=\"application\/ld+json\" class=\"yoast-schema-graph\">{\"@context\":\"https:\\\/\\\/schema.org\",\"@graph\":[{\"@type\":\"WebPage\",\"@id\":\"https:\\\/\\\/csunitec.com\\\/es\\\/producto\\\/pipemab-525\\\/\",\"url\":\"https:\\\/\\\/csunitec.com\\\/es\\\/producto\\\/pipemab-525\\\/\",\"name\":\"PipeMAB 525 - CS Unitec\",\"isPartOf\":{\"@id\":\"https:\\\/\\\/csunitec.com\\\/es\\\/#website\"},\"primaryImageOfPage\":{\"@id\":\"https:\\\/\\\/csunitec.com\\\/es\\\/producto\\\/pipemab-525\\\/#primaryimage\"},\"image\":{\"@id\":\"https:\\\/\\\/csunitec.com\\\/es\\\/producto\\\/pipemab-525\\\/#primaryimage\"},\"thumbnailUrl\":\"https:\\\/\\\/csunitec.com\\\/wp-content\\\/uploads\\\/2025\\\/04\\\/PipeMAB-525-1-2-1.png\",\"datePublished\":\"2024-10-07T14:58:00+00:00\",\"dateModified\":\"2026-04-27T23:17:56+00:00\",\"description\":\"El PipeMAB 525 es un taladro magn\u00e9tico port\u00e1til de gran capacidad dise\u00f1ado para perforar con potencia y precisi\u00f3n en tubos y superficies curvas.\",\"breadcrumb\":{\"@id\":\"https:\\\/\\\/csunitec.com\\\/es\\\/producto\\\/pipemab-525\\\/#breadcrumb\"},\"inLanguage\":\"es\",\"potentialAction\":[{\"@type\":\"ReadAction\",\"target\":[\"https:\\\/\\\/csunitec.com\\\/es\\\/producto\\\/pipemab-525\\\/\"]}]},{\"@type\":\"ImageObject\",\"inLanguage\":\"es\",\"@id\":\"https:\\\/\\\/csunitec.com\\\/es\\\/producto\\\/pipemab-525\\\/#primaryimage\",\"url\":\"https:\\\/\\\/csunitec.com\\\/wp-content\\\/uploads\\\/2025\\\/04\\\/PipeMAB-525-1-2-1.png\",\"contentUrl\":\"https:\\\/\\\/csunitec.com\\\/wp-content\\\/uploads\\\/2025\\\/04\\\/PipeMAB-525-1-2-1.png\",\"width\":1000,\"height\":1000},{\"@type\":\"BreadcrumbList\",\"@id\":\"https:\\\/\\\/csunitec.com\\\/es\\\/producto\\\/pipemab-525\\\/#breadcrumb\",\"itemListElement\":[{\"@type\":\"ListItem\",\"position\":1,\"name\":\"Inicio\",\"item\":\"https:\\\/\\\/csunitec.com\\\/es\\\/\"},{\"@type\":\"ListItem\",\"position\":2,\"name\":\"Tienda\",\"item\":\"https:\\\/\\\/csunitec.com\\\/es\\\/tienda\\\/\"},{\"@type\":\"ListItem\",\"position\":3,\"name\":\"PipeMAB 525\"}]},{\"@type\":\"WebSite\",\"@id\":\"https:\\\/\\\/csunitec.com\\\/es\\\/#website\",\"url\":\"https:\\\/\\\/csunitec.com\\\/es\\\/\",\"name\":\"CS Unitec\",\"description\":\"\",\"potentialAction\":[{\"@type\":\"SearchAction\",\"target\":{\"@type\":\"EntryPoint\",\"urlTemplate\":\"https:\\\/\\\/csunitec.com\\\/es\\\/?s={search_term_string}\"},\"query-input\":{\"@type\":\"PropertyValueSpecification\",\"valueRequired\":true,\"valueName\":\"search_term_string\"}}],\"inLanguage\":\"es\"}]}<\/script>\n<!-- \/ Yoast SEO plugin. -->","yoast_head_json":{"title":"PipeMAB 525 - CS Unitec","description":"El PipeMAB 525 es un taladro magn\u00e9tico port\u00e1til de gran capacidad dise\u00f1ado para perforar con potencia y precisi\u00f3n en tubos y superficies curvas.","robots":{"index":"index","follow":"follow","max-snippet":"max-snippet:-1","max-image-preview":"max-image-preview:large","max-video-preview":"max-video-preview:-1"},"canonical":"https:\/\/csunitec.com\/es\/producto\/pipemab-525\/","og_locale":"es_ES","og_type":"article","og_title":"PipeMAB 525 - CS Unitec","og_description":"El PipeMAB 525 es un taladro magn\u00e9tico port\u00e1til de gran capacidad dise\u00f1ado para perforar con potencia y precisi\u00f3n en tubos y superficies curvas.","og_url":"https:\/\/csunitec.com\/es\/producto\/pipemab-525\/","og_site_name":"CS Unitec","article_modified_time":"2026-04-27T23:17:56+00:00","og_image":[{"width":1000,"height":1000,"url":"https:\/\/csunitec.com\/wp-content\/uploads\/2025\/04\/PipeMAB-525-1-2-1.png","type":"image\/png"}],"twitter_card":"summary_large_image","twitter_misc":{"Tiempo de lectura":"1 minuto"},"schema":{"@context":"https:\/\/schema.org","@graph":[{"@type":"WebPage","@id":"https:\/\/csunitec.com\/es\/producto\/pipemab-525\/","url":"https:\/\/csunitec.com\/es\/producto\/pipemab-525\/","name":"PipeMAB 525 - CS Unitec","isPartOf":{"@id":"https:\/\/csunitec.com\/es\/#website"},"primaryImageOfPage":{"@id":"https:\/\/csunitec.com\/es\/producto\/pipemab-525\/#primaryimage"},"image":{"@id":"https:\/\/csunitec.com\/es\/producto\/pipemab-525\/#primaryimage"},"thumbnailUrl":"https:\/\/csunitec.com\/wp-content\/uploads\/2025\/04\/PipeMAB-525-1-2-1.png","datePublished":"2024-10-07T14:58:00+00:00","dateModified":"2026-04-27T23:17:56+00:00","description":"El PipeMAB 525 es un taladro magn\u00e9tico port\u00e1til de gran capacidad dise\u00f1ado para perforar con potencia y precisi\u00f3n en tubos y superficies curvas.","breadcrumb":{"@id":"https:\/\/csunitec.com\/es\/producto\/pipemab-525\/#breadcrumb"},"inLanguage":"es","potentialAction":[{"@type":"ReadAction","target":["https:\/\/csunitec.com\/es\/producto\/pipemab-525\/"]}]},{"@type":"ImageObject","inLanguage":"es","@id":"https:\/\/csunitec.com\/es\/producto\/pipemab-525\/#primaryimage","url":"https:\/\/csunitec.com\/wp-content\/uploads\/2025\/04\/PipeMAB-525-1-2-1.png","contentUrl":"https:\/\/csunitec.com\/wp-content\/uploads\/2025\/04\/PipeMAB-525-1-2-1.png","width":1000,"height":1000},{"@type":"BreadcrumbList","@id":"https:\/\/csunitec.com\/es\/producto\/pipemab-525\/#breadcrumb","itemListElement":[{"@type":"ListItem","position":1,"name":"Inicio","item":"https:\/\/csunitec.com\/es\/"},{"@type":"ListItem","position":2,"name":"Tienda","item":"https:\/\/csunitec.com\/es\/tienda\/"},{"@type":"ListItem","position":3,"name":"PipeMAB 525"}]},{"@type":"WebSite","@id":"https:\/\/csunitec.com\/es\/#website","url":"https:\/\/csunitec.com\/es\/","name":"CS Unitec","description":"","potentialAction":[{"@type":"SearchAction","target":{"@type":"EntryPoint","urlTemplate":"https:\/\/csunitec.com\/es\/?s={search_term_string}"},"query-input":{"@type":"PropertyValueSpecification","valueRequired":true,"valueName":"search_term_string"}}],"inLanguage":"es"}]}},"_links":{"self":[{"href":"https:\/\/csunitec.com\/es\/wp-json\/wp\/v2\/product\/176889","targetHints":{"allow":["GET"]}}],"collection":[{"href":"https:\/\/csunitec.com\/es\/wp-json\/wp\/v2\/product"}],"about":[{"href":"https:\/\/csunitec.com\/es\/wp-json\/wp\/v2\/types\/product"}],"wp:featuredmedia":[{"embeddable":true,"href":"https:\/\/csunitec.com\/es\/wp-json\/wp\/v2\/media\/159704"}],"wp:attachment":[{"href":"https:\/\/csunitec.com\/es\/wp-json\/wp\/v2\/media?parent=176889"}],"wp:term":[{"taxonomy":"product_brand","embeddable":true,"href":"https:\/\/csunitec.com\/es\/wp-json\/wp\/v2\/product_brand?post=176889"},{"taxonomy":"product_cat","embeddable":true,"href":"https:\/\/csunitec.com\/es\/wp-json\/wp\/v2\/product_cat?post=176889"},{"taxonomy":"product_tag","embeddable":true,"href":"https:\/\/csunitec.com\/es\/wp-json\/wp\/v2\/product_tag?post=176889"},{"taxonomy":"accessory_type","embeddable":true,"href":"https:\/\/csunitec.com\/es\/wp-json\/wp\/v2\/accessory_type?post=176889"},{"taxonomy":"application","embeddable":true,"href":"https:\/\/csunitec.com\/es\/wp-json\/wp\/v2\/application?post=176889"},{"taxonomy":"hand_tool_type","embeddable":true,"href":"https:\/\/csunitec.com\/es\/wp-json\/wp\/v2\/hand_tool_type?post=176889"},{"taxonomy":"industry","embeddable":true,"href":"https:\/\/csunitec.com\/es\/wp-json\/wp\/v2\/industry?post=176889"},{"taxonomy":"material","embeddable":true,"href":"https:\/\/csunitec.com\/es\/wp-json\/wp\/v2\/material?post=176889"},{"taxonomy":"power_tool_type","embeddable":true,"href":"https:\/\/csunitec.com\/es\/wp-json\/wp\/v2\/power_tool_type?post=176889"},{"taxonomy":"power_type","embeddable":true,"href":"https:\/\/csunitec.com\/es\/wp-json\/wp\/v2\/power_type?post=176889"},{"taxonomy":"subcategory","embeddable":true,"href":"https:\/\/csunitec.com\/es\/wp-json\/wp\/v2\/subcategory?post=176889"},{"taxonomy":"tool_type","embeddable":true,"href":"https:\/\/csunitec.com\/es\/wp-json\/wp\/v2\/tool_type?post=176889"}],"curies":[{"name":"wp","href":"https:\/\/api.w.org\/{rel}","templated":true}]}}