{"id":177217,"date":"2026-04-24T11:13:08","date_gmt":"2026-04-24T15:13:08","guid":{"rendered":"https:\/\/stgcsunitec.wpenginepowered.com\/product\/placas-de-diamante-de-extraccion-amoladoras-de-suelo\/"},"modified":"2026-04-24T11:13:08","modified_gmt":"2026-04-24T15:13:08","slug":"placas-de-diamante-de-extraccion-amoladoras-de-suelo","status":"publish","type":"product","link":"https:\/\/csunitec.com\/es\/producto\/placas-de-diamante-de-extraccion-amoladoras-de-suelo\/","title":{"rendered":"Placas de diamante de extracci\u00f3n &#8211; Amoladoras de suelo"},"content":{"rendered":"<ul>\n<li>Placas Diamantadas de Extracci\u00f3n para Amoladoras de Suelos. Utiliza 6 para amoladoras de 10&#8243; y 12 para amoladoras de 20&#8243;. <\/li>\n<li>Ideal para decapar adhesivos, masillas, restos de pintura y otros contaminantes gomosos de la superficie que obstruyen los diamantes tradicionales.<\/li>\n<li>Eficaz para eliminar revestimientos finos a medios, incluidos epoxi, poliuretano y selladores de superficies.<\/li>\n<li>Cuando los diamantes de grano 16\/30 no son productivos, las placas de eliminaci\u00f3n proporcionan la acci\u00f3n de corte agresiva necesaria para recubrimientos muy duros o gruesos.<\/li>\n<li>Produce un perfil de superficie m\u00e1s grueso, adecuado para la aplicaci\u00f3n de revestimientos, recubrimientos o materiales de reparaci\u00f3n m\u00e1s gruesos.<\/li>\n<\/ul>\n<div><\/div>\n<div><\/div>\n","protected":false},"excerpt":{"rendered":"<ul>\n<li>Placas Diamantadas de Eliminaci\u00f3n para eliminar revestimientos, adhesivos y recubrimientos<\/li>\n<li>Placas de aglomerante blando de grano 16 para lijado muy basto y eliminaci\u00f3n de capas finas<\/li>\n<li>Para producir un perfil de superficie m\u00e1s grueso<\/li>\n<\/ul>\n","protected":false},"featured_media":177004,"template":"","meta":[],"product_brand":[],"product_cat":[1033],"product_tag":[],"accessory_type":[927],"application":[],"hand_tool_type":[],"industry":[931],"material":[],"power_tool_type":[],"power_type":[],"subcategory":[1034],"tool_type":[943],"class_list":{"0":"post-177217","1":"product","2":"type-product","3":"status-publish","4":"has-post-thumbnail","6":"product_cat-preparacion-de-superficies","7":"accessory_type-accesorio","8":"industry-hormigon-y-mamposteria","9":"subcategory-amoladoras","10":"tool_type-accesorio","12":"first","13":"instock","14":"shipping-taxable","15":"purchasable","16":"product-type-variable"},"yoast_head":"<!-- This site is optimized with the Yoast SEO plugin v27.5 - https:\/\/yoast.com\/product\/yoast-seo-wordpress\/ -->\n<title>Placas de diamante de extracci\u00f3n - Amoladoras de suelo - CS Unitec<\/title>\n<meta name=\"description\" content=\"Placas Diamantadas de Eliminaci\u00f3n para hormig\u00f3n, ideales para decapar adhesivos, eliminar recubrimientos finos a medios y producir un perfil de superficie m\u00e1s grueso.\" \/>\n<meta name=\"robots\" content=\"index, follow, max-snippet:-1, max-image-preview:large, max-video-preview:-1\" \/>\n<link rel=\"canonical\" href=\"https:\/\/csunitec.com\/es\/producto\/placas-de-diamante-de-extraccion-amoladoras-de-suelo\/\" \/>\n<meta property=\"og:locale\" content=\"es_ES\" \/>\n<meta property=\"og:type\" content=\"article\" \/>\n<meta property=\"og:title\" content=\"Placas de diamante de extracci\u00f3n - Amoladoras de suelo - CS Unitec\" \/>\n<meta property=\"og:description\" content=\"Placas Diamantadas de Eliminaci\u00f3n para hormig\u00f3n, ideales para decapar adhesivos, eliminar recubrimientos finos a medios y producir un perfil de superficie m\u00e1s grueso.\" \/>\n<meta property=\"og:url\" content=\"https:\/\/csunitec.com\/es\/producto\/placas-de-diamante-de-extraccion-amoladoras-de-suelo\/\" \/>\n<meta property=\"og:site_name\" content=\"CS Unitec\" \/>\n<meta property=\"og:image\" content=\"https:\/\/csunitec.com\/wp-content\/uploads\/2025\/04\/Metal-grinder.jpg\" \/>\n\t<meta property=\"og:image:width\" content=\"1000\" \/>\n\t<meta property=\"og:image:height\" content=\"1000\" \/>\n\t<meta property=\"og:image:type\" content=\"image\/jpeg\" \/>\n<meta name=\"twitter:card\" content=\"summary_large_image\" \/>\n<meta name=\"twitter:label1\" content=\"Tiempo de lectura\" \/>\n\t<meta name=\"twitter:data1\" content=\"1 minuto\" \/>\n<script type=\"application\/ld+json\" class=\"yoast-schema-graph\">{\"@context\":\"https:\\\/\\\/schema.org\",\"@graph\":[{\"@type\":\"WebPage\",\"@id\":\"https:\\\/\\\/csunitec.com\\\/es\\\/producto\\\/placas-de-diamante-de-extraccion-amoladoras-de-suelo\\\/\",\"url\":\"https:\\\/\\\/csunitec.com\\\/es\\\/producto\\\/placas-de-diamante-de-extraccion-amoladoras-de-suelo\\\/\",\"name\":\"Placas de diamante de extracci\u00f3n - Amoladoras de suelo - CS Unitec\",\"isPartOf\":{\"@id\":\"https:\\\/\\\/csunitec.com\\\/es\\\/#website\"},\"primaryImageOfPage\":{\"@id\":\"https:\\\/\\\/csunitec.com\\\/es\\\/producto\\\/placas-de-diamante-de-extraccion-amoladoras-de-suelo\\\/#primaryimage\"},\"image\":{\"@id\":\"https:\\\/\\\/csunitec.com\\\/es\\\/producto\\\/placas-de-diamante-de-extraccion-amoladoras-de-suelo\\\/#primaryimage\"},\"thumbnailUrl\":\"https:\\\/\\\/csunitec.com\\\/wp-content\\\/uploads\\\/2026\\\/04\\\/365.5501-2-30-Grit-Double-Segment-Soft-Bond-300x300-1.avif\",\"datePublished\":\"2026-04-24T15:13:08+00:00\",\"description\":\"Placas Diamantadas de Eliminaci\u00f3n para hormig\u00f3n, ideales para decapar adhesivos, eliminar recubrimientos finos a medios y producir un perfil de superficie m\u00e1s grueso.\",\"breadcrumb\":{\"@id\":\"https:\\\/\\\/csunitec.com\\\/es\\\/producto\\\/placas-de-diamante-de-extraccion-amoladoras-de-suelo\\\/#breadcrumb\"},\"inLanguage\":\"es\",\"potentialAction\":[{\"@type\":\"ReadAction\",\"target\":[\"https:\\\/\\\/csunitec.com\\\/es\\\/producto\\\/placas-de-diamante-de-extraccion-amoladoras-de-suelo\\\/\"]}]},{\"@type\":\"ImageObject\",\"inLanguage\":\"es\",\"@id\":\"https:\\\/\\\/csunitec.com\\\/es\\\/producto\\\/placas-de-diamante-de-extraccion-amoladoras-de-suelo\\\/#primaryimage\",\"url\":\"https:\\\/\\\/csunitec.com\\\/wp-content\\\/uploads\\\/2026\\\/04\\\/365.5501-2-30-Grit-Double-Segment-Soft-Bond-300x300-1.avif\",\"contentUrl\":\"https:\\\/\\\/csunitec.com\\\/wp-content\\\/uploads\\\/2026\\\/04\\\/365.5501-2-30-Grit-Double-Segment-Soft-Bond-300x300-1.avif\",\"width\":300,\"height\":300},{\"@type\":\"BreadcrumbList\",\"@id\":\"https:\\\/\\\/csunitec.com\\\/es\\\/producto\\\/placas-de-diamante-de-extraccion-amoladoras-de-suelo\\\/#breadcrumb\",\"itemListElement\":[{\"@type\":\"ListItem\",\"position\":1,\"name\":\"Inicio\",\"item\":\"https:\\\/\\\/csunitec.com\\\/es\\\/\"},{\"@type\":\"ListItem\",\"position\":2,\"name\":\"Tienda\",\"item\":\"https:\\\/\\\/csunitec.com\\\/es\\\/tienda\\\/\"},{\"@type\":\"ListItem\",\"position\":3,\"name\":\"Placas de diamante de extracci\u00f3n &#8211; Amoladoras de suelo\"}]},{\"@type\":\"WebSite\",\"@id\":\"https:\\\/\\\/csunitec.com\\\/es\\\/#website\",\"url\":\"https:\\\/\\\/csunitec.com\\\/es\\\/\",\"name\":\"CS Unitec\",\"description\":\"\",\"potentialAction\":[{\"@type\":\"SearchAction\",\"target\":{\"@type\":\"EntryPoint\",\"urlTemplate\":\"https:\\\/\\\/csunitec.com\\\/es\\\/?s={search_term_string}\"},\"query-input\":{\"@type\":\"PropertyValueSpecification\",\"valueRequired\":true,\"valueName\":\"search_term_string\"}}],\"inLanguage\":\"es\"}]}<\/script>\n<!-- \/ Yoast SEO plugin. -->","yoast_head_json":{"title":"Placas de diamante de extracci\u00f3n - Amoladoras de suelo - CS Unitec","description":"Placas Diamantadas de Eliminaci\u00f3n para hormig\u00f3n, ideales para decapar adhesivos, eliminar recubrimientos finos a medios y producir un perfil de superficie m\u00e1s grueso.","robots":{"index":"index","follow":"follow","max-snippet":"max-snippet:-1","max-image-preview":"max-image-preview:large","max-video-preview":"max-video-preview:-1"},"canonical":"https:\/\/csunitec.com\/es\/producto\/placas-de-diamante-de-extraccion-amoladoras-de-suelo\/","og_locale":"es_ES","og_type":"article","og_title":"Placas de diamante de extracci\u00f3n - Amoladoras de suelo - CS Unitec","og_description":"Placas Diamantadas de Eliminaci\u00f3n para hormig\u00f3n, ideales para decapar adhesivos, eliminar recubrimientos finos a medios y producir un perfil de superficie m\u00e1s grueso.","og_url":"https:\/\/csunitec.com\/es\/producto\/placas-de-diamante-de-extraccion-amoladoras-de-suelo\/","og_site_name":"CS Unitec","og_image":[{"width":1000,"height":1000,"url":"https:\/\/csunitec.com\/wp-content\/uploads\/2025\/04\/Metal-grinder.jpg","type":"image\/jpeg"}],"twitter_card":"summary_large_image","twitter_misc":{"Tiempo de lectura":"1 minuto"},"schema":{"@context":"https:\/\/schema.org","@graph":[{"@type":"WebPage","@id":"https:\/\/csunitec.com\/es\/producto\/placas-de-diamante-de-extraccion-amoladoras-de-suelo\/","url":"https:\/\/csunitec.com\/es\/producto\/placas-de-diamante-de-extraccion-amoladoras-de-suelo\/","name":"Placas de diamante de extracci\u00f3n - Amoladoras de suelo - CS Unitec","isPartOf":{"@id":"https:\/\/csunitec.com\/es\/#website"},"primaryImageOfPage":{"@id":"https:\/\/csunitec.com\/es\/producto\/placas-de-diamante-de-extraccion-amoladoras-de-suelo\/#primaryimage"},"image":{"@id":"https:\/\/csunitec.com\/es\/producto\/placas-de-diamante-de-extraccion-amoladoras-de-suelo\/#primaryimage"},"thumbnailUrl":"https:\/\/csunitec.com\/wp-content\/uploads\/2026\/04\/365.5501-2-30-Grit-Double-Segment-Soft-Bond-300x300-1.avif","datePublished":"2026-04-24T15:13:08+00:00","description":"Placas Diamantadas de Eliminaci\u00f3n para hormig\u00f3n, ideales para decapar adhesivos, eliminar recubrimientos finos a medios y producir un perfil de superficie m\u00e1s grueso.","breadcrumb":{"@id":"https:\/\/csunitec.com\/es\/producto\/placas-de-diamante-de-extraccion-amoladoras-de-suelo\/#breadcrumb"},"inLanguage":"es","potentialAction":[{"@type":"ReadAction","target":["https:\/\/csunitec.com\/es\/producto\/placas-de-diamante-de-extraccion-amoladoras-de-suelo\/"]}]},{"@type":"ImageObject","inLanguage":"es","@id":"https:\/\/csunitec.com\/es\/producto\/placas-de-diamante-de-extraccion-amoladoras-de-suelo\/#primaryimage","url":"https:\/\/csunitec.com\/wp-content\/uploads\/2026\/04\/365.5501-2-30-Grit-Double-Segment-Soft-Bond-300x300-1.avif","contentUrl":"https:\/\/csunitec.com\/wp-content\/uploads\/2026\/04\/365.5501-2-30-Grit-Double-Segment-Soft-Bond-300x300-1.avif","width":300,"height":300},{"@type":"BreadcrumbList","@id":"https:\/\/csunitec.com\/es\/producto\/placas-de-diamante-de-extraccion-amoladoras-de-suelo\/#breadcrumb","itemListElement":[{"@type":"ListItem","position":1,"name":"Inicio","item":"https:\/\/csunitec.com\/es\/"},{"@type":"ListItem","position":2,"name":"Tienda","item":"https:\/\/csunitec.com\/es\/tienda\/"},{"@type":"ListItem","position":3,"name":"Placas de diamante de extracci\u00f3n &#8211; Amoladoras de suelo"}]},{"@type":"WebSite","@id":"https:\/\/csunitec.com\/es\/#website","url":"https:\/\/csunitec.com\/es\/","name":"CS Unitec","description":"","potentialAction":[{"@type":"SearchAction","target":{"@type":"EntryPoint","urlTemplate":"https:\/\/csunitec.com\/es\/?s={search_term_string}"},"query-input":{"@type":"PropertyValueSpecification","valueRequired":true,"valueName":"search_term_string"}}],"inLanguage":"es"}]}},"_links":{"self":[{"href":"https:\/\/csunitec.com\/es\/wp-json\/wp\/v2\/product\/177217","targetHints":{"allow":["GET"]}}],"collection":[{"href":"https:\/\/csunitec.com\/es\/wp-json\/wp\/v2\/product"}],"about":[{"href":"https:\/\/csunitec.com\/es\/wp-json\/wp\/v2\/types\/product"}],"wp:featuredmedia":[{"embeddable":true,"href":"https:\/\/csunitec.com\/es\/wp-json\/wp\/v2\/media\/177004"}],"wp:attachment":[{"href":"https:\/\/csunitec.com\/es\/wp-json\/wp\/v2\/media?parent=177217"}],"wp:term":[{"taxonomy":"product_brand","embeddable":true,"href":"https:\/\/csunitec.com\/es\/wp-json\/wp\/v2\/product_brand?post=177217"},{"taxonomy":"product_cat","embeddable":true,"href":"https:\/\/csunitec.com\/es\/wp-json\/wp\/v2\/product_cat?post=177217"},{"taxonomy":"product_tag","embeddable":true,"href":"https:\/\/csunitec.com\/es\/wp-json\/wp\/v2\/product_tag?post=177217"},{"taxonomy":"accessory_type","embeddable":true,"href":"https:\/\/csunitec.com\/es\/wp-json\/wp\/v2\/accessory_type?post=177217"},{"taxonomy":"application","embeddable":true,"href":"https:\/\/csunitec.com\/es\/wp-json\/wp\/v2\/application?post=177217"},{"taxonomy":"hand_tool_type","embeddable":true,"href":"https:\/\/csunitec.com\/es\/wp-json\/wp\/v2\/hand_tool_type?post=177217"},{"taxonomy":"industry","embeddable":true,"href":"https:\/\/csunitec.com\/es\/wp-json\/wp\/v2\/industry?post=177217"},{"taxonomy":"material","embeddable":true,"href":"https:\/\/csunitec.com\/es\/wp-json\/wp\/v2\/material?post=177217"},{"taxonomy":"power_tool_type","embeddable":true,"href":"https:\/\/csunitec.com\/es\/wp-json\/wp\/v2\/power_tool_type?post=177217"},{"taxonomy":"power_type","embeddable":true,"href":"https:\/\/csunitec.com\/es\/wp-json\/wp\/v2\/power_type?post=177217"},{"taxonomy":"subcategory","embeddable":true,"href":"https:\/\/csunitec.com\/es\/wp-json\/wp\/v2\/subcategory?post=177217"},{"taxonomy":"tool_type","embeddable":true,"href":"https:\/\/csunitec.com\/es\/wp-json\/wp\/v2\/tool_type?post=177217"}],"curies":[{"name":"wp","href":"https:\/\/api.w.org\/{rel}","templated":true}]}}