{"id":177231,"date":"2025-01-27T19:16:41","date_gmt":"2025-01-28T00:16:41","guid":{"rendered":"https:\/\/stgcsunitec.wpenginepowered.com\/product\/martillos-perforadores-vibro-lo-monocabezal\/"},"modified":"2025-01-27T19:16:41","modified_gmt":"2025-01-28T00:16:41","slug":"martillos-perforadores-vibro-lo-monocabezal","status":"publish","type":"product","link":"https:\/\/csunitec.com\/es\/producto\/martillos-perforadores-vibro-lo-monocabezal\/","title":{"rendered":"Martillos perforadores Vibro-Lo &#8211; Monocabezal"},"content":{"rendered":"<ul>\n<li>Vibro-Lo\u2122 Martillo Neum\u00e1tico de Descamaci\u00f3n de Cabezal \u00danico dise\u00f1ado para romper incrustaciones gruesas, corrosi\u00f3n intensa y revestimientos industriales duros en entornos marinos, industriales y de construcci\u00f3n.<\/li>\n<li>Ideal para tubos y superficies curvas que requieren un impacto controlado y localizado.<\/li>\n<li>Se utiliza habitualmente en cubiertas de barcos y estructuras marinas expuestas a la corrosi\u00f3n del agua salada y a revestimientos pesados.<\/li>\n<li>Ideal para plataformas petrol\u00edferas e instalaciones en alta mar, donde son esenciales herramientas robustas y seguras.<\/li>\n<li>Se utiliza en estructuras de puentes y acero estructural que necesitan una eliminaci\u00f3n selectiva de la corrosi\u00f3n.<\/li>\n<\/ul>\n","protected":false},"excerpt":{"rendered":"<ul>\n<li>Tecnolog\u00eda patentada de baja vibraci\u00f3n<\/li>\n<li>Golpes por minuto: 3000<\/li>\n<li>Velocidad de producci\u00f3n: 50 pies cuadrados\/hora<\/li>\n<li>Consumo de aire: 7 CFM @ 90 PSI<\/li>\n<\/ul>\n","protected":false},"featured_media":173544,"template":"","meta":[],"product_brand":[],"product_cat":[1033],"product_tag":[1036,1037,1038,1039],"accessory_type":[],"application":[1035],"hand_tool_type":[],"industry":[933],"material":[],"power_tool_type":[],"power_type":[],"subcategory":[1040],"tool_type":[1041],"class_list":{"0":"post-177231","1":"product","2":"type-product","3":"status-publish","4":"has-post-thumbnail","6":"product_cat-preparacion-de-superficies","7":"product_tag-martillos-escaladores","8":"product_tag-preparacion-de-la-superficie-del-hormigon","9":"product_tag-preparacion-de-la-superficie-metalica","10":"product_tag-vibro-lo","11":"application-acabado-y-preparacion-de-superficies","12":"industry-metalurgia-2","13":"subcategory-escarificadores","14":"tool_type-herramienta-manual-antichispas","16":"first","17":"instock","18":"shipping-taxable","19":"purchasable","20":"product-type-variable"},"yoast_head":"<!-- This site is optimized with the Yoast SEO plugin v27.5 - https:\/\/yoast.com\/product\/yoast-seo-wordpress\/ -->\n<title>Martillos perforadores Vibro-Lo - Monocabezal - CS Unitec<\/title>\n<meta name=\"description\" content=\"Vibro-Lo\u2122 Martillo neum\u00e1tico de un cabezal dise\u00f1ado para romper incrustaciones gruesas, corrosi\u00f3n intensa y revestimientos industriales duros.\" \/>\n<meta name=\"robots\" content=\"index, follow, max-snippet:-1, max-image-preview:large, max-video-preview:-1\" \/>\n<link rel=\"canonical\" href=\"https:\/\/csunitec.com\/es\/producto\/martillos-perforadores-vibro-lo-monocabezal\/\" \/>\n<meta property=\"og:locale\" content=\"es_ES\" \/>\n<meta property=\"og:type\" content=\"article\" \/>\n<meta property=\"og:title\" content=\"Martillos perforadores Vibro-Lo - Monocabezal - CS Unitec\" \/>\n<meta property=\"og:description\" content=\"Vibro-Lo\u2122 Martillo neum\u00e1tico de un cabezal dise\u00f1ado para romper incrustaciones gruesas, corrosi\u00f3n intensa y revestimientos industriales duros.\" \/>\n<meta property=\"og:url\" content=\"https:\/\/csunitec.com\/es\/producto\/martillos-perforadores-vibro-lo-monocabezal\/\" \/>\n<meta property=\"og:site_name\" content=\"CS Unitec\" \/>\n<meta property=\"og:image\" content=\"https:\/\/csunitec.com\/wp-content\/uploads\/2025\/01\/VL_Single-Head-Scaling-Hammer.png\" \/>\n\t<meta property=\"og:image:width\" content=\"1050\" \/>\n\t<meta property=\"og:image:height\" content=\"1050\" \/>\n\t<meta property=\"og:image:type\" content=\"image\/png\" \/>\n<meta name=\"twitter:card\" content=\"summary_large_image\" \/>\n<meta name=\"twitter:label1\" content=\"Tiempo de lectura\" \/>\n\t<meta name=\"twitter:data1\" content=\"1 minuto\" \/>\n<script type=\"application\/ld+json\" class=\"yoast-schema-graph\">{\"@context\":\"https:\\\/\\\/schema.org\",\"@graph\":[{\"@type\":\"WebPage\",\"@id\":\"https:\\\/\\\/csunitec.com\\\/es\\\/producto\\\/martillos-perforadores-vibro-lo-monocabezal\\\/\",\"url\":\"https:\\\/\\\/csunitec.com\\\/es\\\/producto\\\/martillos-perforadores-vibro-lo-monocabezal\\\/\",\"name\":\"Martillos perforadores Vibro-Lo - Monocabezal - CS Unitec\",\"isPartOf\":{\"@id\":\"https:\\\/\\\/csunitec.com\\\/es\\\/#website\"},\"primaryImageOfPage\":{\"@id\":\"https:\\\/\\\/csunitec.com\\\/es\\\/producto\\\/martillos-perforadores-vibro-lo-monocabezal\\\/#primaryimage\"},\"image\":{\"@id\":\"https:\\\/\\\/csunitec.com\\\/es\\\/producto\\\/martillos-perforadores-vibro-lo-monocabezal\\\/#primaryimage\"},\"thumbnailUrl\":\"https:\\\/\\\/csunitec.com\\\/wp-content\\\/uploads\\\/2025\\\/01\\\/VL_Single-Head-Scaling-Hammer.png\",\"datePublished\":\"2025-01-28T00:16:41+00:00\",\"description\":\"Vibro-Lo\u2122 Martillo neum\u00e1tico de un cabezal dise\u00f1ado para romper incrustaciones gruesas, corrosi\u00f3n intensa y revestimientos industriales duros.\",\"breadcrumb\":{\"@id\":\"https:\\\/\\\/csunitec.com\\\/es\\\/producto\\\/martillos-perforadores-vibro-lo-monocabezal\\\/#breadcrumb\"},\"inLanguage\":\"es\",\"potentialAction\":[{\"@type\":\"ReadAction\",\"target\":[\"https:\\\/\\\/csunitec.com\\\/es\\\/producto\\\/martillos-perforadores-vibro-lo-monocabezal\\\/\"]}]},{\"@type\":\"ImageObject\",\"inLanguage\":\"es\",\"@id\":\"https:\\\/\\\/csunitec.com\\\/es\\\/producto\\\/martillos-perforadores-vibro-lo-monocabezal\\\/#primaryimage\",\"url\":\"https:\\\/\\\/csunitec.com\\\/wp-content\\\/uploads\\\/2025\\\/01\\\/VL_Single-Head-Scaling-Hammer.png\",\"contentUrl\":\"https:\\\/\\\/csunitec.com\\\/wp-content\\\/uploads\\\/2025\\\/01\\\/VL_Single-Head-Scaling-Hammer.png\",\"width\":1050,\"height\":1050},{\"@type\":\"BreadcrumbList\",\"@id\":\"https:\\\/\\\/csunitec.com\\\/es\\\/producto\\\/martillos-perforadores-vibro-lo-monocabezal\\\/#breadcrumb\",\"itemListElement\":[{\"@type\":\"ListItem\",\"position\":1,\"name\":\"Inicio\",\"item\":\"https:\\\/\\\/csunitec.com\\\/es\\\/\"},{\"@type\":\"ListItem\",\"position\":2,\"name\":\"Tienda\",\"item\":\"https:\\\/\\\/csunitec.com\\\/es\\\/tienda\\\/\"},{\"@type\":\"ListItem\",\"position\":3,\"name\":\"Martillos perforadores Vibro-Lo &#8211; Monocabezal\"}]},{\"@type\":\"WebSite\",\"@id\":\"https:\\\/\\\/csunitec.com\\\/es\\\/#website\",\"url\":\"https:\\\/\\\/csunitec.com\\\/es\\\/\",\"name\":\"CS Unitec\",\"description\":\"\",\"potentialAction\":[{\"@type\":\"SearchAction\",\"target\":{\"@type\":\"EntryPoint\",\"urlTemplate\":\"https:\\\/\\\/csunitec.com\\\/es\\\/?s={search_term_string}\"},\"query-input\":{\"@type\":\"PropertyValueSpecification\",\"valueRequired\":true,\"valueName\":\"search_term_string\"}}],\"inLanguage\":\"es\"}]}<\/script>\n<!-- \/ Yoast SEO plugin. -->","yoast_head_json":{"title":"Martillos perforadores Vibro-Lo - Monocabezal - CS Unitec","description":"Vibro-Lo\u2122 Martillo neum\u00e1tico de un cabezal dise\u00f1ado para romper incrustaciones gruesas, corrosi\u00f3n intensa y revestimientos industriales duros.","robots":{"index":"index","follow":"follow","max-snippet":"max-snippet:-1","max-image-preview":"max-image-preview:large","max-video-preview":"max-video-preview:-1"},"canonical":"https:\/\/csunitec.com\/es\/producto\/martillos-perforadores-vibro-lo-monocabezal\/","og_locale":"es_ES","og_type":"article","og_title":"Martillos perforadores Vibro-Lo - Monocabezal - CS Unitec","og_description":"Vibro-Lo\u2122 Martillo neum\u00e1tico de un cabezal dise\u00f1ado para romper incrustaciones gruesas, corrosi\u00f3n intensa y revestimientos industriales duros.","og_url":"https:\/\/csunitec.com\/es\/producto\/martillos-perforadores-vibro-lo-monocabezal\/","og_site_name":"CS Unitec","og_image":[{"width":1050,"height":1050,"url":"https:\/\/csunitec.com\/wp-content\/uploads\/2025\/01\/VL_Single-Head-Scaling-Hammer.png","type":"image\/png"}],"twitter_card":"summary_large_image","twitter_misc":{"Tiempo de lectura":"1 minuto"},"schema":{"@context":"https:\/\/schema.org","@graph":[{"@type":"WebPage","@id":"https:\/\/csunitec.com\/es\/producto\/martillos-perforadores-vibro-lo-monocabezal\/","url":"https:\/\/csunitec.com\/es\/producto\/martillos-perforadores-vibro-lo-monocabezal\/","name":"Martillos perforadores Vibro-Lo - Monocabezal - CS Unitec","isPartOf":{"@id":"https:\/\/csunitec.com\/es\/#website"},"primaryImageOfPage":{"@id":"https:\/\/csunitec.com\/es\/producto\/martillos-perforadores-vibro-lo-monocabezal\/#primaryimage"},"image":{"@id":"https:\/\/csunitec.com\/es\/producto\/martillos-perforadores-vibro-lo-monocabezal\/#primaryimage"},"thumbnailUrl":"https:\/\/csunitec.com\/wp-content\/uploads\/2025\/01\/VL_Single-Head-Scaling-Hammer.png","datePublished":"2025-01-28T00:16:41+00:00","description":"Vibro-Lo\u2122 Martillo neum\u00e1tico de un cabezal dise\u00f1ado para romper incrustaciones gruesas, corrosi\u00f3n intensa y revestimientos industriales duros.","breadcrumb":{"@id":"https:\/\/csunitec.com\/es\/producto\/martillos-perforadores-vibro-lo-monocabezal\/#breadcrumb"},"inLanguage":"es","potentialAction":[{"@type":"ReadAction","target":["https:\/\/csunitec.com\/es\/producto\/martillos-perforadores-vibro-lo-monocabezal\/"]}]},{"@type":"ImageObject","inLanguage":"es","@id":"https:\/\/csunitec.com\/es\/producto\/martillos-perforadores-vibro-lo-monocabezal\/#primaryimage","url":"https:\/\/csunitec.com\/wp-content\/uploads\/2025\/01\/VL_Single-Head-Scaling-Hammer.png","contentUrl":"https:\/\/csunitec.com\/wp-content\/uploads\/2025\/01\/VL_Single-Head-Scaling-Hammer.png","width":1050,"height":1050},{"@type":"BreadcrumbList","@id":"https:\/\/csunitec.com\/es\/producto\/martillos-perforadores-vibro-lo-monocabezal\/#breadcrumb","itemListElement":[{"@type":"ListItem","position":1,"name":"Inicio","item":"https:\/\/csunitec.com\/es\/"},{"@type":"ListItem","position":2,"name":"Tienda","item":"https:\/\/csunitec.com\/es\/tienda\/"},{"@type":"ListItem","position":3,"name":"Martillos perforadores Vibro-Lo &#8211; Monocabezal"}]},{"@type":"WebSite","@id":"https:\/\/csunitec.com\/es\/#website","url":"https:\/\/csunitec.com\/es\/","name":"CS Unitec","description":"","potentialAction":[{"@type":"SearchAction","target":{"@type":"EntryPoint","urlTemplate":"https:\/\/csunitec.com\/es\/?s={search_term_string}"},"query-input":{"@type":"PropertyValueSpecification","valueRequired":true,"valueName":"search_term_string"}}],"inLanguage":"es"}]}},"_links":{"self":[{"href":"https:\/\/csunitec.com\/es\/wp-json\/wp\/v2\/product\/177231","targetHints":{"allow":["GET"]}}],"collection":[{"href":"https:\/\/csunitec.com\/es\/wp-json\/wp\/v2\/product"}],"about":[{"href":"https:\/\/csunitec.com\/es\/wp-json\/wp\/v2\/types\/product"}],"wp:featuredmedia":[{"embeddable":true,"href":"https:\/\/csunitec.com\/es\/wp-json\/wp\/v2\/media\/173544"}],"wp:attachment":[{"href":"https:\/\/csunitec.com\/es\/wp-json\/wp\/v2\/media?parent=177231"}],"wp:term":[{"taxonomy":"product_brand","embeddable":true,"href":"https:\/\/csunitec.com\/es\/wp-json\/wp\/v2\/product_brand?post=177231"},{"taxonomy":"product_cat","embeddable":true,"href":"https:\/\/csunitec.com\/es\/wp-json\/wp\/v2\/product_cat?post=177231"},{"taxonomy":"product_tag","embeddable":true,"href":"https:\/\/csunitec.com\/es\/wp-json\/wp\/v2\/product_tag?post=177231"},{"taxonomy":"accessory_type","embeddable":true,"href":"https:\/\/csunitec.com\/es\/wp-json\/wp\/v2\/accessory_type?post=177231"},{"taxonomy":"application","embeddable":true,"href":"https:\/\/csunitec.com\/es\/wp-json\/wp\/v2\/application?post=177231"},{"taxonomy":"hand_tool_type","embeddable":true,"href":"https:\/\/csunitec.com\/es\/wp-json\/wp\/v2\/hand_tool_type?post=177231"},{"taxonomy":"industry","embeddable":true,"href":"https:\/\/csunitec.com\/es\/wp-json\/wp\/v2\/industry?post=177231"},{"taxonomy":"material","embeddable":true,"href":"https:\/\/csunitec.com\/es\/wp-json\/wp\/v2\/material?post=177231"},{"taxonomy":"power_tool_type","embeddable":true,"href":"https:\/\/csunitec.com\/es\/wp-json\/wp\/v2\/power_tool_type?post=177231"},{"taxonomy":"power_type","embeddable":true,"href":"https:\/\/csunitec.com\/es\/wp-json\/wp\/v2\/power_type?post=177231"},{"taxonomy":"subcategory","embeddable":true,"href":"https:\/\/csunitec.com\/es\/wp-json\/wp\/v2\/subcategory?post=177231"},{"taxonomy":"tool_type","embeddable":true,"href":"https:\/\/csunitec.com\/es\/wp-json\/wp\/v2\/tool_type?post=177231"}],"curies":[{"name":"wp","href":"https:\/\/api.w.org\/{rel}","templated":true}]}}