{"id":177344,"date":"2025-01-02T19:01:33","date_gmt":"2025-01-02T19:01:33","guid":{"rendered":"https:\/\/stgcsunitec.wpenginepowered.com\/product\/martillo-desincrustador-de-mano-cabeza-triple\/"},"modified":"2025-01-02T19:01:33","modified_gmt":"2025-01-03T00:01:33","slug":"martillo-desincrustador-de-mano-cabeza-triple","status":"publish","type":"product","link":"https:\/\/csunitec.com\/es\/producto\/martillo-desincrustador-de-mano-cabeza-triple\/","title":{"rendered":"Martillo desincrustador de mano &#8211; Cabeza triple"},"content":{"rendered":"<ul>\n<li>El martillo neum\u00e1tico de mano de triple cabezal CS Unitec est\u00e1 dise\u00f1ado para la eliminaci\u00f3n agresiva de incrustaciones gruesas, corrosi\u00f3n intensa y revestimientos industriales duros.<\/li>\n<li>Elimina la corrosi\u00f3n, las incrustaciones y los revestimientos de las superficies curvas y cil\u00edndricas, incluidas las tuber\u00edas de proceso, los tubos ascendentes y las tuber\u00edas estructurales.<\/li>\n<li>Ideal para limpiar cubiertas de acero, mamparos, tapas de tanques y otras superficies marinas expuestas al agua salada y a condiciones duras.<\/li>\n<li>Perfecto para desincrustar y eliminar la corrosi\u00f3n en plataformas marinas, pasarelas, plataformas y acero estructural.<\/li>\n<li>Rompe el \u00f3xido, las incrustaciones y los revestimientos de vigas, viguetas y soportes de acero en entornos de transporte e ingenier\u00eda civil.<\/li>\n<\/ul>\n","protected":false},"excerpt":{"rendered":"<ul>\n<li>Tipos de asa: Larga y corta<\/li>\n<li>Niveles de vibraci\u00f3n: 13,4 m\/s2<\/li>\n<li>Golpes por minuto: 9000<\/li>\n<li>Consumo de aire: 11 CFM @ 90 PSI<\/li>\n<\/ul>\n","protected":false},"featured_media":15489,"template":"","meta":[],"product_brand":[],"product_cat":[1033],"product_tag":[1036,1057],"accessory_type":[],"application":[1035],"hand_tool_type":[],"industry":[933],"material":[],"power_tool_type":[1056],"power_type":[972],"subcategory":[1040],"tool_type":[946],"class_list":{"0":"post-177344","1":"product","2":"type-product","3":"status-publish","4":"has-post-thumbnail","6":"product_cat-preparacion-de-superficies","7":"product_tag-martillos-escaladores","8":"product_tag-escaladores-de-aire","9":"application-acabado-y-preparacion-de-superficies","10":"industry-metalurgia-2","11":"power_tool_type-escalador","12":"power_type-aire","13":"subcategory-escarificadores","14":"tool_type-herramienta-electrica","16":"first","17":"instock","18":"shipping-taxable","19":"purchasable","20":"product-type-variable"},"yoast_head":"<!-- This site is optimized with the Yoast SEO plugin v27.5 - https:\/\/yoast.com\/product\/yoast-seo-wordpress\/ -->\n<title>Martillo desincrustador de mano - Cabeza triple - CS Unitec<\/title>\n<meta name=\"description\" content=\"El martillo neum\u00e1tico de mano para desincrustar es una herramienta ideal para eliminar incrustaciones gruesas, corrosi\u00f3n intensa y revestimientos duros. Mango largo o corto opcional\" \/>\n<meta name=\"robots\" content=\"index, follow, max-snippet:-1, max-image-preview:large, max-video-preview:-1\" \/>\n<link rel=\"canonical\" href=\"https:\/\/csunitec.com\/es\/producto\/martillo-desincrustador-de-mano-cabeza-triple\/\" \/>\n<meta property=\"og:locale\" content=\"es_ES\" \/>\n<meta property=\"og:type\" content=\"article\" \/>\n<meta property=\"og:title\" content=\"Martillo desincrustador de mano - Cabeza triple - CS Unitec\" \/>\n<meta property=\"og:description\" content=\"El martillo neum\u00e1tico de mano para desincrustar es una herramienta ideal para eliminar incrustaciones gruesas, corrosi\u00f3n intensa y revestimientos duros. Mango largo o corto opcional\" \/>\n<meta property=\"og:url\" content=\"https:\/\/csunitec.com\/es\/producto\/martillo-desincrustador-de-mano-cabeza-triple\/\" \/>\n<meta property=\"og:site_name\" content=\"CS Unitec\" \/>\n<meta property=\"article:modified_time\" content=\"2025-01-03T00:01:33+00:00\" \/>\n<meta property=\"og:image\" content=\"https:\/\/csunitec.com\/wp-content\/uploads\/2025\/03\/Triple-Head-Air-Scaler-1-2.png\" \/>\n\t<meta property=\"og:image:width\" content=\"1000\" \/>\n\t<meta property=\"og:image:height\" content=\"1000\" \/>\n\t<meta property=\"og:image:type\" content=\"image\/png\" \/>\n<meta name=\"twitter:card\" content=\"summary_large_image\" \/>\n<meta name=\"twitter:label1\" content=\"Tiempo de lectura\" \/>\n\t<meta name=\"twitter:data1\" content=\"1 minuto\" \/>\n<script type=\"application\/ld+json\" class=\"yoast-schema-graph\">{\"@context\":\"https:\\\/\\\/schema.org\",\"@graph\":[{\"@type\":\"WebPage\",\"@id\":\"https:\\\/\\\/csunitec.com\\\/es\\\/producto\\\/martillo-desincrustador-de-mano-cabeza-triple\\\/\",\"url\":\"https:\\\/\\\/csunitec.com\\\/es\\\/producto\\\/martillo-desincrustador-de-mano-cabeza-triple\\\/\",\"name\":\"Martillo desincrustador de mano - Cabeza triple - CS Unitec\",\"isPartOf\":{\"@id\":\"https:\\\/\\\/csunitec.com\\\/es\\\/#website\"},\"primaryImageOfPage\":{\"@id\":\"https:\\\/\\\/csunitec.com\\\/es\\\/producto\\\/martillo-desincrustador-de-mano-cabeza-triple\\\/#primaryimage\"},\"image\":{\"@id\":\"https:\\\/\\\/csunitec.com\\\/es\\\/producto\\\/martillo-desincrustador-de-mano-cabeza-triple\\\/#primaryimage\"},\"thumbnailUrl\":\"https:\\\/\\\/csunitec.com\\\/wp-content\\\/uploads\\\/2025\\\/03\\\/Triple-Head-Air-Scaler-1-2.png\",\"datePublished\":\"2025-01-02T19:01:33+00:00\",\"dateModified\":\"2025-01-03T00:01:33+00:00\",\"description\":\"El martillo neum\u00e1tico de mano para desincrustar es una herramienta ideal para eliminar incrustaciones gruesas, corrosi\u00f3n intensa y revestimientos duros. Mango largo o corto opcional\",\"breadcrumb\":{\"@id\":\"https:\\\/\\\/csunitec.com\\\/es\\\/producto\\\/martillo-desincrustador-de-mano-cabeza-triple\\\/#breadcrumb\"},\"inLanguage\":\"es\",\"potentialAction\":[{\"@type\":\"ReadAction\",\"target\":[\"https:\\\/\\\/csunitec.com\\\/es\\\/producto\\\/martillo-desincrustador-de-mano-cabeza-triple\\\/\"]}]},{\"@type\":\"ImageObject\",\"inLanguage\":\"es\",\"@id\":\"https:\\\/\\\/csunitec.com\\\/es\\\/producto\\\/martillo-desincrustador-de-mano-cabeza-triple\\\/#primaryimage\",\"url\":\"https:\\\/\\\/csunitec.com\\\/wp-content\\\/uploads\\\/2025\\\/03\\\/Triple-Head-Air-Scaler-1-2.png\",\"contentUrl\":\"https:\\\/\\\/csunitec.com\\\/wp-content\\\/uploads\\\/2025\\\/03\\\/Triple-Head-Air-Scaler-1-2.png\",\"width\":1000,\"height\":1000},{\"@type\":\"BreadcrumbList\",\"@id\":\"https:\\\/\\\/csunitec.com\\\/es\\\/producto\\\/martillo-desincrustador-de-mano-cabeza-triple\\\/#breadcrumb\",\"itemListElement\":[{\"@type\":\"ListItem\",\"position\":1,\"name\":\"Inicio\",\"item\":\"https:\\\/\\\/csunitec.com\\\/es\\\/\"},{\"@type\":\"ListItem\",\"position\":2,\"name\":\"Tienda\",\"item\":\"https:\\\/\\\/csunitec.com\\\/es\\\/tienda\\\/\"},{\"@type\":\"ListItem\",\"position\":3,\"name\":\"Martillo desincrustador de mano &#8211; Cabeza triple\"}]},{\"@type\":\"WebSite\",\"@id\":\"https:\\\/\\\/csunitec.com\\\/es\\\/#website\",\"url\":\"https:\\\/\\\/csunitec.com\\\/es\\\/\",\"name\":\"CS Unitec\",\"description\":\"\",\"potentialAction\":[{\"@type\":\"SearchAction\",\"target\":{\"@type\":\"EntryPoint\",\"urlTemplate\":\"https:\\\/\\\/csunitec.com\\\/es\\\/?s={search_term_string}\"},\"query-input\":{\"@type\":\"PropertyValueSpecification\",\"valueRequired\":true,\"valueName\":\"search_term_string\"}}],\"inLanguage\":\"es\"}]}<\/script>\n<!-- \/ Yoast SEO plugin. -->","yoast_head_json":{"title":"Martillo desincrustador de mano - Cabeza triple - CS Unitec","description":"El martillo neum\u00e1tico de mano para desincrustar es una herramienta ideal para eliminar incrustaciones gruesas, corrosi\u00f3n intensa y revestimientos duros. Mango largo o corto opcional","robots":{"index":"index","follow":"follow","max-snippet":"max-snippet:-1","max-image-preview":"max-image-preview:large","max-video-preview":"max-video-preview:-1"},"canonical":"https:\/\/csunitec.com\/es\/producto\/martillo-desincrustador-de-mano-cabeza-triple\/","og_locale":"es_ES","og_type":"article","og_title":"Martillo desincrustador de mano - Cabeza triple - CS Unitec","og_description":"El martillo neum\u00e1tico de mano para desincrustar es una herramienta ideal para eliminar incrustaciones gruesas, corrosi\u00f3n intensa y revestimientos duros. Mango largo o corto opcional","og_url":"https:\/\/csunitec.com\/es\/producto\/martillo-desincrustador-de-mano-cabeza-triple\/","og_site_name":"CS Unitec","article_modified_time":"2025-01-03T00:01:33+00:00","og_image":[{"width":1000,"height":1000,"url":"https:\/\/csunitec.com\/wp-content\/uploads\/2025\/03\/Triple-Head-Air-Scaler-1-2.png","type":"image\/png"}],"twitter_card":"summary_large_image","twitter_misc":{"Tiempo de lectura":"1 minuto"},"schema":{"@context":"https:\/\/schema.org","@graph":[{"@type":"WebPage","@id":"https:\/\/csunitec.com\/es\/producto\/martillo-desincrustador-de-mano-cabeza-triple\/","url":"https:\/\/csunitec.com\/es\/producto\/martillo-desincrustador-de-mano-cabeza-triple\/","name":"Martillo desincrustador de mano - Cabeza triple - CS Unitec","isPartOf":{"@id":"https:\/\/csunitec.com\/es\/#website"},"primaryImageOfPage":{"@id":"https:\/\/csunitec.com\/es\/producto\/martillo-desincrustador-de-mano-cabeza-triple\/#primaryimage"},"image":{"@id":"https:\/\/csunitec.com\/es\/producto\/martillo-desincrustador-de-mano-cabeza-triple\/#primaryimage"},"thumbnailUrl":"https:\/\/csunitec.com\/wp-content\/uploads\/2025\/03\/Triple-Head-Air-Scaler-1-2.png","datePublished":"2025-01-02T19:01:33+00:00","dateModified":"2025-01-03T00:01:33+00:00","description":"El martillo neum\u00e1tico de mano para desincrustar es una herramienta ideal para eliminar incrustaciones gruesas, corrosi\u00f3n intensa y revestimientos duros. Mango largo o corto opcional","breadcrumb":{"@id":"https:\/\/csunitec.com\/es\/producto\/martillo-desincrustador-de-mano-cabeza-triple\/#breadcrumb"},"inLanguage":"es","potentialAction":[{"@type":"ReadAction","target":["https:\/\/csunitec.com\/es\/producto\/martillo-desincrustador-de-mano-cabeza-triple\/"]}]},{"@type":"ImageObject","inLanguage":"es","@id":"https:\/\/csunitec.com\/es\/producto\/martillo-desincrustador-de-mano-cabeza-triple\/#primaryimage","url":"https:\/\/csunitec.com\/wp-content\/uploads\/2025\/03\/Triple-Head-Air-Scaler-1-2.png","contentUrl":"https:\/\/csunitec.com\/wp-content\/uploads\/2025\/03\/Triple-Head-Air-Scaler-1-2.png","width":1000,"height":1000},{"@type":"BreadcrumbList","@id":"https:\/\/csunitec.com\/es\/producto\/martillo-desincrustador-de-mano-cabeza-triple\/#breadcrumb","itemListElement":[{"@type":"ListItem","position":1,"name":"Inicio","item":"https:\/\/csunitec.com\/es\/"},{"@type":"ListItem","position":2,"name":"Tienda","item":"https:\/\/csunitec.com\/es\/tienda\/"},{"@type":"ListItem","position":3,"name":"Martillo desincrustador de mano &#8211; Cabeza triple"}]},{"@type":"WebSite","@id":"https:\/\/csunitec.com\/es\/#website","url":"https:\/\/csunitec.com\/es\/","name":"CS Unitec","description":"","potentialAction":[{"@type":"SearchAction","target":{"@type":"EntryPoint","urlTemplate":"https:\/\/csunitec.com\/es\/?s={search_term_string}"},"query-input":{"@type":"PropertyValueSpecification","valueRequired":true,"valueName":"search_term_string"}}],"inLanguage":"es"}]}},"_links":{"self":[{"href":"https:\/\/csunitec.com\/es\/wp-json\/wp\/v2\/product\/177344","targetHints":{"allow":["GET"]}}],"collection":[{"href":"https:\/\/csunitec.com\/es\/wp-json\/wp\/v2\/product"}],"about":[{"href":"https:\/\/csunitec.com\/es\/wp-json\/wp\/v2\/types\/product"}],"wp:featuredmedia":[{"embeddable":true,"href":"https:\/\/csunitec.com\/es\/wp-json\/wp\/v2\/media\/15489"}],"wp:attachment":[{"href":"https:\/\/csunitec.com\/es\/wp-json\/wp\/v2\/media?parent=177344"}],"wp:term":[{"taxonomy":"product_brand","embeddable":true,"href":"https:\/\/csunitec.com\/es\/wp-json\/wp\/v2\/product_brand?post=177344"},{"taxonomy":"product_cat","embeddable":true,"href":"https:\/\/csunitec.com\/es\/wp-json\/wp\/v2\/product_cat?post=177344"},{"taxonomy":"product_tag","embeddable":true,"href":"https:\/\/csunitec.com\/es\/wp-json\/wp\/v2\/product_tag?post=177344"},{"taxonomy":"accessory_type","embeddable":true,"href":"https:\/\/csunitec.com\/es\/wp-json\/wp\/v2\/accessory_type?post=177344"},{"taxonomy":"application","embeddable":true,"href":"https:\/\/csunitec.com\/es\/wp-json\/wp\/v2\/application?post=177344"},{"taxonomy":"hand_tool_type","embeddable":true,"href":"https:\/\/csunitec.com\/es\/wp-json\/wp\/v2\/hand_tool_type?post=177344"},{"taxonomy":"industry","embeddable":true,"href":"https:\/\/csunitec.com\/es\/wp-json\/wp\/v2\/industry?post=177344"},{"taxonomy":"material","embeddable":true,"href":"https:\/\/csunitec.com\/es\/wp-json\/wp\/v2\/material?post=177344"},{"taxonomy":"power_tool_type","embeddable":true,"href":"https:\/\/csunitec.com\/es\/wp-json\/wp\/v2\/power_tool_type?post=177344"},{"taxonomy":"power_type","embeddable":true,"href":"https:\/\/csunitec.com\/es\/wp-json\/wp\/v2\/power_type?post=177344"},{"taxonomy":"subcategory","embeddable":true,"href":"https:\/\/csunitec.com\/es\/wp-json\/wp\/v2\/subcategory?post=177344"},{"taxonomy":"tool_type","embeddable":true,"href":"https:\/\/csunitec.com\/es\/wp-json\/wp\/v2\/tool_type?post=177344"}],"curies":[{"name":"wp","href":"https:\/\/api.w.org\/{rel}","templated":true}]}}