{"id":177351,"date":"2025-01-02T15:10:06","date_gmt":"2025-01-02T15:10:06","guid":{"rendered":"https:\/\/stgcsunitec.wpenginepowered.com\/product\/taladros-mezcladores-neumaticos\/"},"modified":"2026-04-30T01:59:22","modified_gmt":"2026-04-30T05:59:22","slug":"taladros-mezcladores-neumaticos","status":"publish","type":"product","link":"https:\/\/csunitec.com\/es\/producto\/taladros-mezcladores-neumaticos\/","title":{"rendered":"Taladros mezcladores neum\u00e1ticos"},"content":{"rendered":"<ul>\n<li>Taladros mezcladores de accionamiento neum\u00e1tico de uso inherentemente m\u00e1s seguro en astilleros, as\u00ed como en las industrias del petr\u00f3leo y el gas<\/li>\n<li>Mezcla pintura, cola, epoxi, mortero, hormig\u00f3n, cemento refractario y otros materiales<\/li>\n<li>Se puede utilizar cerca del agua sin miedo a descargas o a que se fundan los circuitos<\/li>\n<\/ul>\n","protected":false},"excerpt":{"rendered":"<ul>\n<li>Cinco modelos neum\u00e1ticos<\/li>\n<li>Uso intr\u00ednsecamente m\u00e1s seguro en astilleros, as\u00ed como en las industrias del petr\u00f3leo y el gas<\/li>\n<li>Mezcla pintura, cola, epoxi, mortero, hormig\u00f3n, cemento refractario y otros materiales<\/li>\n<li><a style=\"text-decoration: none;\" href=\"https:\/\/csunitec.com\/es\/herramientas-electricas-atex\/\" target=\"_blank\" rel=\"noopener noreferrer\"><img decoding=\"async\" style=\"height: 1em; vertical-align: middle; margin-right: 6px;\" src=\"https:\/\/csunitec.com\/wp-content\/uploads\/2026\/03\/ATEX-Logo-yellow.png\" alt=\"Logotipo ATEX\" loading=\"lazy\">Modelos disponibles con certificaci\u00f3n ATEX<\/a><\/li>\n<\/ul>\n","protected":false},"featured_media":177353,"template":"","meta":[],"product_brand":[],"product_cat":[1048,1059],"product_tag":[1060],"accessory_type":[],"application":[930],"hand_tool_type":[],"industry":[933],"material":[],"power_tool_type":[1058],"power_type":[972],"subcategory":[1061,1112],"tool_type":[946],"class_list":{"0":"post-177351","1":"product","2":"type-product","3":"status-publish","4":"has-post-thumbnail","6":"product_cat-herramientas-de-seguridad","7":"product_cat-taladros-y-estaciones-de-mezclado","8":"product_tag-mezcla-de-aire","9":"application-perforacion-y-fijacion-2","10":"industry-metalurgia-2","11":"power_tool_type-taladro-mezclador","12":"power_type-aire","13":"subcategory-taladros-mezcladores","14":"subcategory-herramientas-de-seguridad","15":"tool_type-herramienta-electrica","17":"first","18":"instock","19":"shipping-taxable","20":"purchasable","21":"product-type-variable"},"yoast_head":"<!-- This site is optimized with the Yoast SEO plugin v27.5 - https:\/\/yoast.com\/product\/yoast-seo-wordpress\/ -->\n<title>Taladros mezcladores neum\u00e1ticos - CS Unitec<\/title>\n<meta name=\"description\" content=\"Taladros mezcladores neum\u00e1ticos ideales para entornos peligrosos. Uso intr\u00ednsecamente m\u00e1s seguro en astilleros, as\u00ed como en las industrias del petr\u00f3leo y el gas.\" \/>\n<meta name=\"robots\" content=\"index, follow, max-snippet:-1, max-image-preview:large, max-video-preview:-1\" \/>\n<link rel=\"canonical\" href=\"https:\/\/csunitec.com\/es\/producto\/taladros-mezcladores-neumaticos\/\" \/>\n<meta property=\"og:locale\" content=\"es_ES\" \/>\n<meta property=\"og:type\" content=\"article\" \/>\n<meta property=\"og:title\" content=\"Taladros mezcladores neum\u00e1ticos - CS Unitec\" \/>\n<meta property=\"og:description\" content=\"Taladros mezcladores neum\u00e1ticos ideales para entornos peligrosos. Uso intr\u00ednsecamente m\u00e1s seguro en astilleros, as\u00ed como en las industrias del petr\u00f3leo y el gas.\" \/>\n<meta property=\"og:url\" content=\"https:\/\/csunitec.com\/es\/producto\/taladros-mezcladores-neumaticos\/\" \/>\n<meta property=\"og:site_name\" content=\"CS Unitec\" \/>\n<meta property=\"article:modified_time\" content=\"2026-04-30T05:59:22+00:00\" \/>\n<meta property=\"og:image\" content=\"https:\/\/csunitec.com\/wp-content\/uploads\/2025\/03\/Air-Mixing-Drill-1-2.png\" \/>\n\t<meta property=\"og:image:width\" content=\"1000\" \/>\n\t<meta property=\"og:image:height\" content=\"1000\" \/>\n\t<meta property=\"og:image:type\" content=\"image\/png\" \/>\n<meta name=\"twitter:card\" content=\"summary_large_image\" \/>\n<script type=\"application\/ld+json\" class=\"yoast-schema-graph\">{\"@context\":\"https:\\\/\\\/schema.org\",\"@graph\":[{\"@type\":\"WebPage\",\"@id\":\"https:\\\/\\\/csunitec.com\\\/es\\\/producto\\\/taladros-mezcladores-neumaticos\\\/\",\"url\":\"https:\\\/\\\/csunitec.com\\\/es\\\/producto\\\/taladros-mezcladores-neumaticos\\\/\",\"name\":\"Taladros mezcladores neum\u00e1ticos - CS Unitec\",\"isPartOf\":{\"@id\":\"https:\\\/\\\/csunitec.com\\\/es\\\/#website\"},\"primaryImageOfPage\":{\"@id\":\"https:\\\/\\\/csunitec.com\\\/es\\\/producto\\\/taladros-mezcladores-neumaticos\\\/#primaryimage\"},\"image\":{\"@id\":\"https:\\\/\\\/csunitec.com\\\/es\\\/producto\\\/taladros-mezcladores-neumaticos\\\/#primaryimage\"},\"thumbnailUrl\":\"https:\\\/\\\/csunitec.com\\\/wp-content\\\/uploads\\\/2025\\\/03\\\/Air-Mixing-Drill-1-2.png\",\"datePublished\":\"2025-01-02T15:10:06+00:00\",\"dateModified\":\"2026-04-30T05:59:22+00:00\",\"description\":\"Taladros mezcladores neum\u00e1ticos ideales para entornos peligrosos. Uso intr\u00ednsecamente m\u00e1s seguro en astilleros, as\u00ed como en las industrias del petr\u00f3leo y el gas.\",\"breadcrumb\":{\"@id\":\"https:\\\/\\\/csunitec.com\\\/es\\\/producto\\\/taladros-mezcladores-neumaticos\\\/#breadcrumb\"},\"inLanguage\":\"es\",\"potentialAction\":[{\"@type\":\"ReadAction\",\"target\":[\"https:\\\/\\\/csunitec.com\\\/es\\\/producto\\\/taladros-mezcladores-neumaticos\\\/\"]}]},{\"@type\":\"ImageObject\",\"inLanguage\":\"es\",\"@id\":\"https:\\\/\\\/csunitec.com\\\/es\\\/producto\\\/taladros-mezcladores-neumaticos\\\/#primaryimage\",\"url\":\"https:\\\/\\\/csunitec.com\\\/wp-content\\\/uploads\\\/2025\\\/03\\\/Air-Mixing-Drill-1-2.png\",\"contentUrl\":\"https:\\\/\\\/csunitec.com\\\/wp-content\\\/uploads\\\/2025\\\/03\\\/Air-Mixing-Drill-1-2.png\",\"width\":1000,\"height\":1000},{\"@type\":\"BreadcrumbList\",\"@id\":\"https:\\\/\\\/csunitec.com\\\/es\\\/producto\\\/taladros-mezcladores-neumaticos\\\/#breadcrumb\",\"itemListElement\":[{\"@type\":\"ListItem\",\"position\":1,\"name\":\"Inicio\",\"item\":\"https:\\\/\\\/csunitec.com\\\/es\\\/\"},{\"@type\":\"ListItem\",\"position\":2,\"name\":\"Tienda\",\"item\":\"https:\\\/\\\/csunitec.com\\\/es\\\/tienda\\\/\"},{\"@type\":\"ListItem\",\"position\":3,\"name\":\"Taladros mezcladores neum\u00e1ticos\"}]},{\"@type\":\"WebSite\",\"@id\":\"https:\\\/\\\/csunitec.com\\\/es\\\/#website\",\"url\":\"https:\\\/\\\/csunitec.com\\\/es\\\/\",\"name\":\"CS Unitec\",\"description\":\"\",\"potentialAction\":[{\"@type\":\"SearchAction\",\"target\":{\"@type\":\"EntryPoint\",\"urlTemplate\":\"https:\\\/\\\/csunitec.com\\\/es\\\/?s={search_term_string}\"},\"query-input\":{\"@type\":\"PropertyValueSpecification\",\"valueRequired\":true,\"valueName\":\"search_term_string\"}}],\"inLanguage\":\"es\"}]}<\/script>\n<!-- \/ Yoast SEO plugin. -->","yoast_head_json":{"title":"Taladros mezcladores neum\u00e1ticos - CS Unitec","description":"Taladros mezcladores neum\u00e1ticos ideales para entornos peligrosos. Uso intr\u00ednsecamente m\u00e1s seguro en astilleros, as\u00ed como en las industrias del petr\u00f3leo y el gas.","robots":{"index":"index","follow":"follow","max-snippet":"max-snippet:-1","max-image-preview":"max-image-preview:large","max-video-preview":"max-video-preview:-1"},"canonical":"https:\/\/csunitec.com\/es\/producto\/taladros-mezcladores-neumaticos\/","og_locale":"es_ES","og_type":"article","og_title":"Taladros mezcladores neum\u00e1ticos - CS Unitec","og_description":"Taladros mezcladores neum\u00e1ticos ideales para entornos peligrosos. Uso intr\u00ednsecamente m\u00e1s seguro en astilleros, as\u00ed como en las industrias del petr\u00f3leo y el gas.","og_url":"https:\/\/csunitec.com\/es\/producto\/taladros-mezcladores-neumaticos\/","og_site_name":"CS Unitec","article_modified_time":"2026-04-30T05:59:22+00:00","og_image":[{"width":1000,"height":1000,"url":"https:\/\/csunitec.com\/wp-content\/uploads\/2025\/03\/Air-Mixing-Drill-1-2.png","type":"image\/png"}],"twitter_card":"summary_large_image","schema":{"@context":"https:\/\/schema.org","@graph":[{"@type":"WebPage","@id":"https:\/\/csunitec.com\/es\/producto\/taladros-mezcladores-neumaticos\/","url":"https:\/\/csunitec.com\/es\/producto\/taladros-mezcladores-neumaticos\/","name":"Taladros mezcladores neum\u00e1ticos - CS Unitec","isPartOf":{"@id":"https:\/\/csunitec.com\/es\/#website"},"primaryImageOfPage":{"@id":"https:\/\/csunitec.com\/es\/producto\/taladros-mezcladores-neumaticos\/#primaryimage"},"image":{"@id":"https:\/\/csunitec.com\/es\/producto\/taladros-mezcladores-neumaticos\/#primaryimage"},"thumbnailUrl":"https:\/\/csunitec.com\/wp-content\/uploads\/2025\/03\/Air-Mixing-Drill-1-2.png","datePublished":"2025-01-02T15:10:06+00:00","dateModified":"2026-04-30T05:59:22+00:00","description":"Taladros mezcladores neum\u00e1ticos ideales para entornos peligrosos. Uso intr\u00ednsecamente m\u00e1s seguro en astilleros, as\u00ed como en las industrias del petr\u00f3leo y el gas.","breadcrumb":{"@id":"https:\/\/csunitec.com\/es\/producto\/taladros-mezcladores-neumaticos\/#breadcrumb"},"inLanguage":"es","potentialAction":[{"@type":"ReadAction","target":["https:\/\/csunitec.com\/es\/producto\/taladros-mezcladores-neumaticos\/"]}]},{"@type":"ImageObject","inLanguage":"es","@id":"https:\/\/csunitec.com\/es\/producto\/taladros-mezcladores-neumaticos\/#primaryimage","url":"https:\/\/csunitec.com\/wp-content\/uploads\/2025\/03\/Air-Mixing-Drill-1-2.png","contentUrl":"https:\/\/csunitec.com\/wp-content\/uploads\/2025\/03\/Air-Mixing-Drill-1-2.png","width":1000,"height":1000},{"@type":"BreadcrumbList","@id":"https:\/\/csunitec.com\/es\/producto\/taladros-mezcladores-neumaticos\/#breadcrumb","itemListElement":[{"@type":"ListItem","position":1,"name":"Inicio","item":"https:\/\/csunitec.com\/es\/"},{"@type":"ListItem","position":2,"name":"Tienda","item":"https:\/\/csunitec.com\/es\/tienda\/"},{"@type":"ListItem","position":3,"name":"Taladros mezcladores neum\u00e1ticos"}]},{"@type":"WebSite","@id":"https:\/\/csunitec.com\/es\/#website","url":"https:\/\/csunitec.com\/es\/","name":"CS Unitec","description":"","potentialAction":[{"@type":"SearchAction","target":{"@type":"EntryPoint","urlTemplate":"https:\/\/csunitec.com\/es\/?s={search_term_string}"},"query-input":{"@type":"PropertyValueSpecification","valueRequired":true,"valueName":"search_term_string"}}],"inLanguage":"es"}]}},"_links":{"self":[{"href":"https:\/\/csunitec.com\/es\/wp-json\/wp\/v2\/product\/177351","targetHints":{"allow":["GET"]}}],"collection":[{"href":"https:\/\/csunitec.com\/es\/wp-json\/wp\/v2\/product"}],"about":[{"href":"https:\/\/csunitec.com\/es\/wp-json\/wp\/v2\/types\/product"}],"wp:featuredmedia":[{"embeddable":true,"href":"https:\/\/csunitec.com\/es\/wp-json\/wp\/v2\/media\/177353"}],"wp:attachment":[{"href":"https:\/\/csunitec.com\/es\/wp-json\/wp\/v2\/media?parent=177351"}],"wp:term":[{"taxonomy":"product_brand","embeddable":true,"href":"https:\/\/csunitec.com\/es\/wp-json\/wp\/v2\/product_brand?post=177351"},{"taxonomy":"product_cat","embeddable":true,"href":"https:\/\/csunitec.com\/es\/wp-json\/wp\/v2\/product_cat?post=177351"},{"taxonomy":"product_tag","embeddable":true,"href":"https:\/\/csunitec.com\/es\/wp-json\/wp\/v2\/product_tag?post=177351"},{"taxonomy":"accessory_type","embeddable":true,"href":"https:\/\/csunitec.com\/es\/wp-json\/wp\/v2\/accessory_type?post=177351"},{"taxonomy":"application","embeddable":true,"href":"https:\/\/csunitec.com\/es\/wp-json\/wp\/v2\/application?post=177351"},{"taxonomy":"hand_tool_type","embeddable":true,"href":"https:\/\/csunitec.com\/es\/wp-json\/wp\/v2\/hand_tool_type?post=177351"},{"taxonomy":"industry","embeddable":true,"href":"https:\/\/csunitec.com\/es\/wp-json\/wp\/v2\/industry?post=177351"},{"taxonomy":"material","embeddable":true,"href":"https:\/\/csunitec.com\/es\/wp-json\/wp\/v2\/material?post=177351"},{"taxonomy":"power_tool_type","embeddable":true,"href":"https:\/\/csunitec.com\/es\/wp-json\/wp\/v2\/power_tool_type?post=177351"},{"taxonomy":"power_type","embeddable":true,"href":"https:\/\/csunitec.com\/es\/wp-json\/wp\/v2\/power_type?post=177351"},{"taxonomy":"subcategory","embeddable":true,"href":"https:\/\/csunitec.com\/es\/wp-json\/wp\/v2\/subcategory?post=177351"},{"taxonomy":"tool_type","embeddable":true,"href":"https:\/\/csunitec.com\/es\/wp-json\/wp\/v2\/tool_type?post=177351"}],"curies":[{"name":"wp","href":"https:\/\/api.w.org\/{rel}","templated":true}]}}