{"id":177379,"date":"2024-12-09T23:12:00","date_gmt":"2024-12-09T23:12:00","guid":{"rendered":"https:\/\/stgcsunitec.wpenginepowered.com\/product\/accesorios-para-scabblers-manuales\/"},"modified":"2024-12-09T23:12:00","modified_gmt":"2024-12-10T04:12:00","slug":"accesorios-para-scabblers-manuales","status":"publish","type":"product","link":"https:\/\/csunitec.com\/es\/producto\/accesorios-para-scabblers-manuales\/","title":{"rendered":"Accesorios para Scabblers manuales"},"content":{"rendered":"<ul>\n<li>Los accesorios de los rascadores manuales est\u00e1n dise\u00f1ados para eliminar el hormig\u00f3n de forma agresiva, por lo que son ideales para rascar, desbastar y perfilar superficies de hormig\u00f3n antes de realizar trabajos de revestimiento, recubrimiento o reparaci\u00f3n.<\/li>\n<li>Se utiliza para eliminar la lechada, la cascarilla y las capas superficiales d\u00e9biles para dejar al descubierto un sustrato limpio y duradero, listo para el pegado.<\/li>\n<li>Los accesorios para desbastadores manuales proporcionan una preparaci\u00f3n eficaz de la superficie en zonas confinadas o de dif\u00edcil acceso. Util\u00edzalos en esquinas, bordes, escalones y alrededor de refuerzos empotrados. <\/li>\n<li>El pist\u00f3n cruciforme es adecuado para el clavado profundo y la eliminaci\u00f3n controlada de material al preparar hormig\u00f3n para reparaciones estructurales o parches.<\/li>\n<li>El pist\u00f3n de casquillo es ideal para producir un perfil de superficie texturado y uniforme para revestimientos, sistemas de impermeabilizaci\u00f3n y aplicaciones de repavimentaci\u00f3n.<\/li>\n<\/ul>\n","protected":false},"excerpt":{"rendered":"<ul>\n<li>Nivelaci\u00f3n de juntas de hormig\u00f3n y bloques<\/li>\n<li>Texturizar, desbastar y rebajar hormig\u00f3n<\/li>\n<li>Preparaci\u00f3n para revestimientos y compuestos impermeabilizantes<\/li>\n<\/ul>\n","protected":false},"featured_media":168578,"template":"","meta":[],"product_brand":[],"product_cat":[1033],"product_tag":[1068,1069],"accessory_type":[927],"application":[1067],"hand_tool_type":[],"industry":[931],"material":[],"power_tool_type":[],"power_type":[],"subcategory":[1070],"tool_type":[943],"class_list":{"0":"post-177379","1":"product","2":"type-product","3":"status-publish","4":"has-post-thumbnail","6":"product_cat-preparacion-de-superficies","7":"product_tag-accesorios-para-el-scabbler-manual","8":"product_tag-accesorios-scabbler","9":"accessory_type-accesorio","10":"application-corte-y-demolicion","11":"industry-hormigon-y-mamposteria","12":"subcategory-escarificadoras-de-hormigon","13":"tool_type-accesorio","15":"first","16":"instock","17":"shipping-taxable","18":"purchasable","19":"product-type-variable"},"yoast_head":"<!-- This site is optimized with the Yoast SEO plugin v27.5 - https:\/\/yoast.com\/product\/yoast-seo-wordpress\/ -->\n<title>Accesorios para Scabblers manuales - CS Unitec<\/title>\n<meta name=\"description\" content=\"Los accesorios para desbastadores manuales est\u00e1n dise\u00f1ados para eliminar hormig\u00f3n de forma agresiva, por lo que son ideales para desbastar superficies de hormig\u00f3n.\" \/>\n<meta name=\"robots\" content=\"index, follow, max-snippet:-1, max-image-preview:large, max-video-preview:-1\" \/>\n<link rel=\"canonical\" href=\"https:\/\/csunitec.com\/es\/producto\/accesorios-para-scabblers-manuales\/\" \/>\n<meta property=\"og:locale\" content=\"es_ES\" \/>\n<meta property=\"og:type\" content=\"article\" \/>\n<meta property=\"og:title\" content=\"Accesorios para Scabblers manuales - CS Unitec\" \/>\n<meta property=\"og:description\" content=\"Los accesorios para desbastadores manuales est\u00e1n dise\u00f1ados para eliminar hormig\u00f3n de forma agresiva, por lo que son ideales para desbastar superficies de hormig\u00f3n.\" \/>\n<meta property=\"og:url\" content=\"https:\/\/csunitec.com\/es\/producto\/accesorios-para-scabblers-manuales\/\" \/>\n<meta property=\"og:site_name\" content=\"CS Unitec\" \/>\n<meta property=\"article:modified_time\" content=\"2024-12-10T04:12:00+00:00\" \/>\n<meta property=\"og:image\" content=\"https:\/\/csunitec.com\/wp-content\/uploads\/2025\/04\/TCT-Cruciform-Head-Piston-3-2-1.png\" \/>\n\t<meta property=\"og:image:width\" content=\"1000\" \/>\n\t<meta property=\"og:image:height\" content=\"1000\" \/>\n\t<meta property=\"og:image:type\" content=\"image\/png\" \/>\n<meta name=\"twitter:card\" content=\"summary_large_image\" \/>\n<meta name=\"twitter:label1\" content=\"Tiempo de lectura\" \/>\n\t<meta name=\"twitter:data1\" content=\"1 minuto\" \/>\n<script type=\"application\/ld+json\" class=\"yoast-schema-graph\">{\"@context\":\"https:\\\/\\\/schema.org\",\"@graph\":[{\"@type\":\"WebPage\",\"@id\":\"https:\\\/\\\/csunitec.com\\\/es\\\/producto\\\/accesorios-para-scabblers-manuales\\\/\",\"url\":\"https:\\\/\\\/csunitec.com\\\/es\\\/producto\\\/accesorios-para-scabblers-manuales\\\/\",\"name\":\"Accesorios para Scabblers manuales - CS Unitec\",\"isPartOf\":{\"@id\":\"https:\\\/\\\/csunitec.com\\\/es\\\/#website\"},\"primaryImageOfPage\":{\"@id\":\"https:\\\/\\\/csunitec.com\\\/es\\\/producto\\\/accesorios-para-scabblers-manuales\\\/#primaryimage\"},\"image\":{\"@id\":\"https:\\\/\\\/csunitec.com\\\/es\\\/producto\\\/accesorios-para-scabblers-manuales\\\/#primaryimage\"},\"thumbnailUrl\":\"https:\\\/\\\/csunitec.com\\\/wp-content\\\/uploads\\\/2025\\\/04\\\/TCT-Cruciform-Head-Piston-3-2-1.png\",\"datePublished\":\"2024-12-09T23:12:00+00:00\",\"dateModified\":\"2024-12-10T04:12:00+00:00\",\"description\":\"Los accesorios para desbastadores manuales est\u00e1n dise\u00f1ados para eliminar hormig\u00f3n de forma agresiva, por lo que son ideales para desbastar superficies de hormig\u00f3n.\",\"breadcrumb\":{\"@id\":\"https:\\\/\\\/csunitec.com\\\/es\\\/producto\\\/accesorios-para-scabblers-manuales\\\/#breadcrumb\"},\"inLanguage\":\"es\",\"potentialAction\":[{\"@type\":\"ReadAction\",\"target\":[\"https:\\\/\\\/csunitec.com\\\/es\\\/producto\\\/accesorios-para-scabblers-manuales\\\/\"]}]},{\"@type\":\"ImageObject\",\"inLanguage\":\"es\",\"@id\":\"https:\\\/\\\/csunitec.com\\\/es\\\/producto\\\/accesorios-para-scabblers-manuales\\\/#primaryimage\",\"url\":\"https:\\\/\\\/csunitec.com\\\/wp-content\\\/uploads\\\/2025\\\/04\\\/TCT-Cruciform-Head-Piston-3-2-1.png\",\"contentUrl\":\"https:\\\/\\\/csunitec.com\\\/wp-content\\\/uploads\\\/2025\\\/04\\\/TCT-Cruciform-Head-Piston-3-2-1.png\",\"width\":1000,\"height\":1000},{\"@type\":\"BreadcrumbList\",\"@id\":\"https:\\\/\\\/csunitec.com\\\/es\\\/producto\\\/accesorios-para-scabblers-manuales\\\/#breadcrumb\",\"itemListElement\":[{\"@type\":\"ListItem\",\"position\":1,\"name\":\"Inicio\",\"item\":\"https:\\\/\\\/csunitec.com\\\/es\\\/\"},{\"@type\":\"ListItem\",\"position\":2,\"name\":\"Tienda\",\"item\":\"https:\\\/\\\/csunitec.com\\\/es\\\/tienda\\\/\"},{\"@type\":\"ListItem\",\"position\":3,\"name\":\"Accesorios para Scabblers manuales\"}]},{\"@type\":\"WebSite\",\"@id\":\"https:\\\/\\\/csunitec.com\\\/es\\\/#website\",\"url\":\"https:\\\/\\\/csunitec.com\\\/es\\\/\",\"name\":\"CS Unitec\",\"description\":\"\",\"potentialAction\":[{\"@type\":\"SearchAction\",\"target\":{\"@type\":\"EntryPoint\",\"urlTemplate\":\"https:\\\/\\\/csunitec.com\\\/es\\\/?s={search_term_string}\"},\"query-input\":{\"@type\":\"PropertyValueSpecification\",\"valueRequired\":true,\"valueName\":\"search_term_string\"}}],\"inLanguage\":\"es\"}]}<\/script>\n<!-- \/ Yoast SEO plugin. -->","yoast_head_json":{"title":"Accesorios para Scabblers manuales - CS Unitec","description":"Los accesorios para desbastadores manuales est\u00e1n dise\u00f1ados para eliminar hormig\u00f3n de forma agresiva, por lo que son ideales para desbastar superficies de hormig\u00f3n.","robots":{"index":"index","follow":"follow","max-snippet":"max-snippet:-1","max-image-preview":"max-image-preview:large","max-video-preview":"max-video-preview:-1"},"canonical":"https:\/\/csunitec.com\/es\/producto\/accesorios-para-scabblers-manuales\/","og_locale":"es_ES","og_type":"article","og_title":"Accesorios para Scabblers manuales - CS Unitec","og_description":"Los accesorios para desbastadores manuales est\u00e1n dise\u00f1ados para eliminar hormig\u00f3n de forma agresiva, por lo que son ideales para desbastar superficies de hormig\u00f3n.","og_url":"https:\/\/csunitec.com\/es\/producto\/accesorios-para-scabblers-manuales\/","og_site_name":"CS Unitec","article_modified_time":"2024-12-10T04:12:00+00:00","og_image":[{"width":1000,"height":1000,"url":"https:\/\/csunitec.com\/wp-content\/uploads\/2025\/04\/TCT-Cruciform-Head-Piston-3-2-1.png","type":"image\/png"}],"twitter_card":"summary_large_image","twitter_misc":{"Tiempo de lectura":"1 minuto"},"schema":{"@context":"https:\/\/schema.org","@graph":[{"@type":"WebPage","@id":"https:\/\/csunitec.com\/es\/producto\/accesorios-para-scabblers-manuales\/","url":"https:\/\/csunitec.com\/es\/producto\/accesorios-para-scabblers-manuales\/","name":"Accesorios para Scabblers manuales - CS Unitec","isPartOf":{"@id":"https:\/\/csunitec.com\/es\/#website"},"primaryImageOfPage":{"@id":"https:\/\/csunitec.com\/es\/producto\/accesorios-para-scabblers-manuales\/#primaryimage"},"image":{"@id":"https:\/\/csunitec.com\/es\/producto\/accesorios-para-scabblers-manuales\/#primaryimage"},"thumbnailUrl":"https:\/\/csunitec.com\/wp-content\/uploads\/2025\/04\/TCT-Cruciform-Head-Piston-3-2-1.png","datePublished":"2024-12-09T23:12:00+00:00","dateModified":"2024-12-10T04:12:00+00:00","description":"Los accesorios para desbastadores manuales est\u00e1n dise\u00f1ados para eliminar hormig\u00f3n de forma agresiva, por lo que son ideales para desbastar superficies de hormig\u00f3n.","breadcrumb":{"@id":"https:\/\/csunitec.com\/es\/producto\/accesorios-para-scabblers-manuales\/#breadcrumb"},"inLanguage":"es","potentialAction":[{"@type":"ReadAction","target":["https:\/\/csunitec.com\/es\/producto\/accesorios-para-scabblers-manuales\/"]}]},{"@type":"ImageObject","inLanguage":"es","@id":"https:\/\/csunitec.com\/es\/producto\/accesorios-para-scabblers-manuales\/#primaryimage","url":"https:\/\/csunitec.com\/wp-content\/uploads\/2025\/04\/TCT-Cruciform-Head-Piston-3-2-1.png","contentUrl":"https:\/\/csunitec.com\/wp-content\/uploads\/2025\/04\/TCT-Cruciform-Head-Piston-3-2-1.png","width":1000,"height":1000},{"@type":"BreadcrumbList","@id":"https:\/\/csunitec.com\/es\/producto\/accesorios-para-scabblers-manuales\/#breadcrumb","itemListElement":[{"@type":"ListItem","position":1,"name":"Inicio","item":"https:\/\/csunitec.com\/es\/"},{"@type":"ListItem","position":2,"name":"Tienda","item":"https:\/\/csunitec.com\/es\/tienda\/"},{"@type":"ListItem","position":3,"name":"Accesorios para Scabblers manuales"}]},{"@type":"WebSite","@id":"https:\/\/csunitec.com\/es\/#website","url":"https:\/\/csunitec.com\/es\/","name":"CS Unitec","description":"","potentialAction":[{"@type":"SearchAction","target":{"@type":"EntryPoint","urlTemplate":"https:\/\/csunitec.com\/es\/?s={search_term_string}"},"query-input":{"@type":"PropertyValueSpecification","valueRequired":true,"valueName":"search_term_string"}}],"inLanguage":"es"}]}},"_links":{"self":[{"href":"https:\/\/csunitec.com\/es\/wp-json\/wp\/v2\/product\/177379","targetHints":{"allow":["GET"]}}],"collection":[{"href":"https:\/\/csunitec.com\/es\/wp-json\/wp\/v2\/product"}],"about":[{"href":"https:\/\/csunitec.com\/es\/wp-json\/wp\/v2\/types\/product"}],"wp:featuredmedia":[{"embeddable":true,"href":"https:\/\/csunitec.com\/es\/wp-json\/wp\/v2\/media\/168578"}],"wp:attachment":[{"href":"https:\/\/csunitec.com\/es\/wp-json\/wp\/v2\/media?parent=177379"}],"wp:term":[{"taxonomy":"product_brand","embeddable":true,"href":"https:\/\/csunitec.com\/es\/wp-json\/wp\/v2\/product_brand?post=177379"},{"taxonomy":"product_cat","embeddable":true,"href":"https:\/\/csunitec.com\/es\/wp-json\/wp\/v2\/product_cat?post=177379"},{"taxonomy":"product_tag","embeddable":true,"href":"https:\/\/csunitec.com\/es\/wp-json\/wp\/v2\/product_tag?post=177379"},{"taxonomy":"accessory_type","embeddable":true,"href":"https:\/\/csunitec.com\/es\/wp-json\/wp\/v2\/accessory_type?post=177379"},{"taxonomy":"application","embeddable":true,"href":"https:\/\/csunitec.com\/es\/wp-json\/wp\/v2\/application?post=177379"},{"taxonomy":"hand_tool_type","embeddable":true,"href":"https:\/\/csunitec.com\/es\/wp-json\/wp\/v2\/hand_tool_type?post=177379"},{"taxonomy":"industry","embeddable":true,"href":"https:\/\/csunitec.com\/es\/wp-json\/wp\/v2\/industry?post=177379"},{"taxonomy":"material","embeddable":true,"href":"https:\/\/csunitec.com\/es\/wp-json\/wp\/v2\/material?post=177379"},{"taxonomy":"power_tool_type","embeddable":true,"href":"https:\/\/csunitec.com\/es\/wp-json\/wp\/v2\/power_tool_type?post=177379"},{"taxonomy":"power_type","embeddable":true,"href":"https:\/\/csunitec.com\/es\/wp-json\/wp\/v2\/power_type?post=177379"},{"taxonomy":"subcategory","embeddable":true,"href":"https:\/\/csunitec.com\/es\/wp-json\/wp\/v2\/subcategory?post=177379"},{"taxonomy":"tool_type","embeddable":true,"href":"https:\/\/csunitec.com\/es\/wp-json\/wp\/v2\/tool_type?post=177379"}],"curies":[{"name":"wp","href":"https:\/\/api.w.org\/{rel}","templated":true}]}}