{"id":177389,"date":"2024-12-09T16:34:00","date_gmt":"2024-12-09T16:34:00","guid":{"rendered":"https:\/\/stgcsunitec.wpenginepowered.com\/product\/escalador-de-cubiertas-accesorios-sf11\/"},"modified":"2024-12-09T16:34:00","modified_gmt":"2024-12-09T21:34:00","slug":"escalador-de-cubiertas-accesorios-sf11","status":"publish","type":"product","link":"https:\/\/csunitec.com\/es\/producto\/escalador-de-cubiertas-accesorios-sf11\/","title":{"rendered":"Escalador de cubiertas Accesorios &#8211; SF11"},"content":{"rendered":"<ul>\n<li>Deck Scaler Accesorios dise\u00f1ados para la eliminaci\u00f3n agresiva y a alta velocidad de incrustaciones pesadas en superficies met\u00e1licas y de hormig\u00f3n.<\/li>\n<li>Ideal para romper incrustaciones gruesas, corrosi\u00f3n y \u00f3xido en cubiertas de barcos, plataformas, tanques y estructuras de acero.<\/li>\n<li>Se utiliza com\u00fanmente para la preparaci\u00f3n de superficies industriales en suelos de refiner\u00edas, pasarelas y acero estructural.<\/li>\n<li>Para astillar hormig\u00f3n y limpiar superficies donde se requiera una fractura r\u00e1pida del material.<\/li>\n<li>Las opciones de cabezal de cobre-berilio permiten un funcionamiento seguro en entornos peligrosos o potencialmente explosivos.<\/li>\n<\/ul>\n","protected":false},"excerpt":{"rendered":"<ul>\n<li>Cabezales de corte<\/li>\n<li>Pist\u00f3n c\u00f3nico com\u00fan<\/li>\n<li>Dise\u00f1o de alto impacto para eliminar r\u00e1pidamente la cal, la corrosi\u00f3n y los revestimientos pesados<\/li>\n<\/ul>\n","protected":false},"featured_media":168287,"template":"","meta":[],"product_brand":[],"product_cat":[1033],"product_tag":[1071],"accessory_type":[927],"application":[1035],"hand_tool_type":[],"industry":[933],"material":[],"power_tool_type":[],"power_type":[],"subcategory":[1040],"tool_type":[943],"class_list":{"0":"post-177389","1":"product","2":"type-product","3":"status-publish","4":"has-post-thumbnail","6":"product_cat-preparacion-de-superficies","7":"product_tag-accesorios-para-el-escalador-de-cubiertas","8":"accessory_type-accesorio","9":"application-acabado-y-preparacion-de-superficies","10":"industry-metalurgia-2","11":"subcategory-escarificadores","12":"tool_type-accesorio","14":"first","15":"instock","16":"shipping-taxable","17":"purchasable","18":"product-type-variable"},"yoast_head":"<!-- This site is optimized with the Yoast SEO plugin v27.5 - https:\/\/yoast.com\/product\/yoast-seo-wordpress\/ -->\n<title>Escalador de cubiertas Accesorios - SF11 - CS Unitec<\/title>\n<meta name=\"description\" content=\"Rascador de Cubiertas Accesorios para usar con el Rascador de Cubiertas SF11. Para la eliminaci\u00f3n agresiva y a alta velocidad de incrustaciones pesadas en superficies met\u00e1licas y de hormig\u00f3n.\" \/>\n<meta name=\"robots\" content=\"index, follow, max-snippet:-1, max-image-preview:large, max-video-preview:-1\" \/>\n<link rel=\"canonical\" href=\"https:\/\/csunitec.com\/es\/producto\/escalador-de-cubiertas-accesorios-sf11\/\" \/>\n<meta property=\"og:locale\" content=\"es_ES\" \/>\n<meta property=\"og:type\" content=\"article\" \/>\n<meta property=\"og:title\" content=\"Escalador de cubiertas Accesorios - SF11 - CS Unitec\" \/>\n<meta property=\"og:description\" content=\"Rascador de Cubiertas Accesorios para usar con el Rascador de Cubiertas SF11. Para la eliminaci\u00f3n agresiva y a alta velocidad de incrustaciones pesadas en superficies met\u00e1licas y de hormig\u00f3n.\" \/>\n<meta property=\"og:url\" content=\"https:\/\/csunitec.com\/es\/producto\/escalador-de-cubiertas-accesorios-sf11\/\" \/>\n<meta property=\"og:site_name\" content=\"CS Unitec\" \/>\n<meta property=\"article:modified_time\" content=\"2024-12-09T21:34:00+00:00\" \/>\n<meta property=\"og:image\" content=\"https:\/\/csunitec.com\/wp-content\/uploads\/2025\/04\/Cruciform-Cutter-Head-2-2-1.png\" \/>\n\t<meta property=\"og:image:width\" content=\"1000\" \/>\n\t<meta property=\"og:image:height\" content=\"1000\" \/>\n\t<meta property=\"og:image:type\" content=\"image\/png\" \/>\n<meta name=\"twitter:card\" content=\"summary_large_image\" \/>\n<script type=\"application\/ld+json\" class=\"yoast-schema-graph\">{\"@context\":\"https:\\\/\\\/schema.org\",\"@graph\":[{\"@type\":\"WebPage\",\"@id\":\"https:\\\/\\\/csunitec.com\\\/es\\\/producto\\\/escalador-de-cubiertas-accesorios-sf11\\\/\",\"url\":\"https:\\\/\\\/csunitec.com\\\/es\\\/producto\\\/escalador-de-cubiertas-accesorios-sf11\\\/\",\"name\":\"Escalador de cubiertas Accesorios - SF11 - CS Unitec\",\"isPartOf\":{\"@id\":\"https:\\\/\\\/csunitec.com\\\/es\\\/#website\"},\"primaryImageOfPage\":{\"@id\":\"https:\\\/\\\/csunitec.com\\\/es\\\/producto\\\/escalador-de-cubiertas-accesorios-sf11\\\/#primaryimage\"},\"image\":{\"@id\":\"https:\\\/\\\/csunitec.com\\\/es\\\/producto\\\/escalador-de-cubiertas-accesorios-sf11\\\/#primaryimage\"},\"thumbnailUrl\":\"https:\\\/\\\/csunitec.com\\\/wp-content\\\/uploads\\\/2025\\\/04\\\/Cruciform-Cutter-Head-2-2-1.png\",\"datePublished\":\"2024-12-09T16:34:00+00:00\",\"dateModified\":\"2024-12-09T21:34:00+00:00\",\"description\":\"Rascador de Cubiertas Accesorios para usar con el Rascador de Cubiertas SF11. Para la eliminaci\u00f3n agresiva y a alta velocidad de incrustaciones pesadas en superficies met\u00e1licas y de hormig\u00f3n.\",\"breadcrumb\":{\"@id\":\"https:\\\/\\\/csunitec.com\\\/es\\\/producto\\\/escalador-de-cubiertas-accesorios-sf11\\\/#breadcrumb\"},\"inLanguage\":\"es\",\"potentialAction\":[{\"@type\":\"ReadAction\",\"target\":[\"https:\\\/\\\/csunitec.com\\\/es\\\/producto\\\/escalador-de-cubiertas-accesorios-sf11\\\/\"]}]},{\"@type\":\"ImageObject\",\"inLanguage\":\"es\",\"@id\":\"https:\\\/\\\/csunitec.com\\\/es\\\/producto\\\/escalador-de-cubiertas-accesorios-sf11\\\/#primaryimage\",\"url\":\"https:\\\/\\\/csunitec.com\\\/wp-content\\\/uploads\\\/2025\\\/04\\\/Cruciform-Cutter-Head-2-2-1.png\",\"contentUrl\":\"https:\\\/\\\/csunitec.com\\\/wp-content\\\/uploads\\\/2025\\\/04\\\/Cruciform-Cutter-Head-2-2-1.png\",\"width\":1000,\"height\":1000},{\"@type\":\"BreadcrumbList\",\"@id\":\"https:\\\/\\\/csunitec.com\\\/es\\\/producto\\\/escalador-de-cubiertas-accesorios-sf11\\\/#breadcrumb\",\"itemListElement\":[{\"@type\":\"ListItem\",\"position\":1,\"name\":\"Inicio\",\"item\":\"https:\\\/\\\/csunitec.com\\\/es\\\/\"},{\"@type\":\"ListItem\",\"position\":2,\"name\":\"Tienda\",\"item\":\"https:\\\/\\\/csunitec.com\\\/es\\\/tienda\\\/\"},{\"@type\":\"ListItem\",\"position\":3,\"name\":\"Escalador de cubiertas Accesorios &#8211; SF11\"}]},{\"@type\":\"WebSite\",\"@id\":\"https:\\\/\\\/csunitec.com\\\/es\\\/#website\",\"url\":\"https:\\\/\\\/csunitec.com\\\/es\\\/\",\"name\":\"CS Unitec\",\"description\":\"\",\"potentialAction\":[{\"@type\":\"SearchAction\",\"target\":{\"@type\":\"EntryPoint\",\"urlTemplate\":\"https:\\\/\\\/csunitec.com\\\/es\\\/?s={search_term_string}\"},\"query-input\":{\"@type\":\"PropertyValueSpecification\",\"valueRequired\":true,\"valueName\":\"search_term_string\"}}],\"inLanguage\":\"es\"}]}<\/script>\n<!-- \/ Yoast SEO plugin. -->","yoast_head_json":{"title":"Escalador de cubiertas Accesorios - SF11 - CS Unitec","description":"Rascador de Cubiertas Accesorios para usar con el Rascador de Cubiertas SF11. Para la eliminaci\u00f3n agresiva y a alta velocidad de incrustaciones pesadas en superficies met\u00e1licas y de hormig\u00f3n.","robots":{"index":"index","follow":"follow","max-snippet":"max-snippet:-1","max-image-preview":"max-image-preview:large","max-video-preview":"max-video-preview:-1"},"canonical":"https:\/\/csunitec.com\/es\/producto\/escalador-de-cubiertas-accesorios-sf11\/","og_locale":"es_ES","og_type":"article","og_title":"Escalador de cubiertas Accesorios - SF11 - CS Unitec","og_description":"Rascador de Cubiertas Accesorios para usar con el Rascador de Cubiertas SF11. Para la eliminaci\u00f3n agresiva y a alta velocidad de incrustaciones pesadas en superficies met\u00e1licas y de hormig\u00f3n.","og_url":"https:\/\/csunitec.com\/es\/producto\/escalador-de-cubiertas-accesorios-sf11\/","og_site_name":"CS Unitec","article_modified_time":"2024-12-09T21:34:00+00:00","og_image":[{"width":1000,"height":1000,"url":"https:\/\/csunitec.com\/wp-content\/uploads\/2025\/04\/Cruciform-Cutter-Head-2-2-1.png","type":"image\/png"}],"twitter_card":"summary_large_image","schema":{"@context":"https:\/\/schema.org","@graph":[{"@type":"WebPage","@id":"https:\/\/csunitec.com\/es\/producto\/escalador-de-cubiertas-accesorios-sf11\/","url":"https:\/\/csunitec.com\/es\/producto\/escalador-de-cubiertas-accesorios-sf11\/","name":"Escalador de cubiertas Accesorios - SF11 - CS Unitec","isPartOf":{"@id":"https:\/\/csunitec.com\/es\/#website"},"primaryImageOfPage":{"@id":"https:\/\/csunitec.com\/es\/producto\/escalador-de-cubiertas-accesorios-sf11\/#primaryimage"},"image":{"@id":"https:\/\/csunitec.com\/es\/producto\/escalador-de-cubiertas-accesorios-sf11\/#primaryimage"},"thumbnailUrl":"https:\/\/csunitec.com\/wp-content\/uploads\/2025\/04\/Cruciform-Cutter-Head-2-2-1.png","datePublished":"2024-12-09T16:34:00+00:00","dateModified":"2024-12-09T21:34:00+00:00","description":"Rascador de Cubiertas Accesorios para usar con el Rascador de Cubiertas SF11. Para la eliminaci\u00f3n agresiva y a alta velocidad de incrustaciones pesadas en superficies met\u00e1licas y de hormig\u00f3n.","breadcrumb":{"@id":"https:\/\/csunitec.com\/es\/producto\/escalador-de-cubiertas-accesorios-sf11\/#breadcrumb"},"inLanguage":"es","potentialAction":[{"@type":"ReadAction","target":["https:\/\/csunitec.com\/es\/producto\/escalador-de-cubiertas-accesorios-sf11\/"]}]},{"@type":"ImageObject","inLanguage":"es","@id":"https:\/\/csunitec.com\/es\/producto\/escalador-de-cubiertas-accesorios-sf11\/#primaryimage","url":"https:\/\/csunitec.com\/wp-content\/uploads\/2025\/04\/Cruciform-Cutter-Head-2-2-1.png","contentUrl":"https:\/\/csunitec.com\/wp-content\/uploads\/2025\/04\/Cruciform-Cutter-Head-2-2-1.png","width":1000,"height":1000},{"@type":"BreadcrumbList","@id":"https:\/\/csunitec.com\/es\/producto\/escalador-de-cubiertas-accesorios-sf11\/#breadcrumb","itemListElement":[{"@type":"ListItem","position":1,"name":"Inicio","item":"https:\/\/csunitec.com\/es\/"},{"@type":"ListItem","position":2,"name":"Tienda","item":"https:\/\/csunitec.com\/es\/tienda\/"},{"@type":"ListItem","position":3,"name":"Escalador de cubiertas Accesorios &#8211; SF11"}]},{"@type":"WebSite","@id":"https:\/\/csunitec.com\/es\/#website","url":"https:\/\/csunitec.com\/es\/","name":"CS Unitec","description":"","potentialAction":[{"@type":"SearchAction","target":{"@type":"EntryPoint","urlTemplate":"https:\/\/csunitec.com\/es\/?s={search_term_string}"},"query-input":{"@type":"PropertyValueSpecification","valueRequired":true,"valueName":"search_term_string"}}],"inLanguage":"es"}]}},"_links":{"self":[{"href":"https:\/\/csunitec.com\/es\/wp-json\/wp\/v2\/product\/177389","targetHints":{"allow":["GET"]}}],"collection":[{"href":"https:\/\/csunitec.com\/es\/wp-json\/wp\/v2\/product"}],"about":[{"href":"https:\/\/csunitec.com\/es\/wp-json\/wp\/v2\/types\/product"}],"wp:featuredmedia":[{"embeddable":true,"href":"https:\/\/csunitec.com\/es\/wp-json\/wp\/v2\/media\/168287"}],"wp:attachment":[{"href":"https:\/\/csunitec.com\/es\/wp-json\/wp\/v2\/media?parent=177389"}],"wp:term":[{"taxonomy":"product_brand","embeddable":true,"href":"https:\/\/csunitec.com\/es\/wp-json\/wp\/v2\/product_brand?post=177389"},{"taxonomy":"product_cat","embeddable":true,"href":"https:\/\/csunitec.com\/es\/wp-json\/wp\/v2\/product_cat?post=177389"},{"taxonomy":"product_tag","embeddable":true,"href":"https:\/\/csunitec.com\/es\/wp-json\/wp\/v2\/product_tag?post=177389"},{"taxonomy":"accessory_type","embeddable":true,"href":"https:\/\/csunitec.com\/es\/wp-json\/wp\/v2\/accessory_type?post=177389"},{"taxonomy":"application","embeddable":true,"href":"https:\/\/csunitec.com\/es\/wp-json\/wp\/v2\/application?post=177389"},{"taxonomy":"hand_tool_type","embeddable":true,"href":"https:\/\/csunitec.com\/es\/wp-json\/wp\/v2\/hand_tool_type?post=177389"},{"taxonomy":"industry","embeddable":true,"href":"https:\/\/csunitec.com\/es\/wp-json\/wp\/v2\/industry?post=177389"},{"taxonomy":"material","embeddable":true,"href":"https:\/\/csunitec.com\/es\/wp-json\/wp\/v2\/material?post=177389"},{"taxonomy":"power_tool_type","embeddable":true,"href":"https:\/\/csunitec.com\/es\/wp-json\/wp\/v2\/power_tool_type?post=177389"},{"taxonomy":"power_type","embeddable":true,"href":"https:\/\/csunitec.com\/es\/wp-json\/wp\/v2\/power_type?post=177389"},{"taxonomy":"subcategory","embeddable":true,"href":"https:\/\/csunitec.com\/es\/wp-json\/wp\/v2\/subcategory?post=177389"},{"taxonomy":"tool_type","embeddable":true,"href":"https:\/\/csunitec.com\/es\/wp-json\/wp\/v2\/tool_type?post=177389"}],"curies":[{"name":"wp","href":"https:\/\/api.w.org\/{rel}","templated":true}]}}