{"id":177435,"date":"2024-12-09T23:56:00","date_gmt":"2024-12-09T23:56:00","guid":{"rendered":"https:\/\/stgcsunitec.wpenginepowered.com\/product\/accesorios-para-rascadores-de-suelo-y-de-pertiga\/"},"modified":"2024-12-09T23:56:00","modified_gmt":"2024-12-10T04:56:00","slug":"accesorios-para-rascadores-de-suelo-y-de-pertiga","status":"publish","type":"product","link":"https:\/\/csunitec.com\/es\/producto\/accesorios-para-rascadores-de-suelo-y-de-pertiga\/","title":{"rendered":"Accesorios para rascadores de suelo y de p\u00e9rtiga"},"content":{"rendered":"<ul>\n<li>Los Accesorios para Rascadores de Suelos y Postes se utilizan para nivelar superficies de hormig\u00f3n irregulares, reducir puntos altos y preparar suelos y zonas verticales para revestimientos, recubrimientos y materiales de reparaci\u00f3n.<\/li>\n<li>Elimina la lechada, la cascarilla y las capas superficiales d\u00e9biles para dejar al descubierto un sustrato limpio y duradero, listo para los sistemas de revestimiento o impermeabilizaci\u00f3n.<\/li>\n<li>Para descomponer revestimientos viejos, adhesivos y contaminaci\u00f3n superficial, a fin de preparar el hormig\u00f3n para la limpieza a chorro o la uni\u00f3n mec\u00e1nica.<\/li>\n<li>Crea perfiles de superficie agresivos para epoxis, uretanos, revestimientos finos y morteros de reparaci\u00f3n modificados con pol\u00edmeros.<\/li>\n<li>Ideal para la preparaci\u00f3n de tableros de puentes, repavimentaci\u00f3n de suelos industriales y proyectos de rehabilitaci\u00f3n de grandes superficies de hormig\u00f3n.<\/li>\n<li>Los accesorios para rascadores de suelo y de p\u00e9rtiga permiten un rascado de precisi\u00f3n en esquinas, bordes, juntas y zonas de dif\u00edcil acceso cuando se combinan con rascadores de p\u00e9rtiga.<\/li>\n<li>Se utiliza en la construcci\u00f3n civil, la reparaci\u00f3n de infraestructuras, los servicios p\u00fablicos y el mantenimiento industrial cuando se requiere una retirada controlada del hormig\u00f3n.<\/li>\n<\/ul>\n<div><\/div>\n","protected":false},"excerpt":{"rendered":"<ul>\n<li>Nivelaci\u00f3n de puntos altos<\/li>\n<li>Texturizado y desbastado para la preparaci\u00f3n de sellantes y revestimientos<\/li>\n<li>Descomponer los revestimientos duros antes de la limpieza a chorro<\/li>\n<\/ul>\n","protected":false},"featured_media":168673,"template":"","meta":[],"product_brand":[],"product_cat":[1033],"product_tag":[1069,1075,1076],"accessory_type":[927],"application":[1067],"hand_tool_type":[],"industry":[931],"material":[],"power_tool_type":[],"power_type":[],"subcategory":[1070],"tool_type":[943],"class_list":{"0":"post-177435","1":"product","2":"type-product","3":"status-publish","4":"has-post-thumbnail","6":"product_cat-preparacion-de-superficies","7":"product_tag-accesorios-scabbler","8":"product_tag-accesorios-de-la-fregadora-de-suelos","9":"product_tag-accesorios-para-el-escarbador-de-postes","10":"accessory_type-accesorio","11":"application-corte-y-demolicion","12":"industry-hormigon-y-mamposteria","13":"subcategory-escarificadoras-de-hormigon","14":"tool_type-accesorio","16":"first","17":"instock","18":"shipping-taxable","19":"purchasable","20":"product-type-variable"},"yoast_head":"<!-- This site is optimized with the Yoast SEO plugin v27.5 - https:\/\/yoast.com\/product\/yoast-seo-wordpress\/ -->\n<title>Accesorios para rascadores de suelo y de p\u00e9rtiga - CS Unitec<\/title>\n<meta name=\"description\" content=\"Los Accesorios para Rascadores de Suelos y Postes se utilizan para nivelar superficies de hormig\u00f3n irregulares, reducir puntos altos y preparar suelos para revestimientos y recubrimientos\" \/>\n<meta name=\"robots\" content=\"index, follow, max-snippet:-1, max-image-preview:large, max-video-preview:-1\" \/>\n<link rel=\"canonical\" href=\"https:\/\/csunitec.com\/es\/producto\/accesorios-para-rascadores-de-suelo-y-de-pertiga\/\" \/>\n<meta property=\"og:locale\" content=\"es_ES\" \/>\n<meta property=\"og:type\" content=\"article\" \/>\n<meta property=\"og:title\" content=\"Accesorios para rascadores de suelo y de p\u00e9rtiga - CS Unitec\" \/>\n<meta property=\"og:description\" content=\"Los Accesorios para Rascadores de Suelos y Postes se utilizan para nivelar superficies de hormig\u00f3n irregulares, reducir puntos altos y preparar suelos para revestimientos y recubrimientos\" \/>\n<meta property=\"og:url\" content=\"https:\/\/csunitec.com\/es\/producto\/accesorios-para-rascadores-de-suelo-y-de-pertiga\/\" \/>\n<meta property=\"og:site_name\" content=\"CS Unitec\" \/>\n<meta property=\"article:modified_time\" content=\"2024-12-10T04:56:00+00:00\" \/>\n<meta property=\"og:image\" content=\"https:\/\/csunitec.com\/wp-content\/uploads\/2025\/04\/Cruciform-Floor-Scabbler-Head-2-2-1.png\" \/>\n\t<meta property=\"og:image:width\" content=\"1000\" \/>\n\t<meta property=\"og:image:height\" content=\"1000\" \/>\n\t<meta property=\"og:image:type\" content=\"image\/png\" \/>\n<meta name=\"twitter:card\" content=\"summary_large_image\" \/>\n<meta name=\"twitter:label1\" content=\"Tiempo de lectura\" \/>\n\t<meta name=\"twitter:data1\" content=\"1 minuto\" \/>\n<script type=\"application\/ld+json\" class=\"yoast-schema-graph\">{\"@context\":\"https:\\\/\\\/schema.org\",\"@graph\":[{\"@type\":\"WebPage\",\"@id\":\"https:\\\/\\\/csunitec.com\\\/es\\\/producto\\\/accesorios-para-rascadores-de-suelo-y-de-pertiga\\\/\",\"url\":\"https:\\\/\\\/csunitec.com\\\/es\\\/producto\\\/accesorios-para-rascadores-de-suelo-y-de-pertiga\\\/\",\"name\":\"Accesorios para rascadores de suelo y de p\u00e9rtiga - CS Unitec\",\"isPartOf\":{\"@id\":\"https:\\\/\\\/csunitec.com\\\/es\\\/#website\"},\"primaryImageOfPage\":{\"@id\":\"https:\\\/\\\/csunitec.com\\\/es\\\/producto\\\/accesorios-para-rascadores-de-suelo-y-de-pertiga\\\/#primaryimage\"},\"image\":{\"@id\":\"https:\\\/\\\/csunitec.com\\\/es\\\/producto\\\/accesorios-para-rascadores-de-suelo-y-de-pertiga\\\/#primaryimage\"},\"thumbnailUrl\":\"https:\\\/\\\/csunitec.com\\\/wp-content\\\/uploads\\\/2025\\\/04\\\/Cruciform-Floor-Scabbler-Head-2-2-1.png\",\"datePublished\":\"2024-12-09T23:56:00+00:00\",\"dateModified\":\"2024-12-10T04:56:00+00:00\",\"description\":\"Los Accesorios para Rascadores de Suelos y Postes se utilizan para nivelar superficies de hormig\u00f3n irregulares, reducir puntos altos y preparar suelos para revestimientos y recubrimientos\",\"breadcrumb\":{\"@id\":\"https:\\\/\\\/csunitec.com\\\/es\\\/producto\\\/accesorios-para-rascadores-de-suelo-y-de-pertiga\\\/#breadcrumb\"},\"inLanguage\":\"es\",\"potentialAction\":[{\"@type\":\"ReadAction\",\"target\":[\"https:\\\/\\\/csunitec.com\\\/es\\\/producto\\\/accesorios-para-rascadores-de-suelo-y-de-pertiga\\\/\"]}]},{\"@type\":\"ImageObject\",\"inLanguage\":\"es\",\"@id\":\"https:\\\/\\\/csunitec.com\\\/es\\\/producto\\\/accesorios-para-rascadores-de-suelo-y-de-pertiga\\\/#primaryimage\",\"url\":\"https:\\\/\\\/csunitec.com\\\/wp-content\\\/uploads\\\/2025\\\/04\\\/Cruciform-Floor-Scabbler-Head-2-2-1.png\",\"contentUrl\":\"https:\\\/\\\/csunitec.com\\\/wp-content\\\/uploads\\\/2025\\\/04\\\/Cruciform-Floor-Scabbler-Head-2-2-1.png\",\"width\":1000,\"height\":1000},{\"@type\":\"BreadcrumbList\",\"@id\":\"https:\\\/\\\/csunitec.com\\\/es\\\/producto\\\/accesorios-para-rascadores-de-suelo-y-de-pertiga\\\/#breadcrumb\",\"itemListElement\":[{\"@type\":\"ListItem\",\"position\":1,\"name\":\"Inicio\",\"item\":\"https:\\\/\\\/csunitec.com\\\/es\\\/\"},{\"@type\":\"ListItem\",\"position\":2,\"name\":\"Tienda\",\"item\":\"https:\\\/\\\/csunitec.com\\\/es\\\/tienda\\\/\"},{\"@type\":\"ListItem\",\"position\":3,\"name\":\"Accesorios para rascadores de suelo y de p\u00e9rtiga\"}]},{\"@type\":\"WebSite\",\"@id\":\"https:\\\/\\\/csunitec.com\\\/es\\\/#website\",\"url\":\"https:\\\/\\\/csunitec.com\\\/es\\\/\",\"name\":\"CS Unitec\",\"description\":\"\",\"potentialAction\":[{\"@type\":\"SearchAction\",\"target\":{\"@type\":\"EntryPoint\",\"urlTemplate\":\"https:\\\/\\\/csunitec.com\\\/es\\\/?s={search_term_string}\"},\"query-input\":{\"@type\":\"PropertyValueSpecification\",\"valueRequired\":true,\"valueName\":\"search_term_string\"}}],\"inLanguage\":\"es\"}]}<\/script>\n<!-- \/ Yoast SEO plugin. -->","yoast_head_json":{"title":"Accesorios para rascadores de suelo y de p\u00e9rtiga - CS Unitec","description":"Los Accesorios para Rascadores de Suelos y Postes se utilizan para nivelar superficies de hormig\u00f3n irregulares, reducir puntos altos y preparar suelos para revestimientos y recubrimientos","robots":{"index":"index","follow":"follow","max-snippet":"max-snippet:-1","max-image-preview":"max-image-preview:large","max-video-preview":"max-video-preview:-1"},"canonical":"https:\/\/csunitec.com\/es\/producto\/accesorios-para-rascadores-de-suelo-y-de-pertiga\/","og_locale":"es_ES","og_type":"article","og_title":"Accesorios para rascadores de suelo y de p\u00e9rtiga - CS Unitec","og_description":"Los Accesorios para Rascadores de Suelos y Postes se utilizan para nivelar superficies de hormig\u00f3n irregulares, reducir puntos altos y preparar suelos para revestimientos y recubrimientos","og_url":"https:\/\/csunitec.com\/es\/producto\/accesorios-para-rascadores-de-suelo-y-de-pertiga\/","og_site_name":"CS Unitec","article_modified_time":"2024-12-10T04:56:00+00:00","og_image":[{"width":1000,"height":1000,"url":"https:\/\/csunitec.com\/wp-content\/uploads\/2025\/04\/Cruciform-Floor-Scabbler-Head-2-2-1.png","type":"image\/png"}],"twitter_card":"summary_large_image","twitter_misc":{"Tiempo de lectura":"1 minuto"},"schema":{"@context":"https:\/\/schema.org","@graph":[{"@type":"WebPage","@id":"https:\/\/csunitec.com\/es\/producto\/accesorios-para-rascadores-de-suelo-y-de-pertiga\/","url":"https:\/\/csunitec.com\/es\/producto\/accesorios-para-rascadores-de-suelo-y-de-pertiga\/","name":"Accesorios para rascadores de suelo y de p\u00e9rtiga - CS Unitec","isPartOf":{"@id":"https:\/\/csunitec.com\/es\/#website"},"primaryImageOfPage":{"@id":"https:\/\/csunitec.com\/es\/producto\/accesorios-para-rascadores-de-suelo-y-de-pertiga\/#primaryimage"},"image":{"@id":"https:\/\/csunitec.com\/es\/producto\/accesorios-para-rascadores-de-suelo-y-de-pertiga\/#primaryimage"},"thumbnailUrl":"https:\/\/csunitec.com\/wp-content\/uploads\/2025\/04\/Cruciform-Floor-Scabbler-Head-2-2-1.png","datePublished":"2024-12-09T23:56:00+00:00","dateModified":"2024-12-10T04:56:00+00:00","description":"Los Accesorios para Rascadores de Suelos y Postes se utilizan para nivelar superficies de hormig\u00f3n irregulares, reducir puntos altos y preparar suelos para revestimientos y recubrimientos","breadcrumb":{"@id":"https:\/\/csunitec.com\/es\/producto\/accesorios-para-rascadores-de-suelo-y-de-pertiga\/#breadcrumb"},"inLanguage":"es","potentialAction":[{"@type":"ReadAction","target":["https:\/\/csunitec.com\/es\/producto\/accesorios-para-rascadores-de-suelo-y-de-pertiga\/"]}]},{"@type":"ImageObject","inLanguage":"es","@id":"https:\/\/csunitec.com\/es\/producto\/accesorios-para-rascadores-de-suelo-y-de-pertiga\/#primaryimage","url":"https:\/\/csunitec.com\/wp-content\/uploads\/2025\/04\/Cruciform-Floor-Scabbler-Head-2-2-1.png","contentUrl":"https:\/\/csunitec.com\/wp-content\/uploads\/2025\/04\/Cruciform-Floor-Scabbler-Head-2-2-1.png","width":1000,"height":1000},{"@type":"BreadcrumbList","@id":"https:\/\/csunitec.com\/es\/producto\/accesorios-para-rascadores-de-suelo-y-de-pertiga\/#breadcrumb","itemListElement":[{"@type":"ListItem","position":1,"name":"Inicio","item":"https:\/\/csunitec.com\/es\/"},{"@type":"ListItem","position":2,"name":"Tienda","item":"https:\/\/csunitec.com\/es\/tienda\/"},{"@type":"ListItem","position":3,"name":"Accesorios para rascadores de suelo y de p\u00e9rtiga"}]},{"@type":"WebSite","@id":"https:\/\/csunitec.com\/es\/#website","url":"https:\/\/csunitec.com\/es\/","name":"CS Unitec","description":"","potentialAction":[{"@type":"SearchAction","target":{"@type":"EntryPoint","urlTemplate":"https:\/\/csunitec.com\/es\/?s={search_term_string}"},"query-input":{"@type":"PropertyValueSpecification","valueRequired":true,"valueName":"search_term_string"}}],"inLanguage":"es"}]}},"_links":{"self":[{"href":"https:\/\/csunitec.com\/es\/wp-json\/wp\/v2\/product\/177435","targetHints":{"allow":["GET"]}}],"collection":[{"href":"https:\/\/csunitec.com\/es\/wp-json\/wp\/v2\/product"}],"about":[{"href":"https:\/\/csunitec.com\/es\/wp-json\/wp\/v2\/types\/product"}],"wp:featuredmedia":[{"embeddable":true,"href":"https:\/\/csunitec.com\/es\/wp-json\/wp\/v2\/media\/168673"}],"wp:attachment":[{"href":"https:\/\/csunitec.com\/es\/wp-json\/wp\/v2\/media?parent=177435"}],"wp:term":[{"taxonomy":"product_brand","embeddable":true,"href":"https:\/\/csunitec.com\/es\/wp-json\/wp\/v2\/product_brand?post=177435"},{"taxonomy":"product_cat","embeddable":true,"href":"https:\/\/csunitec.com\/es\/wp-json\/wp\/v2\/product_cat?post=177435"},{"taxonomy":"product_tag","embeddable":true,"href":"https:\/\/csunitec.com\/es\/wp-json\/wp\/v2\/product_tag?post=177435"},{"taxonomy":"accessory_type","embeddable":true,"href":"https:\/\/csunitec.com\/es\/wp-json\/wp\/v2\/accessory_type?post=177435"},{"taxonomy":"application","embeddable":true,"href":"https:\/\/csunitec.com\/es\/wp-json\/wp\/v2\/application?post=177435"},{"taxonomy":"hand_tool_type","embeddable":true,"href":"https:\/\/csunitec.com\/es\/wp-json\/wp\/v2\/hand_tool_type?post=177435"},{"taxonomy":"industry","embeddable":true,"href":"https:\/\/csunitec.com\/es\/wp-json\/wp\/v2\/industry?post=177435"},{"taxonomy":"material","embeddable":true,"href":"https:\/\/csunitec.com\/es\/wp-json\/wp\/v2\/material?post=177435"},{"taxonomy":"power_tool_type","embeddable":true,"href":"https:\/\/csunitec.com\/es\/wp-json\/wp\/v2\/power_tool_type?post=177435"},{"taxonomy":"power_type","embeddable":true,"href":"https:\/\/csunitec.com\/es\/wp-json\/wp\/v2\/power_type?post=177435"},{"taxonomy":"subcategory","embeddable":true,"href":"https:\/\/csunitec.com\/es\/wp-json\/wp\/v2\/subcategory?post=177435"},{"taxonomy":"tool_type","embeddable":true,"href":"https:\/\/csunitec.com\/es\/wp-json\/wp\/v2\/tool_type?post=177435"}],"curies":[{"name":"wp","href":"https:\/\/api.w.org\/{rel}","templated":true}]}}