{"id":177448,"date":"2024-12-10T00:27:00","date_gmt":"2024-12-10T00:27:00","guid":{"rendered":"https:\/\/stgcsunitec.wpenginepowered.com\/product\/rascadores-de-postes-de-hormigon\/"},"modified":"2026-05-07T21:16:16","modified_gmt":"2026-05-08T01:16:16","slug":"rascadores-de-postes-de-hormigon","status":"publish","type":"product","link":"https:\/\/csunitec.com\/es\/producto\/rascadores-de-postes-de-hormigon\/","title":{"rendered":"Rascadores de postes de hormig\u00f3n LPS55 y VL LRS55"},"content":{"rendered":"<ul>\n<li>El escarbador de hormig\u00f3n de p\u00e9rtiga de largo alcance proporciona una gran potencia de escarbado para zonas de dif\u00edcil acceso, como debajo de las barras de armadura, entre las rejillas de armadura y a lo largo de elementos estructurales congestionados.<\/li>\n<li>Prepara esquinas, bordes, juntas y zonas cercanas a las paredes suministrando energ\u00eda de impacto controlada sin da\u00f1ar el sustrato circundante.<\/li>\n<li>Elimina la lechada, la contaminaci\u00f3n y las capas superficiales d\u00e9biles para dejar al descubierto un perfil de hormig\u00f3n limpio y duradero, listo para materiales de reparaci\u00f3n, revestimientos o recubrimientos.<\/li>\n<li>Pica agresivamente las superficies de hormig\u00f3n para crear una fuerte adherencia mec\u00e1nica en aplicaciones de parcheado, repavimentaci\u00f3n y reparaci\u00f3n estructural.<\/li>\n<li>La Fresadora de Hormig\u00f3n para Postes proporciona una r\u00e1pida eliminaci\u00f3n de material para reparaciones puntuales, preparaci\u00f3n de superficies verticales y tareas de demolici\u00f3n localizadas donde las m\u00e1quinas m\u00e1s grandes no pueden llegar.<\/li>\n<li>Realiza el corte de grietas y la reducci\u00f3n selectiva de la superficie para los trabajos de reparaci\u00f3n del hormig\u00f3n, incluida la restauraci\u00f3n de zonas deterioradas o desconchadas.<\/li>\n<li>El dise\u00f1o de alcance ampliado permite a los operarios preparar con seguridad superficies verticales, zonas elevadas y espacios reducidos sin escaleras ni posiciones inc\u00f3modas.<\/li>\n<\/ul>\n","protected":false},"excerpt":{"rendered":"<ul>\n<li>Velocidad de producci\u00f3n: 130 pies cuadrados\/hora<\/li>\n<li>Golpes por minuto: Hasta 1300<\/li>\n<li>Niveles de vibraci\u00f3n: Hasta 35 m\/s2<\/li>\n<li>Potencia del motor: 25 CFM (90 PSI)<\/li>\n<li>Disponible Vibro-Lo\u2122 \/ Baja Vibraci\u00f3n opcional<\/li>\n<\/ul>\n","protected":false},"featured_media":177452,"template":"","meta":[],"product_brand":[],"product_cat":[1033],"product_tag":[1037,1039,1077],"accessory_type":[],"application":[1067],"hand_tool_type":[],"industry":[931],"material":[],"power_tool_type":[1072],"power_type":[972],"subcategory":[1070],"tool_type":[946],"class_list":{"0":"post-177448","1":"product","2":"type-product","3":"status-publish","4":"has-post-thumbnail","6":"product_cat-preparacion-de-superficies","7":"product_tag-preparacion-de-la-superficie-del-hormigon","8":"product_tag-vibro-lo","9":"product_tag-esquiroles","10":"application-corte-y-demolicion","11":"industry-hormigon-y-mamposteria","12":"power_tool_type-scabbler","13":"power_type-aire","14":"subcategory-escarificadoras-de-hormigon","15":"tool_type-herramienta-electrica","17":"first","18":"instock","19":"shipping-taxable","20":"purchasable","21":"product-type-variable"},"yoast_head":"<!-- This site is optimized with the Yoast SEO plugin v27.5 - https:\/\/yoast.com\/product\/yoast-seo-wordpress\/ -->\n<title>Rascadores de postes de hormig\u00f3n LPS55 y VL LRS55 - CS Unitec<\/title>\n<meta name=\"description\" content=\"El Raspador de Hormig\u00f3n para Postes proporciona una gran potencia de raspado para zonas de dif\u00edcil acceso. Prepara esquinas, bordes, juntas, zonas verticales, elevadas y espacios reducidos.\" \/>\n<meta name=\"robots\" content=\"index, follow, max-snippet:-1, max-image-preview:large, max-video-preview:-1\" \/>\n<link rel=\"canonical\" href=\"https:\/\/csunitec.com\/es\/producto\/rascadores-de-postes-de-hormigon\/\" \/>\n<meta property=\"og:locale\" content=\"es_ES\" \/>\n<meta property=\"og:type\" content=\"article\" \/>\n<meta property=\"og:title\" content=\"Rascadores de postes de hormig\u00f3n LPS55 y VL LRS55 - CS Unitec\" \/>\n<meta property=\"og:description\" content=\"El Raspador de Hormig\u00f3n para Postes proporciona una gran potencia de raspado para zonas de dif\u00edcil acceso. Prepara esquinas, bordes, juntas, zonas verticales, elevadas y espacios reducidos.\" \/>\n<meta property=\"og:url\" content=\"https:\/\/csunitec.com\/es\/producto\/rascadores-de-postes-de-hormigon\/\" \/>\n<meta property=\"og:site_name\" content=\"CS Unitec\" \/>\n<meta property=\"article:modified_time\" content=\"2026-05-08T01:16:16+00:00\" \/>\n<meta property=\"og:image\" content=\"https:\/\/csunitec.com\/wp-content\/uploads\/2024\/12\/Pole-Concrete-Scabblers-1-2-1.png\" \/>\n\t<meta property=\"og:image:width\" content=\"1000\" \/>\n\t<meta property=\"og:image:height\" content=\"1000\" \/>\n\t<meta property=\"og:image:type\" content=\"image\/png\" \/>\n<meta name=\"twitter:card\" content=\"summary_large_image\" \/>\n<meta name=\"twitter:label1\" content=\"Tiempo de lectura\" \/>\n\t<meta name=\"twitter:data1\" content=\"1 minuto\" \/>\n<script type=\"application\/ld+json\" class=\"yoast-schema-graph\">{\"@context\":\"https:\\\/\\\/schema.org\",\"@graph\":[{\"@type\":\"WebPage\",\"@id\":\"https:\\\/\\\/csunitec.com\\\/es\\\/producto\\\/rascadores-de-postes-de-hormigon\\\/\",\"url\":\"https:\\\/\\\/csunitec.com\\\/es\\\/producto\\\/rascadores-de-postes-de-hormigon\\\/\",\"name\":\"Rascadores de postes de hormig\u00f3n LPS55 y VL LRS55 - CS Unitec\",\"isPartOf\":{\"@id\":\"https:\\\/\\\/csunitec.com\\\/es\\\/#website\"},\"primaryImageOfPage\":{\"@id\":\"https:\\\/\\\/csunitec.com\\\/es\\\/producto\\\/rascadores-de-postes-de-hormigon\\\/#primaryimage\"},\"image\":{\"@id\":\"https:\\\/\\\/csunitec.com\\\/es\\\/producto\\\/rascadores-de-postes-de-hormigon\\\/#primaryimage\"},\"thumbnailUrl\":\"https:\\\/\\\/csunitec.com\\\/wp-content\\\/uploads\\\/2024\\\/12\\\/Pole-Concrete-Scabblers-1-2-1.png\",\"datePublished\":\"2024-12-10T00:27:00+00:00\",\"dateModified\":\"2026-05-08T01:16:16+00:00\",\"description\":\"El Raspador de Hormig\u00f3n para Postes proporciona una gran potencia de raspado para zonas de dif\u00edcil acceso. Prepara esquinas, bordes, juntas, zonas verticales, elevadas y espacios reducidos.\",\"breadcrumb\":{\"@id\":\"https:\\\/\\\/csunitec.com\\\/es\\\/producto\\\/rascadores-de-postes-de-hormigon\\\/#breadcrumb\"},\"inLanguage\":\"es\",\"potentialAction\":[{\"@type\":\"ReadAction\",\"target\":[\"https:\\\/\\\/csunitec.com\\\/es\\\/producto\\\/rascadores-de-postes-de-hormigon\\\/\"]}]},{\"@type\":\"ImageObject\",\"inLanguage\":\"es\",\"@id\":\"https:\\\/\\\/csunitec.com\\\/es\\\/producto\\\/rascadores-de-postes-de-hormigon\\\/#primaryimage\",\"url\":\"https:\\\/\\\/csunitec.com\\\/wp-content\\\/uploads\\\/2024\\\/12\\\/Pole-Concrete-Scabblers-1-2-1.png\",\"contentUrl\":\"https:\\\/\\\/csunitec.com\\\/wp-content\\\/uploads\\\/2024\\\/12\\\/Pole-Concrete-Scabblers-1-2-1.png\",\"width\":1000,\"height\":1000},{\"@type\":\"BreadcrumbList\",\"@id\":\"https:\\\/\\\/csunitec.com\\\/es\\\/producto\\\/rascadores-de-postes-de-hormigon\\\/#breadcrumb\",\"itemListElement\":[{\"@type\":\"ListItem\",\"position\":1,\"name\":\"Inicio\",\"item\":\"https:\\\/\\\/csunitec.com\\\/es\\\/\"},{\"@type\":\"ListItem\",\"position\":2,\"name\":\"Tienda\",\"item\":\"https:\\\/\\\/csunitec.com\\\/es\\\/tienda\\\/\"},{\"@type\":\"ListItem\",\"position\":3,\"name\":\"Rascadores de postes de hormig\u00f3n LPS55 y VL LRS55\"}]},{\"@type\":\"WebSite\",\"@id\":\"https:\\\/\\\/csunitec.com\\\/es\\\/#website\",\"url\":\"https:\\\/\\\/csunitec.com\\\/es\\\/\",\"name\":\"CS Unitec\",\"description\":\"\",\"potentialAction\":[{\"@type\":\"SearchAction\",\"target\":{\"@type\":\"EntryPoint\",\"urlTemplate\":\"https:\\\/\\\/csunitec.com\\\/es\\\/?s={search_term_string}\"},\"query-input\":{\"@type\":\"PropertyValueSpecification\",\"valueRequired\":true,\"valueName\":\"search_term_string\"}}],\"inLanguage\":\"es\"}]}<\/script>\n<!-- \/ Yoast SEO plugin. -->","yoast_head_json":{"title":"Rascadores de postes de hormig\u00f3n LPS55 y VL LRS55 - CS Unitec","description":"El Raspador de Hormig\u00f3n para Postes proporciona una gran potencia de raspado para zonas de dif\u00edcil acceso. Prepara esquinas, bordes, juntas, zonas verticales, elevadas y espacios reducidos.","robots":{"index":"index","follow":"follow","max-snippet":"max-snippet:-1","max-image-preview":"max-image-preview:large","max-video-preview":"max-video-preview:-1"},"canonical":"https:\/\/csunitec.com\/es\/producto\/rascadores-de-postes-de-hormigon\/","og_locale":"es_ES","og_type":"article","og_title":"Rascadores de postes de hormig\u00f3n LPS55 y VL LRS55 - CS Unitec","og_description":"El Raspador de Hormig\u00f3n para Postes proporciona una gran potencia de raspado para zonas de dif\u00edcil acceso. Prepara esquinas, bordes, juntas, zonas verticales, elevadas y espacios reducidos.","og_url":"https:\/\/csunitec.com\/es\/producto\/rascadores-de-postes-de-hormigon\/","og_site_name":"CS Unitec","article_modified_time":"2026-05-08T01:16:16+00:00","og_image":[{"width":1000,"height":1000,"url":"https:\/\/csunitec.com\/wp-content\/uploads\/2024\/12\/Pole-Concrete-Scabblers-1-2-1.png","type":"image\/png"}],"twitter_card":"summary_large_image","twitter_misc":{"Tiempo de lectura":"1 minuto"},"schema":{"@context":"https:\/\/schema.org","@graph":[{"@type":"WebPage","@id":"https:\/\/csunitec.com\/es\/producto\/rascadores-de-postes-de-hormigon\/","url":"https:\/\/csunitec.com\/es\/producto\/rascadores-de-postes-de-hormigon\/","name":"Rascadores de postes de hormig\u00f3n LPS55 y VL LRS55 - CS Unitec","isPartOf":{"@id":"https:\/\/csunitec.com\/es\/#website"},"primaryImageOfPage":{"@id":"https:\/\/csunitec.com\/es\/producto\/rascadores-de-postes-de-hormigon\/#primaryimage"},"image":{"@id":"https:\/\/csunitec.com\/es\/producto\/rascadores-de-postes-de-hormigon\/#primaryimage"},"thumbnailUrl":"https:\/\/csunitec.com\/wp-content\/uploads\/2024\/12\/Pole-Concrete-Scabblers-1-2-1.png","datePublished":"2024-12-10T00:27:00+00:00","dateModified":"2026-05-08T01:16:16+00:00","description":"El Raspador de Hormig\u00f3n para Postes proporciona una gran potencia de raspado para zonas de dif\u00edcil acceso. Prepara esquinas, bordes, juntas, zonas verticales, elevadas y espacios reducidos.","breadcrumb":{"@id":"https:\/\/csunitec.com\/es\/producto\/rascadores-de-postes-de-hormigon\/#breadcrumb"},"inLanguage":"es","potentialAction":[{"@type":"ReadAction","target":["https:\/\/csunitec.com\/es\/producto\/rascadores-de-postes-de-hormigon\/"]}]},{"@type":"ImageObject","inLanguage":"es","@id":"https:\/\/csunitec.com\/es\/producto\/rascadores-de-postes-de-hormigon\/#primaryimage","url":"https:\/\/csunitec.com\/wp-content\/uploads\/2024\/12\/Pole-Concrete-Scabblers-1-2-1.png","contentUrl":"https:\/\/csunitec.com\/wp-content\/uploads\/2024\/12\/Pole-Concrete-Scabblers-1-2-1.png","width":1000,"height":1000},{"@type":"BreadcrumbList","@id":"https:\/\/csunitec.com\/es\/producto\/rascadores-de-postes-de-hormigon\/#breadcrumb","itemListElement":[{"@type":"ListItem","position":1,"name":"Inicio","item":"https:\/\/csunitec.com\/es\/"},{"@type":"ListItem","position":2,"name":"Tienda","item":"https:\/\/csunitec.com\/es\/tienda\/"},{"@type":"ListItem","position":3,"name":"Rascadores de postes de hormig\u00f3n LPS55 y VL LRS55"}]},{"@type":"WebSite","@id":"https:\/\/csunitec.com\/es\/#website","url":"https:\/\/csunitec.com\/es\/","name":"CS Unitec","description":"","potentialAction":[{"@type":"SearchAction","target":{"@type":"EntryPoint","urlTemplate":"https:\/\/csunitec.com\/es\/?s={search_term_string}"},"query-input":{"@type":"PropertyValueSpecification","valueRequired":true,"valueName":"search_term_string"}}],"inLanguage":"es"}]}},"_links":{"self":[{"href":"https:\/\/csunitec.com\/es\/wp-json\/wp\/v2\/product\/177448","targetHints":{"allow":["GET"]}}],"collection":[{"href":"https:\/\/csunitec.com\/es\/wp-json\/wp\/v2\/product"}],"about":[{"href":"https:\/\/csunitec.com\/es\/wp-json\/wp\/v2\/types\/product"}],"wp:featuredmedia":[{"embeddable":true,"href":"https:\/\/csunitec.com\/es\/wp-json\/wp\/v2\/media\/177452"}],"wp:attachment":[{"href":"https:\/\/csunitec.com\/es\/wp-json\/wp\/v2\/media?parent=177448"}],"wp:term":[{"taxonomy":"product_brand","embeddable":true,"href":"https:\/\/csunitec.com\/es\/wp-json\/wp\/v2\/product_brand?post=177448"},{"taxonomy":"product_cat","embeddable":true,"href":"https:\/\/csunitec.com\/es\/wp-json\/wp\/v2\/product_cat?post=177448"},{"taxonomy":"product_tag","embeddable":true,"href":"https:\/\/csunitec.com\/es\/wp-json\/wp\/v2\/product_tag?post=177448"},{"taxonomy":"accessory_type","embeddable":true,"href":"https:\/\/csunitec.com\/es\/wp-json\/wp\/v2\/accessory_type?post=177448"},{"taxonomy":"application","embeddable":true,"href":"https:\/\/csunitec.com\/es\/wp-json\/wp\/v2\/application?post=177448"},{"taxonomy":"hand_tool_type","embeddable":true,"href":"https:\/\/csunitec.com\/es\/wp-json\/wp\/v2\/hand_tool_type?post=177448"},{"taxonomy":"industry","embeddable":true,"href":"https:\/\/csunitec.com\/es\/wp-json\/wp\/v2\/industry?post=177448"},{"taxonomy":"material","embeddable":true,"href":"https:\/\/csunitec.com\/es\/wp-json\/wp\/v2\/material?post=177448"},{"taxonomy":"power_tool_type","embeddable":true,"href":"https:\/\/csunitec.com\/es\/wp-json\/wp\/v2\/power_tool_type?post=177448"},{"taxonomy":"power_type","embeddable":true,"href":"https:\/\/csunitec.com\/es\/wp-json\/wp\/v2\/power_type?post=177448"},{"taxonomy":"subcategory","embeddable":true,"href":"https:\/\/csunitec.com\/es\/wp-json\/wp\/v2\/subcategory?post=177448"},{"taxonomy":"tool_type","embeddable":true,"href":"https:\/\/csunitec.com\/es\/wp-json\/wp\/v2\/tool_type?post=177448"}],"curies":[{"name":"wp","href":"https:\/\/api.w.org\/{rel}","templated":true}]}}