{"id":177449,"date":"2024-12-09T14:22:00","date_gmt":"2024-12-09T14:22:00","guid":{"rendered":"https:\/\/stgcsunitec.wpenginepowered.com\/product\/martillo-neumatico-para-desincrustar-cubiertas-sf11\/"},"modified":"2026-04-30T01:59:04","modified_gmt":"2026-04-30T05:59:04","slug":"martillo-neumatico-para-desincrustar-cubiertas-sf11","status":"publish","type":"product","link":"https:\/\/csunitec.com\/es\/producto\/martillo-neumatico-para-desincrustar-cubiertas-sf11\/","title":{"rendered":"Martillo neum\u00e1tico para desincrustar cubiertas SF11"},"content":{"rendered":"<ul>\n<li>El Martillo Neum\u00e1tico para Incrustaciones en Cubiertas rompe el \u00f3xido pesado, las incrustaciones marinas, el epoxi y las acumulaciones endurecidas en cubiertas, suelos, cascos de barcos, tanques y estructuras industriales.<\/li>\n<li>Perfecto para el mantenimiento marino y de alta mar, la limpieza de cubiertas de acero, tanques de lastre, mamparos y espacios confinados donde la corrosi\u00f3n se acumula r\u00e1pidamente.<\/li>\n<li>Elimina los revestimientos y la corrosi\u00f3n de pasarelas, plataformas, dep\u00f3sitos y acero estructural en entornos industriales exigentes.<\/li>\n<li>Fractura y elimina el hormig\u00f3n deteriorado, los revestimientos y las acumulaciones para preparar las superficies para su reparaci\u00f3n o recubrimiento.<\/li>\n<li>Los cabezales opcionales de Cobre Berilio hacen que el SF11 sea adecuado para zonas peligrosas.<\/li>\n<li>El martillo neum\u00e1tico para desincrustar requiere s\u00f3lo 15 cm de espacio libre, lo que lo hace perfecto para trabajar bajo tuber\u00edas, plataformas y obstrucciones estructurales.<\/li>\n<\/ul>\n","protected":false},"excerpt":{"rendered":"<ul>\n<li>Golpes por minuto: Hasta 33000<\/li>\n<li>Niveles de vibraci\u00f3n: 5,76 m\/s2<\/li>\n<li>Nivel de ruido: 113,1 dB(A)<\/li>\n<li>Consumo de aire: 70 CFM @ 90 PSI<\/li>\n<\/ul>\n","protected":false},"featured_media":177457,"template":"","meta":[],"product_brand":[],"product_cat":[1033],"product_tag":[1038,1039,1078],"accessory_type":[],"application":[1035],"hand_tool_type":[],"industry":[933],"material":[],"power_tool_type":[1056],"power_type":[972],"subcategory":[1040],"tool_type":[946],"class_list":{"0":"post-177449","1":"product","2":"type-product","3":"status-publish","4":"has-post-thumbnail","6":"product_cat-preparacion-de-superficies","7":"product_tag-preparacion-de-la-superficie-metalica","8":"product_tag-vibro-lo","9":"product_tag-escalador-de-cubierta","10":"application-acabado-y-preparacion-de-superficies","11":"industry-metalurgia-2","12":"power_tool_type-escalador","13":"power_type-aire","14":"subcategory-escarificadores","15":"tool_type-herramienta-electrica","17":"first","18":"instock","19":"shipping-taxable","20":"purchasable","21":"product-type-variable"},"yoast_head":"<!-- This site is optimized with the Yoast SEO plugin v27.5 - https:\/\/yoast.com\/product\/yoast-seo-wordpress\/ -->\n<title>Martillo neum\u00e1tico para desincrustar cubiertas SF11 - CS Unitec<\/title>\n<meta name=\"description\" content=\"Martillo neum\u00e1tico desincrustador ideal para eliminar incrustaciones gruesas, corrosi\u00f3n intensa y revestimientos duros en entornos potencialmente peligrosos. Tecnolog\u00eda Vibro-Lo.\" \/>\n<meta name=\"robots\" content=\"index, follow, max-snippet:-1, max-image-preview:large, max-video-preview:-1\" \/>\n<link rel=\"canonical\" href=\"https:\/\/csunitec.com\/es\/producto\/martillo-neumatico-para-desincrustar-cubiertas-sf11\/\" \/>\n<meta property=\"og:locale\" content=\"es_ES\" \/>\n<meta property=\"og:type\" content=\"article\" \/>\n<meta property=\"og:title\" content=\"Martillo neum\u00e1tico para desincrustar cubiertas SF11 - CS Unitec\" \/>\n<meta property=\"og:description\" content=\"Martillo neum\u00e1tico desincrustador ideal para eliminar incrustaciones gruesas, corrosi\u00f3n intensa y revestimientos duros en entornos potencialmente peligrosos. Tecnolog\u00eda Vibro-Lo.\" \/>\n<meta property=\"og:url\" content=\"https:\/\/csunitec.com\/es\/producto\/martillo-neumatico-para-desincrustar-cubiertas-sf11\/\" \/>\n<meta property=\"og:site_name\" content=\"CS Unitec\" \/>\n<meta property=\"article:modified_time\" content=\"2026-04-30T05:59:04+00:00\" \/>\n<meta property=\"og:image\" content=\"https:\/\/csunitec.com\/wp-content\/uploads\/2025\/04\/Deck-Scaler-1-2-1.png\" \/>\n\t<meta property=\"og:image:width\" content=\"1000\" \/>\n\t<meta property=\"og:image:height\" content=\"1000\" \/>\n\t<meta property=\"og:image:type\" content=\"image\/png\" \/>\n<meta name=\"twitter:card\" content=\"summary_large_image\" \/>\n<meta name=\"twitter:label1\" content=\"Tiempo de lectura\" \/>\n\t<meta name=\"twitter:data1\" content=\"1 minuto\" \/>\n<script type=\"application\/ld+json\" class=\"yoast-schema-graph\">{\"@context\":\"https:\\\/\\\/schema.org\",\"@graph\":[{\"@type\":\"WebPage\",\"@id\":\"https:\\\/\\\/csunitec.com\\\/es\\\/producto\\\/martillo-neumatico-para-desincrustar-cubiertas-sf11\\\/\",\"url\":\"https:\\\/\\\/csunitec.com\\\/es\\\/producto\\\/martillo-neumatico-para-desincrustar-cubiertas-sf11\\\/\",\"name\":\"Martillo neum\u00e1tico para desincrustar cubiertas SF11 - CS Unitec\",\"isPartOf\":{\"@id\":\"https:\\\/\\\/csunitec.com\\\/es\\\/#website\"},\"primaryImageOfPage\":{\"@id\":\"https:\\\/\\\/csunitec.com\\\/es\\\/producto\\\/martillo-neumatico-para-desincrustar-cubiertas-sf11\\\/#primaryimage\"},\"image\":{\"@id\":\"https:\\\/\\\/csunitec.com\\\/es\\\/producto\\\/martillo-neumatico-para-desincrustar-cubiertas-sf11\\\/#primaryimage\"},\"thumbnailUrl\":\"https:\\\/\\\/csunitec.com\\\/wp-content\\\/uploads\\\/2025\\\/04\\\/Deck-Scaler-1-2-1.png\",\"datePublished\":\"2024-12-09T14:22:00+00:00\",\"dateModified\":\"2026-04-30T05:59:04+00:00\",\"description\":\"Martillo neum\u00e1tico desincrustador ideal para eliminar incrustaciones gruesas, corrosi\u00f3n intensa y revestimientos duros en entornos potencialmente peligrosos. Tecnolog\u00eda Vibro-Lo.\",\"breadcrumb\":{\"@id\":\"https:\\\/\\\/csunitec.com\\\/es\\\/producto\\\/martillo-neumatico-para-desincrustar-cubiertas-sf11\\\/#breadcrumb\"},\"inLanguage\":\"es\",\"potentialAction\":[{\"@type\":\"ReadAction\",\"target\":[\"https:\\\/\\\/csunitec.com\\\/es\\\/producto\\\/martillo-neumatico-para-desincrustar-cubiertas-sf11\\\/\"]}]},{\"@type\":\"ImageObject\",\"inLanguage\":\"es\",\"@id\":\"https:\\\/\\\/csunitec.com\\\/es\\\/producto\\\/martillo-neumatico-para-desincrustar-cubiertas-sf11\\\/#primaryimage\",\"url\":\"https:\\\/\\\/csunitec.com\\\/wp-content\\\/uploads\\\/2025\\\/04\\\/Deck-Scaler-1-2-1.png\",\"contentUrl\":\"https:\\\/\\\/csunitec.com\\\/wp-content\\\/uploads\\\/2025\\\/04\\\/Deck-Scaler-1-2-1.png\",\"width\":1000,\"height\":1000},{\"@type\":\"BreadcrumbList\",\"@id\":\"https:\\\/\\\/csunitec.com\\\/es\\\/producto\\\/martillo-neumatico-para-desincrustar-cubiertas-sf11\\\/#breadcrumb\",\"itemListElement\":[{\"@type\":\"ListItem\",\"position\":1,\"name\":\"Inicio\",\"item\":\"https:\\\/\\\/csunitec.com\\\/es\\\/\"},{\"@type\":\"ListItem\",\"position\":2,\"name\":\"Tienda\",\"item\":\"https:\\\/\\\/csunitec.com\\\/es\\\/tienda\\\/\"},{\"@type\":\"ListItem\",\"position\":3,\"name\":\"Martillo neum\u00e1tico para desincrustar cubiertas SF11\"}]},{\"@type\":\"WebSite\",\"@id\":\"https:\\\/\\\/csunitec.com\\\/es\\\/#website\",\"url\":\"https:\\\/\\\/csunitec.com\\\/es\\\/\",\"name\":\"CS Unitec\",\"description\":\"\",\"potentialAction\":[{\"@type\":\"SearchAction\",\"target\":{\"@type\":\"EntryPoint\",\"urlTemplate\":\"https:\\\/\\\/csunitec.com\\\/es\\\/?s={search_term_string}\"},\"query-input\":{\"@type\":\"PropertyValueSpecification\",\"valueRequired\":true,\"valueName\":\"search_term_string\"}}],\"inLanguage\":\"es\"}]}<\/script>\n<!-- \/ Yoast SEO plugin. -->","yoast_head_json":{"title":"Martillo neum\u00e1tico para desincrustar cubiertas SF11 - CS Unitec","description":"Martillo neum\u00e1tico desincrustador ideal para eliminar incrustaciones gruesas, corrosi\u00f3n intensa y revestimientos duros en entornos potencialmente peligrosos. Tecnolog\u00eda Vibro-Lo.","robots":{"index":"index","follow":"follow","max-snippet":"max-snippet:-1","max-image-preview":"max-image-preview:large","max-video-preview":"max-video-preview:-1"},"canonical":"https:\/\/csunitec.com\/es\/producto\/martillo-neumatico-para-desincrustar-cubiertas-sf11\/","og_locale":"es_ES","og_type":"article","og_title":"Martillo neum\u00e1tico para desincrustar cubiertas SF11 - CS Unitec","og_description":"Martillo neum\u00e1tico desincrustador ideal para eliminar incrustaciones gruesas, corrosi\u00f3n intensa y revestimientos duros en entornos potencialmente peligrosos. Tecnolog\u00eda Vibro-Lo.","og_url":"https:\/\/csunitec.com\/es\/producto\/martillo-neumatico-para-desincrustar-cubiertas-sf11\/","og_site_name":"CS Unitec","article_modified_time":"2026-04-30T05:59:04+00:00","og_image":[{"width":1000,"height":1000,"url":"https:\/\/csunitec.com\/wp-content\/uploads\/2025\/04\/Deck-Scaler-1-2-1.png","type":"image\/png"}],"twitter_card":"summary_large_image","twitter_misc":{"Tiempo de lectura":"1 minuto"},"schema":{"@context":"https:\/\/schema.org","@graph":[{"@type":"WebPage","@id":"https:\/\/csunitec.com\/es\/producto\/martillo-neumatico-para-desincrustar-cubiertas-sf11\/","url":"https:\/\/csunitec.com\/es\/producto\/martillo-neumatico-para-desincrustar-cubiertas-sf11\/","name":"Martillo neum\u00e1tico para desincrustar cubiertas SF11 - CS Unitec","isPartOf":{"@id":"https:\/\/csunitec.com\/es\/#website"},"primaryImageOfPage":{"@id":"https:\/\/csunitec.com\/es\/producto\/martillo-neumatico-para-desincrustar-cubiertas-sf11\/#primaryimage"},"image":{"@id":"https:\/\/csunitec.com\/es\/producto\/martillo-neumatico-para-desincrustar-cubiertas-sf11\/#primaryimage"},"thumbnailUrl":"https:\/\/csunitec.com\/wp-content\/uploads\/2025\/04\/Deck-Scaler-1-2-1.png","datePublished":"2024-12-09T14:22:00+00:00","dateModified":"2026-04-30T05:59:04+00:00","description":"Martillo neum\u00e1tico desincrustador ideal para eliminar incrustaciones gruesas, corrosi\u00f3n intensa y revestimientos duros en entornos potencialmente peligrosos. Tecnolog\u00eda Vibro-Lo.","breadcrumb":{"@id":"https:\/\/csunitec.com\/es\/producto\/martillo-neumatico-para-desincrustar-cubiertas-sf11\/#breadcrumb"},"inLanguage":"es","potentialAction":[{"@type":"ReadAction","target":["https:\/\/csunitec.com\/es\/producto\/martillo-neumatico-para-desincrustar-cubiertas-sf11\/"]}]},{"@type":"ImageObject","inLanguage":"es","@id":"https:\/\/csunitec.com\/es\/producto\/martillo-neumatico-para-desincrustar-cubiertas-sf11\/#primaryimage","url":"https:\/\/csunitec.com\/wp-content\/uploads\/2025\/04\/Deck-Scaler-1-2-1.png","contentUrl":"https:\/\/csunitec.com\/wp-content\/uploads\/2025\/04\/Deck-Scaler-1-2-1.png","width":1000,"height":1000},{"@type":"BreadcrumbList","@id":"https:\/\/csunitec.com\/es\/producto\/martillo-neumatico-para-desincrustar-cubiertas-sf11\/#breadcrumb","itemListElement":[{"@type":"ListItem","position":1,"name":"Inicio","item":"https:\/\/csunitec.com\/es\/"},{"@type":"ListItem","position":2,"name":"Tienda","item":"https:\/\/csunitec.com\/es\/tienda\/"},{"@type":"ListItem","position":3,"name":"Martillo neum\u00e1tico para desincrustar cubiertas SF11"}]},{"@type":"WebSite","@id":"https:\/\/csunitec.com\/es\/#website","url":"https:\/\/csunitec.com\/es\/","name":"CS Unitec","description":"","potentialAction":[{"@type":"SearchAction","target":{"@type":"EntryPoint","urlTemplate":"https:\/\/csunitec.com\/es\/?s={search_term_string}"},"query-input":{"@type":"PropertyValueSpecification","valueRequired":true,"valueName":"search_term_string"}}],"inLanguage":"es"}]}},"_links":{"self":[{"href":"https:\/\/csunitec.com\/es\/wp-json\/wp\/v2\/product\/177449","targetHints":{"allow":["GET"]}}],"collection":[{"href":"https:\/\/csunitec.com\/es\/wp-json\/wp\/v2\/product"}],"about":[{"href":"https:\/\/csunitec.com\/es\/wp-json\/wp\/v2\/types\/product"}],"wp:featuredmedia":[{"embeddable":true,"href":"https:\/\/csunitec.com\/es\/wp-json\/wp\/v2\/media\/177457"}],"wp:attachment":[{"href":"https:\/\/csunitec.com\/es\/wp-json\/wp\/v2\/media?parent=177449"}],"wp:term":[{"taxonomy":"product_brand","embeddable":true,"href":"https:\/\/csunitec.com\/es\/wp-json\/wp\/v2\/product_brand?post=177449"},{"taxonomy":"product_cat","embeddable":true,"href":"https:\/\/csunitec.com\/es\/wp-json\/wp\/v2\/product_cat?post=177449"},{"taxonomy":"product_tag","embeddable":true,"href":"https:\/\/csunitec.com\/es\/wp-json\/wp\/v2\/product_tag?post=177449"},{"taxonomy":"accessory_type","embeddable":true,"href":"https:\/\/csunitec.com\/es\/wp-json\/wp\/v2\/accessory_type?post=177449"},{"taxonomy":"application","embeddable":true,"href":"https:\/\/csunitec.com\/es\/wp-json\/wp\/v2\/application?post=177449"},{"taxonomy":"hand_tool_type","embeddable":true,"href":"https:\/\/csunitec.com\/es\/wp-json\/wp\/v2\/hand_tool_type?post=177449"},{"taxonomy":"industry","embeddable":true,"href":"https:\/\/csunitec.com\/es\/wp-json\/wp\/v2\/industry?post=177449"},{"taxonomy":"material","embeddable":true,"href":"https:\/\/csunitec.com\/es\/wp-json\/wp\/v2\/material?post=177449"},{"taxonomy":"power_tool_type","embeddable":true,"href":"https:\/\/csunitec.com\/es\/wp-json\/wp\/v2\/power_tool_type?post=177449"},{"taxonomy":"power_type","embeddable":true,"href":"https:\/\/csunitec.com\/es\/wp-json\/wp\/v2\/power_type?post=177449"},{"taxonomy":"subcategory","embeddable":true,"href":"https:\/\/csunitec.com\/es\/wp-json\/wp\/v2\/subcategory?post=177449"},{"taxonomy":"tool_type","embeddable":true,"href":"https:\/\/csunitec.com\/es\/wp-json\/wp\/v2\/tool_type?post=177449"}],"curies":[{"name":"wp","href":"https:\/\/api.w.org\/{rel}","templated":true}]}}