{"id":177477,"date":"2024-12-09T17:23:00","date_gmt":"2024-12-09T22:23:00","guid":{"rendered":"https:\/\/stgcsunitec.wpenginepowered.com\/product\/martillo-neumatico-monocabezal-para-trabajos-pesados\/"},"modified":"2026-04-30T01:59:09","modified_gmt":"2026-04-30T05:59:09","slug":"martillo-neumatico-monocabezal-para-trabajos-pesados","status":"publish","type":"product","link":"https:\/\/csunitec.com\/es\/producto\/martillo-neumatico-monocabezal-para-trabajos-pesados\/","title":{"rendered":"Martillo neum\u00e1tico monocabezal para trabajos pesados"},"content":{"rendered":"<ul>\n<li>Martillo neum\u00e1tico monocabezal dise\u00f1ado para eliminar dep\u00f3sitos de cascarilla de acero. Los martillos picadores manuales para trabajos pesados propinan golpes de gran impacto que rompen la resistente contaminaci\u00f3n superficial del hormig\u00f3n y los sustratos met\u00e1licos, por lo que son ideales para el mantenimiento industrial y la rehabilitaci\u00f3n de infraestructuras. <\/li>\n<li>Construidas para preparar grietas de hormig\u00f3n para su reparaci\u00f3n, las herramientas crean un perfil limpio y rugoso que mejora la adherencia de los materiales de parcheo, los rellenos epox\u00eddicos y los compuestos de reparaci\u00f3n estructural.<\/li>\n<li>Eficaz para texturizar, desbastar y reducir hormig\u00f3n, permitiendo a los operarios conseguir una eliminaci\u00f3n controlada de material al corregir imperfecciones superficiales, reducir puntos altos o establecer un Perfil de Superficie de Hormig\u00f3n (PSS) uniforme.<\/li>\n<li>Martillo neum\u00e1tico monocabezal para desbastar, ideal para desbastar hormig\u00f3n y dejar al descubierto los \u00e1ridos, lo que permite una correcta adherencia mec\u00e1nica de recubrimientos, morteros de reparaci\u00f3n, membranas impermeabilizantes y revestimientos protectores.<\/li>\n<\/ul>\n","protected":false},"excerpt":{"rendered":"<ul>\n<li>Velocidad de producci\u00f3n: 50 pies cuadrados\/hora<\/li>\n<li>Golpes por minuto: 2400<\/li>\n<li>Niveles de vibraci\u00f3n: 7 m\/s2<\/li>\n<li>Potencia del motor: 6,5 CFM (90 PSI)<\/li>\n<\/ul>\n","protected":false},"featured_media":177483,"template":"","meta":[],"product_brand":[],"product_cat":[1033],"product_tag":[1037,1079,1039],"accessory_type":[],"application":[1067],"hand_tool_type":[],"industry":[931],"material":[],"power_tool_type":[1072],"power_type":[972],"subcategory":[1070],"tool_type":[946],"class_list":{"0":"post-177477","1":"product","2":"type-product","3":"status-publish","4":"has-post-thumbnail","6":"product_cat-preparacion-de-superficies","7":"product_tag-preparacion-de-la-superficie-del-hormigon","8":"product_tag-rascadores-manuales","9":"product_tag-vibro-lo","10":"application-corte-y-demolicion","11":"industry-hormigon-y-mamposteria","12":"power_tool_type-scabbler","13":"power_type-aire","14":"subcategory-escarificadoras-de-hormigon","15":"tool_type-herramienta-electrica","17":"first","18":"instock","19":"shipping-taxable","20":"purchasable","21":"product-type-variable"},"yoast_head":"<!-- This site is optimized with the Yoast SEO plugin v27.5 - https:\/\/yoast.com\/product\/yoast-seo-wordpress\/ -->\n<title>Martillo neum\u00e1tico monocabezal para trabajos pesados - CS Unitec<\/title>\n<meta name=\"description\" content=\"El martillo neum\u00e1tico monocabezal para desbastar proporciona golpes de alto impacto que rompen la contaminaci\u00f3n superficial resistente en sustratos de hormig\u00f3n y metal\" \/>\n<meta name=\"robots\" content=\"index, follow, max-snippet:-1, max-image-preview:large, max-video-preview:-1\" \/>\n<link rel=\"canonical\" href=\"https:\/\/csunitec.com\/es\/producto\/martillo-neumatico-monocabezal-para-trabajos-pesados\/\" \/>\n<meta property=\"og:locale\" content=\"es_ES\" \/>\n<meta property=\"og:type\" content=\"article\" \/>\n<meta property=\"og:title\" content=\"Martillo neum\u00e1tico monocabezal para trabajos pesados - CS Unitec\" \/>\n<meta property=\"og:description\" content=\"El martillo neum\u00e1tico monocabezal para desbastar proporciona golpes de alto impacto que rompen la contaminaci\u00f3n superficial resistente en sustratos de hormig\u00f3n y metal\" \/>\n<meta property=\"og:url\" content=\"https:\/\/csunitec.com\/es\/producto\/martillo-neumatico-monocabezal-para-trabajos-pesados\/\" \/>\n<meta property=\"og:site_name\" content=\"CS Unitec\" \/>\n<meta property=\"article:modified_time\" content=\"2026-04-30T05:59:09+00:00\" \/>\n<meta property=\"og:image\" content=\"https:\/\/csunitec.com\/wp-content\/uploads\/2024\/12\/Short-Handle-Heavy-Duty-Single-Head-Scabbler-2-2-1.png\" \/>\n\t<meta property=\"og:image:width\" content=\"1200\" \/>\n\t<meta property=\"og:image:height\" content=\"1200\" \/>\n\t<meta property=\"og:image:type\" content=\"image\/png\" \/>\n<meta name=\"twitter:card\" content=\"summary_large_image\" \/>\n<meta name=\"twitter:label1\" content=\"Tiempo de lectura\" \/>\n\t<meta name=\"twitter:data1\" content=\"1 minuto\" \/>\n<script type=\"application\/ld+json\" class=\"yoast-schema-graph\">{\"@context\":\"https:\\\/\\\/schema.org\",\"@graph\":[{\"@type\":\"WebPage\",\"@id\":\"https:\\\/\\\/csunitec.com\\\/es\\\/producto\\\/martillo-neumatico-monocabezal-para-trabajos-pesados\\\/\",\"url\":\"https:\\\/\\\/csunitec.com\\\/es\\\/producto\\\/martillo-neumatico-monocabezal-para-trabajos-pesados\\\/\",\"name\":\"Martillo neum\u00e1tico monocabezal para trabajos pesados - CS Unitec\",\"isPartOf\":{\"@id\":\"https:\\\/\\\/csunitec.com\\\/es\\\/#website\"},\"primaryImageOfPage\":{\"@id\":\"https:\\\/\\\/csunitec.com\\\/es\\\/producto\\\/martillo-neumatico-monocabezal-para-trabajos-pesados\\\/#primaryimage\"},\"image\":{\"@id\":\"https:\\\/\\\/csunitec.com\\\/es\\\/producto\\\/martillo-neumatico-monocabezal-para-trabajos-pesados\\\/#primaryimage\"},\"thumbnailUrl\":\"https:\\\/\\\/csunitec.com\\\/wp-content\\\/uploads\\\/2024\\\/12\\\/Short-Handle-Heavy-Duty-Single-Head-Scabbler-2-2-1.png\",\"datePublished\":\"2024-12-09T22:23:00+00:00\",\"dateModified\":\"2026-04-30T05:59:09+00:00\",\"description\":\"El martillo neum\u00e1tico monocabezal para desbastar proporciona golpes de alto impacto que rompen la contaminaci\u00f3n superficial resistente en sustratos de hormig\u00f3n y metal\",\"breadcrumb\":{\"@id\":\"https:\\\/\\\/csunitec.com\\\/es\\\/producto\\\/martillo-neumatico-monocabezal-para-trabajos-pesados\\\/#breadcrumb\"},\"inLanguage\":\"es\",\"potentialAction\":[{\"@type\":\"ReadAction\",\"target\":[\"https:\\\/\\\/csunitec.com\\\/es\\\/producto\\\/martillo-neumatico-monocabezal-para-trabajos-pesados\\\/\"]}]},{\"@type\":\"ImageObject\",\"inLanguage\":\"es\",\"@id\":\"https:\\\/\\\/csunitec.com\\\/es\\\/producto\\\/martillo-neumatico-monocabezal-para-trabajos-pesados\\\/#primaryimage\",\"url\":\"https:\\\/\\\/csunitec.com\\\/wp-content\\\/uploads\\\/2024\\\/12\\\/Short-Handle-Heavy-Duty-Single-Head-Scabbler-2-2-1.png\",\"contentUrl\":\"https:\\\/\\\/csunitec.com\\\/wp-content\\\/uploads\\\/2024\\\/12\\\/Short-Handle-Heavy-Duty-Single-Head-Scabbler-2-2-1.png\",\"width\":1200,\"height\":1200},{\"@type\":\"BreadcrumbList\",\"@id\":\"https:\\\/\\\/csunitec.com\\\/es\\\/producto\\\/martillo-neumatico-monocabezal-para-trabajos-pesados\\\/#breadcrumb\",\"itemListElement\":[{\"@type\":\"ListItem\",\"position\":1,\"name\":\"Inicio\",\"item\":\"https:\\\/\\\/csunitec.com\\\/es\\\/\"},{\"@type\":\"ListItem\",\"position\":2,\"name\":\"Tienda\",\"item\":\"https:\\\/\\\/csunitec.com\\\/es\\\/tienda\\\/\"},{\"@type\":\"ListItem\",\"position\":3,\"name\":\"Martillo neum\u00e1tico monocabezal para trabajos pesados\"}]},{\"@type\":\"WebSite\",\"@id\":\"https:\\\/\\\/csunitec.com\\\/es\\\/#website\",\"url\":\"https:\\\/\\\/csunitec.com\\\/es\\\/\",\"name\":\"CS Unitec\",\"description\":\"\",\"potentialAction\":[{\"@type\":\"SearchAction\",\"target\":{\"@type\":\"EntryPoint\",\"urlTemplate\":\"https:\\\/\\\/csunitec.com\\\/es\\\/?s={search_term_string}\"},\"query-input\":{\"@type\":\"PropertyValueSpecification\",\"valueRequired\":true,\"valueName\":\"search_term_string\"}}],\"inLanguage\":\"es\"}]}<\/script>\n<!-- \/ Yoast SEO plugin. -->","yoast_head_json":{"title":"Martillo neum\u00e1tico monocabezal para trabajos pesados - CS Unitec","description":"El martillo neum\u00e1tico monocabezal para desbastar proporciona golpes de alto impacto que rompen la contaminaci\u00f3n superficial resistente en sustratos de hormig\u00f3n y metal","robots":{"index":"index","follow":"follow","max-snippet":"max-snippet:-1","max-image-preview":"max-image-preview:large","max-video-preview":"max-video-preview:-1"},"canonical":"https:\/\/csunitec.com\/es\/producto\/martillo-neumatico-monocabezal-para-trabajos-pesados\/","og_locale":"es_ES","og_type":"article","og_title":"Martillo neum\u00e1tico monocabezal para trabajos pesados - CS Unitec","og_description":"El martillo neum\u00e1tico monocabezal para desbastar proporciona golpes de alto impacto que rompen la contaminaci\u00f3n superficial resistente en sustratos de hormig\u00f3n y metal","og_url":"https:\/\/csunitec.com\/es\/producto\/martillo-neumatico-monocabezal-para-trabajos-pesados\/","og_site_name":"CS Unitec","article_modified_time":"2026-04-30T05:59:09+00:00","og_image":[{"width":1200,"height":1200,"url":"https:\/\/csunitec.com\/wp-content\/uploads\/2024\/12\/Short-Handle-Heavy-Duty-Single-Head-Scabbler-2-2-1.png","type":"image\/png"}],"twitter_card":"summary_large_image","twitter_misc":{"Tiempo de lectura":"1 minuto"},"schema":{"@context":"https:\/\/schema.org","@graph":[{"@type":"WebPage","@id":"https:\/\/csunitec.com\/es\/producto\/martillo-neumatico-monocabezal-para-trabajos-pesados\/","url":"https:\/\/csunitec.com\/es\/producto\/martillo-neumatico-monocabezal-para-trabajos-pesados\/","name":"Martillo neum\u00e1tico monocabezal para trabajos pesados - CS Unitec","isPartOf":{"@id":"https:\/\/csunitec.com\/es\/#website"},"primaryImageOfPage":{"@id":"https:\/\/csunitec.com\/es\/producto\/martillo-neumatico-monocabezal-para-trabajos-pesados\/#primaryimage"},"image":{"@id":"https:\/\/csunitec.com\/es\/producto\/martillo-neumatico-monocabezal-para-trabajos-pesados\/#primaryimage"},"thumbnailUrl":"https:\/\/csunitec.com\/wp-content\/uploads\/2024\/12\/Short-Handle-Heavy-Duty-Single-Head-Scabbler-2-2-1.png","datePublished":"2024-12-09T22:23:00+00:00","dateModified":"2026-04-30T05:59:09+00:00","description":"El martillo neum\u00e1tico monocabezal para desbastar proporciona golpes de alto impacto que rompen la contaminaci\u00f3n superficial resistente en sustratos de hormig\u00f3n y metal","breadcrumb":{"@id":"https:\/\/csunitec.com\/es\/producto\/martillo-neumatico-monocabezal-para-trabajos-pesados\/#breadcrumb"},"inLanguage":"es","potentialAction":[{"@type":"ReadAction","target":["https:\/\/csunitec.com\/es\/producto\/martillo-neumatico-monocabezal-para-trabajos-pesados\/"]}]},{"@type":"ImageObject","inLanguage":"es","@id":"https:\/\/csunitec.com\/es\/producto\/martillo-neumatico-monocabezal-para-trabajos-pesados\/#primaryimage","url":"https:\/\/csunitec.com\/wp-content\/uploads\/2024\/12\/Short-Handle-Heavy-Duty-Single-Head-Scabbler-2-2-1.png","contentUrl":"https:\/\/csunitec.com\/wp-content\/uploads\/2024\/12\/Short-Handle-Heavy-Duty-Single-Head-Scabbler-2-2-1.png","width":1200,"height":1200},{"@type":"BreadcrumbList","@id":"https:\/\/csunitec.com\/es\/producto\/martillo-neumatico-monocabezal-para-trabajos-pesados\/#breadcrumb","itemListElement":[{"@type":"ListItem","position":1,"name":"Inicio","item":"https:\/\/csunitec.com\/es\/"},{"@type":"ListItem","position":2,"name":"Tienda","item":"https:\/\/csunitec.com\/es\/tienda\/"},{"@type":"ListItem","position":3,"name":"Martillo neum\u00e1tico monocabezal para trabajos pesados"}]},{"@type":"WebSite","@id":"https:\/\/csunitec.com\/es\/#website","url":"https:\/\/csunitec.com\/es\/","name":"CS Unitec","description":"","potentialAction":[{"@type":"SearchAction","target":{"@type":"EntryPoint","urlTemplate":"https:\/\/csunitec.com\/es\/?s={search_term_string}"},"query-input":{"@type":"PropertyValueSpecification","valueRequired":true,"valueName":"search_term_string"}}],"inLanguage":"es"}]}},"_links":{"self":[{"href":"https:\/\/csunitec.com\/es\/wp-json\/wp\/v2\/product\/177477","targetHints":{"allow":["GET"]}}],"collection":[{"href":"https:\/\/csunitec.com\/es\/wp-json\/wp\/v2\/product"}],"about":[{"href":"https:\/\/csunitec.com\/es\/wp-json\/wp\/v2\/types\/product"}],"wp:featuredmedia":[{"embeddable":true,"href":"https:\/\/csunitec.com\/es\/wp-json\/wp\/v2\/media\/177483"}],"wp:attachment":[{"href":"https:\/\/csunitec.com\/es\/wp-json\/wp\/v2\/media?parent=177477"}],"wp:term":[{"taxonomy":"product_brand","embeddable":true,"href":"https:\/\/csunitec.com\/es\/wp-json\/wp\/v2\/product_brand?post=177477"},{"taxonomy":"product_cat","embeddable":true,"href":"https:\/\/csunitec.com\/es\/wp-json\/wp\/v2\/product_cat?post=177477"},{"taxonomy":"product_tag","embeddable":true,"href":"https:\/\/csunitec.com\/es\/wp-json\/wp\/v2\/product_tag?post=177477"},{"taxonomy":"accessory_type","embeddable":true,"href":"https:\/\/csunitec.com\/es\/wp-json\/wp\/v2\/accessory_type?post=177477"},{"taxonomy":"application","embeddable":true,"href":"https:\/\/csunitec.com\/es\/wp-json\/wp\/v2\/application?post=177477"},{"taxonomy":"hand_tool_type","embeddable":true,"href":"https:\/\/csunitec.com\/es\/wp-json\/wp\/v2\/hand_tool_type?post=177477"},{"taxonomy":"industry","embeddable":true,"href":"https:\/\/csunitec.com\/es\/wp-json\/wp\/v2\/industry?post=177477"},{"taxonomy":"material","embeddable":true,"href":"https:\/\/csunitec.com\/es\/wp-json\/wp\/v2\/material?post=177477"},{"taxonomy":"power_tool_type","embeddable":true,"href":"https:\/\/csunitec.com\/es\/wp-json\/wp\/v2\/power_tool_type?post=177477"},{"taxonomy":"power_type","embeddable":true,"href":"https:\/\/csunitec.com\/es\/wp-json\/wp\/v2\/power_type?post=177477"},{"taxonomy":"subcategory","embeddable":true,"href":"https:\/\/csunitec.com\/es\/wp-json\/wp\/v2\/subcategory?post=177477"},{"taxonomy":"tool_type","embeddable":true,"href":"https:\/\/csunitec.com\/es\/wp-json\/wp\/v2\/tool_type?post=177477"}],"curies":[{"name":"wp","href":"https:\/\/api.w.org\/{rel}","templated":true}]}}