{"id":177482,"date":"2024-12-09T00:04:00","date_gmt":"2024-12-09T00:04:00","guid":{"rendered":"https:\/\/stgcsunitec.wpenginepowered.com\/product\/escalador-de-agujas-estandar-empunadura-en-linea\/"},"modified":"2026-04-30T01:59:14","modified_gmt":"2026-04-30T05:59:14","slug":"escalador-de-agujas-estandar-empunadura-en-linea","status":"publish","type":"product","link":"https:\/\/csunitec.com\/es\/producto\/escalador-de-agujas-estandar-empunadura-en-linea\/","title":{"rendered":"Escalador de agujas est\u00e1ndar &#8211; Empu\u00f1adura en l\u00ednea"},"content":{"rendered":"<ul>\n<li>Escariador de cincel en l\u00ednea est\u00e1ndar para eliminar revestimientos, corrosi\u00f3n y otros materiales acumulados. Elimina \u00f3xido, cascarilla, pintura, epoxi y dep\u00f3sitos endurecidos de superficies de acero, hormig\u00f3n y mamposter\u00eda. <\/li>\n<li>Dividir, astillar, apuntar y rastrillar ladrillos, perfecto para la restauraci\u00f3n de mamposter\u00eda, eliminaci\u00f3n de mortero, limpieza de juntas de ladrillos y astillado de precisi\u00f3n en trabajos de construcci\u00f3n y renovaci\u00f3n.<\/li>\n<li>Prepara las superficies para soldar, revestir, pintar o reparar, eliminando la lechada, los bordes \u00e1speros y el material acumulado.<\/li>\n<li>Ideal para limpiar dep\u00f3sitos, cascos de barcos, acero estructural, maquinaria y equipos en entornos exigentes.<\/li>\n<li>Ligero y port\u00e1til para preparaci\u00f3n de hormig\u00f3n in situ, limpieza de acero y tareas generales de restauraci\u00f3n.<\/li>\n<\/ul>\n","protected":false},"excerpt":{"rendered":"<ul>\n<li>Golpes por minuto: Hasta 3000<\/li>\n<li>Niveles de vibraci\u00f3n: Hasta 25,6 m\/s2<\/li>\n<li>Nivel de ruido: Hasta 105,1 db(A)<\/li>\n<li>Consumo de aire: Hasta 8 CFM @ 90 PSI<\/li>\n<\/ul>\n","protected":false},"featured_media":177498,"template":"","meta":[],"product_brand":[],"product_cat":[1033],"product_tag":[1038,1080,1081,1082],"accessory_type":[],"application":[1035],"hand_tool_type":[],"industry":[933,971],"material":[],"power_tool_type":[1056],"power_type":[972],"subcategory":[1040],"tool_type":[946],"class_list":{"0":"post-177482","1":"product","2":"type-product","3":"status-publish","4":"has-post-thumbnail","6":"product_cat-preparacion-de-superficies","7":"product_tag-preparacion-de-la-superficie-metalica","8":"product_tag-escaladores-de-cincel","9":"product_tag-escaladores-de-cincel-en-linea","10":"product_tag-escaladores-de-cincel-estandar","11":"application-acabado-y-preparacion-de-superficies","12":"industry-metalurgia-2","13":"industry-submarino","14":"power_tool_type-escalador","15":"power_type-aire","16":"subcategory-escarificadores","17":"tool_type-herramienta-electrica","19":"first","20":"instock","21":"shipping-taxable","22":"purchasable","23":"product-type-variable"},"yoast_head":"<!-- This site is optimized with the Yoast SEO plugin v27.5 - https:\/\/yoast.com\/product\/yoast-seo-wordpress\/ -->\n<title>Escalador de agujas est\u00e1ndar - Empu\u00f1adura en l\u00ednea - CS Unitec<\/title>\n<meta name=\"description\" content=\"Raspador de cincel en l\u00ednea est\u00e1ndar para eliminar revestimientos, corrosi\u00f3n y otros materiales acumulados. Se convierte en escarificador de aguja en segundos, cambio sin herramientas.\" \/>\n<meta name=\"robots\" content=\"index, follow, max-snippet:-1, max-image-preview:large, max-video-preview:-1\" \/>\n<link rel=\"canonical\" href=\"https:\/\/csunitec.com\/es\/producto\/escalador-de-agujas-estandar-empunadura-en-linea\/\" \/>\n<meta property=\"og:locale\" content=\"es_ES\" \/>\n<meta property=\"og:type\" content=\"article\" \/>\n<meta property=\"og:title\" content=\"Escalador de agujas est\u00e1ndar - Empu\u00f1adura en l\u00ednea - CS Unitec\" \/>\n<meta property=\"og:description\" content=\"Raspador de cincel en l\u00ednea est\u00e1ndar para eliminar revestimientos, corrosi\u00f3n y otros materiales acumulados. Se convierte en escarificador de aguja en segundos, cambio sin herramientas.\" \/>\n<meta property=\"og:url\" content=\"https:\/\/csunitec.com\/es\/producto\/escalador-de-agujas-estandar-empunadura-en-linea\/\" \/>\n<meta property=\"og:site_name\" content=\"CS Unitec\" \/>\n<meta property=\"article:modified_time\" content=\"2026-04-30T05:59:14+00:00\" \/>\n<meta property=\"og:image\" content=\"https:\/\/csunitec.com\/wp-content\/uploads\/2024\/12\/124_2200-2B-Chisel-Scaler-copy-2.jpg\" \/>\n\t<meta property=\"og:image:width\" content=\"1100\" \/>\n\t<meta property=\"og:image:height\" content=\"1100\" \/>\n\t<meta property=\"og:image:type\" content=\"image\/jpeg\" \/>\n<meta name=\"twitter:card\" content=\"summary_large_image\" \/>\n<meta name=\"twitter:label1\" content=\"Tiempo de lectura\" \/>\n\t<meta name=\"twitter:data1\" content=\"1 minuto\" \/>\n<script type=\"application\/ld+json\" class=\"yoast-schema-graph\">{\"@context\":\"https:\\\/\\\/schema.org\",\"@graph\":[{\"@type\":\"WebPage\",\"@id\":\"https:\\\/\\\/csunitec.com\\\/es\\\/producto\\\/escalador-de-agujas-estandar-empunadura-en-linea\\\/\",\"url\":\"https:\\\/\\\/csunitec.com\\\/es\\\/producto\\\/escalador-de-agujas-estandar-empunadura-en-linea\\\/\",\"name\":\"Escalador de agujas est\u00e1ndar - Empu\u00f1adura en l\u00ednea - CS Unitec\",\"isPartOf\":{\"@id\":\"https:\\\/\\\/csunitec.com\\\/es\\\/#website\"},\"primaryImageOfPage\":{\"@id\":\"https:\\\/\\\/csunitec.com\\\/es\\\/producto\\\/escalador-de-agujas-estandar-empunadura-en-linea\\\/#primaryimage\"},\"image\":{\"@id\":\"https:\\\/\\\/csunitec.com\\\/es\\\/producto\\\/escalador-de-agujas-estandar-empunadura-en-linea\\\/#primaryimage\"},\"thumbnailUrl\":\"https:\\\/\\\/csunitec.com\\\/wp-content\\\/uploads\\\/2024\\\/12\\\/124_2200-2B-Chisel-Scaler-copy-2.jpg\",\"datePublished\":\"2024-12-09T00:04:00+00:00\",\"dateModified\":\"2026-04-30T05:59:14+00:00\",\"description\":\"Raspador de cincel en l\u00ednea est\u00e1ndar para eliminar revestimientos, corrosi\u00f3n y otros materiales acumulados. Se convierte en escarificador de aguja en segundos, cambio sin herramientas.\",\"breadcrumb\":{\"@id\":\"https:\\\/\\\/csunitec.com\\\/es\\\/producto\\\/escalador-de-agujas-estandar-empunadura-en-linea\\\/#breadcrumb\"},\"inLanguage\":\"es\",\"potentialAction\":[{\"@type\":\"ReadAction\",\"target\":[\"https:\\\/\\\/csunitec.com\\\/es\\\/producto\\\/escalador-de-agujas-estandar-empunadura-en-linea\\\/\"]}]},{\"@type\":\"ImageObject\",\"inLanguage\":\"es\",\"@id\":\"https:\\\/\\\/csunitec.com\\\/es\\\/producto\\\/escalador-de-agujas-estandar-empunadura-en-linea\\\/#primaryimage\",\"url\":\"https:\\\/\\\/csunitec.com\\\/wp-content\\\/uploads\\\/2024\\\/12\\\/124_2200-2B-Chisel-Scaler-copy-2.jpg\",\"contentUrl\":\"https:\\\/\\\/csunitec.com\\\/wp-content\\\/uploads\\\/2024\\\/12\\\/124_2200-2B-Chisel-Scaler-copy-2.jpg\",\"width\":1100,\"height\":1100},{\"@type\":\"BreadcrumbList\",\"@id\":\"https:\\\/\\\/csunitec.com\\\/es\\\/producto\\\/escalador-de-agujas-estandar-empunadura-en-linea\\\/#breadcrumb\",\"itemListElement\":[{\"@type\":\"ListItem\",\"position\":1,\"name\":\"Inicio\",\"item\":\"https:\\\/\\\/csunitec.com\\\/es\\\/\"},{\"@type\":\"ListItem\",\"position\":2,\"name\":\"Tienda\",\"item\":\"https:\\\/\\\/csunitec.com\\\/es\\\/tienda\\\/\"},{\"@type\":\"ListItem\",\"position\":3,\"name\":\"Escalador de agujas est\u00e1ndar &#8211; Empu\u00f1adura en l\u00ednea\"}]},{\"@type\":\"WebSite\",\"@id\":\"https:\\\/\\\/csunitec.com\\\/es\\\/#website\",\"url\":\"https:\\\/\\\/csunitec.com\\\/es\\\/\",\"name\":\"CS Unitec\",\"description\":\"\",\"potentialAction\":[{\"@type\":\"SearchAction\",\"target\":{\"@type\":\"EntryPoint\",\"urlTemplate\":\"https:\\\/\\\/csunitec.com\\\/es\\\/?s={search_term_string}\"},\"query-input\":{\"@type\":\"PropertyValueSpecification\",\"valueRequired\":true,\"valueName\":\"search_term_string\"}}],\"inLanguage\":\"es\"}]}<\/script>\n<!-- \/ Yoast SEO plugin. -->","yoast_head_json":{"title":"Escalador de agujas est\u00e1ndar - Empu\u00f1adura en l\u00ednea - CS Unitec","description":"Raspador de cincel en l\u00ednea est\u00e1ndar para eliminar revestimientos, corrosi\u00f3n y otros materiales acumulados. Se convierte en escarificador de aguja en segundos, cambio sin herramientas.","robots":{"index":"index","follow":"follow","max-snippet":"max-snippet:-1","max-image-preview":"max-image-preview:large","max-video-preview":"max-video-preview:-1"},"canonical":"https:\/\/csunitec.com\/es\/producto\/escalador-de-agujas-estandar-empunadura-en-linea\/","og_locale":"es_ES","og_type":"article","og_title":"Escalador de agujas est\u00e1ndar - Empu\u00f1adura en l\u00ednea - CS Unitec","og_description":"Raspador de cincel en l\u00ednea est\u00e1ndar para eliminar revestimientos, corrosi\u00f3n y otros materiales acumulados. Se convierte en escarificador de aguja en segundos, cambio sin herramientas.","og_url":"https:\/\/csunitec.com\/es\/producto\/escalador-de-agujas-estandar-empunadura-en-linea\/","og_site_name":"CS Unitec","article_modified_time":"2026-04-30T05:59:14+00:00","og_image":[{"width":1100,"height":1100,"url":"https:\/\/csunitec.com\/wp-content\/uploads\/2024\/12\/124_2200-2B-Chisel-Scaler-copy-2.jpg","type":"image\/jpeg"}],"twitter_card":"summary_large_image","twitter_misc":{"Tiempo de lectura":"1 minuto"},"schema":{"@context":"https:\/\/schema.org","@graph":[{"@type":"WebPage","@id":"https:\/\/csunitec.com\/es\/producto\/escalador-de-agujas-estandar-empunadura-en-linea\/","url":"https:\/\/csunitec.com\/es\/producto\/escalador-de-agujas-estandar-empunadura-en-linea\/","name":"Escalador de agujas est\u00e1ndar - Empu\u00f1adura en l\u00ednea - CS Unitec","isPartOf":{"@id":"https:\/\/csunitec.com\/es\/#website"},"primaryImageOfPage":{"@id":"https:\/\/csunitec.com\/es\/producto\/escalador-de-agujas-estandar-empunadura-en-linea\/#primaryimage"},"image":{"@id":"https:\/\/csunitec.com\/es\/producto\/escalador-de-agujas-estandar-empunadura-en-linea\/#primaryimage"},"thumbnailUrl":"https:\/\/csunitec.com\/wp-content\/uploads\/2024\/12\/124_2200-2B-Chisel-Scaler-copy-2.jpg","datePublished":"2024-12-09T00:04:00+00:00","dateModified":"2026-04-30T05:59:14+00:00","description":"Raspador de cincel en l\u00ednea est\u00e1ndar para eliminar revestimientos, corrosi\u00f3n y otros materiales acumulados. Se convierte en escarificador de aguja en segundos, cambio sin herramientas.","breadcrumb":{"@id":"https:\/\/csunitec.com\/es\/producto\/escalador-de-agujas-estandar-empunadura-en-linea\/#breadcrumb"},"inLanguage":"es","potentialAction":[{"@type":"ReadAction","target":["https:\/\/csunitec.com\/es\/producto\/escalador-de-agujas-estandar-empunadura-en-linea\/"]}]},{"@type":"ImageObject","inLanguage":"es","@id":"https:\/\/csunitec.com\/es\/producto\/escalador-de-agujas-estandar-empunadura-en-linea\/#primaryimage","url":"https:\/\/csunitec.com\/wp-content\/uploads\/2024\/12\/124_2200-2B-Chisel-Scaler-copy-2.jpg","contentUrl":"https:\/\/csunitec.com\/wp-content\/uploads\/2024\/12\/124_2200-2B-Chisel-Scaler-copy-2.jpg","width":1100,"height":1100},{"@type":"BreadcrumbList","@id":"https:\/\/csunitec.com\/es\/producto\/escalador-de-agujas-estandar-empunadura-en-linea\/#breadcrumb","itemListElement":[{"@type":"ListItem","position":1,"name":"Inicio","item":"https:\/\/csunitec.com\/es\/"},{"@type":"ListItem","position":2,"name":"Tienda","item":"https:\/\/csunitec.com\/es\/tienda\/"},{"@type":"ListItem","position":3,"name":"Escalador de agujas est\u00e1ndar &#8211; Empu\u00f1adura en l\u00ednea"}]},{"@type":"WebSite","@id":"https:\/\/csunitec.com\/es\/#website","url":"https:\/\/csunitec.com\/es\/","name":"CS Unitec","description":"","potentialAction":[{"@type":"SearchAction","target":{"@type":"EntryPoint","urlTemplate":"https:\/\/csunitec.com\/es\/?s={search_term_string}"},"query-input":{"@type":"PropertyValueSpecification","valueRequired":true,"valueName":"search_term_string"}}],"inLanguage":"es"}]}},"_links":{"self":[{"href":"https:\/\/csunitec.com\/es\/wp-json\/wp\/v2\/product\/177482","targetHints":{"allow":["GET"]}}],"collection":[{"href":"https:\/\/csunitec.com\/es\/wp-json\/wp\/v2\/product"}],"about":[{"href":"https:\/\/csunitec.com\/es\/wp-json\/wp\/v2\/types\/product"}],"wp:featuredmedia":[{"embeddable":true,"href":"https:\/\/csunitec.com\/es\/wp-json\/wp\/v2\/media\/177498"}],"wp:attachment":[{"href":"https:\/\/csunitec.com\/es\/wp-json\/wp\/v2\/media?parent=177482"}],"wp:term":[{"taxonomy":"product_brand","embeddable":true,"href":"https:\/\/csunitec.com\/es\/wp-json\/wp\/v2\/product_brand?post=177482"},{"taxonomy":"product_cat","embeddable":true,"href":"https:\/\/csunitec.com\/es\/wp-json\/wp\/v2\/product_cat?post=177482"},{"taxonomy":"product_tag","embeddable":true,"href":"https:\/\/csunitec.com\/es\/wp-json\/wp\/v2\/product_tag?post=177482"},{"taxonomy":"accessory_type","embeddable":true,"href":"https:\/\/csunitec.com\/es\/wp-json\/wp\/v2\/accessory_type?post=177482"},{"taxonomy":"application","embeddable":true,"href":"https:\/\/csunitec.com\/es\/wp-json\/wp\/v2\/application?post=177482"},{"taxonomy":"hand_tool_type","embeddable":true,"href":"https:\/\/csunitec.com\/es\/wp-json\/wp\/v2\/hand_tool_type?post=177482"},{"taxonomy":"industry","embeddable":true,"href":"https:\/\/csunitec.com\/es\/wp-json\/wp\/v2\/industry?post=177482"},{"taxonomy":"material","embeddable":true,"href":"https:\/\/csunitec.com\/es\/wp-json\/wp\/v2\/material?post=177482"},{"taxonomy":"power_tool_type","embeddable":true,"href":"https:\/\/csunitec.com\/es\/wp-json\/wp\/v2\/power_tool_type?post=177482"},{"taxonomy":"power_type","embeddable":true,"href":"https:\/\/csunitec.com\/es\/wp-json\/wp\/v2\/power_type?post=177482"},{"taxonomy":"subcategory","embeddable":true,"href":"https:\/\/csunitec.com\/es\/wp-json\/wp\/v2\/subcategory?post=177482"},{"taxonomy":"tool_type","embeddable":true,"href":"https:\/\/csunitec.com\/es\/wp-json\/wp\/v2\/tool_type?post=177482"}],"curies":[{"name":"wp","href":"https:\/\/api.w.org\/{rel}","templated":true}]}}