{"id":177516,"date":"2024-12-10T16:46:01","date_gmt":"2024-12-10T16:46:01","guid":{"rendered":"https:\/\/stgcsunitec.wpenginepowered.com\/product\/insertos-de-corte-para-maquina-fregadora-de-hormigon\/"},"modified":"2026-04-26T16:55:06","modified_gmt":"2026-04-26T20:55:06","slug":"insertos-de-corte-para-maquina-fregadora-de-hormigon","status":"publish","type":"product","link":"https:\/\/csunitec.com\/es\/producto\/insertos-de-corte-para-maquina-fregadora-de-hormigon\/","title":{"rendered":"Insertos de corte para m\u00e1quina fregadora de hormig\u00f3n"},"content":{"rendered":"<ul>\n<li>Eliminaci\u00f3n de adhesivo para baldosas, yeso, pintura, revestimientos<\/li>\n<li>Desbaste de superficies<\/li>\n<li>Quitar yeso, desbastar hormig\u00f3n, nivelar solado o quitar pintura vieja<\/li>\n<li>Escarificar grandes superficies<\/li>\n<\/ul>\n","protected":false},"excerpt":{"rendered":"<ul>\n<li>Quitar yeso, desbastar hormig\u00f3n, nivelar solado o quitar pintura vieja<\/li>\n<li>Escarificar grandes superficies<\/li>\n<\/ul>\n","protected":false},"featured_media":15365,"template":"","meta":[],"product_brand":[],"product_cat":[1033],"product_tag":[1085],"accessory_type":[927],"application":[1042],"hand_tool_type":[],"industry":[933],"material":[],"power_tool_type":[],"power_type":[],"subcategory":[1086],"tool_type":[943],"class_list":{"0":"post-177516","1":"product","2":"type-product","3":"status-publish","4":"has-post-thumbnail","6":"product_cat-preparacion-de-superficies","7":"product_tag-accesorios-para-estropajos","8":"accessory_type-accesorio","9":"application-corte-y-conformado","10":"industry-metalurgia-2","11":"subcategory-sin-categoria","12":"tool_type-accesorio","14":"first","15":"instock","16":"shipping-taxable","17":"purchasable","18":"product-type-variable"},"yoast_head":"<!-- This site is optimized with the Yoast SEO plugin v27.5 - https:\/\/yoast.com\/product\/yoast-seo-wordpress\/ -->\n<title>Insertos de corte para m\u00e1quina fregadora de hormig\u00f3n - CS Unitec<\/title>\n<meta name=\"robots\" content=\"index, follow, max-snippet:-1, max-image-preview:large, max-video-preview:-1\" \/>\n<link rel=\"canonical\" href=\"https:\/\/csunitec.com\/es\/producto\/insertos-de-corte-para-maquina-fregadora-de-hormigon\/\" \/>\n<meta property=\"og:locale\" content=\"es_ES\" \/>\n<meta property=\"og:type\" content=\"article\" \/>\n<meta property=\"og:title\" content=\"Insertos de corte para m\u00e1quina fregadora de hormig\u00f3n - CS Unitec\" \/>\n<meta property=\"og:description\" content=\"Quitar yeso, desbastar hormig\u00f3n, nivelar solado o quitar pintura vieja  Escarificar grandes superficies\" \/>\n<meta property=\"og:url\" content=\"https:\/\/csunitec.com\/es\/producto\/insertos-de-corte-para-maquina-fregadora-de-hormigon\/\" \/>\n<meta property=\"og:site_name\" content=\"CS Unitec\" \/>\n<meta property=\"article:modified_time\" content=\"2026-04-26T20:55:06+00:00\" \/>\n<meta property=\"og:image\" content=\"https:\/\/csunitec.com\/wp-content\/uploads\/2025\/03\/Scouring-Machine-Claw-Cutters-5.png\" \/>\n\t<meta property=\"og:image:width\" content=\"1000\" \/>\n\t<meta property=\"og:image:height\" content=\"1000\" \/>\n\t<meta property=\"og:image:type\" content=\"image\/png\" \/>\n<meta name=\"twitter:card\" content=\"summary_large_image\" \/>\n<script type=\"application\/ld+json\" class=\"yoast-schema-graph\">{\"@context\":\"https:\\\/\\\/schema.org\",\"@graph\":[{\"@type\":\"WebPage\",\"@id\":\"https:\\\/\\\/csunitec.com\\\/es\\\/producto\\\/insertos-de-corte-para-maquina-fregadora-de-hormigon\\\/\",\"url\":\"https:\\\/\\\/csunitec.com\\\/es\\\/producto\\\/insertos-de-corte-para-maquina-fregadora-de-hormigon\\\/\",\"name\":\"Insertos de corte para m\u00e1quina fregadora de hormig\u00f3n - CS Unitec\",\"isPartOf\":{\"@id\":\"https:\\\/\\\/csunitec.com\\\/es\\\/#website\"},\"primaryImageOfPage\":{\"@id\":\"https:\\\/\\\/csunitec.com\\\/es\\\/producto\\\/insertos-de-corte-para-maquina-fregadora-de-hormigon\\\/#primaryimage\"},\"image\":{\"@id\":\"https:\\\/\\\/csunitec.com\\\/es\\\/producto\\\/insertos-de-corte-para-maquina-fregadora-de-hormigon\\\/#primaryimage\"},\"thumbnailUrl\":\"https:\\\/\\\/csunitec.com\\\/wp-content\\\/uploads\\\/2025\\\/03\\\/Scouring-Machine-Claw-Cutters-5.png\",\"datePublished\":\"2024-12-10T16:46:01+00:00\",\"dateModified\":\"2026-04-26T20:55:06+00:00\",\"breadcrumb\":{\"@id\":\"https:\\\/\\\/csunitec.com\\\/es\\\/producto\\\/insertos-de-corte-para-maquina-fregadora-de-hormigon\\\/#breadcrumb\"},\"inLanguage\":\"es\",\"potentialAction\":[{\"@type\":\"ReadAction\",\"target\":[\"https:\\\/\\\/csunitec.com\\\/es\\\/producto\\\/insertos-de-corte-para-maquina-fregadora-de-hormigon\\\/\"]}]},{\"@type\":\"ImageObject\",\"inLanguage\":\"es\",\"@id\":\"https:\\\/\\\/csunitec.com\\\/es\\\/producto\\\/insertos-de-corte-para-maquina-fregadora-de-hormigon\\\/#primaryimage\",\"url\":\"https:\\\/\\\/csunitec.com\\\/wp-content\\\/uploads\\\/2025\\\/03\\\/Scouring-Machine-Claw-Cutters-5.png\",\"contentUrl\":\"https:\\\/\\\/csunitec.com\\\/wp-content\\\/uploads\\\/2025\\\/03\\\/Scouring-Machine-Claw-Cutters-5.png\",\"width\":1000,\"height\":1000},{\"@type\":\"BreadcrumbList\",\"@id\":\"https:\\\/\\\/csunitec.com\\\/es\\\/producto\\\/insertos-de-corte-para-maquina-fregadora-de-hormigon\\\/#breadcrumb\",\"itemListElement\":[{\"@type\":\"ListItem\",\"position\":1,\"name\":\"Inicio\",\"item\":\"https:\\\/\\\/csunitec.com\\\/es\\\/\"},{\"@type\":\"ListItem\",\"position\":2,\"name\":\"Tienda\",\"item\":\"https:\\\/\\\/csunitec.com\\\/es\\\/tienda\\\/\"},{\"@type\":\"ListItem\",\"position\":3,\"name\":\"Insertos de corte para m\u00e1quina fregadora de hormig\u00f3n\"}]},{\"@type\":\"WebSite\",\"@id\":\"https:\\\/\\\/csunitec.com\\\/es\\\/#website\",\"url\":\"https:\\\/\\\/csunitec.com\\\/es\\\/\",\"name\":\"CS Unitec\",\"description\":\"\",\"potentialAction\":[{\"@type\":\"SearchAction\",\"target\":{\"@type\":\"EntryPoint\",\"urlTemplate\":\"https:\\\/\\\/csunitec.com\\\/es\\\/?s={search_term_string}\"},\"query-input\":{\"@type\":\"PropertyValueSpecification\",\"valueRequired\":true,\"valueName\":\"search_term_string\"}}],\"inLanguage\":\"es\"}]}<\/script>\n<!-- \/ Yoast SEO plugin. -->","yoast_head_json":{"title":"Insertos de corte para m\u00e1quina fregadora de hormig\u00f3n - CS Unitec","robots":{"index":"index","follow":"follow","max-snippet":"max-snippet:-1","max-image-preview":"max-image-preview:large","max-video-preview":"max-video-preview:-1"},"canonical":"https:\/\/csunitec.com\/es\/producto\/insertos-de-corte-para-maquina-fregadora-de-hormigon\/","og_locale":"es_ES","og_type":"article","og_title":"Insertos de corte para m\u00e1quina fregadora de hormig\u00f3n - CS Unitec","og_description":"Quitar yeso, desbastar hormig\u00f3n, nivelar solado o quitar pintura vieja  Escarificar grandes superficies","og_url":"https:\/\/csunitec.com\/es\/producto\/insertos-de-corte-para-maquina-fregadora-de-hormigon\/","og_site_name":"CS Unitec","article_modified_time":"2026-04-26T20:55:06+00:00","og_image":[{"width":1000,"height":1000,"url":"https:\/\/csunitec.com\/wp-content\/uploads\/2025\/03\/Scouring-Machine-Claw-Cutters-5.png","type":"image\/png"}],"twitter_card":"summary_large_image","schema":{"@context":"https:\/\/schema.org","@graph":[{"@type":"WebPage","@id":"https:\/\/csunitec.com\/es\/producto\/insertos-de-corte-para-maquina-fregadora-de-hormigon\/","url":"https:\/\/csunitec.com\/es\/producto\/insertos-de-corte-para-maquina-fregadora-de-hormigon\/","name":"Insertos de corte para m\u00e1quina fregadora de hormig\u00f3n - CS Unitec","isPartOf":{"@id":"https:\/\/csunitec.com\/es\/#website"},"primaryImageOfPage":{"@id":"https:\/\/csunitec.com\/es\/producto\/insertos-de-corte-para-maquina-fregadora-de-hormigon\/#primaryimage"},"image":{"@id":"https:\/\/csunitec.com\/es\/producto\/insertos-de-corte-para-maquina-fregadora-de-hormigon\/#primaryimage"},"thumbnailUrl":"https:\/\/csunitec.com\/wp-content\/uploads\/2025\/03\/Scouring-Machine-Claw-Cutters-5.png","datePublished":"2024-12-10T16:46:01+00:00","dateModified":"2026-04-26T20:55:06+00:00","breadcrumb":{"@id":"https:\/\/csunitec.com\/es\/producto\/insertos-de-corte-para-maquina-fregadora-de-hormigon\/#breadcrumb"},"inLanguage":"es","potentialAction":[{"@type":"ReadAction","target":["https:\/\/csunitec.com\/es\/producto\/insertos-de-corte-para-maquina-fregadora-de-hormigon\/"]}]},{"@type":"ImageObject","inLanguage":"es","@id":"https:\/\/csunitec.com\/es\/producto\/insertos-de-corte-para-maquina-fregadora-de-hormigon\/#primaryimage","url":"https:\/\/csunitec.com\/wp-content\/uploads\/2025\/03\/Scouring-Machine-Claw-Cutters-5.png","contentUrl":"https:\/\/csunitec.com\/wp-content\/uploads\/2025\/03\/Scouring-Machine-Claw-Cutters-5.png","width":1000,"height":1000},{"@type":"BreadcrumbList","@id":"https:\/\/csunitec.com\/es\/producto\/insertos-de-corte-para-maquina-fregadora-de-hormigon\/#breadcrumb","itemListElement":[{"@type":"ListItem","position":1,"name":"Inicio","item":"https:\/\/csunitec.com\/es\/"},{"@type":"ListItem","position":2,"name":"Tienda","item":"https:\/\/csunitec.com\/es\/tienda\/"},{"@type":"ListItem","position":3,"name":"Insertos de corte para m\u00e1quina fregadora de hormig\u00f3n"}]},{"@type":"WebSite","@id":"https:\/\/csunitec.com\/es\/#website","url":"https:\/\/csunitec.com\/es\/","name":"CS Unitec","description":"","potentialAction":[{"@type":"SearchAction","target":{"@type":"EntryPoint","urlTemplate":"https:\/\/csunitec.com\/es\/?s={search_term_string}"},"query-input":{"@type":"PropertyValueSpecification","valueRequired":true,"valueName":"search_term_string"}}],"inLanguage":"es"}]}},"_links":{"self":[{"href":"https:\/\/csunitec.com\/es\/wp-json\/wp\/v2\/product\/177516","targetHints":{"allow":["GET"]}}],"collection":[{"href":"https:\/\/csunitec.com\/es\/wp-json\/wp\/v2\/product"}],"about":[{"href":"https:\/\/csunitec.com\/es\/wp-json\/wp\/v2\/types\/product"}],"wp:featuredmedia":[{"embeddable":true,"href":"https:\/\/csunitec.com\/es\/wp-json\/wp\/v2\/media\/15365"}],"wp:attachment":[{"href":"https:\/\/csunitec.com\/es\/wp-json\/wp\/v2\/media?parent=177516"}],"wp:term":[{"taxonomy":"product_brand","embeddable":true,"href":"https:\/\/csunitec.com\/es\/wp-json\/wp\/v2\/product_brand?post=177516"},{"taxonomy":"product_cat","embeddable":true,"href":"https:\/\/csunitec.com\/es\/wp-json\/wp\/v2\/product_cat?post=177516"},{"taxonomy":"product_tag","embeddable":true,"href":"https:\/\/csunitec.com\/es\/wp-json\/wp\/v2\/product_tag?post=177516"},{"taxonomy":"accessory_type","embeddable":true,"href":"https:\/\/csunitec.com\/es\/wp-json\/wp\/v2\/accessory_type?post=177516"},{"taxonomy":"application","embeddable":true,"href":"https:\/\/csunitec.com\/es\/wp-json\/wp\/v2\/application?post=177516"},{"taxonomy":"hand_tool_type","embeddable":true,"href":"https:\/\/csunitec.com\/es\/wp-json\/wp\/v2\/hand_tool_type?post=177516"},{"taxonomy":"industry","embeddable":true,"href":"https:\/\/csunitec.com\/es\/wp-json\/wp\/v2\/industry?post=177516"},{"taxonomy":"material","embeddable":true,"href":"https:\/\/csunitec.com\/es\/wp-json\/wp\/v2\/material?post=177516"},{"taxonomy":"power_tool_type","embeddable":true,"href":"https:\/\/csunitec.com\/es\/wp-json\/wp\/v2\/power_tool_type?post=177516"},{"taxonomy":"power_type","embeddable":true,"href":"https:\/\/csunitec.com\/es\/wp-json\/wp\/v2\/power_type?post=177516"},{"taxonomy":"subcategory","embeddable":true,"href":"https:\/\/csunitec.com\/es\/wp-json\/wp\/v2\/subcategory?post=177516"},{"taxonomy":"tool_type","embeddable":true,"href":"https:\/\/csunitec.com\/es\/wp-json\/wp\/v2\/tool_type?post=177516"}],"curies":[{"name":"wp","href":"https:\/\/api.w.org\/{rel}","templated":true}]}}