{"id":177551,"date":"2024-12-08T23:38:00","date_gmt":"2024-12-08T23:38:00","guid":{"rendered":"https:\/\/stgcsunitec.wpenginepowered.com\/product\/escaladoras-de-cincel-vibro-lo-con-certificacion-atex\/"},"modified":"2024-12-08T23:38:00","modified_gmt":"2024-12-09T04:38:00","slug":"escaladoras-de-cincel-vibro-lo-con-certificacion-atex","status":"publish","type":"product","link":"https:\/\/csunitec.com\/es\/producto\/escaladoras-de-cincel-vibro-lo-con-certificacion-atex\/","title":{"rendered":"Escaladoras de cincel Vibro-Lo con certificaci\u00f3n ATEX"},"content":{"rendered":"<ul>\n<li>Escaladores de cincel Vibro-Lo\u2122 con certificaci\u00f3n ATEX para eliminar escoria, salpicaduras, oxidaci\u00f3n y aliviar concentraciones de tensi\u00f3n.<\/li>\n<li>Se utiliza en tuber\u00edas, recipientes a presi\u00f3n, estructuras marinas y componentes fabricados situados en zonas con riesgo de explosi\u00f3n.<\/li>\n<li>Elimina eficazmente el \u00f3xido, la cascarilla, la pintura, el epoxi, el crecimiento marino y los dep\u00f3sitos endurecidos del acero, el hormig\u00f3n y la mamposter\u00eda.<\/li>\n<li>Ideal para restauraci\u00f3n de mamposter\u00eda, eliminaci\u00f3n de mortero, limpieza de juntas de ladrillos y astillado de precisi\u00f3n. Com\u00fan en entornos industriales peligrosos donde se requieren herramientas seguras de ignici\u00f3n. <\/li>\n<li>Perfecto para limpieza de cascos, preparaci\u00f3n de cubiertas, mantenimiento de tanques de lastre y eliminaci\u00f3n de corrosi\u00f3n en espacios confinados o ricos en vapor.<\/li>\n<li>Las escarificadoras de cincel Vibro-Lo\u2122 con certificaci\u00f3n ATEX est\u00e1n certificadas seg\u00fan la clasificaci\u00f3n ATEX EX II 2 G EX H IIC T4 GB conforme a la Directiva Europea 94\/9\/CE, lo que las hace ideales para aplicaciones de Zona de Gas 1 y Zona de Polvo 21 en las que la seguridad y la fiabilidad no son negociables.<\/li>\n<\/ul>\n","protected":false},"excerpt":{"rendered":"<ul>\n<li>Tecnolog\u00eda patentada de baja vibraci\u00f3n<\/li>\n<li>Golpes por minuto: Hasta 3000<\/li>\n<li>Niveles de vibraci\u00f3n: Hasta 3,7 m\/s2<\/li>\n<li>Nivel de ruido: Hasta 78,2 db(A)<\/li>\n<li>Consumo de aire: Hasta 5,5 CFM @ 90 PSI<\/li>\n<li>Clasificaci\u00f3n ATEX: EX II 2 G EX H IIC T4 GB seg\u00fan la Directiva Europea 94\/9\/CE<\/li>\n<\/ul>\n","protected":false},"featured_media":173490,"template":"","meta":[],"product_brand":[],"product_cat":[1033],"product_tag":[973,1038,1039,1080,1087],"accessory_type":[],"application":[1035],"hand_tool_type":[],"industry":[933],"material":[],"power_tool_type":[1056],"power_type":[972],"subcategory":[1040],"tool_type":[946],"class_list":{"0":"post-177551","1":"product","2":"type-product","3":"status-publish","4":"has-post-thumbnail","6":"product_cat-preparacion-de-superficies","7":"product_tag-atex","8":"product_tag-preparacion-de-la-superficie-metalica","9":"product_tag-vibro-lo","10":"product_tag-escaladores-de-cincel","11":"product_tag-escaladores-de-cincel-de-pistola","12":"application-acabado-y-preparacion-de-superficies","13":"industry-metalurgia-2","14":"power_tool_type-escalador","15":"power_type-aire","16":"subcategory-escarificadores","17":"tool_type-herramienta-electrica","19":"first","20":"instock","21":"shipping-taxable","22":"purchasable","23":"product-type-variable"},"yoast_head":"<!-- This site is optimized with the Yoast SEO plugin v27.5 - https:\/\/yoast.com\/product\/yoast-seo-wordpress\/ -->\n<title>Escaladoras de cincel Vibro-Lo con certificaci\u00f3n ATEX - CS Unitec<\/title>\n<meta name=\"description\" content=\"Las escarificadoras de cincel Vibro-Lo\u2122 con certificaci\u00f3n ATEX ofrecen un alto rendimiento y bajas vibraciones para una mayor productividad y una mayor comodidad del operario en zonas peligrosas.\" \/>\n<meta name=\"robots\" content=\"index, follow, max-snippet:-1, max-image-preview:large, max-video-preview:-1\" \/>\n<link rel=\"canonical\" href=\"https:\/\/csunitec.com\/es\/producto\/escaladoras-de-cincel-vibro-lo-con-certificacion-atex\/\" \/>\n<meta property=\"og:locale\" content=\"es_ES\" \/>\n<meta property=\"og:type\" content=\"article\" \/>\n<meta property=\"og:title\" content=\"Escaladoras de cincel Vibro-Lo con certificaci\u00f3n ATEX - CS Unitec\" \/>\n<meta property=\"og:description\" content=\"Las escarificadoras de cincel Vibro-Lo\u2122 con certificaci\u00f3n ATEX ofrecen un alto rendimiento y bajas vibraciones para una mayor productividad y una mayor comodidad del operario en zonas peligrosas.\" \/>\n<meta property=\"og:url\" content=\"https:\/\/csunitec.com\/es\/producto\/escaladoras-de-cincel-vibro-lo-con-certificacion-atex\/\" \/>\n<meta property=\"og:site_name\" content=\"CS Unitec\" \/>\n<meta property=\"article:modified_time\" content=\"2024-12-09T04:38:00+00:00\" \/>\n<meta property=\"og:image\" content=\"https:\/\/csunitec.com\/wp-content\/uploads\/2024\/12\/ATEX_Pistol-Chisel-Scaler-3-2-1.png\" \/>\n\t<meta property=\"og:image:width\" content=\"1100\" \/>\n\t<meta property=\"og:image:height\" content=\"1100\" \/>\n\t<meta property=\"og:image:type\" content=\"image\/png\" \/>\n<meta name=\"twitter:card\" content=\"summary_large_image\" \/>\n<meta name=\"twitter:label1\" content=\"Tiempo de lectura\" \/>\n\t<meta name=\"twitter:data1\" content=\"1 minuto\" \/>\n<script type=\"application\/ld+json\" class=\"yoast-schema-graph\">{\"@context\":\"https:\\\/\\\/schema.org\",\"@graph\":[{\"@type\":\"WebPage\",\"@id\":\"https:\\\/\\\/csunitec.com\\\/es\\\/producto\\\/escaladoras-de-cincel-vibro-lo-con-certificacion-atex\\\/\",\"url\":\"https:\\\/\\\/csunitec.com\\\/es\\\/producto\\\/escaladoras-de-cincel-vibro-lo-con-certificacion-atex\\\/\",\"name\":\"Escaladoras de cincel Vibro-Lo con certificaci\u00f3n ATEX - CS Unitec\",\"isPartOf\":{\"@id\":\"https:\\\/\\\/csunitec.com\\\/es\\\/#website\"},\"primaryImageOfPage\":{\"@id\":\"https:\\\/\\\/csunitec.com\\\/es\\\/producto\\\/escaladoras-de-cincel-vibro-lo-con-certificacion-atex\\\/#primaryimage\"},\"image\":{\"@id\":\"https:\\\/\\\/csunitec.com\\\/es\\\/producto\\\/escaladoras-de-cincel-vibro-lo-con-certificacion-atex\\\/#primaryimage\"},\"thumbnailUrl\":\"https:\\\/\\\/csunitec.com\\\/wp-content\\\/uploads\\\/2024\\\/12\\\/ATEX_Pistol-Chisel-Scaler-3-2-1.png\",\"datePublished\":\"2024-12-08T23:38:00+00:00\",\"dateModified\":\"2024-12-09T04:38:00+00:00\",\"description\":\"Las escarificadoras de cincel Vibro-Lo\u2122 con certificaci\u00f3n ATEX ofrecen un alto rendimiento y bajas vibraciones para una mayor productividad y una mayor comodidad del operario en zonas peligrosas.\",\"breadcrumb\":{\"@id\":\"https:\\\/\\\/csunitec.com\\\/es\\\/producto\\\/escaladoras-de-cincel-vibro-lo-con-certificacion-atex\\\/#breadcrumb\"},\"inLanguage\":\"es\",\"potentialAction\":[{\"@type\":\"ReadAction\",\"target\":[\"https:\\\/\\\/csunitec.com\\\/es\\\/producto\\\/escaladoras-de-cincel-vibro-lo-con-certificacion-atex\\\/\"]}]},{\"@type\":\"ImageObject\",\"inLanguage\":\"es\",\"@id\":\"https:\\\/\\\/csunitec.com\\\/es\\\/producto\\\/escaladoras-de-cincel-vibro-lo-con-certificacion-atex\\\/#primaryimage\",\"url\":\"https:\\\/\\\/csunitec.com\\\/wp-content\\\/uploads\\\/2024\\\/12\\\/ATEX_Pistol-Chisel-Scaler-3-2-1.png\",\"contentUrl\":\"https:\\\/\\\/csunitec.com\\\/wp-content\\\/uploads\\\/2024\\\/12\\\/ATEX_Pistol-Chisel-Scaler-3-2-1.png\",\"width\":1100,\"height\":1100},{\"@type\":\"BreadcrumbList\",\"@id\":\"https:\\\/\\\/csunitec.com\\\/es\\\/producto\\\/escaladoras-de-cincel-vibro-lo-con-certificacion-atex\\\/#breadcrumb\",\"itemListElement\":[{\"@type\":\"ListItem\",\"position\":1,\"name\":\"Inicio\",\"item\":\"https:\\\/\\\/csunitec.com\\\/es\\\/\"},{\"@type\":\"ListItem\",\"position\":2,\"name\":\"Tienda\",\"item\":\"https:\\\/\\\/csunitec.com\\\/es\\\/tienda\\\/\"},{\"@type\":\"ListItem\",\"position\":3,\"name\":\"Escaladoras de cincel Vibro-Lo con certificaci\u00f3n ATEX\"}]},{\"@type\":\"WebSite\",\"@id\":\"https:\\\/\\\/csunitec.com\\\/es\\\/#website\",\"url\":\"https:\\\/\\\/csunitec.com\\\/es\\\/\",\"name\":\"CS Unitec\",\"description\":\"\",\"potentialAction\":[{\"@type\":\"SearchAction\",\"target\":{\"@type\":\"EntryPoint\",\"urlTemplate\":\"https:\\\/\\\/csunitec.com\\\/es\\\/?s={search_term_string}\"},\"query-input\":{\"@type\":\"PropertyValueSpecification\",\"valueRequired\":true,\"valueName\":\"search_term_string\"}}],\"inLanguage\":\"es\"}]}<\/script>\n<!-- \/ Yoast SEO plugin. -->","yoast_head_json":{"title":"Escaladoras de cincel Vibro-Lo con certificaci\u00f3n ATEX - CS Unitec","description":"Las escarificadoras de cincel Vibro-Lo\u2122 con certificaci\u00f3n ATEX ofrecen un alto rendimiento y bajas vibraciones para una mayor productividad y una mayor comodidad del operario en zonas peligrosas.","robots":{"index":"index","follow":"follow","max-snippet":"max-snippet:-1","max-image-preview":"max-image-preview:large","max-video-preview":"max-video-preview:-1"},"canonical":"https:\/\/csunitec.com\/es\/producto\/escaladoras-de-cincel-vibro-lo-con-certificacion-atex\/","og_locale":"es_ES","og_type":"article","og_title":"Escaladoras de cincel Vibro-Lo con certificaci\u00f3n ATEX - CS Unitec","og_description":"Las escarificadoras de cincel Vibro-Lo\u2122 con certificaci\u00f3n ATEX ofrecen un alto rendimiento y bajas vibraciones para una mayor productividad y una mayor comodidad del operario en zonas peligrosas.","og_url":"https:\/\/csunitec.com\/es\/producto\/escaladoras-de-cincel-vibro-lo-con-certificacion-atex\/","og_site_name":"CS Unitec","article_modified_time":"2024-12-09T04:38:00+00:00","og_image":[{"width":1100,"height":1100,"url":"https:\/\/csunitec.com\/wp-content\/uploads\/2024\/12\/ATEX_Pistol-Chisel-Scaler-3-2-1.png","type":"image\/png"}],"twitter_card":"summary_large_image","twitter_misc":{"Tiempo de lectura":"1 minuto"},"schema":{"@context":"https:\/\/schema.org","@graph":[{"@type":"WebPage","@id":"https:\/\/csunitec.com\/es\/producto\/escaladoras-de-cincel-vibro-lo-con-certificacion-atex\/","url":"https:\/\/csunitec.com\/es\/producto\/escaladoras-de-cincel-vibro-lo-con-certificacion-atex\/","name":"Escaladoras de cincel Vibro-Lo con certificaci\u00f3n ATEX - CS Unitec","isPartOf":{"@id":"https:\/\/csunitec.com\/es\/#website"},"primaryImageOfPage":{"@id":"https:\/\/csunitec.com\/es\/producto\/escaladoras-de-cincel-vibro-lo-con-certificacion-atex\/#primaryimage"},"image":{"@id":"https:\/\/csunitec.com\/es\/producto\/escaladoras-de-cincel-vibro-lo-con-certificacion-atex\/#primaryimage"},"thumbnailUrl":"https:\/\/csunitec.com\/wp-content\/uploads\/2024\/12\/ATEX_Pistol-Chisel-Scaler-3-2-1.png","datePublished":"2024-12-08T23:38:00+00:00","dateModified":"2024-12-09T04:38:00+00:00","description":"Las escarificadoras de cincel Vibro-Lo\u2122 con certificaci\u00f3n ATEX ofrecen un alto rendimiento y bajas vibraciones para una mayor productividad y una mayor comodidad del operario en zonas peligrosas.","breadcrumb":{"@id":"https:\/\/csunitec.com\/es\/producto\/escaladoras-de-cincel-vibro-lo-con-certificacion-atex\/#breadcrumb"},"inLanguage":"es","potentialAction":[{"@type":"ReadAction","target":["https:\/\/csunitec.com\/es\/producto\/escaladoras-de-cincel-vibro-lo-con-certificacion-atex\/"]}]},{"@type":"ImageObject","inLanguage":"es","@id":"https:\/\/csunitec.com\/es\/producto\/escaladoras-de-cincel-vibro-lo-con-certificacion-atex\/#primaryimage","url":"https:\/\/csunitec.com\/wp-content\/uploads\/2024\/12\/ATEX_Pistol-Chisel-Scaler-3-2-1.png","contentUrl":"https:\/\/csunitec.com\/wp-content\/uploads\/2024\/12\/ATEX_Pistol-Chisel-Scaler-3-2-1.png","width":1100,"height":1100},{"@type":"BreadcrumbList","@id":"https:\/\/csunitec.com\/es\/producto\/escaladoras-de-cincel-vibro-lo-con-certificacion-atex\/#breadcrumb","itemListElement":[{"@type":"ListItem","position":1,"name":"Inicio","item":"https:\/\/csunitec.com\/es\/"},{"@type":"ListItem","position":2,"name":"Tienda","item":"https:\/\/csunitec.com\/es\/tienda\/"},{"@type":"ListItem","position":3,"name":"Escaladoras de cincel Vibro-Lo con certificaci\u00f3n ATEX"}]},{"@type":"WebSite","@id":"https:\/\/csunitec.com\/es\/#website","url":"https:\/\/csunitec.com\/es\/","name":"CS Unitec","description":"","potentialAction":[{"@type":"SearchAction","target":{"@type":"EntryPoint","urlTemplate":"https:\/\/csunitec.com\/es\/?s={search_term_string}"},"query-input":{"@type":"PropertyValueSpecification","valueRequired":true,"valueName":"search_term_string"}}],"inLanguage":"es"}]}},"_links":{"self":[{"href":"https:\/\/csunitec.com\/es\/wp-json\/wp\/v2\/product\/177551","targetHints":{"allow":["GET"]}}],"collection":[{"href":"https:\/\/csunitec.com\/es\/wp-json\/wp\/v2\/product"}],"about":[{"href":"https:\/\/csunitec.com\/es\/wp-json\/wp\/v2\/types\/product"}],"wp:featuredmedia":[{"embeddable":true,"href":"https:\/\/csunitec.com\/es\/wp-json\/wp\/v2\/media\/173490"}],"wp:attachment":[{"href":"https:\/\/csunitec.com\/es\/wp-json\/wp\/v2\/media?parent=177551"}],"wp:term":[{"taxonomy":"product_brand","embeddable":true,"href":"https:\/\/csunitec.com\/es\/wp-json\/wp\/v2\/product_brand?post=177551"},{"taxonomy":"product_cat","embeddable":true,"href":"https:\/\/csunitec.com\/es\/wp-json\/wp\/v2\/product_cat?post=177551"},{"taxonomy":"product_tag","embeddable":true,"href":"https:\/\/csunitec.com\/es\/wp-json\/wp\/v2\/product_tag?post=177551"},{"taxonomy":"accessory_type","embeddable":true,"href":"https:\/\/csunitec.com\/es\/wp-json\/wp\/v2\/accessory_type?post=177551"},{"taxonomy":"application","embeddable":true,"href":"https:\/\/csunitec.com\/es\/wp-json\/wp\/v2\/application?post=177551"},{"taxonomy":"hand_tool_type","embeddable":true,"href":"https:\/\/csunitec.com\/es\/wp-json\/wp\/v2\/hand_tool_type?post=177551"},{"taxonomy":"industry","embeddable":true,"href":"https:\/\/csunitec.com\/es\/wp-json\/wp\/v2\/industry?post=177551"},{"taxonomy":"material","embeddable":true,"href":"https:\/\/csunitec.com\/es\/wp-json\/wp\/v2\/material?post=177551"},{"taxonomy":"power_tool_type","embeddable":true,"href":"https:\/\/csunitec.com\/es\/wp-json\/wp\/v2\/power_tool_type?post=177551"},{"taxonomy":"power_type","embeddable":true,"href":"https:\/\/csunitec.com\/es\/wp-json\/wp\/v2\/power_type?post=177551"},{"taxonomy":"subcategory","embeddable":true,"href":"https:\/\/csunitec.com\/es\/wp-json\/wp\/v2\/subcategory?post=177551"},{"taxonomy":"tool_type","embeddable":true,"href":"https:\/\/csunitec.com\/es\/wp-json\/wp\/v2\/tool_type?post=177551"}],"curies":[{"name":"wp","href":"https:\/\/api.w.org\/{rel}","templated":true}]}}