{"id":177552,"date":"2024-12-09T01:00:00","date_gmt":"2024-12-09T01:00:00","guid":{"rendered":"https:\/\/stgcsunitec.wpenginepowered.com\/product\/accesorios-para-rascador-de-largo-alcance-rascador\/"},"modified":"2024-12-09T01:00:00","modified_gmt":"2024-12-09T06:00:00","slug":"accesorios-para-rascador-de-largo-alcance-rascador","status":"publish","type":"product","link":"https:\/\/csunitec.com\/es\/producto\/accesorios-para-rascador-de-largo-alcance-rascador\/","title":{"rendered":"Accesorios para rascador de largo alcance, rascador"},"content":{"rendered":"<ul>\n<li>Aditamentos para la escarificadora de largo alcance para retirar materiales del suelo como baldosas, lin\u00f3leo, adhesivo para moquetas, masilla y vinilo.<\/li>\n<li>Util\u00edzalo para raspar pintura, revestimientos y acumulaciones de superficies de hormig\u00f3n, metal y mamposter\u00eda.<\/li>\n<li>Pr\u00e1ctico para limpiar y preparar grandes superficies de suelo antes de su revestimiento o repintado.<\/li>\n<li>Suelen utilizarse cuando se trabaja en zonas de dif\u00edcil acceso o poco despejadas, donde las herramientas de largo alcance mejoran el acceso y reducen la necesidad de agacharse o arrodillarse.<\/li>\n<li>Para eliminar la corrosi\u00f3n, las incrustaciones y los dep\u00f3sitos en entornos industriales y marinos.<\/li>\n<\/ul>\n","protected":false},"excerpt":{"rendered":"<ul>\n<li>Eliminaci\u00f3n de adhesivos y restos de pintura<\/li>\n<li>Eliminaci\u00f3n de derrames de pintura y revestimiento<\/li>\n<li>Retirada de moquetas y baldosas<\/li>\n<\/ul>\n","protected":false},"featured_media":168175,"template":"","meta":[],"product_brand":[],"product_cat":[1033],"product_tag":[1088],"accessory_type":[927],"application":[1035],"hand_tool_type":[],"industry":[933],"material":[],"power_tool_type":[],"power_type":[],"subcategory":[1040],"tool_type":[943],"class_list":{"0":"post-177552","1":"product","2":"type-product","3":"status-publish","4":"has-post-thumbnail","6":"product_cat-preparacion-de-superficies","7":"product_tag-accesorios-para-escarificadores-de-largo-alcance","8":"accessory_type-accesorio","9":"application-acabado-y-preparacion-de-superficies","10":"industry-metalurgia-2","11":"subcategory-escarificadores","12":"tool_type-accesorio","14":"first","15":"instock","16":"shipping-taxable","17":"purchasable","18":"product-type-variable"},"yoast_head":"<!-- This site is optimized with the Yoast SEO plugin v27.5 - https:\/\/yoast.com\/product\/yoast-seo-wordpress\/ -->\n<title>Accesorios para rascador de largo alcance, rascador - CS Unitec<\/title>\n<meta name=\"description\" content=\"Aditamentos para la Rasqueta de Largo Alcance para eliminar materiales del suelo, raspar pintura, revestimientos y acumulaciones de superficies de hormig\u00f3n, metal y mamposter\u00eda.\" \/>\n<meta name=\"robots\" content=\"index, follow, max-snippet:-1, max-image-preview:large, max-video-preview:-1\" \/>\n<link rel=\"canonical\" href=\"https:\/\/csunitec.com\/es\/producto\/accesorios-para-rascador-de-largo-alcance-rascador\/\" \/>\n<meta property=\"og:locale\" content=\"es_ES\" \/>\n<meta property=\"og:type\" content=\"article\" \/>\n<meta property=\"og:title\" content=\"Accesorios para rascador de largo alcance, rascador - CS Unitec\" \/>\n<meta property=\"og:description\" content=\"Aditamentos para la Rasqueta de Largo Alcance para eliminar materiales del suelo, raspar pintura, revestimientos y acumulaciones de superficies de hormig\u00f3n, metal y mamposter\u00eda.\" \/>\n<meta property=\"og:url\" content=\"https:\/\/csunitec.com\/es\/producto\/accesorios-para-rascador-de-largo-alcance-rascador\/\" \/>\n<meta property=\"og:site_name\" content=\"CS Unitec\" \/>\n<meta property=\"article:modified_time\" content=\"2024-12-09T06:00:00+00:00\" \/>\n<meta property=\"og:image\" content=\"https:\/\/csunitec.com\/wp-content\/uploads\/2025\/04\/Long-Reach-Scraper-Attachment-431.3512-3-2-1.png\" \/>\n\t<meta property=\"og:image:width\" content=\"1000\" \/>\n\t<meta property=\"og:image:height\" content=\"1000\" \/>\n\t<meta property=\"og:image:type\" content=\"image\/png\" \/>\n<meta name=\"twitter:card\" content=\"summary_large_image\" \/>\n<meta name=\"twitter:label1\" content=\"Tiempo de lectura\" \/>\n\t<meta name=\"twitter:data1\" content=\"1 minuto\" \/>\n<script type=\"application\/ld+json\" class=\"yoast-schema-graph\">{\"@context\":\"https:\\\/\\\/schema.org\",\"@graph\":[{\"@type\":\"WebPage\",\"@id\":\"https:\\\/\\\/csunitec.com\\\/es\\\/producto\\\/accesorios-para-rascador-de-largo-alcance-rascador\\\/\",\"url\":\"https:\\\/\\\/csunitec.com\\\/es\\\/producto\\\/accesorios-para-rascador-de-largo-alcance-rascador\\\/\",\"name\":\"Accesorios para rascador de largo alcance, rascador - CS Unitec\",\"isPartOf\":{\"@id\":\"https:\\\/\\\/csunitec.com\\\/es\\\/#website\"},\"primaryImageOfPage\":{\"@id\":\"https:\\\/\\\/csunitec.com\\\/es\\\/producto\\\/accesorios-para-rascador-de-largo-alcance-rascador\\\/#primaryimage\"},\"image\":{\"@id\":\"https:\\\/\\\/csunitec.com\\\/es\\\/producto\\\/accesorios-para-rascador-de-largo-alcance-rascador\\\/#primaryimage\"},\"thumbnailUrl\":\"https:\\\/\\\/csunitec.com\\\/wp-content\\\/uploads\\\/2025\\\/04\\\/Long-Reach-Scraper-Attachment-431.3512-3-2-1.png\",\"datePublished\":\"2024-12-09T01:00:00+00:00\",\"dateModified\":\"2024-12-09T06:00:00+00:00\",\"description\":\"Aditamentos para la Rasqueta de Largo Alcance para eliminar materiales del suelo, raspar pintura, revestimientos y acumulaciones de superficies de hormig\u00f3n, metal y mamposter\u00eda.\",\"breadcrumb\":{\"@id\":\"https:\\\/\\\/csunitec.com\\\/es\\\/producto\\\/accesorios-para-rascador-de-largo-alcance-rascador\\\/#breadcrumb\"},\"inLanguage\":\"es\",\"potentialAction\":[{\"@type\":\"ReadAction\",\"target\":[\"https:\\\/\\\/csunitec.com\\\/es\\\/producto\\\/accesorios-para-rascador-de-largo-alcance-rascador\\\/\"]}]},{\"@type\":\"ImageObject\",\"inLanguage\":\"es\",\"@id\":\"https:\\\/\\\/csunitec.com\\\/es\\\/producto\\\/accesorios-para-rascador-de-largo-alcance-rascador\\\/#primaryimage\",\"url\":\"https:\\\/\\\/csunitec.com\\\/wp-content\\\/uploads\\\/2025\\\/04\\\/Long-Reach-Scraper-Attachment-431.3512-3-2-1.png\",\"contentUrl\":\"https:\\\/\\\/csunitec.com\\\/wp-content\\\/uploads\\\/2025\\\/04\\\/Long-Reach-Scraper-Attachment-431.3512-3-2-1.png\",\"width\":1000,\"height\":1000},{\"@type\":\"BreadcrumbList\",\"@id\":\"https:\\\/\\\/csunitec.com\\\/es\\\/producto\\\/accesorios-para-rascador-de-largo-alcance-rascador\\\/#breadcrumb\",\"itemListElement\":[{\"@type\":\"ListItem\",\"position\":1,\"name\":\"Inicio\",\"item\":\"https:\\\/\\\/csunitec.com\\\/es\\\/\"},{\"@type\":\"ListItem\",\"position\":2,\"name\":\"Tienda\",\"item\":\"https:\\\/\\\/csunitec.com\\\/es\\\/tienda\\\/\"},{\"@type\":\"ListItem\",\"position\":3,\"name\":\"Accesorios para rascador de largo alcance, rascador\"}]},{\"@type\":\"WebSite\",\"@id\":\"https:\\\/\\\/csunitec.com\\\/es\\\/#website\",\"url\":\"https:\\\/\\\/csunitec.com\\\/es\\\/\",\"name\":\"CS Unitec\",\"description\":\"\",\"potentialAction\":[{\"@type\":\"SearchAction\",\"target\":{\"@type\":\"EntryPoint\",\"urlTemplate\":\"https:\\\/\\\/csunitec.com\\\/es\\\/?s={search_term_string}\"},\"query-input\":{\"@type\":\"PropertyValueSpecification\",\"valueRequired\":true,\"valueName\":\"search_term_string\"}}],\"inLanguage\":\"es\"}]}<\/script>\n<!-- \/ Yoast SEO plugin. -->","yoast_head_json":{"title":"Accesorios para rascador de largo alcance, rascador - CS Unitec","description":"Aditamentos para la Rasqueta de Largo Alcance para eliminar materiales del suelo, raspar pintura, revestimientos y acumulaciones de superficies de hormig\u00f3n, metal y mamposter\u00eda.","robots":{"index":"index","follow":"follow","max-snippet":"max-snippet:-1","max-image-preview":"max-image-preview:large","max-video-preview":"max-video-preview:-1"},"canonical":"https:\/\/csunitec.com\/es\/producto\/accesorios-para-rascador-de-largo-alcance-rascador\/","og_locale":"es_ES","og_type":"article","og_title":"Accesorios para rascador de largo alcance, rascador - CS Unitec","og_description":"Aditamentos para la Rasqueta de Largo Alcance para eliminar materiales del suelo, raspar pintura, revestimientos y acumulaciones de superficies de hormig\u00f3n, metal y mamposter\u00eda.","og_url":"https:\/\/csunitec.com\/es\/producto\/accesorios-para-rascador-de-largo-alcance-rascador\/","og_site_name":"CS Unitec","article_modified_time":"2024-12-09T06:00:00+00:00","og_image":[{"width":1000,"height":1000,"url":"https:\/\/csunitec.com\/wp-content\/uploads\/2025\/04\/Long-Reach-Scraper-Attachment-431.3512-3-2-1.png","type":"image\/png"}],"twitter_card":"summary_large_image","twitter_misc":{"Tiempo de lectura":"1 minuto"},"schema":{"@context":"https:\/\/schema.org","@graph":[{"@type":"WebPage","@id":"https:\/\/csunitec.com\/es\/producto\/accesorios-para-rascador-de-largo-alcance-rascador\/","url":"https:\/\/csunitec.com\/es\/producto\/accesorios-para-rascador-de-largo-alcance-rascador\/","name":"Accesorios para rascador de largo alcance, rascador - CS Unitec","isPartOf":{"@id":"https:\/\/csunitec.com\/es\/#website"},"primaryImageOfPage":{"@id":"https:\/\/csunitec.com\/es\/producto\/accesorios-para-rascador-de-largo-alcance-rascador\/#primaryimage"},"image":{"@id":"https:\/\/csunitec.com\/es\/producto\/accesorios-para-rascador-de-largo-alcance-rascador\/#primaryimage"},"thumbnailUrl":"https:\/\/csunitec.com\/wp-content\/uploads\/2025\/04\/Long-Reach-Scraper-Attachment-431.3512-3-2-1.png","datePublished":"2024-12-09T01:00:00+00:00","dateModified":"2024-12-09T06:00:00+00:00","description":"Aditamentos para la Rasqueta de Largo Alcance para eliminar materiales del suelo, raspar pintura, revestimientos y acumulaciones de superficies de hormig\u00f3n, metal y mamposter\u00eda.","breadcrumb":{"@id":"https:\/\/csunitec.com\/es\/producto\/accesorios-para-rascador-de-largo-alcance-rascador\/#breadcrumb"},"inLanguage":"es","potentialAction":[{"@type":"ReadAction","target":["https:\/\/csunitec.com\/es\/producto\/accesorios-para-rascador-de-largo-alcance-rascador\/"]}]},{"@type":"ImageObject","inLanguage":"es","@id":"https:\/\/csunitec.com\/es\/producto\/accesorios-para-rascador-de-largo-alcance-rascador\/#primaryimage","url":"https:\/\/csunitec.com\/wp-content\/uploads\/2025\/04\/Long-Reach-Scraper-Attachment-431.3512-3-2-1.png","contentUrl":"https:\/\/csunitec.com\/wp-content\/uploads\/2025\/04\/Long-Reach-Scraper-Attachment-431.3512-3-2-1.png","width":1000,"height":1000},{"@type":"BreadcrumbList","@id":"https:\/\/csunitec.com\/es\/producto\/accesorios-para-rascador-de-largo-alcance-rascador\/#breadcrumb","itemListElement":[{"@type":"ListItem","position":1,"name":"Inicio","item":"https:\/\/csunitec.com\/es\/"},{"@type":"ListItem","position":2,"name":"Tienda","item":"https:\/\/csunitec.com\/es\/tienda\/"},{"@type":"ListItem","position":3,"name":"Accesorios para rascador de largo alcance, rascador"}]},{"@type":"WebSite","@id":"https:\/\/csunitec.com\/es\/#website","url":"https:\/\/csunitec.com\/es\/","name":"CS Unitec","description":"","potentialAction":[{"@type":"SearchAction","target":{"@type":"EntryPoint","urlTemplate":"https:\/\/csunitec.com\/es\/?s={search_term_string}"},"query-input":{"@type":"PropertyValueSpecification","valueRequired":true,"valueName":"search_term_string"}}],"inLanguage":"es"}]}},"_links":{"self":[{"href":"https:\/\/csunitec.com\/es\/wp-json\/wp\/v2\/product\/177552","targetHints":{"allow":["GET"]}}],"collection":[{"href":"https:\/\/csunitec.com\/es\/wp-json\/wp\/v2\/product"}],"about":[{"href":"https:\/\/csunitec.com\/es\/wp-json\/wp\/v2\/types\/product"}],"wp:featuredmedia":[{"embeddable":true,"href":"https:\/\/csunitec.com\/es\/wp-json\/wp\/v2\/media\/168175"}],"wp:attachment":[{"href":"https:\/\/csunitec.com\/es\/wp-json\/wp\/v2\/media?parent=177552"}],"wp:term":[{"taxonomy":"product_brand","embeddable":true,"href":"https:\/\/csunitec.com\/es\/wp-json\/wp\/v2\/product_brand?post=177552"},{"taxonomy":"product_cat","embeddable":true,"href":"https:\/\/csunitec.com\/es\/wp-json\/wp\/v2\/product_cat?post=177552"},{"taxonomy":"product_tag","embeddable":true,"href":"https:\/\/csunitec.com\/es\/wp-json\/wp\/v2\/product_tag?post=177552"},{"taxonomy":"accessory_type","embeddable":true,"href":"https:\/\/csunitec.com\/es\/wp-json\/wp\/v2\/accessory_type?post=177552"},{"taxonomy":"application","embeddable":true,"href":"https:\/\/csunitec.com\/es\/wp-json\/wp\/v2\/application?post=177552"},{"taxonomy":"hand_tool_type","embeddable":true,"href":"https:\/\/csunitec.com\/es\/wp-json\/wp\/v2\/hand_tool_type?post=177552"},{"taxonomy":"industry","embeddable":true,"href":"https:\/\/csunitec.com\/es\/wp-json\/wp\/v2\/industry?post=177552"},{"taxonomy":"material","embeddable":true,"href":"https:\/\/csunitec.com\/es\/wp-json\/wp\/v2\/material?post=177552"},{"taxonomy":"power_tool_type","embeddable":true,"href":"https:\/\/csunitec.com\/es\/wp-json\/wp\/v2\/power_tool_type?post=177552"},{"taxonomy":"power_type","embeddable":true,"href":"https:\/\/csunitec.com\/es\/wp-json\/wp\/v2\/power_type?post=177552"},{"taxonomy":"subcategory","embeddable":true,"href":"https:\/\/csunitec.com\/es\/wp-json\/wp\/v2\/subcategory?post=177552"},{"taxonomy":"tool_type","embeddable":true,"href":"https:\/\/csunitec.com\/es\/wp-json\/wp\/v2\/tool_type?post=177552"}],"curies":[{"name":"wp","href":"https:\/\/api.w.org\/{rel}","templated":true}]}}