{"id":177580,"date":"2025-01-27T18:29:25","date_gmt":"2025-01-27T18:29:25","guid":{"rendered":"https:\/\/stgcsunitec.wpenginepowered.com\/product\/martillos-escamadores-manuales-cabezal-unico\/"},"modified":"2026-05-07T21:15:20","modified_gmt":"2026-05-08T01:15:20","slug":"martillos-escamadores-manuales-cabezal-unico","status":"publish","type":"product","link":"https:\/\/csunitec.com\/es\/producto\/martillos-escamadores-manuales-cabezal-unico\/","title":{"rendered":"Martillos picadores manuales SF1 &#8211; Monocabezal"},"content":{"rendered":"<ul>\n<li>Martillos manuales neum\u00e1ticos de un cabezal dise\u00f1ados para romper cascarillas gruesas, corrosi\u00f3n intensa y revestimientos industriales duros, estos martillos destacan en entornos marinos, industriales y de construcci\u00f3n.<\/li>\n<li>Se utiliza en tuber\u00edas y superficies cil\u00edndricas donde se necesita una desincrustaci\u00f3n selectiva.<\/li>\n<li>Para cubiertas de barcos y estructuras marinas expuestas a la corrosi\u00f3n del agua salada.<\/li>\n<li>Ideal para su uso en plataformas petrol\u00edferas e instalaciones en alta mar que requieran herramientas robustas y fiables.<\/li>\n<li>Para estructuras de puentes y acero estructural que necesitan eliminar la corrosi\u00f3n localizada.<\/li>\n<\/ul>\n","protected":false},"excerpt":{"rendered":"<ul>\n<li>Golpes por minuto: 3000<\/li>\n<li>Velocidad de producci\u00f3n: 50 pies cuadrados\/hora<\/li>\n<li>Consumo de aire: 7 CFM @ 90 PSI<\/li>\n<li>Tipos de asa: Disponible largo y corto<\/li>\n<\/ul>\n","protected":false},"featured_media":177233,"template":"","meta":[],"product_brand":[],"product_cat":[1033],"product_tag":[1036,1037,1038],"accessory_type":[],"application":[1067],"hand_tool_type":[],"industry":[931],"material":[],"power_tool_type":[],"power_type":[],"subcategory":[1040],"tool_type":[1041],"class_list":{"0":"post-177580","1":"product","2":"type-product","3":"status-publish","4":"has-post-thumbnail","6":"product_cat-preparacion-de-superficies","7":"product_tag-martillos-escaladores","8":"product_tag-preparacion-de-la-superficie-del-hormigon","9":"product_tag-preparacion-de-la-superficie-metalica","10":"application-corte-y-demolicion","11":"industry-hormigon-y-mamposteria","12":"subcategory-escarificadores","13":"tool_type-herramienta-manual-antichispas","15":"first","16":"instock","17":"shipping-taxable","18":"purchasable","19":"product-type-variable"},"yoast_head":"<!-- This site is optimized with the Yoast SEO plugin v27.5 - https:\/\/yoast.com\/product\/yoast-seo-wordpress\/ -->\n<title>Martillos picadores manuales SF1 - Monocabezal - CS Unitec<\/title>\n<meta name=\"description\" content=\"Martillos manuales neum\u00e1ticos de un cabezal dise\u00f1ados para romper incrustaciones gruesas, corrosi\u00f3n intensa y revestimientos industriales duros.\" \/>\n<meta name=\"robots\" content=\"index, follow, max-snippet:-1, max-image-preview:large, max-video-preview:-1\" \/>\n<link rel=\"canonical\" href=\"https:\/\/csunitec.com\/es\/producto\/martillos-escamadores-manuales-cabezal-unico\/\" \/>\n<meta property=\"og:locale\" content=\"es_ES\" \/>\n<meta property=\"og:type\" content=\"article\" \/>\n<meta property=\"og:title\" content=\"Martillos picadores manuales SF1 - Monocabezal - CS Unitec\" \/>\n<meta property=\"og:description\" content=\"Martillos manuales neum\u00e1ticos de un cabezal dise\u00f1ados para romper incrustaciones gruesas, corrosi\u00f3n intensa y revestimientos industriales duros.\" \/>\n<meta property=\"og:url\" content=\"https:\/\/csunitec.com\/es\/producto\/martillos-escamadores-manuales-cabezal-unico\/\" \/>\n<meta property=\"og:site_name\" content=\"CS Unitec\" \/>\n<meta property=\"article:modified_time\" content=\"2026-05-08T01:15:20+00:00\" \/>\n<meta property=\"og:image\" content=\"https:\/\/csunitec.com\/wp-content\/uploads\/2025\/03\/Single-Head-Scaling-Hammer-5.png\" \/>\n\t<meta property=\"og:image:width\" content=\"1000\" \/>\n\t<meta property=\"og:image:height\" content=\"1000\" \/>\n\t<meta property=\"og:image:type\" content=\"image\/png\" \/>\n<meta name=\"twitter:card\" content=\"summary_large_image\" \/>\n<script type=\"application\/ld+json\" class=\"yoast-schema-graph\">{\"@context\":\"https:\\\/\\\/schema.org\",\"@graph\":[{\"@type\":\"WebPage\",\"@id\":\"https:\\\/\\\/csunitec.com\\\/es\\\/producto\\\/martillos-escamadores-manuales-cabezal-unico\\\/\",\"url\":\"https:\\\/\\\/csunitec.com\\\/es\\\/producto\\\/martillos-escamadores-manuales-cabezal-unico\\\/\",\"name\":\"Martillos picadores manuales SF1 - Monocabezal - CS Unitec\",\"isPartOf\":{\"@id\":\"https:\\\/\\\/csunitec.com\\\/es\\\/#website\"},\"primaryImageOfPage\":{\"@id\":\"https:\\\/\\\/csunitec.com\\\/es\\\/producto\\\/martillos-escamadores-manuales-cabezal-unico\\\/#primaryimage\"},\"image\":{\"@id\":\"https:\\\/\\\/csunitec.com\\\/es\\\/producto\\\/martillos-escamadores-manuales-cabezal-unico\\\/#primaryimage\"},\"thumbnailUrl\":\"https:\\\/\\\/csunitec.com\\\/wp-content\\\/uploads\\\/2025\\\/03\\\/Single-Head-Scaling-Hammer-5.png\",\"datePublished\":\"2025-01-27T18:29:25+00:00\",\"dateModified\":\"2026-05-08T01:15:20+00:00\",\"description\":\"Martillos manuales neum\u00e1ticos de un cabezal dise\u00f1ados para romper incrustaciones gruesas, corrosi\u00f3n intensa y revestimientos industriales duros.\",\"breadcrumb\":{\"@id\":\"https:\\\/\\\/csunitec.com\\\/es\\\/producto\\\/martillos-escamadores-manuales-cabezal-unico\\\/#breadcrumb\"},\"inLanguage\":\"es\",\"potentialAction\":[{\"@type\":\"ReadAction\",\"target\":[\"https:\\\/\\\/csunitec.com\\\/es\\\/producto\\\/martillos-escamadores-manuales-cabezal-unico\\\/\"]}]},{\"@type\":\"ImageObject\",\"inLanguage\":\"es\",\"@id\":\"https:\\\/\\\/csunitec.com\\\/es\\\/producto\\\/martillos-escamadores-manuales-cabezal-unico\\\/#primaryimage\",\"url\":\"https:\\\/\\\/csunitec.com\\\/wp-content\\\/uploads\\\/2025\\\/03\\\/Single-Head-Scaling-Hammer-5.png\",\"contentUrl\":\"https:\\\/\\\/csunitec.com\\\/wp-content\\\/uploads\\\/2025\\\/03\\\/Single-Head-Scaling-Hammer-5.png\",\"width\":1000,\"height\":1000},{\"@type\":\"BreadcrumbList\",\"@id\":\"https:\\\/\\\/csunitec.com\\\/es\\\/producto\\\/martillos-escamadores-manuales-cabezal-unico\\\/#breadcrumb\",\"itemListElement\":[{\"@type\":\"ListItem\",\"position\":1,\"name\":\"Inicio\",\"item\":\"https:\\\/\\\/csunitec.com\\\/es\\\/\"},{\"@type\":\"ListItem\",\"position\":2,\"name\":\"Tienda\",\"item\":\"https:\\\/\\\/csunitec.com\\\/es\\\/tienda\\\/\"},{\"@type\":\"ListItem\",\"position\":3,\"name\":\"Martillos picadores manuales SF1 &#8211; Monocabezal\"}]},{\"@type\":\"WebSite\",\"@id\":\"https:\\\/\\\/csunitec.com\\\/es\\\/#website\",\"url\":\"https:\\\/\\\/csunitec.com\\\/es\\\/\",\"name\":\"CS Unitec\",\"description\":\"\",\"potentialAction\":[{\"@type\":\"SearchAction\",\"target\":{\"@type\":\"EntryPoint\",\"urlTemplate\":\"https:\\\/\\\/csunitec.com\\\/es\\\/?s={search_term_string}\"},\"query-input\":{\"@type\":\"PropertyValueSpecification\",\"valueRequired\":true,\"valueName\":\"search_term_string\"}}],\"inLanguage\":\"es\"}]}<\/script>\n<!-- \/ Yoast SEO plugin. -->","yoast_head_json":{"title":"Martillos picadores manuales SF1 - Monocabezal - CS Unitec","description":"Martillos manuales neum\u00e1ticos de un cabezal dise\u00f1ados para romper incrustaciones gruesas, corrosi\u00f3n intensa y revestimientos industriales duros.","robots":{"index":"index","follow":"follow","max-snippet":"max-snippet:-1","max-image-preview":"max-image-preview:large","max-video-preview":"max-video-preview:-1"},"canonical":"https:\/\/csunitec.com\/es\/producto\/martillos-escamadores-manuales-cabezal-unico\/","og_locale":"es_ES","og_type":"article","og_title":"Martillos picadores manuales SF1 - Monocabezal - CS Unitec","og_description":"Martillos manuales neum\u00e1ticos de un cabezal dise\u00f1ados para romper incrustaciones gruesas, corrosi\u00f3n intensa y revestimientos industriales duros.","og_url":"https:\/\/csunitec.com\/es\/producto\/martillos-escamadores-manuales-cabezal-unico\/","og_site_name":"CS Unitec","article_modified_time":"2026-05-08T01:15:20+00:00","og_image":[{"width":1000,"height":1000,"url":"https:\/\/csunitec.com\/wp-content\/uploads\/2025\/03\/Single-Head-Scaling-Hammer-5.png","type":"image\/png"}],"twitter_card":"summary_large_image","schema":{"@context":"https:\/\/schema.org","@graph":[{"@type":"WebPage","@id":"https:\/\/csunitec.com\/es\/producto\/martillos-escamadores-manuales-cabezal-unico\/","url":"https:\/\/csunitec.com\/es\/producto\/martillos-escamadores-manuales-cabezal-unico\/","name":"Martillos picadores manuales SF1 - Monocabezal - CS Unitec","isPartOf":{"@id":"https:\/\/csunitec.com\/es\/#website"},"primaryImageOfPage":{"@id":"https:\/\/csunitec.com\/es\/producto\/martillos-escamadores-manuales-cabezal-unico\/#primaryimage"},"image":{"@id":"https:\/\/csunitec.com\/es\/producto\/martillos-escamadores-manuales-cabezal-unico\/#primaryimage"},"thumbnailUrl":"https:\/\/csunitec.com\/wp-content\/uploads\/2025\/03\/Single-Head-Scaling-Hammer-5.png","datePublished":"2025-01-27T18:29:25+00:00","dateModified":"2026-05-08T01:15:20+00:00","description":"Martillos manuales neum\u00e1ticos de un cabezal dise\u00f1ados para romper incrustaciones gruesas, corrosi\u00f3n intensa y revestimientos industriales duros.","breadcrumb":{"@id":"https:\/\/csunitec.com\/es\/producto\/martillos-escamadores-manuales-cabezal-unico\/#breadcrumb"},"inLanguage":"es","potentialAction":[{"@type":"ReadAction","target":["https:\/\/csunitec.com\/es\/producto\/martillos-escamadores-manuales-cabezal-unico\/"]}]},{"@type":"ImageObject","inLanguage":"es","@id":"https:\/\/csunitec.com\/es\/producto\/martillos-escamadores-manuales-cabezal-unico\/#primaryimage","url":"https:\/\/csunitec.com\/wp-content\/uploads\/2025\/03\/Single-Head-Scaling-Hammer-5.png","contentUrl":"https:\/\/csunitec.com\/wp-content\/uploads\/2025\/03\/Single-Head-Scaling-Hammer-5.png","width":1000,"height":1000},{"@type":"BreadcrumbList","@id":"https:\/\/csunitec.com\/es\/producto\/martillos-escamadores-manuales-cabezal-unico\/#breadcrumb","itemListElement":[{"@type":"ListItem","position":1,"name":"Inicio","item":"https:\/\/csunitec.com\/es\/"},{"@type":"ListItem","position":2,"name":"Tienda","item":"https:\/\/csunitec.com\/es\/tienda\/"},{"@type":"ListItem","position":3,"name":"Martillos picadores manuales SF1 &#8211; Monocabezal"}]},{"@type":"WebSite","@id":"https:\/\/csunitec.com\/es\/#website","url":"https:\/\/csunitec.com\/es\/","name":"CS Unitec","description":"","potentialAction":[{"@type":"SearchAction","target":{"@type":"EntryPoint","urlTemplate":"https:\/\/csunitec.com\/es\/?s={search_term_string}"},"query-input":{"@type":"PropertyValueSpecification","valueRequired":true,"valueName":"search_term_string"}}],"inLanguage":"es"}]}},"_links":{"self":[{"href":"https:\/\/csunitec.com\/es\/wp-json\/wp\/v2\/product\/177580","targetHints":{"allow":["GET"]}}],"collection":[{"href":"https:\/\/csunitec.com\/es\/wp-json\/wp\/v2\/product"}],"about":[{"href":"https:\/\/csunitec.com\/es\/wp-json\/wp\/v2\/types\/product"}],"wp:featuredmedia":[{"embeddable":true,"href":"https:\/\/csunitec.com\/es\/wp-json\/wp\/v2\/media\/177233"}],"wp:attachment":[{"href":"https:\/\/csunitec.com\/es\/wp-json\/wp\/v2\/media?parent=177580"}],"wp:term":[{"taxonomy":"product_brand","embeddable":true,"href":"https:\/\/csunitec.com\/es\/wp-json\/wp\/v2\/product_brand?post=177580"},{"taxonomy":"product_cat","embeddable":true,"href":"https:\/\/csunitec.com\/es\/wp-json\/wp\/v2\/product_cat?post=177580"},{"taxonomy":"product_tag","embeddable":true,"href":"https:\/\/csunitec.com\/es\/wp-json\/wp\/v2\/product_tag?post=177580"},{"taxonomy":"accessory_type","embeddable":true,"href":"https:\/\/csunitec.com\/es\/wp-json\/wp\/v2\/accessory_type?post=177580"},{"taxonomy":"application","embeddable":true,"href":"https:\/\/csunitec.com\/es\/wp-json\/wp\/v2\/application?post=177580"},{"taxonomy":"hand_tool_type","embeddable":true,"href":"https:\/\/csunitec.com\/es\/wp-json\/wp\/v2\/hand_tool_type?post=177580"},{"taxonomy":"industry","embeddable":true,"href":"https:\/\/csunitec.com\/es\/wp-json\/wp\/v2\/industry?post=177580"},{"taxonomy":"material","embeddable":true,"href":"https:\/\/csunitec.com\/es\/wp-json\/wp\/v2\/material?post=177580"},{"taxonomy":"power_tool_type","embeddable":true,"href":"https:\/\/csunitec.com\/es\/wp-json\/wp\/v2\/power_tool_type?post=177580"},{"taxonomy":"power_type","embeddable":true,"href":"https:\/\/csunitec.com\/es\/wp-json\/wp\/v2\/power_type?post=177580"},{"taxonomy":"subcategory","embeddable":true,"href":"https:\/\/csunitec.com\/es\/wp-json\/wp\/v2\/subcategory?post=177580"},{"taxonomy":"tool_type","embeddable":true,"href":"https:\/\/csunitec.com\/es\/wp-json\/wp\/v2\/tool_type?post=177580"}],"curies":[{"name":"wp","href":"https:\/\/api.w.org\/{rel}","templated":true}]}}