{"id":177581,"date":"2025-01-27T17:47:06","date_gmt":"2025-01-27T17:47:06","guid":{"rendered":"https:\/\/stgcsunitec.wpenginepowered.com\/product\/sierra-de-picar-metal-de-14-cortadora-super-seca-premium\/"},"modified":"2026-04-30T01:59:24","modified_gmt":"2026-04-30T05:59:24","slug":"sierra-de-picar-metal-de-14-cortadora-super-seca-premium","status":"publish","type":"product","link":"https:\/\/csunitec.com\/es\/producto\/sierra-de-picar-metal-de-14-cortadora-super-seca-premium\/","title":{"rendered":"Sierra de picar metal de 14&#8243; &#8211; Cortadora Super Seca Premium"},"content":{"rendered":"<ul>\n<li>Sierra tronzadora de metal de 14&#8243; para cortar acero inoxidable, acero dulce, aluminio y perfiles no f\u00e9rricos para trabajos de producci\u00f3n.<\/li>\n<li>Ideal para talleres de fabricaci\u00f3n que requieren cortes limpios y sin rebabas, sin acabado secundario.<\/li>\n<li>Cortar vigas en I, canales, \u00e1ngulos de hierro y cubiertas met\u00e1licas en obras.<\/li>\n<li>\u00datil para trabajos de entramado, instalaci\u00f3n de estructuras e infraestructuras met\u00e1licas.<\/li>\n<li>Corta conductos, tubos y canalizaciones met\u00e1licas de forma r\u00e1pida y limpia.<\/li>\n<li>El dise\u00f1o port\u00e1til ayuda a los contratistas y t\u00e9cnicos que necesitan una gran capacidad de corte lejos del taller.<\/li>\n<\/ul>\n","protected":false},"excerpt":{"rendered":"<ul class=\"alexcss\">\n<li>Capacidad de corte: Hasta 5,5&#8243; (Redonda), 4,92&#8243; (Cuadrada), 4,13&#8243; x 6,1&#8243; (Rectangular)<\/li>\n<li>Velocidad: 1600 RPM<\/li>\n<li>Potencia del motor: 15 Amperios<\/li>\n<\/ul>\n","protected":false},"featured_media":177588,"template":"","meta":[],"product_brand":[],"product_cat":[1043],"product_tag":[1090],"accessory_type":[],"application":[1042],"hand_tool_type":[],"industry":[933],"material":[],"power_tool_type":[1089],"power_type":[936],"subcategory":[1091],"tool_type":[946],"class_list":{"0":"post-177581","1":"product","2":"type-product","3":"status-publish","4":"has-post-thumbnail","6":"product_cat-sierras","7":"product_tag-sierras-circulares-electricas","8":"application-corte-y-conformado","9":"industry-metalurgia-2","10":"power_tool_type-sierra-circular","11":"power_type-electrico","12":"subcategory-sierras-circulares","13":"tool_type-herramienta-electrica","15":"first","16":"instock","17":"shipping-taxable","18":"purchasable","19":"product-type-variable"},"yoast_head":"<!-- This site is optimized with the Yoast SEO plugin v27.5 - https:\/\/yoast.com\/product\/yoast-seo-wordpress\/ -->\n<title>Sierra de picar metal de 14&quot; - Cortadora Super Seca Premium - CS Unitec<\/title>\n<meta name=\"description\" content=\"Sierra tronzadora de metal de 14&quot; dise\u00f1ada para el corte r\u00e1pido y en fr\u00edo de acero, acero inoxidable, aluminio y metales no f\u00e9rreos. No necesita refrigerante ni desbarbado.\" \/>\n<meta name=\"robots\" content=\"index, follow, max-snippet:-1, max-image-preview:large, max-video-preview:-1\" \/>\n<link rel=\"canonical\" href=\"https:\/\/csunitec.com\/es\/producto\/sierra-de-picar-metal-de-14-cortadora-super-seca-premium\/\" \/>\n<meta property=\"og:locale\" content=\"es_ES\" \/>\n<meta property=\"og:type\" content=\"article\" \/>\n<meta property=\"og:title\" content=\"Sierra de picar metal de 14&quot; - Cortadora Super Seca Premium - CS Unitec\" \/>\n<meta property=\"og:description\" content=\"Sierra tronzadora de metal de 14&quot; dise\u00f1ada para el corte r\u00e1pido y en fr\u00edo de acero, acero inoxidable, aluminio y metales no f\u00e9rreos. No necesita refrigerante ni desbarbado.\" \/>\n<meta property=\"og:url\" content=\"https:\/\/csunitec.com\/es\/producto\/sierra-de-picar-metal-de-14-cortadora-super-seca-premium\/\" \/>\n<meta property=\"og:site_name\" content=\"CS Unitec\" \/>\n<meta property=\"article:modified_time\" content=\"2026-04-30T05:59:24+00:00\" \/>\n<meta property=\"og:image\" content=\"https:\/\/csunitec.com\/wp-content\/uploads\/2025\/01\/9435-Circular-Saw-4-1.png\" \/>\n\t<meta property=\"og:image:width\" content=\"1000\" \/>\n\t<meta property=\"og:image:height\" content=\"1000\" \/>\n\t<meta property=\"og:image:type\" content=\"image\/png\" \/>\n<meta name=\"twitter:card\" content=\"summary_large_image\" \/>\n<meta name=\"twitter:label1\" content=\"Tiempo de lectura\" \/>\n\t<meta name=\"twitter:data1\" content=\"1 minuto\" \/>\n<script type=\"application\/ld+json\" class=\"yoast-schema-graph\">{\"@context\":\"https:\\\/\\\/schema.org\",\"@graph\":[{\"@type\":\"WebPage\",\"@id\":\"https:\\\/\\\/csunitec.com\\\/es\\\/producto\\\/sierra-de-picar-metal-de-14-cortadora-super-seca-premium\\\/\",\"url\":\"https:\\\/\\\/csunitec.com\\\/es\\\/producto\\\/sierra-de-picar-metal-de-14-cortadora-super-seca-premium\\\/\",\"name\":\"Sierra de picar metal de 14\\\" - Cortadora Super Seca Premium - CS Unitec\",\"isPartOf\":{\"@id\":\"https:\\\/\\\/csunitec.com\\\/es\\\/#website\"},\"primaryImageOfPage\":{\"@id\":\"https:\\\/\\\/csunitec.com\\\/es\\\/producto\\\/sierra-de-picar-metal-de-14-cortadora-super-seca-premium\\\/#primaryimage\"},\"image\":{\"@id\":\"https:\\\/\\\/csunitec.com\\\/es\\\/producto\\\/sierra-de-picar-metal-de-14-cortadora-super-seca-premium\\\/#primaryimage\"},\"thumbnailUrl\":\"https:\\\/\\\/csunitec.com\\\/wp-content\\\/uploads\\\/2025\\\/01\\\/9435-Circular-Saw-4-1.png\",\"datePublished\":\"2025-01-27T17:47:06+00:00\",\"dateModified\":\"2026-04-30T05:59:24+00:00\",\"description\":\"Sierra tronzadora de metal de 14\\\" dise\u00f1ada para el corte r\u00e1pido y en fr\u00edo de acero, acero inoxidable, aluminio y metales no f\u00e9rreos. No necesita refrigerante ni desbarbado.\",\"breadcrumb\":{\"@id\":\"https:\\\/\\\/csunitec.com\\\/es\\\/producto\\\/sierra-de-picar-metal-de-14-cortadora-super-seca-premium\\\/#breadcrumb\"},\"inLanguage\":\"es\",\"potentialAction\":[{\"@type\":\"ReadAction\",\"target\":[\"https:\\\/\\\/csunitec.com\\\/es\\\/producto\\\/sierra-de-picar-metal-de-14-cortadora-super-seca-premium\\\/\"]}]},{\"@type\":\"ImageObject\",\"inLanguage\":\"es\",\"@id\":\"https:\\\/\\\/csunitec.com\\\/es\\\/producto\\\/sierra-de-picar-metal-de-14-cortadora-super-seca-premium\\\/#primaryimage\",\"url\":\"https:\\\/\\\/csunitec.com\\\/wp-content\\\/uploads\\\/2025\\\/01\\\/9435-Circular-Saw-4-1.png\",\"contentUrl\":\"https:\\\/\\\/csunitec.com\\\/wp-content\\\/uploads\\\/2025\\\/01\\\/9435-Circular-Saw-4-1.png\",\"width\":1000,\"height\":1000},{\"@type\":\"BreadcrumbList\",\"@id\":\"https:\\\/\\\/csunitec.com\\\/es\\\/producto\\\/sierra-de-picar-metal-de-14-cortadora-super-seca-premium\\\/#breadcrumb\",\"itemListElement\":[{\"@type\":\"ListItem\",\"position\":1,\"name\":\"Inicio\",\"item\":\"https:\\\/\\\/csunitec.com\\\/es\\\/\"},{\"@type\":\"ListItem\",\"position\":2,\"name\":\"Tienda\",\"item\":\"https:\\\/\\\/csunitec.com\\\/es\\\/tienda\\\/\"},{\"@type\":\"ListItem\",\"position\":3,\"name\":\"Sierra de picar metal de 14&#8243; &#8211; Cortadora Super Seca Premium\"}]},{\"@type\":\"WebSite\",\"@id\":\"https:\\\/\\\/csunitec.com\\\/es\\\/#website\",\"url\":\"https:\\\/\\\/csunitec.com\\\/es\\\/\",\"name\":\"CS Unitec\",\"description\":\"\",\"potentialAction\":[{\"@type\":\"SearchAction\",\"target\":{\"@type\":\"EntryPoint\",\"urlTemplate\":\"https:\\\/\\\/csunitec.com\\\/es\\\/?s={search_term_string}\"},\"query-input\":{\"@type\":\"PropertyValueSpecification\",\"valueRequired\":true,\"valueName\":\"search_term_string\"}}],\"inLanguage\":\"es\"}]}<\/script>\n<!-- \/ Yoast SEO plugin. -->","yoast_head_json":{"title":"Sierra de picar metal de 14\" - Cortadora Super Seca Premium - CS Unitec","description":"Sierra tronzadora de metal de 14\" dise\u00f1ada para el corte r\u00e1pido y en fr\u00edo de acero, acero inoxidable, aluminio y metales no f\u00e9rreos. No necesita refrigerante ni desbarbado.","robots":{"index":"index","follow":"follow","max-snippet":"max-snippet:-1","max-image-preview":"max-image-preview:large","max-video-preview":"max-video-preview:-1"},"canonical":"https:\/\/csunitec.com\/es\/producto\/sierra-de-picar-metal-de-14-cortadora-super-seca-premium\/","og_locale":"es_ES","og_type":"article","og_title":"Sierra de picar metal de 14\" - Cortadora Super Seca Premium - CS Unitec","og_description":"Sierra tronzadora de metal de 14\" dise\u00f1ada para el corte r\u00e1pido y en fr\u00edo de acero, acero inoxidable, aluminio y metales no f\u00e9rreos. No necesita refrigerante ni desbarbado.","og_url":"https:\/\/csunitec.com\/es\/producto\/sierra-de-picar-metal-de-14-cortadora-super-seca-premium\/","og_site_name":"CS Unitec","article_modified_time":"2026-04-30T05:59:24+00:00","og_image":[{"width":1000,"height":1000,"url":"https:\/\/csunitec.com\/wp-content\/uploads\/2025\/01\/9435-Circular-Saw-4-1.png","type":"image\/png"}],"twitter_card":"summary_large_image","twitter_misc":{"Tiempo de lectura":"1 minuto"},"schema":{"@context":"https:\/\/schema.org","@graph":[{"@type":"WebPage","@id":"https:\/\/csunitec.com\/es\/producto\/sierra-de-picar-metal-de-14-cortadora-super-seca-premium\/","url":"https:\/\/csunitec.com\/es\/producto\/sierra-de-picar-metal-de-14-cortadora-super-seca-premium\/","name":"Sierra de picar metal de 14\" - Cortadora Super Seca Premium - CS Unitec","isPartOf":{"@id":"https:\/\/csunitec.com\/es\/#website"},"primaryImageOfPage":{"@id":"https:\/\/csunitec.com\/es\/producto\/sierra-de-picar-metal-de-14-cortadora-super-seca-premium\/#primaryimage"},"image":{"@id":"https:\/\/csunitec.com\/es\/producto\/sierra-de-picar-metal-de-14-cortadora-super-seca-premium\/#primaryimage"},"thumbnailUrl":"https:\/\/csunitec.com\/wp-content\/uploads\/2025\/01\/9435-Circular-Saw-4-1.png","datePublished":"2025-01-27T17:47:06+00:00","dateModified":"2026-04-30T05:59:24+00:00","description":"Sierra tronzadora de metal de 14\" dise\u00f1ada para el corte r\u00e1pido y en fr\u00edo de acero, acero inoxidable, aluminio y metales no f\u00e9rreos. No necesita refrigerante ni desbarbado.","breadcrumb":{"@id":"https:\/\/csunitec.com\/es\/producto\/sierra-de-picar-metal-de-14-cortadora-super-seca-premium\/#breadcrumb"},"inLanguage":"es","potentialAction":[{"@type":"ReadAction","target":["https:\/\/csunitec.com\/es\/producto\/sierra-de-picar-metal-de-14-cortadora-super-seca-premium\/"]}]},{"@type":"ImageObject","inLanguage":"es","@id":"https:\/\/csunitec.com\/es\/producto\/sierra-de-picar-metal-de-14-cortadora-super-seca-premium\/#primaryimage","url":"https:\/\/csunitec.com\/wp-content\/uploads\/2025\/01\/9435-Circular-Saw-4-1.png","contentUrl":"https:\/\/csunitec.com\/wp-content\/uploads\/2025\/01\/9435-Circular-Saw-4-1.png","width":1000,"height":1000},{"@type":"BreadcrumbList","@id":"https:\/\/csunitec.com\/es\/producto\/sierra-de-picar-metal-de-14-cortadora-super-seca-premium\/#breadcrumb","itemListElement":[{"@type":"ListItem","position":1,"name":"Inicio","item":"https:\/\/csunitec.com\/es\/"},{"@type":"ListItem","position":2,"name":"Tienda","item":"https:\/\/csunitec.com\/es\/tienda\/"},{"@type":"ListItem","position":3,"name":"Sierra de picar metal de 14&#8243; &#8211; Cortadora Super Seca Premium"}]},{"@type":"WebSite","@id":"https:\/\/csunitec.com\/es\/#website","url":"https:\/\/csunitec.com\/es\/","name":"CS Unitec","description":"","potentialAction":[{"@type":"SearchAction","target":{"@type":"EntryPoint","urlTemplate":"https:\/\/csunitec.com\/es\/?s={search_term_string}"},"query-input":{"@type":"PropertyValueSpecification","valueRequired":true,"valueName":"search_term_string"}}],"inLanguage":"es"}]}},"_links":{"self":[{"href":"https:\/\/csunitec.com\/es\/wp-json\/wp\/v2\/product\/177581","targetHints":{"allow":["GET"]}}],"collection":[{"href":"https:\/\/csunitec.com\/es\/wp-json\/wp\/v2\/product"}],"about":[{"href":"https:\/\/csunitec.com\/es\/wp-json\/wp\/v2\/types\/product"}],"wp:featuredmedia":[{"embeddable":true,"href":"https:\/\/csunitec.com\/es\/wp-json\/wp\/v2\/media\/177588"}],"wp:attachment":[{"href":"https:\/\/csunitec.com\/es\/wp-json\/wp\/v2\/media?parent=177581"}],"wp:term":[{"taxonomy":"product_brand","embeddable":true,"href":"https:\/\/csunitec.com\/es\/wp-json\/wp\/v2\/product_brand?post=177581"},{"taxonomy":"product_cat","embeddable":true,"href":"https:\/\/csunitec.com\/es\/wp-json\/wp\/v2\/product_cat?post=177581"},{"taxonomy":"product_tag","embeddable":true,"href":"https:\/\/csunitec.com\/es\/wp-json\/wp\/v2\/product_tag?post=177581"},{"taxonomy":"accessory_type","embeddable":true,"href":"https:\/\/csunitec.com\/es\/wp-json\/wp\/v2\/accessory_type?post=177581"},{"taxonomy":"application","embeddable":true,"href":"https:\/\/csunitec.com\/es\/wp-json\/wp\/v2\/application?post=177581"},{"taxonomy":"hand_tool_type","embeddable":true,"href":"https:\/\/csunitec.com\/es\/wp-json\/wp\/v2\/hand_tool_type?post=177581"},{"taxonomy":"industry","embeddable":true,"href":"https:\/\/csunitec.com\/es\/wp-json\/wp\/v2\/industry?post=177581"},{"taxonomy":"material","embeddable":true,"href":"https:\/\/csunitec.com\/es\/wp-json\/wp\/v2\/material?post=177581"},{"taxonomy":"power_tool_type","embeddable":true,"href":"https:\/\/csunitec.com\/es\/wp-json\/wp\/v2\/power_tool_type?post=177581"},{"taxonomy":"power_type","embeddable":true,"href":"https:\/\/csunitec.com\/es\/wp-json\/wp\/v2\/power_type?post=177581"},{"taxonomy":"subcategory","embeddable":true,"href":"https:\/\/csunitec.com\/es\/wp-json\/wp\/v2\/subcategory?post=177581"},{"taxonomy":"tool_type","embeddable":true,"href":"https:\/\/csunitec.com\/es\/wp-json\/wp\/v2\/tool_type?post=177581"}],"curies":[{"name":"wp","href":"https:\/\/api.w.org\/{rel}","templated":true}]}}