{"id":177608,"date":"2024-12-10T02:29:48","date_gmt":"2024-12-10T02:29:48","guid":{"rendered":"https:\/\/stgcsunitec.wpenginepowered.com\/product\/discos-fresadores-para-decapadora-afeitadora\/"},"modified":"2024-12-10T02:29:48","modified_gmt":"2024-12-10T07:29:48","slug":"discos-fresadores-para-decapadora-afeitadora","status":"publish","type":"product","link":"https:\/\/csunitec.com\/es\/producto\/discos-fresadores-para-decapadora-afeitadora\/","title":{"rendered":"Discos fresadores para decapadora\/afeitadora"},"content":{"rendered":"<ul>\n<li>Los Discos Fresadores trabajan hasta 5 veces m\u00e1s r\u00e1pido que el lijado en madera, yeso, hormig\u00f3n y otras superficies.<\/li>\n<li>Dise\u00f1ado para la eliminaci\u00f3n r\u00e1pida de barnices, pinturas, grafitis, resinas, revestimientos y contaminantes superficiales endurecidos en madera, yeso, hormig\u00f3n y sustratos similares.<\/li>\n<li>Ideal para proyectos de renovaci\u00f3n y restauraci\u00f3n en los que se requiere una eliminaci\u00f3n r\u00e1pida y controlada del material sin da\u00f1ar la superficie subyacente.<\/li>\n<li>Admiten un fresado preciso de profundidad controlada, lo que las hace adecuadas para aplicaciones que requieren una nivelaci\u00f3n uniforme de la superficie o la preparaci\u00f3n del sustrato.<\/li>\n<li>Los discos son eficaces para eliminar la suciedad grasa, las acumulaciones s\u00f3lidas y los residuos resistentes que el lijado tradicional no puede eliminar eficazmente.<\/li>\n<\/ul>\n","protected":false},"excerpt":{"rendered":"<ul>\n<li>Para superficies de madera<\/li>\n<li>Para superficies de hormig\u00f3n<\/li>\n<\/ul>\n","protected":false},"featured_media":15075,"template":"","meta":[],"product_brand":[],"product_cat":[1033],"product_tag":[1094],"accessory_type":[927],"application":[1042],"hand_tool_type":[],"industry":[933],"material":[],"power_tool_type":[],"power_type":[],"subcategory":[1098],"tool_type":[943],"class_list":{"0":"post-177608","1":"product","2":"type-product","3":"status-publish","4":"has-post-thumbnail","6":"product_cat-preparacion-de-superficies","7":"product_tag-accesorios-para-decapantes-afeitadoras","8":"accessory_type-accesorio","9":"application-corte-y-conformado","10":"industry-metalurgia-2","11":"subcategory-maquinas-decapadoras","12":"tool_type-accesorio","14":"first","15":"instock","16":"shipping-taxable","17":"purchasable","18":"product-type-variable"},"yoast_head":"<!-- This site is optimized with the Yoast SEO plugin v27.5 - https:\/\/yoast.com\/product\/yoast-seo-wordpress\/ -->\n<title>Discos fresadores para decapadora\/afeitadora - CS Unitec<\/title>\n<meta name=\"description\" content=\"Los Discos Fresadores para M\u00e1quina Decapadora\/Aspiradora de Pintura trabajan hasta 5 veces m\u00e1s r\u00e1pido que el lijado en madera, yeso, hormig\u00f3n y otras superficies.\" \/>\n<meta name=\"robots\" content=\"index, follow, max-snippet:-1, max-image-preview:large, max-video-preview:-1\" \/>\n<link rel=\"canonical\" href=\"https:\/\/csunitec.com\/es\/producto\/discos-fresadores-para-decapadora-afeitadora\/\" \/>\n<meta property=\"og:locale\" content=\"es_ES\" \/>\n<meta property=\"og:type\" content=\"article\" \/>\n<meta property=\"og:title\" content=\"Discos fresadores para decapadora\/afeitadora - CS Unitec\" \/>\n<meta property=\"og:description\" content=\"Los Discos Fresadores para M\u00e1quina Decapadora\/Aspiradora de Pintura trabajan hasta 5 veces m\u00e1s r\u00e1pido que el lijado en madera, yeso, hormig\u00f3n y otras superficies.\" \/>\n<meta property=\"og:url\" content=\"https:\/\/csunitec.com\/es\/producto\/discos-fresadores-para-decapadora-afeitadora\/\" \/>\n<meta property=\"og:site_name\" content=\"CS Unitec\" \/>\n<meta property=\"article:modified_time\" content=\"2024-12-10T07:29:48+00:00\" \/>\n<meta property=\"og:image\" content=\"https:\/\/csunitec.com\/wp-content\/uploads\/2025\/03\/Milling-Disc-for-Wood-2-2.png\" \/>\n\t<meta property=\"og:image:width\" content=\"1000\" \/>\n\t<meta property=\"og:image:height\" content=\"1000\" \/>\n\t<meta property=\"og:image:type\" content=\"image\/png\" \/>\n<meta name=\"twitter:card\" content=\"summary_large_image\" \/>\n<meta name=\"twitter:label1\" content=\"Tiempo de lectura\" \/>\n\t<meta name=\"twitter:data1\" content=\"1 minuto\" \/>\n<script type=\"application\/ld+json\" class=\"yoast-schema-graph\">{\"@context\":\"https:\\\/\\\/schema.org\",\"@graph\":[{\"@type\":\"WebPage\",\"@id\":\"https:\\\/\\\/csunitec.com\\\/es\\\/producto\\\/discos-fresadores-para-decapadora-afeitadora\\\/\",\"url\":\"https:\\\/\\\/csunitec.com\\\/es\\\/producto\\\/discos-fresadores-para-decapadora-afeitadora\\\/\",\"name\":\"Discos fresadores para decapadora\\\/afeitadora - CS Unitec\",\"isPartOf\":{\"@id\":\"https:\\\/\\\/csunitec.com\\\/es\\\/#website\"},\"primaryImageOfPage\":{\"@id\":\"https:\\\/\\\/csunitec.com\\\/es\\\/producto\\\/discos-fresadores-para-decapadora-afeitadora\\\/#primaryimage\"},\"image\":{\"@id\":\"https:\\\/\\\/csunitec.com\\\/es\\\/producto\\\/discos-fresadores-para-decapadora-afeitadora\\\/#primaryimage\"},\"thumbnailUrl\":\"https:\\\/\\\/csunitec.com\\\/wp-content\\\/uploads\\\/2025\\\/03\\\/Milling-Disc-for-Wood-2-2.png\",\"datePublished\":\"2024-12-10T02:29:48+00:00\",\"dateModified\":\"2024-12-10T07:29:48+00:00\",\"description\":\"Los Discos Fresadores para M\u00e1quina Decapadora\\\/Aspiradora de Pintura trabajan hasta 5 veces m\u00e1s r\u00e1pido que el lijado en madera, yeso, hormig\u00f3n y otras superficies.\",\"breadcrumb\":{\"@id\":\"https:\\\/\\\/csunitec.com\\\/es\\\/producto\\\/discos-fresadores-para-decapadora-afeitadora\\\/#breadcrumb\"},\"inLanguage\":\"es\",\"potentialAction\":[{\"@type\":\"ReadAction\",\"target\":[\"https:\\\/\\\/csunitec.com\\\/es\\\/producto\\\/discos-fresadores-para-decapadora-afeitadora\\\/\"]}]},{\"@type\":\"ImageObject\",\"inLanguage\":\"es\",\"@id\":\"https:\\\/\\\/csunitec.com\\\/es\\\/producto\\\/discos-fresadores-para-decapadora-afeitadora\\\/#primaryimage\",\"url\":\"https:\\\/\\\/csunitec.com\\\/wp-content\\\/uploads\\\/2025\\\/03\\\/Milling-Disc-for-Wood-2-2.png\",\"contentUrl\":\"https:\\\/\\\/csunitec.com\\\/wp-content\\\/uploads\\\/2025\\\/03\\\/Milling-Disc-for-Wood-2-2.png\",\"width\":1000,\"height\":1000},{\"@type\":\"BreadcrumbList\",\"@id\":\"https:\\\/\\\/csunitec.com\\\/es\\\/producto\\\/discos-fresadores-para-decapadora-afeitadora\\\/#breadcrumb\",\"itemListElement\":[{\"@type\":\"ListItem\",\"position\":1,\"name\":\"Inicio\",\"item\":\"https:\\\/\\\/csunitec.com\\\/es\\\/\"},{\"@type\":\"ListItem\",\"position\":2,\"name\":\"Tienda\",\"item\":\"https:\\\/\\\/csunitec.com\\\/es\\\/tienda\\\/\"},{\"@type\":\"ListItem\",\"position\":3,\"name\":\"Discos fresadores para decapadora\\\/afeitadora\"}]},{\"@type\":\"WebSite\",\"@id\":\"https:\\\/\\\/csunitec.com\\\/es\\\/#website\",\"url\":\"https:\\\/\\\/csunitec.com\\\/es\\\/\",\"name\":\"CS Unitec\",\"description\":\"\",\"potentialAction\":[{\"@type\":\"SearchAction\",\"target\":{\"@type\":\"EntryPoint\",\"urlTemplate\":\"https:\\\/\\\/csunitec.com\\\/es\\\/?s={search_term_string}\"},\"query-input\":{\"@type\":\"PropertyValueSpecification\",\"valueRequired\":true,\"valueName\":\"search_term_string\"}}],\"inLanguage\":\"es\"}]}<\/script>\n<!-- \/ Yoast SEO plugin. -->","yoast_head_json":{"title":"Discos fresadores para decapadora\/afeitadora - CS Unitec","description":"Los Discos Fresadores para M\u00e1quina Decapadora\/Aspiradora de Pintura trabajan hasta 5 veces m\u00e1s r\u00e1pido que el lijado en madera, yeso, hormig\u00f3n y otras superficies.","robots":{"index":"index","follow":"follow","max-snippet":"max-snippet:-1","max-image-preview":"max-image-preview:large","max-video-preview":"max-video-preview:-1"},"canonical":"https:\/\/csunitec.com\/es\/producto\/discos-fresadores-para-decapadora-afeitadora\/","og_locale":"es_ES","og_type":"article","og_title":"Discos fresadores para decapadora\/afeitadora - CS Unitec","og_description":"Los Discos Fresadores para M\u00e1quina Decapadora\/Aspiradora de Pintura trabajan hasta 5 veces m\u00e1s r\u00e1pido que el lijado en madera, yeso, hormig\u00f3n y otras superficies.","og_url":"https:\/\/csunitec.com\/es\/producto\/discos-fresadores-para-decapadora-afeitadora\/","og_site_name":"CS Unitec","article_modified_time":"2024-12-10T07:29:48+00:00","og_image":[{"width":1000,"height":1000,"url":"https:\/\/csunitec.com\/wp-content\/uploads\/2025\/03\/Milling-Disc-for-Wood-2-2.png","type":"image\/png"}],"twitter_card":"summary_large_image","twitter_misc":{"Tiempo de lectura":"1 minuto"},"schema":{"@context":"https:\/\/schema.org","@graph":[{"@type":"WebPage","@id":"https:\/\/csunitec.com\/es\/producto\/discos-fresadores-para-decapadora-afeitadora\/","url":"https:\/\/csunitec.com\/es\/producto\/discos-fresadores-para-decapadora-afeitadora\/","name":"Discos fresadores para decapadora\/afeitadora - CS Unitec","isPartOf":{"@id":"https:\/\/csunitec.com\/es\/#website"},"primaryImageOfPage":{"@id":"https:\/\/csunitec.com\/es\/producto\/discos-fresadores-para-decapadora-afeitadora\/#primaryimage"},"image":{"@id":"https:\/\/csunitec.com\/es\/producto\/discos-fresadores-para-decapadora-afeitadora\/#primaryimage"},"thumbnailUrl":"https:\/\/csunitec.com\/wp-content\/uploads\/2025\/03\/Milling-Disc-for-Wood-2-2.png","datePublished":"2024-12-10T02:29:48+00:00","dateModified":"2024-12-10T07:29:48+00:00","description":"Los Discos Fresadores para M\u00e1quina Decapadora\/Aspiradora de Pintura trabajan hasta 5 veces m\u00e1s r\u00e1pido que el lijado en madera, yeso, hormig\u00f3n y otras superficies.","breadcrumb":{"@id":"https:\/\/csunitec.com\/es\/producto\/discos-fresadores-para-decapadora-afeitadora\/#breadcrumb"},"inLanguage":"es","potentialAction":[{"@type":"ReadAction","target":["https:\/\/csunitec.com\/es\/producto\/discos-fresadores-para-decapadora-afeitadora\/"]}]},{"@type":"ImageObject","inLanguage":"es","@id":"https:\/\/csunitec.com\/es\/producto\/discos-fresadores-para-decapadora-afeitadora\/#primaryimage","url":"https:\/\/csunitec.com\/wp-content\/uploads\/2025\/03\/Milling-Disc-for-Wood-2-2.png","contentUrl":"https:\/\/csunitec.com\/wp-content\/uploads\/2025\/03\/Milling-Disc-for-Wood-2-2.png","width":1000,"height":1000},{"@type":"BreadcrumbList","@id":"https:\/\/csunitec.com\/es\/producto\/discos-fresadores-para-decapadora-afeitadora\/#breadcrumb","itemListElement":[{"@type":"ListItem","position":1,"name":"Inicio","item":"https:\/\/csunitec.com\/es\/"},{"@type":"ListItem","position":2,"name":"Tienda","item":"https:\/\/csunitec.com\/es\/tienda\/"},{"@type":"ListItem","position":3,"name":"Discos fresadores para decapadora\/afeitadora"}]},{"@type":"WebSite","@id":"https:\/\/csunitec.com\/es\/#website","url":"https:\/\/csunitec.com\/es\/","name":"CS Unitec","description":"","potentialAction":[{"@type":"SearchAction","target":{"@type":"EntryPoint","urlTemplate":"https:\/\/csunitec.com\/es\/?s={search_term_string}"},"query-input":{"@type":"PropertyValueSpecification","valueRequired":true,"valueName":"search_term_string"}}],"inLanguage":"es"}]}},"_links":{"self":[{"href":"https:\/\/csunitec.com\/es\/wp-json\/wp\/v2\/product\/177608","targetHints":{"allow":["GET"]}}],"collection":[{"href":"https:\/\/csunitec.com\/es\/wp-json\/wp\/v2\/product"}],"about":[{"href":"https:\/\/csunitec.com\/es\/wp-json\/wp\/v2\/types\/product"}],"wp:featuredmedia":[{"embeddable":true,"href":"https:\/\/csunitec.com\/es\/wp-json\/wp\/v2\/media\/15075"}],"wp:attachment":[{"href":"https:\/\/csunitec.com\/es\/wp-json\/wp\/v2\/media?parent=177608"}],"wp:term":[{"taxonomy":"product_brand","embeddable":true,"href":"https:\/\/csunitec.com\/es\/wp-json\/wp\/v2\/product_brand?post=177608"},{"taxonomy":"product_cat","embeddable":true,"href":"https:\/\/csunitec.com\/es\/wp-json\/wp\/v2\/product_cat?post=177608"},{"taxonomy":"product_tag","embeddable":true,"href":"https:\/\/csunitec.com\/es\/wp-json\/wp\/v2\/product_tag?post=177608"},{"taxonomy":"accessory_type","embeddable":true,"href":"https:\/\/csunitec.com\/es\/wp-json\/wp\/v2\/accessory_type?post=177608"},{"taxonomy":"application","embeddable":true,"href":"https:\/\/csunitec.com\/es\/wp-json\/wp\/v2\/application?post=177608"},{"taxonomy":"hand_tool_type","embeddable":true,"href":"https:\/\/csunitec.com\/es\/wp-json\/wp\/v2\/hand_tool_type?post=177608"},{"taxonomy":"industry","embeddable":true,"href":"https:\/\/csunitec.com\/es\/wp-json\/wp\/v2\/industry?post=177608"},{"taxonomy":"material","embeddable":true,"href":"https:\/\/csunitec.com\/es\/wp-json\/wp\/v2\/material?post=177608"},{"taxonomy":"power_tool_type","embeddable":true,"href":"https:\/\/csunitec.com\/es\/wp-json\/wp\/v2\/power_tool_type?post=177608"},{"taxonomy":"power_type","embeddable":true,"href":"https:\/\/csunitec.com\/es\/wp-json\/wp\/v2\/power_type?post=177608"},{"taxonomy":"subcategory","embeddable":true,"href":"https:\/\/csunitec.com\/es\/wp-json\/wp\/v2\/subcategory?post=177608"},{"taxonomy":"tool_type","embeddable":true,"href":"https:\/\/csunitec.com\/es\/wp-json\/wp\/v2\/tool_type?post=177608"}],"curies":[{"name":"wp","href":"https:\/\/api.w.org\/{rel}","templated":true}]}}