{"id":177609,"date":"2024-12-10T01:17:00","date_gmt":"2024-12-10T01:17:00","guid":{"rendered":"https:\/\/stgcsunitec.wpenginepowered.com\/product\/amoladora-de-cantos-con-aspiracion-de-polvo\/"},"modified":"2026-04-30T01:59:20","modified_gmt":"2026-04-30T05:59:20","slug":"amoladora-de-cantos-con-aspiracion-de-polvo","status":"publish","type":"product","link":"https:\/\/csunitec.com\/es\/producto\/amoladora-de-cantos-con-aspiracion-de-polvo\/","title":{"rendered":"Amoladora de cantos con aspiraci\u00f3n de polvo"},"content":{"rendered":"<ul>\n<li>La amoladora de cantos de triple cabezal elimina el material de forma r\u00e1pida y uniforme, por lo que es ideal para preparar superficies de hormig\u00f3n en entornos residenciales y comerciales.<\/li>\n<li>Rectifica eficazmente bordes, \u00e1ngulos, esquinas y zonas estrechas, como huecos de ventanas, nichos y espacios bajo radiadores, para un acabado preciso de la superficie.<\/li>\n<li>Perfectamente adecuado para proyectos de renovaci\u00f3n de escaleras y baldosas en los que es esencial un amolado controlado en espacios estrechos o reducidos.<\/li>\n<li>Con la carcasa desmontable, la amoladora permite un amolado extremadamente cercano a los bordes, garantizando transiciones sin juntas y l\u00edneas superficiales limpias.<\/li>\n<li>Dise\u00f1ada para amolar hormig\u00f3n, solado, adhesivo para baldosas, yeso, pintura, revestimientos y adhesivo para moquetas cuando se combina con las muelas abrasivas especiales adecuadas.<\/li>\n<li>Su dise\u00f1o compacto y ligero la convierte en una opci\u00f3n excelente para aplicaciones de rectificado a\u00e9reo en las que la maniobrabilidad y la reducci\u00f3n de la fatiga del operario son fundamentales.<\/li>\n<li>El di\u00e1metro de disco de 1-3\/4&#8243; de la amoladora permite a los profesionales acceder a zonas peque\u00f1as y restringidas a las que las m\u00e1quinas m\u00e1s grandes no pueden llegar.<\/li>\n<\/ul>\n","protected":false},"excerpt":{"rendered":"<ul>\n<li>Potencia del motor: 12 Amperios<\/li>\n<li>M\u00e1x. Di\u00e1metro del disco: 1-3\/4 <\/li>\n<li>Rectificado de triple cabezal para una eliminaci\u00f3n r\u00e1pida y uniforme<\/li>\n<\/ul>\n","protected":false},"featured_media":177614,"template":"","meta":[],"product_brand":[],"product_cat":[1033],"product_tag":[952,1037,1096,1099],"accessory_type":[],"application":[1042],"hand_tool_type":[],"industry":[931],"material":[],"power_tool_type":[1095],"power_type":[936],"subcategory":[1034],"tool_type":[946],"class_list":{"0":"post-177609","1":"product","2":"type-product","3":"status-publish","4":"has-post-thumbnail","6":"product_cat-preparacion-de-superficies","7":"product_tag-destacado","8":"product_tag-preparacion-de-la-superficie-del-hormigon","9":"product_tag-amoladora-angular","10":"product_tag-amoladoras-manuales-2","11":"application-corte-y-conformado","12":"industry-hormigon-y-mamposteria","13":"power_tool_type-amoladora","14":"power_type-electrico","15":"subcategory-amoladoras","16":"tool_type-herramienta-electrica","18":"first","19":"instock","20":"shipping-taxable","21":"purchasable","22":"product-type-simple"},"yoast_head":"<!-- This site is optimized with the Yoast SEO plugin v27.5 - https:\/\/yoast.com\/product\/yoast-seo-wordpress\/ -->\n<title>Amoladora de cantos con aspiraci\u00f3n de polvo - CS Unitec<\/title>\n<meta name=\"description\" content=\"La amoladora de cantos proporciona un amolado de triple cabezal para una velocidad de eliminaci\u00f3n r\u00e1pida y uniforme. Para esmerilar en bordes, \u00e1ngulos y \u00e1reas peque\u00f1as.\" \/>\n<meta name=\"robots\" content=\"index, follow, max-snippet:-1, max-image-preview:large, max-video-preview:-1\" \/>\n<link rel=\"canonical\" href=\"https:\/\/csunitec.com\/es\/producto\/amoladora-de-cantos-con-aspiracion-de-polvo\/\" \/>\n<meta property=\"og:locale\" content=\"es_ES\" \/>\n<meta property=\"og:type\" content=\"article\" \/>\n<meta property=\"og:title\" content=\"Amoladora de cantos con aspiraci\u00f3n de polvo - CS Unitec\" \/>\n<meta property=\"og:description\" content=\"La amoladora de cantos proporciona un amolado de triple cabezal para una velocidad de eliminaci\u00f3n r\u00e1pida y uniforme. Para esmerilar en bordes, \u00e1ngulos y \u00e1reas peque\u00f1as.\" \/>\n<meta property=\"og:url\" content=\"https:\/\/csunitec.com\/es\/producto\/amoladora-de-cantos-con-aspiracion-de-polvo\/\" \/>\n<meta property=\"og:site_name\" content=\"CS Unitec\" \/>\n<meta property=\"article:modified_time\" content=\"2026-04-30T05:59:20+00:00\" \/>\n<meta property=\"og:image\" content=\"https:\/\/csunitec.com\/wp-content\/uploads\/2025\/04\/Corner-Edge-Grinder-1-2-1.png\" \/>\n\t<meta property=\"og:image:width\" content=\"1000\" \/>\n\t<meta property=\"og:image:height\" content=\"1000\" \/>\n\t<meta property=\"og:image:type\" content=\"image\/png\" \/>\n<meta name=\"twitter:card\" content=\"summary_large_image\" \/>\n<meta name=\"twitter:label1\" content=\"Tiempo de lectura\" \/>\n\t<meta name=\"twitter:data1\" content=\"1 minuto\" \/>\n<script type=\"application\/ld+json\" class=\"yoast-schema-graph\">{\"@context\":\"https:\\\/\\\/schema.org\",\"@graph\":[{\"@type\":\"WebPage\",\"@id\":\"https:\\\/\\\/csunitec.com\\\/es\\\/producto\\\/amoladora-de-cantos-con-aspiracion-de-polvo\\\/\",\"url\":\"https:\\\/\\\/csunitec.com\\\/es\\\/producto\\\/amoladora-de-cantos-con-aspiracion-de-polvo\\\/\",\"name\":\"Amoladora de cantos con aspiraci\u00f3n de polvo - CS Unitec\",\"isPartOf\":{\"@id\":\"https:\\\/\\\/csunitec.com\\\/es\\\/#website\"},\"primaryImageOfPage\":{\"@id\":\"https:\\\/\\\/csunitec.com\\\/es\\\/producto\\\/amoladora-de-cantos-con-aspiracion-de-polvo\\\/#primaryimage\"},\"image\":{\"@id\":\"https:\\\/\\\/csunitec.com\\\/es\\\/producto\\\/amoladora-de-cantos-con-aspiracion-de-polvo\\\/#primaryimage\"},\"thumbnailUrl\":\"https:\\\/\\\/csunitec.com\\\/wp-content\\\/uploads\\\/2025\\\/04\\\/Corner-Edge-Grinder-1-2-1.png\",\"datePublished\":\"2024-12-10T01:17:00+00:00\",\"dateModified\":\"2026-04-30T05:59:20+00:00\",\"description\":\"La amoladora de cantos proporciona un amolado de triple cabezal para una velocidad de eliminaci\u00f3n r\u00e1pida y uniforme. Para esmerilar en bordes, \u00e1ngulos y \u00e1reas peque\u00f1as.\",\"breadcrumb\":{\"@id\":\"https:\\\/\\\/csunitec.com\\\/es\\\/producto\\\/amoladora-de-cantos-con-aspiracion-de-polvo\\\/#breadcrumb\"},\"inLanguage\":\"es\",\"potentialAction\":[{\"@type\":\"ReadAction\",\"target\":[\"https:\\\/\\\/csunitec.com\\\/es\\\/producto\\\/amoladora-de-cantos-con-aspiracion-de-polvo\\\/\"]}]},{\"@type\":\"ImageObject\",\"inLanguage\":\"es\",\"@id\":\"https:\\\/\\\/csunitec.com\\\/es\\\/producto\\\/amoladora-de-cantos-con-aspiracion-de-polvo\\\/#primaryimage\",\"url\":\"https:\\\/\\\/csunitec.com\\\/wp-content\\\/uploads\\\/2025\\\/04\\\/Corner-Edge-Grinder-1-2-1.png\",\"contentUrl\":\"https:\\\/\\\/csunitec.com\\\/wp-content\\\/uploads\\\/2025\\\/04\\\/Corner-Edge-Grinder-1-2-1.png\",\"width\":1000,\"height\":1000},{\"@type\":\"BreadcrumbList\",\"@id\":\"https:\\\/\\\/csunitec.com\\\/es\\\/producto\\\/amoladora-de-cantos-con-aspiracion-de-polvo\\\/#breadcrumb\",\"itemListElement\":[{\"@type\":\"ListItem\",\"position\":1,\"name\":\"Inicio\",\"item\":\"https:\\\/\\\/csunitec.com\\\/es\\\/\"},{\"@type\":\"ListItem\",\"position\":2,\"name\":\"Tienda\",\"item\":\"https:\\\/\\\/csunitec.com\\\/es\\\/tienda\\\/\"},{\"@type\":\"ListItem\",\"position\":3,\"name\":\"Amoladora de cantos con aspiraci\u00f3n de polvo\"}]},{\"@type\":\"WebSite\",\"@id\":\"https:\\\/\\\/csunitec.com\\\/es\\\/#website\",\"url\":\"https:\\\/\\\/csunitec.com\\\/es\\\/\",\"name\":\"CS Unitec\",\"description\":\"\",\"potentialAction\":[{\"@type\":\"SearchAction\",\"target\":{\"@type\":\"EntryPoint\",\"urlTemplate\":\"https:\\\/\\\/csunitec.com\\\/es\\\/?s={search_term_string}\"},\"query-input\":{\"@type\":\"PropertyValueSpecification\",\"valueRequired\":true,\"valueName\":\"search_term_string\"}}],\"inLanguage\":\"es\"}]}<\/script>\n<!-- \/ Yoast SEO plugin. -->","yoast_head_json":{"title":"Amoladora de cantos con aspiraci\u00f3n de polvo - CS Unitec","description":"La amoladora de cantos proporciona un amolado de triple cabezal para una velocidad de eliminaci\u00f3n r\u00e1pida y uniforme. Para esmerilar en bordes, \u00e1ngulos y \u00e1reas peque\u00f1as.","robots":{"index":"index","follow":"follow","max-snippet":"max-snippet:-1","max-image-preview":"max-image-preview:large","max-video-preview":"max-video-preview:-1"},"canonical":"https:\/\/csunitec.com\/es\/producto\/amoladora-de-cantos-con-aspiracion-de-polvo\/","og_locale":"es_ES","og_type":"article","og_title":"Amoladora de cantos con aspiraci\u00f3n de polvo - CS Unitec","og_description":"La amoladora de cantos proporciona un amolado de triple cabezal para una velocidad de eliminaci\u00f3n r\u00e1pida y uniforme. Para esmerilar en bordes, \u00e1ngulos y \u00e1reas peque\u00f1as.","og_url":"https:\/\/csunitec.com\/es\/producto\/amoladora-de-cantos-con-aspiracion-de-polvo\/","og_site_name":"CS Unitec","article_modified_time":"2026-04-30T05:59:20+00:00","og_image":[{"width":1000,"height":1000,"url":"https:\/\/csunitec.com\/wp-content\/uploads\/2025\/04\/Corner-Edge-Grinder-1-2-1.png","type":"image\/png"}],"twitter_card":"summary_large_image","twitter_misc":{"Tiempo de lectura":"1 minuto"},"schema":{"@context":"https:\/\/schema.org","@graph":[{"@type":"WebPage","@id":"https:\/\/csunitec.com\/es\/producto\/amoladora-de-cantos-con-aspiracion-de-polvo\/","url":"https:\/\/csunitec.com\/es\/producto\/amoladora-de-cantos-con-aspiracion-de-polvo\/","name":"Amoladora de cantos con aspiraci\u00f3n de polvo - CS Unitec","isPartOf":{"@id":"https:\/\/csunitec.com\/es\/#website"},"primaryImageOfPage":{"@id":"https:\/\/csunitec.com\/es\/producto\/amoladora-de-cantos-con-aspiracion-de-polvo\/#primaryimage"},"image":{"@id":"https:\/\/csunitec.com\/es\/producto\/amoladora-de-cantos-con-aspiracion-de-polvo\/#primaryimage"},"thumbnailUrl":"https:\/\/csunitec.com\/wp-content\/uploads\/2025\/04\/Corner-Edge-Grinder-1-2-1.png","datePublished":"2024-12-10T01:17:00+00:00","dateModified":"2026-04-30T05:59:20+00:00","description":"La amoladora de cantos proporciona un amolado de triple cabezal para una velocidad de eliminaci\u00f3n r\u00e1pida y uniforme. Para esmerilar en bordes, \u00e1ngulos y \u00e1reas peque\u00f1as.","breadcrumb":{"@id":"https:\/\/csunitec.com\/es\/producto\/amoladora-de-cantos-con-aspiracion-de-polvo\/#breadcrumb"},"inLanguage":"es","potentialAction":[{"@type":"ReadAction","target":["https:\/\/csunitec.com\/es\/producto\/amoladora-de-cantos-con-aspiracion-de-polvo\/"]}]},{"@type":"ImageObject","inLanguage":"es","@id":"https:\/\/csunitec.com\/es\/producto\/amoladora-de-cantos-con-aspiracion-de-polvo\/#primaryimage","url":"https:\/\/csunitec.com\/wp-content\/uploads\/2025\/04\/Corner-Edge-Grinder-1-2-1.png","contentUrl":"https:\/\/csunitec.com\/wp-content\/uploads\/2025\/04\/Corner-Edge-Grinder-1-2-1.png","width":1000,"height":1000},{"@type":"BreadcrumbList","@id":"https:\/\/csunitec.com\/es\/producto\/amoladora-de-cantos-con-aspiracion-de-polvo\/#breadcrumb","itemListElement":[{"@type":"ListItem","position":1,"name":"Inicio","item":"https:\/\/csunitec.com\/es\/"},{"@type":"ListItem","position":2,"name":"Tienda","item":"https:\/\/csunitec.com\/es\/tienda\/"},{"@type":"ListItem","position":3,"name":"Amoladora de cantos con aspiraci\u00f3n de polvo"}]},{"@type":"WebSite","@id":"https:\/\/csunitec.com\/es\/#website","url":"https:\/\/csunitec.com\/es\/","name":"CS Unitec","description":"","potentialAction":[{"@type":"SearchAction","target":{"@type":"EntryPoint","urlTemplate":"https:\/\/csunitec.com\/es\/?s={search_term_string}"},"query-input":{"@type":"PropertyValueSpecification","valueRequired":true,"valueName":"search_term_string"}}],"inLanguage":"es"}]}},"_links":{"self":[{"href":"https:\/\/csunitec.com\/es\/wp-json\/wp\/v2\/product\/177609","targetHints":{"allow":["GET"]}}],"collection":[{"href":"https:\/\/csunitec.com\/es\/wp-json\/wp\/v2\/product"}],"about":[{"href":"https:\/\/csunitec.com\/es\/wp-json\/wp\/v2\/types\/product"}],"wp:featuredmedia":[{"embeddable":true,"href":"https:\/\/csunitec.com\/es\/wp-json\/wp\/v2\/media\/177614"}],"wp:attachment":[{"href":"https:\/\/csunitec.com\/es\/wp-json\/wp\/v2\/media?parent=177609"}],"wp:term":[{"taxonomy":"product_brand","embeddable":true,"href":"https:\/\/csunitec.com\/es\/wp-json\/wp\/v2\/product_brand?post=177609"},{"taxonomy":"product_cat","embeddable":true,"href":"https:\/\/csunitec.com\/es\/wp-json\/wp\/v2\/product_cat?post=177609"},{"taxonomy":"product_tag","embeddable":true,"href":"https:\/\/csunitec.com\/es\/wp-json\/wp\/v2\/product_tag?post=177609"},{"taxonomy":"accessory_type","embeddable":true,"href":"https:\/\/csunitec.com\/es\/wp-json\/wp\/v2\/accessory_type?post=177609"},{"taxonomy":"application","embeddable":true,"href":"https:\/\/csunitec.com\/es\/wp-json\/wp\/v2\/application?post=177609"},{"taxonomy":"hand_tool_type","embeddable":true,"href":"https:\/\/csunitec.com\/es\/wp-json\/wp\/v2\/hand_tool_type?post=177609"},{"taxonomy":"industry","embeddable":true,"href":"https:\/\/csunitec.com\/es\/wp-json\/wp\/v2\/industry?post=177609"},{"taxonomy":"material","embeddable":true,"href":"https:\/\/csunitec.com\/es\/wp-json\/wp\/v2\/material?post=177609"},{"taxonomy":"power_tool_type","embeddable":true,"href":"https:\/\/csunitec.com\/es\/wp-json\/wp\/v2\/power_tool_type?post=177609"},{"taxonomy":"power_type","embeddable":true,"href":"https:\/\/csunitec.com\/es\/wp-json\/wp\/v2\/power_type?post=177609"},{"taxonomy":"subcategory","embeddable":true,"href":"https:\/\/csunitec.com\/es\/wp-json\/wp\/v2\/subcategory?post=177609"},{"taxonomy":"tool_type","embeddable":true,"href":"https:\/\/csunitec.com\/es\/wp-json\/wp\/v2\/tool_type?post=177609"}],"curies":[{"name":"wp","href":"https:\/\/api.w.org\/{rel}","templated":true}]}}