{"id":177610,"date":"2024-12-10T01:55:15","date_gmt":"2024-12-10T01:55:15","guid":{"rendered":"https:\/\/stgcsunitec.wpenginepowered.com\/product\/amoladora-de-hormigon-de-7-con-extraccion-de-polvo\/"},"modified":"2026-04-26T16:56:25","modified_gmt":"2026-04-26T20:56:25","slug":"amoladora-de-hormigon-de-7-con-extraccion-de-polvo","status":"publish","type":"product","link":"https:\/\/csunitec.com\/es\/producto\/amoladora-de-hormigon-de-7-con-extraccion-de-polvo\/","title":{"rendered":"Amoladora de Hormig\u00f3n de 7&#8243; con Extracci\u00f3n de Polvo"},"content":{"rendered":"<ul>\n<li>La Esmeriladora de Hormig\u00f3n de 7&#8243; est\u00e1 dise\u00f1ada para esmerilar y alisar grandes superficies de hormig\u00f3n. Ofrece resultados uniformes en proyectos exigentes de preparaci\u00f3n de superficies. <\/li>\n<li>Elimina eficazmente pintura, epoxi, pegamento, revestimientos termopl\u00e1sticos y otros materiales de superficies duras. Ideal para trabajos de renovaci\u00f3n, reparaci\u00f3n y restauraci\u00f3n. <\/li>\n<li>Dise\u00f1ado para limpiar y perfilar el hormig\u00f3n antes de aplicar nuevos revestimientos, garantizando una adherencia \u00f3ptima y un acabado duradero.<\/li>\n<li>La Amoladora de Hormig\u00f3n de 7&#8243; elimina juntas de solado, restos de barro y adhesivos resistentes. Proporciona un sustrato limpio y uniforme para la renovaci\u00f3n de baldosas y otras aplicaciones de revestimiento. <\/li>\n<li>Con el guardapolvo frontal desmontable, la herramienta desbasta directamente en esquinas y bordes, eliminando la necesidad de repasar manualmente y mejorando la eficiencia general en la obra.<\/li>\n<li>Compatible con hormig\u00f3n, solado, adhesivo para baldosas, piedra natural, yeso, pintura, revestimientos y adhesivo para moquetas cuando se combina con las muelas adecuadas.<\/li>\n<li>Cuando se conecta a un aspirador industrial CS Unitec, la amoladora permite un funcionamiento pr\u00e1cticamente sin polvo, lo que mejora la limpieza de la obra y la seguridad de los trabajadores.<\/li>\n<\/ul>\n","protected":false},"excerpt":{"rendered":"<ul>\n<li>Potencia del motor: 20 Amperios<\/li>\n<li>Velocidad de carga: 6000 RPM<\/li>\n<li>M\u00e1x. Di\u00e1metro del disco: 7 <\/li>\n<\/ul>\n","protected":false},"featured_media":15026,"template":"","meta":[],"product_brand":[],"product_cat":[1033],"product_tag":[1037,1099,1100],"accessory_type":[],"application":[1042],"hand_tool_type":[],"industry":[931],"material":[],"power_tool_type":[1095],"power_type":[936],"subcategory":[1034],"tool_type":[946],"class_list":{"0":"post-177610","1":"product","2":"type-product","3":"status-publish","4":"has-post-thumbnail","6":"product_cat-preparacion-de-superficies","7":"product_tag-preparacion-de-la-superficie-del-hormigon","8":"product_tag-amoladoras-manuales-2","9":"product_tag-amoladoras-de-7","10":"application-corte-y-conformado","11":"industry-hormigon-y-mamposteria","12":"power_tool_type-amoladora","13":"power_type-electrico","14":"subcategory-amoladoras","15":"tool_type-herramienta-electrica","17":"first","18":"instock","19":"shipping-taxable","20":"purchasable","21":"product-type-simple"},"yoast_head":"<!-- This site is optimized with the Yoast SEO plugin v27.5 - https:\/\/yoast.com\/product\/yoast-seo-wordpress\/ -->\n<title>Amoladora de Hormig\u00f3n de 7&quot; con Extracci\u00f3n de Polvo - CS Unitec<\/title>\n<meta name=\"description\" content=\"La Esmeriladora de Hormig\u00f3n de 7&quot; est\u00e1 dise\u00f1ada para esmerilar y alisar grandes superficies de hormig\u00f3n, para limpiar y perfilar el hormig\u00f3n antes de aplicar nuevos revestimientos.\" \/>\n<meta name=\"robots\" content=\"index, follow, max-snippet:-1, max-image-preview:large, max-video-preview:-1\" \/>\n<link rel=\"canonical\" href=\"https:\/\/csunitec.com\/es\/producto\/amoladora-de-hormigon-de-7-con-extraccion-de-polvo\/\" \/>\n<meta property=\"og:locale\" content=\"es_ES\" \/>\n<meta property=\"og:type\" content=\"article\" \/>\n<meta property=\"og:title\" content=\"Amoladora de Hormig\u00f3n de 7&quot; con Extracci\u00f3n de Polvo - CS Unitec\" \/>\n<meta property=\"og:description\" content=\"La Esmeriladora de Hormig\u00f3n de 7&quot; est\u00e1 dise\u00f1ada para esmerilar y alisar grandes superficies de hormig\u00f3n, para limpiar y perfilar el hormig\u00f3n antes de aplicar nuevos revestimientos.\" \/>\n<meta property=\"og:url\" content=\"https:\/\/csunitec.com\/es\/producto\/amoladora-de-hormigon-de-7-con-extraccion-de-polvo\/\" \/>\n<meta property=\"og:site_name\" content=\"CS Unitec\" \/>\n<meta property=\"article:modified_time\" content=\"2026-04-26T20:56:25+00:00\" \/>\n<meta property=\"og:image\" content=\"https:\/\/csunitec.com\/wp-content\/uploads\/2025\/03\/7-in-Handheld-Grinder-1-2.png\" \/>\n\t<meta property=\"og:image:width\" content=\"1000\" \/>\n\t<meta property=\"og:image:height\" content=\"1000\" \/>\n\t<meta property=\"og:image:type\" content=\"image\/png\" \/>\n<meta name=\"twitter:card\" content=\"summary_large_image\" \/>\n<meta name=\"twitter:label1\" content=\"Tiempo de lectura\" \/>\n\t<meta name=\"twitter:data1\" content=\"1 minuto\" \/>\n<script type=\"application\/ld+json\" class=\"yoast-schema-graph\">{\"@context\":\"https:\\\/\\\/schema.org\",\"@graph\":[{\"@type\":\"WebPage\",\"@id\":\"https:\\\/\\\/csunitec.com\\\/es\\\/producto\\\/amoladora-de-hormigon-de-7-con-extraccion-de-polvo\\\/\",\"url\":\"https:\\\/\\\/csunitec.com\\\/es\\\/producto\\\/amoladora-de-hormigon-de-7-con-extraccion-de-polvo\\\/\",\"name\":\"Amoladora de Hormig\u00f3n de 7\\\" con Extracci\u00f3n de Polvo - CS Unitec\",\"isPartOf\":{\"@id\":\"https:\\\/\\\/csunitec.com\\\/es\\\/#website\"},\"primaryImageOfPage\":{\"@id\":\"https:\\\/\\\/csunitec.com\\\/es\\\/producto\\\/amoladora-de-hormigon-de-7-con-extraccion-de-polvo\\\/#primaryimage\"},\"image\":{\"@id\":\"https:\\\/\\\/csunitec.com\\\/es\\\/producto\\\/amoladora-de-hormigon-de-7-con-extraccion-de-polvo\\\/#primaryimage\"},\"thumbnailUrl\":\"https:\\\/\\\/csunitec.com\\\/wp-content\\\/uploads\\\/2025\\\/03\\\/7-in-Handheld-Grinder-1-2.png\",\"datePublished\":\"2024-12-10T01:55:15+00:00\",\"dateModified\":\"2026-04-26T20:56:25+00:00\",\"description\":\"La Esmeriladora de Hormig\u00f3n de 7\\\" est\u00e1 dise\u00f1ada para esmerilar y alisar grandes superficies de hormig\u00f3n, para limpiar y perfilar el hormig\u00f3n antes de aplicar nuevos revestimientos.\",\"breadcrumb\":{\"@id\":\"https:\\\/\\\/csunitec.com\\\/es\\\/producto\\\/amoladora-de-hormigon-de-7-con-extraccion-de-polvo\\\/#breadcrumb\"},\"inLanguage\":\"es\",\"potentialAction\":[{\"@type\":\"ReadAction\",\"target\":[\"https:\\\/\\\/csunitec.com\\\/es\\\/producto\\\/amoladora-de-hormigon-de-7-con-extraccion-de-polvo\\\/\"]}]},{\"@type\":\"ImageObject\",\"inLanguage\":\"es\",\"@id\":\"https:\\\/\\\/csunitec.com\\\/es\\\/producto\\\/amoladora-de-hormigon-de-7-con-extraccion-de-polvo\\\/#primaryimage\",\"url\":\"https:\\\/\\\/csunitec.com\\\/wp-content\\\/uploads\\\/2025\\\/03\\\/7-in-Handheld-Grinder-1-2.png\",\"contentUrl\":\"https:\\\/\\\/csunitec.com\\\/wp-content\\\/uploads\\\/2025\\\/03\\\/7-in-Handheld-Grinder-1-2.png\",\"width\":1000,\"height\":1000},{\"@type\":\"BreadcrumbList\",\"@id\":\"https:\\\/\\\/csunitec.com\\\/es\\\/producto\\\/amoladora-de-hormigon-de-7-con-extraccion-de-polvo\\\/#breadcrumb\",\"itemListElement\":[{\"@type\":\"ListItem\",\"position\":1,\"name\":\"Inicio\",\"item\":\"https:\\\/\\\/csunitec.com\\\/es\\\/\"},{\"@type\":\"ListItem\",\"position\":2,\"name\":\"Tienda\",\"item\":\"https:\\\/\\\/csunitec.com\\\/es\\\/tienda\\\/\"},{\"@type\":\"ListItem\",\"position\":3,\"name\":\"Amoladora de Hormig\u00f3n de 7&#8243; con Extracci\u00f3n de Polvo\"}]},{\"@type\":\"WebSite\",\"@id\":\"https:\\\/\\\/csunitec.com\\\/es\\\/#website\",\"url\":\"https:\\\/\\\/csunitec.com\\\/es\\\/\",\"name\":\"CS Unitec\",\"description\":\"\",\"potentialAction\":[{\"@type\":\"SearchAction\",\"target\":{\"@type\":\"EntryPoint\",\"urlTemplate\":\"https:\\\/\\\/csunitec.com\\\/es\\\/?s={search_term_string}\"},\"query-input\":{\"@type\":\"PropertyValueSpecification\",\"valueRequired\":true,\"valueName\":\"search_term_string\"}}],\"inLanguage\":\"es\"}]}<\/script>\n<!-- \/ Yoast SEO plugin. -->","yoast_head_json":{"title":"Amoladora de Hormig\u00f3n de 7\" con Extracci\u00f3n de Polvo - CS Unitec","description":"La Esmeriladora de Hormig\u00f3n de 7\" est\u00e1 dise\u00f1ada para esmerilar y alisar grandes superficies de hormig\u00f3n, para limpiar y perfilar el hormig\u00f3n antes de aplicar nuevos revestimientos.","robots":{"index":"index","follow":"follow","max-snippet":"max-snippet:-1","max-image-preview":"max-image-preview:large","max-video-preview":"max-video-preview:-1"},"canonical":"https:\/\/csunitec.com\/es\/producto\/amoladora-de-hormigon-de-7-con-extraccion-de-polvo\/","og_locale":"es_ES","og_type":"article","og_title":"Amoladora de Hormig\u00f3n de 7\" con Extracci\u00f3n de Polvo - CS Unitec","og_description":"La Esmeriladora de Hormig\u00f3n de 7\" est\u00e1 dise\u00f1ada para esmerilar y alisar grandes superficies de hormig\u00f3n, para limpiar y perfilar el hormig\u00f3n antes de aplicar nuevos revestimientos.","og_url":"https:\/\/csunitec.com\/es\/producto\/amoladora-de-hormigon-de-7-con-extraccion-de-polvo\/","og_site_name":"CS Unitec","article_modified_time":"2026-04-26T20:56:25+00:00","og_image":[{"width":1000,"height":1000,"url":"https:\/\/csunitec.com\/wp-content\/uploads\/2025\/03\/7-in-Handheld-Grinder-1-2.png","type":"image\/png"}],"twitter_card":"summary_large_image","twitter_misc":{"Tiempo de lectura":"1 minuto"},"schema":{"@context":"https:\/\/schema.org","@graph":[{"@type":"WebPage","@id":"https:\/\/csunitec.com\/es\/producto\/amoladora-de-hormigon-de-7-con-extraccion-de-polvo\/","url":"https:\/\/csunitec.com\/es\/producto\/amoladora-de-hormigon-de-7-con-extraccion-de-polvo\/","name":"Amoladora de Hormig\u00f3n de 7\" con Extracci\u00f3n de Polvo - CS Unitec","isPartOf":{"@id":"https:\/\/csunitec.com\/es\/#website"},"primaryImageOfPage":{"@id":"https:\/\/csunitec.com\/es\/producto\/amoladora-de-hormigon-de-7-con-extraccion-de-polvo\/#primaryimage"},"image":{"@id":"https:\/\/csunitec.com\/es\/producto\/amoladora-de-hormigon-de-7-con-extraccion-de-polvo\/#primaryimage"},"thumbnailUrl":"https:\/\/csunitec.com\/wp-content\/uploads\/2025\/03\/7-in-Handheld-Grinder-1-2.png","datePublished":"2024-12-10T01:55:15+00:00","dateModified":"2026-04-26T20:56:25+00:00","description":"La Esmeriladora de Hormig\u00f3n de 7\" est\u00e1 dise\u00f1ada para esmerilar y alisar grandes superficies de hormig\u00f3n, para limpiar y perfilar el hormig\u00f3n antes de aplicar nuevos revestimientos.","breadcrumb":{"@id":"https:\/\/csunitec.com\/es\/producto\/amoladora-de-hormigon-de-7-con-extraccion-de-polvo\/#breadcrumb"},"inLanguage":"es","potentialAction":[{"@type":"ReadAction","target":["https:\/\/csunitec.com\/es\/producto\/amoladora-de-hormigon-de-7-con-extraccion-de-polvo\/"]}]},{"@type":"ImageObject","inLanguage":"es","@id":"https:\/\/csunitec.com\/es\/producto\/amoladora-de-hormigon-de-7-con-extraccion-de-polvo\/#primaryimage","url":"https:\/\/csunitec.com\/wp-content\/uploads\/2025\/03\/7-in-Handheld-Grinder-1-2.png","contentUrl":"https:\/\/csunitec.com\/wp-content\/uploads\/2025\/03\/7-in-Handheld-Grinder-1-2.png","width":1000,"height":1000},{"@type":"BreadcrumbList","@id":"https:\/\/csunitec.com\/es\/producto\/amoladora-de-hormigon-de-7-con-extraccion-de-polvo\/#breadcrumb","itemListElement":[{"@type":"ListItem","position":1,"name":"Inicio","item":"https:\/\/csunitec.com\/es\/"},{"@type":"ListItem","position":2,"name":"Tienda","item":"https:\/\/csunitec.com\/es\/tienda\/"},{"@type":"ListItem","position":3,"name":"Amoladora de Hormig\u00f3n de 7&#8243; con Extracci\u00f3n de Polvo"}]},{"@type":"WebSite","@id":"https:\/\/csunitec.com\/es\/#website","url":"https:\/\/csunitec.com\/es\/","name":"CS Unitec","description":"","potentialAction":[{"@type":"SearchAction","target":{"@type":"EntryPoint","urlTemplate":"https:\/\/csunitec.com\/es\/?s={search_term_string}"},"query-input":{"@type":"PropertyValueSpecification","valueRequired":true,"valueName":"search_term_string"}}],"inLanguage":"es"}]}},"_links":{"self":[{"href":"https:\/\/csunitec.com\/es\/wp-json\/wp\/v2\/product\/177610","targetHints":{"allow":["GET"]}}],"collection":[{"href":"https:\/\/csunitec.com\/es\/wp-json\/wp\/v2\/product"}],"about":[{"href":"https:\/\/csunitec.com\/es\/wp-json\/wp\/v2\/types\/product"}],"wp:featuredmedia":[{"embeddable":true,"href":"https:\/\/csunitec.com\/es\/wp-json\/wp\/v2\/media\/15026"}],"wp:attachment":[{"href":"https:\/\/csunitec.com\/es\/wp-json\/wp\/v2\/media?parent=177610"}],"wp:term":[{"taxonomy":"product_brand","embeddable":true,"href":"https:\/\/csunitec.com\/es\/wp-json\/wp\/v2\/product_brand?post=177610"},{"taxonomy":"product_cat","embeddable":true,"href":"https:\/\/csunitec.com\/es\/wp-json\/wp\/v2\/product_cat?post=177610"},{"taxonomy":"product_tag","embeddable":true,"href":"https:\/\/csunitec.com\/es\/wp-json\/wp\/v2\/product_tag?post=177610"},{"taxonomy":"accessory_type","embeddable":true,"href":"https:\/\/csunitec.com\/es\/wp-json\/wp\/v2\/accessory_type?post=177610"},{"taxonomy":"application","embeddable":true,"href":"https:\/\/csunitec.com\/es\/wp-json\/wp\/v2\/application?post=177610"},{"taxonomy":"hand_tool_type","embeddable":true,"href":"https:\/\/csunitec.com\/es\/wp-json\/wp\/v2\/hand_tool_type?post=177610"},{"taxonomy":"industry","embeddable":true,"href":"https:\/\/csunitec.com\/es\/wp-json\/wp\/v2\/industry?post=177610"},{"taxonomy":"material","embeddable":true,"href":"https:\/\/csunitec.com\/es\/wp-json\/wp\/v2\/material?post=177610"},{"taxonomy":"power_tool_type","embeddable":true,"href":"https:\/\/csunitec.com\/es\/wp-json\/wp\/v2\/power_tool_type?post=177610"},{"taxonomy":"power_type","embeddable":true,"href":"https:\/\/csunitec.com\/es\/wp-json\/wp\/v2\/power_type?post=177610"},{"taxonomy":"subcategory","embeddable":true,"href":"https:\/\/csunitec.com\/es\/wp-json\/wp\/v2\/subcategory?post=177610"},{"taxonomy":"tool_type","embeddable":true,"href":"https:\/\/csunitec.com\/es\/wp-json\/wp\/v2\/tool_type?post=177610"}],"curies":[{"name":"wp","href":"https:\/\/api.w.org\/{rel}","templated":true}]}}