{"id":177638,"date":"2024-12-10T02:13:10","date_gmt":"2024-12-10T02:13:10","guid":{"rendered":"https:\/\/stgcsunitec.wpenginepowered.com\/product\/maquina-decapadora-afeitadora\/"},"modified":"2026-04-30T01:59:24","modified_gmt":"2026-04-30T05:59:24","slug":"maquina-decapadora-afeitadora","status":"publish","type":"product","link":"https:\/\/csunitec.com\/es\/producto\/maquina-decapadora-afeitadora\/","title":{"rendered":"M\u00e1quina decapadora\/afeitadora"},"content":{"rendered":"<ul>\n<li>La m\u00e1quina decapadora\/rascadora de pintura est\u00e1 dise\u00f1ada para eliminar de forma r\u00e1pida y eficaz barnices, pinturas, grafitis, resinas, revestimientos y suciedad grasienta de madera, yeso, hormig\u00f3n y sustratos similares.<\/li>\n<li>Ideal para proyectos de renovaci\u00f3n, restauraci\u00f3n y preparaci\u00f3n de superficies en los que el lijado tradicional ser\u00eda demasiado lento o laborioso.<\/li>\n<li>Permite a los operarios retirar material limpiamente hasta el borde del \u00e1rea de trabajo. Adecuada para tareas de acabado detallado y fresado de precisi\u00f3n. <\/li>\n<li>El sistema de ajuste preciso de la profundidad permite la eliminaci\u00f3n controlada de material hasta 1,0 mm. Evita da\u00f1ar el sustrato subyacente. <\/li>\n<li>Cuando se combina con un aspirador de extracci\u00f3n de polvo, la M\u00e1quina Decapadora\/Aspiradora de Pintura permite trabajar con poco polvo. Adecuada para uso en interiores y entornos donde la calidad del aire es una prioridad. <\/li>\n<li>El dise\u00f1o actualizado de la cubierta y el guardapolvo la hacen eficaz para fresar cerca de bordes, esquinas y transiciones sin dejar zonas sin procesar.<\/li>\n<\/ul>\n","protected":false},"excerpt":{"rendered":"<ul>\n<li>Potencia del motor: 9,6 Amperios<\/li>\n<li>Velocidad de carga: 10.000 RPM<\/li>\n<li>Di\u00e1metro del cabezal de fresado: 4<\/li>\n<li>Ajuste de profundidad: 0,1 mm &#8211; 1,0 mm<\/li>\n<\/ul>\n","protected":false},"featured_media":177639,"template":"","meta":[],"product_brand":[],"product_cat":[1033],"product_tag":[1037,1102],"accessory_type":[],"application":[1035],"hand_tool_type":[],"industry":[931],"material":[],"power_tool_type":[1101],"power_type":[936],"subcategory":[1098],"tool_type":[946],"class_list":{"0":"post-177638","1":"product","2":"type-product","3":"status-publish","4":"has-post-thumbnail","6":"product_cat-preparacion-de-superficies","7":"product_tag-preparacion-de-la-superficie-del-hormigon","8":"product_tag-decapante-afeitadora","9":"application-acabado-y-preparacion-de-superficies","10":"industry-hormigon-y-mamposteria","11":"power_tool_type-stripper","12":"power_type-electrico","13":"subcategory-maquinas-decapadoras","14":"tool_type-herramienta-electrica","16":"first","17":"instock","18":"shipping-taxable","19":"purchasable","20":"product-type-variable"},"yoast_head":"<!-- This site is optimized with the Yoast SEO plugin v27.5 - https:\/\/yoast.com\/product\/yoast-seo-wordpress\/ -->\n<title>M\u00e1quina decapadora\/afeitadora - CS Unitec<\/title>\n<meta name=\"description\" content=\"La m\u00e1quina decapadora\/rascadora de pintura est\u00e1 dise\u00f1ada para eliminar de forma r\u00e1pida y eficaz barnices, pinturas, grafitis, resinas y mucho m\u00e1s de la madera, el yeso y el hormig\u00f3n.\" \/>\n<meta name=\"robots\" content=\"index, follow, max-snippet:-1, max-image-preview:large, max-video-preview:-1\" \/>\n<link rel=\"canonical\" href=\"https:\/\/csunitec.com\/es\/producto\/maquina-decapadora-afeitadora\/\" \/>\n<meta property=\"og:locale\" content=\"es_ES\" \/>\n<meta property=\"og:type\" content=\"article\" \/>\n<meta property=\"og:title\" content=\"M\u00e1quina decapadora\/afeitadora - CS Unitec\" \/>\n<meta property=\"og:description\" content=\"La m\u00e1quina decapadora\/rascadora de pintura est\u00e1 dise\u00f1ada para eliminar de forma r\u00e1pida y eficaz barnices, pinturas, grafitis, resinas y mucho m\u00e1s de la madera, el yeso y el hormig\u00f3n.\" \/>\n<meta property=\"og:url\" content=\"https:\/\/csunitec.com\/es\/producto\/maquina-decapadora-afeitadora\/\" \/>\n<meta property=\"og:site_name\" content=\"CS Unitec\" \/>\n<meta property=\"article:modified_time\" content=\"2026-04-30T05:59:24+00:00\" \/>\n<meta property=\"og:image\" content=\"https:\/\/csunitec.com\/wp-content\/uploads\/2025\/03\/Paint-Stripper-Shaver-1-2.png\" \/>\n\t<meta property=\"og:image:width\" content=\"1000\" \/>\n\t<meta property=\"og:image:height\" content=\"1000\" \/>\n\t<meta property=\"og:image:type\" content=\"image\/png\" \/>\n<meta name=\"twitter:card\" content=\"summary_large_image\" \/>\n<meta name=\"twitter:label1\" content=\"Tiempo de lectura\" \/>\n\t<meta name=\"twitter:data1\" content=\"1 minuto\" \/>\n<script type=\"application\/ld+json\" class=\"yoast-schema-graph\">{\"@context\":\"https:\\\/\\\/schema.org\",\"@graph\":[{\"@type\":\"WebPage\",\"@id\":\"https:\\\/\\\/csunitec.com\\\/es\\\/producto\\\/maquina-decapadora-afeitadora\\\/\",\"url\":\"https:\\\/\\\/csunitec.com\\\/es\\\/producto\\\/maquina-decapadora-afeitadora\\\/\",\"name\":\"M\u00e1quina decapadora\\\/afeitadora - CS Unitec\",\"isPartOf\":{\"@id\":\"https:\\\/\\\/csunitec.com\\\/es\\\/#website\"},\"primaryImageOfPage\":{\"@id\":\"https:\\\/\\\/csunitec.com\\\/es\\\/producto\\\/maquina-decapadora-afeitadora\\\/#primaryimage\"},\"image\":{\"@id\":\"https:\\\/\\\/csunitec.com\\\/es\\\/producto\\\/maquina-decapadora-afeitadora\\\/#primaryimage\"},\"thumbnailUrl\":\"https:\\\/\\\/csunitec.com\\\/wp-content\\\/uploads\\\/2025\\\/03\\\/Paint-Stripper-Shaver-1-2.png\",\"datePublished\":\"2024-12-10T02:13:10+00:00\",\"dateModified\":\"2026-04-30T05:59:24+00:00\",\"description\":\"La m\u00e1quina decapadora\\\/rascadora de pintura est\u00e1 dise\u00f1ada para eliminar de forma r\u00e1pida y eficaz barnices, pinturas, grafitis, resinas y mucho m\u00e1s de la madera, el yeso y el hormig\u00f3n.\",\"breadcrumb\":{\"@id\":\"https:\\\/\\\/csunitec.com\\\/es\\\/producto\\\/maquina-decapadora-afeitadora\\\/#breadcrumb\"},\"inLanguage\":\"es\",\"potentialAction\":[{\"@type\":\"ReadAction\",\"target\":[\"https:\\\/\\\/csunitec.com\\\/es\\\/producto\\\/maquina-decapadora-afeitadora\\\/\"]}]},{\"@type\":\"ImageObject\",\"inLanguage\":\"es\",\"@id\":\"https:\\\/\\\/csunitec.com\\\/es\\\/producto\\\/maquina-decapadora-afeitadora\\\/#primaryimage\",\"url\":\"https:\\\/\\\/csunitec.com\\\/wp-content\\\/uploads\\\/2025\\\/03\\\/Paint-Stripper-Shaver-1-2.png\",\"contentUrl\":\"https:\\\/\\\/csunitec.com\\\/wp-content\\\/uploads\\\/2025\\\/03\\\/Paint-Stripper-Shaver-1-2.png\",\"width\":1000,\"height\":1000},{\"@type\":\"BreadcrumbList\",\"@id\":\"https:\\\/\\\/csunitec.com\\\/es\\\/producto\\\/maquina-decapadora-afeitadora\\\/#breadcrumb\",\"itemListElement\":[{\"@type\":\"ListItem\",\"position\":1,\"name\":\"Inicio\",\"item\":\"https:\\\/\\\/csunitec.com\\\/es\\\/\"},{\"@type\":\"ListItem\",\"position\":2,\"name\":\"Tienda\",\"item\":\"https:\\\/\\\/csunitec.com\\\/es\\\/tienda\\\/\"},{\"@type\":\"ListItem\",\"position\":3,\"name\":\"M\u00e1quina decapadora\\\/afeitadora\"}]},{\"@type\":\"WebSite\",\"@id\":\"https:\\\/\\\/csunitec.com\\\/es\\\/#website\",\"url\":\"https:\\\/\\\/csunitec.com\\\/es\\\/\",\"name\":\"CS Unitec\",\"description\":\"\",\"potentialAction\":[{\"@type\":\"SearchAction\",\"target\":{\"@type\":\"EntryPoint\",\"urlTemplate\":\"https:\\\/\\\/csunitec.com\\\/es\\\/?s={search_term_string}\"},\"query-input\":{\"@type\":\"PropertyValueSpecification\",\"valueRequired\":true,\"valueName\":\"search_term_string\"}}],\"inLanguage\":\"es\"}]}<\/script>\n<!-- \/ Yoast SEO plugin. -->","yoast_head_json":{"title":"M\u00e1quina decapadora\/afeitadora - CS Unitec","description":"La m\u00e1quina decapadora\/rascadora de pintura est\u00e1 dise\u00f1ada para eliminar de forma r\u00e1pida y eficaz barnices, pinturas, grafitis, resinas y mucho m\u00e1s de la madera, el yeso y el hormig\u00f3n.","robots":{"index":"index","follow":"follow","max-snippet":"max-snippet:-1","max-image-preview":"max-image-preview:large","max-video-preview":"max-video-preview:-1"},"canonical":"https:\/\/csunitec.com\/es\/producto\/maquina-decapadora-afeitadora\/","og_locale":"es_ES","og_type":"article","og_title":"M\u00e1quina decapadora\/afeitadora - CS Unitec","og_description":"La m\u00e1quina decapadora\/rascadora de pintura est\u00e1 dise\u00f1ada para eliminar de forma r\u00e1pida y eficaz barnices, pinturas, grafitis, resinas y mucho m\u00e1s de la madera, el yeso y el hormig\u00f3n.","og_url":"https:\/\/csunitec.com\/es\/producto\/maquina-decapadora-afeitadora\/","og_site_name":"CS Unitec","article_modified_time":"2026-04-30T05:59:24+00:00","og_image":[{"width":1000,"height":1000,"url":"https:\/\/csunitec.com\/wp-content\/uploads\/2025\/03\/Paint-Stripper-Shaver-1-2.png","type":"image\/png"}],"twitter_card":"summary_large_image","twitter_misc":{"Tiempo de lectura":"1 minuto"},"schema":{"@context":"https:\/\/schema.org","@graph":[{"@type":"WebPage","@id":"https:\/\/csunitec.com\/es\/producto\/maquina-decapadora-afeitadora\/","url":"https:\/\/csunitec.com\/es\/producto\/maquina-decapadora-afeitadora\/","name":"M\u00e1quina decapadora\/afeitadora - CS Unitec","isPartOf":{"@id":"https:\/\/csunitec.com\/es\/#website"},"primaryImageOfPage":{"@id":"https:\/\/csunitec.com\/es\/producto\/maquina-decapadora-afeitadora\/#primaryimage"},"image":{"@id":"https:\/\/csunitec.com\/es\/producto\/maquina-decapadora-afeitadora\/#primaryimage"},"thumbnailUrl":"https:\/\/csunitec.com\/wp-content\/uploads\/2025\/03\/Paint-Stripper-Shaver-1-2.png","datePublished":"2024-12-10T02:13:10+00:00","dateModified":"2026-04-30T05:59:24+00:00","description":"La m\u00e1quina decapadora\/rascadora de pintura est\u00e1 dise\u00f1ada para eliminar de forma r\u00e1pida y eficaz barnices, pinturas, grafitis, resinas y mucho m\u00e1s de la madera, el yeso y el hormig\u00f3n.","breadcrumb":{"@id":"https:\/\/csunitec.com\/es\/producto\/maquina-decapadora-afeitadora\/#breadcrumb"},"inLanguage":"es","potentialAction":[{"@type":"ReadAction","target":["https:\/\/csunitec.com\/es\/producto\/maquina-decapadora-afeitadora\/"]}]},{"@type":"ImageObject","inLanguage":"es","@id":"https:\/\/csunitec.com\/es\/producto\/maquina-decapadora-afeitadora\/#primaryimage","url":"https:\/\/csunitec.com\/wp-content\/uploads\/2025\/03\/Paint-Stripper-Shaver-1-2.png","contentUrl":"https:\/\/csunitec.com\/wp-content\/uploads\/2025\/03\/Paint-Stripper-Shaver-1-2.png","width":1000,"height":1000},{"@type":"BreadcrumbList","@id":"https:\/\/csunitec.com\/es\/producto\/maquina-decapadora-afeitadora\/#breadcrumb","itemListElement":[{"@type":"ListItem","position":1,"name":"Inicio","item":"https:\/\/csunitec.com\/es\/"},{"@type":"ListItem","position":2,"name":"Tienda","item":"https:\/\/csunitec.com\/es\/tienda\/"},{"@type":"ListItem","position":3,"name":"M\u00e1quina decapadora\/afeitadora"}]},{"@type":"WebSite","@id":"https:\/\/csunitec.com\/es\/#website","url":"https:\/\/csunitec.com\/es\/","name":"CS Unitec","description":"","potentialAction":[{"@type":"SearchAction","target":{"@type":"EntryPoint","urlTemplate":"https:\/\/csunitec.com\/es\/?s={search_term_string}"},"query-input":{"@type":"PropertyValueSpecification","valueRequired":true,"valueName":"search_term_string"}}],"inLanguage":"es"}]}},"_links":{"self":[{"href":"https:\/\/csunitec.com\/es\/wp-json\/wp\/v2\/product\/177638","targetHints":{"allow":["GET"]}}],"collection":[{"href":"https:\/\/csunitec.com\/es\/wp-json\/wp\/v2\/product"}],"about":[{"href":"https:\/\/csunitec.com\/es\/wp-json\/wp\/v2\/types\/product"}],"wp:featuredmedia":[{"embeddable":true,"href":"https:\/\/csunitec.com\/es\/wp-json\/wp\/v2\/media\/177639"}],"wp:attachment":[{"href":"https:\/\/csunitec.com\/es\/wp-json\/wp\/v2\/media?parent=177638"}],"wp:term":[{"taxonomy":"product_brand","embeddable":true,"href":"https:\/\/csunitec.com\/es\/wp-json\/wp\/v2\/product_brand?post=177638"},{"taxonomy":"product_cat","embeddable":true,"href":"https:\/\/csunitec.com\/es\/wp-json\/wp\/v2\/product_cat?post=177638"},{"taxonomy":"product_tag","embeddable":true,"href":"https:\/\/csunitec.com\/es\/wp-json\/wp\/v2\/product_tag?post=177638"},{"taxonomy":"accessory_type","embeddable":true,"href":"https:\/\/csunitec.com\/es\/wp-json\/wp\/v2\/accessory_type?post=177638"},{"taxonomy":"application","embeddable":true,"href":"https:\/\/csunitec.com\/es\/wp-json\/wp\/v2\/application?post=177638"},{"taxonomy":"hand_tool_type","embeddable":true,"href":"https:\/\/csunitec.com\/es\/wp-json\/wp\/v2\/hand_tool_type?post=177638"},{"taxonomy":"industry","embeddable":true,"href":"https:\/\/csunitec.com\/es\/wp-json\/wp\/v2\/industry?post=177638"},{"taxonomy":"material","embeddable":true,"href":"https:\/\/csunitec.com\/es\/wp-json\/wp\/v2\/material?post=177638"},{"taxonomy":"power_tool_type","embeddable":true,"href":"https:\/\/csunitec.com\/es\/wp-json\/wp\/v2\/power_tool_type?post=177638"},{"taxonomy":"power_type","embeddable":true,"href":"https:\/\/csunitec.com\/es\/wp-json\/wp\/v2\/power_type?post=177638"},{"taxonomy":"subcategory","embeddable":true,"href":"https:\/\/csunitec.com\/es\/wp-json\/wp\/v2\/subcategory?post=177638"},{"taxonomy":"tool_type","embeddable":true,"href":"https:\/\/csunitec.com\/es\/wp-json\/wp\/v2\/tool_type?post=177638"}],"curies":[{"name":"wp","href":"https:\/\/api.w.org\/{rel}","templated":true}]}}