{"id":177652,"date":"2024-12-10T01:04:00","date_gmt":"2024-12-10T01:04:00","guid":{"rendered":"https:\/\/stgcsunitec.wpenginepowered.com\/product\/cabezales-tamper-para-apisonadores-de-postes\/"},"modified":"2024-12-10T01:04:00","modified_gmt":"2024-12-10T06:04:00","slug":"cabezales-tamper-para-apisonadores-de-postes","status":"publish","type":"product","link":"https:\/\/csunitec.com\/es\/producto\/cabezales-tamper-para-apisonadores-de-postes\/","title":{"rendered":"Cabezales Tamper para Apisonadores de Postes"},"content":{"rendered":"<ul>\n<li>Los Tamper Heads rellenan peque\u00f1as zonas en espacios estrechos o contra muros, tuber\u00edas, postes de servicios p\u00fablicos, se\u00f1ales, postes de vallas y mucho m\u00e1s<\/li>\n<li>Ideal para empresas de agua, electricidad, gas y servicios p\u00fablicos<\/li>\n<li>Compacta arcilla, tierra y asfalto, as\u00ed como cualquier material finamente triturado o pulverizado<\/li>\n<\/ul>\n","protected":false},"excerpt":{"rendered":"<ul>\n<li>Rellena \u00e1reas peque\u00f1as en espacios estrechos o contra muros, tuber\u00edas, postes de servicios p\u00fablicos, se\u00f1ales, postes de vallas y mucho m\u00e1s.<\/li>\n<li>Ideal para empresas de agua, electricidad, gas y servicios p\u00fablicos<\/li>\n<li>Compacta arcilla, tierra y asfalto, as\u00ed como cualquier material finamente triturado o pulverizado<\/li>\n<\/ul>\n","protected":false},"featured_media":168835,"template":"","meta":[],"product_brand":[],"product_cat":[1033],"product_tag":[1076],"accessory_type":[927],"application":[1067],"hand_tool_type":[],"industry":[931],"material":[],"power_tool_type":[],"power_type":[],"subcategory":[1070],"tool_type":[943],"class_list":{"0":"post-177652","1":"product","2":"type-product","3":"status-publish","4":"has-post-thumbnail","6":"product_cat-preparacion-de-superficies","7":"product_tag-accesorios-para-el-escarbador-de-postes","8":"accessory_type-accesorio","9":"application-corte-y-demolicion","10":"industry-hormigon-y-mamposteria","11":"subcategory-escarificadoras-de-hormigon","12":"tool_type-accesorio","14":"first","15":"instock","16":"shipping-taxable","17":"purchasable","18":"product-type-variable"},"yoast_head":"<!-- This site is optimized with the Yoast SEO plugin v27.5 - https:\/\/yoast.com\/product\/yoast-seo-wordpress\/ -->\n<title>Cabezales Tamper para Apisonadores de Postes - CS Unitec<\/title>\n<meta name=\"description\" content=\"Los Tamper Heads rellenan peque\u00f1as zonas en espacios estrechos o contra muros, tuber\u00edas, postes de servicios p\u00fablicos, se\u00f1ales, postes de vallas y mucho m\u00e1s.\" \/>\n<meta name=\"robots\" content=\"index, follow, max-snippet:-1, max-image-preview:large, max-video-preview:-1\" \/>\n<link rel=\"canonical\" href=\"https:\/\/csunitec.com\/es\/producto\/cabezales-tamper-para-apisonadores-de-postes\/\" \/>\n<meta property=\"og:locale\" content=\"es_ES\" \/>\n<meta property=\"og:type\" content=\"article\" \/>\n<meta property=\"og:title\" content=\"Cabezales Tamper para Apisonadores de Postes - CS Unitec\" \/>\n<meta property=\"og:description\" content=\"Los Tamper Heads rellenan peque\u00f1as zonas en espacios estrechos o contra muros, tuber\u00edas, postes de servicios p\u00fablicos, se\u00f1ales, postes de vallas y mucho m\u00e1s.\" \/>\n<meta property=\"og:url\" content=\"https:\/\/csunitec.com\/es\/producto\/cabezales-tamper-para-apisonadores-de-postes\/\" \/>\n<meta property=\"og:site_name\" content=\"CS Unitec\" \/>\n<meta property=\"article:modified_time\" content=\"2024-12-10T06:04:00+00:00\" \/>\n<meta property=\"og:image\" content=\"https:\/\/csunitec.com\/wp-content\/uploads\/2025\/04\/4-x-8-Compactor-Foot-Tamper-2-2-1.png\" \/>\n\t<meta property=\"og:image:width\" content=\"1000\" \/>\n\t<meta property=\"og:image:height\" content=\"1000\" \/>\n\t<meta property=\"og:image:type\" content=\"image\/png\" \/>\n<meta name=\"twitter:card\" content=\"summary_large_image\" \/>\n<script type=\"application\/ld+json\" class=\"yoast-schema-graph\">{\"@context\":\"https:\\\/\\\/schema.org\",\"@graph\":[{\"@type\":\"WebPage\",\"@id\":\"https:\\\/\\\/csunitec.com\\\/es\\\/producto\\\/cabezales-tamper-para-apisonadores-de-postes\\\/\",\"url\":\"https:\\\/\\\/csunitec.com\\\/es\\\/producto\\\/cabezales-tamper-para-apisonadores-de-postes\\\/\",\"name\":\"Cabezales Tamper para Apisonadores de Postes - CS Unitec\",\"isPartOf\":{\"@id\":\"https:\\\/\\\/csunitec.com\\\/es\\\/#website\"},\"primaryImageOfPage\":{\"@id\":\"https:\\\/\\\/csunitec.com\\\/es\\\/producto\\\/cabezales-tamper-para-apisonadores-de-postes\\\/#primaryimage\"},\"image\":{\"@id\":\"https:\\\/\\\/csunitec.com\\\/es\\\/producto\\\/cabezales-tamper-para-apisonadores-de-postes\\\/#primaryimage\"},\"thumbnailUrl\":\"https:\\\/\\\/csunitec.com\\\/wp-content\\\/uploads\\\/2025\\\/04\\\/4-x-8-Compactor-Foot-Tamper-2-2-1.png\",\"datePublished\":\"2024-12-10T01:04:00+00:00\",\"dateModified\":\"2024-12-10T06:04:00+00:00\",\"description\":\"Los Tamper Heads rellenan peque\u00f1as zonas en espacios estrechos o contra muros, tuber\u00edas, postes de servicios p\u00fablicos, se\u00f1ales, postes de vallas y mucho m\u00e1s.\",\"breadcrumb\":{\"@id\":\"https:\\\/\\\/csunitec.com\\\/es\\\/producto\\\/cabezales-tamper-para-apisonadores-de-postes\\\/#breadcrumb\"},\"inLanguage\":\"es\",\"potentialAction\":[{\"@type\":\"ReadAction\",\"target\":[\"https:\\\/\\\/csunitec.com\\\/es\\\/producto\\\/cabezales-tamper-para-apisonadores-de-postes\\\/\"]}]},{\"@type\":\"ImageObject\",\"inLanguage\":\"es\",\"@id\":\"https:\\\/\\\/csunitec.com\\\/es\\\/producto\\\/cabezales-tamper-para-apisonadores-de-postes\\\/#primaryimage\",\"url\":\"https:\\\/\\\/csunitec.com\\\/wp-content\\\/uploads\\\/2025\\\/04\\\/4-x-8-Compactor-Foot-Tamper-2-2-1.png\",\"contentUrl\":\"https:\\\/\\\/csunitec.com\\\/wp-content\\\/uploads\\\/2025\\\/04\\\/4-x-8-Compactor-Foot-Tamper-2-2-1.png\",\"width\":1000,\"height\":1000},{\"@type\":\"BreadcrumbList\",\"@id\":\"https:\\\/\\\/csunitec.com\\\/es\\\/producto\\\/cabezales-tamper-para-apisonadores-de-postes\\\/#breadcrumb\",\"itemListElement\":[{\"@type\":\"ListItem\",\"position\":1,\"name\":\"Inicio\",\"item\":\"https:\\\/\\\/csunitec.com\\\/es\\\/\"},{\"@type\":\"ListItem\",\"position\":2,\"name\":\"Tienda\",\"item\":\"https:\\\/\\\/csunitec.com\\\/es\\\/tienda\\\/\"},{\"@type\":\"ListItem\",\"position\":3,\"name\":\"Cabezales Tamper para Apisonadores de Postes\"}]},{\"@type\":\"WebSite\",\"@id\":\"https:\\\/\\\/csunitec.com\\\/es\\\/#website\",\"url\":\"https:\\\/\\\/csunitec.com\\\/es\\\/\",\"name\":\"CS Unitec\",\"description\":\"\",\"potentialAction\":[{\"@type\":\"SearchAction\",\"target\":{\"@type\":\"EntryPoint\",\"urlTemplate\":\"https:\\\/\\\/csunitec.com\\\/es\\\/?s={search_term_string}\"},\"query-input\":{\"@type\":\"PropertyValueSpecification\",\"valueRequired\":true,\"valueName\":\"search_term_string\"}}],\"inLanguage\":\"es\"}]}<\/script>\n<!-- \/ Yoast SEO plugin. -->","yoast_head_json":{"title":"Cabezales Tamper para Apisonadores de Postes - CS Unitec","description":"Los Tamper Heads rellenan peque\u00f1as zonas en espacios estrechos o contra muros, tuber\u00edas, postes de servicios p\u00fablicos, se\u00f1ales, postes de vallas y mucho m\u00e1s.","robots":{"index":"index","follow":"follow","max-snippet":"max-snippet:-1","max-image-preview":"max-image-preview:large","max-video-preview":"max-video-preview:-1"},"canonical":"https:\/\/csunitec.com\/es\/producto\/cabezales-tamper-para-apisonadores-de-postes\/","og_locale":"es_ES","og_type":"article","og_title":"Cabezales Tamper para Apisonadores de Postes - CS Unitec","og_description":"Los Tamper Heads rellenan peque\u00f1as zonas en espacios estrechos o contra muros, tuber\u00edas, postes de servicios p\u00fablicos, se\u00f1ales, postes de vallas y mucho m\u00e1s.","og_url":"https:\/\/csunitec.com\/es\/producto\/cabezales-tamper-para-apisonadores-de-postes\/","og_site_name":"CS Unitec","article_modified_time":"2024-12-10T06:04:00+00:00","og_image":[{"width":1000,"height":1000,"url":"https:\/\/csunitec.com\/wp-content\/uploads\/2025\/04\/4-x-8-Compactor-Foot-Tamper-2-2-1.png","type":"image\/png"}],"twitter_card":"summary_large_image","schema":{"@context":"https:\/\/schema.org","@graph":[{"@type":"WebPage","@id":"https:\/\/csunitec.com\/es\/producto\/cabezales-tamper-para-apisonadores-de-postes\/","url":"https:\/\/csunitec.com\/es\/producto\/cabezales-tamper-para-apisonadores-de-postes\/","name":"Cabezales Tamper para Apisonadores de Postes - CS Unitec","isPartOf":{"@id":"https:\/\/csunitec.com\/es\/#website"},"primaryImageOfPage":{"@id":"https:\/\/csunitec.com\/es\/producto\/cabezales-tamper-para-apisonadores-de-postes\/#primaryimage"},"image":{"@id":"https:\/\/csunitec.com\/es\/producto\/cabezales-tamper-para-apisonadores-de-postes\/#primaryimage"},"thumbnailUrl":"https:\/\/csunitec.com\/wp-content\/uploads\/2025\/04\/4-x-8-Compactor-Foot-Tamper-2-2-1.png","datePublished":"2024-12-10T01:04:00+00:00","dateModified":"2024-12-10T06:04:00+00:00","description":"Los Tamper Heads rellenan peque\u00f1as zonas en espacios estrechos o contra muros, tuber\u00edas, postes de servicios p\u00fablicos, se\u00f1ales, postes de vallas y mucho m\u00e1s.","breadcrumb":{"@id":"https:\/\/csunitec.com\/es\/producto\/cabezales-tamper-para-apisonadores-de-postes\/#breadcrumb"},"inLanguage":"es","potentialAction":[{"@type":"ReadAction","target":["https:\/\/csunitec.com\/es\/producto\/cabezales-tamper-para-apisonadores-de-postes\/"]}]},{"@type":"ImageObject","inLanguage":"es","@id":"https:\/\/csunitec.com\/es\/producto\/cabezales-tamper-para-apisonadores-de-postes\/#primaryimage","url":"https:\/\/csunitec.com\/wp-content\/uploads\/2025\/04\/4-x-8-Compactor-Foot-Tamper-2-2-1.png","contentUrl":"https:\/\/csunitec.com\/wp-content\/uploads\/2025\/04\/4-x-8-Compactor-Foot-Tamper-2-2-1.png","width":1000,"height":1000},{"@type":"BreadcrumbList","@id":"https:\/\/csunitec.com\/es\/producto\/cabezales-tamper-para-apisonadores-de-postes\/#breadcrumb","itemListElement":[{"@type":"ListItem","position":1,"name":"Inicio","item":"https:\/\/csunitec.com\/es\/"},{"@type":"ListItem","position":2,"name":"Tienda","item":"https:\/\/csunitec.com\/es\/tienda\/"},{"@type":"ListItem","position":3,"name":"Cabezales Tamper para Apisonadores de Postes"}]},{"@type":"WebSite","@id":"https:\/\/csunitec.com\/es\/#website","url":"https:\/\/csunitec.com\/es\/","name":"CS Unitec","description":"","potentialAction":[{"@type":"SearchAction","target":{"@type":"EntryPoint","urlTemplate":"https:\/\/csunitec.com\/es\/?s={search_term_string}"},"query-input":{"@type":"PropertyValueSpecification","valueRequired":true,"valueName":"search_term_string"}}],"inLanguage":"es"}]}},"_links":{"self":[{"href":"https:\/\/csunitec.com\/es\/wp-json\/wp\/v2\/product\/177652","targetHints":{"allow":["GET"]}}],"collection":[{"href":"https:\/\/csunitec.com\/es\/wp-json\/wp\/v2\/product"}],"about":[{"href":"https:\/\/csunitec.com\/es\/wp-json\/wp\/v2\/types\/product"}],"wp:featuredmedia":[{"embeddable":true,"href":"https:\/\/csunitec.com\/es\/wp-json\/wp\/v2\/media\/168835"}],"wp:attachment":[{"href":"https:\/\/csunitec.com\/es\/wp-json\/wp\/v2\/media?parent=177652"}],"wp:term":[{"taxonomy":"product_brand","embeddable":true,"href":"https:\/\/csunitec.com\/es\/wp-json\/wp\/v2\/product_brand?post=177652"},{"taxonomy":"product_cat","embeddable":true,"href":"https:\/\/csunitec.com\/es\/wp-json\/wp\/v2\/product_cat?post=177652"},{"taxonomy":"product_tag","embeddable":true,"href":"https:\/\/csunitec.com\/es\/wp-json\/wp\/v2\/product_tag?post=177652"},{"taxonomy":"accessory_type","embeddable":true,"href":"https:\/\/csunitec.com\/es\/wp-json\/wp\/v2\/accessory_type?post=177652"},{"taxonomy":"application","embeddable":true,"href":"https:\/\/csunitec.com\/es\/wp-json\/wp\/v2\/application?post=177652"},{"taxonomy":"hand_tool_type","embeddable":true,"href":"https:\/\/csunitec.com\/es\/wp-json\/wp\/v2\/hand_tool_type?post=177652"},{"taxonomy":"industry","embeddable":true,"href":"https:\/\/csunitec.com\/es\/wp-json\/wp\/v2\/industry?post=177652"},{"taxonomy":"material","embeddable":true,"href":"https:\/\/csunitec.com\/es\/wp-json\/wp\/v2\/material?post=177652"},{"taxonomy":"power_tool_type","embeddable":true,"href":"https:\/\/csunitec.com\/es\/wp-json\/wp\/v2\/power_tool_type?post=177652"},{"taxonomy":"power_type","embeddable":true,"href":"https:\/\/csunitec.com\/es\/wp-json\/wp\/v2\/power_type?post=177652"},{"taxonomy":"subcategory","embeddable":true,"href":"https:\/\/csunitec.com\/es\/wp-json\/wp\/v2\/subcategory?post=177652"},{"taxonomy":"tool_type","embeddable":true,"href":"https:\/\/csunitec.com\/es\/wp-json\/wp\/v2\/tool_type?post=177652"}],"curies":[{"name":"wp","href":"https:\/\/api.w.org\/{rel}","templated":true}]}}