{"id":177726,"date":"2026-04-24T10:35:31","date_gmt":"2026-04-24T14:35:31","guid":{"rendered":"https:\/\/stgcsunitec.wpenginepowered.com\/product\/placas-rectificadoras-y-niveladoras-amoladoras-de-suelos\/"},"modified":"2026-04-24T10:35:31","modified_gmt":"2026-04-24T14:35:31","slug":"placas-rectificadoras-y-niveladoras-amoladoras-de-suelos","status":"publish","type":"product","link":"https:\/\/csunitec.com\/es\/producto\/placas-rectificadoras-y-niveladoras-amoladoras-de-suelos\/","title":{"rendered":"Placas rectificadoras y niveladoras &#8211; Amoladoras de suelos"},"content":{"rendered":"<ul>\n<li>Placas Rectificadoras y Niveladoras para Amoladoras de Suelos. Utiliza 6 para amoladoras de suelo de 10&#8243; y 12 para amoladoras de suelo de 20&#8243;. <\/li>\n<li>Elimina los puntos altos, las jorobas y las losas irregulares para conseguir una superficie plana y uniforme en perfiles de hormig\u00f3n de blandos a rugosos.<\/li>\n<li>Ideal para alisar superficies, reducir la rugosidad despu\u00e9s de escarificar, granallar o colocar el hormig\u00f3n por primera vez.<\/li>\n<li>Para eliminar la capa superior d\u00e9bil y polvorienta del hormig\u00f3n reci\u00e9n fraguado.<\/li>\n<li>Ideal para crear un perfil de superficie limpio y abierto antes de aplicar epoxi, poliuretano u otros revestimientos.<\/li>\n<li>Elimina la contaminaci\u00f3n ligera de la superficie, como el exceso de pintura, los adhesivos finos o la suciedad superficial.<\/li>\n<\/ul>\n<div><\/div>\n","protected":false},"excerpt":{"rendered":"<ul>\n<li>Placas de 30 granos con opciones de segmento simple y doble<\/li>\n<li>Para lijar y nivelar hormig\u00f3n<\/li>\n<li>Placas de liberaci\u00f3n r\u00e1pida para facilitar el cambio<\/li>\n<\/ul>\n","protected":false},"featured_media":176998,"template":"","meta":[],"product_brand":[],"product_cat":[1033],"product_tag":[],"accessory_type":[927],"application":[],"hand_tool_type":[],"industry":[931],"material":[],"power_tool_type":[],"power_type":[],"subcategory":[1034],"tool_type":[943],"class_list":{"0":"post-177726","1":"product","2":"type-product","3":"status-publish","4":"has-post-thumbnail","6":"product_cat-preparacion-de-superficies","7":"accessory_type-accesorio","8":"industry-hormigon-y-mamposteria","9":"subcategory-amoladoras","10":"tool_type-accesorio","12":"first","13":"instock","14":"shipping-taxable","15":"purchasable","16":"product-type-variable"},"yoast_head":"<!-- This site is optimized with the Yoast SEO plugin v27.5 - https:\/\/yoast.com\/product\/yoast-seo-wordpress\/ -->\n<title>Placas rectificadoras y niveladoras - Amoladoras de suelos - CS Unitec<\/title>\n<meta name=\"description\" content=\"Placas lijadoras y niveladoras para hormig\u00f3n, ideales para alisar superficies, reducir la rugosidad, limpiar y eliminar la contaminaci\u00f3n superficial ligera.\" \/>\n<meta name=\"robots\" content=\"index, follow, max-snippet:-1, max-image-preview:large, max-video-preview:-1\" \/>\n<link rel=\"canonical\" href=\"https:\/\/csunitec.com\/es\/producto\/placas-rectificadoras-y-niveladoras-amoladoras-de-suelos\/\" \/>\n<meta property=\"og:locale\" content=\"es_ES\" \/>\n<meta property=\"og:type\" content=\"article\" \/>\n<meta property=\"og:title\" content=\"Placas rectificadoras y niveladoras - Amoladoras de suelos - CS Unitec\" \/>\n<meta property=\"og:description\" content=\"Placas lijadoras y niveladoras para hormig\u00f3n, ideales para alisar superficies, reducir la rugosidad, limpiar y eliminar la contaminaci\u00f3n superficial ligera.\" \/>\n<meta property=\"og:url\" content=\"https:\/\/csunitec.com\/es\/producto\/placas-rectificadoras-y-niveladoras-amoladoras-de-suelos\/\" \/>\n<meta property=\"og:site_name\" content=\"CS Unitec\" \/>\n<meta property=\"og:image\" content=\"https:\/\/csunitec.com\/wp-content\/uploads\/2025\/04\/Metal-grinder.jpg\" \/>\n\t<meta property=\"og:image:width\" content=\"1000\" \/>\n\t<meta property=\"og:image:height\" content=\"1000\" \/>\n\t<meta property=\"og:image:type\" content=\"image\/jpeg\" \/>\n<meta name=\"twitter:card\" content=\"summary_large_image\" \/>\n<meta name=\"twitter:label1\" content=\"Tiempo de lectura\" \/>\n\t<meta name=\"twitter:data1\" content=\"1 minuto\" \/>\n<script type=\"application\/ld+json\" class=\"yoast-schema-graph\">{\"@context\":\"https:\\\/\\\/schema.org\",\"@graph\":[{\"@type\":\"WebPage\",\"@id\":\"https:\\\/\\\/csunitec.com\\\/es\\\/producto\\\/placas-rectificadoras-y-niveladoras-amoladoras-de-suelos\\\/\",\"url\":\"https:\\\/\\\/csunitec.com\\\/es\\\/producto\\\/placas-rectificadoras-y-niveladoras-amoladoras-de-suelos\\\/\",\"name\":\"Placas rectificadoras y niveladoras - Amoladoras de suelos - CS Unitec\",\"isPartOf\":{\"@id\":\"https:\\\/\\\/csunitec.com\\\/es\\\/#website\"},\"primaryImageOfPage\":{\"@id\":\"https:\\\/\\\/csunitec.com\\\/es\\\/producto\\\/placas-rectificadoras-y-niveladoras-amoladoras-de-suelos\\\/#primaryimage\"},\"image\":{\"@id\":\"https:\\\/\\\/csunitec.com\\\/es\\\/producto\\\/placas-rectificadoras-y-niveladoras-amoladoras-de-suelos\\\/#primaryimage\"},\"thumbnailUrl\":\"https:\\\/\\\/csunitec.com\\\/wp-content\\\/uploads\\\/2026\\\/04\\\/365.5501-30-Grit-Single-Segment-Soft-Bond-300x300-1.avif\",\"datePublished\":\"2026-04-24T14:35:31+00:00\",\"description\":\"Placas lijadoras y niveladoras para hormig\u00f3n, ideales para alisar superficies, reducir la rugosidad, limpiar y eliminar la contaminaci\u00f3n superficial ligera.\",\"breadcrumb\":{\"@id\":\"https:\\\/\\\/csunitec.com\\\/es\\\/producto\\\/placas-rectificadoras-y-niveladoras-amoladoras-de-suelos\\\/#breadcrumb\"},\"inLanguage\":\"es\",\"potentialAction\":[{\"@type\":\"ReadAction\",\"target\":[\"https:\\\/\\\/csunitec.com\\\/es\\\/producto\\\/placas-rectificadoras-y-niveladoras-amoladoras-de-suelos\\\/\"]}]},{\"@type\":\"ImageObject\",\"inLanguage\":\"es\",\"@id\":\"https:\\\/\\\/csunitec.com\\\/es\\\/producto\\\/placas-rectificadoras-y-niveladoras-amoladoras-de-suelos\\\/#primaryimage\",\"url\":\"https:\\\/\\\/csunitec.com\\\/wp-content\\\/uploads\\\/2026\\\/04\\\/365.5501-30-Grit-Single-Segment-Soft-Bond-300x300-1.avif\",\"contentUrl\":\"https:\\\/\\\/csunitec.com\\\/wp-content\\\/uploads\\\/2026\\\/04\\\/365.5501-30-Grit-Single-Segment-Soft-Bond-300x300-1.avif\",\"width\":300,\"height\":300},{\"@type\":\"BreadcrumbList\",\"@id\":\"https:\\\/\\\/csunitec.com\\\/es\\\/producto\\\/placas-rectificadoras-y-niveladoras-amoladoras-de-suelos\\\/#breadcrumb\",\"itemListElement\":[{\"@type\":\"ListItem\",\"position\":1,\"name\":\"Inicio\",\"item\":\"https:\\\/\\\/csunitec.com\\\/es\\\/\"},{\"@type\":\"ListItem\",\"position\":2,\"name\":\"Tienda\",\"item\":\"https:\\\/\\\/csunitec.com\\\/es\\\/tienda\\\/\"},{\"@type\":\"ListItem\",\"position\":3,\"name\":\"Placas rectificadoras y niveladoras &#8211; Amoladoras de suelos\"}]},{\"@type\":\"WebSite\",\"@id\":\"https:\\\/\\\/csunitec.com\\\/es\\\/#website\",\"url\":\"https:\\\/\\\/csunitec.com\\\/es\\\/\",\"name\":\"CS Unitec\",\"description\":\"\",\"potentialAction\":[{\"@type\":\"SearchAction\",\"target\":{\"@type\":\"EntryPoint\",\"urlTemplate\":\"https:\\\/\\\/csunitec.com\\\/es\\\/?s={search_term_string}\"},\"query-input\":{\"@type\":\"PropertyValueSpecification\",\"valueRequired\":true,\"valueName\":\"search_term_string\"}}],\"inLanguage\":\"es\"}]}<\/script>\n<!-- \/ Yoast SEO plugin. -->","yoast_head_json":{"title":"Placas rectificadoras y niveladoras - Amoladoras de suelos - CS Unitec","description":"Placas lijadoras y niveladoras para hormig\u00f3n, ideales para alisar superficies, reducir la rugosidad, limpiar y eliminar la contaminaci\u00f3n superficial ligera.","robots":{"index":"index","follow":"follow","max-snippet":"max-snippet:-1","max-image-preview":"max-image-preview:large","max-video-preview":"max-video-preview:-1"},"canonical":"https:\/\/csunitec.com\/es\/producto\/placas-rectificadoras-y-niveladoras-amoladoras-de-suelos\/","og_locale":"es_ES","og_type":"article","og_title":"Placas rectificadoras y niveladoras - Amoladoras de suelos - CS Unitec","og_description":"Placas lijadoras y niveladoras para hormig\u00f3n, ideales para alisar superficies, reducir la rugosidad, limpiar y eliminar la contaminaci\u00f3n superficial ligera.","og_url":"https:\/\/csunitec.com\/es\/producto\/placas-rectificadoras-y-niveladoras-amoladoras-de-suelos\/","og_site_name":"CS Unitec","og_image":[{"width":1000,"height":1000,"url":"https:\/\/csunitec.com\/wp-content\/uploads\/2025\/04\/Metal-grinder.jpg","type":"image\/jpeg"}],"twitter_card":"summary_large_image","twitter_misc":{"Tiempo de lectura":"1 minuto"},"schema":{"@context":"https:\/\/schema.org","@graph":[{"@type":"WebPage","@id":"https:\/\/csunitec.com\/es\/producto\/placas-rectificadoras-y-niveladoras-amoladoras-de-suelos\/","url":"https:\/\/csunitec.com\/es\/producto\/placas-rectificadoras-y-niveladoras-amoladoras-de-suelos\/","name":"Placas rectificadoras y niveladoras - Amoladoras de suelos - CS Unitec","isPartOf":{"@id":"https:\/\/csunitec.com\/es\/#website"},"primaryImageOfPage":{"@id":"https:\/\/csunitec.com\/es\/producto\/placas-rectificadoras-y-niveladoras-amoladoras-de-suelos\/#primaryimage"},"image":{"@id":"https:\/\/csunitec.com\/es\/producto\/placas-rectificadoras-y-niveladoras-amoladoras-de-suelos\/#primaryimage"},"thumbnailUrl":"https:\/\/csunitec.com\/wp-content\/uploads\/2026\/04\/365.5501-30-Grit-Single-Segment-Soft-Bond-300x300-1.avif","datePublished":"2026-04-24T14:35:31+00:00","description":"Placas lijadoras y niveladoras para hormig\u00f3n, ideales para alisar superficies, reducir la rugosidad, limpiar y eliminar la contaminaci\u00f3n superficial ligera.","breadcrumb":{"@id":"https:\/\/csunitec.com\/es\/producto\/placas-rectificadoras-y-niveladoras-amoladoras-de-suelos\/#breadcrumb"},"inLanguage":"es","potentialAction":[{"@type":"ReadAction","target":["https:\/\/csunitec.com\/es\/producto\/placas-rectificadoras-y-niveladoras-amoladoras-de-suelos\/"]}]},{"@type":"ImageObject","inLanguage":"es","@id":"https:\/\/csunitec.com\/es\/producto\/placas-rectificadoras-y-niveladoras-amoladoras-de-suelos\/#primaryimage","url":"https:\/\/csunitec.com\/wp-content\/uploads\/2026\/04\/365.5501-30-Grit-Single-Segment-Soft-Bond-300x300-1.avif","contentUrl":"https:\/\/csunitec.com\/wp-content\/uploads\/2026\/04\/365.5501-30-Grit-Single-Segment-Soft-Bond-300x300-1.avif","width":300,"height":300},{"@type":"BreadcrumbList","@id":"https:\/\/csunitec.com\/es\/producto\/placas-rectificadoras-y-niveladoras-amoladoras-de-suelos\/#breadcrumb","itemListElement":[{"@type":"ListItem","position":1,"name":"Inicio","item":"https:\/\/csunitec.com\/es\/"},{"@type":"ListItem","position":2,"name":"Tienda","item":"https:\/\/csunitec.com\/es\/tienda\/"},{"@type":"ListItem","position":3,"name":"Placas rectificadoras y niveladoras &#8211; Amoladoras de suelos"}]},{"@type":"WebSite","@id":"https:\/\/csunitec.com\/es\/#website","url":"https:\/\/csunitec.com\/es\/","name":"CS Unitec","description":"","potentialAction":[{"@type":"SearchAction","target":{"@type":"EntryPoint","urlTemplate":"https:\/\/csunitec.com\/es\/?s={search_term_string}"},"query-input":{"@type":"PropertyValueSpecification","valueRequired":true,"valueName":"search_term_string"}}],"inLanguage":"es"}]}},"_links":{"self":[{"href":"https:\/\/csunitec.com\/es\/wp-json\/wp\/v2\/product\/177726","targetHints":{"allow":["GET"]}}],"collection":[{"href":"https:\/\/csunitec.com\/es\/wp-json\/wp\/v2\/product"}],"about":[{"href":"https:\/\/csunitec.com\/es\/wp-json\/wp\/v2\/types\/product"}],"wp:featuredmedia":[{"embeddable":true,"href":"https:\/\/csunitec.com\/es\/wp-json\/wp\/v2\/media\/176998"}],"wp:attachment":[{"href":"https:\/\/csunitec.com\/es\/wp-json\/wp\/v2\/media?parent=177726"}],"wp:term":[{"taxonomy":"product_brand","embeddable":true,"href":"https:\/\/csunitec.com\/es\/wp-json\/wp\/v2\/product_brand?post=177726"},{"taxonomy":"product_cat","embeddable":true,"href":"https:\/\/csunitec.com\/es\/wp-json\/wp\/v2\/product_cat?post=177726"},{"taxonomy":"product_tag","embeddable":true,"href":"https:\/\/csunitec.com\/es\/wp-json\/wp\/v2\/product_tag?post=177726"},{"taxonomy":"accessory_type","embeddable":true,"href":"https:\/\/csunitec.com\/es\/wp-json\/wp\/v2\/accessory_type?post=177726"},{"taxonomy":"application","embeddable":true,"href":"https:\/\/csunitec.com\/es\/wp-json\/wp\/v2\/application?post=177726"},{"taxonomy":"hand_tool_type","embeddable":true,"href":"https:\/\/csunitec.com\/es\/wp-json\/wp\/v2\/hand_tool_type?post=177726"},{"taxonomy":"industry","embeddable":true,"href":"https:\/\/csunitec.com\/es\/wp-json\/wp\/v2\/industry?post=177726"},{"taxonomy":"material","embeddable":true,"href":"https:\/\/csunitec.com\/es\/wp-json\/wp\/v2\/material?post=177726"},{"taxonomy":"power_tool_type","embeddable":true,"href":"https:\/\/csunitec.com\/es\/wp-json\/wp\/v2\/power_tool_type?post=177726"},{"taxonomy":"power_type","embeddable":true,"href":"https:\/\/csunitec.com\/es\/wp-json\/wp\/v2\/power_type?post=177726"},{"taxonomy":"subcategory","embeddable":true,"href":"https:\/\/csunitec.com\/es\/wp-json\/wp\/v2\/subcategory?post=177726"},{"taxonomy":"tool_type","embeddable":true,"href":"https:\/\/csunitec.com\/es\/wp-json\/wp\/v2\/tool_type?post=177726"}],"curies":[{"name":"wp","href":"https:\/\/api.w.org\/{rel}","templated":true}]}}