{"id":177759,"date":"2024-12-16T16:22:33","date_gmt":"2024-12-16T16:22:33","guid":{"rendered":"https:\/\/stgcsunitec.wpenginepowered.com\/product\/unidades-de-potencia-hidraulica\/"},"modified":"2026-04-30T01:59:20","modified_gmt":"2026-04-30T05:59:20","slug":"unidades-de-potencia-hidraulica","status":"publish","type":"product","link":"https:\/\/csunitec.com\/es\/producto\/unidades-de-potencia-hidraulica\/","title":{"rendered":"Unidades de potencia hidr\u00e1ulica"},"content":{"rendered":"<ul>\n<li>2 modelos disponibles con hasta 12 GPM @ 2000 PSI<\/li>\n<li>Port\u00e1til y compacto<\/li>\n<li>F\u00e1cil de manejar y sencillo de mantener<\/li>\n<li>Ideal para utilizar con nuestras herramientas hidr\u00e1ulicas<\/li>\n<li>Dise\u00f1ado para trabajos pesados en la construcci\u00f3n, la industria, la marina y otros sectores<\/li>\n<li>Disponible con motores de gas, el\u00e9ctricos o di\u00e9sel<\/li>\n<\/ul>\n","protected":false},"excerpt":{"rendered":"<ul>\n<li>2 modelos disponibles con hasta 12 GPM @ 2000 PSI<\/li>\n<li>Port\u00e1til y compacto<\/li>\n<li>F\u00e1cil de manejar y sencillo de mantener<\/li>\n<\/ul>\n","protected":false},"featured_media":177767,"template":"","meta":[],"product_brand":[],"product_cat":[910],"product_tag":[1110,1111],"accessory_type":[],"application":[1108],"hand_tool_type":[],"industry":[971],"material":[],"power_tool_type":[1109],"power_type":[976],"subcategory":[1112],"tool_type":[946],"class_list":{"0":"post-177759","1":"product","2":"type-product","3":"status-publish","4":"has-post-thumbnail","6":"product_cat-sin-categorizar","7":"product_tag-unidad-de-potencia-hidraulica","8":"product_tag-herramientas-subacuaticas","9":"application-herramientas-sumergibles","10":"industry-submarino","11":"power_tool_type-unidad-de-potencia","12":"power_type-hidraulico","13":"subcategory-herramientas-de-seguridad","14":"tool_type-herramienta-electrica","16":"first","17":"instock","18":"shipping-taxable","19":"purchasable","20":"product-type-variable"},"yoast_head":"<!-- This site is optimized with the Yoast SEO plugin v27.5 - https:\/\/yoast.com\/product\/yoast-seo-wordpress\/ -->\n<title>Unidades de potencia hidr\u00e1ulica - CS Unitec<\/title>\n<meta name=\"robots\" content=\"index, follow, max-snippet:-1, max-image-preview:large, max-video-preview:-1\" \/>\n<link rel=\"canonical\" href=\"https:\/\/csunitec.com\/es\/producto\/unidades-de-potencia-hidraulica\/\" \/>\n<meta property=\"og:locale\" content=\"es_ES\" \/>\n<meta property=\"og:type\" content=\"article\" \/>\n<meta property=\"og:title\" content=\"Unidades de potencia hidr\u00e1ulica - CS Unitec\" \/>\n<meta property=\"og:description\" content=\"2 modelos disponibles con hasta 12 GPM @ 2000 PSI  Port\u00e1til y compacto  F\u00e1cil de manejar y sencillo de mantener\" \/>\n<meta property=\"og:url\" content=\"https:\/\/csunitec.com\/es\/producto\/unidades-de-potencia-hidraulica\/\" \/>\n<meta property=\"og:site_name\" content=\"CS Unitec\" \/>\n<meta property=\"article:modified_time\" content=\"2026-04-30T05:59:20+00:00\" \/>\n<meta property=\"og:image\" content=\"https:\/\/csunitec.com\/wp-content\/uploads\/2025\/03\/Hydraulic-Power-Unit-P95-1-2.png\" \/>\n\t<meta property=\"og:image:width\" content=\"1000\" \/>\n\t<meta property=\"og:image:height\" content=\"1000\" \/>\n\t<meta property=\"og:image:type\" content=\"image\/png\" \/>\n<meta name=\"twitter:card\" content=\"summary_large_image\" \/>\n<script type=\"application\/ld+json\" class=\"yoast-schema-graph\">{\"@context\":\"https:\\\/\\\/schema.org\",\"@graph\":[{\"@type\":\"WebPage\",\"@id\":\"https:\\\/\\\/csunitec.com\\\/es\\\/producto\\\/unidades-de-potencia-hidraulica\\\/\",\"url\":\"https:\\\/\\\/csunitec.com\\\/es\\\/producto\\\/unidades-de-potencia-hidraulica\\\/\",\"name\":\"Unidades de potencia hidr\u00e1ulica - CS Unitec\",\"isPartOf\":{\"@id\":\"https:\\\/\\\/csunitec.com\\\/es\\\/#website\"},\"primaryImageOfPage\":{\"@id\":\"https:\\\/\\\/csunitec.com\\\/es\\\/producto\\\/unidades-de-potencia-hidraulica\\\/#primaryimage\"},\"image\":{\"@id\":\"https:\\\/\\\/csunitec.com\\\/es\\\/producto\\\/unidades-de-potencia-hidraulica\\\/#primaryimage\"},\"thumbnailUrl\":\"https:\\\/\\\/csunitec.com\\\/wp-content\\\/uploads\\\/2025\\\/03\\\/Hydraulic-Power-Unit-P95-1-2.png\",\"datePublished\":\"2024-12-16T16:22:33+00:00\",\"dateModified\":\"2026-04-30T05:59:20+00:00\",\"breadcrumb\":{\"@id\":\"https:\\\/\\\/csunitec.com\\\/es\\\/producto\\\/unidades-de-potencia-hidraulica\\\/#breadcrumb\"},\"inLanguage\":\"es\",\"potentialAction\":[{\"@type\":\"ReadAction\",\"target\":[\"https:\\\/\\\/csunitec.com\\\/es\\\/producto\\\/unidades-de-potencia-hidraulica\\\/\"]}]},{\"@type\":\"ImageObject\",\"inLanguage\":\"es\",\"@id\":\"https:\\\/\\\/csunitec.com\\\/es\\\/producto\\\/unidades-de-potencia-hidraulica\\\/#primaryimage\",\"url\":\"https:\\\/\\\/csunitec.com\\\/wp-content\\\/uploads\\\/2025\\\/03\\\/Hydraulic-Power-Unit-P95-1-2.png\",\"contentUrl\":\"https:\\\/\\\/csunitec.com\\\/wp-content\\\/uploads\\\/2025\\\/03\\\/Hydraulic-Power-Unit-P95-1-2.png\",\"width\":1000,\"height\":1000},{\"@type\":\"BreadcrumbList\",\"@id\":\"https:\\\/\\\/csunitec.com\\\/es\\\/producto\\\/unidades-de-potencia-hidraulica\\\/#breadcrumb\",\"itemListElement\":[{\"@type\":\"ListItem\",\"position\":1,\"name\":\"Inicio\",\"item\":\"https:\\\/\\\/csunitec.com\\\/es\\\/\"},{\"@type\":\"ListItem\",\"position\":2,\"name\":\"Tienda\",\"item\":\"https:\\\/\\\/csunitec.com\\\/es\\\/tienda\\\/\"},{\"@type\":\"ListItem\",\"position\":3,\"name\":\"Unidades de potencia hidr\u00e1ulica\"}]},{\"@type\":\"WebSite\",\"@id\":\"https:\\\/\\\/csunitec.com\\\/es\\\/#website\",\"url\":\"https:\\\/\\\/csunitec.com\\\/es\\\/\",\"name\":\"CS Unitec\",\"description\":\"\",\"potentialAction\":[{\"@type\":\"SearchAction\",\"target\":{\"@type\":\"EntryPoint\",\"urlTemplate\":\"https:\\\/\\\/csunitec.com\\\/es\\\/?s={search_term_string}\"},\"query-input\":{\"@type\":\"PropertyValueSpecification\",\"valueRequired\":true,\"valueName\":\"search_term_string\"}}],\"inLanguage\":\"es\"}]}<\/script>\n<!-- \/ Yoast SEO plugin. -->","yoast_head_json":{"title":"Unidades de potencia hidr\u00e1ulica - CS Unitec","robots":{"index":"index","follow":"follow","max-snippet":"max-snippet:-1","max-image-preview":"max-image-preview:large","max-video-preview":"max-video-preview:-1"},"canonical":"https:\/\/csunitec.com\/es\/producto\/unidades-de-potencia-hidraulica\/","og_locale":"es_ES","og_type":"article","og_title":"Unidades de potencia hidr\u00e1ulica - CS Unitec","og_description":"2 modelos disponibles con hasta 12 GPM @ 2000 PSI  Port\u00e1til y compacto  F\u00e1cil de manejar y sencillo de mantener","og_url":"https:\/\/csunitec.com\/es\/producto\/unidades-de-potencia-hidraulica\/","og_site_name":"CS Unitec","article_modified_time":"2026-04-30T05:59:20+00:00","og_image":[{"width":1000,"height":1000,"url":"https:\/\/csunitec.com\/wp-content\/uploads\/2025\/03\/Hydraulic-Power-Unit-P95-1-2.png","type":"image\/png"}],"twitter_card":"summary_large_image","schema":{"@context":"https:\/\/schema.org","@graph":[{"@type":"WebPage","@id":"https:\/\/csunitec.com\/es\/producto\/unidades-de-potencia-hidraulica\/","url":"https:\/\/csunitec.com\/es\/producto\/unidades-de-potencia-hidraulica\/","name":"Unidades de potencia hidr\u00e1ulica - CS Unitec","isPartOf":{"@id":"https:\/\/csunitec.com\/es\/#website"},"primaryImageOfPage":{"@id":"https:\/\/csunitec.com\/es\/producto\/unidades-de-potencia-hidraulica\/#primaryimage"},"image":{"@id":"https:\/\/csunitec.com\/es\/producto\/unidades-de-potencia-hidraulica\/#primaryimage"},"thumbnailUrl":"https:\/\/csunitec.com\/wp-content\/uploads\/2025\/03\/Hydraulic-Power-Unit-P95-1-2.png","datePublished":"2024-12-16T16:22:33+00:00","dateModified":"2026-04-30T05:59:20+00:00","breadcrumb":{"@id":"https:\/\/csunitec.com\/es\/producto\/unidades-de-potencia-hidraulica\/#breadcrumb"},"inLanguage":"es","potentialAction":[{"@type":"ReadAction","target":["https:\/\/csunitec.com\/es\/producto\/unidades-de-potencia-hidraulica\/"]}]},{"@type":"ImageObject","inLanguage":"es","@id":"https:\/\/csunitec.com\/es\/producto\/unidades-de-potencia-hidraulica\/#primaryimage","url":"https:\/\/csunitec.com\/wp-content\/uploads\/2025\/03\/Hydraulic-Power-Unit-P95-1-2.png","contentUrl":"https:\/\/csunitec.com\/wp-content\/uploads\/2025\/03\/Hydraulic-Power-Unit-P95-1-2.png","width":1000,"height":1000},{"@type":"BreadcrumbList","@id":"https:\/\/csunitec.com\/es\/producto\/unidades-de-potencia-hidraulica\/#breadcrumb","itemListElement":[{"@type":"ListItem","position":1,"name":"Inicio","item":"https:\/\/csunitec.com\/es\/"},{"@type":"ListItem","position":2,"name":"Tienda","item":"https:\/\/csunitec.com\/es\/tienda\/"},{"@type":"ListItem","position":3,"name":"Unidades de potencia hidr\u00e1ulica"}]},{"@type":"WebSite","@id":"https:\/\/csunitec.com\/es\/#website","url":"https:\/\/csunitec.com\/es\/","name":"CS Unitec","description":"","potentialAction":[{"@type":"SearchAction","target":{"@type":"EntryPoint","urlTemplate":"https:\/\/csunitec.com\/es\/?s={search_term_string}"},"query-input":{"@type":"PropertyValueSpecification","valueRequired":true,"valueName":"search_term_string"}}],"inLanguage":"es"}]}},"_links":{"self":[{"href":"https:\/\/csunitec.com\/es\/wp-json\/wp\/v2\/product\/177759","targetHints":{"allow":["GET"]}}],"collection":[{"href":"https:\/\/csunitec.com\/es\/wp-json\/wp\/v2\/product"}],"about":[{"href":"https:\/\/csunitec.com\/es\/wp-json\/wp\/v2\/types\/product"}],"wp:featuredmedia":[{"embeddable":true,"href":"https:\/\/csunitec.com\/es\/wp-json\/wp\/v2\/media\/177767"}],"wp:attachment":[{"href":"https:\/\/csunitec.com\/es\/wp-json\/wp\/v2\/media?parent=177759"}],"wp:term":[{"taxonomy":"product_brand","embeddable":true,"href":"https:\/\/csunitec.com\/es\/wp-json\/wp\/v2\/product_brand?post=177759"},{"taxonomy":"product_cat","embeddable":true,"href":"https:\/\/csunitec.com\/es\/wp-json\/wp\/v2\/product_cat?post=177759"},{"taxonomy":"product_tag","embeddable":true,"href":"https:\/\/csunitec.com\/es\/wp-json\/wp\/v2\/product_tag?post=177759"},{"taxonomy":"accessory_type","embeddable":true,"href":"https:\/\/csunitec.com\/es\/wp-json\/wp\/v2\/accessory_type?post=177759"},{"taxonomy":"application","embeddable":true,"href":"https:\/\/csunitec.com\/es\/wp-json\/wp\/v2\/application?post=177759"},{"taxonomy":"hand_tool_type","embeddable":true,"href":"https:\/\/csunitec.com\/es\/wp-json\/wp\/v2\/hand_tool_type?post=177759"},{"taxonomy":"industry","embeddable":true,"href":"https:\/\/csunitec.com\/es\/wp-json\/wp\/v2\/industry?post=177759"},{"taxonomy":"material","embeddable":true,"href":"https:\/\/csunitec.com\/es\/wp-json\/wp\/v2\/material?post=177759"},{"taxonomy":"power_tool_type","embeddable":true,"href":"https:\/\/csunitec.com\/es\/wp-json\/wp\/v2\/power_tool_type?post=177759"},{"taxonomy":"power_type","embeddable":true,"href":"https:\/\/csunitec.com\/es\/wp-json\/wp\/v2\/power_type?post=177759"},{"taxonomy":"subcategory","embeddable":true,"href":"https:\/\/csunitec.com\/es\/wp-json\/wp\/v2\/subcategory?post=177759"},{"taxonomy":"tool_type","embeddable":true,"href":"https:\/\/csunitec.com\/es\/wp-json\/wp\/v2\/tool_type?post=177759"}],"curies":[{"name":"wp","href":"https:\/\/api.w.org\/{rel}","templated":true}]}}