{"id":177773,"date":"2026-04-24T13:32:13","date_gmt":"2026-04-24T17:32:13","guid":{"rendered":"https:\/\/stgcsunitec.wpenginepowered.com\/product\/platos-de-amolado-fino-amoladoras-de-suelo\/"},"modified":"2026-05-07T21:15:42","modified_gmt":"2026-05-08T01:15:42","slug":"platos-de-amolado-fino-amoladoras-de-suelo","status":"publish","type":"product","link":"https:\/\/csunitec.com\/es\/producto\/platos-de-amolado-fino-amoladoras-de-suelo\/","title":{"rendered":"Platos de amolado fino &#8211; Amoladoras de suelo"},"content":{"rendered":"<ul>\n<li>Platos de Esmerilado Fino para Amoladoras de Suelo. Utiliza 6 para amoladoras de suelo de 10&#8243; y 12 para amoladoras de suelo de 20&#8243;. <\/li>\n<li>Ideal para alisar la superficie una vez finalizadas las etapas de desbaste fuerte o desbaste medio.<\/li>\n<li>Produce un perfil m\u00e1s fino y uniforme, adecuado para epoxis de capa fina, uretanos y selladores.<\/li>\n<li>Se utiliza como paso intermedio antes de pasar a las almohadillas de pulido de resina.<\/li>\n<li>Ayuda a eliminar los patrones de rayado dejados por los diamantes m\u00e1s gruesos, creando un acabado uniforme en toda la losa.<\/li>\n<\/ul>\n<div><\/div>\n<div><\/div>\n","protected":false},"excerpt":{"rendered":"<ul>\n<li>Encuentra Placas de amolar para amolado ligero\/eliminaci\u00f3n de ara\u00f1azos<\/li>\n<li>Disponible en grano 70 y 120<\/li>\n<\/ul>\n","protected":false},"featured_media":185106,"template":"","meta":[],"product_brand":[],"product_cat":[1033],"product_tag":[],"accessory_type":[927],"application":[],"hand_tool_type":[],"industry":[931],"material":[],"power_tool_type":[],"power_type":[],"subcategory":[1034],"tool_type":[943],"class_list":{"0":"post-177773","1":"product","2":"type-product","3":"status-publish","4":"has-post-thumbnail","6":"product_cat-preparacion-de-superficies","7":"accessory_type-accesorio","8":"industry-hormigon-y-mamposteria","9":"subcategory-amoladoras","10":"tool_type-accesorio","12":"first","13":"instock","14":"shipping-taxable","15":"purchasable","16":"product-type-variable"},"yoast_head":"<!-- This site is optimized with the Yoast SEO plugin v27.5 - https:\/\/yoast.com\/product\/yoast-seo-wordpress\/ -->\n<title>Platos de amolado fino - Amoladoras de suelo - CS Unitec<\/title>\n<meta name=\"description\" content=\"Placas de esmerilado fino para hormig\u00f3n, ideales para esmerilado ligero y eliminaci\u00f3n de ara\u00f1azos. Disponibles en grano 70 y grano 120, placas de liberaci\u00f3n r\u00e1pida con aglomerante medio.\" \/>\n<meta name=\"robots\" content=\"index, follow, max-snippet:-1, max-image-preview:large, max-video-preview:-1\" \/>\n<link rel=\"canonical\" href=\"https:\/\/csunitec.com\/es\/producto\/platos-de-amolado-fino-amoladoras-de-suelo\/\" \/>\n<meta property=\"og:locale\" content=\"es_ES\" \/>\n<meta property=\"og:type\" content=\"article\" \/>\n<meta property=\"og:title\" content=\"Platos de amolado fino - Amoladoras de suelo - CS Unitec\" \/>\n<meta property=\"og:description\" content=\"Placas de esmerilado fino para hormig\u00f3n, ideales para esmerilado ligero y eliminaci\u00f3n de ara\u00f1azos. Disponibles en grano 70 y grano 120, placas de liberaci\u00f3n r\u00e1pida con aglomerante medio.\" \/>\n<meta property=\"og:url\" content=\"https:\/\/csunitec.com\/es\/producto\/platos-de-amolado-fino-amoladoras-de-suelo\/\" \/>\n<meta property=\"og:site_name\" content=\"CS Unitec\" \/>\n<meta property=\"article:modified_time\" content=\"2026-05-08T01:15:42+00:00\" \/>\n<meta property=\"og:image\" content=\"https:\/\/csunitec.com\/wp-content\/uploads\/2025\/04\/Metal-grinder.jpg\" \/>\n\t<meta property=\"og:image:width\" content=\"1000\" \/>\n\t<meta property=\"og:image:height\" content=\"1000\" \/>\n\t<meta property=\"og:image:type\" content=\"image\/jpeg\" \/>\n<meta name=\"twitter:card\" content=\"summary_large_image\" \/>\n<script type=\"application\/ld+json\" class=\"yoast-schema-graph\">{\"@context\":\"https:\\\/\\\/schema.org\",\"@graph\":[{\"@type\":\"WebPage\",\"@id\":\"https:\\\/\\\/csunitec.com\\\/es\\\/producto\\\/platos-de-amolado-fino-amoladoras-de-suelo\\\/\",\"url\":\"https:\\\/\\\/csunitec.com\\\/es\\\/producto\\\/platos-de-amolado-fino-amoladoras-de-suelo\\\/\",\"name\":\"Platos de amolado fino - Amoladoras de suelo - CS Unitec\",\"isPartOf\":{\"@id\":\"https:\\\/\\\/csunitec.com\\\/es\\\/#website\"},\"primaryImageOfPage\":{\"@id\":\"https:\\\/\\\/csunitec.com\\\/es\\\/producto\\\/platos-de-amolado-fino-amoladoras-de-suelo\\\/#primaryimage\"},\"image\":{\"@id\":\"https:\\\/\\\/csunitec.com\\\/es\\\/producto\\\/platos-de-amolado-fino-amoladoras-de-suelo\\\/#primaryimage\"},\"thumbnailUrl\":\"https:\\\/\\\/csunitec.com\\\/wp-content\\\/uploads\\\/2026\\\/04\\\/365.5504-2-60-Grit-Double-Segment-Medium-Bond-600x431-1-1.avif\",\"datePublished\":\"2026-04-24T17:32:13+00:00\",\"dateModified\":\"2026-05-08T01:15:42+00:00\",\"description\":\"Placas de esmerilado fino para hormig\u00f3n, ideales para esmerilado ligero y eliminaci\u00f3n de ara\u00f1azos. Disponibles en grano 70 y grano 120, placas de liberaci\u00f3n r\u00e1pida con aglomerante medio.\",\"breadcrumb\":{\"@id\":\"https:\\\/\\\/csunitec.com\\\/es\\\/producto\\\/platos-de-amolado-fino-amoladoras-de-suelo\\\/#breadcrumb\"},\"inLanguage\":\"es\",\"potentialAction\":[{\"@type\":\"ReadAction\",\"target\":[\"https:\\\/\\\/csunitec.com\\\/es\\\/producto\\\/platos-de-amolado-fino-amoladoras-de-suelo\\\/\"]}]},{\"@type\":\"ImageObject\",\"inLanguage\":\"es\",\"@id\":\"https:\\\/\\\/csunitec.com\\\/es\\\/producto\\\/platos-de-amolado-fino-amoladoras-de-suelo\\\/#primaryimage\",\"url\":\"https:\\\/\\\/csunitec.com\\\/wp-content\\\/uploads\\\/2026\\\/04\\\/365.5504-2-60-Grit-Double-Segment-Medium-Bond-600x431-1-1.avif\",\"contentUrl\":\"https:\\\/\\\/csunitec.com\\\/wp-content\\\/uploads\\\/2026\\\/04\\\/365.5504-2-60-Grit-Double-Segment-Medium-Bond-600x431-1-1.avif\",\"width\":600,\"height\":600},{\"@type\":\"BreadcrumbList\",\"@id\":\"https:\\\/\\\/csunitec.com\\\/es\\\/producto\\\/platos-de-amolado-fino-amoladoras-de-suelo\\\/#breadcrumb\",\"itemListElement\":[{\"@type\":\"ListItem\",\"position\":1,\"name\":\"Inicio\",\"item\":\"https:\\\/\\\/csunitec.com\\\/es\\\/\"},{\"@type\":\"ListItem\",\"position\":2,\"name\":\"Tienda\",\"item\":\"https:\\\/\\\/csunitec.com\\\/es\\\/tienda\\\/\"},{\"@type\":\"ListItem\",\"position\":3,\"name\":\"Platos de amolado fino &#8211; Amoladoras de suelo\"}]},{\"@type\":\"WebSite\",\"@id\":\"https:\\\/\\\/csunitec.com\\\/es\\\/#website\",\"url\":\"https:\\\/\\\/csunitec.com\\\/es\\\/\",\"name\":\"CS Unitec\",\"description\":\"\",\"potentialAction\":[{\"@type\":\"SearchAction\",\"target\":{\"@type\":\"EntryPoint\",\"urlTemplate\":\"https:\\\/\\\/csunitec.com\\\/es\\\/?s={search_term_string}\"},\"query-input\":{\"@type\":\"PropertyValueSpecification\",\"valueRequired\":true,\"valueName\":\"search_term_string\"}}],\"inLanguage\":\"es\"}]}<\/script>\n<!-- \/ Yoast SEO plugin. -->","yoast_head_json":{"title":"Platos de amolado fino - Amoladoras de suelo - CS Unitec","description":"Placas de esmerilado fino para hormig\u00f3n, ideales para esmerilado ligero y eliminaci\u00f3n de ara\u00f1azos. Disponibles en grano 70 y grano 120, placas de liberaci\u00f3n r\u00e1pida con aglomerante medio.","robots":{"index":"index","follow":"follow","max-snippet":"max-snippet:-1","max-image-preview":"max-image-preview:large","max-video-preview":"max-video-preview:-1"},"canonical":"https:\/\/csunitec.com\/es\/producto\/platos-de-amolado-fino-amoladoras-de-suelo\/","og_locale":"es_ES","og_type":"article","og_title":"Platos de amolado fino - Amoladoras de suelo - CS Unitec","og_description":"Placas de esmerilado fino para hormig\u00f3n, ideales para esmerilado ligero y eliminaci\u00f3n de ara\u00f1azos. Disponibles en grano 70 y grano 120, placas de liberaci\u00f3n r\u00e1pida con aglomerante medio.","og_url":"https:\/\/csunitec.com\/es\/producto\/platos-de-amolado-fino-amoladoras-de-suelo\/","og_site_name":"CS Unitec","article_modified_time":"2026-05-08T01:15:42+00:00","og_image":[{"width":1000,"height":1000,"url":"https:\/\/csunitec.com\/wp-content\/uploads\/2025\/04\/Metal-grinder.jpg","type":"image\/jpeg"}],"twitter_card":"summary_large_image","schema":{"@context":"https:\/\/schema.org","@graph":[{"@type":"WebPage","@id":"https:\/\/csunitec.com\/es\/producto\/platos-de-amolado-fino-amoladoras-de-suelo\/","url":"https:\/\/csunitec.com\/es\/producto\/platos-de-amolado-fino-amoladoras-de-suelo\/","name":"Platos de amolado fino - Amoladoras de suelo - CS Unitec","isPartOf":{"@id":"https:\/\/csunitec.com\/es\/#website"},"primaryImageOfPage":{"@id":"https:\/\/csunitec.com\/es\/producto\/platos-de-amolado-fino-amoladoras-de-suelo\/#primaryimage"},"image":{"@id":"https:\/\/csunitec.com\/es\/producto\/platos-de-amolado-fino-amoladoras-de-suelo\/#primaryimage"},"thumbnailUrl":"https:\/\/csunitec.com\/wp-content\/uploads\/2026\/04\/365.5504-2-60-Grit-Double-Segment-Medium-Bond-600x431-1-1.avif","datePublished":"2026-04-24T17:32:13+00:00","dateModified":"2026-05-08T01:15:42+00:00","description":"Placas de esmerilado fino para hormig\u00f3n, ideales para esmerilado ligero y eliminaci\u00f3n de ara\u00f1azos. Disponibles en grano 70 y grano 120, placas de liberaci\u00f3n r\u00e1pida con aglomerante medio.","breadcrumb":{"@id":"https:\/\/csunitec.com\/es\/producto\/platos-de-amolado-fino-amoladoras-de-suelo\/#breadcrumb"},"inLanguage":"es","potentialAction":[{"@type":"ReadAction","target":["https:\/\/csunitec.com\/es\/producto\/platos-de-amolado-fino-amoladoras-de-suelo\/"]}]},{"@type":"ImageObject","inLanguage":"es","@id":"https:\/\/csunitec.com\/es\/producto\/platos-de-amolado-fino-amoladoras-de-suelo\/#primaryimage","url":"https:\/\/csunitec.com\/wp-content\/uploads\/2026\/04\/365.5504-2-60-Grit-Double-Segment-Medium-Bond-600x431-1-1.avif","contentUrl":"https:\/\/csunitec.com\/wp-content\/uploads\/2026\/04\/365.5504-2-60-Grit-Double-Segment-Medium-Bond-600x431-1-1.avif","width":600,"height":600},{"@type":"BreadcrumbList","@id":"https:\/\/csunitec.com\/es\/producto\/platos-de-amolado-fino-amoladoras-de-suelo\/#breadcrumb","itemListElement":[{"@type":"ListItem","position":1,"name":"Inicio","item":"https:\/\/csunitec.com\/es\/"},{"@type":"ListItem","position":2,"name":"Tienda","item":"https:\/\/csunitec.com\/es\/tienda\/"},{"@type":"ListItem","position":3,"name":"Platos de amolado fino &#8211; Amoladoras de suelo"}]},{"@type":"WebSite","@id":"https:\/\/csunitec.com\/es\/#website","url":"https:\/\/csunitec.com\/es\/","name":"CS Unitec","description":"","potentialAction":[{"@type":"SearchAction","target":{"@type":"EntryPoint","urlTemplate":"https:\/\/csunitec.com\/es\/?s={search_term_string}"},"query-input":{"@type":"PropertyValueSpecification","valueRequired":true,"valueName":"search_term_string"}}],"inLanguage":"es"}]}},"_links":{"self":[{"href":"https:\/\/csunitec.com\/es\/wp-json\/wp\/v2\/product\/177773","targetHints":{"allow":["GET"]}}],"collection":[{"href":"https:\/\/csunitec.com\/es\/wp-json\/wp\/v2\/product"}],"about":[{"href":"https:\/\/csunitec.com\/es\/wp-json\/wp\/v2\/types\/product"}],"wp:featuredmedia":[{"embeddable":true,"href":"https:\/\/csunitec.com\/es\/wp-json\/wp\/v2\/media\/185106"}],"wp:attachment":[{"href":"https:\/\/csunitec.com\/es\/wp-json\/wp\/v2\/media?parent=177773"}],"wp:term":[{"taxonomy":"product_brand","embeddable":true,"href":"https:\/\/csunitec.com\/es\/wp-json\/wp\/v2\/product_brand?post=177773"},{"taxonomy":"product_cat","embeddable":true,"href":"https:\/\/csunitec.com\/es\/wp-json\/wp\/v2\/product_cat?post=177773"},{"taxonomy":"product_tag","embeddable":true,"href":"https:\/\/csunitec.com\/es\/wp-json\/wp\/v2\/product_tag?post=177773"},{"taxonomy":"accessory_type","embeddable":true,"href":"https:\/\/csunitec.com\/es\/wp-json\/wp\/v2\/accessory_type?post=177773"},{"taxonomy":"application","embeddable":true,"href":"https:\/\/csunitec.com\/es\/wp-json\/wp\/v2\/application?post=177773"},{"taxonomy":"hand_tool_type","embeddable":true,"href":"https:\/\/csunitec.com\/es\/wp-json\/wp\/v2\/hand_tool_type?post=177773"},{"taxonomy":"industry","embeddable":true,"href":"https:\/\/csunitec.com\/es\/wp-json\/wp\/v2\/industry?post=177773"},{"taxonomy":"material","embeddable":true,"href":"https:\/\/csunitec.com\/es\/wp-json\/wp\/v2\/material?post=177773"},{"taxonomy":"power_tool_type","embeddable":true,"href":"https:\/\/csunitec.com\/es\/wp-json\/wp\/v2\/power_tool_type?post=177773"},{"taxonomy":"power_type","embeddable":true,"href":"https:\/\/csunitec.com\/es\/wp-json\/wp\/v2\/power_type?post=177773"},{"taxonomy":"subcategory","embeddable":true,"href":"https:\/\/csunitec.com\/es\/wp-json\/wp\/v2\/subcategory?post=177773"},{"taxonomy":"tool_type","embeddable":true,"href":"https:\/\/csunitec.com\/es\/wp-json\/wp\/v2\/tool_type?post=177773"}],"curies":[{"name":"wp","href":"https:\/\/api.w.org\/{rel}","templated":true}]}}