{"id":177778,"date":"2026-03-31T14:48:38","date_gmt":"2026-03-31T14:48:38","guid":{"rendered":"https:\/\/stgcsunitec.wpenginepowered.com\/product\/cadenas-de-diamante-para-motosierras-de-hormigon\/"},"modified":"2026-03-31T14:48:38","modified_gmt":"2026-03-31T18:48:38","slug":"cadenas-de-diamante-para-motosierras-de-hormigon","status":"publish","type":"product","link":"https:\/\/csunitec.com\/es\/producto\/cadenas-de-diamante-para-motosierras-de-hormigon\/","title":{"rendered":"Cadenas de diamante para motosierras de hormig\u00f3n"},"content":{"rendered":"<ul>\n<li>Cadenas de diamante para cortar hormig\u00f3n con armadura de acero y materiales estructurales durante la renovaci\u00f3n, la demolici\u00f3n controlada y la nueva construcci\u00f3n.<\/li>\n<li>Crear aberturas para puertas, ventanas, respiraderos y penetraciones mec\u00e1nicas.<\/li>\n<li>Corte de materiales compuestos sumergidos, pilotes y estructuras de hormig\u00f3n.<\/li>\n<li>Corte r\u00e1pido de hormig\u00f3n y tuber\u00edas para acceso, extracci\u00f3n y desescombro.<\/li>\n<\/ul>\n","protected":false},"excerpt":{"rendered":"<ul>\n<li>Tama\u00f1os de cadena disponibles en 10&#8243;, 15&#8243;, 20&#8243;<\/li>\n<li>Cadenas de diamante para cortar hormig\u00f3n<\/li>\n<\/ul>\n","protected":false},"featured_media":157295,"template":"","meta":[],"product_brand":[],"product_cat":[1043],"product_tag":[1113],"accessory_type":[927],"application":[],"hand_tool_type":[],"industry":[],"material":[],"power_tool_type":[],"power_type":[],"subcategory":[1114],"tool_type":[943],"class_list":{"0":"post-177778","1":"product","2":"type-product","3":"status-publish","4":"has-post-thumbnail","6":"product_cat-sierras","7":"product_tag-accesorios-para-motosierras","8":"accessory_type-accesorio","9":"subcategory-motosierras","10":"tool_type-accesorio","12":"first","13":"instock","14":"shipping-taxable","15":"purchasable","16":"product-type-variable"},"yoast_head":"<!-- This site is optimized with the Yoast SEO plugin v27.5 - https:\/\/yoast.com\/product\/yoast-seo-wordpress\/ -->\n<title>Cadenas de diamante para motosierras de hormig\u00f3n - CS Unitec<\/title>\n<meta name=\"description\" content=\"Cadenas de motosierra de diamante de repuesto industriales para motosierras neum\u00e1ticas e hidr\u00e1ulicas de corte de hormig\u00f3n. Cortan hormig\u00f3n con armadura de acero.\" \/>\n<meta name=\"robots\" content=\"index, follow, max-snippet:-1, max-image-preview:large, max-video-preview:-1\" \/>\n<link rel=\"canonical\" href=\"https:\/\/csunitec.com\/es\/producto\/cadenas-de-diamante-para-motosierras-de-hormigon\/\" \/>\n<meta property=\"og:locale\" content=\"es_ES\" \/>\n<meta property=\"og:type\" content=\"article\" \/>\n<meta property=\"og:title\" content=\"Cadenas de diamante para motosierras de hormig\u00f3n - CS Unitec\" \/>\n<meta property=\"og:description\" content=\"Cadenas de motosierra de diamante de repuesto industriales para motosierras neum\u00e1ticas e hidr\u00e1ulicas de corte de hormig\u00f3n. Cortan hormig\u00f3n con armadura de acero.\" \/>\n<meta property=\"og:url\" content=\"https:\/\/csunitec.com\/es\/producto\/cadenas-de-diamante-para-motosierras-de-hormigon\/\" \/>\n<meta property=\"og:site_name\" content=\"CS Unitec\" \/>\n<meta property=\"article:modified_time\" content=\"2026-03-31T18:48:38+00:00\" \/>\n<meta property=\"og:image\" content=\"https:\/\/csunitec.com\/wp-content\/uploads\/2025\/04\/Chain-Saw-Chain-45-2.png\" \/>\n\t<meta property=\"og:image:width\" content=\"1000\" \/>\n\t<meta property=\"og:image:height\" content=\"1000\" \/>\n\t<meta property=\"og:image:type\" content=\"image\/png\" \/>\n<meta name=\"twitter:card\" content=\"summary_large_image\" \/>\n<script type=\"application\/ld+json\" class=\"yoast-schema-graph\">{\"@context\":\"https:\\\/\\\/schema.org\",\"@graph\":[{\"@type\":\"WebPage\",\"@id\":\"https:\\\/\\\/csunitec.com\\\/es\\\/producto\\\/cadenas-de-diamante-para-motosierras-de-hormigon\\\/\",\"url\":\"https:\\\/\\\/csunitec.com\\\/es\\\/producto\\\/cadenas-de-diamante-para-motosierras-de-hormigon\\\/\",\"name\":\"Cadenas de diamante para motosierras de hormig\u00f3n - CS Unitec\",\"isPartOf\":{\"@id\":\"https:\\\/\\\/csunitec.com\\\/es\\\/#website\"},\"primaryImageOfPage\":{\"@id\":\"https:\\\/\\\/csunitec.com\\\/es\\\/producto\\\/cadenas-de-diamante-para-motosierras-de-hormigon\\\/#primaryimage\"},\"image\":{\"@id\":\"https:\\\/\\\/csunitec.com\\\/es\\\/producto\\\/cadenas-de-diamante-para-motosierras-de-hormigon\\\/#primaryimage\"},\"thumbnailUrl\":\"https:\\\/\\\/csunitec.com\\\/wp-content\\\/uploads\\\/2025\\\/04\\\/Chain-Saw-Chain-45-2.png\",\"datePublished\":\"2026-03-31T14:48:38+00:00\",\"dateModified\":\"2026-03-31T18:48:38+00:00\",\"description\":\"Cadenas de motosierra de diamante de repuesto industriales para motosierras neum\u00e1ticas e hidr\u00e1ulicas de corte de hormig\u00f3n. Cortan hormig\u00f3n con armadura de acero.\",\"breadcrumb\":{\"@id\":\"https:\\\/\\\/csunitec.com\\\/es\\\/producto\\\/cadenas-de-diamante-para-motosierras-de-hormigon\\\/#breadcrumb\"},\"inLanguage\":\"es\",\"potentialAction\":[{\"@type\":\"ReadAction\",\"target\":[\"https:\\\/\\\/csunitec.com\\\/es\\\/producto\\\/cadenas-de-diamante-para-motosierras-de-hormigon\\\/\"]}]},{\"@type\":\"ImageObject\",\"inLanguage\":\"es\",\"@id\":\"https:\\\/\\\/csunitec.com\\\/es\\\/producto\\\/cadenas-de-diamante-para-motosierras-de-hormigon\\\/#primaryimage\",\"url\":\"https:\\\/\\\/csunitec.com\\\/wp-content\\\/uploads\\\/2025\\\/04\\\/Chain-Saw-Chain-45-2.png\",\"contentUrl\":\"https:\\\/\\\/csunitec.com\\\/wp-content\\\/uploads\\\/2025\\\/04\\\/Chain-Saw-Chain-45-2.png\",\"width\":1000,\"height\":1000},{\"@type\":\"BreadcrumbList\",\"@id\":\"https:\\\/\\\/csunitec.com\\\/es\\\/producto\\\/cadenas-de-diamante-para-motosierras-de-hormigon\\\/#breadcrumb\",\"itemListElement\":[{\"@type\":\"ListItem\",\"position\":1,\"name\":\"Inicio\",\"item\":\"https:\\\/\\\/csunitec.com\\\/es\\\/\"},{\"@type\":\"ListItem\",\"position\":2,\"name\":\"Tienda\",\"item\":\"https:\\\/\\\/csunitec.com\\\/es\\\/tienda\\\/\"},{\"@type\":\"ListItem\",\"position\":3,\"name\":\"Cadenas de diamante para motosierras de hormig\u00f3n\"}]},{\"@type\":\"WebSite\",\"@id\":\"https:\\\/\\\/csunitec.com\\\/es\\\/#website\",\"url\":\"https:\\\/\\\/csunitec.com\\\/es\\\/\",\"name\":\"CS Unitec\",\"description\":\"\",\"potentialAction\":[{\"@type\":\"SearchAction\",\"target\":{\"@type\":\"EntryPoint\",\"urlTemplate\":\"https:\\\/\\\/csunitec.com\\\/es\\\/?s={search_term_string}\"},\"query-input\":{\"@type\":\"PropertyValueSpecification\",\"valueRequired\":true,\"valueName\":\"search_term_string\"}}],\"inLanguage\":\"es\"}]}<\/script>\n<!-- \/ Yoast SEO plugin. -->","yoast_head_json":{"title":"Cadenas de diamante para motosierras de hormig\u00f3n - CS Unitec","description":"Cadenas de motosierra de diamante de repuesto industriales para motosierras neum\u00e1ticas e hidr\u00e1ulicas de corte de hormig\u00f3n. Cortan hormig\u00f3n con armadura de acero.","robots":{"index":"index","follow":"follow","max-snippet":"max-snippet:-1","max-image-preview":"max-image-preview:large","max-video-preview":"max-video-preview:-1"},"canonical":"https:\/\/csunitec.com\/es\/producto\/cadenas-de-diamante-para-motosierras-de-hormigon\/","og_locale":"es_ES","og_type":"article","og_title":"Cadenas de diamante para motosierras de hormig\u00f3n - CS Unitec","og_description":"Cadenas de motosierra de diamante de repuesto industriales para motosierras neum\u00e1ticas e hidr\u00e1ulicas de corte de hormig\u00f3n. Cortan hormig\u00f3n con armadura de acero.","og_url":"https:\/\/csunitec.com\/es\/producto\/cadenas-de-diamante-para-motosierras-de-hormigon\/","og_site_name":"CS Unitec","article_modified_time":"2026-03-31T18:48:38+00:00","og_image":[{"width":1000,"height":1000,"url":"https:\/\/csunitec.com\/wp-content\/uploads\/2025\/04\/Chain-Saw-Chain-45-2.png","type":"image\/png"}],"twitter_card":"summary_large_image","schema":{"@context":"https:\/\/schema.org","@graph":[{"@type":"WebPage","@id":"https:\/\/csunitec.com\/es\/producto\/cadenas-de-diamante-para-motosierras-de-hormigon\/","url":"https:\/\/csunitec.com\/es\/producto\/cadenas-de-diamante-para-motosierras-de-hormigon\/","name":"Cadenas de diamante para motosierras de hormig\u00f3n - CS Unitec","isPartOf":{"@id":"https:\/\/csunitec.com\/es\/#website"},"primaryImageOfPage":{"@id":"https:\/\/csunitec.com\/es\/producto\/cadenas-de-diamante-para-motosierras-de-hormigon\/#primaryimage"},"image":{"@id":"https:\/\/csunitec.com\/es\/producto\/cadenas-de-diamante-para-motosierras-de-hormigon\/#primaryimage"},"thumbnailUrl":"https:\/\/csunitec.com\/wp-content\/uploads\/2025\/04\/Chain-Saw-Chain-45-2.png","datePublished":"2026-03-31T14:48:38+00:00","dateModified":"2026-03-31T18:48:38+00:00","description":"Cadenas de motosierra de diamante de repuesto industriales para motosierras neum\u00e1ticas e hidr\u00e1ulicas de corte de hormig\u00f3n. Cortan hormig\u00f3n con armadura de acero.","breadcrumb":{"@id":"https:\/\/csunitec.com\/es\/producto\/cadenas-de-diamante-para-motosierras-de-hormigon\/#breadcrumb"},"inLanguage":"es","potentialAction":[{"@type":"ReadAction","target":["https:\/\/csunitec.com\/es\/producto\/cadenas-de-diamante-para-motosierras-de-hormigon\/"]}]},{"@type":"ImageObject","inLanguage":"es","@id":"https:\/\/csunitec.com\/es\/producto\/cadenas-de-diamante-para-motosierras-de-hormigon\/#primaryimage","url":"https:\/\/csunitec.com\/wp-content\/uploads\/2025\/04\/Chain-Saw-Chain-45-2.png","contentUrl":"https:\/\/csunitec.com\/wp-content\/uploads\/2025\/04\/Chain-Saw-Chain-45-2.png","width":1000,"height":1000},{"@type":"BreadcrumbList","@id":"https:\/\/csunitec.com\/es\/producto\/cadenas-de-diamante-para-motosierras-de-hormigon\/#breadcrumb","itemListElement":[{"@type":"ListItem","position":1,"name":"Inicio","item":"https:\/\/csunitec.com\/es\/"},{"@type":"ListItem","position":2,"name":"Tienda","item":"https:\/\/csunitec.com\/es\/tienda\/"},{"@type":"ListItem","position":3,"name":"Cadenas de diamante para motosierras de hormig\u00f3n"}]},{"@type":"WebSite","@id":"https:\/\/csunitec.com\/es\/#website","url":"https:\/\/csunitec.com\/es\/","name":"CS Unitec","description":"","potentialAction":[{"@type":"SearchAction","target":{"@type":"EntryPoint","urlTemplate":"https:\/\/csunitec.com\/es\/?s={search_term_string}"},"query-input":{"@type":"PropertyValueSpecification","valueRequired":true,"valueName":"search_term_string"}}],"inLanguage":"es"}]}},"_links":{"self":[{"href":"https:\/\/csunitec.com\/es\/wp-json\/wp\/v2\/product\/177778","targetHints":{"allow":["GET"]}}],"collection":[{"href":"https:\/\/csunitec.com\/es\/wp-json\/wp\/v2\/product"}],"about":[{"href":"https:\/\/csunitec.com\/es\/wp-json\/wp\/v2\/types\/product"}],"wp:featuredmedia":[{"embeddable":true,"href":"https:\/\/csunitec.com\/es\/wp-json\/wp\/v2\/media\/157295"}],"wp:attachment":[{"href":"https:\/\/csunitec.com\/es\/wp-json\/wp\/v2\/media?parent=177778"}],"wp:term":[{"taxonomy":"product_brand","embeddable":true,"href":"https:\/\/csunitec.com\/es\/wp-json\/wp\/v2\/product_brand?post=177778"},{"taxonomy":"product_cat","embeddable":true,"href":"https:\/\/csunitec.com\/es\/wp-json\/wp\/v2\/product_cat?post=177778"},{"taxonomy":"product_tag","embeddable":true,"href":"https:\/\/csunitec.com\/es\/wp-json\/wp\/v2\/product_tag?post=177778"},{"taxonomy":"accessory_type","embeddable":true,"href":"https:\/\/csunitec.com\/es\/wp-json\/wp\/v2\/accessory_type?post=177778"},{"taxonomy":"application","embeddable":true,"href":"https:\/\/csunitec.com\/es\/wp-json\/wp\/v2\/application?post=177778"},{"taxonomy":"hand_tool_type","embeddable":true,"href":"https:\/\/csunitec.com\/es\/wp-json\/wp\/v2\/hand_tool_type?post=177778"},{"taxonomy":"industry","embeddable":true,"href":"https:\/\/csunitec.com\/es\/wp-json\/wp\/v2\/industry?post=177778"},{"taxonomy":"material","embeddable":true,"href":"https:\/\/csunitec.com\/es\/wp-json\/wp\/v2\/material?post=177778"},{"taxonomy":"power_tool_type","embeddable":true,"href":"https:\/\/csunitec.com\/es\/wp-json\/wp\/v2\/power_tool_type?post=177778"},{"taxonomy":"power_type","embeddable":true,"href":"https:\/\/csunitec.com\/es\/wp-json\/wp\/v2\/power_type?post=177778"},{"taxonomy":"subcategory","embeddable":true,"href":"https:\/\/csunitec.com\/es\/wp-json\/wp\/v2\/subcategory?post=177778"},{"taxonomy":"tool_type","embeddable":true,"href":"https:\/\/csunitec.com\/es\/wp-json\/wp\/v2\/tool_type?post=177778"}],"curies":[{"name":"wp","href":"https:\/\/api.w.org\/{rel}","templated":true}]}}