{"id":177783,"date":"2026-02-13T18:48:33","date_gmt":"2026-02-13T18:48:33","guid":{"rendered":"https:\/\/stgcsunitec.wpenginepowered.com\/product\/nuevo-maquina-rascadora-de-suelos-a-bateria\/"},"modified":"2026-02-13T18:48:33","modified_gmt":"2026-02-13T23:48:33","slug":"nuevo-maquina-rascadora-de-suelos-a-bateria","status":"publish","type":"product","link":"https:\/\/csunitec.com\/es\/producto\/nuevo-maquina-rascadora-de-suelos-a-bateria\/","title":{"rendered":"<span style=\"color:red; font-weight: 800;\"><em>NUEVO<\/em><\/span> M\u00e1quina rascadora de suelos a bater\u00eda"},"content":{"rendered":"<ul>\n<li>La m\u00e1quina rascadora de suelos a bater\u00eda es la \u00faltima incorporaci\u00f3n al decapado de superficies, dise\u00f1ada para la seguridad y comodidad del operario, segura, precisa y f\u00e1cil de usar<\/li>\n<li>Dise\u00f1ado para quitar lin\u00f3leo, vinilo, moqueta, suelos de madera, baldosas de cer\u00e1mica y otros revestimientos de suelo comunes con rapidez y precisi\u00f3n.<\/li>\n<li>Ideal para eliminar capas gruesas, adhesivos, masillas y residuos resistentes. Se utiliza habitualmente en proyectos de renovaci\u00f3n, restauraci\u00f3n y preparaci\u00f3n de superficies. <\/li>\n<li>Funciona como un potente rascador de hormig\u00f3n. Permite a los operarios levantar y retirar eficazmente los materiales adheridos de los sustratos de hormig\u00f3n. <\/li>\n<li>Su dise\u00f1o compacto permite un decapado eficaz en espacios reducidos, pasillos y zonas confinadas donde no pueden operar m\u00e1quinas m\u00e1s grandes.<\/li>\n<li>La m\u00e1quina rascadora de suelos a bater\u00eda es adecuada para la retirada de suelos comerciales, industriales y residenciales. Una soluci\u00f3n vers\u00e1til para contratistas, instaladores de suelos y equipos de mantenimiento. <\/li>\n<li>Cuchillas y cinceles f\u00e1ciles de instalar, la m\u00e1quina se adapta a una amplia gama de materiales y tareas de eliminaci\u00f3n, desde revestimientos blandos hasta baldosas y revestimientos r\u00edgidos<\/li>\n<\/ul>\n","protected":false},"excerpt":{"rendered":"<ul>\n<li>Ganador del Premio al Producto Innovador 2026<\/li>\n<li>Alimentaci\u00f3n: 1x Bater\u00eda de 82V<\/li>\n<li>Anchura de trabajo: 9<\/li>\n<li>Velocidad: 1400 RPM<\/li>\n<li>Dimensiones: 34&#8243; x 13&#8243; x 28&#8243;<\/li>\n<\/ul>\n","protected":false},"featured_media":172163,"template":"","meta":[],"product_brand":[],"product_cat":[1033],"product_tag":[952,1037,1116],"accessory_type":[],"application":[1115],"hand_tool_type":[],"industry":[931],"material":[],"power_tool_type":[],"power_type":[936],"subcategory":[1098],"tool_type":[946],"class_list":{"0":"post-177783","1":"product","2":"type-product","3":"status-publish","4":"has-post-thumbnail","6":"product_cat-preparacion-de-superficies","7":"product_tag-destacado","8":"product_tag-preparacion-de-la-superficie-del-hormigon","9":"product_tag-decapantes","10":"application-acabado-y-revestimiento","11":"industry-hormigon-y-mamposteria","12":"power_type-electrico","13":"subcategory-maquinas-decapadoras","14":"tool_type-herramienta-electrica","16":"first","17":"instock","18":"shipping-taxable","19":"purchasable","20":"product-type-variable"},"yoast_head":"<!-- This site is optimized with the Yoast SEO plugin v27.5 - https:\/\/yoast.com\/product\/yoast-seo-wordpress\/ -->\n<title>NUEVO M\u00e1quina rascadora de suelos a bater\u00eda - CS Unitec<\/title>\n<meta name=\"description\" content=\"La M\u00e1quina Rascadora de Suelos a Bater\u00eda est\u00e1 dise\u00f1ada para quitar lin\u00f3leo, vinilo, moqueta, suelos de madera, baldosas de cer\u00e1mica y mucho m\u00e1s con rapidez y precisi\u00f3n.\" \/>\n<meta name=\"robots\" content=\"index, follow, max-snippet:-1, max-image-preview:large, max-video-preview:-1\" \/>\n<link rel=\"canonical\" href=\"https:\/\/csunitec.com\/es\/producto\/nuevo-maquina-rascadora-de-suelos-a-bateria\/\" \/>\n<meta property=\"og:locale\" content=\"es_ES\" \/>\n<meta property=\"og:type\" content=\"article\" \/>\n<meta property=\"og:title\" content=\"NUEVO M\u00e1quina rascadora de suelos a bater\u00eda - CS Unitec\" \/>\n<meta property=\"og:description\" content=\"La M\u00e1quina Rascadora de Suelos a Bater\u00eda est\u00e1 dise\u00f1ada para quitar lin\u00f3leo, vinilo, moqueta, suelos de madera, baldosas de cer\u00e1mica y mucho m\u00e1s con rapidez y precisi\u00f3n.\" \/>\n<meta property=\"og:url\" content=\"https:\/\/csunitec.com\/es\/producto\/nuevo-maquina-rascadora-de-suelos-a-bateria\/\" \/>\n<meta property=\"og:site_name\" content=\"CS Unitec\" \/>\n<meta property=\"article:modified_time\" content=\"2026-02-13T23:48:33+00:00\" \/>\n<meta property=\"og:image\" content=\"https:\/\/csunitec.com\/wp-content\/uploads\/2026\/02\/IMG_TFS230-1.jpg\" \/>\n\t<meta property=\"og:image:width\" content=\"1000\" \/>\n\t<meta property=\"og:image:height\" content=\"1000\" \/>\n\t<meta property=\"og:image:type\" content=\"image\/jpeg\" \/>\n<meta name=\"twitter:card\" content=\"summary_large_image\" \/>\n<meta name=\"twitter:label1\" content=\"Tiempo de lectura\" \/>\n\t<meta name=\"twitter:data1\" content=\"1 minuto\" \/>\n<script type=\"application\/ld+json\" class=\"yoast-schema-graph\">{\"@context\":\"https:\\\/\\\/schema.org\",\"@graph\":[{\"@type\":\"WebPage\",\"@id\":\"https:\\\/\\\/csunitec.com\\\/es\\\/producto\\\/nuevo-maquina-rascadora-de-suelos-a-bateria\\\/\",\"url\":\"https:\\\/\\\/csunitec.com\\\/es\\\/producto\\\/nuevo-maquina-rascadora-de-suelos-a-bateria\\\/\",\"name\":\"NUEVO M\u00e1quina rascadora de suelos a bater\u00eda - CS Unitec\",\"isPartOf\":{\"@id\":\"https:\\\/\\\/csunitec.com\\\/es\\\/#website\"},\"primaryImageOfPage\":{\"@id\":\"https:\\\/\\\/csunitec.com\\\/es\\\/producto\\\/nuevo-maquina-rascadora-de-suelos-a-bateria\\\/#primaryimage\"},\"image\":{\"@id\":\"https:\\\/\\\/csunitec.com\\\/es\\\/producto\\\/nuevo-maquina-rascadora-de-suelos-a-bateria\\\/#primaryimage\"},\"thumbnailUrl\":\"https:\\\/\\\/csunitec.com\\\/wp-content\\\/uploads\\\/2026\\\/02\\\/IMG_TFS230-1.jpg\",\"datePublished\":\"2026-02-13T18:48:33+00:00\",\"dateModified\":\"2026-02-13T23:48:33+00:00\",\"description\":\"La M\u00e1quina Rascadora de Suelos a Bater\u00eda est\u00e1 dise\u00f1ada para quitar lin\u00f3leo, vinilo, moqueta, suelos de madera, baldosas de cer\u00e1mica y mucho m\u00e1s con rapidez y precisi\u00f3n.\",\"breadcrumb\":{\"@id\":\"https:\\\/\\\/csunitec.com\\\/es\\\/producto\\\/nuevo-maquina-rascadora-de-suelos-a-bateria\\\/#breadcrumb\"},\"inLanguage\":\"es\",\"potentialAction\":[{\"@type\":\"ReadAction\",\"target\":[\"https:\\\/\\\/csunitec.com\\\/es\\\/producto\\\/nuevo-maquina-rascadora-de-suelos-a-bateria\\\/\"]}]},{\"@type\":\"ImageObject\",\"inLanguage\":\"es\",\"@id\":\"https:\\\/\\\/csunitec.com\\\/es\\\/producto\\\/nuevo-maquina-rascadora-de-suelos-a-bateria\\\/#primaryimage\",\"url\":\"https:\\\/\\\/csunitec.com\\\/wp-content\\\/uploads\\\/2026\\\/02\\\/IMG_TFS230-1.jpg\",\"contentUrl\":\"https:\\\/\\\/csunitec.com\\\/wp-content\\\/uploads\\\/2026\\\/02\\\/IMG_TFS230-1.jpg\",\"width\":1000,\"height\":1000},{\"@type\":\"BreadcrumbList\",\"@id\":\"https:\\\/\\\/csunitec.com\\\/es\\\/producto\\\/nuevo-maquina-rascadora-de-suelos-a-bateria\\\/#breadcrumb\",\"itemListElement\":[{\"@type\":\"ListItem\",\"position\":1,\"name\":\"Inicio\",\"item\":\"https:\\\/\\\/csunitec.com\\\/es\\\/\"},{\"@type\":\"ListItem\",\"position\":2,\"name\":\"Tienda\",\"item\":\"https:\\\/\\\/csunitec.com\\\/es\\\/tienda\\\/\"},{\"@type\":\"ListItem\",\"position\":3,\"name\":\"NUEVO M\u00e1quina rascadora de suelos a bater\u00eda\"}]},{\"@type\":\"WebSite\",\"@id\":\"https:\\\/\\\/csunitec.com\\\/es\\\/#website\",\"url\":\"https:\\\/\\\/csunitec.com\\\/es\\\/\",\"name\":\"CS Unitec\",\"description\":\"\",\"potentialAction\":[{\"@type\":\"SearchAction\",\"target\":{\"@type\":\"EntryPoint\",\"urlTemplate\":\"https:\\\/\\\/csunitec.com\\\/es\\\/?s={search_term_string}\"},\"query-input\":{\"@type\":\"PropertyValueSpecification\",\"valueRequired\":true,\"valueName\":\"search_term_string\"}}],\"inLanguage\":\"es\"}]}<\/script>\n<!-- \/ Yoast SEO plugin. -->","yoast_head_json":{"title":"NUEVO M\u00e1quina rascadora de suelos a bater\u00eda - CS Unitec","description":"La M\u00e1quina Rascadora de Suelos a Bater\u00eda est\u00e1 dise\u00f1ada para quitar lin\u00f3leo, vinilo, moqueta, suelos de madera, baldosas de cer\u00e1mica y mucho m\u00e1s con rapidez y precisi\u00f3n.","robots":{"index":"index","follow":"follow","max-snippet":"max-snippet:-1","max-image-preview":"max-image-preview:large","max-video-preview":"max-video-preview:-1"},"canonical":"https:\/\/csunitec.com\/es\/producto\/nuevo-maquina-rascadora-de-suelos-a-bateria\/","og_locale":"es_ES","og_type":"article","og_title":"NUEVO M\u00e1quina rascadora de suelos a bater\u00eda - CS Unitec","og_description":"La M\u00e1quina Rascadora de Suelos a Bater\u00eda est\u00e1 dise\u00f1ada para quitar lin\u00f3leo, vinilo, moqueta, suelos de madera, baldosas de cer\u00e1mica y mucho m\u00e1s con rapidez y precisi\u00f3n.","og_url":"https:\/\/csunitec.com\/es\/producto\/nuevo-maquina-rascadora-de-suelos-a-bateria\/","og_site_name":"CS Unitec","article_modified_time":"2026-02-13T23:48:33+00:00","og_image":[{"width":1000,"height":1000,"url":"https:\/\/csunitec.com\/wp-content\/uploads\/2026\/02\/IMG_TFS230-1.jpg","type":"image\/jpeg"}],"twitter_card":"summary_large_image","twitter_misc":{"Tiempo de lectura":"1 minuto"},"schema":{"@context":"https:\/\/schema.org","@graph":[{"@type":"WebPage","@id":"https:\/\/csunitec.com\/es\/producto\/nuevo-maquina-rascadora-de-suelos-a-bateria\/","url":"https:\/\/csunitec.com\/es\/producto\/nuevo-maquina-rascadora-de-suelos-a-bateria\/","name":"NUEVO M\u00e1quina rascadora de suelos a bater\u00eda - CS Unitec","isPartOf":{"@id":"https:\/\/csunitec.com\/es\/#website"},"primaryImageOfPage":{"@id":"https:\/\/csunitec.com\/es\/producto\/nuevo-maquina-rascadora-de-suelos-a-bateria\/#primaryimage"},"image":{"@id":"https:\/\/csunitec.com\/es\/producto\/nuevo-maquina-rascadora-de-suelos-a-bateria\/#primaryimage"},"thumbnailUrl":"https:\/\/csunitec.com\/wp-content\/uploads\/2026\/02\/IMG_TFS230-1.jpg","datePublished":"2026-02-13T18:48:33+00:00","dateModified":"2026-02-13T23:48:33+00:00","description":"La M\u00e1quina Rascadora de Suelos a Bater\u00eda est\u00e1 dise\u00f1ada para quitar lin\u00f3leo, vinilo, moqueta, suelos de madera, baldosas de cer\u00e1mica y mucho m\u00e1s con rapidez y precisi\u00f3n.","breadcrumb":{"@id":"https:\/\/csunitec.com\/es\/producto\/nuevo-maquina-rascadora-de-suelos-a-bateria\/#breadcrumb"},"inLanguage":"es","potentialAction":[{"@type":"ReadAction","target":["https:\/\/csunitec.com\/es\/producto\/nuevo-maquina-rascadora-de-suelos-a-bateria\/"]}]},{"@type":"ImageObject","inLanguage":"es","@id":"https:\/\/csunitec.com\/es\/producto\/nuevo-maquina-rascadora-de-suelos-a-bateria\/#primaryimage","url":"https:\/\/csunitec.com\/wp-content\/uploads\/2026\/02\/IMG_TFS230-1.jpg","contentUrl":"https:\/\/csunitec.com\/wp-content\/uploads\/2026\/02\/IMG_TFS230-1.jpg","width":1000,"height":1000},{"@type":"BreadcrumbList","@id":"https:\/\/csunitec.com\/es\/producto\/nuevo-maquina-rascadora-de-suelos-a-bateria\/#breadcrumb","itemListElement":[{"@type":"ListItem","position":1,"name":"Inicio","item":"https:\/\/csunitec.com\/es\/"},{"@type":"ListItem","position":2,"name":"Tienda","item":"https:\/\/csunitec.com\/es\/tienda\/"},{"@type":"ListItem","position":3,"name":"NUEVO M\u00e1quina rascadora de suelos a bater\u00eda"}]},{"@type":"WebSite","@id":"https:\/\/csunitec.com\/es\/#website","url":"https:\/\/csunitec.com\/es\/","name":"CS Unitec","description":"","potentialAction":[{"@type":"SearchAction","target":{"@type":"EntryPoint","urlTemplate":"https:\/\/csunitec.com\/es\/?s={search_term_string}"},"query-input":{"@type":"PropertyValueSpecification","valueRequired":true,"valueName":"search_term_string"}}],"inLanguage":"es"}]}},"_links":{"self":[{"href":"https:\/\/csunitec.com\/es\/wp-json\/wp\/v2\/product\/177783","targetHints":{"allow":["GET"]}}],"collection":[{"href":"https:\/\/csunitec.com\/es\/wp-json\/wp\/v2\/product"}],"about":[{"href":"https:\/\/csunitec.com\/es\/wp-json\/wp\/v2\/types\/product"}],"wp:featuredmedia":[{"embeddable":true,"href":"https:\/\/csunitec.com\/es\/wp-json\/wp\/v2\/media\/172163"}],"wp:attachment":[{"href":"https:\/\/csunitec.com\/es\/wp-json\/wp\/v2\/media?parent=177783"}],"wp:term":[{"taxonomy":"product_brand","embeddable":true,"href":"https:\/\/csunitec.com\/es\/wp-json\/wp\/v2\/product_brand?post=177783"},{"taxonomy":"product_cat","embeddable":true,"href":"https:\/\/csunitec.com\/es\/wp-json\/wp\/v2\/product_cat?post=177783"},{"taxonomy":"product_tag","embeddable":true,"href":"https:\/\/csunitec.com\/es\/wp-json\/wp\/v2\/product_tag?post=177783"},{"taxonomy":"accessory_type","embeddable":true,"href":"https:\/\/csunitec.com\/es\/wp-json\/wp\/v2\/accessory_type?post=177783"},{"taxonomy":"application","embeddable":true,"href":"https:\/\/csunitec.com\/es\/wp-json\/wp\/v2\/application?post=177783"},{"taxonomy":"hand_tool_type","embeddable":true,"href":"https:\/\/csunitec.com\/es\/wp-json\/wp\/v2\/hand_tool_type?post=177783"},{"taxonomy":"industry","embeddable":true,"href":"https:\/\/csunitec.com\/es\/wp-json\/wp\/v2\/industry?post=177783"},{"taxonomy":"material","embeddable":true,"href":"https:\/\/csunitec.com\/es\/wp-json\/wp\/v2\/material?post=177783"},{"taxonomy":"power_tool_type","embeddable":true,"href":"https:\/\/csunitec.com\/es\/wp-json\/wp\/v2\/power_tool_type?post=177783"},{"taxonomy":"power_type","embeddable":true,"href":"https:\/\/csunitec.com\/es\/wp-json\/wp\/v2\/power_type?post=177783"},{"taxonomy":"subcategory","embeddable":true,"href":"https:\/\/csunitec.com\/es\/wp-json\/wp\/v2\/subcategory?post=177783"},{"taxonomy":"tool_type","embeddable":true,"href":"https:\/\/csunitec.com\/es\/wp-json\/wp\/v2\/tool_type?post=177783"}],"curies":[{"name":"wp","href":"https:\/\/api.w.org\/{rel}","templated":true}]}}