{"id":177789,"date":"2026-02-10T16:29:18","date_gmt":"2026-02-10T16:29:18","guid":{"rendered":"https:\/\/stgcsunitec.wpenginepowered.com\/product\/nuevo-escarificador-de-hormigon-a-bateria-de-8-con-operador-a-pie\/"},"modified":"2026-04-30T01:59:27","modified_gmt":"2026-04-30T05:59:27","slug":"nuevo-escarificador-de-hormigon-a-bateria-de-8-con-operador-a-pie","status":"publish","type":"product","link":"https:\/\/csunitec.com\/es\/producto\/nuevo-escarificador-de-hormigon-a-bateria-de-8-con-operador-a-pie\/","title":{"rendered":"<span style=\"color:red; font-weight: 800;\"><em>NUEVO<\/em><\/span> Escarificador de Hormig\u00f3n a Bater\u00eda de 8&#8243; con operador a pie"},"content":{"rendered":"<ul>\n<li>El Escarificador de Hormig\u00f3n a Bater\u00eda de 8&#8243; con operador a pie proporciona una eliminaci\u00f3n agresiva y de alta producci\u00f3n para trabajos de preparaci\u00f3n de superficies de tama\u00f1o peque\u00f1o a mediano en plantas industriales, aparcamientos, instalaciones municipales y proyectos de pavimentaci\u00f3n comercial.<\/li>\n<li>Ideal para eliminar revestimientos, epoxis, pinturas, l\u00edneas de tr\u00e1fico, termopl\u00e1sticos y adhesivos para moquetas en hormig\u00f3n y asfalto.<\/li>\n<li>Perfecto para nivelar superficies de hormig\u00f3n, asfalto y piedra, elimina los puntos altos, los desniveles de las aceras y las losas desiguales para eliminar los peligros de tropiezo y crear una superficie lisa y uniforme, lista para su reparaci\u00f3n, recubrimiento o repavimentaci\u00f3n.<\/li>\n<li>Dise\u00f1ada para desbastar y cepillar hormig\u00f3n, asfalto y piedra, produce perfiles de superficie consistentes para revestimientos, sistemas de impermeabilizaci\u00f3n y aplicaciones de repavimentaci\u00f3n. Ideal para contratistas, cuadrillas de restauraci\u00f3n y equipos de mantenimiento. <\/li>\n<li>El Escarificador de Hormig\u00f3n a Bater\u00eda de 8&#8243; con operador a pie es eficaz para crear superficies rayadas, acanaladas o antideslizantes. Se utiliza para ranuras de tracci\u00f3n, patrones antideslizantes y texturas especiales, incluido el ranurado de hormig\u00f3n en entornos agr\u00edcolas como establos e instalaciones ganaderas. <\/li>\n<li>Con el tambor de corte adecuado, el TFP 200 elimina el \u00f3xido, las incrustaciones, la pintura y la corrosi\u00f3n de cubiertas de barcos, plataformas industriales y suelos met\u00e1licos.<\/li>\n<li>Los tambores de cambio r\u00e1pido y las m\u00faltiples opciones de corte permiten que un escarificador neum\u00e1tico realice una amplia gama de tareas de preparaci\u00f3n de superficies, maximizando la productividad y reduciendo el tiempo de inactividad.<\/li>\n<\/ul>\n","protected":false},"excerpt":{"rendered":"<ul>\n<li>Ganador del Premio al Producto Innovador 2026<\/li>\n<li>M\u00e1x. Profundidad de corte por pasada: 1\/8&#8243;. <\/li>\n<li>Anchura de corte: 8<\/li>\n<li>Tasa de producci\u00f3n\/hora: Hasta 500 pies cuadrados, hasta 1000 pies lineales. <\/li>\n<li>Alimentaci\u00f3n: 2 pilas de 82 V<\/li>\n<li><a style=\"text-decoration: underline;\" href=\"#prod-videos\">Haz clic para ver el v\u00eddeo del producto<\/a><\/li>\n<\/ul>\n","protected":false},"featured_media":177800,"template":"","meta":[],"product_brand":[],"product_cat":[1033],"product_tag":[1118,1037,979,956,952,1120,1122,1121],"accessory_type":[],"application":[1067],"hand_tool_type":[],"industry":[931],"material":[],"power_tool_type":[1117],"power_type":[936],"subcategory":[1123],"tool_type":[946],"class_list":{"0":"post-177789","1":"product","2":"type-product","3":"status-publish","4":"has-post-thumbnail","6":"product_cat-preparacion-de-superficies","7":"product_tag-escarificadoras","8":"product_tag-preparacion-de-la-superficie-del-hormigon","9":"product_tag-destaca","10":"product_tag-bateria","11":"product_tag-destacado","12":"product_tag-escarificadores-electricos","13":"product_tag-voltmax","14":"product_tag-escarificadores-manuales","15":"application-corte-y-demolicion","16":"industry-hormigon-y-mamposteria","17":"power_tool_type-escarificador","18":"power_type-electrico","19":"subcategory-escarificadoras","20":"tool_type-herramienta-electrica","22":"first","23":"instock","24":"shipping-taxable","25":"purchasable","26":"product-type-variable"},"yoast_head":"<!-- This site is optimized with the Yoast SEO plugin v27.5 - https:\/\/yoast.com\/product\/yoast-seo-wordpress\/ -->\n<title>NUEVO Escarificador de Hormig\u00f3n a Bater\u00eda de 8&quot; con operador a pie - CS Unitec<\/title>\n<meta name=\"description\" content=\"El Escarificador de Hormig\u00f3n a Bater\u00eda de 8&quot; con operador a pie aborda las aplicaciones m\u00e1s exigentes de preparaci\u00f3n de superficies y eliminaci\u00f3n de material. Para la eliminaci\u00f3n de revestimientos.\" \/>\n<meta name=\"robots\" content=\"index, follow, max-snippet:-1, max-image-preview:large, max-video-preview:-1\" \/>\n<link rel=\"canonical\" href=\"https:\/\/csunitec.com\/es\/producto\/nuevo-escarificador-de-hormigon-a-bateria-de-8-con-operador-a-pie\/\" \/>\n<meta property=\"og:locale\" content=\"es_ES\" \/>\n<meta property=\"og:type\" content=\"article\" \/>\n<meta property=\"og:title\" content=\"NUEVO Escarificador de Hormig\u00f3n a Bater\u00eda de 8&quot; con operador a pie - CS Unitec\" \/>\n<meta property=\"og:description\" content=\"El Escarificador de Hormig\u00f3n a Bater\u00eda de 8&quot; con operador a pie aborda las aplicaciones m\u00e1s exigentes de preparaci\u00f3n de superficies y eliminaci\u00f3n de material. Para la eliminaci\u00f3n de revestimientos.\" \/>\n<meta property=\"og:url\" content=\"https:\/\/csunitec.com\/es\/producto\/nuevo-escarificador-de-hormigon-a-bateria-de-8-con-operador-a-pie\/\" \/>\n<meta property=\"og:site_name\" content=\"CS Unitec\" \/>\n<meta property=\"article:modified_time\" content=\"2026-04-30T05:59:27+00:00\" \/>\n<meta property=\"og:image\" content=\"https:\/\/csunitec.com\/wp-content\/uploads\/2026\/02\/IMG_TFP200-VM-1.jpg\" \/>\n\t<meta property=\"og:image:width\" content=\"1000\" \/>\n\t<meta property=\"og:image:height\" content=\"1000\" \/>\n\t<meta property=\"og:image:type\" content=\"image\/jpeg\" \/>\n<meta name=\"twitter:card\" content=\"summary_large_image\" \/>\n<meta name=\"twitter:label1\" content=\"Tiempo de lectura\" \/>\n\t<meta name=\"twitter:data1\" content=\"1 minuto\" \/>\n<script type=\"application\/ld+json\" class=\"yoast-schema-graph\">{\"@context\":\"https:\\\/\\\/schema.org\",\"@graph\":[{\"@type\":\"WebPage\",\"@id\":\"https:\\\/\\\/csunitec.com\\\/es\\\/producto\\\/nuevo-escarificador-de-hormigon-a-bateria-de-8-con-operador-a-pie\\\/\",\"url\":\"https:\\\/\\\/csunitec.com\\\/es\\\/producto\\\/nuevo-escarificador-de-hormigon-a-bateria-de-8-con-operador-a-pie\\\/\",\"name\":\"NUEVO Escarificador de Hormig\u00f3n a Bater\u00eda de 8\\\" con operador a pie - CS Unitec\",\"isPartOf\":{\"@id\":\"https:\\\/\\\/csunitec.com\\\/es\\\/#website\"},\"primaryImageOfPage\":{\"@id\":\"https:\\\/\\\/csunitec.com\\\/es\\\/producto\\\/nuevo-escarificador-de-hormigon-a-bateria-de-8-con-operador-a-pie\\\/#primaryimage\"},\"image\":{\"@id\":\"https:\\\/\\\/csunitec.com\\\/es\\\/producto\\\/nuevo-escarificador-de-hormigon-a-bateria-de-8-con-operador-a-pie\\\/#primaryimage\"},\"thumbnailUrl\":\"https:\\\/\\\/csunitec.com\\\/wp-content\\\/uploads\\\/2026\\\/02\\\/IMG_TFP200-VM-1.jpg\",\"datePublished\":\"2026-02-10T16:29:18+00:00\",\"dateModified\":\"2026-04-30T05:59:27+00:00\",\"description\":\"El Escarificador de Hormig\u00f3n a Bater\u00eda de 8\\\" con operador a pie aborda las aplicaciones m\u00e1s exigentes de preparaci\u00f3n de superficies y eliminaci\u00f3n de material. Para la eliminaci\u00f3n de revestimientos.\",\"breadcrumb\":{\"@id\":\"https:\\\/\\\/csunitec.com\\\/es\\\/producto\\\/nuevo-escarificador-de-hormigon-a-bateria-de-8-con-operador-a-pie\\\/#breadcrumb\"},\"inLanguage\":\"es\",\"potentialAction\":[{\"@type\":\"ReadAction\",\"target\":[\"https:\\\/\\\/csunitec.com\\\/es\\\/producto\\\/nuevo-escarificador-de-hormigon-a-bateria-de-8-con-operador-a-pie\\\/\"]}]},{\"@type\":\"ImageObject\",\"inLanguage\":\"es\",\"@id\":\"https:\\\/\\\/csunitec.com\\\/es\\\/producto\\\/nuevo-escarificador-de-hormigon-a-bateria-de-8-con-operador-a-pie\\\/#primaryimage\",\"url\":\"https:\\\/\\\/csunitec.com\\\/wp-content\\\/uploads\\\/2026\\\/02\\\/IMG_TFP200-VM-1.jpg\",\"contentUrl\":\"https:\\\/\\\/csunitec.com\\\/wp-content\\\/uploads\\\/2026\\\/02\\\/IMG_TFP200-VM-1.jpg\",\"width\":1000,\"height\":1000},{\"@type\":\"BreadcrumbList\",\"@id\":\"https:\\\/\\\/csunitec.com\\\/es\\\/producto\\\/nuevo-escarificador-de-hormigon-a-bateria-de-8-con-operador-a-pie\\\/#breadcrumb\",\"itemListElement\":[{\"@type\":\"ListItem\",\"position\":1,\"name\":\"Inicio\",\"item\":\"https:\\\/\\\/csunitec.com\\\/es\\\/\"},{\"@type\":\"ListItem\",\"position\":2,\"name\":\"Tienda\",\"item\":\"https:\\\/\\\/csunitec.com\\\/es\\\/tienda\\\/\"},{\"@type\":\"ListItem\",\"position\":3,\"name\":\"NUEVO Escarificador de Hormig\u00f3n a Bater\u00eda de 8&#8243; con operador a pie\"}]},{\"@type\":\"WebSite\",\"@id\":\"https:\\\/\\\/csunitec.com\\\/es\\\/#website\",\"url\":\"https:\\\/\\\/csunitec.com\\\/es\\\/\",\"name\":\"CS Unitec\",\"description\":\"\",\"potentialAction\":[{\"@type\":\"SearchAction\",\"target\":{\"@type\":\"EntryPoint\",\"urlTemplate\":\"https:\\\/\\\/csunitec.com\\\/es\\\/?s={search_term_string}\"},\"query-input\":{\"@type\":\"PropertyValueSpecification\",\"valueRequired\":true,\"valueName\":\"search_term_string\"}}],\"inLanguage\":\"es\"}]}<\/script>\n<!-- \/ Yoast SEO plugin. -->","yoast_head_json":{"title":"NUEVO Escarificador de Hormig\u00f3n a Bater\u00eda de 8\" con operador a pie - CS Unitec","description":"El Escarificador de Hormig\u00f3n a Bater\u00eda de 8\" con operador a pie aborda las aplicaciones m\u00e1s exigentes de preparaci\u00f3n de superficies y eliminaci\u00f3n de material. Para la eliminaci\u00f3n de revestimientos.","robots":{"index":"index","follow":"follow","max-snippet":"max-snippet:-1","max-image-preview":"max-image-preview:large","max-video-preview":"max-video-preview:-1"},"canonical":"https:\/\/csunitec.com\/es\/producto\/nuevo-escarificador-de-hormigon-a-bateria-de-8-con-operador-a-pie\/","og_locale":"es_ES","og_type":"article","og_title":"NUEVO Escarificador de Hormig\u00f3n a Bater\u00eda de 8\" con operador a pie - CS Unitec","og_description":"El Escarificador de Hormig\u00f3n a Bater\u00eda de 8\" con operador a pie aborda las aplicaciones m\u00e1s exigentes de preparaci\u00f3n de superficies y eliminaci\u00f3n de material. Para la eliminaci\u00f3n de revestimientos.","og_url":"https:\/\/csunitec.com\/es\/producto\/nuevo-escarificador-de-hormigon-a-bateria-de-8-con-operador-a-pie\/","og_site_name":"CS Unitec","article_modified_time":"2026-04-30T05:59:27+00:00","og_image":[{"width":1000,"height":1000,"url":"https:\/\/csunitec.com\/wp-content\/uploads\/2026\/02\/IMG_TFP200-VM-1.jpg","type":"image\/jpeg"}],"twitter_card":"summary_large_image","twitter_misc":{"Tiempo de lectura":"1 minuto"},"schema":{"@context":"https:\/\/schema.org","@graph":[{"@type":"WebPage","@id":"https:\/\/csunitec.com\/es\/producto\/nuevo-escarificador-de-hormigon-a-bateria-de-8-con-operador-a-pie\/","url":"https:\/\/csunitec.com\/es\/producto\/nuevo-escarificador-de-hormigon-a-bateria-de-8-con-operador-a-pie\/","name":"NUEVO Escarificador de Hormig\u00f3n a Bater\u00eda de 8\" con operador a pie - CS Unitec","isPartOf":{"@id":"https:\/\/csunitec.com\/es\/#website"},"primaryImageOfPage":{"@id":"https:\/\/csunitec.com\/es\/producto\/nuevo-escarificador-de-hormigon-a-bateria-de-8-con-operador-a-pie\/#primaryimage"},"image":{"@id":"https:\/\/csunitec.com\/es\/producto\/nuevo-escarificador-de-hormigon-a-bateria-de-8-con-operador-a-pie\/#primaryimage"},"thumbnailUrl":"https:\/\/csunitec.com\/wp-content\/uploads\/2026\/02\/IMG_TFP200-VM-1.jpg","datePublished":"2026-02-10T16:29:18+00:00","dateModified":"2026-04-30T05:59:27+00:00","description":"El Escarificador de Hormig\u00f3n a Bater\u00eda de 8\" con operador a pie aborda las aplicaciones m\u00e1s exigentes de preparaci\u00f3n de superficies y eliminaci\u00f3n de material. Para la eliminaci\u00f3n de revestimientos.","breadcrumb":{"@id":"https:\/\/csunitec.com\/es\/producto\/nuevo-escarificador-de-hormigon-a-bateria-de-8-con-operador-a-pie\/#breadcrumb"},"inLanguage":"es","potentialAction":[{"@type":"ReadAction","target":["https:\/\/csunitec.com\/es\/producto\/nuevo-escarificador-de-hormigon-a-bateria-de-8-con-operador-a-pie\/"]}]},{"@type":"ImageObject","inLanguage":"es","@id":"https:\/\/csunitec.com\/es\/producto\/nuevo-escarificador-de-hormigon-a-bateria-de-8-con-operador-a-pie\/#primaryimage","url":"https:\/\/csunitec.com\/wp-content\/uploads\/2026\/02\/IMG_TFP200-VM-1.jpg","contentUrl":"https:\/\/csunitec.com\/wp-content\/uploads\/2026\/02\/IMG_TFP200-VM-1.jpg","width":1000,"height":1000},{"@type":"BreadcrumbList","@id":"https:\/\/csunitec.com\/es\/producto\/nuevo-escarificador-de-hormigon-a-bateria-de-8-con-operador-a-pie\/#breadcrumb","itemListElement":[{"@type":"ListItem","position":1,"name":"Inicio","item":"https:\/\/csunitec.com\/es\/"},{"@type":"ListItem","position":2,"name":"Tienda","item":"https:\/\/csunitec.com\/es\/tienda\/"},{"@type":"ListItem","position":3,"name":"NUEVO Escarificador de Hormig\u00f3n a Bater\u00eda de 8&#8243; con operador a pie"}]},{"@type":"WebSite","@id":"https:\/\/csunitec.com\/es\/#website","url":"https:\/\/csunitec.com\/es\/","name":"CS Unitec","description":"","potentialAction":[{"@type":"SearchAction","target":{"@type":"EntryPoint","urlTemplate":"https:\/\/csunitec.com\/es\/?s={search_term_string}"},"query-input":{"@type":"PropertyValueSpecification","valueRequired":true,"valueName":"search_term_string"}}],"inLanguage":"es"}]}},"_links":{"self":[{"href":"https:\/\/csunitec.com\/es\/wp-json\/wp\/v2\/product\/177789","targetHints":{"allow":["GET"]}}],"collection":[{"href":"https:\/\/csunitec.com\/es\/wp-json\/wp\/v2\/product"}],"about":[{"href":"https:\/\/csunitec.com\/es\/wp-json\/wp\/v2\/types\/product"}],"wp:featuredmedia":[{"embeddable":true,"href":"https:\/\/csunitec.com\/es\/wp-json\/wp\/v2\/media\/177800"}],"wp:attachment":[{"href":"https:\/\/csunitec.com\/es\/wp-json\/wp\/v2\/media?parent=177789"}],"wp:term":[{"taxonomy":"product_brand","embeddable":true,"href":"https:\/\/csunitec.com\/es\/wp-json\/wp\/v2\/product_brand?post=177789"},{"taxonomy":"product_cat","embeddable":true,"href":"https:\/\/csunitec.com\/es\/wp-json\/wp\/v2\/product_cat?post=177789"},{"taxonomy":"product_tag","embeddable":true,"href":"https:\/\/csunitec.com\/es\/wp-json\/wp\/v2\/product_tag?post=177789"},{"taxonomy":"accessory_type","embeddable":true,"href":"https:\/\/csunitec.com\/es\/wp-json\/wp\/v2\/accessory_type?post=177789"},{"taxonomy":"application","embeddable":true,"href":"https:\/\/csunitec.com\/es\/wp-json\/wp\/v2\/application?post=177789"},{"taxonomy":"hand_tool_type","embeddable":true,"href":"https:\/\/csunitec.com\/es\/wp-json\/wp\/v2\/hand_tool_type?post=177789"},{"taxonomy":"industry","embeddable":true,"href":"https:\/\/csunitec.com\/es\/wp-json\/wp\/v2\/industry?post=177789"},{"taxonomy":"material","embeddable":true,"href":"https:\/\/csunitec.com\/es\/wp-json\/wp\/v2\/material?post=177789"},{"taxonomy":"power_tool_type","embeddable":true,"href":"https:\/\/csunitec.com\/es\/wp-json\/wp\/v2\/power_tool_type?post=177789"},{"taxonomy":"power_type","embeddable":true,"href":"https:\/\/csunitec.com\/es\/wp-json\/wp\/v2\/power_type?post=177789"},{"taxonomy":"subcategory","embeddable":true,"href":"https:\/\/csunitec.com\/es\/wp-json\/wp\/v2\/subcategory?post=177789"},{"taxonomy":"tool_type","embeddable":true,"href":"https:\/\/csunitec.com\/es\/wp-json\/wp\/v2\/tool_type?post=177789"}],"curies":[{"name":"wp","href":"https:\/\/api.w.org\/{rel}","templated":true}]}}