{"id":177805,"date":"2026-03-26T13:32:30","date_gmt":"2026-03-26T13:32:30","guid":{"rendered":"https:\/\/stgcsunitec.wpenginepowered.com\/product\/cincel-de-escuadrar\/"},"modified":"2026-03-26T13:32:30","modified_gmt":"2026-03-26T17:32:30","slug":"cincel-de-escuadrar","status":"publish","type":"product","link":"https:\/\/csunitec.com\/es\/producto\/cincel-de-escuadrar\/","title":{"rendered":"Cincel de escuadrar"},"content":{"rendered":"<ul>\n<li>Cincel de Escalar Angular Sin Chispas y No Magn\u00e9tico.<\/li>\n<li>Sin chispas para uso en aplicaciones petroqu\u00edmicas, de producci\u00f3n de grano (polvo explosivo), servicios p\u00fablicos y materiales peligrosos.<\/li>\n<li>No magn\u00e9tico para uso en RMN\/RMN, productos nucleares, fabricaci\u00f3n electr\u00f3nica y otros equipos sensibles.<\/li>\n<li>Resistente a la corrosi\u00f3n para uso en plantas desalinizadoras, fabricaci\u00f3n de productos qu\u00edmicos\/papel y astilleros.<\/li>\n<\/ul>\n","protected":false},"excerpt":{"rendered":"<ul>\n<li>Sin chispas<\/li>\n<li>No magn\u00e9tico<\/li>\n<li>Resistente a la corrosi\u00f3n<\/li>\n<\/ul>\n","protected":false},"featured_media":173371,"template":"","meta":[],"product_brand":[],"product_cat":[1048],"product_tag":[1053,1083],"accessory_type":[],"application":[],"hand_tool_type":[],"industry":[],"material":[],"power_tool_type":[],"power_type":[],"subcategory":[],"tool_type":[],"class_list":{"0":"post-177805","1":"product","2":"type-product","3":"status-publish","4":"has-post-thumbnail","6":"product_cat-herramientas-de-seguridad","7":"product_tag-cobre-berilio-2","8":"product_tag-cinceles","10":"first","11":"instock","12":"shipping-taxable","13":"product-type-simple"},"yoast_head":"<!-- This site is optimized with the Yoast SEO plugin v27.5 - https:\/\/yoast.com\/product\/yoast-seo-wordpress\/ -->\n<title>Cincel de escuadrar - CS Unitec<\/title>\n<meta name=\"description\" content=\"Cincel de desbaste en \u00e1ngulo que no produce chispas, dise\u00f1ado para entornos peligrosos o ATEX\/Ex, con filo de corte en \u00e1ngulo, extracci\u00f3n controlada y durabilidad apta para el taller.\" \/>\n<meta name=\"robots\" content=\"index, follow, max-snippet:-1, max-image-preview:large, max-video-preview:-1\" \/>\n<link rel=\"canonical\" href=\"https:\/\/csunitec.com\/es\/producto\/cincel-de-escuadrar\/\" \/>\n<meta property=\"og:locale\" content=\"es_ES\" \/>\n<meta property=\"og:type\" content=\"article\" \/>\n<meta property=\"og:title\" content=\"Cincel de escuadrar - CS Unitec\" \/>\n<meta property=\"og:description\" content=\"Cincel de desbaste en \u00e1ngulo que no produce chispas, dise\u00f1ado para entornos peligrosos o ATEX\/Ex, con filo de corte en \u00e1ngulo, extracci\u00f3n controlada y durabilidad apta para el taller.\" \/>\n<meta property=\"og:url\" content=\"https:\/\/csunitec.com\/es\/producto\/cincel-de-escuadrar\/\" \/>\n<meta property=\"og:site_name\" content=\"CS Unitec\" \/>\n<meta property=\"article:modified_time\" content=\"2026-03-26T17:32:30+00:00\" \/>\n<meta property=\"og:image\" content=\"https:\/\/csunitec.com\/wp-content\/uploads\/2026\/03\/Ex390-P.jpg\" \/>\n\t<meta property=\"og:image:width\" content=\"1000\" \/>\n\t<meta property=\"og:image:height\" content=\"1000\" \/>\n\t<meta property=\"og:image:type\" content=\"image\/jpeg\" \/>\n<meta name=\"twitter:card\" content=\"summary_large_image\" \/>\n<script type=\"application\/ld+json\" class=\"yoast-schema-graph\">{\"@context\":\"https:\\\/\\\/schema.org\",\"@graph\":[{\"@type\":\"WebPage\",\"@id\":\"https:\\\/\\\/csunitec.com\\\/es\\\/producto\\\/cincel-de-escuadrar\\\/\",\"url\":\"https:\\\/\\\/csunitec.com\\\/es\\\/producto\\\/cincel-de-escuadrar\\\/\",\"name\":\"Cincel de escuadrar - CS Unitec\",\"isPartOf\":{\"@id\":\"https:\\\/\\\/csunitec.com\\\/es\\\/#website\"},\"primaryImageOfPage\":{\"@id\":\"https:\\\/\\\/csunitec.com\\\/es\\\/producto\\\/cincel-de-escuadrar\\\/#primaryimage\"},\"image\":{\"@id\":\"https:\\\/\\\/csunitec.com\\\/es\\\/producto\\\/cincel-de-escuadrar\\\/#primaryimage\"},\"thumbnailUrl\":\"https:\\\/\\\/csunitec.com\\\/wp-content\\\/uploads\\\/2026\\\/03\\\/Ex390-P.jpg\",\"datePublished\":\"2026-03-26T13:32:30+00:00\",\"dateModified\":\"2026-03-26T17:32:30+00:00\",\"description\":\"Cincel de desbaste en \u00e1ngulo que no produce chispas, dise\u00f1ado para entornos peligrosos o ATEX\\\/Ex, con filo de corte en \u00e1ngulo, extracci\u00f3n controlada y durabilidad apta para el taller.\",\"breadcrumb\":{\"@id\":\"https:\\\/\\\/csunitec.com\\\/es\\\/producto\\\/cincel-de-escuadrar\\\/#breadcrumb\"},\"inLanguage\":\"es\",\"potentialAction\":[{\"@type\":\"ReadAction\",\"target\":[\"https:\\\/\\\/csunitec.com\\\/es\\\/producto\\\/cincel-de-escuadrar\\\/\"]}]},{\"@type\":\"ImageObject\",\"inLanguage\":\"es\",\"@id\":\"https:\\\/\\\/csunitec.com\\\/es\\\/producto\\\/cincel-de-escuadrar\\\/#primaryimage\",\"url\":\"https:\\\/\\\/csunitec.com\\\/wp-content\\\/uploads\\\/2026\\\/03\\\/Ex390-P.jpg\",\"contentUrl\":\"https:\\\/\\\/csunitec.com\\\/wp-content\\\/uploads\\\/2026\\\/03\\\/Ex390-P.jpg\",\"width\":1000,\"height\":1000,\"caption\":\"Angle Scaling chisel\"},{\"@type\":\"BreadcrumbList\",\"@id\":\"https:\\\/\\\/csunitec.com\\\/es\\\/producto\\\/cincel-de-escuadrar\\\/#breadcrumb\",\"itemListElement\":[{\"@type\":\"ListItem\",\"position\":1,\"name\":\"Inicio\",\"item\":\"https:\\\/\\\/csunitec.com\\\/es\\\/\"},{\"@type\":\"ListItem\",\"position\":2,\"name\":\"Tienda\",\"item\":\"https:\\\/\\\/csunitec.com\\\/es\\\/tienda\\\/\"},{\"@type\":\"ListItem\",\"position\":3,\"name\":\"Cincel de escuadrar\"}]},{\"@type\":\"WebSite\",\"@id\":\"https:\\\/\\\/csunitec.com\\\/es\\\/#website\",\"url\":\"https:\\\/\\\/csunitec.com\\\/es\\\/\",\"name\":\"CS Unitec\",\"description\":\"\",\"potentialAction\":[{\"@type\":\"SearchAction\",\"target\":{\"@type\":\"EntryPoint\",\"urlTemplate\":\"https:\\\/\\\/csunitec.com\\\/es\\\/?s={search_term_string}\"},\"query-input\":{\"@type\":\"PropertyValueSpecification\",\"valueRequired\":true,\"valueName\":\"search_term_string\"}}],\"inLanguage\":\"es\"}]}<\/script>\n<!-- \/ Yoast SEO plugin. -->","yoast_head_json":{"title":"Cincel de escuadrar - CS Unitec","description":"Cincel de desbaste en \u00e1ngulo que no produce chispas, dise\u00f1ado para entornos peligrosos o ATEX\/Ex, con filo de corte en \u00e1ngulo, extracci\u00f3n controlada y durabilidad apta para el taller.","robots":{"index":"index","follow":"follow","max-snippet":"max-snippet:-1","max-image-preview":"max-image-preview:large","max-video-preview":"max-video-preview:-1"},"canonical":"https:\/\/csunitec.com\/es\/producto\/cincel-de-escuadrar\/","og_locale":"es_ES","og_type":"article","og_title":"Cincel de escuadrar - CS Unitec","og_description":"Cincel de desbaste en \u00e1ngulo que no produce chispas, dise\u00f1ado para entornos peligrosos o ATEX\/Ex, con filo de corte en \u00e1ngulo, extracci\u00f3n controlada y durabilidad apta para el taller.","og_url":"https:\/\/csunitec.com\/es\/producto\/cincel-de-escuadrar\/","og_site_name":"CS Unitec","article_modified_time":"2026-03-26T17:32:30+00:00","og_image":[{"width":1000,"height":1000,"url":"https:\/\/csunitec.com\/wp-content\/uploads\/2026\/03\/Ex390-P.jpg","type":"image\/jpeg"}],"twitter_card":"summary_large_image","schema":{"@context":"https:\/\/schema.org","@graph":[{"@type":"WebPage","@id":"https:\/\/csunitec.com\/es\/producto\/cincel-de-escuadrar\/","url":"https:\/\/csunitec.com\/es\/producto\/cincel-de-escuadrar\/","name":"Cincel de escuadrar - CS Unitec","isPartOf":{"@id":"https:\/\/csunitec.com\/es\/#website"},"primaryImageOfPage":{"@id":"https:\/\/csunitec.com\/es\/producto\/cincel-de-escuadrar\/#primaryimage"},"image":{"@id":"https:\/\/csunitec.com\/es\/producto\/cincel-de-escuadrar\/#primaryimage"},"thumbnailUrl":"https:\/\/csunitec.com\/wp-content\/uploads\/2026\/03\/Ex390-P.jpg","datePublished":"2026-03-26T13:32:30+00:00","dateModified":"2026-03-26T17:32:30+00:00","description":"Cincel de desbaste en \u00e1ngulo que no produce chispas, dise\u00f1ado para entornos peligrosos o ATEX\/Ex, con filo de corte en \u00e1ngulo, extracci\u00f3n controlada y durabilidad apta para el taller.","breadcrumb":{"@id":"https:\/\/csunitec.com\/es\/producto\/cincel-de-escuadrar\/#breadcrumb"},"inLanguage":"es","potentialAction":[{"@type":"ReadAction","target":["https:\/\/csunitec.com\/es\/producto\/cincel-de-escuadrar\/"]}]},{"@type":"ImageObject","inLanguage":"es","@id":"https:\/\/csunitec.com\/es\/producto\/cincel-de-escuadrar\/#primaryimage","url":"https:\/\/csunitec.com\/wp-content\/uploads\/2026\/03\/Ex390-P.jpg","contentUrl":"https:\/\/csunitec.com\/wp-content\/uploads\/2026\/03\/Ex390-P.jpg","width":1000,"height":1000,"caption":"Angle Scaling chisel"},{"@type":"BreadcrumbList","@id":"https:\/\/csunitec.com\/es\/producto\/cincel-de-escuadrar\/#breadcrumb","itemListElement":[{"@type":"ListItem","position":1,"name":"Inicio","item":"https:\/\/csunitec.com\/es\/"},{"@type":"ListItem","position":2,"name":"Tienda","item":"https:\/\/csunitec.com\/es\/tienda\/"},{"@type":"ListItem","position":3,"name":"Cincel de escuadrar"}]},{"@type":"WebSite","@id":"https:\/\/csunitec.com\/es\/#website","url":"https:\/\/csunitec.com\/es\/","name":"CS Unitec","description":"","potentialAction":[{"@type":"SearchAction","target":{"@type":"EntryPoint","urlTemplate":"https:\/\/csunitec.com\/es\/?s={search_term_string}"},"query-input":{"@type":"PropertyValueSpecification","valueRequired":true,"valueName":"search_term_string"}}],"inLanguage":"es"}]}},"_links":{"self":[{"href":"https:\/\/csunitec.com\/es\/wp-json\/wp\/v2\/product\/177805","targetHints":{"allow":["GET"]}}],"collection":[{"href":"https:\/\/csunitec.com\/es\/wp-json\/wp\/v2\/product"}],"about":[{"href":"https:\/\/csunitec.com\/es\/wp-json\/wp\/v2\/types\/product"}],"wp:featuredmedia":[{"embeddable":true,"href":"https:\/\/csunitec.com\/es\/wp-json\/wp\/v2\/media\/173371"}],"wp:attachment":[{"href":"https:\/\/csunitec.com\/es\/wp-json\/wp\/v2\/media?parent=177805"}],"wp:term":[{"taxonomy":"product_brand","embeddable":true,"href":"https:\/\/csunitec.com\/es\/wp-json\/wp\/v2\/product_brand?post=177805"},{"taxonomy":"product_cat","embeddable":true,"href":"https:\/\/csunitec.com\/es\/wp-json\/wp\/v2\/product_cat?post=177805"},{"taxonomy":"product_tag","embeddable":true,"href":"https:\/\/csunitec.com\/es\/wp-json\/wp\/v2\/product_tag?post=177805"},{"taxonomy":"accessory_type","embeddable":true,"href":"https:\/\/csunitec.com\/es\/wp-json\/wp\/v2\/accessory_type?post=177805"},{"taxonomy":"application","embeddable":true,"href":"https:\/\/csunitec.com\/es\/wp-json\/wp\/v2\/application?post=177805"},{"taxonomy":"hand_tool_type","embeddable":true,"href":"https:\/\/csunitec.com\/es\/wp-json\/wp\/v2\/hand_tool_type?post=177805"},{"taxonomy":"industry","embeddable":true,"href":"https:\/\/csunitec.com\/es\/wp-json\/wp\/v2\/industry?post=177805"},{"taxonomy":"material","embeddable":true,"href":"https:\/\/csunitec.com\/es\/wp-json\/wp\/v2\/material?post=177805"},{"taxonomy":"power_tool_type","embeddable":true,"href":"https:\/\/csunitec.com\/es\/wp-json\/wp\/v2\/power_tool_type?post=177805"},{"taxonomy":"power_type","embeddable":true,"href":"https:\/\/csunitec.com\/es\/wp-json\/wp\/v2\/power_type?post=177805"},{"taxonomy":"subcategory","embeddable":true,"href":"https:\/\/csunitec.com\/es\/wp-json\/wp\/v2\/subcategory?post=177805"},{"taxonomy":"tool_type","embeddable":true,"href":"https:\/\/csunitec.com\/es\/wp-json\/wp\/v2\/tool_type?post=177805"}],"curies":[{"name":"wp","href":"https:\/\/api.w.org\/{rel}","templated":true}]}}