{"id":177825,"date":"2026-04-19T14:03:12","date_gmt":"2026-04-19T14:03:12","guid":{"rendered":"https:\/\/stgcsunitec.wpenginepowered.com\/product\/accionamientos-cuadrados-para-motores-de-accionamiento\/"},"modified":"2026-04-19T14:03:12","modified_gmt":"2026-04-19T18:03:12","slug":"accionamientos-cuadrados-para-motores-de-accionamiento","status":"publish","type":"product","link":"https:\/\/csunitec.com\/es\/producto\/accionamientos-cuadrados-para-motores-de-accionamiento\/","title":{"rendered":"Accionamientos cuadrados para motores de accionamiento"},"content":{"rendered":"<ul>\n<li>Ideal para aplicaciones de motores de accionamiento OEM<\/li>\n<li>Adaptador macho de arrastre cuadrado con opciones de arrastre de 1\/2&#8243;, 3\/4&#8243; y 1&#8243; y cono MT2 o MT3, dise\u00f1ado para su uso con taladros y motores de arrastre de alto par.<\/li>\n<\/ul>\n","protected":false},"excerpt":{"rendered":"<ul>\n<li>Ideal para utilizar con taladradoras de alto par y motores de arrastre<\/li>\n<li>Aplicaciones del motor de accionamiento OEM<\/li>\n<li>Cono Morse n\u00ba 2 y n\u00ba 3<\/li>\n<li>Muelas cuadradas Tama\u00f1os 1\/2&#8243;, 3\/4&#8243; y 1&#8243;<\/li>\n<\/ul>\n","protected":false},"featured_media":174115,"template":"","meta":[],"product_brand":[],"product_cat":[1001],"product_tag":[937,964,966],"accessory_type":[927],"application":[928],"hand_tool_type":[],"industry":[933],"material":[],"power_tool_type":[],"power_type":[],"subcategory":[1003],"tool_type":[943],"class_list":{"0":"post-177825","1":"product","2":"type-product","3":"status-publish","4":"has-post-thumbnail","6":"product_cat-accionamientos-y-motores","7":"product_tag-accesorios-para-taladros-magneticos","8":"product_tag-taladros-motores-de-alto-par-accesorios","9":"product_tag-portabrocas-magneticos-2","10":"accessory_type-accesorio","11":"application-perforacion","12":"industry-metalurgia-2","13":"subcategory-motores-para-taladros-electricos","14":"tool_type-accesorio","16":"first","17":"instock","18":"shipping-taxable","19":"purchasable","20":"product-type-variable"},"yoast_head":"<!-- This site is optimized with the Yoast SEO plugin v27.5 - https:\/\/yoast.com\/product\/yoast-seo-wordpress\/ -->\n<title>Accionamientos cuadrados para motores de accionamiento - CS Unitec<\/title>\n<meta name=\"description\" content=\"Los portabrocas magn\u00e9ticos permiten utilizar brocas helicoidales est\u00e1ndar y accesorios para trabajar el metal de forma vers\u00e1til. Montaje seguro y engranajes suaves.\" \/>\n<meta name=\"robots\" content=\"index, follow, max-snippet:-1, max-image-preview:large, max-video-preview:-1\" \/>\n<link rel=\"canonical\" href=\"https:\/\/csunitec.com\/es\/producto\/accionamientos-cuadrados-para-motores-de-accionamiento\/\" \/>\n<meta property=\"og:locale\" content=\"es_ES\" \/>\n<meta property=\"og:type\" content=\"article\" \/>\n<meta property=\"og:title\" content=\"Accionamientos cuadrados para motores de accionamiento - CS Unitec\" \/>\n<meta property=\"og:description\" content=\"Los portabrocas magn\u00e9ticos permiten utilizar brocas helicoidales est\u00e1ndar y accesorios para trabajar el metal de forma vers\u00e1til. Montaje seguro y engranajes suaves.\" \/>\n<meta property=\"og:url\" content=\"https:\/\/csunitec.com\/es\/producto\/accionamientos-cuadrados-para-motores-de-accionamiento\/\" \/>\n<meta property=\"og:site_name\" content=\"CS Unitec\" \/>\n<meta property=\"article:modified_time\" content=\"2026-04-19T18:03:12+00:00\" \/>\n<meta property=\"og:image\" content=\"https:\/\/csunitec.com\/wp-content\/uploads\/2024\/12\/4-Accessories-2-Drives.jpg\" \/>\n\t<meta property=\"og:image:width\" content=\"1000\" \/>\n\t<meta property=\"og:image:height\" content=\"1000\" \/>\n\t<meta property=\"og:image:type\" content=\"image\/jpeg\" \/>\n<meta name=\"twitter:card\" content=\"summary_large_image\" \/>\n<script type=\"application\/ld+json\" class=\"yoast-schema-graph\">{\"@context\":\"https:\\\/\\\/schema.org\",\"@graph\":[{\"@type\":\"WebPage\",\"@id\":\"https:\\\/\\\/csunitec.com\\\/es\\\/producto\\\/accionamientos-cuadrados-para-motores-de-accionamiento\\\/\",\"url\":\"https:\\\/\\\/csunitec.com\\\/es\\\/producto\\\/accionamientos-cuadrados-para-motores-de-accionamiento\\\/\",\"name\":\"Accionamientos cuadrados para motores de accionamiento - CS Unitec\",\"isPartOf\":{\"@id\":\"https:\\\/\\\/csunitec.com\\\/es\\\/#website\"},\"primaryImageOfPage\":{\"@id\":\"https:\\\/\\\/csunitec.com\\\/es\\\/producto\\\/accionamientos-cuadrados-para-motores-de-accionamiento\\\/#primaryimage\"},\"image\":{\"@id\":\"https:\\\/\\\/csunitec.com\\\/es\\\/producto\\\/accionamientos-cuadrados-para-motores-de-accionamiento\\\/#primaryimage\"},\"thumbnailUrl\":\"https:\\\/\\\/csunitec.com\\\/wp-content\\\/uploads\\\/2024\\\/12\\\/4-Accessories-2-Drives.jpg\",\"datePublished\":\"2026-04-19T14:03:12+00:00\",\"dateModified\":\"2026-04-19T18:03:12+00:00\",\"description\":\"Los portabrocas magn\u00e9ticos permiten utilizar brocas helicoidales est\u00e1ndar y accesorios para trabajar el metal de forma vers\u00e1til. Montaje seguro y engranajes suaves.\",\"breadcrumb\":{\"@id\":\"https:\\\/\\\/csunitec.com\\\/es\\\/producto\\\/accionamientos-cuadrados-para-motores-de-accionamiento\\\/#breadcrumb\"},\"inLanguage\":\"es\",\"potentialAction\":[{\"@type\":\"ReadAction\",\"target\":[\"https:\\\/\\\/csunitec.com\\\/es\\\/producto\\\/accionamientos-cuadrados-para-motores-de-accionamiento\\\/\"]}]},{\"@type\":\"ImageObject\",\"inLanguage\":\"es\",\"@id\":\"https:\\\/\\\/csunitec.com\\\/es\\\/producto\\\/accionamientos-cuadrados-para-motores-de-accionamiento\\\/#primaryimage\",\"url\":\"https:\\\/\\\/csunitec.com\\\/wp-content\\\/uploads\\\/2024\\\/12\\\/4-Accessories-2-Drives.jpg\",\"contentUrl\":\"https:\\\/\\\/csunitec.com\\\/wp-content\\\/uploads\\\/2024\\\/12\\\/4-Accessories-2-Drives.jpg\",\"width\":1000,\"height\":1000},{\"@type\":\"BreadcrumbList\",\"@id\":\"https:\\\/\\\/csunitec.com\\\/es\\\/producto\\\/accionamientos-cuadrados-para-motores-de-accionamiento\\\/#breadcrumb\",\"itemListElement\":[{\"@type\":\"ListItem\",\"position\":1,\"name\":\"Inicio\",\"item\":\"https:\\\/\\\/csunitec.com\\\/es\\\/\"},{\"@type\":\"ListItem\",\"position\":2,\"name\":\"Tienda\",\"item\":\"https:\\\/\\\/csunitec.com\\\/es\\\/tienda\\\/\"},{\"@type\":\"ListItem\",\"position\":3,\"name\":\"Accionamientos cuadrados para motores de accionamiento\"}]},{\"@type\":\"WebSite\",\"@id\":\"https:\\\/\\\/csunitec.com\\\/es\\\/#website\",\"url\":\"https:\\\/\\\/csunitec.com\\\/es\\\/\",\"name\":\"CS Unitec\",\"description\":\"\",\"potentialAction\":[{\"@type\":\"SearchAction\",\"target\":{\"@type\":\"EntryPoint\",\"urlTemplate\":\"https:\\\/\\\/csunitec.com\\\/es\\\/?s={search_term_string}\"},\"query-input\":{\"@type\":\"PropertyValueSpecification\",\"valueRequired\":true,\"valueName\":\"search_term_string\"}}],\"inLanguage\":\"es\"}]}<\/script>\n<!-- \/ Yoast SEO plugin. -->","yoast_head_json":{"title":"Accionamientos cuadrados para motores de accionamiento - CS Unitec","description":"Los portabrocas magn\u00e9ticos permiten utilizar brocas helicoidales est\u00e1ndar y accesorios para trabajar el metal de forma vers\u00e1til. Montaje seguro y engranajes suaves.","robots":{"index":"index","follow":"follow","max-snippet":"max-snippet:-1","max-image-preview":"max-image-preview:large","max-video-preview":"max-video-preview:-1"},"canonical":"https:\/\/csunitec.com\/es\/producto\/accionamientos-cuadrados-para-motores-de-accionamiento\/","og_locale":"es_ES","og_type":"article","og_title":"Accionamientos cuadrados para motores de accionamiento - CS Unitec","og_description":"Los portabrocas magn\u00e9ticos permiten utilizar brocas helicoidales est\u00e1ndar y accesorios para trabajar el metal de forma vers\u00e1til. Montaje seguro y engranajes suaves.","og_url":"https:\/\/csunitec.com\/es\/producto\/accionamientos-cuadrados-para-motores-de-accionamiento\/","og_site_name":"CS Unitec","article_modified_time":"2026-04-19T18:03:12+00:00","og_image":[{"width":1000,"height":1000,"url":"https:\/\/csunitec.com\/wp-content\/uploads\/2024\/12\/4-Accessories-2-Drives.jpg","type":"image\/jpeg"}],"twitter_card":"summary_large_image","schema":{"@context":"https:\/\/schema.org","@graph":[{"@type":"WebPage","@id":"https:\/\/csunitec.com\/es\/producto\/accionamientos-cuadrados-para-motores-de-accionamiento\/","url":"https:\/\/csunitec.com\/es\/producto\/accionamientos-cuadrados-para-motores-de-accionamiento\/","name":"Accionamientos cuadrados para motores de accionamiento - CS Unitec","isPartOf":{"@id":"https:\/\/csunitec.com\/es\/#website"},"primaryImageOfPage":{"@id":"https:\/\/csunitec.com\/es\/producto\/accionamientos-cuadrados-para-motores-de-accionamiento\/#primaryimage"},"image":{"@id":"https:\/\/csunitec.com\/es\/producto\/accionamientos-cuadrados-para-motores-de-accionamiento\/#primaryimage"},"thumbnailUrl":"https:\/\/csunitec.com\/wp-content\/uploads\/2024\/12\/4-Accessories-2-Drives.jpg","datePublished":"2026-04-19T14:03:12+00:00","dateModified":"2026-04-19T18:03:12+00:00","description":"Los portabrocas magn\u00e9ticos permiten utilizar brocas helicoidales est\u00e1ndar y accesorios para trabajar el metal de forma vers\u00e1til. Montaje seguro y engranajes suaves.","breadcrumb":{"@id":"https:\/\/csunitec.com\/es\/producto\/accionamientos-cuadrados-para-motores-de-accionamiento\/#breadcrumb"},"inLanguage":"es","potentialAction":[{"@type":"ReadAction","target":["https:\/\/csunitec.com\/es\/producto\/accionamientos-cuadrados-para-motores-de-accionamiento\/"]}]},{"@type":"ImageObject","inLanguage":"es","@id":"https:\/\/csunitec.com\/es\/producto\/accionamientos-cuadrados-para-motores-de-accionamiento\/#primaryimage","url":"https:\/\/csunitec.com\/wp-content\/uploads\/2024\/12\/4-Accessories-2-Drives.jpg","contentUrl":"https:\/\/csunitec.com\/wp-content\/uploads\/2024\/12\/4-Accessories-2-Drives.jpg","width":1000,"height":1000},{"@type":"BreadcrumbList","@id":"https:\/\/csunitec.com\/es\/producto\/accionamientos-cuadrados-para-motores-de-accionamiento\/#breadcrumb","itemListElement":[{"@type":"ListItem","position":1,"name":"Inicio","item":"https:\/\/csunitec.com\/es\/"},{"@type":"ListItem","position":2,"name":"Tienda","item":"https:\/\/csunitec.com\/es\/tienda\/"},{"@type":"ListItem","position":3,"name":"Accionamientos cuadrados para motores de accionamiento"}]},{"@type":"WebSite","@id":"https:\/\/csunitec.com\/es\/#website","url":"https:\/\/csunitec.com\/es\/","name":"CS Unitec","description":"","potentialAction":[{"@type":"SearchAction","target":{"@type":"EntryPoint","urlTemplate":"https:\/\/csunitec.com\/es\/?s={search_term_string}"},"query-input":{"@type":"PropertyValueSpecification","valueRequired":true,"valueName":"search_term_string"}}],"inLanguage":"es"}]}},"_links":{"self":[{"href":"https:\/\/csunitec.com\/es\/wp-json\/wp\/v2\/product\/177825","targetHints":{"allow":["GET"]}}],"collection":[{"href":"https:\/\/csunitec.com\/es\/wp-json\/wp\/v2\/product"}],"about":[{"href":"https:\/\/csunitec.com\/es\/wp-json\/wp\/v2\/types\/product"}],"wp:featuredmedia":[{"embeddable":true,"href":"https:\/\/csunitec.com\/es\/wp-json\/wp\/v2\/media\/174115"}],"wp:attachment":[{"href":"https:\/\/csunitec.com\/es\/wp-json\/wp\/v2\/media?parent=177825"}],"wp:term":[{"taxonomy":"product_brand","embeddable":true,"href":"https:\/\/csunitec.com\/es\/wp-json\/wp\/v2\/product_brand?post=177825"},{"taxonomy":"product_cat","embeddable":true,"href":"https:\/\/csunitec.com\/es\/wp-json\/wp\/v2\/product_cat?post=177825"},{"taxonomy":"product_tag","embeddable":true,"href":"https:\/\/csunitec.com\/es\/wp-json\/wp\/v2\/product_tag?post=177825"},{"taxonomy":"accessory_type","embeddable":true,"href":"https:\/\/csunitec.com\/es\/wp-json\/wp\/v2\/accessory_type?post=177825"},{"taxonomy":"application","embeddable":true,"href":"https:\/\/csunitec.com\/es\/wp-json\/wp\/v2\/application?post=177825"},{"taxonomy":"hand_tool_type","embeddable":true,"href":"https:\/\/csunitec.com\/es\/wp-json\/wp\/v2\/hand_tool_type?post=177825"},{"taxonomy":"industry","embeddable":true,"href":"https:\/\/csunitec.com\/es\/wp-json\/wp\/v2\/industry?post=177825"},{"taxonomy":"material","embeddable":true,"href":"https:\/\/csunitec.com\/es\/wp-json\/wp\/v2\/material?post=177825"},{"taxonomy":"power_tool_type","embeddable":true,"href":"https:\/\/csunitec.com\/es\/wp-json\/wp\/v2\/power_tool_type?post=177825"},{"taxonomy":"power_type","embeddable":true,"href":"https:\/\/csunitec.com\/es\/wp-json\/wp\/v2\/power_type?post=177825"},{"taxonomy":"subcategory","embeddable":true,"href":"https:\/\/csunitec.com\/es\/wp-json\/wp\/v2\/subcategory?post=177825"},{"taxonomy":"tool_type","embeddable":true,"href":"https:\/\/csunitec.com\/es\/wp-json\/wp\/v2\/tool_type?post=177825"}],"curies":[{"name":"wp","href":"https:\/\/api.w.org\/{rel}","templated":true}]}}