{"id":177835,"date":"2026-04-14T16:12:21","date_gmt":"2026-04-14T16:12:21","guid":{"rendered":"https:\/\/stgcsunitec.wpenginepowered.com\/product\/inox-protect-sellador-duro\/"},"modified":"2026-04-14T16:12:21","modified_gmt":"2026-04-14T20:12:21","slug":"inox-protect-sellador-duro","status":"publish","type":"product","link":"https:\/\/csunitec.com\/es\/producto\/inox-protect-sellador-duro\/","title":{"rendered":"INOX-Protect (sellador duro)"},"content":{"rendered":"<ul>\n<li>INOX-Protect se utiliza para proteger las superficies met\u00e1licas acabadas y pulidas.<\/li>\n<li>Se utiliza habitualmente en acero inoxidable, acero, aluminio, lat\u00f3n, cobre, etc.<\/li>\n<li>S\u00f3lo para uso en interiores.<\/li>\n<\/ul>\n","protected":false},"excerpt":{"rendered":"<ul>\n<li>Sellador duro para proteger las superficies met\u00e1licas acabadas y pulidas<\/li>\n<li>S\u00f3lo para uso en interiores<\/li>\n<li>Elimina las huellas dactilares y otras suciedades<\/li>\n<\/ul>\n","protected":false},"featured_media":173867,"template":"","meta":[],"product_brand":[],"product_cat":[1124],"product_tag":[],"accessory_type":[927],"application":[],"hand_tool_type":[],"industry":[933],"material":[],"power_tool_type":[],"power_type":[],"subcategory":[1125],"tool_type":[943],"class_list":{"0":"post-177835","1":"product","2":"type-product","3":"status-publish","4":"has-post-thumbnail","6":"product_cat-acabado-de-superficies-metalicas","7":"accessory_type-accesorio","8":"industry-metalurgia-2","9":"subcategory-sistemas-de-acabado-lineal","10":"tool_type-accesorio","12":"first","13":"instock","14":"shipping-taxable","15":"purchasable","16":"product-type-variable"},"yoast_head":"<!-- This site is optimized with the Yoast SEO plugin v27.5 - https:\/\/yoast.com\/product\/yoast-seo-wordpress\/ -->\n<title>INOX-Protect (sellador duro) - CS Unitec<\/title>\n<meta name=\"description\" content=\"INOX-Protect se utiliza despu\u00e9s del acabado lineal para proteger las superficies met\u00e1licas acabadas y pulidas. Util\u00edzalo en acero inoxidable, acero, aluminio y otros metales.\" \/>\n<meta name=\"robots\" content=\"index, follow, max-snippet:-1, max-image-preview:large, max-video-preview:-1\" \/>\n<link rel=\"canonical\" href=\"https:\/\/csunitec.com\/es\/producto\/inox-protect-sellador-duro\/\" \/>\n<meta property=\"og:locale\" content=\"es_ES\" \/>\n<meta property=\"og:type\" content=\"article\" \/>\n<meta property=\"og:title\" content=\"INOX-Protect (sellador duro) - CS Unitec\" \/>\n<meta property=\"og:description\" content=\"INOX-Protect se utiliza despu\u00e9s del acabado lineal para proteger las superficies met\u00e1licas acabadas y pulidas. Util\u00edzalo en acero inoxidable, acero, aluminio y otros metales.\" \/>\n<meta property=\"og:url\" content=\"https:\/\/csunitec.com\/es\/producto\/inox-protect-sellador-duro\/\" \/>\n<meta property=\"og:site_name\" content=\"CS Unitec\" \/>\n<meta property=\"article:modified_time\" content=\"2026-04-14T20:12:21+00:00\" \/>\n<meta property=\"og:image\" content=\"https:\/\/csunitec.com\/wp-content\/uploads\/2026\/04\/40040-Tool-1.jpg\" \/>\n\t<meta property=\"og:image:width\" content=\"700\" \/>\n\t<meta property=\"og:image:height\" content=\"700\" \/>\n\t<meta property=\"og:image:type\" content=\"image\/jpeg\" \/>\n<meta name=\"twitter:card\" content=\"summary_large_image\" \/>\n<script type=\"application\/ld+json\" class=\"yoast-schema-graph\">{\"@context\":\"https:\\\/\\\/schema.org\",\"@graph\":[{\"@type\":\"WebPage\",\"@id\":\"https:\\\/\\\/csunitec.com\\\/es\\\/producto\\\/inox-protect-sellador-duro\\\/\",\"url\":\"https:\\\/\\\/csunitec.com\\\/es\\\/producto\\\/inox-protect-sellador-duro\\\/\",\"name\":\"INOX-Protect (sellador duro) - CS Unitec\",\"isPartOf\":{\"@id\":\"https:\\\/\\\/csunitec.com\\\/es\\\/#website\"},\"primaryImageOfPage\":{\"@id\":\"https:\\\/\\\/csunitec.com\\\/es\\\/producto\\\/inox-protect-sellador-duro\\\/#primaryimage\"},\"image\":{\"@id\":\"https:\\\/\\\/csunitec.com\\\/es\\\/producto\\\/inox-protect-sellador-duro\\\/#primaryimage\"},\"thumbnailUrl\":\"https:\\\/\\\/csunitec.com\\\/wp-content\\\/uploads\\\/2026\\\/04\\\/40040-Tool-1.jpg\",\"datePublished\":\"2026-04-14T16:12:21+00:00\",\"dateModified\":\"2026-04-14T20:12:21+00:00\",\"description\":\"INOX-Protect se utiliza despu\u00e9s del acabado lineal para proteger las superficies met\u00e1licas acabadas y pulidas. Util\u00edzalo en acero inoxidable, acero, aluminio y otros metales.\",\"breadcrumb\":{\"@id\":\"https:\\\/\\\/csunitec.com\\\/es\\\/producto\\\/inox-protect-sellador-duro\\\/#breadcrumb\"},\"inLanguage\":\"es\",\"potentialAction\":[{\"@type\":\"ReadAction\",\"target\":[\"https:\\\/\\\/csunitec.com\\\/es\\\/producto\\\/inox-protect-sellador-duro\\\/\"]}]},{\"@type\":\"ImageObject\",\"inLanguage\":\"es\",\"@id\":\"https:\\\/\\\/csunitec.com\\\/es\\\/producto\\\/inox-protect-sellador-duro\\\/#primaryimage\",\"url\":\"https:\\\/\\\/csunitec.com\\\/wp-content\\\/uploads\\\/2026\\\/04\\\/40040-Tool-1.jpg\",\"contentUrl\":\"https:\\\/\\\/csunitec.com\\\/wp-content\\\/uploads\\\/2026\\\/04\\\/40040-Tool-1.jpg\",\"width\":700,\"height\":700},{\"@type\":\"BreadcrumbList\",\"@id\":\"https:\\\/\\\/csunitec.com\\\/es\\\/producto\\\/inox-protect-sellador-duro\\\/#breadcrumb\",\"itemListElement\":[{\"@type\":\"ListItem\",\"position\":1,\"name\":\"Inicio\",\"item\":\"https:\\\/\\\/csunitec.com\\\/es\\\/\"},{\"@type\":\"ListItem\",\"position\":2,\"name\":\"Tienda\",\"item\":\"https:\\\/\\\/csunitec.com\\\/es\\\/tienda\\\/\"},{\"@type\":\"ListItem\",\"position\":3,\"name\":\"INOX-Protect (sellador duro)\"}]},{\"@type\":\"WebSite\",\"@id\":\"https:\\\/\\\/csunitec.com\\\/es\\\/#website\",\"url\":\"https:\\\/\\\/csunitec.com\\\/es\\\/\",\"name\":\"CS Unitec\",\"description\":\"\",\"potentialAction\":[{\"@type\":\"SearchAction\",\"target\":{\"@type\":\"EntryPoint\",\"urlTemplate\":\"https:\\\/\\\/csunitec.com\\\/es\\\/?s={search_term_string}\"},\"query-input\":{\"@type\":\"PropertyValueSpecification\",\"valueRequired\":true,\"valueName\":\"search_term_string\"}}],\"inLanguage\":\"es\"}]}<\/script>\n<!-- \/ Yoast SEO plugin. -->","yoast_head_json":{"title":"INOX-Protect (sellador duro) - CS Unitec","description":"INOX-Protect se utiliza despu\u00e9s del acabado lineal para proteger las superficies met\u00e1licas acabadas y pulidas. Util\u00edzalo en acero inoxidable, acero, aluminio y otros metales.","robots":{"index":"index","follow":"follow","max-snippet":"max-snippet:-1","max-image-preview":"max-image-preview:large","max-video-preview":"max-video-preview:-1"},"canonical":"https:\/\/csunitec.com\/es\/producto\/inox-protect-sellador-duro\/","og_locale":"es_ES","og_type":"article","og_title":"INOX-Protect (sellador duro) - CS Unitec","og_description":"INOX-Protect se utiliza despu\u00e9s del acabado lineal para proteger las superficies met\u00e1licas acabadas y pulidas. Util\u00edzalo en acero inoxidable, acero, aluminio y otros metales.","og_url":"https:\/\/csunitec.com\/es\/producto\/inox-protect-sellador-duro\/","og_site_name":"CS Unitec","article_modified_time":"2026-04-14T20:12:21+00:00","og_image":[{"width":700,"height":700,"url":"https:\/\/csunitec.com\/wp-content\/uploads\/2026\/04\/40040-Tool-1.jpg","type":"image\/jpeg"}],"twitter_card":"summary_large_image","schema":{"@context":"https:\/\/schema.org","@graph":[{"@type":"WebPage","@id":"https:\/\/csunitec.com\/es\/producto\/inox-protect-sellador-duro\/","url":"https:\/\/csunitec.com\/es\/producto\/inox-protect-sellador-duro\/","name":"INOX-Protect (sellador duro) - CS Unitec","isPartOf":{"@id":"https:\/\/csunitec.com\/es\/#website"},"primaryImageOfPage":{"@id":"https:\/\/csunitec.com\/es\/producto\/inox-protect-sellador-duro\/#primaryimage"},"image":{"@id":"https:\/\/csunitec.com\/es\/producto\/inox-protect-sellador-duro\/#primaryimage"},"thumbnailUrl":"https:\/\/csunitec.com\/wp-content\/uploads\/2026\/04\/40040-Tool-1.jpg","datePublished":"2026-04-14T16:12:21+00:00","dateModified":"2026-04-14T20:12:21+00:00","description":"INOX-Protect se utiliza despu\u00e9s del acabado lineal para proteger las superficies met\u00e1licas acabadas y pulidas. Util\u00edzalo en acero inoxidable, acero, aluminio y otros metales.","breadcrumb":{"@id":"https:\/\/csunitec.com\/es\/producto\/inox-protect-sellador-duro\/#breadcrumb"},"inLanguage":"es","potentialAction":[{"@type":"ReadAction","target":["https:\/\/csunitec.com\/es\/producto\/inox-protect-sellador-duro\/"]}]},{"@type":"ImageObject","inLanguage":"es","@id":"https:\/\/csunitec.com\/es\/producto\/inox-protect-sellador-duro\/#primaryimage","url":"https:\/\/csunitec.com\/wp-content\/uploads\/2026\/04\/40040-Tool-1.jpg","contentUrl":"https:\/\/csunitec.com\/wp-content\/uploads\/2026\/04\/40040-Tool-1.jpg","width":700,"height":700},{"@type":"BreadcrumbList","@id":"https:\/\/csunitec.com\/es\/producto\/inox-protect-sellador-duro\/#breadcrumb","itemListElement":[{"@type":"ListItem","position":1,"name":"Inicio","item":"https:\/\/csunitec.com\/es\/"},{"@type":"ListItem","position":2,"name":"Tienda","item":"https:\/\/csunitec.com\/es\/tienda\/"},{"@type":"ListItem","position":3,"name":"INOX-Protect (sellador duro)"}]},{"@type":"WebSite","@id":"https:\/\/csunitec.com\/es\/#website","url":"https:\/\/csunitec.com\/es\/","name":"CS Unitec","description":"","potentialAction":[{"@type":"SearchAction","target":{"@type":"EntryPoint","urlTemplate":"https:\/\/csunitec.com\/es\/?s={search_term_string}"},"query-input":{"@type":"PropertyValueSpecification","valueRequired":true,"valueName":"search_term_string"}}],"inLanguage":"es"}]}},"_links":{"self":[{"href":"https:\/\/csunitec.com\/es\/wp-json\/wp\/v2\/product\/177835","targetHints":{"allow":["GET"]}}],"collection":[{"href":"https:\/\/csunitec.com\/es\/wp-json\/wp\/v2\/product"}],"about":[{"href":"https:\/\/csunitec.com\/es\/wp-json\/wp\/v2\/types\/product"}],"wp:featuredmedia":[{"embeddable":true,"href":"https:\/\/csunitec.com\/es\/wp-json\/wp\/v2\/media\/173867"}],"wp:attachment":[{"href":"https:\/\/csunitec.com\/es\/wp-json\/wp\/v2\/media?parent=177835"}],"wp:term":[{"taxonomy":"product_brand","embeddable":true,"href":"https:\/\/csunitec.com\/es\/wp-json\/wp\/v2\/product_brand?post=177835"},{"taxonomy":"product_cat","embeddable":true,"href":"https:\/\/csunitec.com\/es\/wp-json\/wp\/v2\/product_cat?post=177835"},{"taxonomy":"product_tag","embeddable":true,"href":"https:\/\/csunitec.com\/es\/wp-json\/wp\/v2\/product_tag?post=177835"},{"taxonomy":"accessory_type","embeddable":true,"href":"https:\/\/csunitec.com\/es\/wp-json\/wp\/v2\/accessory_type?post=177835"},{"taxonomy":"application","embeddable":true,"href":"https:\/\/csunitec.com\/es\/wp-json\/wp\/v2\/application?post=177835"},{"taxonomy":"hand_tool_type","embeddable":true,"href":"https:\/\/csunitec.com\/es\/wp-json\/wp\/v2\/hand_tool_type?post=177835"},{"taxonomy":"industry","embeddable":true,"href":"https:\/\/csunitec.com\/es\/wp-json\/wp\/v2\/industry?post=177835"},{"taxonomy":"material","embeddable":true,"href":"https:\/\/csunitec.com\/es\/wp-json\/wp\/v2\/material?post=177835"},{"taxonomy":"power_tool_type","embeddable":true,"href":"https:\/\/csunitec.com\/es\/wp-json\/wp\/v2\/power_tool_type?post=177835"},{"taxonomy":"power_type","embeddable":true,"href":"https:\/\/csunitec.com\/es\/wp-json\/wp\/v2\/power_type?post=177835"},{"taxonomy":"subcategory","embeddable":true,"href":"https:\/\/csunitec.com\/es\/wp-json\/wp\/v2\/subcategory?post=177835"},{"taxonomy":"tool_type","embeddable":true,"href":"https:\/\/csunitec.com\/es\/wp-json\/wp\/v2\/tool_type?post=177835"}],"curies":[{"name":"wp","href":"https:\/\/api.w.org\/{rel}","templated":true}]}}