{"id":177844,"date":"2026-04-14T15:11:24","date_gmt":"2026-04-14T15:11:24","guid":{"rendered":"https:\/\/stgcsunitec.wpenginepowered.com\/product\/ptx-brightex-polvo-limpiador-suave-no-caustico\/"},"modified":"2026-04-14T15:11:24","modified_gmt":"2026-04-14T19:11:24","slug":"ptx-brightex-polvo-limpiador-suave-no-caustico","status":"publish","type":"product","link":"https:\/\/csunitec.com\/es\/producto\/ptx-brightex-polvo-limpiador-suave-no-caustico\/","title":{"rendered":"PTX Brightex\u00ae Polvo Limpiador Suave (no c\u00e1ustico)"},"content":{"rendered":"<ul>\n<li>PTX Brightex\u00ae Polvo Limpiador Suave no es c\u00e1ustico, adecuado para la limpieza rutinaria de superficies pulidas de acero inoxidable<\/li>\n<li>Dise\u00f1ado espec\u00edficamente para eliminar los restos de cremas, pastas y compuestos de pulido del acero inoxidable y otros metales.<\/li>\n<li>Se utiliza como \u00faltimo paso en el proceso de acabado para obtener una superficie limpia, uniforme y pulida.<\/li>\n<\/ul>\n","protected":false},"excerpt":{"rendered":"<ul>\n<li>Elimina pastas y compuestos para dejar una superficie limpia y acabada<\/li>\n<li>Util\u00edzalo en aluminio, acero inoxidable y otros metales<\/li>\n<li>Esp\u00e1rcelo por la superficie y l\u00edmpialo con un pa\u00f1o de microfibra<\/li>\n<\/ul>\n","protected":false},"featured_media":173866,"template":"","meta":[],"product_brand":[],"product_cat":[1124],"product_tag":[],"accessory_type":[],"application":[],"hand_tool_type":[],"industry":[933],"material":[],"power_tool_type":[],"power_type":[],"subcategory":[1125],"tool_type":[943],"class_list":{"0":"post-177844","1":"product","2":"type-product","3":"status-publish","4":"has-post-thumbnail","6":"product_cat-acabado-de-superficies-metalicas","7":"industry-metalurgia-2","8":"subcategory-sistemas-de-acabado-lineal","9":"tool_type-accesorio","11":"first","12":"instock","13":"shipping-taxable","14":"purchasable","15":"product-type-variable"},"yoast_head":"<!-- This site is optimized with the Yoast SEO plugin v27.5 - https:\/\/yoast.com\/product\/yoast-seo-wordpress\/ -->\n<title>PTX Brightex\u00ae Polvo Limpiador Suave (no c\u00e1ustico) - CS Unitec<\/title>\n<meta name=\"description\" content=\"PTX Brightex\u00ae Polvo Limpiador Suave para usar con sistemas de acabado lineales. Elimina los restos de cremas, pastas y residuos de pulido del acero inoxidable y otros materiales\" \/>\n<meta name=\"robots\" content=\"index, follow, max-snippet:-1, max-image-preview:large, max-video-preview:-1\" \/>\n<link rel=\"canonical\" href=\"https:\/\/csunitec.com\/es\/producto\/ptx-brightex-polvo-limpiador-suave-no-caustico\/\" \/>\n<meta property=\"og:locale\" content=\"es_ES\" \/>\n<meta property=\"og:type\" content=\"article\" \/>\n<meta property=\"og:title\" content=\"PTX Brightex\u00ae Polvo Limpiador Suave (no c\u00e1ustico) - CS Unitec\" \/>\n<meta property=\"og:description\" content=\"PTX Brightex\u00ae Polvo Limpiador Suave para usar con sistemas de acabado lineales. Elimina los restos de cremas, pastas y residuos de pulido del acero inoxidable y otros materiales\" \/>\n<meta property=\"og:url\" content=\"https:\/\/csunitec.com\/es\/producto\/ptx-brightex-polvo-limpiador-suave-no-caustico\/\" \/>\n<meta property=\"og:site_name\" content=\"CS Unitec\" \/>\n<meta property=\"article:modified_time\" content=\"2026-04-14T19:11:24+00:00\" \/>\n<meta property=\"og:image\" content=\"https:\/\/csunitec.com\/wp-content\/uploads\/2026\/04\/40029_clean_powder_can_380x310-1.jpg\" \/>\n\t<meta property=\"og:image:width\" content=\"500\" \/>\n\t<meta property=\"og:image:height\" content=\"500\" \/>\n\t<meta property=\"og:image:type\" content=\"image\/jpeg\" \/>\n<meta name=\"twitter:card\" content=\"summary_large_image\" \/>\n<script type=\"application\/ld+json\" class=\"yoast-schema-graph\">{\"@context\":\"https:\\\/\\\/schema.org\",\"@graph\":[{\"@type\":\"WebPage\",\"@id\":\"https:\\\/\\\/csunitec.com\\\/es\\\/producto\\\/ptx-brightex-polvo-limpiador-suave-no-caustico\\\/\",\"url\":\"https:\\\/\\\/csunitec.com\\\/es\\\/producto\\\/ptx-brightex-polvo-limpiador-suave-no-caustico\\\/\",\"name\":\"PTX Brightex\u00ae Polvo Limpiador Suave (no c\u00e1ustico) - CS Unitec\",\"isPartOf\":{\"@id\":\"https:\\\/\\\/csunitec.com\\\/es\\\/#website\"},\"primaryImageOfPage\":{\"@id\":\"https:\\\/\\\/csunitec.com\\\/es\\\/producto\\\/ptx-brightex-polvo-limpiador-suave-no-caustico\\\/#primaryimage\"},\"image\":{\"@id\":\"https:\\\/\\\/csunitec.com\\\/es\\\/producto\\\/ptx-brightex-polvo-limpiador-suave-no-caustico\\\/#primaryimage\"},\"thumbnailUrl\":\"https:\\\/\\\/csunitec.com\\\/wp-content\\\/uploads\\\/2026\\\/04\\\/40029_clean_powder_can_380x310-1.jpg\",\"datePublished\":\"2026-04-14T15:11:24+00:00\",\"dateModified\":\"2026-04-14T19:11:24+00:00\",\"description\":\"PTX Brightex\u00ae Polvo Limpiador Suave para usar con sistemas de acabado lineales. Elimina los restos de cremas, pastas y residuos de pulido del acero inoxidable y otros materiales\",\"breadcrumb\":{\"@id\":\"https:\\\/\\\/csunitec.com\\\/es\\\/producto\\\/ptx-brightex-polvo-limpiador-suave-no-caustico\\\/#breadcrumb\"},\"inLanguage\":\"es\",\"potentialAction\":[{\"@type\":\"ReadAction\",\"target\":[\"https:\\\/\\\/csunitec.com\\\/es\\\/producto\\\/ptx-brightex-polvo-limpiador-suave-no-caustico\\\/\"]}]},{\"@type\":\"ImageObject\",\"inLanguage\":\"es\",\"@id\":\"https:\\\/\\\/csunitec.com\\\/es\\\/producto\\\/ptx-brightex-polvo-limpiador-suave-no-caustico\\\/#primaryimage\",\"url\":\"https:\\\/\\\/csunitec.com\\\/wp-content\\\/uploads\\\/2026\\\/04\\\/40029_clean_powder_can_380x310-1.jpg\",\"contentUrl\":\"https:\\\/\\\/csunitec.com\\\/wp-content\\\/uploads\\\/2026\\\/04\\\/40029_clean_powder_can_380x310-1.jpg\",\"width\":500,\"height\":500},{\"@type\":\"BreadcrumbList\",\"@id\":\"https:\\\/\\\/csunitec.com\\\/es\\\/producto\\\/ptx-brightex-polvo-limpiador-suave-no-caustico\\\/#breadcrumb\",\"itemListElement\":[{\"@type\":\"ListItem\",\"position\":1,\"name\":\"Inicio\",\"item\":\"https:\\\/\\\/csunitec.com\\\/es\\\/\"},{\"@type\":\"ListItem\",\"position\":2,\"name\":\"Tienda\",\"item\":\"https:\\\/\\\/csunitec.com\\\/es\\\/tienda\\\/\"},{\"@type\":\"ListItem\",\"position\":3,\"name\":\"PTX Brightex\u00ae Polvo Limpiador Suave (no c\u00e1ustico)\"}]},{\"@type\":\"WebSite\",\"@id\":\"https:\\\/\\\/csunitec.com\\\/es\\\/#website\",\"url\":\"https:\\\/\\\/csunitec.com\\\/es\\\/\",\"name\":\"CS Unitec\",\"description\":\"\",\"potentialAction\":[{\"@type\":\"SearchAction\",\"target\":{\"@type\":\"EntryPoint\",\"urlTemplate\":\"https:\\\/\\\/csunitec.com\\\/es\\\/?s={search_term_string}\"},\"query-input\":{\"@type\":\"PropertyValueSpecification\",\"valueRequired\":true,\"valueName\":\"search_term_string\"}}],\"inLanguage\":\"es\"}]}<\/script>\n<!-- \/ Yoast SEO plugin. -->","yoast_head_json":{"title":"PTX Brightex\u00ae Polvo Limpiador Suave (no c\u00e1ustico) - CS Unitec","description":"PTX Brightex\u00ae Polvo Limpiador Suave para usar con sistemas de acabado lineales. Elimina los restos de cremas, pastas y residuos de pulido del acero inoxidable y otros materiales","robots":{"index":"index","follow":"follow","max-snippet":"max-snippet:-1","max-image-preview":"max-image-preview:large","max-video-preview":"max-video-preview:-1"},"canonical":"https:\/\/csunitec.com\/es\/producto\/ptx-brightex-polvo-limpiador-suave-no-caustico\/","og_locale":"es_ES","og_type":"article","og_title":"PTX Brightex\u00ae Polvo Limpiador Suave (no c\u00e1ustico) - CS Unitec","og_description":"PTX Brightex\u00ae Polvo Limpiador Suave para usar con sistemas de acabado lineales. Elimina los restos de cremas, pastas y residuos de pulido del acero inoxidable y otros materiales","og_url":"https:\/\/csunitec.com\/es\/producto\/ptx-brightex-polvo-limpiador-suave-no-caustico\/","og_site_name":"CS Unitec","article_modified_time":"2026-04-14T19:11:24+00:00","og_image":[{"width":500,"height":500,"url":"https:\/\/csunitec.com\/wp-content\/uploads\/2026\/04\/40029_clean_powder_can_380x310-1.jpg","type":"image\/jpeg"}],"twitter_card":"summary_large_image","schema":{"@context":"https:\/\/schema.org","@graph":[{"@type":"WebPage","@id":"https:\/\/csunitec.com\/es\/producto\/ptx-brightex-polvo-limpiador-suave-no-caustico\/","url":"https:\/\/csunitec.com\/es\/producto\/ptx-brightex-polvo-limpiador-suave-no-caustico\/","name":"PTX Brightex\u00ae Polvo Limpiador Suave (no c\u00e1ustico) - CS Unitec","isPartOf":{"@id":"https:\/\/csunitec.com\/es\/#website"},"primaryImageOfPage":{"@id":"https:\/\/csunitec.com\/es\/producto\/ptx-brightex-polvo-limpiador-suave-no-caustico\/#primaryimage"},"image":{"@id":"https:\/\/csunitec.com\/es\/producto\/ptx-brightex-polvo-limpiador-suave-no-caustico\/#primaryimage"},"thumbnailUrl":"https:\/\/csunitec.com\/wp-content\/uploads\/2026\/04\/40029_clean_powder_can_380x310-1.jpg","datePublished":"2026-04-14T15:11:24+00:00","dateModified":"2026-04-14T19:11:24+00:00","description":"PTX Brightex\u00ae Polvo Limpiador Suave para usar con sistemas de acabado lineales. Elimina los restos de cremas, pastas y residuos de pulido del acero inoxidable y otros materiales","breadcrumb":{"@id":"https:\/\/csunitec.com\/es\/producto\/ptx-brightex-polvo-limpiador-suave-no-caustico\/#breadcrumb"},"inLanguage":"es","potentialAction":[{"@type":"ReadAction","target":["https:\/\/csunitec.com\/es\/producto\/ptx-brightex-polvo-limpiador-suave-no-caustico\/"]}]},{"@type":"ImageObject","inLanguage":"es","@id":"https:\/\/csunitec.com\/es\/producto\/ptx-brightex-polvo-limpiador-suave-no-caustico\/#primaryimage","url":"https:\/\/csunitec.com\/wp-content\/uploads\/2026\/04\/40029_clean_powder_can_380x310-1.jpg","contentUrl":"https:\/\/csunitec.com\/wp-content\/uploads\/2026\/04\/40029_clean_powder_can_380x310-1.jpg","width":500,"height":500},{"@type":"BreadcrumbList","@id":"https:\/\/csunitec.com\/es\/producto\/ptx-brightex-polvo-limpiador-suave-no-caustico\/#breadcrumb","itemListElement":[{"@type":"ListItem","position":1,"name":"Inicio","item":"https:\/\/csunitec.com\/es\/"},{"@type":"ListItem","position":2,"name":"Tienda","item":"https:\/\/csunitec.com\/es\/tienda\/"},{"@type":"ListItem","position":3,"name":"PTX Brightex\u00ae Polvo Limpiador Suave (no c\u00e1ustico)"}]},{"@type":"WebSite","@id":"https:\/\/csunitec.com\/es\/#website","url":"https:\/\/csunitec.com\/es\/","name":"CS Unitec","description":"","potentialAction":[{"@type":"SearchAction","target":{"@type":"EntryPoint","urlTemplate":"https:\/\/csunitec.com\/es\/?s={search_term_string}"},"query-input":{"@type":"PropertyValueSpecification","valueRequired":true,"valueName":"search_term_string"}}],"inLanguage":"es"}]}},"_links":{"self":[{"href":"https:\/\/csunitec.com\/es\/wp-json\/wp\/v2\/product\/177844","targetHints":{"allow":["GET"]}}],"collection":[{"href":"https:\/\/csunitec.com\/es\/wp-json\/wp\/v2\/product"}],"about":[{"href":"https:\/\/csunitec.com\/es\/wp-json\/wp\/v2\/types\/product"}],"wp:featuredmedia":[{"embeddable":true,"href":"https:\/\/csunitec.com\/es\/wp-json\/wp\/v2\/media\/173866"}],"wp:attachment":[{"href":"https:\/\/csunitec.com\/es\/wp-json\/wp\/v2\/media?parent=177844"}],"wp:term":[{"taxonomy":"product_brand","embeddable":true,"href":"https:\/\/csunitec.com\/es\/wp-json\/wp\/v2\/product_brand?post=177844"},{"taxonomy":"product_cat","embeddable":true,"href":"https:\/\/csunitec.com\/es\/wp-json\/wp\/v2\/product_cat?post=177844"},{"taxonomy":"product_tag","embeddable":true,"href":"https:\/\/csunitec.com\/es\/wp-json\/wp\/v2\/product_tag?post=177844"},{"taxonomy":"accessory_type","embeddable":true,"href":"https:\/\/csunitec.com\/es\/wp-json\/wp\/v2\/accessory_type?post=177844"},{"taxonomy":"application","embeddable":true,"href":"https:\/\/csunitec.com\/es\/wp-json\/wp\/v2\/application?post=177844"},{"taxonomy":"hand_tool_type","embeddable":true,"href":"https:\/\/csunitec.com\/es\/wp-json\/wp\/v2\/hand_tool_type?post=177844"},{"taxonomy":"industry","embeddable":true,"href":"https:\/\/csunitec.com\/es\/wp-json\/wp\/v2\/industry?post=177844"},{"taxonomy":"material","embeddable":true,"href":"https:\/\/csunitec.com\/es\/wp-json\/wp\/v2\/material?post=177844"},{"taxonomy":"power_tool_type","embeddable":true,"href":"https:\/\/csunitec.com\/es\/wp-json\/wp\/v2\/power_tool_type?post=177844"},{"taxonomy":"power_type","embeddable":true,"href":"https:\/\/csunitec.com\/es\/wp-json\/wp\/v2\/power_type?post=177844"},{"taxonomy":"subcategory","embeddable":true,"href":"https:\/\/csunitec.com\/es\/wp-json\/wp\/v2\/subcategory?post=177844"},{"taxonomy":"tool_type","embeddable":true,"href":"https:\/\/csunitec.com\/es\/wp-json\/wp\/v2\/tool_type?post=177844"}],"curies":[{"name":"wp","href":"https:\/\/api.w.org\/{rel}","templated":true}]}}