{"id":177877,"date":"2024-12-10T05:13:20","date_gmt":"2024-12-10T05:13:20","guid":{"rendered":"https:\/\/stgcsunitec.wpenginepowered.com\/product\/cuchillas-rascadoras\/"},"modified":"2026-04-26T17:00:24","modified_gmt":"2026-04-26T21:00:24","slug":"cuchillas-rascadoras","status":"publish","type":"product","link":"https:\/\/csunitec.com\/es\/producto\/cuchillas-rascadoras\/","title":{"rendered":"Cuchillas rascadoras"},"content":{"rendered":"<ul>\n<li>Las cuchillas rascadoras de suelos est\u00e1n dise\u00f1adas para quitar lin\u00f3leo, vinilo, moqueta, suelos de goma y otros revestimientos de suelos adheridos con resultados limpios y eficaces.<\/li>\n<li>Son ideales para decapar adhesivos gruesos, masillas, revestimientos y residuos resistentes. Se utilizan en proyectos de renovaci\u00f3n, demolici\u00f3n y preparaci\u00f3n de superficies. <\/li>\n<li>Las cuchillas est\u00e1n dise\u00f1adas para su uso en hormig\u00f3n, subsuelos de madera y superficies revestidas de baldosas. Adecuadas para una amplia gama de tareas de retirada de suelos comerciales y residenciales. <\/li>\n<li>Las opciones de las cuchillas rascadoras de suelos permiten a los operarios enfrentarse a materiales dif\u00edciles, como baldosas de cer\u00e1mica, parqu\u00e9 y revestimientos endurecidos, que requieren una fuerza de corte precisa.<\/li>\n<li>Estas cuchillas permiten eliminar r\u00e1pidamente el material en grandes superficies de suelo. Ayudan a los contratistas a preparar las superficies para nuevos sistemas de suelos o revestimientos. <\/li>\n<\/ul>\n","protected":false},"excerpt":{"rendered":"<ul>\n<li>Para eliminar moqueta adherida, vinilo, lin\u00f3leo, corcho, tierra compactada, \u00a1y mucho m\u00e1s!<\/li>\n<\/ul>\n","protected":false},"featured_media":15291,"template":"","meta":[],"product_brand":[],"product_cat":[1033],"product_tag":[1137],"accessory_type":[927],"application":[1035],"hand_tool_type":[],"industry":[933],"material":[],"power_tool_type":[],"power_type":[],"subcategory":[1098],"tool_type":[943],"class_list":{"0":"post-177877","1":"product","2":"type-product","3":"status-publish","4":"has-post-thumbnail","6":"product_cat-preparacion-de-superficies","7":"product_tag-accesorios-para-maquinas-fregadoras-de-suelos","8":"accessory_type-accesorio","9":"application-acabado-y-preparacion-de-superficies","10":"industry-metalurgia-2","11":"subcategory-maquinas-decapadoras","12":"tool_type-accesorio","14":"first","15":"instock","16":"shipping-taxable","17":"purchasable","18":"product-type-variable"},"yoast_head":"<!-- This site is optimized with the Yoast SEO plugin v27.5 - https:\/\/yoast.com\/product\/yoast-seo-wordpress\/ -->\n<title>Cuchillas rascadoras - CS Unitec<\/title>\n<meta name=\"description\" content=\"Las cuchillas rascadoras de suelos est\u00e1n dise\u00f1adas para quitar lin\u00f3leo, vinilo, moqueta, suelos de goma y otros revestimientos de suelos adheridos.\" \/>\n<meta name=\"robots\" content=\"index, follow, max-snippet:-1, max-image-preview:large, max-video-preview:-1\" \/>\n<link rel=\"canonical\" href=\"https:\/\/csunitec.com\/es\/producto\/cuchillas-rascadoras\/\" \/>\n<meta property=\"og:locale\" content=\"es_ES\" \/>\n<meta property=\"og:type\" content=\"article\" \/>\n<meta property=\"og:title\" content=\"Cuchillas rascadoras - CS Unitec\" \/>\n<meta property=\"og:description\" content=\"Las cuchillas rascadoras de suelos est\u00e1n dise\u00f1adas para quitar lin\u00f3leo, vinilo, moqueta, suelos de goma y otros revestimientos de suelos adheridos.\" \/>\n<meta property=\"og:url\" content=\"https:\/\/csunitec.com\/es\/producto\/cuchillas-rascadoras\/\" \/>\n<meta property=\"og:site_name\" content=\"CS Unitec\" \/>\n<meta property=\"article:modified_time\" content=\"2026-04-26T21:00:24+00:00\" \/>\n<meta property=\"og:image\" content=\"https:\/\/csunitec.com\/wp-content\/uploads\/2025\/03\/Floor-Stripper-Blades-1-2.png\" \/>\n\t<meta property=\"og:image:width\" content=\"1000\" \/>\n\t<meta property=\"og:image:height\" content=\"1000\" \/>\n\t<meta property=\"og:image:type\" content=\"image\/png\" \/>\n<meta name=\"twitter:card\" content=\"summary_large_image\" \/>\n<meta name=\"twitter:label1\" content=\"Tiempo de lectura\" \/>\n\t<meta name=\"twitter:data1\" content=\"1 minuto\" \/>\n<script type=\"application\/ld+json\" class=\"yoast-schema-graph\">{\"@context\":\"https:\\\/\\\/schema.org\",\"@graph\":[{\"@type\":\"WebPage\",\"@id\":\"https:\\\/\\\/csunitec.com\\\/es\\\/producto\\\/cuchillas-rascadoras\\\/\",\"url\":\"https:\\\/\\\/csunitec.com\\\/es\\\/producto\\\/cuchillas-rascadoras\\\/\",\"name\":\"Cuchillas rascadoras - CS Unitec\",\"isPartOf\":{\"@id\":\"https:\\\/\\\/csunitec.com\\\/es\\\/#website\"},\"primaryImageOfPage\":{\"@id\":\"https:\\\/\\\/csunitec.com\\\/es\\\/producto\\\/cuchillas-rascadoras\\\/#primaryimage\"},\"image\":{\"@id\":\"https:\\\/\\\/csunitec.com\\\/es\\\/producto\\\/cuchillas-rascadoras\\\/#primaryimage\"},\"thumbnailUrl\":\"https:\\\/\\\/csunitec.com\\\/wp-content\\\/uploads\\\/2025\\\/03\\\/Floor-Stripper-Blades-1-2.png\",\"datePublished\":\"2024-12-10T05:13:20+00:00\",\"dateModified\":\"2026-04-26T21:00:24+00:00\",\"description\":\"Las cuchillas rascadoras de suelos est\u00e1n dise\u00f1adas para quitar lin\u00f3leo, vinilo, moqueta, suelos de goma y otros revestimientos de suelos adheridos.\",\"breadcrumb\":{\"@id\":\"https:\\\/\\\/csunitec.com\\\/es\\\/producto\\\/cuchillas-rascadoras\\\/#breadcrumb\"},\"inLanguage\":\"es\",\"potentialAction\":[{\"@type\":\"ReadAction\",\"target\":[\"https:\\\/\\\/csunitec.com\\\/es\\\/producto\\\/cuchillas-rascadoras\\\/\"]}]},{\"@type\":\"ImageObject\",\"inLanguage\":\"es\",\"@id\":\"https:\\\/\\\/csunitec.com\\\/es\\\/producto\\\/cuchillas-rascadoras\\\/#primaryimage\",\"url\":\"https:\\\/\\\/csunitec.com\\\/wp-content\\\/uploads\\\/2025\\\/03\\\/Floor-Stripper-Blades-1-2.png\",\"contentUrl\":\"https:\\\/\\\/csunitec.com\\\/wp-content\\\/uploads\\\/2025\\\/03\\\/Floor-Stripper-Blades-1-2.png\",\"width\":1000,\"height\":1000},{\"@type\":\"BreadcrumbList\",\"@id\":\"https:\\\/\\\/csunitec.com\\\/es\\\/producto\\\/cuchillas-rascadoras\\\/#breadcrumb\",\"itemListElement\":[{\"@type\":\"ListItem\",\"position\":1,\"name\":\"Inicio\",\"item\":\"https:\\\/\\\/csunitec.com\\\/es\\\/\"},{\"@type\":\"ListItem\",\"position\":2,\"name\":\"Tienda\",\"item\":\"https:\\\/\\\/csunitec.com\\\/es\\\/tienda\\\/\"},{\"@type\":\"ListItem\",\"position\":3,\"name\":\"Cuchillas rascadoras\"}]},{\"@type\":\"WebSite\",\"@id\":\"https:\\\/\\\/csunitec.com\\\/es\\\/#website\",\"url\":\"https:\\\/\\\/csunitec.com\\\/es\\\/\",\"name\":\"CS Unitec\",\"description\":\"\",\"potentialAction\":[{\"@type\":\"SearchAction\",\"target\":{\"@type\":\"EntryPoint\",\"urlTemplate\":\"https:\\\/\\\/csunitec.com\\\/es\\\/?s={search_term_string}\"},\"query-input\":{\"@type\":\"PropertyValueSpecification\",\"valueRequired\":true,\"valueName\":\"search_term_string\"}}],\"inLanguage\":\"es\"}]}<\/script>\n<!-- \/ Yoast SEO plugin. -->","yoast_head_json":{"title":"Cuchillas rascadoras - CS Unitec","description":"Las cuchillas rascadoras de suelos est\u00e1n dise\u00f1adas para quitar lin\u00f3leo, vinilo, moqueta, suelos de goma y otros revestimientos de suelos adheridos.","robots":{"index":"index","follow":"follow","max-snippet":"max-snippet:-1","max-image-preview":"max-image-preview:large","max-video-preview":"max-video-preview:-1"},"canonical":"https:\/\/csunitec.com\/es\/producto\/cuchillas-rascadoras\/","og_locale":"es_ES","og_type":"article","og_title":"Cuchillas rascadoras - CS Unitec","og_description":"Las cuchillas rascadoras de suelos est\u00e1n dise\u00f1adas para quitar lin\u00f3leo, vinilo, moqueta, suelos de goma y otros revestimientos de suelos adheridos.","og_url":"https:\/\/csunitec.com\/es\/producto\/cuchillas-rascadoras\/","og_site_name":"CS Unitec","article_modified_time":"2026-04-26T21:00:24+00:00","og_image":[{"width":1000,"height":1000,"url":"https:\/\/csunitec.com\/wp-content\/uploads\/2025\/03\/Floor-Stripper-Blades-1-2.png","type":"image\/png"}],"twitter_card":"summary_large_image","twitter_misc":{"Tiempo de lectura":"1 minuto"},"schema":{"@context":"https:\/\/schema.org","@graph":[{"@type":"WebPage","@id":"https:\/\/csunitec.com\/es\/producto\/cuchillas-rascadoras\/","url":"https:\/\/csunitec.com\/es\/producto\/cuchillas-rascadoras\/","name":"Cuchillas rascadoras - CS Unitec","isPartOf":{"@id":"https:\/\/csunitec.com\/es\/#website"},"primaryImageOfPage":{"@id":"https:\/\/csunitec.com\/es\/producto\/cuchillas-rascadoras\/#primaryimage"},"image":{"@id":"https:\/\/csunitec.com\/es\/producto\/cuchillas-rascadoras\/#primaryimage"},"thumbnailUrl":"https:\/\/csunitec.com\/wp-content\/uploads\/2025\/03\/Floor-Stripper-Blades-1-2.png","datePublished":"2024-12-10T05:13:20+00:00","dateModified":"2026-04-26T21:00:24+00:00","description":"Las cuchillas rascadoras de suelos est\u00e1n dise\u00f1adas para quitar lin\u00f3leo, vinilo, moqueta, suelos de goma y otros revestimientos de suelos adheridos.","breadcrumb":{"@id":"https:\/\/csunitec.com\/es\/producto\/cuchillas-rascadoras\/#breadcrumb"},"inLanguage":"es","potentialAction":[{"@type":"ReadAction","target":["https:\/\/csunitec.com\/es\/producto\/cuchillas-rascadoras\/"]}]},{"@type":"ImageObject","inLanguage":"es","@id":"https:\/\/csunitec.com\/es\/producto\/cuchillas-rascadoras\/#primaryimage","url":"https:\/\/csunitec.com\/wp-content\/uploads\/2025\/03\/Floor-Stripper-Blades-1-2.png","contentUrl":"https:\/\/csunitec.com\/wp-content\/uploads\/2025\/03\/Floor-Stripper-Blades-1-2.png","width":1000,"height":1000},{"@type":"BreadcrumbList","@id":"https:\/\/csunitec.com\/es\/producto\/cuchillas-rascadoras\/#breadcrumb","itemListElement":[{"@type":"ListItem","position":1,"name":"Inicio","item":"https:\/\/csunitec.com\/es\/"},{"@type":"ListItem","position":2,"name":"Tienda","item":"https:\/\/csunitec.com\/es\/tienda\/"},{"@type":"ListItem","position":3,"name":"Cuchillas rascadoras"}]},{"@type":"WebSite","@id":"https:\/\/csunitec.com\/es\/#website","url":"https:\/\/csunitec.com\/es\/","name":"CS Unitec","description":"","potentialAction":[{"@type":"SearchAction","target":{"@type":"EntryPoint","urlTemplate":"https:\/\/csunitec.com\/es\/?s={search_term_string}"},"query-input":{"@type":"PropertyValueSpecification","valueRequired":true,"valueName":"search_term_string"}}],"inLanguage":"es"}]}},"_links":{"self":[{"href":"https:\/\/csunitec.com\/es\/wp-json\/wp\/v2\/product\/177877","targetHints":{"allow":["GET"]}}],"collection":[{"href":"https:\/\/csunitec.com\/es\/wp-json\/wp\/v2\/product"}],"about":[{"href":"https:\/\/csunitec.com\/es\/wp-json\/wp\/v2\/types\/product"}],"wp:featuredmedia":[{"embeddable":true,"href":"https:\/\/csunitec.com\/es\/wp-json\/wp\/v2\/media\/15291"}],"wp:attachment":[{"href":"https:\/\/csunitec.com\/es\/wp-json\/wp\/v2\/media?parent=177877"}],"wp:term":[{"taxonomy":"product_brand","embeddable":true,"href":"https:\/\/csunitec.com\/es\/wp-json\/wp\/v2\/product_brand?post=177877"},{"taxonomy":"product_cat","embeddable":true,"href":"https:\/\/csunitec.com\/es\/wp-json\/wp\/v2\/product_cat?post=177877"},{"taxonomy":"product_tag","embeddable":true,"href":"https:\/\/csunitec.com\/es\/wp-json\/wp\/v2\/product_tag?post=177877"},{"taxonomy":"accessory_type","embeddable":true,"href":"https:\/\/csunitec.com\/es\/wp-json\/wp\/v2\/accessory_type?post=177877"},{"taxonomy":"application","embeddable":true,"href":"https:\/\/csunitec.com\/es\/wp-json\/wp\/v2\/application?post=177877"},{"taxonomy":"hand_tool_type","embeddable":true,"href":"https:\/\/csunitec.com\/es\/wp-json\/wp\/v2\/hand_tool_type?post=177877"},{"taxonomy":"industry","embeddable":true,"href":"https:\/\/csunitec.com\/es\/wp-json\/wp\/v2\/industry?post=177877"},{"taxonomy":"material","embeddable":true,"href":"https:\/\/csunitec.com\/es\/wp-json\/wp\/v2\/material?post=177877"},{"taxonomy":"power_tool_type","embeddable":true,"href":"https:\/\/csunitec.com\/es\/wp-json\/wp\/v2\/power_tool_type?post=177877"},{"taxonomy":"power_type","embeddable":true,"href":"https:\/\/csunitec.com\/es\/wp-json\/wp\/v2\/power_type?post=177877"},{"taxonomy":"subcategory","embeddable":true,"href":"https:\/\/csunitec.com\/es\/wp-json\/wp\/v2\/subcategory?post=177877"},{"taxonomy":"tool_type","embeddable":true,"href":"https:\/\/csunitec.com\/es\/wp-json\/wp\/v2\/tool_type?post=177877"}],"curies":[{"name":"wp","href":"https:\/\/api.w.org\/{rel}","templated":true}]}}