{"id":177921,"date":"2024-12-10T02:41:32","date_gmt":"2024-12-10T02:41:32","guid":{"rendered":"https:\/\/stgcsunitec.wpenginepowered.com\/product\/pulidora-y-amoladora-electrica-de-10-para-suelos-de-hormigon\/"},"modified":"2026-04-27T14:59:19","modified_gmt":"2026-04-27T18:59:19","slug":"pulidora-y-amoladora-electrica-de-10-para-suelos-de-hormigon","status":"publish","type":"product","link":"https:\/\/csunitec.com\/es\/producto\/pulidora-y-amoladora-electrica-de-10-para-suelos-de-hormigon\/","title":{"rendered":"Pulidora y amoladora el\u00e9ctrica de 10&#8243; para suelos de hormig\u00f3n"},"content":{"rendered":"<ul>\n<li>La Esmeriladora El\u00e9ctrica de Suelos de Hormig\u00f3n de 10&#8243; est\u00e1 dise\u00f1ada para nivelar puntos altos, eliminar revestimientos y adhesivos y preparar superficies de hormig\u00f3n para nuevos sistemas de pavimentaci\u00f3n.<\/li>\n<li>Ideal para trabajos peque\u00f1os y medianos en los que se requiera una preparaci\u00f3n eficaz de la superficie, la eliminaci\u00f3n de revestimientos o el pulido del hormig\u00f3n.<\/li>\n<li>La Esmeriladora El\u00e9ctrica de Suelos de Hormig\u00f3n de 10&#8243; elimina revestimientos como epoxis, pintura, termopl\u00e1sticos, l\u00edneas de tr\u00e1fico y adhesivos para moquetas con resultados uniformes y de alto rendimiento.<\/li>\n<li>La presi\u00f3n de amolado optimizada y la velocidad del motor la hacen muy eficaz para pulir superficies de hormig\u00f3n, asfalto y piedra. Crea un acabado suave y profesional. <\/li>\n<li>El cabezal amolador flexible mantiene el m\u00e1ximo contacto en hormig\u00f3n irregular o rugoso, garantizando una preparaci\u00f3n uniforme de la superficie en toda el \u00e1rea de trabajo.<\/li>\n<li>Adecuado para reparar hormig\u00f3n da\u00f1ado por la lluvia, defectos superficiales o un acabado inadecuado, restaurando un sustrato limpio y uniforme.<\/li>\n<li>Con capacidades integradas en h\u00famedo y en seco, la amoladora se adapta a una amplia gama de condiciones de obra y requisitos de aplicaci\u00f3n.<\/li>\n<\/ul>\n","protected":false},"excerpt":{"rendered":"<ul>\n<li>Potencia del motor: Hasta 7,5 CV<\/li>\n<li>Anchura de corte: 10<\/li>\n<li>Profundidad de corte por pasada: 0,04&#8243;.<\/li>\n<li>Ritmo de producci\u00f3n: Hasta 500 m2 pies por hora<\/li>\n<\/ul>\n","protected":false},"featured_media":177936,"template":"","meta":[],"product_brand":[],"product_cat":[1033],"product_tag":[1037,1119],"accessory_type":[],"application":[1042],"hand_tool_type":[],"industry":[931],"material":[],"power_tool_type":[1095],"power_type":[936],"subcategory":[1034],"tool_type":[946],"class_list":{"0":"post-177921","1":"product","2":"type-product","3":"status-publish","4":"has-post-thumbnail","6":"product_cat-preparacion-de-superficies","7":"product_tag-preparacion-de-la-superficie-del-hormigon","8":"product_tag-amoladoras-de-10","9":"application-corte-y-conformado","10":"industry-hormigon-y-mamposteria","11":"power_tool_type-amoladora","12":"power_type-electrico","13":"subcategory-amoladoras","14":"tool_type-herramienta-electrica","16":"first","17":"instock","18":"shipping-taxable","19":"purchasable","20":"product-type-variable"},"yoast_head":"<!-- This site is optimized with the Yoast SEO plugin v27.5 - https:\/\/yoast.com\/product\/yoast-seo-wordpress\/ -->\n<title>Pulidora y amoladora el\u00e9ctrica de 10&quot; para suelos de hormig\u00f3n - CS Unitec<\/title>\n<meta name=\"description\" content=\"La Esmeriladora El\u00e9ctrica de Suelos de Hormig\u00f3n de 10&quot; est\u00e1 dise\u00f1ada para nivelar puntos altos, eliminar revestimientos y adhesivos y preparar superficies de hormig\u00f3n.\" \/>\n<meta name=\"robots\" content=\"index, follow, max-snippet:-1, max-image-preview:large, max-video-preview:-1\" \/>\n<link rel=\"canonical\" href=\"https:\/\/csunitec.com\/es\/producto\/pulidora-y-amoladora-electrica-de-10-para-suelos-de-hormigon\/\" \/>\n<meta property=\"og:locale\" content=\"es_ES\" \/>\n<meta property=\"og:type\" content=\"article\" \/>\n<meta property=\"og:title\" content=\"Pulidora y amoladora el\u00e9ctrica de 10&quot; para suelos de hormig\u00f3n - CS Unitec\" \/>\n<meta property=\"og:description\" content=\"La Esmeriladora El\u00e9ctrica de Suelos de Hormig\u00f3n de 10&quot; est\u00e1 dise\u00f1ada para nivelar puntos altos, eliminar revestimientos y adhesivos y preparar superficies de hormig\u00f3n.\" \/>\n<meta property=\"og:url\" content=\"https:\/\/csunitec.com\/es\/producto\/pulidora-y-amoladora-electrica-de-10-para-suelos-de-hormigon\/\" \/>\n<meta property=\"og:site_name\" content=\"CS Unitec\" \/>\n<meta property=\"article:modified_time\" content=\"2026-04-27T18:59:19+00:00\" \/>\n<meta property=\"og:image\" content=\"https:\/\/csunitec.com\/wp-content\/uploads\/2024\/12\/032.0003_C2_001-TCG250.jpg\" \/>\n\t<meta property=\"og:image:width\" content=\"1000\" \/>\n\t<meta property=\"og:image:height\" content=\"1000\" \/>\n\t<meta property=\"og:image:type\" content=\"image\/jpeg\" \/>\n<meta name=\"twitter:card\" content=\"summary_large_image\" \/>\n<meta name=\"twitter:label1\" content=\"Tiempo de lectura\" \/>\n\t<meta name=\"twitter:data1\" content=\"1 minuto\" \/>\n<script type=\"application\/ld+json\" class=\"yoast-schema-graph\">{\"@context\":\"https:\\\/\\\/schema.org\",\"@graph\":[{\"@type\":\"WebPage\",\"@id\":\"https:\\\/\\\/csunitec.com\\\/es\\\/producto\\\/pulidora-y-amoladora-electrica-de-10-para-suelos-de-hormigon\\\/\",\"url\":\"https:\\\/\\\/csunitec.com\\\/es\\\/producto\\\/pulidora-y-amoladora-electrica-de-10-para-suelos-de-hormigon\\\/\",\"name\":\"Pulidora y amoladora el\u00e9ctrica de 10\\\" para suelos de hormig\u00f3n - CS Unitec\",\"isPartOf\":{\"@id\":\"https:\\\/\\\/csunitec.com\\\/es\\\/#website\"},\"primaryImageOfPage\":{\"@id\":\"https:\\\/\\\/csunitec.com\\\/es\\\/producto\\\/pulidora-y-amoladora-electrica-de-10-para-suelos-de-hormigon\\\/#primaryimage\"},\"image\":{\"@id\":\"https:\\\/\\\/csunitec.com\\\/es\\\/producto\\\/pulidora-y-amoladora-electrica-de-10-para-suelos-de-hormigon\\\/#primaryimage\"},\"thumbnailUrl\":\"https:\\\/\\\/csunitec.com\\\/wp-content\\\/uploads\\\/2024\\\/12\\\/032.0003_C2_001-TCG250.jpg\",\"datePublished\":\"2024-12-10T02:41:32+00:00\",\"dateModified\":\"2026-04-27T18:59:19+00:00\",\"description\":\"La Esmeriladora El\u00e9ctrica de Suelos de Hormig\u00f3n de 10\\\" est\u00e1 dise\u00f1ada para nivelar puntos altos, eliminar revestimientos y adhesivos y preparar superficies de hormig\u00f3n.\",\"breadcrumb\":{\"@id\":\"https:\\\/\\\/csunitec.com\\\/es\\\/producto\\\/pulidora-y-amoladora-electrica-de-10-para-suelos-de-hormigon\\\/#breadcrumb\"},\"inLanguage\":\"es\",\"potentialAction\":[{\"@type\":\"ReadAction\",\"target\":[\"https:\\\/\\\/csunitec.com\\\/es\\\/producto\\\/pulidora-y-amoladora-electrica-de-10-para-suelos-de-hormigon\\\/\"]}]},{\"@type\":\"ImageObject\",\"inLanguage\":\"es\",\"@id\":\"https:\\\/\\\/csunitec.com\\\/es\\\/producto\\\/pulidora-y-amoladora-electrica-de-10-para-suelos-de-hormigon\\\/#primaryimage\",\"url\":\"https:\\\/\\\/csunitec.com\\\/wp-content\\\/uploads\\\/2024\\\/12\\\/032.0003_C2_001-TCG250.jpg\",\"contentUrl\":\"https:\\\/\\\/csunitec.com\\\/wp-content\\\/uploads\\\/2024\\\/12\\\/032.0003_C2_001-TCG250.jpg\",\"width\":1000,\"height\":1000},{\"@type\":\"BreadcrumbList\",\"@id\":\"https:\\\/\\\/csunitec.com\\\/es\\\/producto\\\/pulidora-y-amoladora-electrica-de-10-para-suelos-de-hormigon\\\/#breadcrumb\",\"itemListElement\":[{\"@type\":\"ListItem\",\"position\":1,\"name\":\"Inicio\",\"item\":\"https:\\\/\\\/csunitec.com\\\/es\\\/\"},{\"@type\":\"ListItem\",\"position\":2,\"name\":\"Tienda\",\"item\":\"https:\\\/\\\/csunitec.com\\\/es\\\/tienda\\\/\"},{\"@type\":\"ListItem\",\"position\":3,\"name\":\"Pulidora y amoladora el\u00e9ctrica de 10&#8243; para suelos de hormig\u00f3n\"}]},{\"@type\":\"WebSite\",\"@id\":\"https:\\\/\\\/csunitec.com\\\/es\\\/#website\",\"url\":\"https:\\\/\\\/csunitec.com\\\/es\\\/\",\"name\":\"CS Unitec\",\"description\":\"\",\"potentialAction\":[{\"@type\":\"SearchAction\",\"target\":{\"@type\":\"EntryPoint\",\"urlTemplate\":\"https:\\\/\\\/csunitec.com\\\/es\\\/?s={search_term_string}\"},\"query-input\":{\"@type\":\"PropertyValueSpecification\",\"valueRequired\":true,\"valueName\":\"search_term_string\"}}],\"inLanguage\":\"es\"}]}<\/script>\n<!-- \/ Yoast SEO plugin. -->","yoast_head_json":{"title":"Pulidora y amoladora el\u00e9ctrica de 10\" para suelos de hormig\u00f3n - CS Unitec","description":"La Esmeriladora El\u00e9ctrica de Suelos de Hormig\u00f3n de 10\" est\u00e1 dise\u00f1ada para nivelar puntos altos, eliminar revestimientos y adhesivos y preparar superficies de hormig\u00f3n.","robots":{"index":"index","follow":"follow","max-snippet":"max-snippet:-1","max-image-preview":"max-image-preview:large","max-video-preview":"max-video-preview:-1"},"canonical":"https:\/\/csunitec.com\/es\/producto\/pulidora-y-amoladora-electrica-de-10-para-suelos-de-hormigon\/","og_locale":"es_ES","og_type":"article","og_title":"Pulidora y amoladora el\u00e9ctrica de 10\" para suelos de hormig\u00f3n - CS Unitec","og_description":"La Esmeriladora El\u00e9ctrica de Suelos de Hormig\u00f3n de 10\" est\u00e1 dise\u00f1ada para nivelar puntos altos, eliminar revestimientos y adhesivos y preparar superficies de hormig\u00f3n.","og_url":"https:\/\/csunitec.com\/es\/producto\/pulidora-y-amoladora-electrica-de-10-para-suelos-de-hormigon\/","og_site_name":"CS Unitec","article_modified_time":"2026-04-27T18:59:19+00:00","og_image":[{"width":1000,"height":1000,"url":"https:\/\/csunitec.com\/wp-content\/uploads\/2024\/12\/032.0003_C2_001-TCG250.jpg","type":"image\/jpeg"}],"twitter_card":"summary_large_image","twitter_misc":{"Tiempo de lectura":"1 minuto"},"schema":{"@context":"https:\/\/schema.org","@graph":[{"@type":"WebPage","@id":"https:\/\/csunitec.com\/es\/producto\/pulidora-y-amoladora-electrica-de-10-para-suelos-de-hormigon\/","url":"https:\/\/csunitec.com\/es\/producto\/pulidora-y-amoladora-electrica-de-10-para-suelos-de-hormigon\/","name":"Pulidora y amoladora el\u00e9ctrica de 10\" para suelos de hormig\u00f3n - CS Unitec","isPartOf":{"@id":"https:\/\/csunitec.com\/es\/#website"},"primaryImageOfPage":{"@id":"https:\/\/csunitec.com\/es\/producto\/pulidora-y-amoladora-electrica-de-10-para-suelos-de-hormigon\/#primaryimage"},"image":{"@id":"https:\/\/csunitec.com\/es\/producto\/pulidora-y-amoladora-electrica-de-10-para-suelos-de-hormigon\/#primaryimage"},"thumbnailUrl":"https:\/\/csunitec.com\/wp-content\/uploads\/2024\/12\/032.0003_C2_001-TCG250.jpg","datePublished":"2024-12-10T02:41:32+00:00","dateModified":"2026-04-27T18:59:19+00:00","description":"La Esmeriladora El\u00e9ctrica de Suelos de Hormig\u00f3n de 10\" est\u00e1 dise\u00f1ada para nivelar puntos altos, eliminar revestimientos y adhesivos y preparar superficies de hormig\u00f3n.","breadcrumb":{"@id":"https:\/\/csunitec.com\/es\/producto\/pulidora-y-amoladora-electrica-de-10-para-suelos-de-hormigon\/#breadcrumb"},"inLanguage":"es","potentialAction":[{"@type":"ReadAction","target":["https:\/\/csunitec.com\/es\/producto\/pulidora-y-amoladora-electrica-de-10-para-suelos-de-hormigon\/"]}]},{"@type":"ImageObject","inLanguage":"es","@id":"https:\/\/csunitec.com\/es\/producto\/pulidora-y-amoladora-electrica-de-10-para-suelos-de-hormigon\/#primaryimage","url":"https:\/\/csunitec.com\/wp-content\/uploads\/2024\/12\/032.0003_C2_001-TCG250.jpg","contentUrl":"https:\/\/csunitec.com\/wp-content\/uploads\/2024\/12\/032.0003_C2_001-TCG250.jpg","width":1000,"height":1000},{"@type":"BreadcrumbList","@id":"https:\/\/csunitec.com\/es\/producto\/pulidora-y-amoladora-electrica-de-10-para-suelos-de-hormigon\/#breadcrumb","itemListElement":[{"@type":"ListItem","position":1,"name":"Inicio","item":"https:\/\/csunitec.com\/es\/"},{"@type":"ListItem","position":2,"name":"Tienda","item":"https:\/\/csunitec.com\/es\/tienda\/"},{"@type":"ListItem","position":3,"name":"Pulidora y amoladora el\u00e9ctrica de 10&#8243; para suelos de hormig\u00f3n"}]},{"@type":"WebSite","@id":"https:\/\/csunitec.com\/es\/#website","url":"https:\/\/csunitec.com\/es\/","name":"CS Unitec","description":"","potentialAction":[{"@type":"SearchAction","target":{"@type":"EntryPoint","urlTemplate":"https:\/\/csunitec.com\/es\/?s={search_term_string}"},"query-input":{"@type":"PropertyValueSpecification","valueRequired":true,"valueName":"search_term_string"}}],"inLanguage":"es"}]}},"_links":{"self":[{"href":"https:\/\/csunitec.com\/es\/wp-json\/wp\/v2\/product\/177921","targetHints":{"allow":["GET"]}}],"collection":[{"href":"https:\/\/csunitec.com\/es\/wp-json\/wp\/v2\/product"}],"about":[{"href":"https:\/\/csunitec.com\/es\/wp-json\/wp\/v2\/types\/product"}],"wp:featuredmedia":[{"embeddable":true,"href":"https:\/\/csunitec.com\/es\/wp-json\/wp\/v2\/media\/177936"}],"wp:attachment":[{"href":"https:\/\/csunitec.com\/es\/wp-json\/wp\/v2\/media?parent=177921"}],"wp:term":[{"taxonomy":"product_brand","embeddable":true,"href":"https:\/\/csunitec.com\/es\/wp-json\/wp\/v2\/product_brand?post=177921"},{"taxonomy":"product_cat","embeddable":true,"href":"https:\/\/csunitec.com\/es\/wp-json\/wp\/v2\/product_cat?post=177921"},{"taxonomy":"product_tag","embeddable":true,"href":"https:\/\/csunitec.com\/es\/wp-json\/wp\/v2\/product_tag?post=177921"},{"taxonomy":"accessory_type","embeddable":true,"href":"https:\/\/csunitec.com\/es\/wp-json\/wp\/v2\/accessory_type?post=177921"},{"taxonomy":"application","embeddable":true,"href":"https:\/\/csunitec.com\/es\/wp-json\/wp\/v2\/application?post=177921"},{"taxonomy":"hand_tool_type","embeddable":true,"href":"https:\/\/csunitec.com\/es\/wp-json\/wp\/v2\/hand_tool_type?post=177921"},{"taxonomy":"industry","embeddable":true,"href":"https:\/\/csunitec.com\/es\/wp-json\/wp\/v2\/industry?post=177921"},{"taxonomy":"material","embeddable":true,"href":"https:\/\/csunitec.com\/es\/wp-json\/wp\/v2\/material?post=177921"},{"taxonomy":"power_tool_type","embeddable":true,"href":"https:\/\/csunitec.com\/es\/wp-json\/wp\/v2\/power_tool_type?post=177921"},{"taxonomy":"power_type","embeddable":true,"href":"https:\/\/csunitec.com\/es\/wp-json\/wp\/v2\/power_type?post=177921"},{"taxonomy":"subcategory","embeddable":true,"href":"https:\/\/csunitec.com\/es\/wp-json\/wp\/v2\/subcategory?post=177921"},{"taxonomy":"tool_type","embeddable":true,"href":"https:\/\/csunitec.com\/es\/wp-json\/wp\/v2\/tool_type?post=177921"}],"curies":[{"name":"wp","href":"https:\/\/api.w.org\/{rel}","templated":true}]}}