{"id":177959,"date":"2024-12-10T03:03:12","date_gmt":"2024-12-10T03:03:12","guid":{"rendered":"https:\/\/stgcsunitec.wpenginepowered.com\/product\/desincrustante-de-cubiertas-trident-neptune\/"},"modified":"2026-04-26T17:01:15","modified_gmt":"2026-04-26T21:01:15","slug":"desincrustante-de-cubiertas-trident-neptune","status":"publish","type":"product","link":"https:\/\/csunitec.com\/es\/producto\/desincrustante-de-cubiertas-trident-neptune\/","title":{"rendered":"Desincrustante de cubiertas &#8211; Trident Neptune"},"content":{"rendered":"<ul>\n<li>El desincrustante de cubiertas Trelawny\u2122 Trident Neptune de CS Unitec est\u00e1 dise\u00f1ado para eliminar r\u00e1pida y eficazmente las acumulaciones pesadas en superficies met\u00e1licas.<\/li>\n<li>Rompe las incrustaciones marinas, las capas de \u00f3xido y la corrosi\u00f3n en cubiertas de barcos, plataformas y estructuras de acero.<\/li>\n<li>Elimina la pintura vieja, el epoxi, los revestimientos antideslizantes y los dep\u00f3sitos endurecidos para preparar las superficies para la imprimaci\u00f3n, la pintura o el repintado.<\/li>\n<li>Perfecto para cubiertas, mamparos, tapas de tanques y otras superficies de acero expuestas al agua salada y a duras condiciones ambientales.<\/li>\n<li>Limpia pasarelas, plataformas y suelos met\u00e1licos en los que se acumula corrosi\u00f3n y capas de revestimiento.<\/li>\n<\/ul>\n","protected":false},"excerpt":{"rendered":"<ul>\n<li>Velocidad de corte: hasta 3450 RPM<\/li>\n<li>Dimensiones del eje: 9&#8242; x 5\/8&#8243;<\/li>\n<li>Potencia del motor: 0,75 CV<\/li>\n<\/ul>\n","protected":false},"featured_media":15097,"template":"","meta":[],"product_brand":[],"product_cat":[1033],"product_tag":[1142,1143],"accessory_type":[],"application":[1035],"hand_tool_type":[],"industry":[933],"material":[],"power_tool_type":[1056],"power_type":[972],"subcategory":[1040],"tool_type":[946],"class_list":{"0":"post-177959","1":"product","2":"type-product","3":"status-publish","4":"has-post-thumbnail","6":"product_cat-preparacion-de-superficies","7":"product_tag-acabado-de-superficies-metalicas","8":"product_tag-desincrustante","9":"application-acabado-y-preparacion-de-superficies","10":"industry-metalurgia-2","11":"power_tool_type-escalador","12":"power_type-aire","13":"subcategory-escarificadores","14":"tool_type-herramienta-electrica","16":"first","17":"instock","18":"shipping-taxable","19":"purchasable","20":"product-type-variable"},"yoast_head":"<!-- This site is optimized with the Yoast SEO plugin v27.5 - https:\/\/yoast.com\/product\/yoast-seo-wordpress\/ -->\n<title>Desincrustante de cubiertas - Trident Neptune - CS Unitec<\/title>\n<meta name=\"description\" content=\"Desincrustante de cubiertas ideal para eliminar r\u00e1pidamente la cal, el \u00f3xido, la pintura y otros dep\u00f3sitos no deseados en las cubiertas de los barcos y otras superficies met\u00e1licas\" \/>\n<meta name=\"robots\" content=\"index, follow, max-snippet:-1, max-image-preview:large, max-video-preview:-1\" \/>\n<link rel=\"canonical\" href=\"https:\/\/csunitec.com\/es\/producto\/desincrustante-de-cubiertas-trident-neptune\/\" \/>\n<meta property=\"og:locale\" content=\"es_ES\" \/>\n<meta property=\"og:type\" content=\"article\" \/>\n<meta property=\"og:title\" content=\"Desincrustante de cubiertas - Trident Neptune - CS Unitec\" \/>\n<meta property=\"og:description\" content=\"Desincrustante de cubiertas ideal para eliminar r\u00e1pidamente la cal, el \u00f3xido, la pintura y otros dep\u00f3sitos no deseados en las cubiertas de los barcos y otras superficies met\u00e1licas\" \/>\n<meta property=\"og:url\" content=\"https:\/\/csunitec.com\/es\/producto\/desincrustante-de-cubiertas-trident-neptune\/\" \/>\n<meta property=\"og:site_name\" content=\"CS Unitec\" \/>\n<meta property=\"article:modified_time\" content=\"2026-04-26T21:01:15+00:00\" \/>\n<meta property=\"og:image\" content=\"https:\/\/csunitec.com\/wp-content\/uploads\/2025\/03\/Trident-Neptune-Deck-Descaler-1-2.png\" \/>\n\t<meta property=\"og:image:width\" content=\"1000\" \/>\n\t<meta property=\"og:image:height\" content=\"1000\" \/>\n\t<meta property=\"og:image:type\" content=\"image\/png\" \/>\n<meta name=\"twitter:card\" content=\"summary_large_image\" \/>\n<meta name=\"twitter:label1\" content=\"Tiempo de lectura\" \/>\n\t<meta name=\"twitter:data1\" content=\"1 minuto\" \/>\n<script type=\"application\/ld+json\" class=\"yoast-schema-graph\">{\"@context\":\"https:\\\/\\\/schema.org\",\"@graph\":[{\"@type\":\"WebPage\",\"@id\":\"https:\\\/\\\/csunitec.com\\\/es\\\/producto\\\/desincrustante-de-cubiertas-trident-neptune\\\/\",\"url\":\"https:\\\/\\\/csunitec.com\\\/es\\\/producto\\\/desincrustante-de-cubiertas-trident-neptune\\\/\",\"name\":\"Desincrustante de cubiertas - Trident Neptune - CS Unitec\",\"isPartOf\":{\"@id\":\"https:\\\/\\\/csunitec.com\\\/es\\\/#website\"},\"primaryImageOfPage\":{\"@id\":\"https:\\\/\\\/csunitec.com\\\/es\\\/producto\\\/desincrustante-de-cubiertas-trident-neptune\\\/#primaryimage\"},\"image\":{\"@id\":\"https:\\\/\\\/csunitec.com\\\/es\\\/producto\\\/desincrustante-de-cubiertas-trident-neptune\\\/#primaryimage\"},\"thumbnailUrl\":\"https:\\\/\\\/csunitec.com\\\/wp-content\\\/uploads\\\/2025\\\/03\\\/Trident-Neptune-Deck-Descaler-1-2.png\",\"datePublished\":\"2024-12-10T03:03:12+00:00\",\"dateModified\":\"2026-04-26T21:01:15+00:00\",\"description\":\"Desincrustante de cubiertas ideal para eliminar r\u00e1pidamente la cal, el \u00f3xido, la pintura y otros dep\u00f3sitos no deseados en las cubiertas de los barcos y otras superficies met\u00e1licas\",\"breadcrumb\":{\"@id\":\"https:\\\/\\\/csunitec.com\\\/es\\\/producto\\\/desincrustante-de-cubiertas-trident-neptune\\\/#breadcrumb\"},\"inLanguage\":\"es\",\"potentialAction\":[{\"@type\":\"ReadAction\",\"target\":[\"https:\\\/\\\/csunitec.com\\\/es\\\/producto\\\/desincrustante-de-cubiertas-trident-neptune\\\/\"]}]},{\"@type\":\"ImageObject\",\"inLanguage\":\"es\",\"@id\":\"https:\\\/\\\/csunitec.com\\\/es\\\/producto\\\/desincrustante-de-cubiertas-trident-neptune\\\/#primaryimage\",\"url\":\"https:\\\/\\\/csunitec.com\\\/wp-content\\\/uploads\\\/2025\\\/03\\\/Trident-Neptune-Deck-Descaler-1-2.png\",\"contentUrl\":\"https:\\\/\\\/csunitec.com\\\/wp-content\\\/uploads\\\/2025\\\/03\\\/Trident-Neptune-Deck-Descaler-1-2.png\",\"width\":1000,\"height\":1000},{\"@type\":\"BreadcrumbList\",\"@id\":\"https:\\\/\\\/csunitec.com\\\/es\\\/producto\\\/desincrustante-de-cubiertas-trident-neptune\\\/#breadcrumb\",\"itemListElement\":[{\"@type\":\"ListItem\",\"position\":1,\"name\":\"Inicio\",\"item\":\"https:\\\/\\\/csunitec.com\\\/es\\\/\"},{\"@type\":\"ListItem\",\"position\":2,\"name\":\"Tienda\",\"item\":\"https:\\\/\\\/csunitec.com\\\/es\\\/tienda\\\/\"},{\"@type\":\"ListItem\",\"position\":3,\"name\":\"Desincrustante de cubiertas &#8211; Trident Neptune\"}]},{\"@type\":\"WebSite\",\"@id\":\"https:\\\/\\\/csunitec.com\\\/es\\\/#website\",\"url\":\"https:\\\/\\\/csunitec.com\\\/es\\\/\",\"name\":\"CS Unitec\",\"description\":\"\",\"potentialAction\":[{\"@type\":\"SearchAction\",\"target\":{\"@type\":\"EntryPoint\",\"urlTemplate\":\"https:\\\/\\\/csunitec.com\\\/es\\\/?s={search_term_string}\"},\"query-input\":{\"@type\":\"PropertyValueSpecification\",\"valueRequired\":true,\"valueName\":\"search_term_string\"}}],\"inLanguage\":\"es\"}]}<\/script>\n<!-- \/ Yoast SEO plugin. -->","yoast_head_json":{"title":"Desincrustante de cubiertas - Trident Neptune - CS Unitec","description":"Desincrustante de cubiertas ideal para eliminar r\u00e1pidamente la cal, el \u00f3xido, la pintura y otros dep\u00f3sitos no deseados en las cubiertas de los barcos y otras superficies met\u00e1licas","robots":{"index":"index","follow":"follow","max-snippet":"max-snippet:-1","max-image-preview":"max-image-preview:large","max-video-preview":"max-video-preview:-1"},"canonical":"https:\/\/csunitec.com\/es\/producto\/desincrustante-de-cubiertas-trident-neptune\/","og_locale":"es_ES","og_type":"article","og_title":"Desincrustante de cubiertas - Trident Neptune - CS Unitec","og_description":"Desincrustante de cubiertas ideal para eliminar r\u00e1pidamente la cal, el \u00f3xido, la pintura y otros dep\u00f3sitos no deseados en las cubiertas de los barcos y otras superficies met\u00e1licas","og_url":"https:\/\/csunitec.com\/es\/producto\/desincrustante-de-cubiertas-trident-neptune\/","og_site_name":"CS Unitec","article_modified_time":"2026-04-26T21:01:15+00:00","og_image":[{"width":1000,"height":1000,"url":"https:\/\/csunitec.com\/wp-content\/uploads\/2025\/03\/Trident-Neptune-Deck-Descaler-1-2.png","type":"image\/png"}],"twitter_card":"summary_large_image","twitter_misc":{"Tiempo de lectura":"1 minuto"},"schema":{"@context":"https:\/\/schema.org","@graph":[{"@type":"WebPage","@id":"https:\/\/csunitec.com\/es\/producto\/desincrustante-de-cubiertas-trident-neptune\/","url":"https:\/\/csunitec.com\/es\/producto\/desincrustante-de-cubiertas-trident-neptune\/","name":"Desincrustante de cubiertas - Trident Neptune - CS Unitec","isPartOf":{"@id":"https:\/\/csunitec.com\/es\/#website"},"primaryImageOfPage":{"@id":"https:\/\/csunitec.com\/es\/producto\/desincrustante-de-cubiertas-trident-neptune\/#primaryimage"},"image":{"@id":"https:\/\/csunitec.com\/es\/producto\/desincrustante-de-cubiertas-trident-neptune\/#primaryimage"},"thumbnailUrl":"https:\/\/csunitec.com\/wp-content\/uploads\/2025\/03\/Trident-Neptune-Deck-Descaler-1-2.png","datePublished":"2024-12-10T03:03:12+00:00","dateModified":"2026-04-26T21:01:15+00:00","description":"Desincrustante de cubiertas ideal para eliminar r\u00e1pidamente la cal, el \u00f3xido, la pintura y otros dep\u00f3sitos no deseados en las cubiertas de los barcos y otras superficies met\u00e1licas","breadcrumb":{"@id":"https:\/\/csunitec.com\/es\/producto\/desincrustante-de-cubiertas-trident-neptune\/#breadcrumb"},"inLanguage":"es","potentialAction":[{"@type":"ReadAction","target":["https:\/\/csunitec.com\/es\/producto\/desincrustante-de-cubiertas-trident-neptune\/"]}]},{"@type":"ImageObject","inLanguage":"es","@id":"https:\/\/csunitec.com\/es\/producto\/desincrustante-de-cubiertas-trident-neptune\/#primaryimage","url":"https:\/\/csunitec.com\/wp-content\/uploads\/2025\/03\/Trident-Neptune-Deck-Descaler-1-2.png","contentUrl":"https:\/\/csunitec.com\/wp-content\/uploads\/2025\/03\/Trident-Neptune-Deck-Descaler-1-2.png","width":1000,"height":1000},{"@type":"BreadcrumbList","@id":"https:\/\/csunitec.com\/es\/producto\/desincrustante-de-cubiertas-trident-neptune\/#breadcrumb","itemListElement":[{"@type":"ListItem","position":1,"name":"Inicio","item":"https:\/\/csunitec.com\/es\/"},{"@type":"ListItem","position":2,"name":"Tienda","item":"https:\/\/csunitec.com\/es\/tienda\/"},{"@type":"ListItem","position":3,"name":"Desincrustante de cubiertas &#8211; Trident Neptune"}]},{"@type":"WebSite","@id":"https:\/\/csunitec.com\/es\/#website","url":"https:\/\/csunitec.com\/es\/","name":"CS Unitec","description":"","potentialAction":[{"@type":"SearchAction","target":{"@type":"EntryPoint","urlTemplate":"https:\/\/csunitec.com\/es\/?s={search_term_string}"},"query-input":{"@type":"PropertyValueSpecification","valueRequired":true,"valueName":"search_term_string"}}],"inLanguage":"es"}]}},"_links":{"self":[{"href":"https:\/\/csunitec.com\/es\/wp-json\/wp\/v2\/product\/177959","targetHints":{"allow":["GET"]}}],"collection":[{"href":"https:\/\/csunitec.com\/es\/wp-json\/wp\/v2\/product"}],"about":[{"href":"https:\/\/csunitec.com\/es\/wp-json\/wp\/v2\/types\/product"}],"wp:featuredmedia":[{"embeddable":true,"href":"https:\/\/csunitec.com\/es\/wp-json\/wp\/v2\/media\/15097"}],"wp:attachment":[{"href":"https:\/\/csunitec.com\/es\/wp-json\/wp\/v2\/media?parent=177959"}],"wp:term":[{"taxonomy":"product_brand","embeddable":true,"href":"https:\/\/csunitec.com\/es\/wp-json\/wp\/v2\/product_brand?post=177959"},{"taxonomy":"product_cat","embeddable":true,"href":"https:\/\/csunitec.com\/es\/wp-json\/wp\/v2\/product_cat?post=177959"},{"taxonomy":"product_tag","embeddable":true,"href":"https:\/\/csunitec.com\/es\/wp-json\/wp\/v2\/product_tag?post=177959"},{"taxonomy":"accessory_type","embeddable":true,"href":"https:\/\/csunitec.com\/es\/wp-json\/wp\/v2\/accessory_type?post=177959"},{"taxonomy":"application","embeddable":true,"href":"https:\/\/csunitec.com\/es\/wp-json\/wp\/v2\/application?post=177959"},{"taxonomy":"hand_tool_type","embeddable":true,"href":"https:\/\/csunitec.com\/es\/wp-json\/wp\/v2\/hand_tool_type?post=177959"},{"taxonomy":"industry","embeddable":true,"href":"https:\/\/csunitec.com\/es\/wp-json\/wp\/v2\/industry?post=177959"},{"taxonomy":"material","embeddable":true,"href":"https:\/\/csunitec.com\/es\/wp-json\/wp\/v2\/material?post=177959"},{"taxonomy":"power_tool_type","embeddable":true,"href":"https:\/\/csunitec.com\/es\/wp-json\/wp\/v2\/power_tool_type?post=177959"},{"taxonomy":"power_type","embeddable":true,"href":"https:\/\/csunitec.com\/es\/wp-json\/wp\/v2\/power_type?post=177959"},{"taxonomy":"subcategory","embeddable":true,"href":"https:\/\/csunitec.com\/es\/wp-json\/wp\/v2\/subcategory?post=177959"},{"taxonomy":"tool_type","embeddable":true,"href":"https:\/\/csunitec.com\/es\/wp-json\/wp\/v2\/tool_type?post=177959"}],"curies":[{"name":"wp","href":"https:\/\/api.w.org\/{rel}","templated":true}]}}