{"id":178122,"date":"2024-12-06T21:49:00","date_gmt":"2024-12-06T21:49:00","guid":{"rendered":"https:\/\/stgcsunitec.wpenginepowered.com\/product\/correderas-de-tuerca-hidraulicas\/"},"modified":"2026-04-30T01:58:28","modified_gmt":"2026-04-30T05:58:28","slug":"correderas-de-tuerca-hidraulicas","status":"publish","type":"product","link":"https:\/\/csunitec.com\/es\/producto\/correderas-de-tuerca-hidraulicas\/","title":{"rendered":"Correderas de Tuerca Hidr\u00e1ulicas"},"content":{"rendered":"<ul>\n<li>Corredores de tuerca hidr\u00e1ulicos ideales para girar v\u00e1lvulas, apretar, roscar, escariar, biselar tubos, expandir, etc.<\/li>\n<li>La transmisi\u00f3n por tornillo sin fin proporciona un par elevado: hasta 369 lb-pie.<\/li>\n<li>Disponibles con accionamientos cuadrados macho o hembra en varios tama\u00f1os<\/li>\n<\/ul>\n","protected":false},"excerpt":{"rendered":"<ul>\n<li>Par de accionamiento: Hasta 369 ft.-lbs.<\/li>\n<li>Velocidad de carga: Hasta 95 RPM<\/li>\n<li>Caudal de aceite: 4-13 GPM<\/li>\n<li>Potencia: 1,6 CV<\/li>\n<li>Mangueras flexibles y acoplamientos FF incluidos<\/li>\n<\/ul>\n","protected":false},"featured_media":178123,"template":"","meta":[],"product_brand":[],"product_cat":[1001],"product_tag":[1167,1166],"accessory_type":[],"application":[1164],"hand_tool_type":[],"industry":[1047],"material":[],"power_tool_type":[1165],"power_type":[976],"subcategory":[1168],"tool_type":[946],"class_list":{"0":"post-178122","1":"product","2":"type-product","3":"status-publish","4":"has-post-thumbnail","6":"product_cat-accionamientos-y-motores","7":"product_tag-atornilladores-de-tuercas","8":"product_tag-correderas-de-tuerca-hidraulicas","9":"application-herramientas-de-fijacion","10":"industry-petroquimica","11":"power_tool_type-corredor-de-frutos-secos","12":"power_type-hidraulico","13":"subcategory-atornilladores-de-tuercas","14":"tool_type-herramienta-electrica","16":"first","17":"instock","18":"shipping-taxable","19":"purchasable","20":"product-type-variable"},"yoast_head":"<!-- This site is optimized with the Yoast SEO plugin v27.5 - https:\/\/yoast.com\/product\/yoast-seo-wordpress\/ -->\n<title>Correderas de Tuerca Hidr\u00e1ulicas - CS Unitec<\/title>\n<meta name=\"description\" content=\"Corredores de tuerca hidr\u00e1ulicos con alto par de torsi\u00f3n ideales para girar v\u00e1lvulas, apretar, roscar, escariar, biselar tubos, expandir y mucho m\u00e1s.\" \/>\n<meta name=\"robots\" content=\"index, follow, max-snippet:-1, max-image-preview:large, max-video-preview:-1\" \/>\n<link rel=\"canonical\" href=\"https:\/\/csunitec.com\/es\/producto\/correderas-de-tuerca-hidraulicas\/\" \/>\n<meta property=\"og:locale\" content=\"es_ES\" \/>\n<meta property=\"og:type\" content=\"article\" \/>\n<meta property=\"og:title\" content=\"Correderas de Tuerca Hidr\u00e1ulicas - CS Unitec\" \/>\n<meta property=\"og:description\" content=\"Corredores de tuerca hidr\u00e1ulicos con alto par de torsi\u00f3n ideales para girar v\u00e1lvulas, apretar, roscar, escariar, biselar tubos, expandir y mucho m\u00e1s.\" \/>\n<meta property=\"og:url\" content=\"https:\/\/csunitec.com\/es\/producto\/correderas-de-tuerca-hidraulicas\/\" \/>\n<meta property=\"og:site_name\" content=\"CS Unitec\" \/>\n<meta property=\"article:modified_time\" content=\"2026-04-30T05:58:28+00:00\" \/>\n<meta property=\"og:image\" content=\"https:\/\/csunitec.com\/wp-content\/uploads\/2025\/04\/Hydraulic-Nut-Runner-1-2-1.png\" \/>\n\t<meta property=\"og:image:width\" content=\"1000\" \/>\n\t<meta property=\"og:image:height\" content=\"1000\" \/>\n\t<meta property=\"og:image:type\" content=\"image\/png\" \/>\n<meta name=\"twitter:card\" content=\"summary_large_image\" \/>\n<script type=\"application\/ld+json\" class=\"yoast-schema-graph\">{\"@context\":\"https:\\\/\\\/schema.org\",\"@graph\":[{\"@type\":\"WebPage\",\"@id\":\"https:\\\/\\\/csunitec.com\\\/es\\\/producto\\\/correderas-de-tuerca-hidraulicas\\\/\",\"url\":\"https:\\\/\\\/csunitec.com\\\/es\\\/producto\\\/correderas-de-tuerca-hidraulicas\\\/\",\"name\":\"Correderas de Tuerca Hidr\u00e1ulicas - CS Unitec\",\"isPartOf\":{\"@id\":\"https:\\\/\\\/csunitec.com\\\/es\\\/#website\"},\"primaryImageOfPage\":{\"@id\":\"https:\\\/\\\/csunitec.com\\\/es\\\/producto\\\/correderas-de-tuerca-hidraulicas\\\/#primaryimage\"},\"image\":{\"@id\":\"https:\\\/\\\/csunitec.com\\\/es\\\/producto\\\/correderas-de-tuerca-hidraulicas\\\/#primaryimage\"},\"thumbnailUrl\":\"https:\\\/\\\/csunitec.com\\\/wp-content\\\/uploads\\\/2025\\\/04\\\/Hydraulic-Nut-Runner-1-2-1.png\",\"datePublished\":\"2024-12-06T21:49:00+00:00\",\"dateModified\":\"2026-04-30T05:58:28+00:00\",\"description\":\"Corredores de tuerca hidr\u00e1ulicos con alto par de torsi\u00f3n ideales para girar v\u00e1lvulas, apretar, roscar, escariar, biselar tubos, expandir y mucho m\u00e1s.\",\"breadcrumb\":{\"@id\":\"https:\\\/\\\/csunitec.com\\\/es\\\/producto\\\/correderas-de-tuerca-hidraulicas\\\/#breadcrumb\"},\"inLanguage\":\"es\",\"potentialAction\":[{\"@type\":\"ReadAction\",\"target\":[\"https:\\\/\\\/csunitec.com\\\/es\\\/producto\\\/correderas-de-tuerca-hidraulicas\\\/\"]}]},{\"@type\":\"ImageObject\",\"inLanguage\":\"es\",\"@id\":\"https:\\\/\\\/csunitec.com\\\/es\\\/producto\\\/correderas-de-tuerca-hidraulicas\\\/#primaryimage\",\"url\":\"https:\\\/\\\/csunitec.com\\\/wp-content\\\/uploads\\\/2025\\\/04\\\/Hydraulic-Nut-Runner-1-2-1.png\",\"contentUrl\":\"https:\\\/\\\/csunitec.com\\\/wp-content\\\/uploads\\\/2025\\\/04\\\/Hydraulic-Nut-Runner-1-2-1.png\",\"width\":1000,\"height\":1000},{\"@type\":\"BreadcrumbList\",\"@id\":\"https:\\\/\\\/csunitec.com\\\/es\\\/producto\\\/correderas-de-tuerca-hidraulicas\\\/#breadcrumb\",\"itemListElement\":[{\"@type\":\"ListItem\",\"position\":1,\"name\":\"Inicio\",\"item\":\"https:\\\/\\\/csunitec.com\\\/es\\\/\"},{\"@type\":\"ListItem\",\"position\":2,\"name\":\"Tienda\",\"item\":\"https:\\\/\\\/csunitec.com\\\/es\\\/tienda\\\/\"},{\"@type\":\"ListItem\",\"position\":3,\"name\":\"Correderas de Tuerca Hidr\u00e1ulicas\"}]},{\"@type\":\"WebSite\",\"@id\":\"https:\\\/\\\/csunitec.com\\\/es\\\/#website\",\"url\":\"https:\\\/\\\/csunitec.com\\\/es\\\/\",\"name\":\"CS Unitec\",\"description\":\"\",\"potentialAction\":[{\"@type\":\"SearchAction\",\"target\":{\"@type\":\"EntryPoint\",\"urlTemplate\":\"https:\\\/\\\/csunitec.com\\\/es\\\/?s={search_term_string}\"},\"query-input\":{\"@type\":\"PropertyValueSpecification\",\"valueRequired\":true,\"valueName\":\"search_term_string\"}}],\"inLanguage\":\"es\"}]}<\/script>\n<!-- \/ Yoast SEO plugin. -->","yoast_head_json":{"title":"Correderas de Tuerca Hidr\u00e1ulicas - CS Unitec","description":"Corredores de tuerca hidr\u00e1ulicos con alto par de torsi\u00f3n ideales para girar v\u00e1lvulas, apretar, roscar, escariar, biselar tubos, expandir y mucho m\u00e1s.","robots":{"index":"index","follow":"follow","max-snippet":"max-snippet:-1","max-image-preview":"max-image-preview:large","max-video-preview":"max-video-preview:-1"},"canonical":"https:\/\/csunitec.com\/es\/producto\/correderas-de-tuerca-hidraulicas\/","og_locale":"es_ES","og_type":"article","og_title":"Correderas de Tuerca Hidr\u00e1ulicas - CS Unitec","og_description":"Corredores de tuerca hidr\u00e1ulicos con alto par de torsi\u00f3n ideales para girar v\u00e1lvulas, apretar, roscar, escariar, biselar tubos, expandir y mucho m\u00e1s.","og_url":"https:\/\/csunitec.com\/es\/producto\/correderas-de-tuerca-hidraulicas\/","og_site_name":"CS Unitec","article_modified_time":"2026-04-30T05:58:28+00:00","og_image":[{"width":1000,"height":1000,"url":"https:\/\/csunitec.com\/wp-content\/uploads\/2025\/04\/Hydraulic-Nut-Runner-1-2-1.png","type":"image\/png"}],"twitter_card":"summary_large_image","schema":{"@context":"https:\/\/schema.org","@graph":[{"@type":"WebPage","@id":"https:\/\/csunitec.com\/es\/producto\/correderas-de-tuerca-hidraulicas\/","url":"https:\/\/csunitec.com\/es\/producto\/correderas-de-tuerca-hidraulicas\/","name":"Correderas de Tuerca Hidr\u00e1ulicas - CS Unitec","isPartOf":{"@id":"https:\/\/csunitec.com\/es\/#website"},"primaryImageOfPage":{"@id":"https:\/\/csunitec.com\/es\/producto\/correderas-de-tuerca-hidraulicas\/#primaryimage"},"image":{"@id":"https:\/\/csunitec.com\/es\/producto\/correderas-de-tuerca-hidraulicas\/#primaryimage"},"thumbnailUrl":"https:\/\/csunitec.com\/wp-content\/uploads\/2025\/04\/Hydraulic-Nut-Runner-1-2-1.png","datePublished":"2024-12-06T21:49:00+00:00","dateModified":"2026-04-30T05:58:28+00:00","description":"Corredores de tuerca hidr\u00e1ulicos con alto par de torsi\u00f3n ideales para girar v\u00e1lvulas, apretar, roscar, escariar, biselar tubos, expandir y mucho m\u00e1s.","breadcrumb":{"@id":"https:\/\/csunitec.com\/es\/producto\/correderas-de-tuerca-hidraulicas\/#breadcrumb"},"inLanguage":"es","potentialAction":[{"@type":"ReadAction","target":["https:\/\/csunitec.com\/es\/producto\/correderas-de-tuerca-hidraulicas\/"]}]},{"@type":"ImageObject","inLanguage":"es","@id":"https:\/\/csunitec.com\/es\/producto\/correderas-de-tuerca-hidraulicas\/#primaryimage","url":"https:\/\/csunitec.com\/wp-content\/uploads\/2025\/04\/Hydraulic-Nut-Runner-1-2-1.png","contentUrl":"https:\/\/csunitec.com\/wp-content\/uploads\/2025\/04\/Hydraulic-Nut-Runner-1-2-1.png","width":1000,"height":1000},{"@type":"BreadcrumbList","@id":"https:\/\/csunitec.com\/es\/producto\/correderas-de-tuerca-hidraulicas\/#breadcrumb","itemListElement":[{"@type":"ListItem","position":1,"name":"Inicio","item":"https:\/\/csunitec.com\/es\/"},{"@type":"ListItem","position":2,"name":"Tienda","item":"https:\/\/csunitec.com\/es\/tienda\/"},{"@type":"ListItem","position":3,"name":"Correderas de Tuerca Hidr\u00e1ulicas"}]},{"@type":"WebSite","@id":"https:\/\/csunitec.com\/es\/#website","url":"https:\/\/csunitec.com\/es\/","name":"CS Unitec","description":"","potentialAction":[{"@type":"SearchAction","target":{"@type":"EntryPoint","urlTemplate":"https:\/\/csunitec.com\/es\/?s={search_term_string}"},"query-input":{"@type":"PropertyValueSpecification","valueRequired":true,"valueName":"search_term_string"}}],"inLanguage":"es"}]}},"_links":{"self":[{"href":"https:\/\/csunitec.com\/es\/wp-json\/wp\/v2\/product\/178122","targetHints":{"allow":["GET"]}}],"collection":[{"href":"https:\/\/csunitec.com\/es\/wp-json\/wp\/v2\/product"}],"about":[{"href":"https:\/\/csunitec.com\/es\/wp-json\/wp\/v2\/types\/product"}],"wp:featuredmedia":[{"embeddable":true,"href":"https:\/\/csunitec.com\/es\/wp-json\/wp\/v2\/media\/178123"}],"wp:attachment":[{"href":"https:\/\/csunitec.com\/es\/wp-json\/wp\/v2\/media?parent=178122"}],"wp:term":[{"taxonomy":"product_brand","embeddable":true,"href":"https:\/\/csunitec.com\/es\/wp-json\/wp\/v2\/product_brand?post=178122"},{"taxonomy":"product_cat","embeddable":true,"href":"https:\/\/csunitec.com\/es\/wp-json\/wp\/v2\/product_cat?post=178122"},{"taxonomy":"product_tag","embeddable":true,"href":"https:\/\/csunitec.com\/es\/wp-json\/wp\/v2\/product_tag?post=178122"},{"taxonomy":"accessory_type","embeddable":true,"href":"https:\/\/csunitec.com\/es\/wp-json\/wp\/v2\/accessory_type?post=178122"},{"taxonomy":"application","embeddable":true,"href":"https:\/\/csunitec.com\/es\/wp-json\/wp\/v2\/application?post=178122"},{"taxonomy":"hand_tool_type","embeddable":true,"href":"https:\/\/csunitec.com\/es\/wp-json\/wp\/v2\/hand_tool_type?post=178122"},{"taxonomy":"industry","embeddable":true,"href":"https:\/\/csunitec.com\/es\/wp-json\/wp\/v2\/industry?post=178122"},{"taxonomy":"material","embeddable":true,"href":"https:\/\/csunitec.com\/es\/wp-json\/wp\/v2\/material?post=178122"},{"taxonomy":"power_tool_type","embeddable":true,"href":"https:\/\/csunitec.com\/es\/wp-json\/wp\/v2\/power_tool_type?post=178122"},{"taxonomy":"power_type","embeddable":true,"href":"https:\/\/csunitec.com\/es\/wp-json\/wp\/v2\/power_type?post=178122"},{"taxonomy":"subcategory","embeddable":true,"href":"https:\/\/csunitec.com\/es\/wp-json\/wp\/v2\/subcategory?post=178122"},{"taxonomy":"tool_type","embeddable":true,"href":"https:\/\/csunitec.com\/es\/wp-json\/wp\/v2\/tool_type?post=178122"}],"curies":[{"name":"wp","href":"https:\/\/api.w.org\/{rel}","templated":true}]}}