{"id":178130,"date":"2024-12-07T00:05:00","date_gmt":"2024-12-07T00:05:00","guid":{"rendered":"https:\/\/stgcsunitec.wpenginepowered.com\/product\/mangueras-de-latigo-con-engrasadores-en-linea\/"},"modified":"2026-04-30T01:58:46","modified_gmt":"2026-04-30T05:58:46","slug":"mangueras-de-latigo-con-engrasadores-en-linea","status":"publish","type":"product","link":"https:\/\/csunitec.com\/es\/producto\/mangueras-de-latigo-con-engrasadores-en-linea\/","title":{"rendered":"Mangueras de l\u00e1tigo con engrasadores en l\u00ednea"},"content":{"rendered":"<p>Los conjuntos de mangueras de l\u00e1tigo engrasador en l\u00ednea CS Unitec est\u00e1n dise\u00f1ados para las aplicaciones m\u00e1s exigentes. Estas mangueras de l\u00e1tigo neum\u00e1ticas se fabrican en EE.UU. y est\u00e1n dise\u00f1adas para soportar una presi\u00f3n m\u00e1xima de 300 psi. Aumenta hoy mismo la vida \u00fatil y la productividad de tu herramienta con una manguera flexible engrasadora en l\u00ednea. Giro de 360\u00b0 disponible en algunos modelos de manguera flexible engrasadora.   <\/p>\n","protected":false},"excerpt":{"rendered":"<ul>\n<li>Lubricaci\u00f3n autom\u00e1tica de herramientas<\/li>\n<li>Alarga la vida de la herramienta neum\u00e1tica<\/li>\n<li>Aumenta la productividad<\/li>\n<\/ul>\n","protected":false},"featured_media":178132,"template":"","meta":[],"product_brand":[],"product_cat":[910],"product_tag":[1169],"accessory_type":[927],"application":[1042],"hand_tool_type":[],"industry":[933],"material":[],"power_tool_type":[],"power_type":[972],"subcategory":[1112],"tool_type":[943],"class_list":{"0":"post-178130","1":"product","2":"type-product","3":"status-publish","4":"has-post-thumbnail","6":"product_cat-sin-categorizar","7":"product_tag-accesorios-para-herramientas-neumaticas","8":"accessory_type-accesorio","9":"application-corte-y-conformado","10":"industry-metalurgia-2","11":"power_type-aire","12":"subcategory-herramientas-de-seguridad","13":"tool_type-accesorio","15":"first","16":"instock","17":"shipping-taxable","18":"purchasable","19":"product-type-variable"},"yoast_head":"<!-- This site is optimized with the Yoast SEO plugin v27.5 - https:\/\/yoast.com\/product\/yoast-seo-wordpress\/ -->\n<title>Mangueras de l\u00e1tigo con engrasadores en l\u00ednea - CS Unitec<\/title>\n<meta name=\"robots\" content=\"index, follow, max-snippet:-1, max-image-preview:large, max-video-preview:-1\" \/>\n<link rel=\"canonical\" href=\"https:\/\/csunitec.com\/es\/producto\/mangueras-de-latigo-con-engrasadores-en-linea\/\" \/>\n<meta property=\"og:locale\" content=\"es_ES\" \/>\n<meta property=\"og:type\" content=\"article\" \/>\n<meta property=\"og:title\" content=\"Mangueras de l\u00e1tigo con engrasadores en l\u00ednea - CS Unitec\" \/>\n<meta property=\"og:description\" content=\"Lubricaci\u00f3n autom\u00e1tica de herramientas  Alarga la vida de la herramienta neum\u00e1tica  Aumenta la productividad\" \/>\n<meta property=\"og:url\" content=\"https:\/\/csunitec.com\/es\/producto\/mangueras-de-latigo-con-engrasadores-en-linea\/\" \/>\n<meta property=\"og:site_name\" content=\"CS Unitec\" \/>\n<meta property=\"article:modified_time\" content=\"2026-04-30T05:58:46+00:00\" \/>\n<meta property=\"og:image\" content=\"https:\/\/csunitec.com\/wp-content\/uploads\/2025\/04\/Whip-Hose-with-Inline-Oiler-1-3-1.png\" \/>\n\t<meta property=\"og:image:width\" content=\"1000\" \/>\n\t<meta property=\"og:image:height\" content=\"1000\" \/>\n\t<meta property=\"og:image:type\" content=\"image\/png\" \/>\n<meta name=\"twitter:card\" content=\"summary_large_image\" \/>\n<script type=\"application\/ld+json\" class=\"yoast-schema-graph\">{\"@context\":\"https:\\\/\\\/schema.org\",\"@graph\":[{\"@type\":\"WebPage\",\"@id\":\"https:\\\/\\\/csunitec.com\\\/es\\\/producto\\\/mangueras-de-latigo-con-engrasadores-en-linea\\\/\",\"url\":\"https:\\\/\\\/csunitec.com\\\/es\\\/producto\\\/mangueras-de-latigo-con-engrasadores-en-linea\\\/\",\"name\":\"Mangueras de l\u00e1tigo con engrasadores en l\u00ednea - CS Unitec\",\"isPartOf\":{\"@id\":\"https:\\\/\\\/csunitec.com\\\/es\\\/#website\"},\"primaryImageOfPage\":{\"@id\":\"https:\\\/\\\/csunitec.com\\\/es\\\/producto\\\/mangueras-de-latigo-con-engrasadores-en-linea\\\/#primaryimage\"},\"image\":{\"@id\":\"https:\\\/\\\/csunitec.com\\\/es\\\/producto\\\/mangueras-de-latigo-con-engrasadores-en-linea\\\/#primaryimage\"},\"thumbnailUrl\":\"https:\\\/\\\/csunitec.com\\\/wp-content\\\/uploads\\\/2025\\\/04\\\/Whip-Hose-with-Inline-Oiler-1-3-1.png\",\"datePublished\":\"2024-12-07T00:05:00+00:00\",\"dateModified\":\"2026-04-30T05:58:46+00:00\",\"breadcrumb\":{\"@id\":\"https:\\\/\\\/csunitec.com\\\/es\\\/producto\\\/mangueras-de-latigo-con-engrasadores-en-linea\\\/#breadcrumb\"},\"inLanguage\":\"es\",\"potentialAction\":[{\"@type\":\"ReadAction\",\"target\":[\"https:\\\/\\\/csunitec.com\\\/es\\\/producto\\\/mangueras-de-latigo-con-engrasadores-en-linea\\\/\"]}]},{\"@type\":\"ImageObject\",\"inLanguage\":\"es\",\"@id\":\"https:\\\/\\\/csunitec.com\\\/es\\\/producto\\\/mangueras-de-latigo-con-engrasadores-en-linea\\\/#primaryimage\",\"url\":\"https:\\\/\\\/csunitec.com\\\/wp-content\\\/uploads\\\/2025\\\/04\\\/Whip-Hose-with-Inline-Oiler-1-3-1.png\",\"contentUrl\":\"https:\\\/\\\/csunitec.com\\\/wp-content\\\/uploads\\\/2025\\\/04\\\/Whip-Hose-with-Inline-Oiler-1-3-1.png\",\"width\":1000,\"height\":1000},{\"@type\":\"BreadcrumbList\",\"@id\":\"https:\\\/\\\/csunitec.com\\\/es\\\/producto\\\/mangueras-de-latigo-con-engrasadores-en-linea\\\/#breadcrumb\",\"itemListElement\":[{\"@type\":\"ListItem\",\"position\":1,\"name\":\"Inicio\",\"item\":\"https:\\\/\\\/csunitec.com\\\/es\\\/\"},{\"@type\":\"ListItem\",\"position\":2,\"name\":\"Tienda\",\"item\":\"https:\\\/\\\/csunitec.com\\\/es\\\/tienda\\\/\"},{\"@type\":\"ListItem\",\"position\":3,\"name\":\"Mangueras de l\u00e1tigo con engrasadores en l\u00ednea\"}]},{\"@type\":\"WebSite\",\"@id\":\"https:\\\/\\\/csunitec.com\\\/es\\\/#website\",\"url\":\"https:\\\/\\\/csunitec.com\\\/es\\\/\",\"name\":\"CS Unitec\",\"description\":\"\",\"potentialAction\":[{\"@type\":\"SearchAction\",\"target\":{\"@type\":\"EntryPoint\",\"urlTemplate\":\"https:\\\/\\\/csunitec.com\\\/es\\\/?s={search_term_string}\"},\"query-input\":{\"@type\":\"PropertyValueSpecification\",\"valueRequired\":true,\"valueName\":\"search_term_string\"}}],\"inLanguage\":\"es\"}]}<\/script>\n<!-- \/ Yoast SEO plugin. -->","yoast_head_json":{"title":"Mangueras de l\u00e1tigo con engrasadores en l\u00ednea - CS Unitec","robots":{"index":"index","follow":"follow","max-snippet":"max-snippet:-1","max-image-preview":"max-image-preview:large","max-video-preview":"max-video-preview:-1"},"canonical":"https:\/\/csunitec.com\/es\/producto\/mangueras-de-latigo-con-engrasadores-en-linea\/","og_locale":"es_ES","og_type":"article","og_title":"Mangueras de l\u00e1tigo con engrasadores en l\u00ednea - CS Unitec","og_description":"Lubricaci\u00f3n autom\u00e1tica de herramientas  Alarga la vida de la herramienta neum\u00e1tica  Aumenta la productividad","og_url":"https:\/\/csunitec.com\/es\/producto\/mangueras-de-latigo-con-engrasadores-en-linea\/","og_site_name":"CS Unitec","article_modified_time":"2026-04-30T05:58:46+00:00","og_image":[{"width":1000,"height":1000,"url":"https:\/\/csunitec.com\/wp-content\/uploads\/2025\/04\/Whip-Hose-with-Inline-Oiler-1-3-1.png","type":"image\/png"}],"twitter_card":"summary_large_image","schema":{"@context":"https:\/\/schema.org","@graph":[{"@type":"WebPage","@id":"https:\/\/csunitec.com\/es\/producto\/mangueras-de-latigo-con-engrasadores-en-linea\/","url":"https:\/\/csunitec.com\/es\/producto\/mangueras-de-latigo-con-engrasadores-en-linea\/","name":"Mangueras de l\u00e1tigo con engrasadores en l\u00ednea - CS Unitec","isPartOf":{"@id":"https:\/\/csunitec.com\/es\/#website"},"primaryImageOfPage":{"@id":"https:\/\/csunitec.com\/es\/producto\/mangueras-de-latigo-con-engrasadores-en-linea\/#primaryimage"},"image":{"@id":"https:\/\/csunitec.com\/es\/producto\/mangueras-de-latigo-con-engrasadores-en-linea\/#primaryimage"},"thumbnailUrl":"https:\/\/csunitec.com\/wp-content\/uploads\/2025\/04\/Whip-Hose-with-Inline-Oiler-1-3-1.png","datePublished":"2024-12-07T00:05:00+00:00","dateModified":"2026-04-30T05:58:46+00:00","breadcrumb":{"@id":"https:\/\/csunitec.com\/es\/producto\/mangueras-de-latigo-con-engrasadores-en-linea\/#breadcrumb"},"inLanguage":"es","potentialAction":[{"@type":"ReadAction","target":["https:\/\/csunitec.com\/es\/producto\/mangueras-de-latigo-con-engrasadores-en-linea\/"]}]},{"@type":"ImageObject","inLanguage":"es","@id":"https:\/\/csunitec.com\/es\/producto\/mangueras-de-latigo-con-engrasadores-en-linea\/#primaryimage","url":"https:\/\/csunitec.com\/wp-content\/uploads\/2025\/04\/Whip-Hose-with-Inline-Oiler-1-3-1.png","contentUrl":"https:\/\/csunitec.com\/wp-content\/uploads\/2025\/04\/Whip-Hose-with-Inline-Oiler-1-3-1.png","width":1000,"height":1000},{"@type":"BreadcrumbList","@id":"https:\/\/csunitec.com\/es\/producto\/mangueras-de-latigo-con-engrasadores-en-linea\/#breadcrumb","itemListElement":[{"@type":"ListItem","position":1,"name":"Inicio","item":"https:\/\/csunitec.com\/es\/"},{"@type":"ListItem","position":2,"name":"Tienda","item":"https:\/\/csunitec.com\/es\/tienda\/"},{"@type":"ListItem","position":3,"name":"Mangueras de l\u00e1tigo con engrasadores en l\u00ednea"}]},{"@type":"WebSite","@id":"https:\/\/csunitec.com\/es\/#website","url":"https:\/\/csunitec.com\/es\/","name":"CS Unitec","description":"","potentialAction":[{"@type":"SearchAction","target":{"@type":"EntryPoint","urlTemplate":"https:\/\/csunitec.com\/es\/?s={search_term_string}"},"query-input":{"@type":"PropertyValueSpecification","valueRequired":true,"valueName":"search_term_string"}}],"inLanguage":"es"}]}},"_links":{"self":[{"href":"https:\/\/csunitec.com\/es\/wp-json\/wp\/v2\/product\/178130","targetHints":{"allow":["GET"]}}],"collection":[{"href":"https:\/\/csunitec.com\/es\/wp-json\/wp\/v2\/product"}],"about":[{"href":"https:\/\/csunitec.com\/es\/wp-json\/wp\/v2\/types\/product"}],"wp:featuredmedia":[{"embeddable":true,"href":"https:\/\/csunitec.com\/es\/wp-json\/wp\/v2\/media\/178132"}],"wp:attachment":[{"href":"https:\/\/csunitec.com\/es\/wp-json\/wp\/v2\/media?parent=178130"}],"wp:term":[{"taxonomy":"product_brand","embeddable":true,"href":"https:\/\/csunitec.com\/es\/wp-json\/wp\/v2\/product_brand?post=178130"},{"taxonomy":"product_cat","embeddable":true,"href":"https:\/\/csunitec.com\/es\/wp-json\/wp\/v2\/product_cat?post=178130"},{"taxonomy":"product_tag","embeddable":true,"href":"https:\/\/csunitec.com\/es\/wp-json\/wp\/v2\/product_tag?post=178130"},{"taxonomy":"accessory_type","embeddable":true,"href":"https:\/\/csunitec.com\/es\/wp-json\/wp\/v2\/accessory_type?post=178130"},{"taxonomy":"application","embeddable":true,"href":"https:\/\/csunitec.com\/es\/wp-json\/wp\/v2\/application?post=178130"},{"taxonomy":"hand_tool_type","embeddable":true,"href":"https:\/\/csunitec.com\/es\/wp-json\/wp\/v2\/hand_tool_type?post=178130"},{"taxonomy":"industry","embeddable":true,"href":"https:\/\/csunitec.com\/es\/wp-json\/wp\/v2\/industry?post=178130"},{"taxonomy":"material","embeddable":true,"href":"https:\/\/csunitec.com\/es\/wp-json\/wp\/v2\/material?post=178130"},{"taxonomy":"power_tool_type","embeddable":true,"href":"https:\/\/csunitec.com\/es\/wp-json\/wp\/v2\/power_tool_type?post=178130"},{"taxonomy":"power_type","embeddable":true,"href":"https:\/\/csunitec.com\/es\/wp-json\/wp\/v2\/power_type?post=178130"},{"taxonomy":"subcategory","embeddable":true,"href":"https:\/\/csunitec.com\/es\/wp-json\/wp\/v2\/subcategory?post=178130"},{"taxonomy":"tool_type","embeddable":true,"href":"https:\/\/csunitec.com\/es\/wp-json\/wp\/v2\/tool_type?post=178130"}],"curies":[{"name":"wp","href":"https:\/\/api.w.org\/{rel}","templated":true}]}}