{"id":178131,"date":"2024-12-06T22:34:00","date_gmt":"2024-12-06T22:34:00","guid":{"rendered":"https:\/\/stgcsunitec.wpenginepowered.com\/product\/correderas-de-tuerca-neumaticas\/"},"modified":"2026-04-30T01:58:34","modified_gmt":"2026-04-30T05:58:34","slug":"correderas-de-tuerca-neumaticas","status":"publish","type":"product","link":"https:\/\/csunitec.com\/es\/producto\/correderas-de-tuerca-neumaticas\/","title":{"rendered":"Correderas de tuerca neum\u00e1ticas"},"content":{"rendered":"<ul>\n<li>Corredores neum\u00e1ticos de tuercas ideales para girar v\u00e1lvulas, apretar, roscar, escariar, biselar tubos, expandir y mucho m\u00e1s.<\/li>\n<li>Certificado ATEX para uso en zonas de trabajo potencialmente explosivas o peligrosas.<\/li>\n<li>Disponibles con accionamientos cuadrados macho o hembra en varios tama\u00f1os<\/li>\n<\/ul>\n","protected":false},"excerpt":{"rendered":"<ul>\n<li>Par de torsi\u00f3n: Hasta 405 pies-libra.<\/li>\n<li>Mandos cuadrados macho: 1\/2&#8243;, 3\/4&#8243; y 1&#8243;<\/li>\n<li>Torneado y Apriete para V\u00e1lvulas y m\u00e1s<\/li>\n<li>Velocidad de carga: Hasta 125 RPM<\/li>\n<li>Potencia: 0,9 CV<\/li>\n<\/ul>\n","protected":false},"featured_media":178135,"template":"","meta":[],"product_brand":[],"product_cat":[1001,1048],"product_tag":[973,1167,1170],"accessory_type":[],"application":[1164],"hand_tool_type":[],"industry":[1047],"material":[],"power_tool_type":[1165],"power_type":[972],"subcategory":[1112,1168],"tool_type":[946],"class_list":{"0":"post-178131","1":"product","2":"type-product","3":"status-publish","4":"has-post-thumbnail","6":"product_cat-accionamientos-y-motores","7":"product_cat-herramientas-de-seguridad","8":"product_tag-atex","9":"product_tag-atornilladores-de-tuercas","10":"product_tag-correderas-de-tuerca-neumaticas","11":"application-herramientas-de-fijacion","12":"industry-petroquimica","13":"power_tool_type-corredor-de-frutos-secos","14":"power_type-aire","15":"subcategory-herramientas-de-seguridad","16":"subcategory-atornilladores-de-tuercas","17":"tool_type-herramienta-electrica","19":"first","20":"instock","21":"shipping-taxable","22":"purchasable","23":"product-type-variable"},"yoast_head":"<!-- This site is optimized with the Yoast SEO plugin v27.5 - https:\/\/yoast.com\/product\/yoast-seo-wordpress\/ -->\n<title>Correderas de tuerca neum\u00e1ticas - CS Unitec<\/title>\n<meta name=\"description\" content=\"Corredores neum\u00e1ticos de tuercas ideales para girar v\u00e1lvulas, apretar, roscar, escariar, biselar tubos, expandir, etc. Alto par y certificaci\u00f3n ATEX.\" \/>\n<meta name=\"robots\" content=\"index, follow, max-snippet:-1, max-image-preview:large, max-video-preview:-1\" \/>\n<link rel=\"canonical\" href=\"https:\/\/csunitec.com\/es\/producto\/correderas-de-tuerca-neumaticas\/\" \/>\n<meta property=\"og:locale\" content=\"es_ES\" \/>\n<meta property=\"og:type\" content=\"article\" \/>\n<meta property=\"og:title\" content=\"Correderas de tuerca neum\u00e1ticas - CS Unitec\" \/>\n<meta property=\"og:description\" content=\"Corredores neum\u00e1ticos de tuercas ideales para girar v\u00e1lvulas, apretar, roscar, escariar, biselar tubos, expandir, etc. Alto par y certificaci\u00f3n ATEX.\" \/>\n<meta property=\"og:url\" content=\"https:\/\/csunitec.com\/es\/producto\/correderas-de-tuerca-neumaticas\/\" \/>\n<meta property=\"og:site_name\" content=\"CS Unitec\" \/>\n<meta property=\"article:modified_time\" content=\"2026-04-30T05:58:34+00:00\" \/>\n<meta property=\"og:image\" content=\"https:\/\/csunitec.com\/wp-content\/uploads\/2024\/12\/nut-runner.jpg\" \/>\n\t<meta property=\"og:image:width\" content=\"1000\" \/>\n\t<meta property=\"og:image:height\" content=\"1000\" \/>\n\t<meta property=\"og:image:type\" content=\"image\/jpeg\" \/>\n<meta name=\"twitter:card\" content=\"summary_large_image\" \/>\n<script type=\"application\/ld+json\" class=\"yoast-schema-graph\">{\"@context\":\"https:\\\/\\\/schema.org\",\"@graph\":[{\"@type\":\"WebPage\",\"@id\":\"https:\\\/\\\/csunitec.com\\\/es\\\/producto\\\/correderas-de-tuerca-neumaticas\\\/\",\"url\":\"https:\\\/\\\/csunitec.com\\\/es\\\/producto\\\/correderas-de-tuerca-neumaticas\\\/\",\"name\":\"Correderas de tuerca neum\u00e1ticas - CS Unitec\",\"isPartOf\":{\"@id\":\"https:\\\/\\\/csunitec.com\\\/es\\\/#website\"},\"primaryImageOfPage\":{\"@id\":\"https:\\\/\\\/csunitec.com\\\/es\\\/producto\\\/correderas-de-tuerca-neumaticas\\\/#primaryimage\"},\"image\":{\"@id\":\"https:\\\/\\\/csunitec.com\\\/es\\\/producto\\\/correderas-de-tuerca-neumaticas\\\/#primaryimage\"},\"thumbnailUrl\":\"https:\\\/\\\/csunitec.com\\\/wp-content\\\/uploads\\\/2024\\\/12\\\/nut-runner.jpg\",\"datePublished\":\"2024-12-06T22:34:00+00:00\",\"dateModified\":\"2026-04-30T05:58:34+00:00\",\"description\":\"Corredores neum\u00e1ticos de tuercas ideales para girar v\u00e1lvulas, apretar, roscar, escariar, biselar tubos, expandir, etc. Alto par y certificaci\u00f3n ATEX.\",\"breadcrumb\":{\"@id\":\"https:\\\/\\\/csunitec.com\\\/es\\\/producto\\\/correderas-de-tuerca-neumaticas\\\/#breadcrumb\"},\"inLanguage\":\"es\",\"potentialAction\":[{\"@type\":\"ReadAction\",\"target\":[\"https:\\\/\\\/csunitec.com\\\/es\\\/producto\\\/correderas-de-tuerca-neumaticas\\\/\"]}]},{\"@type\":\"ImageObject\",\"inLanguage\":\"es\",\"@id\":\"https:\\\/\\\/csunitec.com\\\/es\\\/producto\\\/correderas-de-tuerca-neumaticas\\\/#primaryimage\",\"url\":\"https:\\\/\\\/csunitec.com\\\/wp-content\\\/uploads\\\/2024\\\/12\\\/nut-runner.jpg\",\"contentUrl\":\"https:\\\/\\\/csunitec.com\\\/wp-content\\\/uploads\\\/2024\\\/12\\\/nut-runner.jpg\",\"width\":1000,\"height\":1000},{\"@type\":\"BreadcrumbList\",\"@id\":\"https:\\\/\\\/csunitec.com\\\/es\\\/producto\\\/correderas-de-tuerca-neumaticas\\\/#breadcrumb\",\"itemListElement\":[{\"@type\":\"ListItem\",\"position\":1,\"name\":\"Inicio\",\"item\":\"https:\\\/\\\/csunitec.com\\\/es\\\/\"},{\"@type\":\"ListItem\",\"position\":2,\"name\":\"Tienda\",\"item\":\"https:\\\/\\\/csunitec.com\\\/es\\\/tienda\\\/\"},{\"@type\":\"ListItem\",\"position\":3,\"name\":\"Correderas de tuerca neum\u00e1ticas\"}]},{\"@type\":\"WebSite\",\"@id\":\"https:\\\/\\\/csunitec.com\\\/es\\\/#website\",\"url\":\"https:\\\/\\\/csunitec.com\\\/es\\\/\",\"name\":\"CS Unitec\",\"description\":\"\",\"potentialAction\":[{\"@type\":\"SearchAction\",\"target\":{\"@type\":\"EntryPoint\",\"urlTemplate\":\"https:\\\/\\\/csunitec.com\\\/es\\\/?s={search_term_string}\"},\"query-input\":{\"@type\":\"PropertyValueSpecification\",\"valueRequired\":true,\"valueName\":\"search_term_string\"}}],\"inLanguage\":\"es\"}]}<\/script>\n<!-- \/ Yoast SEO plugin. -->","yoast_head_json":{"title":"Correderas de tuerca neum\u00e1ticas - CS Unitec","description":"Corredores neum\u00e1ticos de tuercas ideales para girar v\u00e1lvulas, apretar, roscar, escariar, biselar tubos, expandir, etc. Alto par y certificaci\u00f3n ATEX.","robots":{"index":"index","follow":"follow","max-snippet":"max-snippet:-1","max-image-preview":"max-image-preview:large","max-video-preview":"max-video-preview:-1"},"canonical":"https:\/\/csunitec.com\/es\/producto\/correderas-de-tuerca-neumaticas\/","og_locale":"es_ES","og_type":"article","og_title":"Correderas de tuerca neum\u00e1ticas - CS Unitec","og_description":"Corredores neum\u00e1ticos de tuercas ideales para girar v\u00e1lvulas, apretar, roscar, escariar, biselar tubos, expandir, etc. Alto par y certificaci\u00f3n ATEX.","og_url":"https:\/\/csunitec.com\/es\/producto\/correderas-de-tuerca-neumaticas\/","og_site_name":"CS Unitec","article_modified_time":"2026-04-30T05:58:34+00:00","og_image":[{"width":1000,"height":1000,"url":"https:\/\/csunitec.com\/wp-content\/uploads\/2024\/12\/nut-runner.jpg","type":"image\/jpeg"}],"twitter_card":"summary_large_image","schema":{"@context":"https:\/\/schema.org","@graph":[{"@type":"WebPage","@id":"https:\/\/csunitec.com\/es\/producto\/correderas-de-tuerca-neumaticas\/","url":"https:\/\/csunitec.com\/es\/producto\/correderas-de-tuerca-neumaticas\/","name":"Correderas de tuerca neum\u00e1ticas - CS Unitec","isPartOf":{"@id":"https:\/\/csunitec.com\/es\/#website"},"primaryImageOfPage":{"@id":"https:\/\/csunitec.com\/es\/producto\/correderas-de-tuerca-neumaticas\/#primaryimage"},"image":{"@id":"https:\/\/csunitec.com\/es\/producto\/correderas-de-tuerca-neumaticas\/#primaryimage"},"thumbnailUrl":"https:\/\/csunitec.com\/wp-content\/uploads\/2024\/12\/nut-runner.jpg","datePublished":"2024-12-06T22:34:00+00:00","dateModified":"2026-04-30T05:58:34+00:00","description":"Corredores neum\u00e1ticos de tuercas ideales para girar v\u00e1lvulas, apretar, roscar, escariar, biselar tubos, expandir, etc. Alto par y certificaci\u00f3n ATEX.","breadcrumb":{"@id":"https:\/\/csunitec.com\/es\/producto\/correderas-de-tuerca-neumaticas\/#breadcrumb"},"inLanguage":"es","potentialAction":[{"@type":"ReadAction","target":["https:\/\/csunitec.com\/es\/producto\/correderas-de-tuerca-neumaticas\/"]}]},{"@type":"ImageObject","inLanguage":"es","@id":"https:\/\/csunitec.com\/es\/producto\/correderas-de-tuerca-neumaticas\/#primaryimage","url":"https:\/\/csunitec.com\/wp-content\/uploads\/2024\/12\/nut-runner.jpg","contentUrl":"https:\/\/csunitec.com\/wp-content\/uploads\/2024\/12\/nut-runner.jpg","width":1000,"height":1000},{"@type":"BreadcrumbList","@id":"https:\/\/csunitec.com\/es\/producto\/correderas-de-tuerca-neumaticas\/#breadcrumb","itemListElement":[{"@type":"ListItem","position":1,"name":"Inicio","item":"https:\/\/csunitec.com\/es\/"},{"@type":"ListItem","position":2,"name":"Tienda","item":"https:\/\/csunitec.com\/es\/tienda\/"},{"@type":"ListItem","position":3,"name":"Correderas de tuerca neum\u00e1ticas"}]},{"@type":"WebSite","@id":"https:\/\/csunitec.com\/es\/#website","url":"https:\/\/csunitec.com\/es\/","name":"CS Unitec","description":"","potentialAction":[{"@type":"SearchAction","target":{"@type":"EntryPoint","urlTemplate":"https:\/\/csunitec.com\/es\/?s={search_term_string}"},"query-input":{"@type":"PropertyValueSpecification","valueRequired":true,"valueName":"search_term_string"}}],"inLanguage":"es"}]}},"_links":{"self":[{"href":"https:\/\/csunitec.com\/es\/wp-json\/wp\/v2\/product\/178131","targetHints":{"allow":["GET"]}}],"collection":[{"href":"https:\/\/csunitec.com\/es\/wp-json\/wp\/v2\/product"}],"about":[{"href":"https:\/\/csunitec.com\/es\/wp-json\/wp\/v2\/types\/product"}],"wp:featuredmedia":[{"embeddable":true,"href":"https:\/\/csunitec.com\/es\/wp-json\/wp\/v2\/media\/178135"}],"wp:attachment":[{"href":"https:\/\/csunitec.com\/es\/wp-json\/wp\/v2\/media?parent=178131"}],"wp:term":[{"taxonomy":"product_brand","embeddable":true,"href":"https:\/\/csunitec.com\/es\/wp-json\/wp\/v2\/product_brand?post=178131"},{"taxonomy":"product_cat","embeddable":true,"href":"https:\/\/csunitec.com\/es\/wp-json\/wp\/v2\/product_cat?post=178131"},{"taxonomy":"product_tag","embeddable":true,"href":"https:\/\/csunitec.com\/es\/wp-json\/wp\/v2\/product_tag?post=178131"},{"taxonomy":"accessory_type","embeddable":true,"href":"https:\/\/csunitec.com\/es\/wp-json\/wp\/v2\/accessory_type?post=178131"},{"taxonomy":"application","embeddable":true,"href":"https:\/\/csunitec.com\/es\/wp-json\/wp\/v2\/application?post=178131"},{"taxonomy":"hand_tool_type","embeddable":true,"href":"https:\/\/csunitec.com\/es\/wp-json\/wp\/v2\/hand_tool_type?post=178131"},{"taxonomy":"industry","embeddable":true,"href":"https:\/\/csunitec.com\/es\/wp-json\/wp\/v2\/industry?post=178131"},{"taxonomy":"material","embeddable":true,"href":"https:\/\/csunitec.com\/es\/wp-json\/wp\/v2\/material?post=178131"},{"taxonomy":"power_tool_type","embeddable":true,"href":"https:\/\/csunitec.com\/es\/wp-json\/wp\/v2\/power_tool_type?post=178131"},{"taxonomy":"power_type","embeddable":true,"href":"https:\/\/csunitec.com\/es\/wp-json\/wp\/v2\/power_type?post=178131"},{"taxonomy":"subcategory","embeddable":true,"href":"https:\/\/csunitec.com\/es\/wp-json\/wp\/v2\/subcategory?post=178131"},{"taxonomy":"tool_type","embeddable":true,"href":"https:\/\/csunitec.com\/es\/wp-json\/wp\/v2\/tool_type?post=178131"}],"curies":[{"name":"wp","href":"https:\/\/api.w.org\/{rel}","templated":true}]}}