{"id":178144,"date":"2024-12-07T00:12:00","date_gmt":"2024-12-07T00:12:00","guid":{"rendered":"https:\/\/stgcsunitec.wpenginepowered.com\/product\/secador-filtro-y-engrasador-airpac\/"},"modified":"2026-04-30T01:58:48","modified_gmt":"2026-04-30T05:58:48","slug":"secador-filtro-y-engrasador-airpac","status":"publish","type":"product","link":"https:\/\/csunitec.com\/es\/producto\/secador-filtro-y-engrasador-airpac\/","title":{"rendered":"Secador, Filtro y Engrasador AirPac"},"content":{"rendered":"<p><strong>AirPac alarga la vida de las herramientas neum\u00e1ticas<\/strong><\/p>\n<ul>\n<li>Completamente autom\u00e1tico: una v\u00e1lvula de flotador expulsa autom\u00e1ticamente el agua y la suciedad acumuladas<\/li>\n<li>Sin mantenimiento: no hay filtros ni piezas que sustituir o revisar<\/li>\n<\/ul>\n","protected":false},"excerpt":{"rendered":"<ul>\n<li>Elimina el 98% del agua y los contaminantes de los sistemas de aire comprimido port\u00e1tiles y fijos para proteger las herramientas neum\u00e1ticas<\/li>\n<li>Totalmente autom\u00e1tico: una v\u00e1lvula de flotador expulsa autom\u00e1ticamente el agua y la suciedad acumuladas<\/li>\n<li>Sin mantenimiento: no hay filtros ni piezas que sustituir o revisar<\/li>\n<\/ul>\n","protected":false},"featured_media":178156,"template":"","meta":[],"product_brand":[],"product_cat":[910],"product_tag":[1169],"accessory_type":[927],"application":[1042],"hand_tool_type":[],"industry":[933],"material":[],"power_tool_type":[],"power_type":[],"subcategory":[1112],"tool_type":[943],"class_list":{"0":"post-178144","1":"product","2":"type-product","3":"status-publish","4":"has-post-thumbnail","6":"product_cat-sin-categorizar","7":"product_tag-accesorios-para-herramientas-neumaticas","8":"accessory_type-accesorio","9":"application-corte-y-conformado","10":"industry-metalurgia-2","11":"subcategory-herramientas-de-seguridad","12":"tool_type-accesorio","14":"first","15":"instock","16":"shipping-taxable","17":"purchasable","18":"product-type-simple"},"yoast_head":"<!-- This site is optimized with the Yoast SEO plugin v27.5 - https:\/\/yoast.com\/product\/yoast-seo-wordpress\/ -->\n<title>Secador, Filtro y Engrasador AirPac - CS Unitec<\/title>\n<meta name=\"robots\" content=\"index, follow, max-snippet:-1, max-image-preview:large, max-video-preview:-1\" \/>\n<link rel=\"canonical\" href=\"https:\/\/csunitec.com\/es\/producto\/secador-filtro-y-engrasador-airpac\/\" \/>\n<meta property=\"og:locale\" content=\"es_ES\" \/>\n<meta property=\"og:type\" content=\"article\" \/>\n<meta property=\"og:title\" content=\"Secador, Filtro y Engrasador AirPac - CS Unitec\" \/>\n<meta property=\"og:description\" content=\"Elimina el 98% del agua y los contaminantes de los sistemas de aire comprimido port\u00e1tiles y fijos para proteger las herramientas neum\u00e1ticas  Totalmente autom\u00e1tico: una v\u00e1lvula de flotador expulsa autom\u00e1ticamente el agua y la suciedad acumuladas  Sin mantenimiento: no hay filtros ni piezas que sustituir o revisar\" \/>\n<meta property=\"og:url\" content=\"https:\/\/csunitec.com\/es\/producto\/secador-filtro-y-engrasador-airpac\/\" \/>\n<meta property=\"og:site_name\" content=\"CS Unitec\" \/>\n<meta property=\"article:modified_time\" content=\"2026-04-30T05:58:48+00:00\" \/>\n<meta property=\"og:image\" content=\"https:\/\/csunitec.com\/wp-content\/uploads\/2025\/04\/AirPac-Dryer-Filter-and-Oiler-1-2-1.png\" \/>\n\t<meta property=\"og:image:width\" content=\"1000\" \/>\n\t<meta property=\"og:image:height\" content=\"1000\" \/>\n\t<meta property=\"og:image:type\" content=\"image\/png\" \/>\n<meta name=\"twitter:card\" content=\"summary_large_image\" \/>\n<script type=\"application\/ld+json\" class=\"yoast-schema-graph\">{\"@context\":\"https:\\\/\\\/schema.org\",\"@graph\":[{\"@type\":\"WebPage\",\"@id\":\"https:\\\/\\\/csunitec.com\\\/es\\\/producto\\\/secador-filtro-y-engrasador-airpac\\\/\",\"url\":\"https:\\\/\\\/csunitec.com\\\/es\\\/producto\\\/secador-filtro-y-engrasador-airpac\\\/\",\"name\":\"Secador, Filtro y Engrasador AirPac - CS Unitec\",\"isPartOf\":{\"@id\":\"https:\\\/\\\/csunitec.com\\\/es\\\/#website\"},\"primaryImageOfPage\":{\"@id\":\"https:\\\/\\\/csunitec.com\\\/es\\\/producto\\\/secador-filtro-y-engrasador-airpac\\\/#primaryimage\"},\"image\":{\"@id\":\"https:\\\/\\\/csunitec.com\\\/es\\\/producto\\\/secador-filtro-y-engrasador-airpac\\\/#primaryimage\"},\"thumbnailUrl\":\"https:\\\/\\\/csunitec.com\\\/wp-content\\\/uploads\\\/2025\\\/04\\\/AirPac-Dryer-Filter-and-Oiler-1-2-1.png\",\"datePublished\":\"2024-12-07T00:12:00+00:00\",\"dateModified\":\"2026-04-30T05:58:48+00:00\",\"breadcrumb\":{\"@id\":\"https:\\\/\\\/csunitec.com\\\/es\\\/producto\\\/secador-filtro-y-engrasador-airpac\\\/#breadcrumb\"},\"inLanguage\":\"es\",\"potentialAction\":[{\"@type\":\"ReadAction\",\"target\":[\"https:\\\/\\\/csunitec.com\\\/es\\\/producto\\\/secador-filtro-y-engrasador-airpac\\\/\"]}]},{\"@type\":\"ImageObject\",\"inLanguage\":\"es\",\"@id\":\"https:\\\/\\\/csunitec.com\\\/es\\\/producto\\\/secador-filtro-y-engrasador-airpac\\\/#primaryimage\",\"url\":\"https:\\\/\\\/csunitec.com\\\/wp-content\\\/uploads\\\/2025\\\/04\\\/AirPac-Dryer-Filter-and-Oiler-1-2-1.png\",\"contentUrl\":\"https:\\\/\\\/csunitec.com\\\/wp-content\\\/uploads\\\/2025\\\/04\\\/AirPac-Dryer-Filter-and-Oiler-1-2-1.png\",\"width\":1000,\"height\":1000},{\"@type\":\"BreadcrumbList\",\"@id\":\"https:\\\/\\\/csunitec.com\\\/es\\\/producto\\\/secador-filtro-y-engrasador-airpac\\\/#breadcrumb\",\"itemListElement\":[{\"@type\":\"ListItem\",\"position\":1,\"name\":\"Inicio\",\"item\":\"https:\\\/\\\/csunitec.com\\\/es\\\/\"},{\"@type\":\"ListItem\",\"position\":2,\"name\":\"Tienda\",\"item\":\"https:\\\/\\\/csunitec.com\\\/es\\\/tienda\\\/\"},{\"@type\":\"ListItem\",\"position\":3,\"name\":\"Secador, Filtro y Engrasador AirPac\"}]},{\"@type\":\"WebSite\",\"@id\":\"https:\\\/\\\/csunitec.com\\\/es\\\/#website\",\"url\":\"https:\\\/\\\/csunitec.com\\\/es\\\/\",\"name\":\"CS Unitec\",\"description\":\"\",\"potentialAction\":[{\"@type\":\"SearchAction\",\"target\":{\"@type\":\"EntryPoint\",\"urlTemplate\":\"https:\\\/\\\/csunitec.com\\\/es\\\/?s={search_term_string}\"},\"query-input\":{\"@type\":\"PropertyValueSpecification\",\"valueRequired\":true,\"valueName\":\"search_term_string\"}}],\"inLanguage\":\"es\"}]}<\/script>\n<!-- \/ Yoast SEO plugin. -->","yoast_head_json":{"title":"Secador, Filtro y Engrasador AirPac - CS Unitec","robots":{"index":"index","follow":"follow","max-snippet":"max-snippet:-1","max-image-preview":"max-image-preview:large","max-video-preview":"max-video-preview:-1"},"canonical":"https:\/\/csunitec.com\/es\/producto\/secador-filtro-y-engrasador-airpac\/","og_locale":"es_ES","og_type":"article","og_title":"Secador, Filtro y Engrasador AirPac - CS Unitec","og_description":"Elimina el 98% del agua y los contaminantes de los sistemas de aire comprimido port\u00e1tiles y fijos para proteger las herramientas neum\u00e1ticas  Totalmente autom\u00e1tico: una v\u00e1lvula de flotador expulsa autom\u00e1ticamente el agua y la suciedad acumuladas  Sin mantenimiento: no hay filtros ni piezas que sustituir o revisar","og_url":"https:\/\/csunitec.com\/es\/producto\/secador-filtro-y-engrasador-airpac\/","og_site_name":"CS Unitec","article_modified_time":"2026-04-30T05:58:48+00:00","og_image":[{"width":1000,"height":1000,"url":"https:\/\/csunitec.com\/wp-content\/uploads\/2025\/04\/AirPac-Dryer-Filter-and-Oiler-1-2-1.png","type":"image\/png"}],"twitter_card":"summary_large_image","schema":{"@context":"https:\/\/schema.org","@graph":[{"@type":"WebPage","@id":"https:\/\/csunitec.com\/es\/producto\/secador-filtro-y-engrasador-airpac\/","url":"https:\/\/csunitec.com\/es\/producto\/secador-filtro-y-engrasador-airpac\/","name":"Secador, Filtro y Engrasador AirPac - CS Unitec","isPartOf":{"@id":"https:\/\/csunitec.com\/es\/#website"},"primaryImageOfPage":{"@id":"https:\/\/csunitec.com\/es\/producto\/secador-filtro-y-engrasador-airpac\/#primaryimage"},"image":{"@id":"https:\/\/csunitec.com\/es\/producto\/secador-filtro-y-engrasador-airpac\/#primaryimage"},"thumbnailUrl":"https:\/\/csunitec.com\/wp-content\/uploads\/2025\/04\/AirPac-Dryer-Filter-and-Oiler-1-2-1.png","datePublished":"2024-12-07T00:12:00+00:00","dateModified":"2026-04-30T05:58:48+00:00","breadcrumb":{"@id":"https:\/\/csunitec.com\/es\/producto\/secador-filtro-y-engrasador-airpac\/#breadcrumb"},"inLanguage":"es","potentialAction":[{"@type":"ReadAction","target":["https:\/\/csunitec.com\/es\/producto\/secador-filtro-y-engrasador-airpac\/"]}]},{"@type":"ImageObject","inLanguage":"es","@id":"https:\/\/csunitec.com\/es\/producto\/secador-filtro-y-engrasador-airpac\/#primaryimage","url":"https:\/\/csunitec.com\/wp-content\/uploads\/2025\/04\/AirPac-Dryer-Filter-and-Oiler-1-2-1.png","contentUrl":"https:\/\/csunitec.com\/wp-content\/uploads\/2025\/04\/AirPac-Dryer-Filter-and-Oiler-1-2-1.png","width":1000,"height":1000},{"@type":"BreadcrumbList","@id":"https:\/\/csunitec.com\/es\/producto\/secador-filtro-y-engrasador-airpac\/#breadcrumb","itemListElement":[{"@type":"ListItem","position":1,"name":"Inicio","item":"https:\/\/csunitec.com\/es\/"},{"@type":"ListItem","position":2,"name":"Tienda","item":"https:\/\/csunitec.com\/es\/tienda\/"},{"@type":"ListItem","position":3,"name":"Secador, Filtro y Engrasador AirPac"}]},{"@type":"WebSite","@id":"https:\/\/csunitec.com\/es\/#website","url":"https:\/\/csunitec.com\/es\/","name":"CS Unitec","description":"","potentialAction":[{"@type":"SearchAction","target":{"@type":"EntryPoint","urlTemplate":"https:\/\/csunitec.com\/es\/?s={search_term_string}"},"query-input":{"@type":"PropertyValueSpecification","valueRequired":true,"valueName":"search_term_string"}}],"inLanguage":"es"}]}},"_links":{"self":[{"href":"https:\/\/csunitec.com\/es\/wp-json\/wp\/v2\/product\/178144","targetHints":{"allow":["GET"]}}],"collection":[{"href":"https:\/\/csunitec.com\/es\/wp-json\/wp\/v2\/product"}],"about":[{"href":"https:\/\/csunitec.com\/es\/wp-json\/wp\/v2\/types\/product"}],"wp:featuredmedia":[{"embeddable":true,"href":"https:\/\/csunitec.com\/es\/wp-json\/wp\/v2\/media\/178156"}],"wp:attachment":[{"href":"https:\/\/csunitec.com\/es\/wp-json\/wp\/v2\/media?parent=178144"}],"wp:term":[{"taxonomy":"product_brand","embeddable":true,"href":"https:\/\/csunitec.com\/es\/wp-json\/wp\/v2\/product_brand?post=178144"},{"taxonomy":"product_cat","embeddable":true,"href":"https:\/\/csunitec.com\/es\/wp-json\/wp\/v2\/product_cat?post=178144"},{"taxonomy":"product_tag","embeddable":true,"href":"https:\/\/csunitec.com\/es\/wp-json\/wp\/v2\/product_tag?post=178144"},{"taxonomy":"accessory_type","embeddable":true,"href":"https:\/\/csunitec.com\/es\/wp-json\/wp\/v2\/accessory_type?post=178144"},{"taxonomy":"application","embeddable":true,"href":"https:\/\/csunitec.com\/es\/wp-json\/wp\/v2\/application?post=178144"},{"taxonomy":"hand_tool_type","embeddable":true,"href":"https:\/\/csunitec.com\/es\/wp-json\/wp\/v2\/hand_tool_type?post=178144"},{"taxonomy":"industry","embeddable":true,"href":"https:\/\/csunitec.com\/es\/wp-json\/wp\/v2\/industry?post=178144"},{"taxonomy":"material","embeddable":true,"href":"https:\/\/csunitec.com\/es\/wp-json\/wp\/v2\/material?post=178144"},{"taxonomy":"power_tool_type","embeddable":true,"href":"https:\/\/csunitec.com\/es\/wp-json\/wp\/v2\/power_tool_type?post=178144"},{"taxonomy":"power_type","embeddable":true,"href":"https:\/\/csunitec.com\/es\/wp-json\/wp\/v2\/power_type?post=178144"},{"taxonomy":"subcategory","embeddable":true,"href":"https:\/\/csunitec.com\/es\/wp-json\/wp\/v2\/subcategory?post=178144"},{"taxonomy":"tool_type","embeddable":true,"href":"https:\/\/csunitec.com\/es\/wp-json\/wp\/v2\/tool_type?post=178144"}],"curies":[{"name":"wp","href":"https:\/\/api.w.org\/{rel}","templated":true}]}}