{"id":178163,"date":"2024-12-07T00:50:00","date_gmt":"2024-12-07T00:50:00","guid":{"rendered":"https:\/\/stgcsunitec.wpenginepowered.com\/product\/aceites-lubricantes-y-acondicionadores-para-herramientas-neumaticas\/"},"modified":"2026-04-30T01:58:52","modified_gmt":"2026-04-30T05:58:52","slug":"aceites-lubricantes-y-acondicionadores-para-herramientas-neumaticas","status":"publish","type":"product","link":"https:\/\/csunitec.com\/es\/producto\/aceites-lubricantes-y-acondicionadores-para-herramientas-neumaticas\/","title":{"rendered":"Aceites, lubricantes y acondicionadores para herramientas neum\u00e1ticas"},"content":{"rendered":"<p>Haz que tus herramientas neum\u00e1ticas funcionen durante m\u00e1s tiempo, m\u00e1s fr\u00edas y de forma m\u00e1s eficaz con los aceites, lubricantes y acondicionadores para herramientas neum\u00e1ticas Prolube\u2122 de CS Unitec. Nuestros aceites para herramientas neum\u00e1ticas est\u00e1n dise\u00f1ados para soportar las duras condiciones de las aplicaciones industriales de herramientas neum\u00e1ticas. Tambi\u00e9n disponemos de f\u00f3rmulas especiales para trabajar en climas fr\u00edos y bajo el agua.  <\/p>\n","protected":false},"excerpt":{"rendered":"<ul>\n<li>Aumenta la vida \u00fatil y el rendimiento de las herramientas neum\u00e1ticas<\/li>\n<\/ul>\n","protected":false},"featured_media":178170,"template":"","meta":[],"product_brand":[],"product_cat":[1048],"product_tag":[1169],"accessory_type":[927],"application":[1042],"hand_tool_type":[],"industry":[933],"material":[],"power_tool_type":[],"power_type":[],"subcategory":[1050],"tool_type":[943],"class_list":{"0":"post-178163","1":"product","2":"type-product","3":"status-publish","4":"has-post-thumbnail","6":"product_cat-herramientas-de-seguridad","7":"product_tag-accesorios-para-herramientas-neumaticas","8":"accessory_type-accesorio","9":"application-corte-y-conformado","10":"industry-metalurgia-2","11":"subcategory-herramientas-varias","12":"tool_type-accesorio","14":"first","15":"instock","16":"shipping-taxable","17":"purchasable","18":"product-type-variable"},"yoast_head":"<!-- This site is optimized with the Yoast SEO plugin v27.5 - https:\/\/yoast.com\/product\/yoast-seo-wordpress\/ -->\n<title>Aceites, lubricantes y acondicionadores para herramientas neum\u00e1ticas - CS Unitec<\/title>\n<meta name=\"robots\" content=\"index, follow, max-snippet:-1, max-image-preview:large, max-video-preview:-1\" \/>\n<link rel=\"canonical\" href=\"https:\/\/csunitec.com\/es\/producto\/aceites-lubricantes-y-acondicionadores-para-herramientas-neumaticas\/\" \/>\n<meta property=\"og:locale\" content=\"es_ES\" \/>\n<meta property=\"og:type\" content=\"article\" \/>\n<meta property=\"og:title\" content=\"Aceites, lubricantes y acondicionadores para herramientas neum\u00e1ticas - CS Unitec\" \/>\n<meta property=\"og:description\" content=\"Aumenta la vida \u00fatil y el rendimiento de las herramientas neum\u00e1ticas\" \/>\n<meta property=\"og:url\" content=\"https:\/\/csunitec.com\/es\/producto\/aceites-lubricantes-y-acondicionadores-para-herramientas-neumaticas\/\" \/>\n<meta property=\"og:site_name\" content=\"CS Unitec\" \/>\n<meta property=\"article:modified_time\" content=\"2026-04-30T05:58:52+00:00\" \/>\n<meta property=\"og:image\" content=\"https:\/\/csunitec.com\/wp-content\/uploads\/2025\/04\/Air-Tool-Lubricant-3-1.png\" \/>\n\t<meta property=\"og:image:width\" content=\"1000\" \/>\n\t<meta property=\"og:image:height\" content=\"1000\" \/>\n\t<meta property=\"og:image:type\" content=\"image\/png\" \/>\n<meta name=\"twitter:card\" content=\"summary_large_image\" \/>\n<script type=\"application\/ld+json\" class=\"yoast-schema-graph\">{\"@context\":\"https:\\\/\\\/schema.org\",\"@graph\":[{\"@type\":\"WebPage\",\"@id\":\"https:\\\/\\\/csunitec.com\\\/es\\\/producto\\\/aceites-lubricantes-y-acondicionadores-para-herramientas-neumaticas\\\/\",\"url\":\"https:\\\/\\\/csunitec.com\\\/es\\\/producto\\\/aceites-lubricantes-y-acondicionadores-para-herramientas-neumaticas\\\/\",\"name\":\"Aceites, lubricantes y acondicionadores para herramientas neum\u00e1ticas - CS Unitec\",\"isPartOf\":{\"@id\":\"https:\\\/\\\/csunitec.com\\\/es\\\/#website\"},\"primaryImageOfPage\":{\"@id\":\"https:\\\/\\\/csunitec.com\\\/es\\\/producto\\\/aceites-lubricantes-y-acondicionadores-para-herramientas-neumaticas\\\/#primaryimage\"},\"image\":{\"@id\":\"https:\\\/\\\/csunitec.com\\\/es\\\/producto\\\/aceites-lubricantes-y-acondicionadores-para-herramientas-neumaticas\\\/#primaryimage\"},\"thumbnailUrl\":\"https:\\\/\\\/csunitec.com\\\/wp-content\\\/uploads\\\/2025\\\/04\\\/Air-Tool-Lubricant-3-1.png\",\"datePublished\":\"2024-12-07T00:50:00+00:00\",\"dateModified\":\"2026-04-30T05:58:52+00:00\",\"breadcrumb\":{\"@id\":\"https:\\\/\\\/csunitec.com\\\/es\\\/producto\\\/aceites-lubricantes-y-acondicionadores-para-herramientas-neumaticas\\\/#breadcrumb\"},\"inLanguage\":\"es\",\"potentialAction\":[{\"@type\":\"ReadAction\",\"target\":[\"https:\\\/\\\/csunitec.com\\\/es\\\/producto\\\/aceites-lubricantes-y-acondicionadores-para-herramientas-neumaticas\\\/\"]}]},{\"@type\":\"ImageObject\",\"inLanguage\":\"es\",\"@id\":\"https:\\\/\\\/csunitec.com\\\/es\\\/producto\\\/aceites-lubricantes-y-acondicionadores-para-herramientas-neumaticas\\\/#primaryimage\",\"url\":\"https:\\\/\\\/csunitec.com\\\/wp-content\\\/uploads\\\/2025\\\/04\\\/Air-Tool-Lubricant-3-1.png\",\"contentUrl\":\"https:\\\/\\\/csunitec.com\\\/wp-content\\\/uploads\\\/2025\\\/04\\\/Air-Tool-Lubricant-3-1.png\",\"width\":1000,\"height\":1000},{\"@type\":\"BreadcrumbList\",\"@id\":\"https:\\\/\\\/csunitec.com\\\/es\\\/producto\\\/aceites-lubricantes-y-acondicionadores-para-herramientas-neumaticas\\\/#breadcrumb\",\"itemListElement\":[{\"@type\":\"ListItem\",\"position\":1,\"name\":\"Inicio\",\"item\":\"https:\\\/\\\/csunitec.com\\\/es\\\/\"},{\"@type\":\"ListItem\",\"position\":2,\"name\":\"Tienda\",\"item\":\"https:\\\/\\\/csunitec.com\\\/es\\\/tienda\\\/\"},{\"@type\":\"ListItem\",\"position\":3,\"name\":\"Aceites, lubricantes y acondicionadores para herramientas neum\u00e1ticas\"}]},{\"@type\":\"WebSite\",\"@id\":\"https:\\\/\\\/csunitec.com\\\/es\\\/#website\",\"url\":\"https:\\\/\\\/csunitec.com\\\/es\\\/\",\"name\":\"CS Unitec\",\"description\":\"\",\"potentialAction\":[{\"@type\":\"SearchAction\",\"target\":{\"@type\":\"EntryPoint\",\"urlTemplate\":\"https:\\\/\\\/csunitec.com\\\/es\\\/?s={search_term_string}\"},\"query-input\":{\"@type\":\"PropertyValueSpecification\",\"valueRequired\":true,\"valueName\":\"search_term_string\"}}],\"inLanguage\":\"es\"}]}<\/script>\n<!-- \/ Yoast SEO plugin. -->","yoast_head_json":{"title":"Aceites, lubricantes y acondicionadores para herramientas neum\u00e1ticas - CS Unitec","robots":{"index":"index","follow":"follow","max-snippet":"max-snippet:-1","max-image-preview":"max-image-preview:large","max-video-preview":"max-video-preview:-1"},"canonical":"https:\/\/csunitec.com\/es\/producto\/aceites-lubricantes-y-acondicionadores-para-herramientas-neumaticas\/","og_locale":"es_ES","og_type":"article","og_title":"Aceites, lubricantes y acondicionadores para herramientas neum\u00e1ticas - CS Unitec","og_description":"Aumenta la vida \u00fatil y el rendimiento de las herramientas neum\u00e1ticas","og_url":"https:\/\/csunitec.com\/es\/producto\/aceites-lubricantes-y-acondicionadores-para-herramientas-neumaticas\/","og_site_name":"CS Unitec","article_modified_time":"2026-04-30T05:58:52+00:00","og_image":[{"width":1000,"height":1000,"url":"https:\/\/csunitec.com\/wp-content\/uploads\/2025\/04\/Air-Tool-Lubricant-3-1.png","type":"image\/png"}],"twitter_card":"summary_large_image","schema":{"@context":"https:\/\/schema.org","@graph":[{"@type":"WebPage","@id":"https:\/\/csunitec.com\/es\/producto\/aceites-lubricantes-y-acondicionadores-para-herramientas-neumaticas\/","url":"https:\/\/csunitec.com\/es\/producto\/aceites-lubricantes-y-acondicionadores-para-herramientas-neumaticas\/","name":"Aceites, lubricantes y acondicionadores para herramientas neum\u00e1ticas - CS Unitec","isPartOf":{"@id":"https:\/\/csunitec.com\/es\/#website"},"primaryImageOfPage":{"@id":"https:\/\/csunitec.com\/es\/producto\/aceites-lubricantes-y-acondicionadores-para-herramientas-neumaticas\/#primaryimage"},"image":{"@id":"https:\/\/csunitec.com\/es\/producto\/aceites-lubricantes-y-acondicionadores-para-herramientas-neumaticas\/#primaryimage"},"thumbnailUrl":"https:\/\/csunitec.com\/wp-content\/uploads\/2025\/04\/Air-Tool-Lubricant-3-1.png","datePublished":"2024-12-07T00:50:00+00:00","dateModified":"2026-04-30T05:58:52+00:00","breadcrumb":{"@id":"https:\/\/csunitec.com\/es\/producto\/aceites-lubricantes-y-acondicionadores-para-herramientas-neumaticas\/#breadcrumb"},"inLanguage":"es","potentialAction":[{"@type":"ReadAction","target":["https:\/\/csunitec.com\/es\/producto\/aceites-lubricantes-y-acondicionadores-para-herramientas-neumaticas\/"]}]},{"@type":"ImageObject","inLanguage":"es","@id":"https:\/\/csunitec.com\/es\/producto\/aceites-lubricantes-y-acondicionadores-para-herramientas-neumaticas\/#primaryimage","url":"https:\/\/csunitec.com\/wp-content\/uploads\/2025\/04\/Air-Tool-Lubricant-3-1.png","contentUrl":"https:\/\/csunitec.com\/wp-content\/uploads\/2025\/04\/Air-Tool-Lubricant-3-1.png","width":1000,"height":1000},{"@type":"BreadcrumbList","@id":"https:\/\/csunitec.com\/es\/producto\/aceites-lubricantes-y-acondicionadores-para-herramientas-neumaticas\/#breadcrumb","itemListElement":[{"@type":"ListItem","position":1,"name":"Inicio","item":"https:\/\/csunitec.com\/es\/"},{"@type":"ListItem","position":2,"name":"Tienda","item":"https:\/\/csunitec.com\/es\/tienda\/"},{"@type":"ListItem","position":3,"name":"Aceites, lubricantes y acondicionadores para herramientas neum\u00e1ticas"}]},{"@type":"WebSite","@id":"https:\/\/csunitec.com\/es\/#website","url":"https:\/\/csunitec.com\/es\/","name":"CS Unitec","description":"","potentialAction":[{"@type":"SearchAction","target":{"@type":"EntryPoint","urlTemplate":"https:\/\/csunitec.com\/es\/?s={search_term_string}"},"query-input":{"@type":"PropertyValueSpecification","valueRequired":true,"valueName":"search_term_string"}}],"inLanguage":"es"}]}},"_links":{"self":[{"href":"https:\/\/csunitec.com\/es\/wp-json\/wp\/v2\/product\/178163","targetHints":{"allow":["GET"]}}],"collection":[{"href":"https:\/\/csunitec.com\/es\/wp-json\/wp\/v2\/product"}],"about":[{"href":"https:\/\/csunitec.com\/es\/wp-json\/wp\/v2\/types\/product"}],"wp:featuredmedia":[{"embeddable":true,"href":"https:\/\/csunitec.com\/es\/wp-json\/wp\/v2\/media\/178170"}],"wp:attachment":[{"href":"https:\/\/csunitec.com\/es\/wp-json\/wp\/v2\/media?parent=178163"}],"wp:term":[{"taxonomy":"product_brand","embeddable":true,"href":"https:\/\/csunitec.com\/es\/wp-json\/wp\/v2\/product_brand?post=178163"},{"taxonomy":"product_cat","embeddable":true,"href":"https:\/\/csunitec.com\/es\/wp-json\/wp\/v2\/product_cat?post=178163"},{"taxonomy":"product_tag","embeddable":true,"href":"https:\/\/csunitec.com\/es\/wp-json\/wp\/v2\/product_tag?post=178163"},{"taxonomy":"accessory_type","embeddable":true,"href":"https:\/\/csunitec.com\/es\/wp-json\/wp\/v2\/accessory_type?post=178163"},{"taxonomy":"application","embeddable":true,"href":"https:\/\/csunitec.com\/es\/wp-json\/wp\/v2\/application?post=178163"},{"taxonomy":"hand_tool_type","embeddable":true,"href":"https:\/\/csunitec.com\/es\/wp-json\/wp\/v2\/hand_tool_type?post=178163"},{"taxonomy":"industry","embeddable":true,"href":"https:\/\/csunitec.com\/es\/wp-json\/wp\/v2\/industry?post=178163"},{"taxonomy":"material","embeddable":true,"href":"https:\/\/csunitec.com\/es\/wp-json\/wp\/v2\/material?post=178163"},{"taxonomy":"power_tool_type","embeddable":true,"href":"https:\/\/csunitec.com\/es\/wp-json\/wp\/v2\/power_tool_type?post=178163"},{"taxonomy":"power_type","embeddable":true,"href":"https:\/\/csunitec.com\/es\/wp-json\/wp\/v2\/power_type?post=178163"},{"taxonomy":"subcategory","embeddable":true,"href":"https:\/\/csunitec.com\/es\/wp-json\/wp\/v2\/subcategory?post=178163"},{"taxonomy":"tool_type","embeddable":true,"href":"https:\/\/csunitec.com\/es\/wp-json\/wp\/v2\/tool_type?post=178163"}],"curies":[{"name":"wp","href":"https:\/\/api.w.org\/{rel}","templated":true}]}}