{"id":178169,"date":"2024-12-06T23:34:00","date_gmt":"2024-12-06T23:34:00","guid":{"rendered":"https:\/\/stgcsunitec.wpenginepowered.com\/product\/safewrench-llave-de-martillo-segura\/"},"modified":"2024-12-06T23:34:00","modified_gmt":"2024-12-07T04:34:00","slug":"safewrench-llave-de-martillo-segura","status":"publish","type":"product","link":"https:\/\/csunitec.com\/es\/producto\/safewrench-llave-de-martillo-segura\/","title":{"rendered":"SAFEWRENCH\u00ae Llave de martillo segura"},"content":{"rendered":"<p>La <sup>Safewrench\u00ae<\/sup> es una innovaci\u00f3n moderna de la llave de percusi\u00f3n, com\u00fanmente llamada llave de martillo o llave de golpeo. El dise\u00f1o patentado de la <sup>Safewrench\u00ae<\/sup> es una alternativa m\u00e1s segura a las llaves de percusi\u00f3n est\u00e1ndar. <\/p>\n<p>Una llave de percusi\u00f3n\/martillo est\u00e1ndar debe sujetarse con las manos del operario, lo que provoca lesiones en el lugar de trabajo por golpes err\u00f3neos. Aunque existen retenedores y soportes para llaves de percusi\u00f3n, son aparatosos, su instalaci\u00f3n lleva mucho tiempo, no se utilizan o se pierden, lo que aumenta dr\u00e1sticamente el tiempo necesario para aflojar y apretar tornillos. La <sup>Safewrench\u00ae<\/sup> resuelve estos problemas con retenedores de muelle integrados que fijan la <sup>Safewrench\u00ae<\/sup> a tuercas o pernos, sin necesidad de herramientas adicionales.  <\/p>\n","protected":false},"excerpt":{"rendered":"<ul>\n<li>Ayuda a prevenir lesiones en las manos relacionadas con el trabajo por golpes de llave fallidos<\/li>\n<li>Fabricado con orificios para cord\u00f3n de protecci\u00f3n contra ca\u00eddas<\/li>\n<li>Fijaci\u00f3n r\u00e1pida a tuercas y tornillos<\/li>\n<\/ul>\n","protected":false},"featured_media":167303,"template":"","meta":[],"product_brand":[],"product_cat":[1048],"product_tag":[1173],"accessory_type":[],"application":[1164],"hand_tool_type":[1051],"industry":[1047],"material":[],"power_tool_type":[],"power_type":[],"subcategory":[1054],"tool_type":[1041],"class_list":{"0":"post-178169","1":"product","2":"type-product","3":"status-publish","4":"has-post-thumbnail","6":"product_cat-herramientas-de-seguridad","7":"product_tag-llave-de-martillo-de-seguridad","8":"application-herramientas-de-fijacion","9":"hand_tool_type-llave-inglesa","10":"industry-petroquimica","11":"subcategory-herramientas-de-apriete","12":"tool_type-herramienta-manual-antichispas","14":"first","15":"instock","16":"shipping-taxable","17":"purchasable","18":"product-type-variable"},"yoast_head":"<!-- This site is optimized with the Yoast SEO plugin v27.5 - https:\/\/yoast.com\/product\/yoast-seo-wordpress\/ -->\n<title>SAFEWRENCH\u00ae Llave de martillo segura - CS Unitec<\/title>\n<meta name=\"robots\" content=\"index, follow, max-snippet:-1, max-image-preview:large, max-video-preview:-1\" \/>\n<link rel=\"canonical\" href=\"https:\/\/csunitec.com\/es\/producto\/safewrench-llave-de-martillo-segura\/\" \/>\n<meta property=\"og:locale\" content=\"es_ES\" \/>\n<meta property=\"og:type\" content=\"article\" \/>\n<meta property=\"og:title\" content=\"SAFEWRENCH\u00ae Llave de martillo segura - CS Unitec\" \/>\n<meta property=\"og:description\" content=\"Ayuda a prevenir lesiones en las manos relacionadas con el trabajo por golpes de llave fallidos  Fabricado con orificios para cord\u00f3n de protecci\u00f3n contra ca\u00eddas  Fijaci\u00f3n r\u00e1pida a tuercas y tornillos\" \/>\n<meta property=\"og:url\" content=\"https:\/\/csunitec.com\/es\/producto\/safewrench-llave-de-martillo-segura\/\" \/>\n<meta property=\"og:site_name\" content=\"CS Unitec\" \/>\n<meta property=\"article:modified_time\" content=\"2024-12-07T04:34:00+00:00\" \/>\n<meta property=\"og:image\" content=\"https:\/\/csunitec.com\/wp-content\/uploads\/2025\/04\/Safewrench-1-2-1.png\" \/>\n\t<meta property=\"og:image:width\" content=\"1000\" \/>\n\t<meta property=\"og:image:height\" content=\"1000\" \/>\n\t<meta property=\"og:image:type\" content=\"image\/png\" \/>\n<meta name=\"twitter:card\" content=\"summary_large_image\" \/>\n<meta name=\"twitter:label1\" content=\"Tiempo de lectura\" \/>\n\t<meta name=\"twitter:data1\" content=\"1 minuto\" \/>\n<script type=\"application\/ld+json\" class=\"yoast-schema-graph\">{\"@context\":\"https:\\\/\\\/schema.org\",\"@graph\":[{\"@type\":\"WebPage\",\"@id\":\"https:\\\/\\\/csunitec.com\\\/es\\\/producto\\\/safewrench-llave-de-martillo-segura\\\/\",\"url\":\"https:\\\/\\\/csunitec.com\\\/es\\\/producto\\\/safewrench-llave-de-martillo-segura\\\/\",\"name\":\"SAFEWRENCH\u00ae Llave de martillo segura - CS Unitec\",\"isPartOf\":{\"@id\":\"https:\\\/\\\/csunitec.com\\\/es\\\/#website\"},\"primaryImageOfPage\":{\"@id\":\"https:\\\/\\\/csunitec.com\\\/es\\\/producto\\\/safewrench-llave-de-martillo-segura\\\/#primaryimage\"},\"image\":{\"@id\":\"https:\\\/\\\/csunitec.com\\\/es\\\/producto\\\/safewrench-llave-de-martillo-segura\\\/#primaryimage\"},\"thumbnailUrl\":\"https:\\\/\\\/csunitec.com\\\/wp-content\\\/uploads\\\/2025\\\/04\\\/Safewrench-1-2-1.png\",\"datePublished\":\"2024-12-06T23:34:00+00:00\",\"dateModified\":\"2024-12-07T04:34:00+00:00\",\"breadcrumb\":{\"@id\":\"https:\\\/\\\/csunitec.com\\\/es\\\/producto\\\/safewrench-llave-de-martillo-segura\\\/#breadcrumb\"},\"inLanguage\":\"es\",\"potentialAction\":[{\"@type\":\"ReadAction\",\"target\":[\"https:\\\/\\\/csunitec.com\\\/es\\\/producto\\\/safewrench-llave-de-martillo-segura\\\/\"]}]},{\"@type\":\"ImageObject\",\"inLanguage\":\"es\",\"@id\":\"https:\\\/\\\/csunitec.com\\\/es\\\/producto\\\/safewrench-llave-de-martillo-segura\\\/#primaryimage\",\"url\":\"https:\\\/\\\/csunitec.com\\\/wp-content\\\/uploads\\\/2025\\\/04\\\/Safewrench-1-2-1.png\",\"contentUrl\":\"https:\\\/\\\/csunitec.com\\\/wp-content\\\/uploads\\\/2025\\\/04\\\/Safewrench-1-2-1.png\",\"width\":1000,\"height\":1000},{\"@type\":\"BreadcrumbList\",\"@id\":\"https:\\\/\\\/csunitec.com\\\/es\\\/producto\\\/safewrench-llave-de-martillo-segura\\\/#breadcrumb\",\"itemListElement\":[{\"@type\":\"ListItem\",\"position\":1,\"name\":\"Inicio\",\"item\":\"https:\\\/\\\/csunitec.com\\\/es\\\/\"},{\"@type\":\"ListItem\",\"position\":2,\"name\":\"Tienda\",\"item\":\"https:\\\/\\\/csunitec.com\\\/es\\\/tienda\\\/\"},{\"@type\":\"ListItem\",\"position\":3,\"name\":\"SAFEWRENCH\u00ae Llave de martillo segura\"}]},{\"@type\":\"WebSite\",\"@id\":\"https:\\\/\\\/csunitec.com\\\/es\\\/#website\",\"url\":\"https:\\\/\\\/csunitec.com\\\/es\\\/\",\"name\":\"CS Unitec\",\"description\":\"\",\"potentialAction\":[{\"@type\":\"SearchAction\",\"target\":{\"@type\":\"EntryPoint\",\"urlTemplate\":\"https:\\\/\\\/csunitec.com\\\/es\\\/?s={search_term_string}\"},\"query-input\":{\"@type\":\"PropertyValueSpecification\",\"valueRequired\":true,\"valueName\":\"search_term_string\"}}],\"inLanguage\":\"es\"}]}<\/script>\n<!-- \/ Yoast SEO plugin. -->","yoast_head_json":{"title":"SAFEWRENCH\u00ae Llave de martillo segura - CS Unitec","robots":{"index":"index","follow":"follow","max-snippet":"max-snippet:-1","max-image-preview":"max-image-preview:large","max-video-preview":"max-video-preview:-1"},"canonical":"https:\/\/csunitec.com\/es\/producto\/safewrench-llave-de-martillo-segura\/","og_locale":"es_ES","og_type":"article","og_title":"SAFEWRENCH\u00ae Llave de martillo segura - CS Unitec","og_description":"Ayuda a prevenir lesiones en las manos relacionadas con el trabajo por golpes de llave fallidos  Fabricado con orificios para cord\u00f3n de protecci\u00f3n contra ca\u00eddas  Fijaci\u00f3n r\u00e1pida a tuercas y tornillos","og_url":"https:\/\/csunitec.com\/es\/producto\/safewrench-llave-de-martillo-segura\/","og_site_name":"CS Unitec","article_modified_time":"2024-12-07T04:34:00+00:00","og_image":[{"width":1000,"height":1000,"url":"https:\/\/csunitec.com\/wp-content\/uploads\/2025\/04\/Safewrench-1-2-1.png","type":"image\/png"}],"twitter_card":"summary_large_image","twitter_misc":{"Tiempo de lectura":"1 minuto"},"schema":{"@context":"https:\/\/schema.org","@graph":[{"@type":"WebPage","@id":"https:\/\/csunitec.com\/es\/producto\/safewrench-llave-de-martillo-segura\/","url":"https:\/\/csunitec.com\/es\/producto\/safewrench-llave-de-martillo-segura\/","name":"SAFEWRENCH\u00ae Llave de martillo segura - CS Unitec","isPartOf":{"@id":"https:\/\/csunitec.com\/es\/#website"},"primaryImageOfPage":{"@id":"https:\/\/csunitec.com\/es\/producto\/safewrench-llave-de-martillo-segura\/#primaryimage"},"image":{"@id":"https:\/\/csunitec.com\/es\/producto\/safewrench-llave-de-martillo-segura\/#primaryimage"},"thumbnailUrl":"https:\/\/csunitec.com\/wp-content\/uploads\/2025\/04\/Safewrench-1-2-1.png","datePublished":"2024-12-06T23:34:00+00:00","dateModified":"2024-12-07T04:34:00+00:00","breadcrumb":{"@id":"https:\/\/csunitec.com\/es\/producto\/safewrench-llave-de-martillo-segura\/#breadcrumb"},"inLanguage":"es","potentialAction":[{"@type":"ReadAction","target":["https:\/\/csunitec.com\/es\/producto\/safewrench-llave-de-martillo-segura\/"]}]},{"@type":"ImageObject","inLanguage":"es","@id":"https:\/\/csunitec.com\/es\/producto\/safewrench-llave-de-martillo-segura\/#primaryimage","url":"https:\/\/csunitec.com\/wp-content\/uploads\/2025\/04\/Safewrench-1-2-1.png","contentUrl":"https:\/\/csunitec.com\/wp-content\/uploads\/2025\/04\/Safewrench-1-2-1.png","width":1000,"height":1000},{"@type":"BreadcrumbList","@id":"https:\/\/csunitec.com\/es\/producto\/safewrench-llave-de-martillo-segura\/#breadcrumb","itemListElement":[{"@type":"ListItem","position":1,"name":"Inicio","item":"https:\/\/csunitec.com\/es\/"},{"@type":"ListItem","position":2,"name":"Tienda","item":"https:\/\/csunitec.com\/es\/tienda\/"},{"@type":"ListItem","position":3,"name":"SAFEWRENCH\u00ae Llave de martillo segura"}]},{"@type":"WebSite","@id":"https:\/\/csunitec.com\/es\/#website","url":"https:\/\/csunitec.com\/es\/","name":"CS Unitec","description":"","potentialAction":[{"@type":"SearchAction","target":{"@type":"EntryPoint","urlTemplate":"https:\/\/csunitec.com\/es\/?s={search_term_string}"},"query-input":{"@type":"PropertyValueSpecification","valueRequired":true,"valueName":"search_term_string"}}],"inLanguage":"es"}]}},"_links":{"self":[{"href":"https:\/\/csunitec.com\/es\/wp-json\/wp\/v2\/product\/178169","targetHints":{"allow":["GET"]}}],"collection":[{"href":"https:\/\/csunitec.com\/es\/wp-json\/wp\/v2\/product"}],"about":[{"href":"https:\/\/csunitec.com\/es\/wp-json\/wp\/v2\/types\/product"}],"wp:featuredmedia":[{"embeddable":true,"href":"https:\/\/csunitec.com\/es\/wp-json\/wp\/v2\/media\/167303"}],"wp:attachment":[{"href":"https:\/\/csunitec.com\/es\/wp-json\/wp\/v2\/media?parent=178169"}],"wp:term":[{"taxonomy":"product_brand","embeddable":true,"href":"https:\/\/csunitec.com\/es\/wp-json\/wp\/v2\/product_brand?post=178169"},{"taxonomy":"product_cat","embeddable":true,"href":"https:\/\/csunitec.com\/es\/wp-json\/wp\/v2\/product_cat?post=178169"},{"taxonomy":"product_tag","embeddable":true,"href":"https:\/\/csunitec.com\/es\/wp-json\/wp\/v2\/product_tag?post=178169"},{"taxonomy":"accessory_type","embeddable":true,"href":"https:\/\/csunitec.com\/es\/wp-json\/wp\/v2\/accessory_type?post=178169"},{"taxonomy":"application","embeddable":true,"href":"https:\/\/csunitec.com\/es\/wp-json\/wp\/v2\/application?post=178169"},{"taxonomy":"hand_tool_type","embeddable":true,"href":"https:\/\/csunitec.com\/es\/wp-json\/wp\/v2\/hand_tool_type?post=178169"},{"taxonomy":"industry","embeddable":true,"href":"https:\/\/csunitec.com\/es\/wp-json\/wp\/v2\/industry?post=178169"},{"taxonomy":"material","embeddable":true,"href":"https:\/\/csunitec.com\/es\/wp-json\/wp\/v2\/material?post=178169"},{"taxonomy":"power_tool_type","embeddable":true,"href":"https:\/\/csunitec.com\/es\/wp-json\/wp\/v2\/power_tool_type?post=178169"},{"taxonomy":"power_type","embeddable":true,"href":"https:\/\/csunitec.com\/es\/wp-json\/wp\/v2\/power_type?post=178169"},{"taxonomy":"subcategory","embeddable":true,"href":"https:\/\/csunitec.com\/es\/wp-json\/wp\/v2\/subcategory?post=178169"},{"taxonomy":"tool_type","embeddable":true,"href":"https:\/\/csunitec.com\/es\/wp-json\/wp\/v2\/tool_type?post=178169"}],"curies":[{"name":"wp","href":"https:\/\/api.w.org\/{rel}","templated":true}]}}