{"id":178259,"date":"2024-12-07T21:16:00","date_gmt":"2024-12-07T21:16:00","guid":{"rendered":"https:\/\/stgcsunitec.wpenginepowered.com\/product\/cortahaces-para-escarificadores-manuales-y-traseros\/"},"modified":"2024-12-07T21:16:00","modified_gmt":"2024-12-08T02:16:00","slug":"cortahaces-para-escarificadores-manuales-y-traseros","status":"publish","type":"product","link":"https:\/\/csunitec.com\/es\/producto\/cortahaces-para-escarificadores-manuales-y-traseros\/","title":{"rendered":"Cortahaces para Escarificadores Manuales y Traseros"},"content":{"rendered":"<ul>\n<li>Las cortadoras de vigas crean perfiles superficiales de hormig\u00f3n ligeros a medios (CSP 3-4) para revestimientos, recubrimientos y adhesivos.<\/li>\n<li>Preparaci\u00f3n de superficies para repintar o recubrir cubiertas de acero, tanques y estructuras marinas.<\/li>\n<li>Elimina capas finas, lechadas, compuestos de curado, selladores y contaminantes superficiales.<\/li>\n<li>Se utiliza com\u00fanmente para desbastar el hormig\u00f3n con el fin de mejorar la adherencia mec\u00e1nica de los sistemas de pavimentos de epoxi, uretano y pol\u00edmero.<\/li>\n<li>Limpia y prepara superficies de hormig\u00f3n, asfalto y metal en entornos industriales, comerciales y marinos.<\/li>\n<\/ul>\n","protected":false},"excerpt":{"rendered":"<ul>\n<li>Para crear un perfil de superficie ligero Clasificaci\u00f3n CSP 3-4<\/li>\n<li>Reducir, eliminar y desbastar hormig\u00f3n. Elimina revestimientos, lechadas, grasa, suciedad, corrosi\u00f3n, hielo y mucho m\u00e1s <\/li>\n<\/ul>\n","protected":false},"featured_media":167724,"template":"","meta":[],"product_brand":[],"product_cat":[1033],"product_tag":[1183,1185],"accessory_type":[927],"application":[1035],"hand_tool_type":[],"industry":[933],"material":[],"power_tool_type":[],"power_type":[],"subcategory":[1123],"tool_type":[943],"class_list":{"0":"post-178259","1":"product","2":"type-product","3":"status-publish","4":"has-post-thumbnail","6":"product_cat-preparacion-de-superficies","7":"product_tag-accesorios-para-escarificadores","8":"product_tag-cortahaces","9":"accessory_type-accesorio","10":"application-acabado-y-preparacion-de-superficies","11":"industry-metalurgia-2","12":"subcategory-escarificadoras","13":"tool_type-accesorio","15":"first","16":"instock","17":"shipping-taxable","18":"purchasable","19":"product-type-variable"},"yoast_head":"<!-- This site is optimized with the Yoast SEO plugin v27.5 - https:\/\/yoast.com\/product\/yoast-seo-wordpress\/ -->\n<title>Cortahaces para Escarificadores Manuales y Traseros - CS Unitec<\/title>\n<meta name=\"description\" content=\"Las cortadoras de vigas crean perfiles superficiales de hormig\u00f3n de ligeros a medios (CSP 3-4) para revestimientos, recubrimientos y adhesivos. Para eliminar revestimientos y desbastar hormig\u00f3n\" \/>\n<meta name=\"robots\" content=\"index, follow, max-snippet:-1, max-image-preview:large, max-video-preview:-1\" \/>\n<link rel=\"canonical\" href=\"https:\/\/csunitec.com\/es\/producto\/cortahaces-para-escarificadores-manuales-y-traseros\/\" \/>\n<meta property=\"og:locale\" content=\"es_ES\" \/>\n<meta property=\"og:type\" content=\"article\" \/>\n<meta property=\"og:title\" content=\"Cortahaces para Escarificadores Manuales y Traseros - CS Unitec\" \/>\n<meta property=\"og:description\" content=\"Las cortadoras de vigas crean perfiles superficiales de hormig\u00f3n de ligeros a medios (CSP 3-4) para revestimientos, recubrimientos y adhesivos. Para eliminar revestimientos y desbastar hormig\u00f3n\" \/>\n<meta property=\"og:url\" content=\"https:\/\/csunitec.com\/es\/producto\/cortahaces-para-escarificadores-manuales-y-traseros\/\" \/>\n<meta property=\"og:site_name\" content=\"CS Unitec\" \/>\n<meta property=\"article:modified_time\" content=\"2024-12-08T02:16:00+00:00\" \/>\n<meta property=\"og:image\" content=\"https:\/\/csunitec.com\/wp-content\/uploads\/2025\/04\/Beam-Cutters-for-Scarifiers-1-2-1.png\" \/>\n\t<meta property=\"og:image:width\" content=\"1000\" \/>\n\t<meta property=\"og:image:height\" content=\"1000\" \/>\n\t<meta property=\"og:image:type\" content=\"image\/png\" \/>\n<meta name=\"twitter:card\" content=\"summary_large_image\" \/>\n<script type=\"application\/ld+json\" class=\"yoast-schema-graph\">{\"@context\":\"https:\\\/\\\/schema.org\",\"@graph\":[{\"@type\":\"WebPage\",\"@id\":\"https:\\\/\\\/csunitec.com\\\/es\\\/producto\\\/cortahaces-para-escarificadores-manuales-y-traseros\\\/\",\"url\":\"https:\\\/\\\/csunitec.com\\\/es\\\/producto\\\/cortahaces-para-escarificadores-manuales-y-traseros\\\/\",\"name\":\"Cortahaces para Escarificadores Manuales y Traseros - CS Unitec\",\"isPartOf\":{\"@id\":\"https:\\\/\\\/csunitec.com\\\/es\\\/#website\"},\"primaryImageOfPage\":{\"@id\":\"https:\\\/\\\/csunitec.com\\\/es\\\/producto\\\/cortahaces-para-escarificadores-manuales-y-traseros\\\/#primaryimage\"},\"image\":{\"@id\":\"https:\\\/\\\/csunitec.com\\\/es\\\/producto\\\/cortahaces-para-escarificadores-manuales-y-traseros\\\/#primaryimage\"},\"thumbnailUrl\":\"https:\\\/\\\/csunitec.com\\\/wp-content\\\/uploads\\\/2025\\\/04\\\/Beam-Cutters-for-Scarifiers-1-2-1.png\",\"datePublished\":\"2024-12-07T21:16:00+00:00\",\"dateModified\":\"2024-12-08T02:16:00+00:00\",\"description\":\"Las cortadoras de vigas crean perfiles superficiales de hormig\u00f3n de ligeros a medios (CSP 3-4) para revestimientos, recubrimientos y adhesivos. Para eliminar revestimientos y desbastar hormig\u00f3n\",\"breadcrumb\":{\"@id\":\"https:\\\/\\\/csunitec.com\\\/es\\\/producto\\\/cortahaces-para-escarificadores-manuales-y-traseros\\\/#breadcrumb\"},\"inLanguage\":\"es\",\"potentialAction\":[{\"@type\":\"ReadAction\",\"target\":[\"https:\\\/\\\/csunitec.com\\\/es\\\/producto\\\/cortahaces-para-escarificadores-manuales-y-traseros\\\/\"]}]},{\"@type\":\"ImageObject\",\"inLanguage\":\"es\",\"@id\":\"https:\\\/\\\/csunitec.com\\\/es\\\/producto\\\/cortahaces-para-escarificadores-manuales-y-traseros\\\/#primaryimage\",\"url\":\"https:\\\/\\\/csunitec.com\\\/wp-content\\\/uploads\\\/2025\\\/04\\\/Beam-Cutters-for-Scarifiers-1-2-1.png\",\"contentUrl\":\"https:\\\/\\\/csunitec.com\\\/wp-content\\\/uploads\\\/2025\\\/04\\\/Beam-Cutters-for-Scarifiers-1-2-1.png\",\"width\":1000,\"height\":1000},{\"@type\":\"BreadcrumbList\",\"@id\":\"https:\\\/\\\/csunitec.com\\\/es\\\/producto\\\/cortahaces-para-escarificadores-manuales-y-traseros\\\/#breadcrumb\",\"itemListElement\":[{\"@type\":\"ListItem\",\"position\":1,\"name\":\"Inicio\",\"item\":\"https:\\\/\\\/csunitec.com\\\/es\\\/\"},{\"@type\":\"ListItem\",\"position\":2,\"name\":\"Tienda\",\"item\":\"https:\\\/\\\/csunitec.com\\\/es\\\/tienda\\\/\"},{\"@type\":\"ListItem\",\"position\":3,\"name\":\"Cortahaces para Escarificadores Manuales y Traseros\"}]},{\"@type\":\"WebSite\",\"@id\":\"https:\\\/\\\/csunitec.com\\\/es\\\/#website\",\"url\":\"https:\\\/\\\/csunitec.com\\\/es\\\/\",\"name\":\"CS Unitec\",\"description\":\"\",\"potentialAction\":[{\"@type\":\"SearchAction\",\"target\":{\"@type\":\"EntryPoint\",\"urlTemplate\":\"https:\\\/\\\/csunitec.com\\\/es\\\/?s={search_term_string}\"},\"query-input\":{\"@type\":\"PropertyValueSpecification\",\"valueRequired\":true,\"valueName\":\"search_term_string\"}}],\"inLanguage\":\"es\"}]}<\/script>\n<!-- \/ Yoast SEO plugin. -->","yoast_head_json":{"title":"Cortahaces para Escarificadores Manuales y Traseros - CS Unitec","description":"Las cortadoras de vigas crean perfiles superficiales de hormig\u00f3n de ligeros a medios (CSP 3-4) para revestimientos, recubrimientos y adhesivos. Para eliminar revestimientos y desbastar hormig\u00f3n","robots":{"index":"index","follow":"follow","max-snippet":"max-snippet:-1","max-image-preview":"max-image-preview:large","max-video-preview":"max-video-preview:-1"},"canonical":"https:\/\/csunitec.com\/es\/producto\/cortahaces-para-escarificadores-manuales-y-traseros\/","og_locale":"es_ES","og_type":"article","og_title":"Cortahaces para Escarificadores Manuales y Traseros - CS Unitec","og_description":"Las cortadoras de vigas crean perfiles superficiales de hormig\u00f3n de ligeros a medios (CSP 3-4) para revestimientos, recubrimientos y adhesivos. Para eliminar revestimientos y desbastar hormig\u00f3n","og_url":"https:\/\/csunitec.com\/es\/producto\/cortahaces-para-escarificadores-manuales-y-traseros\/","og_site_name":"CS Unitec","article_modified_time":"2024-12-08T02:16:00+00:00","og_image":[{"width":1000,"height":1000,"url":"https:\/\/csunitec.com\/wp-content\/uploads\/2025\/04\/Beam-Cutters-for-Scarifiers-1-2-1.png","type":"image\/png"}],"twitter_card":"summary_large_image","schema":{"@context":"https:\/\/schema.org","@graph":[{"@type":"WebPage","@id":"https:\/\/csunitec.com\/es\/producto\/cortahaces-para-escarificadores-manuales-y-traseros\/","url":"https:\/\/csunitec.com\/es\/producto\/cortahaces-para-escarificadores-manuales-y-traseros\/","name":"Cortahaces para Escarificadores Manuales y Traseros - CS Unitec","isPartOf":{"@id":"https:\/\/csunitec.com\/es\/#website"},"primaryImageOfPage":{"@id":"https:\/\/csunitec.com\/es\/producto\/cortahaces-para-escarificadores-manuales-y-traseros\/#primaryimage"},"image":{"@id":"https:\/\/csunitec.com\/es\/producto\/cortahaces-para-escarificadores-manuales-y-traseros\/#primaryimage"},"thumbnailUrl":"https:\/\/csunitec.com\/wp-content\/uploads\/2025\/04\/Beam-Cutters-for-Scarifiers-1-2-1.png","datePublished":"2024-12-07T21:16:00+00:00","dateModified":"2024-12-08T02:16:00+00:00","description":"Las cortadoras de vigas crean perfiles superficiales de hormig\u00f3n de ligeros a medios (CSP 3-4) para revestimientos, recubrimientos y adhesivos. Para eliminar revestimientos y desbastar hormig\u00f3n","breadcrumb":{"@id":"https:\/\/csunitec.com\/es\/producto\/cortahaces-para-escarificadores-manuales-y-traseros\/#breadcrumb"},"inLanguage":"es","potentialAction":[{"@type":"ReadAction","target":["https:\/\/csunitec.com\/es\/producto\/cortahaces-para-escarificadores-manuales-y-traseros\/"]}]},{"@type":"ImageObject","inLanguage":"es","@id":"https:\/\/csunitec.com\/es\/producto\/cortahaces-para-escarificadores-manuales-y-traseros\/#primaryimage","url":"https:\/\/csunitec.com\/wp-content\/uploads\/2025\/04\/Beam-Cutters-for-Scarifiers-1-2-1.png","contentUrl":"https:\/\/csunitec.com\/wp-content\/uploads\/2025\/04\/Beam-Cutters-for-Scarifiers-1-2-1.png","width":1000,"height":1000},{"@type":"BreadcrumbList","@id":"https:\/\/csunitec.com\/es\/producto\/cortahaces-para-escarificadores-manuales-y-traseros\/#breadcrumb","itemListElement":[{"@type":"ListItem","position":1,"name":"Inicio","item":"https:\/\/csunitec.com\/es\/"},{"@type":"ListItem","position":2,"name":"Tienda","item":"https:\/\/csunitec.com\/es\/tienda\/"},{"@type":"ListItem","position":3,"name":"Cortahaces para Escarificadores Manuales y Traseros"}]},{"@type":"WebSite","@id":"https:\/\/csunitec.com\/es\/#website","url":"https:\/\/csunitec.com\/es\/","name":"CS Unitec","description":"","potentialAction":[{"@type":"SearchAction","target":{"@type":"EntryPoint","urlTemplate":"https:\/\/csunitec.com\/es\/?s={search_term_string}"},"query-input":{"@type":"PropertyValueSpecification","valueRequired":true,"valueName":"search_term_string"}}],"inLanguage":"es"}]}},"_links":{"self":[{"href":"https:\/\/csunitec.com\/es\/wp-json\/wp\/v2\/product\/178259","targetHints":{"allow":["GET"]}}],"collection":[{"href":"https:\/\/csunitec.com\/es\/wp-json\/wp\/v2\/product"}],"about":[{"href":"https:\/\/csunitec.com\/es\/wp-json\/wp\/v2\/types\/product"}],"wp:featuredmedia":[{"embeddable":true,"href":"https:\/\/csunitec.com\/es\/wp-json\/wp\/v2\/media\/167724"}],"wp:attachment":[{"href":"https:\/\/csunitec.com\/es\/wp-json\/wp\/v2\/media?parent=178259"}],"wp:term":[{"taxonomy":"product_brand","embeddable":true,"href":"https:\/\/csunitec.com\/es\/wp-json\/wp\/v2\/product_brand?post=178259"},{"taxonomy":"product_cat","embeddable":true,"href":"https:\/\/csunitec.com\/es\/wp-json\/wp\/v2\/product_cat?post=178259"},{"taxonomy":"product_tag","embeddable":true,"href":"https:\/\/csunitec.com\/es\/wp-json\/wp\/v2\/product_tag?post=178259"},{"taxonomy":"accessory_type","embeddable":true,"href":"https:\/\/csunitec.com\/es\/wp-json\/wp\/v2\/accessory_type?post=178259"},{"taxonomy":"application","embeddable":true,"href":"https:\/\/csunitec.com\/es\/wp-json\/wp\/v2\/application?post=178259"},{"taxonomy":"hand_tool_type","embeddable":true,"href":"https:\/\/csunitec.com\/es\/wp-json\/wp\/v2\/hand_tool_type?post=178259"},{"taxonomy":"industry","embeddable":true,"href":"https:\/\/csunitec.com\/es\/wp-json\/wp\/v2\/industry?post=178259"},{"taxonomy":"material","embeddable":true,"href":"https:\/\/csunitec.com\/es\/wp-json\/wp\/v2\/material?post=178259"},{"taxonomy":"power_tool_type","embeddable":true,"href":"https:\/\/csunitec.com\/es\/wp-json\/wp\/v2\/power_tool_type?post=178259"},{"taxonomy":"power_type","embeddable":true,"href":"https:\/\/csunitec.com\/es\/wp-json\/wp\/v2\/power_type?post=178259"},{"taxonomy":"subcategory","embeddable":true,"href":"https:\/\/csunitec.com\/es\/wp-json\/wp\/v2\/subcategory?post=178259"},{"taxonomy":"tool_type","embeddable":true,"href":"https:\/\/csunitec.com\/es\/wp-json\/wp\/v2\/tool_type?post=178259"}],"curies":[{"name":"wp","href":"https:\/\/api.w.org\/{rel}","templated":true}]}}