{"id":178267,"date":"2024-12-07T02:08:00","date_gmt":"2024-12-07T02:08:00","guid":{"rendered":"https:\/\/stgcsunitec.wpenginepowered.com\/product\/ventiladores-electricos-axiales-a-prueba-de-explosiones\/"},"modified":"2026-04-30T01:58:46","modified_gmt":"2026-04-30T05:58:46","slug":"ventiladores-electricos-axiales-a-prueba-de-explosiones","status":"publish","type":"product","link":"https:\/\/csunitec.com\/es\/producto\/ventiladores-electricos-axiales-a-prueba-de-explosiones\/","title":{"rendered":"Ventiladores axiales el\u00e9ctricos EX"},"content":{"rendered":"<p><strong>Unidades el\u00e9ctricas de gran eficacia de la<\/strong> Zona <strong>EX para ventilar,<\/strong> extraer y refrigerar.<\/p>\n<p>Los ventiladores axiales el\u00e9ctricos de la Zona EX de CS Unitec son ideales para ventilar, extraer y refrigerar en aplicaciones como bodegas de barcos, miner\u00eda subterr\u00e1nea, astilleros, refiner\u00edas, plantas petroqu\u00edmicas, plataformas petrol\u00edferas, centrales el\u00e9ctricas, excavaci\u00f3n de t\u00faneles, construcci\u00f3n, etc.<\/p>\n","protected":false},"excerpt":{"rendered":"<ul>\n<li>Certificado ATEX para Zonas EX<\/li>\n<li>Los ventiladores axiales el\u00e9ctricos de la Zona EX de CS Unitec son ideales para ventilar, extraer y refrigerar en aplicaciones como bodegas de barcos, miner\u00eda subterr\u00e1nea, astilleros, refiner\u00edas, plantas petroqu\u00edmicas, plataformas petrol\u00edferas, centrales el\u00e9ctricas, excavaci\u00f3n de t\u00faneles, construcci\u00f3n, etc.<\/li>\n<\/ul>\n","protected":false},"featured_media":178271,"template":"","meta":[],"product_brand":[],"product_cat":[1048],"product_tag":[973,1178,1186],"accessory_type":[],"application":[1174],"hand_tool_type":[],"industry":[1175],"material":[],"power_tool_type":[1176],"power_type":[936],"subcategory":[1179],"tool_type":[946],"class_list":{"0":"post-178267","1":"product","2":"type-product","3":"status-publish","4":"has-post-thumbnail","6":"product_cat-herramientas-de-seguridad","7":"product_tag-atex","8":"product_tag-ventiladores-axiales","9":"product_tag-ventiladores-electricos-axiales","10":"application-perforacion-y-voladura-de-rocas","11":"industry-mineria","12":"power_tool_type-air-mover","13":"power_type-electrico","14":"subcategory-ventiladores-y-extractores-de-aire","15":"tool_type-herramienta-electrica","17":"first","18":"instock","19":"shipping-taxable","20":"purchasable","21":"product-type-variable"},"yoast_head":"<!-- This site is optimized with the Yoast SEO plugin v27.5 - https:\/\/yoast.com\/product\/yoast-seo-wordpress\/ -->\n<title>Ventiladores axiales el\u00e9ctricos EX - CS Unitec<\/title>\n<meta name=\"robots\" content=\"index, follow, max-snippet:-1, max-image-preview:large, max-video-preview:-1\" \/>\n<link rel=\"canonical\" href=\"https:\/\/csunitec.com\/es\/producto\/ventiladores-electricos-axiales-a-prueba-de-explosiones\/\" \/>\n<meta property=\"og:locale\" content=\"es_ES\" \/>\n<meta property=\"og:type\" content=\"article\" \/>\n<meta property=\"og:title\" content=\"Ventiladores axiales el\u00e9ctricos EX - CS Unitec\" \/>\n<meta property=\"og:description\" content=\"Certificado ATEX para Zonas EX Los ventiladores axiales el\u00e9ctricos de la Zona EX de CS Unitec son ideales para ventilar, extraer y refrigerar en aplicaciones como bodegas de barcos, miner\u00eda subterr\u00e1nea, astilleros, refiner\u00edas, plantas petroqu\u00edmicas, plataformas petrol\u00edferas, centrales el\u00e9ctricas, excavaci\u00f3n de t\u00faneles, construcci\u00f3n, etc.\" \/>\n<meta property=\"og:url\" content=\"https:\/\/csunitec.com\/es\/producto\/ventiladores-electricos-axiales-a-prueba-de-explosiones\/\" \/>\n<meta property=\"og:site_name\" content=\"CS Unitec\" \/>\n<meta property=\"article:modified_time\" content=\"2026-04-30T05:58:46+00:00\" \/>\n<meta property=\"og:image\" content=\"https:\/\/csunitec.com\/wp-content\/uploads\/2025\/04\/Electric-Axial-Fan-1-2-1.png\" \/>\n\t<meta property=\"og:image:width\" content=\"1000\" \/>\n\t<meta property=\"og:image:height\" content=\"1000\" \/>\n\t<meta property=\"og:image:type\" content=\"image\/png\" \/>\n<meta name=\"twitter:card\" content=\"summary_large_image\" \/>\n<script type=\"application\/ld+json\" class=\"yoast-schema-graph\">{\"@context\":\"https:\\\/\\\/schema.org\",\"@graph\":[{\"@type\":\"WebPage\",\"@id\":\"https:\\\/\\\/csunitec.com\\\/es\\\/producto\\\/ventiladores-electricos-axiales-a-prueba-de-explosiones\\\/\",\"url\":\"https:\\\/\\\/csunitec.com\\\/es\\\/producto\\\/ventiladores-electricos-axiales-a-prueba-de-explosiones\\\/\",\"name\":\"Ventiladores axiales el\u00e9ctricos EX - CS Unitec\",\"isPartOf\":{\"@id\":\"https:\\\/\\\/csunitec.com\\\/es\\\/#website\"},\"primaryImageOfPage\":{\"@id\":\"https:\\\/\\\/csunitec.com\\\/es\\\/producto\\\/ventiladores-electricos-axiales-a-prueba-de-explosiones\\\/#primaryimage\"},\"image\":{\"@id\":\"https:\\\/\\\/csunitec.com\\\/es\\\/producto\\\/ventiladores-electricos-axiales-a-prueba-de-explosiones\\\/#primaryimage\"},\"thumbnailUrl\":\"https:\\\/\\\/csunitec.com\\\/wp-content\\\/uploads\\\/2025\\\/04\\\/Electric-Axial-Fan-1-2-1.png\",\"datePublished\":\"2024-12-07T02:08:00+00:00\",\"dateModified\":\"2026-04-30T05:58:46+00:00\",\"breadcrumb\":{\"@id\":\"https:\\\/\\\/csunitec.com\\\/es\\\/producto\\\/ventiladores-electricos-axiales-a-prueba-de-explosiones\\\/#breadcrumb\"},\"inLanguage\":\"es\",\"potentialAction\":[{\"@type\":\"ReadAction\",\"target\":[\"https:\\\/\\\/csunitec.com\\\/es\\\/producto\\\/ventiladores-electricos-axiales-a-prueba-de-explosiones\\\/\"]}]},{\"@type\":\"ImageObject\",\"inLanguage\":\"es\",\"@id\":\"https:\\\/\\\/csunitec.com\\\/es\\\/producto\\\/ventiladores-electricos-axiales-a-prueba-de-explosiones\\\/#primaryimage\",\"url\":\"https:\\\/\\\/csunitec.com\\\/wp-content\\\/uploads\\\/2025\\\/04\\\/Electric-Axial-Fan-1-2-1.png\",\"contentUrl\":\"https:\\\/\\\/csunitec.com\\\/wp-content\\\/uploads\\\/2025\\\/04\\\/Electric-Axial-Fan-1-2-1.png\",\"width\":1000,\"height\":1000},{\"@type\":\"BreadcrumbList\",\"@id\":\"https:\\\/\\\/csunitec.com\\\/es\\\/producto\\\/ventiladores-electricos-axiales-a-prueba-de-explosiones\\\/#breadcrumb\",\"itemListElement\":[{\"@type\":\"ListItem\",\"position\":1,\"name\":\"Inicio\",\"item\":\"https:\\\/\\\/csunitec.com\\\/es\\\/\"},{\"@type\":\"ListItem\",\"position\":2,\"name\":\"Tienda\",\"item\":\"https:\\\/\\\/csunitec.com\\\/es\\\/tienda\\\/\"},{\"@type\":\"ListItem\",\"position\":3,\"name\":\"Ventiladores axiales el\u00e9ctricos EX\"}]},{\"@type\":\"WebSite\",\"@id\":\"https:\\\/\\\/csunitec.com\\\/es\\\/#website\",\"url\":\"https:\\\/\\\/csunitec.com\\\/es\\\/\",\"name\":\"CS Unitec\",\"description\":\"\",\"potentialAction\":[{\"@type\":\"SearchAction\",\"target\":{\"@type\":\"EntryPoint\",\"urlTemplate\":\"https:\\\/\\\/csunitec.com\\\/es\\\/?s={search_term_string}\"},\"query-input\":{\"@type\":\"PropertyValueSpecification\",\"valueRequired\":true,\"valueName\":\"search_term_string\"}}],\"inLanguage\":\"es\"}]}<\/script>\n<!-- \/ Yoast SEO plugin. -->","yoast_head_json":{"title":"Ventiladores axiales el\u00e9ctricos EX - CS Unitec","robots":{"index":"index","follow":"follow","max-snippet":"max-snippet:-1","max-image-preview":"max-image-preview:large","max-video-preview":"max-video-preview:-1"},"canonical":"https:\/\/csunitec.com\/es\/producto\/ventiladores-electricos-axiales-a-prueba-de-explosiones\/","og_locale":"es_ES","og_type":"article","og_title":"Ventiladores axiales el\u00e9ctricos EX - CS Unitec","og_description":"Certificado ATEX para Zonas EX Los ventiladores axiales el\u00e9ctricos de la Zona EX de CS Unitec son ideales para ventilar, extraer y refrigerar en aplicaciones como bodegas de barcos, miner\u00eda subterr\u00e1nea, astilleros, refiner\u00edas, plantas petroqu\u00edmicas, plataformas petrol\u00edferas, centrales el\u00e9ctricas, excavaci\u00f3n de t\u00faneles, construcci\u00f3n, etc.","og_url":"https:\/\/csunitec.com\/es\/producto\/ventiladores-electricos-axiales-a-prueba-de-explosiones\/","og_site_name":"CS Unitec","article_modified_time":"2026-04-30T05:58:46+00:00","og_image":[{"width":1000,"height":1000,"url":"https:\/\/csunitec.com\/wp-content\/uploads\/2025\/04\/Electric-Axial-Fan-1-2-1.png","type":"image\/png"}],"twitter_card":"summary_large_image","schema":{"@context":"https:\/\/schema.org","@graph":[{"@type":"WebPage","@id":"https:\/\/csunitec.com\/es\/producto\/ventiladores-electricos-axiales-a-prueba-de-explosiones\/","url":"https:\/\/csunitec.com\/es\/producto\/ventiladores-electricos-axiales-a-prueba-de-explosiones\/","name":"Ventiladores axiales el\u00e9ctricos EX - CS Unitec","isPartOf":{"@id":"https:\/\/csunitec.com\/es\/#website"},"primaryImageOfPage":{"@id":"https:\/\/csunitec.com\/es\/producto\/ventiladores-electricos-axiales-a-prueba-de-explosiones\/#primaryimage"},"image":{"@id":"https:\/\/csunitec.com\/es\/producto\/ventiladores-electricos-axiales-a-prueba-de-explosiones\/#primaryimage"},"thumbnailUrl":"https:\/\/csunitec.com\/wp-content\/uploads\/2025\/04\/Electric-Axial-Fan-1-2-1.png","datePublished":"2024-12-07T02:08:00+00:00","dateModified":"2026-04-30T05:58:46+00:00","breadcrumb":{"@id":"https:\/\/csunitec.com\/es\/producto\/ventiladores-electricos-axiales-a-prueba-de-explosiones\/#breadcrumb"},"inLanguage":"es","potentialAction":[{"@type":"ReadAction","target":["https:\/\/csunitec.com\/es\/producto\/ventiladores-electricos-axiales-a-prueba-de-explosiones\/"]}]},{"@type":"ImageObject","inLanguage":"es","@id":"https:\/\/csunitec.com\/es\/producto\/ventiladores-electricos-axiales-a-prueba-de-explosiones\/#primaryimage","url":"https:\/\/csunitec.com\/wp-content\/uploads\/2025\/04\/Electric-Axial-Fan-1-2-1.png","contentUrl":"https:\/\/csunitec.com\/wp-content\/uploads\/2025\/04\/Electric-Axial-Fan-1-2-1.png","width":1000,"height":1000},{"@type":"BreadcrumbList","@id":"https:\/\/csunitec.com\/es\/producto\/ventiladores-electricos-axiales-a-prueba-de-explosiones\/#breadcrumb","itemListElement":[{"@type":"ListItem","position":1,"name":"Inicio","item":"https:\/\/csunitec.com\/es\/"},{"@type":"ListItem","position":2,"name":"Tienda","item":"https:\/\/csunitec.com\/es\/tienda\/"},{"@type":"ListItem","position":3,"name":"Ventiladores axiales el\u00e9ctricos EX"}]},{"@type":"WebSite","@id":"https:\/\/csunitec.com\/es\/#website","url":"https:\/\/csunitec.com\/es\/","name":"CS Unitec","description":"","potentialAction":[{"@type":"SearchAction","target":{"@type":"EntryPoint","urlTemplate":"https:\/\/csunitec.com\/es\/?s={search_term_string}"},"query-input":{"@type":"PropertyValueSpecification","valueRequired":true,"valueName":"search_term_string"}}],"inLanguage":"es"}]}},"_links":{"self":[{"href":"https:\/\/csunitec.com\/es\/wp-json\/wp\/v2\/product\/178267","targetHints":{"allow":["GET"]}}],"collection":[{"href":"https:\/\/csunitec.com\/es\/wp-json\/wp\/v2\/product"}],"about":[{"href":"https:\/\/csunitec.com\/es\/wp-json\/wp\/v2\/types\/product"}],"wp:featuredmedia":[{"embeddable":true,"href":"https:\/\/csunitec.com\/es\/wp-json\/wp\/v2\/media\/178271"}],"wp:attachment":[{"href":"https:\/\/csunitec.com\/es\/wp-json\/wp\/v2\/media?parent=178267"}],"wp:term":[{"taxonomy":"product_brand","embeddable":true,"href":"https:\/\/csunitec.com\/es\/wp-json\/wp\/v2\/product_brand?post=178267"},{"taxonomy":"product_cat","embeddable":true,"href":"https:\/\/csunitec.com\/es\/wp-json\/wp\/v2\/product_cat?post=178267"},{"taxonomy":"product_tag","embeddable":true,"href":"https:\/\/csunitec.com\/es\/wp-json\/wp\/v2\/product_tag?post=178267"},{"taxonomy":"accessory_type","embeddable":true,"href":"https:\/\/csunitec.com\/es\/wp-json\/wp\/v2\/accessory_type?post=178267"},{"taxonomy":"application","embeddable":true,"href":"https:\/\/csunitec.com\/es\/wp-json\/wp\/v2\/application?post=178267"},{"taxonomy":"hand_tool_type","embeddable":true,"href":"https:\/\/csunitec.com\/es\/wp-json\/wp\/v2\/hand_tool_type?post=178267"},{"taxonomy":"industry","embeddable":true,"href":"https:\/\/csunitec.com\/es\/wp-json\/wp\/v2\/industry?post=178267"},{"taxonomy":"material","embeddable":true,"href":"https:\/\/csunitec.com\/es\/wp-json\/wp\/v2\/material?post=178267"},{"taxonomy":"power_tool_type","embeddable":true,"href":"https:\/\/csunitec.com\/es\/wp-json\/wp\/v2\/power_tool_type?post=178267"},{"taxonomy":"power_type","embeddable":true,"href":"https:\/\/csunitec.com\/es\/wp-json\/wp\/v2\/power_type?post=178267"},{"taxonomy":"subcategory","embeddable":true,"href":"https:\/\/csunitec.com\/es\/wp-json\/wp\/v2\/subcategory?post=178267"},{"taxonomy":"tool_type","embeddable":true,"href":"https:\/\/csunitec.com\/es\/wp-json\/wp\/v2\/tool_type?post=178267"}],"curies":[{"name":"wp","href":"https:\/\/api.w.org\/{rel}","templated":true}]}}