{"id":178275,"date":"2024-12-08T16:52:00","date_gmt":"2024-12-08T16:52:00","guid":{"rendered":"https:\/\/stgcsunitec.wpenginepowered.com\/product\/conjuntos-de-tambor-de-escarificador-manual-de-8-para-cepillos\/"},"modified":"2024-12-08T16:52:00","modified_gmt":"2024-12-08T21:52:00","slug":"conjuntos-de-tambor-de-escarificador-manual-de-8-para-cepillos","status":"publish","type":"product","link":"https:\/\/csunitec.com\/es\/producto\/conjuntos-de-tambor-de-escarificador-manual-de-8-para-cepillos\/","title":{"rendered":"Conjuntos de tambor de escarificador manual de 8&#8243; para cepillos"},"content":{"rendered":"<ul>\n<li>Los Conjuntos de Tambor Escarificador de 8&#8243; para Cepillos eliminan eficazmente la suciedad, la lechada y los contaminantes superficiales ligeros del hormig\u00f3n, el metal y los sustratos revestidos, prepar\u00e1ndolos para revestimientos o recubrimientos con resultados uniformes.<\/li>\n<li>Alisa y refina las superficies previamente escarificadas o rugosas, creando una textura uniforme sin eliminar material agresivamente.<\/li>\n<li>La configuraci\u00f3n del cepillo levanta la pintura descascarillada, el \u00f3xido y la cascarilla de las cubiertas met\u00e1licas y las superficies de acero, preservando el material subyacente.<\/li>\n<li>Estos tambores ayudan al mantenimiento rutinario de las instalaciones limpiando pasarelas, cubiertas, rampas y suelos industriales sin da\u00f1ar el sustrato.<\/li>\n<li>Los conjuntos de tambor escarificador para cepillos de 8&#8243; son ideales para preparar cubiertas de acero antes de soldarlas, recubrirlas o revestirlas, especialmente en astilleros, plantas industriales y entornos de construcci\u00f3n.<\/li>\n<\/ul>\n","protected":false},"excerpt":{"rendered":"<ul>\n<li>Con los accesorios de cepillo crea una amplia gama de perfiles de superficie<\/li>\n<li>Elimina hormig\u00f3n, pintura, corrosi\u00f3n y m\u00e1s<\/li>\n<\/ul>\n","protected":false},"featured_media":167825,"template":"","meta":[],"product_brand":[],"product_cat":[1033],"product_tag":[1183,1189],"accessory_type":[927],"application":[1035],"hand_tool_type":[],"industry":[933],"material":[],"power_tool_type":[],"power_type":[],"subcategory":[1123],"tool_type":[943],"class_list":{"0":"post-178275","1":"product","2":"type-product","3":"status-publish","4":"has-post-thumbnail","6":"product_cat-preparacion-de-superficies","7":"product_tag-accesorios-para-escarificadores","8":"product_tag-tambores-escarificadores","9":"accessory_type-accesorio","10":"application-acabado-y-preparacion-de-superficies","11":"industry-metalurgia-2","12":"subcategory-escarificadoras","13":"tool_type-accesorio","15":"first","16":"instock","17":"shipping-taxable","18":"purchasable","19":"product-type-variable"},"yoast_head":"<!-- This site is optimized with the Yoast SEO plugin v27.5 - https:\/\/yoast.com\/product\/yoast-seo-wordpress\/ -->\n<title>Conjuntos de tambor de escarificador manual de 8&quot; para cepillos - CS Unitec<\/title>\n<meta name=\"description\" content=\"Los conjuntos de tambor de escarificador manual de 8&quot; para cepillos eliminan eficazmente la suciedad, la lechada y los contaminantes superficiales ligeros de las superficies de hormig\u00f3n y metal.\" \/>\n<meta name=\"robots\" content=\"index, follow, max-snippet:-1, max-image-preview:large, max-video-preview:-1\" \/>\n<link rel=\"canonical\" href=\"https:\/\/csunitec.com\/es\/producto\/conjuntos-de-tambor-de-escarificador-manual-de-8-para-cepillos\/\" \/>\n<meta property=\"og:locale\" content=\"es_ES\" \/>\n<meta property=\"og:type\" content=\"article\" \/>\n<meta property=\"og:title\" content=\"Conjuntos de tambor de escarificador manual de 8&quot; para cepillos - CS Unitec\" \/>\n<meta property=\"og:description\" content=\"Los conjuntos de tambor de escarificador manual de 8&quot; para cepillos eliminan eficazmente la suciedad, la lechada y los contaminantes superficiales ligeros de las superficies de hormig\u00f3n y metal.\" \/>\n<meta property=\"og:url\" content=\"https:\/\/csunitec.com\/es\/producto\/conjuntos-de-tambor-de-escarificador-manual-de-8-para-cepillos\/\" \/>\n<meta property=\"og:site_name\" content=\"CS Unitec\" \/>\n<meta property=\"article:modified_time\" content=\"2024-12-08T21:52:00+00:00\" \/>\n<meta property=\"og:image\" content=\"https:\/\/csunitec.com\/wp-content\/uploads\/2025\/04\/Drum-Assembly-with-Brushes-for-TFP-Scarifiers-1-2-1.png\" \/>\n\t<meta property=\"og:image:width\" content=\"1000\" \/>\n\t<meta property=\"og:image:height\" content=\"1000\" \/>\n\t<meta property=\"og:image:type\" content=\"image\/png\" \/>\n<meta name=\"twitter:card\" content=\"summary_large_image\" \/>\n<meta name=\"twitter:label1\" content=\"Tiempo de lectura\" \/>\n\t<meta name=\"twitter:data1\" content=\"1 minuto\" \/>\n<script type=\"application\/ld+json\" class=\"yoast-schema-graph\">{\"@context\":\"https:\\\/\\\/schema.org\",\"@graph\":[{\"@type\":\"WebPage\",\"@id\":\"https:\\\/\\\/csunitec.com\\\/es\\\/producto\\\/conjuntos-de-tambor-de-escarificador-manual-de-8-para-cepillos\\\/\",\"url\":\"https:\\\/\\\/csunitec.com\\\/es\\\/producto\\\/conjuntos-de-tambor-de-escarificador-manual-de-8-para-cepillos\\\/\",\"name\":\"Conjuntos de tambor de escarificador manual de 8\\\" para cepillos - CS Unitec\",\"isPartOf\":{\"@id\":\"https:\\\/\\\/csunitec.com\\\/es\\\/#website\"},\"primaryImageOfPage\":{\"@id\":\"https:\\\/\\\/csunitec.com\\\/es\\\/producto\\\/conjuntos-de-tambor-de-escarificador-manual-de-8-para-cepillos\\\/#primaryimage\"},\"image\":{\"@id\":\"https:\\\/\\\/csunitec.com\\\/es\\\/producto\\\/conjuntos-de-tambor-de-escarificador-manual-de-8-para-cepillos\\\/#primaryimage\"},\"thumbnailUrl\":\"https:\\\/\\\/csunitec.com\\\/wp-content\\\/uploads\\\/2025\\\/04\\\/Drum-Assembly-with-Brushes-for-TFP-Scarifiers-1-2-1.png\",\"datePublished\":\"2024-12-08T16:52:00+00:00\",\"dateModified\":\"2024-12-08T21:52:00+00:00\",\"description\":\"Los conjuntos de tambor de escarificador manual de 8\\\" para cepillos eliminan eficazmente la suciedad, la lechada y los contaminantes superficiales ligeros de las superficies de hormig\u00f3n y metal.\",\"breadcrumb\":{\"@id\":\"https:\\\/\\\/csunitec.com\\\/es\\\/producto\\\/conjuntos-de-tambor-de-escarificador-manual-de-8-para-cepillos\\\/#breadcrumb\"},\"inLanguage\":\"es\",\"potentialAction\":[{\"@type\":\"ReadAction\",\"target\":[\"https:\\\/\\\/csunitec.com\\\/es\\\/producto\\\/conjuntos-de-tambor-de-escarificador-manual-de-8-para-cepillos\\\/\"]}]},{\"@type\":\"ImageObject\",\"inLanguage\":\"es\",\"@id\":\"https:\\\/\\\/csunitec.com\\\/es\\\/producto\\\/conjuntos-de-tambor-de-escarificador-manual-de-8-para-cepillos\\\/#primaryimage\",\"url\":\"https:\\\/\\\/csunitec.com\\\/wp-content\\\/uploads\\\/2025\\\/04\\\/Drum-Assembly-with-Brushes-for-TFP-Scarifiers-1-2-1.png\",\"contentUrl\":\"https:\\\/\\\/csunitec.com\\\/wp-content\\\/uploads\\\/2025\\\/04\\\/Drum-Assembly-with-Brushes-for-TFP-Scarifiers-1-2-1.png\",\"width\":1000,\"height\":1000},{\"@type\":\"BreadcrumbList\",\"@id\":\"https:\\\/\\\/csunitec.com\\\/es\\\/producto\\\/conjuntos-de-tambor-de-escarificador-manual-de-8-para-cepillos\\\/#breadcrumb\",\"itemListElement\":[{\"@type\":\"ListItem\",\"position\":1,\"name\":\"Inicio\",\"item\":\"https:\\\/\\\/csunitec.com\\\/es\\\/\"},{\"@type\":\"ListItem\",\"position\":2,\"name\":\"Tienda\",\"item\":\"https:\\\/\\\/csunitec.com\\\/es\\\/tienda\\\/\"},{\"@type\":\"ListItem\",\"position\":3,\"name\":\"Conjuntos de tambor de escarificador manual de 8&#8243; para cepillos\"}]},{\"@type\":\"WebSite\",\"@id\":\"https:\\\/\\\/csunitec.com\\\/es\\\/#website\",\"url\":\"https:\\\/\\\/csunitec.com\\\/es\\\/\",\"name\":\"CS Unitec\",\"description\":\"\",\"potentialAction\":[{\"@type\":\"SearchAction\",\"target\":{\"@type\":\"EntryPoint\",\"urlTemplate\":\"https:\\\/\\\/csunitec.com\\\/es\\\/?s={search_term_string}\"},\"query-input\":{\"@type\":\"PropertyValueSpecification\",\"valueRequired\":true,\"valueName\":\"search_term_string\"}}],\"inLanguage\":\"es\"}]}<\/script>\n<!-- \/ Yoast SEO plugin. -->","yoast_head_json":{"title":"Conjuntos de tambor de escarificador manual de 8\" para cepillos - CS Unitec","description":"Los conjuntos de tambor de escarificador manual de 8\" para cepillos eliminan eficazmente la suciedad, la lechada y los contaminantes superficiales ligeros de las superficies de hormig\u00f3n y metal.","robots":{"index":"index","follow":"follow","max-snippet":"max-snippet:-1","max-image-preview":"max-image-preview:large","max-video-preview":"max-video-preview:-1"},"canonical":"https:\/\/csunitec.com\/es\/producto\/conjuntos-de-tambor-de-escarificador-manual-de-8-para-cepillos\/","og_locale":"es_ES","og_type":"article","og_title":"Conjuntos de tambor de escarificador manual de 8\" para cepillos - CS Unitec","og_description":"Los conjuntos de tambor de escarificador manual de 8\" para cepillos eliminan eficazmente la suciedad, la lechada y los contaminantes superficiales ligeros de las superficies de hormig\u00f3n y metal.","og_url":"https:\/\/csunitec.com\/es\/producto\/conjuntos-de-tambor-de-escarificador-manual-de-8-para-cepillos\/","og_site_name":"CS Unitec","article_modified_time":"2024-12-08T21:52:00+00:00","og_image":[{"width":1000,"height":1000,"url":"https:\/\/csunitec.com\/wp-content\/uploads\/2025\/04\/Drum-Assembly-with-Brushes-for-TFP-Scarifiers-1-2-1.png","type":"image\/png"}],"twitter_card":"summary_large_image","twitter_misc":{"Tiempo de lectura":"1 minuto"},"schema":{"@context":"https:\/\/schema.org","@graph":[{"@type":"WebPage","@id":"https:\/\/csunitec.com\/es\/producto\/conjuntos-de-tambor-de-escarificador-manual-de-8-para-cepillos\/","url":"https:\/\/csunitec.com\/es\/producto\/conjuntos-de-tambor-de-escarificador-manual-de-8-para-cepillos\/","name":"Conjuntos de tambor de escarificador manual de 8\" para cepillos - CS Unitec","isPartOf":{"@id":"https:\/\/csunitec.com\/es\/#website"},"primaryImageOfPage":{"@id":"https:\/\/csunitec.com\/es\/producto\/conjuntos-de-tambor-de-escarificador-manual-de-8-para-cepillos\/#primaryimage"},"image":{"@id":"https:\/\/csunitec.com\/es\/producto\/conjuntos-de-tambor-de-escarificador-manual-de-8-para-cepillos\/#primaryimage"},"thumbnailUrl":"https:\/\/csunitec.com\/wp-content\/uploads\/2025\/04\/Drum-Assembly-with-Brushes-for-TFP-Scarifiers-1-2-1.png","datePublished":"2024-12-08T16:52:00+00:00","dateModified":"2024-12-08T21:52:00+00:00","description":"Los conjuntos de tambor de escarificador manual de 8\" para cepillos eliminan eficazmente la suciedad, la lechada y los contaminantes superficiales ligeros de las superficies de hormig\u00f3n y metal.","breadcrumb":{"@id":"https:\/\/csunitec.com\/es\/producto\/conjuntos-de-tambor-de-escarificador-manual-de-8-para-cepillos\/#breadcrumb"},"inLanguage":"es","potentialAction":[{"@type":"ReadAction","target":["https:\/\/csunitec.com\/es\/producto\/conjuntos-de-tambor-de-escarificador-manual-de-8-para-cepillos\/"]}]},{"@type":"ImageObject","inLanguage":"es","@id":"https:\/\/csunitec.com\/es\/producto\/conjuntos-de-tambor-de-escarificador-manual-de-8-para-cepillos\/#primaryimage","url":"https:\/\/csunitec.com\/wp-content\/uploads\/2025\/04\/Drum-Assembly-with-Brushes-for-TFP-Scarifiers-1-2-1.png","contentUrl":"https:\/\/csunitec.com\/wp-content\/uploads\/2025\/04\/Drum-Assembly-with-Brushes-for-TFP-Scarifiers-1-2-1.png","width":1000,"height":1000},{"@type":"BreadcrumbList","@id":"https:\/\/csunitec.com\/es\/producto\/conjuntos-de-tambor-de-escarificador-manual-de-8-para-cepillos\/#breadcrumb","itemListElement":[{"@type":"ListItem","position":1,"name":"Inicio","item":"https:\/\/csunitec.com\/es\/"},{"@type":"ListItem","position":2,"name":"Tienda","item":"https:\/\/csunitec.com\/es\/tienda\/"},{"@type":"ListItem","position":3,"name":"Conjuntos de tambor de escarificador manual de 8&#8243; para cepillos"}]},{"@type":"WebSite","@id":"https:\/\/csunitec.com\/es\/#website","url":"https:\/\/csunitec.com\/es\/","name":"CS Unitec","description":"","potentialAction":[{"@type":"SearchAction","target":{"@type":"EntryPoint","urlTemplate":"https:\/\/csunitec.com\/es\/?s={search_term_string}"},"query-input":{"@type":"PropertyValueSpecification","valueRequired":true,"valueName":"search_term_string"}}],"inLanguage":"es"}]}},"_links":{"self":[{"href":"https:\/\/csunitec.com\/es\/wp-json\/wp\/v2\/product\/178275","targetHints":{"allow":["GET"]}}],"collection":[{"href":"https:\/\/csunitec.com\/es\/wp-json\/wp\/v2\/product"}],"about":[{"href":"https:\/\/csunitec.com\/es\/wp-json\/wp\/v2\/types\/product"}],"wp:featuredmedia":[{"embeddable":true,"href":"https:\/\/csunitec.com\/es\/wp-json\/wp\/v2\/media\/167825"}],"wp:attachment":[{"href":"https:\/\/csunitec.com\/es\/wp-json\/wp\/v2\/media?parent=178275"}],"wp:term":[{"taxonomy":"product_brand","embeddable":true,"href":"https:\/\/csunitec.com\/es\/wp-json\/wp\/v2\/product_brand?post=178275"},{"taxonomy":"product_cat","embeddable":true,"href":"https:\/\/csunitec.com\/es\/wp-json\/wp\/v2\/product_cat?post=178275"},{"taxonomy":"product_tag","embeddable":true,"href":"https:\/\/csunitec.com\/es\/wp-json\/wp\/v2\/product_tag?post=178275"},{"taxonomy":"accessory_type","embeddable":true,"href":"https:\/\/csunitec.com\/es\/wp-json\/wp\/v2\/accessory_type?post=178275"},{"taxonomy":"application","embeddable":true,"href":"https:\/\/csunitec.com\/es\/wp-json\/wp\/v2\/application?post=178275"},{"taxonomy":"hand_tool_type","embeddable":true,"href":"https:\/\/csunitec.com\/es\/wp-json\/wp\/v2\/hand_tool_type?post=178275"},{"taxonomy":"industry","embeddable":true,"href":"https:\/\/csunitec.com\/es\/wp-json\/wp\/v2\/industry?post=178275"},{"taxonomy":"material","embeddable":true,"href":"https:\/\/csunitec.com\/es\/wp-json\/wp\/v2\/material?post=178275"},{"taxonomy":"power_tool_type","embeddable":true,"href":"https:\/\/csunitec.com\/es\/wp-json\/wp\/v2\/power_tool_type?post=178275"},{"taxonomy":"power_type","embeddable":true,"href":"https:\/\/csunitec.com\/es\/wp-json\/wp\/v2\/power_type?post=178275"},{"taxonomy":"subcategory","embeddable":true,"href":"https:\/\/csunitec.com\/es\/wp-json\/wp\/v2\/subcategory?post=178275"},{"taxonomy":"tool_type","embeddable":true,"href":"https:\/\/csunitec.com\/es\/wp-json\/wp\/v2\/tool_type?post=178275"}],"curies":[{"name":"wp","href":"https:\/\/api.w.org\/{rel}","templated":true}]}}