{"id":178299,"date":"2024-12-08T15:04:00","date_gmt":"2024-12-08T15:04:00","guid":{"rendered":"https:\/\/stgcsunitec.wpenginepowered.com\/product\/tambores-escarificadores-manuales-para-cortadoras-de-estrella-haz\/"},"modified":"2024-12-08T15:04:00","modified_gmt":"2024-12-08T20:04:00","slug":"tambores-escarificadores-manuales-para-cortadoras-de-estrella-haz","status":"publish","type":"product","link":"https:\/\/csunitec.com\/es\/producto\/tambores-escarificadores-manuales-para-cortadoras-de-estrella-haz\/","title":{"rendered":"Tambores Escarificadores Manuales para Cortadoras de Estrella \/ Haz"},"content":{"rendered":"<ul>\n<li>Los tambores escarificadores manuales equipados con cortadores de estrella o cortadores de viga destacan en la preparaci\u00f3n de superficies de precisi\u00f3n, el trabajo de bordes y las tareas de eliminaci\u00f3n de zonas confinadas.<\/li>\n<li>Ideal para lijar bordes y preparar el per\u00edmetro a lo largo de paredes, columnas, bordillos y transiciones de suelos.<\/li>\n<li>Perfilado de hormig\u00f3n ligero a medio (CSP 3-5 seg\u00fan el tipo de fresa) para revestimientos, imprimaciones y recubrimientos.<\/li>\n<li>Eliminar capas finas, lechadas, adhesivos, pintura y contaminantes superficiales en hormig\u00f3n, piedra y metal.<\/li>\n<li>Limpieza y desbastado de hormig\u00f3n para parcheado, reparaci\u00f3n de grietas y repavimentaci\u00f3n localizada.<\/li>\n<li>Vers\u00e1til en m\u00faltiples sustratos, como hormig\u00f3n, asfalto, piedra, acero y cubiertas met\u00e1licas.<\/li>\n<\/ul>\n","protected":false},"excerpt":{"rendered":"<ul>\n<li>Conjunto de tambor de 2&#8243; de ancho<\/li>\n<li>Conjunto de tambor de 4&#8243; de ancho<\/li>\n<\/ul>\n","protected":false},"featured_media":167795,"template":"","meta":[],"product_brand":[],"product_cat":[1033],"product_tag":[1183,1189],"accessory_type":[927],"application":[1035],"hand_tool_type":[],"industry":[933],"material":[],"power_tool_type":[],"power_type":[],"subcategory":[1123],"tool_type":[943],"class_list":{"0":"post-178299","1":"product","2":"type-product","3":"status-publish","4":"has-post-thumbnail","6":"product_cat-preparacion-de-superficies","7":"product_tag-accesorios-para-escarificadores","8":"product_tag-tambores-escarificadores","9":"accessory_type-accesorio","10":"application-acabado-y-preparacion-de-superficies","11":"industry-metalurgia-2","12":"subcategory-escarificadoras","13":"tool_type-accesorio","15":"first","16":"instock","17":"shipping-taxable","18":"purchasable","19":"product-type-variable"},"yoast_head":"<!-- This site is optimized with the Yoast SEO plugin v27.5 - https:\/\/yoast.com\/product\/yoast-seo-wordpress\/ -->\n<title>Tambores Escarificadores Manuales para Cortadoras de Estrella \/ Haz - CS Unitec<\/title>\n<meta name=\"description\" content=\"Los tambores escarificadores manuales equipados con cortadores de estrella o cortadores de viga destacan en la preparaci\u00f3n de superficies de precisi\u00f3n, el trabajo de bordes y las tareas de eliminaci\u00f3n de zonas confinadas.\" \/>\n<meta name=\"robots\" content=\"index, follow, max-snippet:-1, max-image-preview:large, max-video-preview:-1\" \/>\n<link rel=\"canonical\" href=\"https:\/\/csunitec.com\/es\/producto\/tambores-escarificadores-manuales-para-cortadoras-de-estrella-haz\/\" \/>\n<meta property=\"og:locale\" content=\"es_ES\" \/>\n<meta property=\"og:type\" content=\"article\" \/>\n<meta property=\"og:title\" content=\"Tambores Escarificadores Manuales para Cortadoras de Estrella \/ Haz - CS Unitec\" \/>\n<meta property=\"og:description\" content=\"Los tambores escarificadores manuales equipados con cortadores de estrella o cortadores de viga destacan en la preparaci\u00f3n de superficies de precisi\u00f3n, el trabajo de bordes y las tareas de eliminaci\u00f3n de zonas confinadas.\" \/>\n<meta property=\"og:url\" content=\"https:\/\/csunitec.com\/es\/producto\/tambores-escarificadores-manuales-para-cortadoras-de-estrella-haz\/\" \/>\n<meta property=\"og:site_name\" content=\"CS Unitec\" \/>\n<meta property=\"article:modified_time\" content=\"2024-12-08T20:04:00+00:00\" \/>\n<meta property=\"og:image\" content=\"https:\/\/csunitec.com\/wp-content\/uploads\/2025\/04\/Rotopeen-Scarifier-Drum-1-2-1.png\" \/>\n\t<meta property=\"og:image:width\" content=\"1000\" \/>\n\t<meta property=\"og:image:height\" content=\"1000\" \/>\n\t<meta property=\"og:image:type\" content=\"image\/png\" \/>\n<meta name=\"twitter:card\" content=\"summary_large_image\" \/>\n<meta name=\"twitter:label1\" content=\"Tiempo de lectura\" \/>\n\t<meta name=\"twitter:data1\" content=\"1 minuto\" \/>\n<script type=\"application\/ld+json\" class=\"yoast-schema-graph\">{\"@context\":\"https:\\\/\\\/schema.org\",\"@graph\":[{\"@type\":\"WebPage\",\"@id\":\"https:\\\/\\\/csunitec.com\\\/es\\\/producto\\\/tambores-escarificadores-manuales-para-cortadoras-de-estrella-haz\\\/\",\"url\":\"https:\\\/\\\/csunitec.com\\\/es\\\/producto\\\/tambores-escarificadores-manuales-para-cortadoras-de-estrella-haz\\\/\",\"name\":\"Tambores Escarificadores Manuales para Cortadoras de Estrella \\\/ Haz - CS Unitec\",\"isPartOf\":{\"@id\":\"https:\\\/\\\/csunitec.com\\\/es\\\/#website\"},\"primaryImageOfPage\":{\"@id\":\"https:\\\/\\\/csunitec.com\\\/es\\\/producto\\\/tambores-escarificadores-manuales-para-cortadoras-de-estrella-haz\\\/#primaryimage\"},\"image\":{\"@id\":\"https:\\\/\\\/csunitec.com\\\/es\\\/producto\\\/tambores-escarificadores-manuales-para-cortadoras-de-estrella-haz\\\/#primaryimage\"},\"thumbnailUrl\":\"https:\\\/\\\/csunitec.com\\\/wp-content\\\/uploads\\\/2025\\\/04\\\/Rotopeen-Scarifier-Drum-1-2-1.png\",\"datePublished\":\"2024-12-08T15:04:00+00:00\",\"dateModified\":\"2024-12-08T20:04:00+00:00\",\"description\":\"Los tambores escarificadores manuales equipados con cortadores de estrella o cortadores de viga destacan en la preparaci\u00f3n de superficies de precisi\u00f3n, el trabajo de bordes y las tareas de eliminaci\u00f3n de zonas confinadas.\",\"breadcrumb\":{\"@id\":\"https:\\\/\\\/csunitec.com\\\/es\\\/producto\\\/tambores-escarificadores-manuales-para-cortadoras-de-estrella-haz\\\/#breadcrumb\"},\"inLanguage\":\"es\",\"potentialAction\":[{\"@type\":\"ReadAction\",\"target\":[\"https:\\\/\\\/csunitec.com\\\/es\\\/producto\\\/tambores-escarificadores-manuales-para-cortadoras-de-estrella-haz\\\/\"]}]},{\"@type\":\"ImageObject\",\"inLanguage\":\"es\",\"@id\":\"https:\\\/\\\/csunitec.com\\\/es\\\/producto\\\/tambores-escarificadores-manuales-para-cortadoras-de-estrella-haz\\\/#primaryimage\",\"url\":\"https:\\\/\\\/csunitec.com\\\/wp-content\\\/uploads\\\/2025\\\/04\\\/Rotopeen-Scarifier-Drum-1-2-1.png\",\"contentUrl\":\"https:\\\/\\\/csunitec.com\\\/wp-content\\\/uploads\\\/2025\\\/04\\\/Rotopeen-Scarifier-Drum-1-2-1.png\",\"width\":1000,\"height\":1000},{\"@type\":\"BreadcrumbList\",\"@id\":\"https:\\\/\\\/csunitec.com\\\/es\\\/producto\\\/tambores-escarificadores-manuales-para-cortadoras-de-estrella-haz\\\/#breadcrumb\",\"itemListElement\":[{\"@type\":\"ListItem\",\"position\":1,\"name\":\"Inicio\",\"item\":\"https:\\\/\\\/csunitec.com\\\/es\\\/\"},{\"@type\":\"ListItem\",\"position\":2,\"name\":\"Tienda\",\"item\":\"https:\\\/\\\/csunitec.com\\\/es\\\/tienda\\\/\"},{\"@type\":\"ListItem\",\"position\":3,\"name\":\"Tambores Escarificadores Manuales para Cortadoras de Estrella \\\/ Haz\"}]},{\"@type\":\"WebSite\",\"@id\":\"https:\\\/\\\/csunitec.com\\\/es\\\/#website\",\"url\":\"https:\\\/\\\/csunitec.com\\\/es\\\/\",\"name\":\"CS Unitec\",\"description\":\"\",\"potentialAction\":[{\"@type\":\"SearchAction\",\"target\":{\"@type\":\"EntryPoint\",\"urlTemplate\":\"https:\\\/\\\/csunitec.com\\\/es\\\/?s={search_term_string}\"},\"query-input\":{\"@type\":\"PropertyValueSpecification\",\"valueRequired\":true,\"valueName\":\"search_term_string\"}}],\"inLanguage\":\"es\"}]}<\/script>\n<!-- \/ Yoast SEO plugin. -->","yoast_head_json":{"title":"Tambores Escarificadores Manuales para Cortadoras de Estrella \/ Haz - CS Unitec","description":"Los tambores escarificadores manuales equipados con cortadores de estrella o cortadores de viga destacan en la preparaci\u00f3n de superficies de precisi\u00f3n, el trabajo de bordes y las tareas de eliminaci\u00f3n de zonas confinadas.","robots":{"index":"index","follow":"follow","max-snippet":"max-snippet:-1","max-image-preview":"max-image-preview:large","max-video-preview":"max-video-preview:-1"},"canonical":"https:\/\/csunitec.com\/es\/producto\/tambores-escarificadores-manuales-para-cortadoras-de-estrella-haz\/","og_locale":"es_ES","og_type":"article","og_title":"Tambores Escarificadores Manuales para Cortadoras de Estrella \/ Haz - CS Unitec","og_description":"Los tambores escarificadores manuales equipados con cortadores de estrella o cortadores de viga destacan en la preparaci\u00f3n de superficies de precisi\u00f3n, el trabajo de bordes y las tareas de eliminaci\u00f3n de zonas confinadas.","og_url":"https:\/\/csunitec.com\/es\/producto\/tambores-escarificadores-manuales-para-cortadoras-de-estrella-haz\/","og_site_name":"CS Unitec","article_modified_time":"2024-12-08T20:04:00+00:00","og_image":[{"width":1000,"height":1000,"url":"https:\/\/csunitec.com\/wp-content\/uploads\/2025\/04\/Rotopeen-Scarifier-Drum-1-2-1.png","type":"image\/png"}],"twitter_card":"summary_large_image","twitter_misc":{"Tiempo de lectura":"1 minuto"},"schema":{"@context":"https:\/\/schema.org","@graph":[{"@type":"WebPage","@id":"https:\/\/csunitec.com\/es\/producto\/tambores-escarificadores-manuales-para-cortadoras-de-estrella-haz\/","url":"https:\/\/csunitec.com\/es\/producto\/tambores-escarificadores-manuales-para-cortadoras-de-estrella-haz\/","name":"Tambores Escarificadores Manuales para Cortadoras de Estrella \/ Haz - CS Unitec","isPartOf":{"@id":"https:\/\/csunitec.com\/es\/#website"},"primaryImageOfPage":{"@id":"https:\/\/csunitec.com\/es\/producto\/tambores-escarificadores-manuales-para-cortadoras-de-estrella-haz\/#primaryimage"},"image":{"@id":"https:\/\/csunitec.com\/es\/producto\/tambores-escarificadores-manuales-para-cortadoras-de-estrella-haz\/#primaryimage"},"thumbnailUrl":"https:\/\/csunitec.com\/wp-content\/uploads\/2025\/04\/Rotopeen-Scarifier-Drum-1-2-1.png","datePublished":"2024-12-08T15:04:00+00:00","dateModified":"2024-12-08T20:04:00+00:00","description":"Los tambores escarificadores manuales equipados con cortadores de estrella o cortadores de viga destacan en la preparaci\u00f3n de superficies de precisi\u00f3n, el trabajo de bordes y las tareas de eliminaci\u00f3n de zonas confinadas.","breadcrumb":{"@id":"https:\/\/csunitec.com\/es\/producto\/tambores-escarificadores-manuales-para-cortadoras-de-estrella-haz\/#breadcrumb"},"inLanguage":"es","potentialAction":[{"@type":"ReadAction","target":["https:\/\/csunitec.com\/es\/producto\/tambores-escarificadores-manuales-para-cortadoras-de-estrella-haz\/"]}]},{"@type":"ImageObject","inLanguage":"es","@id":"https:\/\/csunitec.com\/es\/producto\/tambores-escarificadores-manuales-para-cortadoras-de-estrella-haz\/#primaryimage","url":"https:\/\/csunitec.com\/wp-content\/uploads\/2025\/04\/Rotopeen-Scarifier-Drum-1-2-1.png","contentUrl":"https:\/\/csunitec.com\/wp-content\/uploads\/2025\/04\/Rotopeen-Scarifier-Drum-1-2-1.png","width":1000,"height":1000},{"@type":"BreadcrumbList","@id":"https:\/\/csunitec.com\/es\/producto\/tambores-escarificadores-manuales-para-cortadoras-de-estrella-haz\/#breadcrumb","itemListElement":[{"@type":"ListItem","position":1,"name":"Inicio","item":"https:\/\/csunitec.com\/es\/"},{"@type":"ListItem","position":2,"name":"Tienda","item":"https:\/\/csunitec.com\/es\/tienda\/"},{"@type":"ListItem","position":3,"name":"Tambores Escarificadores Manuales para Cortadoras de Estrella \/ Haz"}]},{"@type":"WebSite","@id":"https:\/\/csunitec.com\/es\/#website","url":"https:\/\/csunitec.com\/es\/","name":"CS Unitec","description":"","potentialAction":[{"@type":"SearchAction","target":{"@type":"EntryPoint","urlTemplate":"https:\/\/csunitec.com\/es\/?s={search_term_string}"},"query-input":{"@type":"PropertyValueSpecification","valueRequired":true,"valueName":"search_term_string"}}],"inLanguage":"es"}]}},"_links":{"self":[{"href":"https:\/\/csunitec.com\/es\/wp-json\/wp\/v2\/product\/178299","targetHints":{"allow":["GET"]}}],"collection":[{"href":"https:\/\/csunitec.com\/es\/wp-json\/wp\/v2\/product"}],"about":[{"href":"https:\/\/csunitec.com\/es\/wp-json\/wp\/v2\/types\/product"}],"wp:featuredmedia":[{"embeddable":true,"href":"https:\/\/csunitec.com\/es\/wp-json\/wp\/v2\/media\/167795"}],"wp:attachment":[{"href":"https:\/\/csunitec.com\/es\/wp-json\/wp\/v2\/media?parent=178299"}],"wp:term":[{"taxonomy":"product_brand","embeddable":true,"href":"https:\/\/csunitec.com\/es\/wp-json\/wp\/v2\/product_brand?post=178299"},{"taxonomy":"product_cat","embeddable":true,"href":"https:\/\/csunitec.com\/es\/wp-json\/wp\/v2\/product_cat?post=178299"},{"taxonomy":"product_tag","embeddable":true,"href":"https:\/\/csunitec.com\/es\/wp-json\/wp\/v2\/product_tag?post=178299"},{"taxonomy":"accessory_type","embeddable":true,"href":"https:\/\/csunitec.com\/es\/wp-json\/wp\/v2\/accessory_type?post=178299"},{"taxonomy":"application","embeddable":true,"href":"https:\/\/csunitec.com\/es\/wp-json\/wp\/v2\/application?post=178299"},{"taxonomy":"hand_tool_type","embeddable":true,"href":"https:\/\/csunitec.com\/es\/wp-json\/wp\/v2\/hand_tool_type?post=178299"},{"taxonomy":"industry","embeddable":true,"href":"https:\/\/csunitec.com\/es\/wp-json\/wp\/v2\/industry?post=178299"},{"taxonomy":"material","embeddable":true,"href":"https:\/\/csunitec.com\/es\/wp-json\/wp\/v2\/material?post=178299"},{"taxonomy":"power_tool_type","embeddable":true,"href":"https:\/\/csunitec.com\/es\/wp-json\/wp\/v2\/power_tool_type?post=178299"},{"taxonomy":"power_type","embeddable":true,"href":"https:\/\/csunitec.com\/es\/wp-json\/wp\/v2\/power_type?post=178299"},{"taxonomy":"subcategory","embeddable":true,"href":"https:\/\/csunitec.com\/es\/wp-json\/wp\/v2\/subcategory?post=178299"},{"taxonomy":"tool_type","embeddable":true,"href":"https:\/\/csunitec.com\/es\/wp-json\/wp\/v2\/tool_type?post=178299"}],"curies":[{"name":"wp","href":"https:\/\/api.w.org\/{rel}","templated":true}]}}