{"id":178327,"date":"2024-12-08T16:28:00","date_gmt":"2024-12-08T16:28:00","guid":{"rendered":"https:\/\/stgcsunitec.wpenginepowered.com\/product\/conjuntos-de-tambor-para-escarificadoras-de-marcha-atras-de-8-para-cortadoras\/"},"modified":"2024-12-08T16:28:00","modified_gmt":"2024-12-08T21:28:00","slug":"conjuntos-de-tambor-para-escarificadoras-de-marcha-atras-de-8-para-cortadoras","status":"publish","type":"product","link":"https:\/\/csunitec.com\/es\/producto\/conjuntos-de-tambor-para-escarificadoras-de-marcha-atras-de-8-para-cortadoras\/","title":{"rendered":"Conjuntos de tambor para escarificadoras de marcha atr\u00e1s de 8&#8243; para cortadoras"},"content":{"rendered":"<ul>\n<li>Conjuntos de tambor escarificador de 8&#8243; para cortadoras, dise\u00f1ados para la eliminaci\u00f3n agresiva de superficies de hormig\u00f3n. Eliminan eficazmente revestimientos, epoxis, pintura, l\u00edneas de tr\u00e1fico, termopl\u00e1sticos y adhesivos para preparar sustratos para nuevos sistemas de pavimentaci\u00f3n o recubrimientos. <\/li>\n<li>Ideal para nivelar superficies irregulares de hormig\u00f3n, asfalto y piedra, permitiendo a los operarios reducir los peligros de tropiezo en las aceras, eliminar los puntos altos y corregir las imperfecciones de la superficie con una eliminaci\u00f3n controlada y uniforme del material.<\/li>\n<li>Se utiliza para crear una amplia gama de Perfiles de Superficie de Hormig\u00f3n (CSP 1-10) emparejando el tambor con el estilo de cortador apropiado, lo que permite una uni\u00f3n mec\u00e1nica adecuada para revestimientos, sistemas de impermeabilizaci\u00f3n y materiales de repavimentaci\u00f3n.<\/li>\n<li>Muy adecuado para preparar superficies de acero y metal, eliminando \u00f3xido, cascarilla, corrosi\u00f3n y revestimientos viejos. Com\u00fanmente en cubiertas de barcos, tanques, puentes y plataformas industriales donde se necesita un acondicionamiento mec\u00e1nico de la superficie. <\/li>\n<li>Conjuntos de Tambor Escarificador de 8&#8243; para Cortadoras, \u00fatiles para eliminar adhesivos y masillas. Esto incluye cola para moquetas, masillas para baldosas y adhesivos para suelos, permitiendo una preparaci\u00f3n limpia del sustrato para su reinstalaci\u00f3n o repintado. <\/li>\n<\/ul>\n","protected":false},"excerpt":{"rendered":"<ul>\n<li>Con los accesorios de fresa y cepillo, crea una amplia gama de perfiles de superficie<\/li>\n<li>Elimina hormig\u00f3n, pintura, corrosi\u00f3n y m\u00e1s<\/li>\n<li>Con las fresas TCT crea perfiles ranurados en hormig\u00f3n para pavimentos antideslizantes y canales de drenaje<\/li>\n<\/ul>\n","protected":false},"featured_media":167834,"template":"","meta":[],"product_brand":[],"product_cat":[1033],"product_tag":[1183,1189],"accessory_type":[927],"application":[1035],"hand_tool_type":[],"industry":[933],"material":[],"power_tool_type":[],"power_type":[],"subcategory":[1123],"tool_type":[943],"class_list":{"0":"post-178327","1":"product","2":"type-product","3":"status-publish","4":"has-post-thumbnail","6":"product_cat-preparacion-de-superficies","7":"product_tag-accesorios-para-escarificadores","8":"product_tag-tambores-escarificadores","9":"accessory_type-accesorio","10":"application-acabado-y-preparacion-de-superficies","11":"industry-metalurgia-2","12":"subcategory-escarificadoras","13":"tool_type-accesorio","15":"first","16":"instock","17":"shipping-taxable","18":"purchasable","19":"product-type-variable"},"yoast_head":"<!-- This site is optimized with the Yoast SEO plugin v27.5 - https:\/\/yoast.com\/product\/yoast-seo-wordpress\/ -->\n<title>Conjuntos de tambor para escarificadoras de marcha atr\u00e1s de 8&quot; para cortadoras - CS Unitec<\/title>\n<meta name=\"description\" content=\"Conjuntos de tambor escarificador de 8&quot; para cortadoras dise\u00f1adas para la eliminaci\u00f3n agresiva de superficies de hormig\u00f3n. Elimina revestimientos, epoxis, pintura y mucho m\u00e1s.\" \/>\n<meta name=\"robots\" content=\"index, follow, max-snippet:-1, max-image-preview:large, max-video-preview:-1\" \/>\n<link rel=\"canonical\" href=\"https:\/\/csunitec.com\/es\/producto\/conjuntos-de-tambor-para-escarificadoras-de-marcha-atras-de-8-para-cortadoras\/\" \/>\n<meta property=\"og:locale\" content=\"es_ES\" \/>\n<meta property=\"og:type\" content=\"article\" \/>\n<meta property=\"og:title\" content=\"Conjuntos de tambor para escarificadoras de marcha atr\u00e1s de 8&quot; para cortadoras - CS Unitec\" \/>\n<meta property=\"og:description\" content=\"Conjuntos de tambor escarificador de 8&quot; para cortadoras dise\u00f1adas para la eliminaci\u00f3n agresiva de superficies de hormig\u00f3n. Elimina revestimientos, epoxis, pintura y mucho m\u00e1s.\" \/>\n<meta property=\"og:url\" content=\"https:\/\/csunitec.com\/es\/producto\/conjuntos-de-tambor-para-escarificadoras-de-marcha-atras-de-8-para-cortadoras\/\" \/>\n<meta property=\"og:site_name\" content=\"CS Unitec\" \/>\n<meta property=\"article:modified_time\" content=\"2024-12-08T21:28:00+00:00\" \/>\n<meta property=\"og:image\" content=\"https:\/\/csunitec.com\/wp-content\/uploads\/2025\/04\/Drum-Assembly-for-TFP-Scarifiers-2-2-1.png\" \/>\n\t<meta property=\"og:image:width\" content=\"1000\" \/>\n\t<meta property=\"og:image:height\" content=\"1000\" \/>\n\t<meta property=\"og:image:type\" content=\"image\/png\" \/>\n<meta name=\"twitter:card\" content=\"summary_large_image\" \/>\n<meta name=\"twitter:label1\" content=\"Tiempo de lectura\" \/>\n\t<meta name=\"twitter:data1\" content=\"1 minuto\" \/>\n<script type=\"application\/ld+json\" class=\"yoast-schema-graph\">{\"@context\":\"https:\\\/\\\/schema.org\",\"@graph\":[{\"@type\":\"WebPage\",\"@id\":\"https:\\\/\\\/csunitec.com\\\/es\\\/producto\\\/conjuntos-de-tambor-para-escarificadoras-de-marcha-atras-de-8-para-cortadoras\\\/\",\"url\":\"https:\\\/\\\/csunitec.com\\\/es\\\/producto\\\/conjuntos-de-tambor-para-escarificadoras-de-marcha-atras-de-8-para-cortadoras\\\/\",\"name\":\"Conjuntos de tambor para escarificadoras de marcha atr\u00e1s de 8\\\" para cortadoras - CS Unitec\",\"isPartOf\":{\"@id\":\"https:\\\/\\\/csunitec.com\\\/es\\\/#website\"},\"primaryImageOfPage\":{\"@id\":\"https:\\\/\\\/csunitec.com\\\/es\\\/producto\\\/conjuntos-de-tambor-para-escarificadoras-de-marcha-atras-de-8-para-cortadoras\\\/#primaryimage\"},\"image\":{\"@id\":\"https:\\\/\\\/csunitec.com\\\/es\\\/producto\\\/conjuntos-de-tambor-para-escarificadoras-de-marcha-atras-de-8-para-cortadoras\\\/#primaryimage\"},\"thumbnailUrl\":\"https:\\\/\\\/csunitec.com\\\/wp-content\\\/uploads\\\/2025\\\/04\\\/Drum-Assembly-for-TFP-Scarifiers-2-2-1.png\",\"datePublished\":\"2024-12-08T16:28:00+00:00\",\"dateModified\":\"2024-12-08T21:28:00+00:00\",\"description\":\"Conjuntos de tambor escarificador de 8\\\" para cortadoras dise\u00f1adas para la eliminaci\u00f3n agresiva de superficies de hormig\u00f3n. Elimina revestimientos, epoxis, pintura y mucho m\u00e1s.\",\"breadcrumb\":{\"@id\":\"https:\\\/\\\/csunitec.com\\\/es\\\/producto\\\/conjuntos-de-tambor-para-escarificadoras-de-marcha-atras-de-8-para-cortadoras\\\/#breadcrumb\"},\"inLanguage\":\"es\",\"potentialAction\":[{\"@type\":\"ReadAction\",\"target\":[\"https:\\\/\\\/csunitec.com\\\/es\\\/producto\\\/conjuntos-de-tambor-para-escarificadoras-de-marcha-atras-de-8-para-cortadoras\\\/\"]}]},{\"@type\":\"ImageObject\",\"inLanguage\":\"es\",\"@id\":\"https:\\\/\\\/csunitec.com\\\/es\\\/producto\\\/conjuntos-de-tambor-para-escarificadoras-de-marcha-atras-de-8-para-cortadoras\\\/#primaryimage\",\"url\":\"https:\\\/\\\/csunitec.com\\\/wp-content\\\/uploads\\\/2025\\\/04\\\/Drum-Assembly-for-TFP-Scarifiers-2-2-1.png\",\"contentUrl\":\"https:\\\/\\\/csunitec.com\\\/wp-content\\\/uploads\\\/2025\\\/04\\\/Drum-Assembly-for-TFP-Scarifiers-2-2-1.png\",\"width\":1000,\"height\":1000},{\"@type\":\"BreadcrumbList\",\"@id\":\"https:\\\/\\\/csunitec.com\\\/es\\\/producto\\\/conjuntos-de-tambor-para-escarificadoras-de-marcha-atras-de-8-para-cortadoras\\\/#breadcrumb\",\"itemListElement\":[{\"@type\":\"ListItem\",\"position\":1,\"name\":\"Inicio\",\"item\":\"https:\\\/\\\/csunitec.com\\\/es\\\/\"},{\"@type\":\"ListItem\",\"position\":2,\"name\":\"Tienda\",\"item\":\"https:\\\/\\\/csunitec.com\\\/es\\\/tienda\\\/\"},{\"@type\":\"ListItem\",\"position\":3,\"name\":\"Conjuntos de tambor para escarificadoras de marcha atr\u00e1s de 8&#8243; para cortadoras\"}]},{\"@type\":\"WebSite\",\"@id\":\"https:\\\/\\\/csunitec.com\\\/es\\\/#website\",\"url\":\"https:\\\/\\\/csunitec.com\\\/es\\\/\",\"name\":\"CS Unitec\",\"description\":\"\",\"potentialAction\":[{\"@type\":\"SearchAction\",\"target\":{\"@type\":\"EntryPoint\",\"urlTemplate\":\"https:\\\/\\\/csunitec.com\\\/es\\\/?s={search_term_string}\"},\"query-input\":{\"@type\":\"PropertyValueSpecification\",\"valueRequired\":true,\"valueName\":\"search_term_string\"}}],\"inLanguage\":\"es\"}]}<\/script>\n<!-- \/ Yoast SEO plugin. -->","yoast_head_json":{"title":"Conjuntos de tambor para escarificadoras de marcha atr\u00e1s de 8\" para cortadoras - CS Unitec","description":"Conjuntos de tambor escarificador de 8\" para cortadoras dise\u00f1adas para la eliminaci\u00f3n agresiva de superficies de hormig\u00f3n. Elimina revestimientos, epoxis, pintura y mucho m\u00e1s.","robots":{"index":"index","follow":"follow","max-snippet":"max-snippet:-1","max-image-preview":"max-image-preview:large","max-video-preview":"max-video-preview:-1"},"canonical":"https:\/\/csunitec.com\/es\/producto\/conjuntos-de-tambor-para-escarificadoras-de-marcha-atras-de-8-para-cortadoras\/","og_locale":"es_ES","og_type":"article","og_title":"Conjuntos de tambor para escarificadoras de marcha atr\u00e1s de 8\" para cortadoras - CS Unitec","og_description":"Conjuntos de tambor escarificador de 8\" para cortadoras dise\u00f1adas para la eliminaci\u00f3n agresiva de superficies de hormig\u00f3n. Elimina revestimientos, epoxis, pintura y mucho m\u00e1s.","og_url":"https:\/\/csunitec.com\/es\/producto\/conjuntos-de-tambor-para-escarificadoras-de-marcha-atras-de-8-para-cortadoras\/","og_site_name":"CS Unitec","article_modified_time":"2024-12-08T21:28:00+00:00","og_image":[{"width":1000,"height":1000,"url":"https:\/\/csunitec.com\/wp-content\/uploads\/2025\/04\/Drum-Assembly-for-TFP-Scarifiers-2-2-1.png","type":"image\/png"}],"twitter_card":"summary_large_image","twitter_misc":{"Tiempo de lectura":"1 minuto"},"schema":{"@context":"https:\/\/schema.org","@graph":[{"@type":"WebPage","@id":"https:\/\/csunitec.com\/es\/producto\/conjuntos-de-tambor-para-escarificadoras-de-marcha-atras-de-8-para-cortadoras\/","url":"https:\/\/csunitec.com\/es\/producto\/conjuntos-de-tambor-para-escarificadoras-de-marcha-atras-de-8-para-cortadoras\/","name":"Conjuntos de tambor para escarificadoras de marcha atr\u00e1s de 8\" para cortadoras - CS Unitec","isPartOf":{"@id":"https:\/\/csunitec.com\/es\/#website"},"primaryImageOfPage":{"@id":"https:\/\/csunitec.com\/es\/producto\/conjuntos-de-tambor-para-escarificadoras-de-marcha-atras-de-8-para-cortadoras\/#primaryimage"},"image":{"@id":"https:\/\/csunitec.com\/es\/producto\/conjuntos-de-tambor-para-escarificadoras-de-marcha-atras-de-8-para-cortadoras\/#primaryimage"},"thumbnailUrl":"https:\/\/csunitec.com\/wp-content\/uploads\/2025\/04\/Drum-Assembly-for-TFP-Scarifiers-2-2-1.png","datePublished":"2024-12-08T16:28:00+00:00","dateModified":"2024-12-08T21:28:00+00:00","description":"Conjuntos de tambor escarificador de 8\" para cortadoras dise\u00f1adas para la eliminaci\u00f3n agresiva de superficies de hormig\u00f3n. Elimina revestimientos, epoxis, pintura y mucho m\u00e1s.","breadcrumb":{"@id":"https:\/\/csunitec.com\/es\/producto\/conjuntos-de-tambor-para-escarificadoras-de-marcha-atras-de-8-para-cortadoras\/#breadcrumb"},"inLanguage":"es","potentialAction":[{"@type":"ReadAction","target":["https:\/\/csunitec.com\/es\/producto\/conjuntos-de-tambor-para-escarificadoras-de-marcha-atras-de-8-para-cortadoras\/"]}]},{"@type":"ImageObject","inLanguage":"es","@id":"https:\/\/csunitec.com\/es\/producto\/conjuntos-de-tambor-para-escarificadoras-de-marcha-atras-de-8-para-cortadoras\/#primaryimage","url":"https:\/\/csunitec.com\/wp-content\/uploads\/2025\/04\/Drum-Assembly-for-TFP-Scarifiers-2-2-1.png","contentUrl":"https:\/\/csunitec.com\/wp-content\/uploads\/2025\/04\/Drum-Assembly-for-TFP-Scarifiers-2-2-1.png","width":1000,"height":1000},{"@type":"BreadcrumbList","@id":"https:\/\/csunitec.com\/es\/producto\/conjuntos-de-tambor-para-escarificadoras-de-marcha-atras-de-8-para-cortadoras\/#breadcrumb","itemListElement":[{"@type":"ListItem","position":1,"name":"Inicio","item":"https:\/\/csunitec.com\/es\/"},{"@type":"ListItem","position":2,"name":"Tienda","item":"https:\/\/csunitec.com\/es\/tienda\/"},{"@type":"ListItem","position":3,"name":"Conjuntos de tambor para escarificadoras de marcha atr\u00e1s de 8&#8243; para cortadoras"}]},{"@type":"WebSite","@id":"https:\/\/csunitec.com\/es\/#website","url":"https:\/\/csunitec.com\/es\/","name":"CS Unitec","description":"","potentialAction":[{"@type":"SearchAction","target":{"@type":"EntryPoint","urlTemplate":"https:\/\/csunitec.com\/es\/?s={search_term_string}"},"query-input":{"@type":"PropertyValueSpecification","valueRequired":true,"valueName":"search_term_string"}}],"inLanguage":"es"}]}},"_links":{"self":[{"href":"https:\/\/csunitec.com\/es\/wp-json\/wp\/v2\/product\/178327","targetHints":{"allow":["GET"]}}],"collection":[{"href":"https:\/\/csunitec.com\/es\/wp-json\/wp\/v2\/product"}],"about":[{"href":"https:\/\/csunitec.com\/es\/wp-json\/wp\/v2\/types\/product"}],"wp:featuredmedia":[{"embeddable":true,"href":"https:\/\/csunitec.com\/es\/wp-json\/wp\/v2\/media\/167834"}],"wp:attachment":[{"href":"https:\/\/csunitec.com\/es\/wp-json\/wp\/v2\/media?parent=178327"}],"wp:term":[{"taxonomy":"product_brand","embeddable":true,"href":"https:\/\/csunitec.com\/es\/wp-json\/wp\/v2\/product_brand?post=178327"},{"taxonomy":"product_cat","embeddable":true,"href":"https:\/\/csunitec.com\/es\/wp-json\/wp\/v2\/product_cat?post=178327"},{"taxonomy":"product_tag","embeddable":true,"href":"https:\/\/csunitec.com\/es\/wp-json\/wp\/v2\/product_tag?post=178327"},{"taxonomy":"accessory_type","embeddable":true,"href":"https:\/\/csunitec.com\/es\/wp-json\/wp\/v2\/accessory_type?post=178327"},{"taxonomy":"application","embeddable":true,"href":"https:\/\/csunitec.com\/es\/wp-json\/wp\/v2\/application?post=178327"},{"taxonomy":"hand_tool_type","embeddable":true,"href":"https:\/\/csunitec.com\/es\/wp-json\/wp\/v2\/hand_tool_type?post=178327"},{"taxonomy":"industry","embeddable":true,"href":"https:\/\/csunitec.com\/es\/wp-json\/wp\/v2\/industry?post=178327"},{"taxonomy":"material","embeddable":true,"href":"https:\/\/csunitec.com\/es\/wp-json\/wp\/v2\/material?post=178327"},{"taxonomy":"power_tool_type","embeddable":true,"href":"https:\/\/csunitec.com\/es\/wp-json\/wp\/v2\/power_tool_type?post=178327"},{"taxonomy":"power_type","embeddable":true,"href":"https:\/\/csunitec.com\/es\/wp-json\/wp\/v2\/power_type?post=178327"},{"taxonomy":"subcategory","embeddable":true,"href":"https:\/\/csunitec.com\/es\/wp-json\/wp\/v2\/subcategory?post=178327"},{"taxonomy":"tool_type","embeddable":true,"href":"https:\/\/csunitec.com\/es\/wp-json\/wp\/v2\/tool_type?post=178327"}],"curies":[{"name":"wp","href":"https:\/\/api.w.org\/{rel}","templated":true}]}}