{"id":178350,"date":"2024-12-08T20:31:00","date_gmt":"2024-12-09T01:31:00","guid":{"rendered":"https:\/\/stgcsunitec.wpenginepowered.com\/product\/raspador-de-agujas-vibro-lo-empunadura-en-linea\/"},"modified":"2024-12-08T20:31:00","modified_gmt":"2024-12-09T01:31:00","slug":"raspador-de-agujas-vibro-lo-empunadura-en-linea","status":"publish","type":"product","link":"https:\/\/csunitec.com\/es\/producto\/raspador-de-agujas-vibro-lo-empunadura-en-linea\/","title":{"rendered":"Raspador de agujas Vibro-Lo &#8211; Empu\u00f1adura en l\u00ednea"},"content":{"rendered":"<ul>\n<li>Las Rasquetas de Aguja en L\u00ednea Vibro-Lo\u2122 texturizan y preparan superficies de hormig\u00f3n. Para dar rugosidad al hormig\u00f3n, eliminar la lechada y preparar suelos, paredes y elementos estructurales para revestimientos, recubrimientos o materiales de reparaci\u00f3n. <\/li>\n<li>Util\u00edzalo para eliminar escoria, salpicaduras, oxidaci\u00f3n y aliviar concentraciones de tensi\u00f3n en acero estructural, construcci\u00f3n naval, fabricaci\u00f3n y reparaci\u00f3n de maquinaria pesada.<\/li>\n<li>Prepara superficies para soldadura, pintura, revestimiento o mecanizado, garantizando acabados limpios y uniformes.<\/li>\n<li>Elimina eficazmente el \u00f3xido, la cascarilla, la pintura, el epoxi, el crecimiento marino y los dep\u00f3sitos endurecidos del acero, la fundici\u00f3n, el hormig\u00f3n y otras superficies industriales.<\/li>\n<li>El control en l\u00ednea lo hace ideal para la restauraci\u00f3n de mamposter\u00eda, la eliminaci\u00f3n de mortero, la limpieza de juntas de ladrillo y el picado de precisi\u00f3n en trabajos de construcci\u00f3n y renovaci\u00f3n.<\/li>\n<li>Vibro-Lo\u2122 Rascadores de aguja en l\u00ednea dise\u00f1ados para entornos dif\u00edciles. Perfectas para la limpieza del casco, la preparaci\u00f3n de la cubierta, el mantenimiento de los tanques de lastre y la eliminaci\u00f3n de la corrosi\u00f3n en espacios reducidos o verticales. <\/li>\n<\/ul>\n","protected":false},"excerpt":{"rendered":"<ul>\n<li>Tecnolog\u00eda patentada de baja vibraci\u00f3n<\/li>\n<li>Cantidad de agujas 19<\/li>\n<li>Golpes por minuto: 2400<\/li>\n<li>Niveles de vibraci\u00f3n: 2,56 m\/s2<\/li>\n<li>Consumo de aire: 4 CFM @ 90 PSI<\/li>\n<\/ul>\n","protected":false},"featured_media":178353,"template":"","meta":[],"product_brand":[],"product_cat":[1033],"product_tag":[1038,1092,1039],"accessory_type":[],"application":[1174],"hand_tool_type":[],"industry":[1175],"material":[],"power_tool_type":[1056],"power_type":[972],"subcategory":[1040],"tool_type":[946],"class_list":{"0":"post-178350","1":"product","2":"type-product","3":"status-publish","4":"has-post-thumbnail","6":"product_cat-preparacion-de-superficies","7":"product_tag-preparacion-de-la-superficie-metalica","8":"product_tag-raspadores-de-aguja","9":"product_tag-vibro-lo","10":"application-perforacion-y-voladura-de-rocas","11":"industry-mineria","12":"power_tool_type-escalador","13":"power_type-aire","14":"subcategory-escarificadores","15":"tool_type-herramienta-electrica","17":"first","18":"instock","19":"shipping-taxable","20":"purchasable","21":"product-type-variable"},"yoast_head":"<!-- This site is optimized with the Yoast SEO plugin v27.5 - https:\/\/yoast.com\/product\/yoast-seo-wordpress\/ -->\n<title>Raspador de agujas Vibro-Lo - Empu\u00f1adura en l\u00ednea - CS Unitec<\/title>\n<meta name=\"description\" content=\"Las escarificadoras de agujas en l\u00ednea Vibro-Lo\u2122 ofrecen alto rendimiento y baja vibraci\u00f3n para mayor productividad y mayor comodidad del operario.\" \/>\n<meta name=\"robots\" content=\"index, follow, max-snippet:-1, max-image-preview:large, max-video-preview:-1\" \/>\n<link rel=\"canonical\" href=\"https:\/\/csunitec.com\/es\/producto\/raspador-de-agujas-vibro-lo-empunadura-en-linea\/\" \/>\n<meta property=\"og:locale\" content=\"es_ES\" \/>\n<meta property=\"og:type\" content=\"article\" \/>\n<meta property=\"og:title\" content=\"Raspador de agujas Vibro-Lo - Empu\u00f1adura en l\u00ednea - CS Unitec\" \/>\n<meta property=\"og:description\" content=\"Las escarificadoras de agujas en l\u00ednea Vibro-Lo\u2122 ofrecen alto rendimiento y baja vibraci\u00f3n para mayor productividad y mayor comodidad del operario.\" \/>\n<meta property=\"og:url\" content=\"https:\/\/csunitec.com\/es\/producto\/raspador-de-agujas-vibro-lo-empunadura-en-linea\/\" \/>\n<meta property=\"og:site_name\" content=\"CS Unitec\" \/>\n<meta property=\"og:image\" content=\"https:\/\/csunitec.com\/wp-content\/uploads\/2024\/12\/VL223.jpg\" \/>\n\t<meta property=\"og:image:width\" content=\"1200\" \/>\n\t<meta property=\"og:image:height\" content=\"1200\" \/>\n\t<meta property=\"og:image:type\" content=\"image\/jpeg\" \/>\n<meta name=\"twitter:card\" content=\"summary_large_image\" \/>\n<meta name=\"twitter:label1\" content=\"Tiempo de lectura\" \/>\n\t<meta name=\"twitter:data1\" content=\"1 minuto\" \/>\n<script type=\"application\/ld+json\" class=\"yoast-schema-graph\">{\"@context\":\"https:\\\/\\\/schema.org\",\"@graph\":[{\"@type\":\"WebPage\",\"@id\":\"https:\\\/\\\/csunitec.com\\\/es\\\/producto\\\/raspador-de-agujas-vibro-lo-empunadura-en-linea\\\/\",\"url\":\"https:\\\/\\\/csunitec.com\\\/es\\\/producto\\\/raspador-de-agujas-vibro-lo-empunadura-en-linea\\\/\",\"name\":\"Raspador de agujas Vibro-Lo - Empu\u00f1adura en l\u00ednea - CS Unitec\",\"isPartOf\":{\"@id\":\"https:\\\/\\\/csunitec.com\\\/es\\\/#website\"},\"primaryImageOfPage\":{\"@id\":\"https:\\\/\\\/csunitec.com\\\/es\\\/producto\\\/raspador-de-agujas-vibro-lo-empunadura-en-linea\\\/#primaryimage\"},\"image\":{\"@id\":\"https:\\\/\\\/csunitec.com\\\/es\\\/producto\\\/raspador-de-agujas-vibro-lo-empunadura-en-linea\\\/#primaryimage\"},\"thumbnailUrl\":\"https:\\\/\\\/csunitec.com\\\/wp-content\\\/uploads\\\/2024\\\/12\\\/VL223.jpg\",\"datePublished\":\"2024-12-09T01:31:00+00:00\",\"description\":\"Las escarificadoras de agujas en l\u00ednea Vibro-Lo\u2122 ofrecen alto rendimiento y baja vibraci\u00f3n para mayor productividad y mayor comodidad del operario.\",\"breadcrumb\":{\"@id\":\"https:\\\/\\\/csunitec.com\\\/es\\\/producto\\\/raspador-de-agujas-vibro-lo-empunadura-en-linea\\\/#breadcrumb\"},\"inLanguage\":\"es\",\"potentialAction\":[{\"@type\":\"ReadAction\",\"target\":[\"https:\\\/\\\/csunitec.com\\\/es\\\/producto\\\/raspador-de-agujas-vibro-lo-empunadura-en-linea\\\/\"]}]},{\"@type\":\"ImageObject\",\"inLanguage\":\"es\",\"@id\":\"https:\\\/\\\/csunitec.com\\\/es\\\/producto\\\/raspador-de-agujas-vibro-lo-empunadura-en-linea\\\/#primaryimage\",\"url\":\"https:\\\/\\\/csunitec.com\\\/wp-content\\\/uploads\\\/2024\\\/12\\\/VL223.jpg\",\"contentUrl\":\"https:\\\/\\\/csunitec.com\\\/wp-content\\\/uploads\\\/2024\\\/12\\\/VL223.jpg\",\"width\":1200,\"height\":1200},{\"@type\":\"BreadcrumbList\",\"@id\":\"https:\\\/\\\/csunitec.com\\\/es\\\/producto\\\/raspador-de-agujas-vibro-lo-empunadura-en-linea\\\/#breadcrumb\",\"itemListElement\":[{\"@type\":\"ListItem\",\"position\":1,\"name\":\"Inicio\",\"item\":\"https:\\\/\\\/csunitec.com\\\/es\\\/\"},{\"@type\":\"ListItem\",\"position\":2,\"name\":\"Tienda\",\"item\":\"https:\\\/\\\/csunitec.com\\\/es\\\/tienda\\\/\"},{\"@type\":\"ListItem\",\"position\":3,\"name\":\"Raspador de agujas Vibro-Lo &#8211; Empu\u00f1adura en l\u00ednea\"}]},{\"@type\":\"WebSite\",\"@id\":\"https:\\\/\\\/csunitec.com\\\/es\\\/#website\",\"url\":\"https:\\\/\\\/csunitec.com\\\/es\\\/\",\"name\":\"CS Unitec\",\"description\":\"\",\"potentialAction\":[{\"@type\":\"SearchAction\",\"target\":{\"@type\":\"EntryPoint\",\"urlTemplate\":\"https:\\\/\\\/csunitec.com\\\/es\\\/?s={search_term_string}\"},\"query-input\":{\"@type\":\"PropertyValueSpecification\",\"valueRequired\":true,\"valueName\":\"search_term_string\"}}],\"inLanguage\":\"es\"}]}<\/script>\n<!-- \/ Yoast SEO plugin. -->","yoast_head_json":{"title":"Raspador de agujas Vibro-Lo - Empu\u00f1adura en l\u00ednea - CS Unitec","description":"Las escarificadoras de agujas en l\u00ednea Vibro-Lo\u2122 ofrecen alto rendimiento y baja vibraci\u00f3n para mayor productividad y mayor comodidad del operario.","robots":{"index":"index","follow":"follow","max-snippet":"max-snippet:-1","max-image-preview":"max-image-preview:large","max-video-preview":"max-video-preview:-1"},"canonical":"https:\/\/csunitec.com\/es\/producto\/raspador-de-agujas-vibro-lo-empunadura-en-linea\/","og_locale":"es_ES","og_type":"article","og_title":"Raspador de agujas Vibro-Lo - Empu\u00f1adura en l\u00ednea - CS Unitec","og_description":"Las escarificadoras de agujas en l\u00ednea Vibro-Lo\u2122 ofrecen alto rendimiento y baja vibraci\u00f3n para mayor productividad y mayor comodidad del operario.","og_url":"https:\/\/csunitec.com\/es\/producto\/raspador-de-agujas-vibro-lo-empunadura-en-linea\/","og_site_name":"CS Unitec","og_image":[{"width":1200,"height":1200,"url":"https:\/\/csunitec.com\/wp-content\/uploads\/2024\/12\/VL223.jpg","type":"image\/jpeg"}],"twitter_card":"summary_large_image","twitter_misc":{"Tiempo de lectura":"1 minuto"},"schema":{"@context":"https:\/\/schema.org","@graph":[{"@type":"WebPage","@id":"https:\/\/csunitec.com\/es\/producto\/raspador-de-agujas-vibro-lo-empunadura-en-linea\/","url":"https:\/\/csunitec.com\/es\/producto\/raspador-de-agujas-vibro-lo-empunadura-en-linea\/","name":"Raspador de agujas Vibro-Lo - Empu\u00f1adura en l\u00ednea - CS Unitec","isPartOf":{"@id":"https:\/\/csunitec.com\/es\/#website"},"primaryImageOfPage":{"@id":"https:\/\/csunitec.com\/es\/producto\/raspador-de-agujas-vibro-lo-empunadura-en-linea\/#primaryimage"},"image":{"@id":"https:\/\/csunitec.com\/es\/producto\/raspador-de-agujas-vibro-lo-empunadura-en-linea\/#primaryimage"},"thumbnailUrl":"https:\/\/csunitec.com\/wp-content\/uploads\/2024\/12\/VL223.jpg","datePublished":"2024-12-09T01:31:00+00:00","description":"Las escarificadoras de agujas en l\u00ednea Vibro-Lo\u2122 ofrecen alto rendimiento y baja vibraci\u00f3n para mayor productividad y mayor comodidad del operario.","breadcrumb":{"@id":"https:\/\/csunitec.com\/es\/producto\/raspador-de-agujas-vibro-lo-empunadura-en-linea\/#breadcrumb"},"inLanguage":"es","potentialAction":[{"@type":"ReadAction","target":["https:\/\/csunitec.com\/es\/producto\/raspador-de-agujas-vibro-lo-empunadura-en-linea\/"]}]},{"@type":"ImageObject","inLanguage":"es","@id":"https:\/\/csunitec.com\/es\/producto\/raspador-de-agujas-vibro-lo-empunadura-en-linea\/#primaryimage","url":"https:\/\/csunitec.com\/wp-content\/uploads\/2024\/12\/VL223.jpg","contentUrl":"https:\/\/csunitec.com\/wp-content\/uploads\/2024\/12\/VL223.jpg","width":1200,"height":1200},{"@type":"BreadcrumbList","@id":"https:\/\/csunitec.com\/es\/producto\/raspador-de-agujas-vibro-lo-empunadura-en-linea\/#breadcrumb","itemListElement":[{"@type":"ListItem","position":1,"name":"Inicio","item":"https:\/\/csunitec.com\/es\/"},{"@type":"ListItem","position":2,"name":"Tienda","item":"https:\/\/csunitec.com\/es\/tienda\/"},{"@type":"ListItem","position":3,"name":"Raspador de agujas Vibro-Lo &#8211; Empu\u00f1adura en l\u00ednea"}]},{"@type":"WebSite","@id":"https:\/\/csunitec.com\/es\/#website","url":"https:\/\/csunitec.com\/es\/","name":"CS Unitec","description":"","potentialAction":[{"@type":"SearchAction","target":{"@type":"EntryPoint","urlTemplate":"https:\/\/csunitec.com\/es\/?s={search_term_string}"},"query-input":{"@type":"PropertyValueSpecification","valueRequired":true,"valueName":"search_term_string"}}],"inLanguage":"es"}]}},"_links":{"self":[{"href":"https:\/\/csunitec.com\/es\/wp-json\/wp\/v2\/product\/178350","targetHints":{"allow":["GET"]}}],"collection":[{"href":"https:\/\/csunitec.com\/es\/wp-json\/wp\/v2\/product"}],"about":[{"href":"https:\/\/csunitec.com\/es\/wp-json\/wp\/v2\/types\/product"}],"wp:featuredmedia":[{"embeddable":true,"href":"https:\/\/csunitec.com\/es\/wp-json\/wp\/v2\/media\/178353"}],"wp:attachment":[{"href":"https:\/\/csunitec.com\/es\/wp-json\/wp\/v2\/media?parent=178350"}],"wp:term":[{"taxonomy":"product_brand","embeddable":true,"href":"https:\/\/csunitec.com\/es\/wp-json\/wp\/v2\/product_brand?post=178350"},{"taxonomy":"product_cat","embeddable":true,"href":"https:\/\/csunitec.com\/es\/wp-json\/wp\/v2\/product_cat?post=178350"},{"taxonomy":"product_tag","embeddable":true,"href":"https:\/\/csunitec.com\/es\/wp-json\/wp\/v2\/product_tag?post=178350"},{"taxonomy":"accessory_type","embeddable":true,"href":"https:\/\/csunitec.com\/es\/wp-json\/wp\/v2\/accessory_type?post=178350"},{"taxonomy":"application","embeddable":true,"href":"https:\/\/csunitec.com\/es\/wp-json\/wp\/v2\/application?post=178350"},{"taxonomy":"hand_tool_type","embeddable":true,"href":"https:\/\/csunitec.com\/es\/wp-json\/wp\/v2\/hand_tool_type?post=178350"},{"taxonomy":"industry","embeddable":true,"href":"https:\/\/csunitec.com\/es\/wp-json\/wp\/v2\/industry?post=178350"},{"taxonomy":"material","embeddable":true,"href":"https:\/\/csunitec.com\/es\/wp-json\/wp\/v2\/material?post=178350"},{"taxonomy":"power_tool_type","embeddable":true,"href":"https:\/\/csunitec.com\/es\/wp-json\/wp\/v2\/power_tool_type?post=178350"},{"taxonomy":"power_type","embeddable":true,"href":"https:\/\/csunitec.com\/es\/wp-json\/wp\/v2\/power_type?post=178350"},{"taxonomy":"subcategory","embeddable":true,"href":"https:\/\/csunitec.com\/es\/wp-json\/wp\/v2\/subcategory?post=178350"},{"taxonomy":"tool_type","embeddable":true,"href":"https:\/\/csunitec.com\/es\/wp-json\/wp\/v2\/tool_type?post=178350"}],"curies":[{"name":"wp","href":"https:\/\/api.w.org\/{rel}","templated":true}]}}