{"id":178387,"date":"2024-12-08T21:29:00","date_gmt":"2024-12-08T21:29:00","guid":{"rendered":"https:\/\/stgcsunitec.wpenginepowered.com\/product\/bascula-de-largo-alcance\/"},"modified":"2024-12-08T21:29:00","modified_gmt":"2024-12-09T02:29:00","slug":"bascula-de-largo-alcance","status":"publish","type":"product","link":"https:\/\/csunitec.com\/es\/producto\/bascula-de-largo-alcance\/","title":{"rendered":"B\u00e1scula de largo alcance"},"content":{"rendered":"<ul>\n<li>Escarificador de Largo Alcance para desbastar suelos, paredes y estructuras elevadas de hormig\u00f3n; eliminar la lechada de cemento; y preparar superficies para revestimientos, recubrimientos o materiales de reparaci\u00f3n.<\/li>\n<li>Ideal para la preparaci\u00f3n de la soldadura y la limpieza posterior en grandes estructuras, tanques, cascos de barcos y estructuras de acero elevadas, donde el alcance ampliado mejora la seguridad y la eficacia.<\/li>\n<li>Elimina el \u00f3xido, las incrustaciones, la pintura, el epoxi, las incrustaciones marinas y los dep\u00f3sitos endurecidos del acero, el hormig\u00f3n y la mamposter\u00eda. Especialmente en zonas donde el acceso a corta distancia es limitado. <\/li>\n<li>Perfecto para la restauraci\u00f3n de mamposter\u00eda, eliminaci\u00f3n de mortero, limpieza de juntas de ladrillo y picado de precisi\u00f3n en paredes, techos y superficies elevadas.<\/li>\n<li>Raspador de Largo Alcance ideal para raspar por encima de la cabeza, preparar reparaciones de hormig\u00f3n y eliminar material deteriorado de zonas de dif\u00edcil acceso.<\/li>\n<li>Una sola herramienta sirve para eliminar \u00f3xido, limpiar soldaduras, texturizar hormig\u00f3n, astillar, rastrillar ladrillos y mucho m\u00e1s. Ideal para cuadrillas que necesitan la m\u00e1xima capacidad de un solo escarificador. <\/li>\n<\/ul>\n","protected":false},"excerpt":{"rendered":"<ul>\n<li>Longitudes: 2&#8242;, 4&#8242;, 5&#8242; o 6&#8242;.<\/li>\n<li>Golpes por minuto: 2200<\/li>\n<li>Nivel de ruido: Hasta 116 db(A)<\/li>\n<li>Consumo de aire: 4,5 CFM @ 90 PSI<\/li>\n<\/ul>\n","protected":false},"featured_media":178389,"template":"","meta":[],"product_brand":[],"product_cat":[1033],"product_tag":[1038,1080,1092,1192],"accessory_type":[],"application":[1174],"hand_tool_type":[],"industry":[1175],"material":[],"power_tool_type":[1056],"power_type":[972],"subcategory":[1040],"tool_type":[946],"class_list":{"0":"post-178387","1":"product","2":"type-product","3":"status-publish","4":"has-post-thumbnail","6":"product_cat-preparacion-de-superficies","7":"product_tag-preparacion-de-la-superficie-metalica","8":"product_tag-escaladores-de-cincel","9":"product_tag-raspadores-de-aguja","10":"product_tag-bascula-de-largo-alcance","11":"application-perforacion-y-voladura-de-rocas","12":"industry-mineria","13":"power_tool_type-escalador","14":"power_type-aire","15":"subcategory-escarificadores","16":"tool_type-herramienta-electrica","18":"first","19":"instock","20":"shipping-taxable","21":"purchasable","22":"product-type-variable"},"yoast_head":"<!-- This site is optimized with the Yoast SEO plugin v27.5 - https:\/\/yoast.com\/product\/yoast-seo-wordpress\/ -->\n<title>B\u00e1scula de largo alcance - CS Unitec<\/title>\n<meta name=\"description\" content=\"El rascador de largo alcance mejora la ergonom\u00eda para aplicaciones de rascado por encima de la cabeza, en el suelo y de largo alcance. Funciona con aire para un uso continuo y una larga vida \u00fatil.\" \/>\n<meta name=\"robots\" content=\"index, follow, max-snippet:-1, max-image-preview:large, max-video-preview:-1\" \/>\n<link rel=\"canonical\" href=\"https:\/\/csunitec.com\/es\/producto\/bascula-de-largo-alcance\/\" \/>\n<meta property=\"og:locale\" content=\"es_ES\" \/>\n<meta property=\"og:type\" content=\"article\" \/>\n<meta property=\"og:title\" content=\"B\u00e1scula de largo alcance - CS Unitec\" \/>\n<meta property=\"og:description\" content=\"El rascador de largo alcance mejora la ergonom\u00eda para aplicaciones de rascado por encima de la cabeza, en el suelo y de largo alcance. Funciona con aire para un uso continuo y una larga vida \u00fatil.\" \/>\n<meta property=\"og:url\" content=\"https:\/\/csunitec.com\/es\/producto\/bascula-de-largo-alcance\/\" \/>\n<meta property=\"og:site_name\" content=\"CS Unitec\" \/>\n<meta property=\"article:modified_time\" content=\"2024-12-09T02:29:00+00:00\" \/>\n<meta property=\"og:image\" content=\"https:\/\/csunitec.com\/wp-content\/uploads\/2025\/04\/Long-Reach-Needle-Chisel-Scaler-Scraper-1-2-1.png\" \/>\n\t<meta property=\"og:image:width\" content=\"1000\" \/>\n\t<meta property=\"og:image:height\" content=\"1000\" \/>\n\t<meta property=\"og:image:type\" content=\"image\/png\" \/>\n<meta name=\"twitter:card\" content=\"summary_large_image\" \/>\n<meta name=\"twitter:label1\" content=\"Tiempo de lectura\" \/>\n\t<meta name=\"twitter:data1\" content=\"1 minuto\" \/>\n<script type=\"application\/ld+json\" class=\"yoast-schema-graph\">{\"@context\":\"https:\\\/\\\/schema.org\",\"@graph\":[{\"@type\":\"WebPage\",\"@id\":\"https:\\\/\\\/csunitec.com\\\/es\\\/producto\\\/bascula-de-largo-alcance\\\/\",\"url\":\"https:\\\/\\\/csunitec.com\\\/es\\\/producto\\\/bascula-de-largo-alcance\\\/\",\"name\":\"B\u00e1scula de largo alcance - CS Unitec\",\"isPartOf\":{\"@id\":\"https:\\\/\\\/csunitec.com\\\/es\\\/#website\"},\"primaryImageOfPage\":{\"@id\":\"https:\\\/\\\/csunitec.com\\\/es\\\/producto\\\/bascula-de-largo-alcance\\\/#primaryimage\"},\"image\":{\"@id\":\"https:\\\/\\\/csunitec.com\\\/es\\\/producto\\\/bascula-de-largo-alcance\\\/#primaryimage\"},\"thumbnailUrl\":\"https:\\\/\\\/csunitec.com\\\/wp-content\\\/uploads\\\/2025\\\/04\\\/Long-Reach-Needle-Chisel-Scaler-Scraper-1-2-1.png\",\"datePublished\":\"2024-12-08T21:29:00+00:00\",\"dateModified\":\"2024-12-09T02:29:00+00:00\",\"description\":\"El rascador de largo alcance mejora la ergonom\u00eda para aplicaciones de rascado por encima de la cabeza, en el suelo y de largo alcance. Funciona con aire para un uso continuo y una larga vida \u00fatil.\",\"breadcrumb\":{\"@id\":\"https:\\\/\\\/csunitec.com\\\/es\\\/producto\\\/bascula-de-largo-alcance\\\/#breadcrumb\"},\"inLanguage\":\"es\",\"potentialAction\":[{\"@type\":\"ReadAction\",\"target\":[\"https:\\\/\\\/csunitec.com\\\/es\\\/producto\\\/bascula-de-largo-alcance\\\/\"]}]},{\"@type\":\"ImageObject\",\"inLanguage\":\"es\",\"@id\":\"https:\\\/\\\/csunitec.com\\\/es\\\/producto\\\/bascula-de-largo-alcance\\\/#primaryimage\",\"url\":\"https:\\\/\\\/csunitec.com\\\/wp-content\\\/uploads\\\/2025\\\/04\\\/Long-Reach-Needle-Chisel-Scaler-Scraper-1-2-1.png\",\"contentUrl\":\"https:\\\/\\\/csunitec.com\\\/wp-content\\\/uploads\\\/2025\\\/04\\\/Long-Reach-Needle-Chisel-Scaler-Scraper-1-2-1.png\",\"width\":1000,\"height\":1000},{\"@type\":\"BreadcrumbList\",\"@id\":\"https:\\\/\\\/csunitec.com\\\/es\\\/producto\\\/bascula-de-largo-alcance\\\/#breadcrumb\",\"itemListElement\":[{\"@type\":\"ListItem\",\"position\":1,\"name\":\"Inicio\",\"item\":\"https:\\\/\\\/csunitec.com\\\/es\\\/\"},{\"@type\":\"ListItem\",\"position\":2,\"name\":\"Tienda\",\"item\":\"https:\\\/\\\/csunitec.com\\\/es\\\/tienda\\\/\"},{\"@type\":\"ListItem\",\"position\":3,\"name\":\"B\u00e1scula de largo alcance\"}]},{\"@type\":\"WebSite\",\"@id\":\"https:\\\/\\\/csunitec.com\\\/es\\\/#website\",\"url\":\"https:\\\/\\\/csunitec.com\\\/es\\\/\",\"name\":\"CS Unitec\",\"description\":\"\",\"potentialAction\":[{\"@type\":\"SearchAction\",\"target\":{\"@type\":\"EntryPoint\",\"urlTemplate\":\"https:\\\/\\\/csunitec.com\\\/es\\\/?s={search_term_string}\"},\"query-input\":{\"@type\":\"PropertyValueSpecification\",\"valueRequired\":true,\"valueName\":\"search_term_string\"}}],\"inLanguage\":\"es\"}]}<\/script>\n<!-- \/ Yoast SEO plugin. -->","yoast_head_json":{"title":"B\u00e1scula de largo alcance - CS Unitec","description":"El rascador de largo alcance mejora la ergonom\u00eda para aplicaciones de rascado por encima de la cabeza, en el suelo y de largo alcance. Funciona con aire para un uso continuo y una larga vida \u00fatil.","robots":{"index":"index","follow":"follow","max-snippet":"max-snippet:-1","max-image-preview":"max-image-preview:large","max-video-preview":"max-video-preview:-1"},"canonical":"https:\/\/csunitec.com\/es\/producto\/bascula-de-largo-alcance\/","og_locale":"es_ES","og_type":"article","og_title":"B\u00e1scula de largo alcance - CS Unitec","og_description":"El rascador de largo alcance mejora la ergonom\u00eda para aplicaciones de rascado por encima de la cabeza, en el suelo y de largo alcance. Funciona con aire para un uso continuo y una larga vida \u00fatil.","og_url":"https:\/\/csunitec.com\/es\/producto\/bascula-de-largo-alcance\/","og_site_name":"CS Unitec","article_modified_time":"2024-12-09T02:29:00+00:00","og_image":[{"width":1000,"height":1000,"url":"https:\/\/csunitec.com\/wp-content\/uploads\/2025\/04\/Long-Reach-Needle-Chisel-Scaler-Scraper-1-2-1.png","type":"image\/png"}],"twitter_card":"summary_large_image","twitter_misc":{"Tiempo de lectura":"1 minuto"},"schema":{"@context":"https:\/\/schema.org","@graph":[{"@type":"WebPage","@id":"https:\/\/csunitec.com\/es\/producto\/bascula-de-largo-alcance\/","url":"https:\/\/csunitec.com\/es\/producto\/bascula-de-largo-alcance\/","name":"B\u00e1scula de largo alcance - CS Unitec","isPartOf":{"@id":"https:\/\/csunitec.com\/es\/#website"},"primaryImageOfPage":{"@id":"https:\/\/csunitec.com\/es\/producto\/bascula-de-largo-alcance\/#primaryimage"},"image":{"@id":"https:\/\/csunitec.com\/es\/producto\/bascula-de-largo-alcance\/#primaryimage"},"thumbnailUrl":"https:\/\/csunitec.com\/wp-content\/uploads\/2025\/04\/Long-Reach-Needle-Chisel-Scaler-Scraper-1-2-1.png","datePublished":"2024-12-08T21:29:00+00:00","dateModified":"2024-12-09T02:29:00+00:00","description":"El rascador de largo alcance mejora la ergonom\u00eda para aplicaciones de rascado por encima de la cabeza, en el suelo y de largo alcance. Funciona con aire para un uso continuo y una larga vida \u00fatil.","breadcrumb":{"@id":"https:\/\/csunitec.com\/es\/producto\/bascula-de-largo-alcance\/#breadcrumb"},"inLanguage":"es","potentialAction":[{"@type":"ReadAction","target":["https:\/\/csunitec.com\/es\/producto\/bascula-de-largo-alcance\/"]}]},{"@type":"ImageObject","inLanguage":"es","@id":"https:\/\/csunitec.com\/es\/producto\/bascula-de-largo-alcance\/#primaryimage","url":"https:\/\/csunitec.com\/wp-content\/uploads\/2025\/04\/Long-Reach-Needle-Chisel-Scaler-Scraper-1-2-1.png","contentUrl":"https:\/\/csunitec.com\/wp-content\/uploads\/2025\/04\/Long-Reach-Needle-Chisel-Scaler-Scraper-1-2-1.png","width":1000,"height":1000},{"@type":"BreadcrumbList","@id":"https:\/\/csunitec.com\/es\/producto\/bascula-de-largo-alcance\/#breadcrumb","itemListElement":[{"@type":"ListItem","position":1,"name":"Inicio","item":"https:\/\/csunitec.com\/es\/"},{"@type":"ListItem","position":2,"name":"Tienda","item":"https:\/\/csunitec.com\/es\/tienda\/"},{"@type":"ListItem","position":3,"name":"B\u00e1scula de largo alcance"}]},{"@type":"WebSite","@id":"https:\/\/csunitec.com\/es\/#website","url":"https:\/\/csunitec.com\/es\/","name":"CS Unitec","description":"","potentialAction":[{"@type":"SearchAction","target":{"@type":"EntryPoint","urlTemplate":"https:\/\/csunitec.com\/es\/?s={search_term_string}"},"query-input":{"@type":"PropertyValueSpecification","valueRequired":true,"valueName":"search_term_string"}}],"inLanguage":"es"}]}},"_links":{"self":[{"href":"https:\/\/csunitec.com\/es\/wp-json\/wp\/v2\/product\/178387","targetHints":{"allow":["GET"]}}],"collection":[{"href":"https:\/\/csunitec.com\/es\/wp-json\/wp\/v2\/product"}],"about":[{"href":"https:\/\/csunitec.com\/es\/wp-json\/wp\/v2\/types\/product"}],"wp:featuredmedia":[{"embeddable":true,"href":"https:\/\/csunitec.com\/es\/wp-json\/wp\/v2\/media\/178389"}],"wp:attachment":[{"href":"https:\/\/csunitec.com\/es\/wp-json\/wp\/v2\/media?parent=178387"}],"wp:term":[{"taxonomy":"product_brand","embeddable":true,"href":"https:\/\/csunitec.com\/es\/wp-json\/wp\/v2\/product_brand?post=178387"},{"taxonomy":"product_cat","embeddable":true,"href":"https:\/\/csunitec.com\/es\/wp-json\/wp\/v2\/product_cat?post=178387"},{"taxonomy":"product_tag","embeddable":true,"href":"https:\/\/csunitec.com\/es\/wp-json\/wp\/v2\/product_tag?post=178387"},{"taxonomy":"accessory_type","embeddable":true,"href":"https:\/\/csunitec.com\/es\/wp-json\/wp\/v2\/accessory_type?post=178387"},{"taxonomy":"application","embeddable":true,"href":"https:\/\/csunitec.com\/es\/wp-json\/wp\/v2\/application?post=178387"},{"taxonomy":"hand_tool_type","embeddable":true,"href":"https:\/\/csunitec.com\/es\/wp-json\/wp\/v2\/hand_tool_type?post=178387"},{"taxonomy":"industry","embeddable":true,"href":"https:\/\/csunitec.com\/es\/wp-json\/wp\/v2\/industry?post=178387"},{"taxonomy":"material","embeddable":true,"href":"https:\/\/csunitec.com\/es\/wp-json\/wp\/v2\/material?post=178387"},{"taxonomy":"power_tool_type","embeddable":true,"href":"https:\/\/csunitec.com\/es\/wp-json\/wp\/v2\/power_tool_type?post=178387"},{"taxonomy":"power_type","embeddable":true,"href":"https:\/\/csunitec.com\/es\/wp-json\/wp\/v2\/power_type?post=178387"},{"taxonomy":"subcategory","embeddable":true,"href":"https:\/\/csunitec.com\/es\/wp-json\/wp\/v2\/subcategory?post=178387"},{"taxonomy":"tool_type","embeddable":true,"href":"https:\/\/csunitec.com\/es\/wp-json\/wp\/v2\/tool_type?post=178387"}],"curies":[{"name":"wp","href":"https:\/\/api.w.org\/{rel}","templated":true}]}}