{"id":178388,"date":"2024-12-08T23:20:00","date_gmt":"2024-12-09T04:20:00","guid":{"rendered":"https:\/\/stgcsunitec.wpenginepowered.com\/product\/vibro-lo-escalador-de-cincel-empunadura-en-linea\/"},"modified":"2024-12-08T23:20:00","modified_gmt":"2024-12-09T04:20:00","slug":"vibro-lo-escalador-de-cincel-empunadura-en-linea","status":"publish","type":"product","link":"https:\/\/csunitec.com\/es\/producto\/vibro-lo-escalador-de-cincel-empunadura-en-linea\/","title":{"rendered":"Vibro-Lo Escalador de cincel &#8211; Empu\u00f1adura en l\u00ednea"},"content":{"rendered":"<ul>\n<li>Vibro-Lo\u2122 Escariador de Cincel en L\u00ednea para la preparaci\u00f3n de superficies de hormig\u00f3n, eliminando la lechada, desbastando el hormig\u00f3n y preparando suelos, paredes y superficies estructurales para revestimientos, recubrimientos o materiales de reparaci\u00f3n.<\/li>\n<li>\u00datil para limpiar y aliviar tensiones en cordones de soldadura y juntas, eliminando escoria, salpicaduras, oxidaci\u00f3n y aliviando concentraciones de tensi\u00f3n en acero estructural, cascos de barcos, tanques y componentes fabricados.<\/li>\n<li>Elimina eficazmente el \u00f3xido, la cascarilla, la pintura, el epoxi, el crecimiento marino y los dep\u00f3sitos endurecidos del acero, el hormig\u00f3n y la mamposter\u00eda.<\/li>\n<li>Ideal para restauraci\u00f3n de mamposter\u00eda, eliminaci\u00f3n de mortero, limpieza de juntas de ladrillos y picado de precisi\u00f3n en trabajos de construcci\u00f3n y renovaci\u00f3n.<\/li>\n<\/ul>\n","protected":false},"excerpt":{"rendered":"<ul>\n<li>Tecnolog\u00eda patentada de baja vibraci\u00f3n<\/li>\n<li>Golpes por minuto: 2400<\/li>\n<li>Niveles de vibraci\u00f3n: 3,69 m\/s2<\/li>\n<li>Nivel de ruido: 76,3 db(A)<\/li>\n<li>Consumo de aire: 4 CFM @ 90 PSI<\/li>\n<\/ul>\n","protected":false},"featured_media":168037,"template":"","meta":[],"product_brand":[],"product_cat":[1033],"product_tag":[1080,1081,1038,1039],"accessory_type":[],"application":[1035],"hand_tool_type":[],"industry":[933],"material":[],"power_tool_type":[1056],"power_type":[972],"subcategory":[1040],"tool_type":[946],"class_list":{"0":"post-178388","1":"product","2":"type-product","3":"status-publish","4":"has-post-thumbnail","6":"product_cat-preparacion-de-superficies","7":"product_tag-escaladores-de-cincel","8":"product_tag-escaladores-de-cincel-en-linea","9":"product_tag-preparacion-de-la-superficie-metalica","10":"product_tag-vibro-lo","11":"application-acabado-y-preparacion-de-superficies","12":"industry-metalurgia-2","13":"power_tool_type-escalador","14":"power_type-aire","15":"subcategory-escarificadores","16":"tool_type-herramienta-electrica","18":"first","19":"instock","20":"shipping-taxable","21":"purchasable","22":"product-type-simple"},"yoast_head":"<!-- This site is optimized with the Yoast SEO plugin v27.5 - https:\/\/yoast.com\/product\/yoast-seo-wordpress\/ -->\n<title>Vibro-Lo Escalador de cincel - Empu\u00f1adura en l\u00ednea - CS Unitec<\/title>\n<meta name=\"description\" content=\"Las escarificadoras de cincel en l\u00ednea Vibro-Lo\u2122 ofrecen alto rendimiento y baja vibraci\u00f3n para mayor productividad y mayor comodidad del operario. Elimina revestimientos y corrosi\u00f3n.\" \/>\n<meta name=\"robots\" content=\"index, follow, max-snippet:-1, max-image-preview:large, max-video-preview:-1\" \/>\n<link rel=\"canonical\" href=\"https:\/\/csunitec.com\/es\/producto\/vibro-lo-escalador-de-cincel-empunadura-en-linea\/\" \/>\n<meta property=\"og:locale\" content=\"es_ES\" \/>\n<meta property=\"og:type\" content=\"article\" \/>\n<meta property=\"og:title\" content=\"Vibro-Lo Escalador de cincel - Empu\u00f1adura en l\u00ednea - CS Unitec\" \/>\n<meta property=\"og:description\" content=\"Las escarificadoras de cincel en l\u00ednea Vibro-Lo\u2122 ofrecen alto rendimiento y baja vibraci\u00f3n para mayor productividad y mayor comodidad del operario. Elimina revestimientos y corrosi\u00f3n.\" \/>\n<meta property=\"og:url\" content=\"https:\/\/csunitec.com\/es\/producto\/vibro-lo-escalador-de-cincel-empunadura-en-linea\/\" \/>\n<meta property=\"og:site_name\" content=\"CS Unitec\" \/>\n<meta property=\"og:image\" content=\"https:\/\/csunitec.com\/wp-content\/uploads\/2025\/04\/Inline-Chisel-Scaler-2-2-1.png\" \/>\n\t<meta property=\"og:image:width\" content=\"1000\" \/>\n\t<meta property=\"og:image:height\" content=\"1000\" \/>\n\t<meta property=\"og:image:type\" content=\"image\/png\" \/>\n<meta name=\"twitter:card\" content=\"summary_large_image\" \/>\n<meta name=\"twitter:label1\" content=\"Tiempo de lectura\" \/>\n\t<meta name=\"twitter:data1\" content=\"1 minuto\" \/>\n<script type=\"application\/ld+json\" class=\"yoast-schema-graph\">{\"@context\":\"https:\\\/\\\/schema.org\",\"@graph\":[{\"@type\":\"WebPage\",\"@id\":\"https:\\\/\\\/csunitec.com\\\/es\\\/producto\\\/vibro-lo-escalador-de-cincel-empunadura-en-linea\\\/\",\"url\":\"https:\\\/\\\/csunitec.com\\\/es\\\/producto\\\/vibro-lo-escalador-de-cincel-empunadura-en-linea\\\/\",\"name\":\"Vibro-Lo Escalador de cincel - Empu\u00f1adura en l\u00ednea - CS Unitec\",\"isPartOf\":{\"@id\":\"https:\\\/\\\/csunitec.com\\\/es\\\/#website\"},\"primaryImageOfPage\":{\"@id\":\"https:\\\/\\\/csunitec.com\\\/es\\\/producto\\\/vibro-lo-escalador-de-cincel-empunadura-en-linea\\\/#primaryimage\"},\"image\":{\"@id\":\"https:\\\/\\\/csunitec.com\\\/es\\\/producto\\\/vibro-lo-escalador-de-cincel-empunadura-en-linea\\\/#primaryimage\"},\"thumbnailUrl\":\"https:\\\/\\\/csunitec.com\\\/wp-content\\\/uploads\\\/2025\\\/04\\\/Inline-Chisel-Scaler-2-2-1.png\",\"datePublished\":\"2024-12-09T04:20:00+00:00\",\"description\":\"Las escarificadoras de cincel en l\u00ednea Vibro-Lo\u2122 ofrecen alto rendimiento y baja vibraci\u00f3n para mayor productividad y mayor comodidad del operario. Elimina revestimientos y corrosi\u00f3n.\",\"breadcrumb\":{\"@id\":\"https:\\\/\\\/csunitec.com\\\/es\\\/producto\\\/vibro-lo-escalador-de-cincel-empunadura-en-linea\\\/#breadcrumb\"},\"inLanguage\":\"es\",\"potentialAction\":[{\"@type\":\"ReadAction\",\"target\":[\"https:\\\/\\\/csunitec.com\\\/es\\\/producto\\\/vibro-lo-escalador-de-cincel-empunadura-en-linea\\\/\"]}]},{\"@type\":\"ImageObject\",\"inLanguage\":\"es\",\"@id\":\"https:\\\/\\\/csunitec.com\\\/es\\\/producto\\\/vibro-lo-escalador-de-cincel-empunadura-en-linea\\\/#primaryimage\",\"url\":\"https:\\\/\\\/csunitec.com\\\/wp-content\\\/uploads\\\/2025\\\/04\\\/Inline-Chisel-Scaler-2-2-1.png\",\"contentUrl\":\"https:\\\/\\\/csunitec.com\\\/wp-content\\\/uploads\\\/2025\\\/04\\\/Inline-Chisel-Scaler-2-2-1.png\",\"width\":1000,\"height\":1000},{\"@type\":\"BreadcrumbList\",\"@id\":\"https:\\\/\\\/csunitec.com\\\/es\\\/producto\\\/vibro-lo-escalador-de-cincel-empunadura-en-linea\\\/#breadcrumb\",\"itemListElement\":[{\"@type\":\"ListItem\",\"position\":1,\"name\":\"Inicio\",\"item\":\"https:\\\/\\\/csunitec.com\\\/es\\\/\"},{\"@type\":\"ListItem\",\"position\":2,\"name\":\"Tienda\",\"item\":\"https:\\\/\\\/csunitec.com\\\/es\\\/tienda\\\/\"},{\"@type\":\"ListItem\",\"position\":3,\"name\":\"Vibro-Lo Escalador de cincel &#8211; Empu\u00f1adura en l\u00ednea\"}]},{\"@type\":\"WebSite\",\"@id\":\"https:\\\/\\\/csunitec.com\\\/es\\\/#website\",\"url\":\"https:\\\/\\\/csunitec.com\\\/es\\\/\",\"name\":\"CS Unitec\",\"description\":\"\",\"potentialAction\":[{\"@type\":\"SearchAction\",\"target\":{\"@type\":\"EntryPoint\",\"urlTemplate\":\"https:\\\/\\\/csunitec.com\\\/es\\\/?s={search_term_string}\"},\"query-input\":{\"@type\":\"PropertyValueSpecification\",\"valueRequired\":true,\"valueName\":\"search_term_string\"}}],\"inLanguage\":\"es\"}]}<\/script>\n<!-- \/ Yoast SEO plugin. -->","yoast_head_json":{"title":"Vibro-Lo Escalador de cincel - Empu\u00f1adura en l\u00ednea - CS Unitec","description":"Las escarificadoras de cincel en l\u00ednea Vibro-Lo\u2122 ofrecen alto rendimiento y baja vibraci\u00f3n para mayor productividad y mayor comodidad del operario. Elimina revestimientos y corrosi\u00f3n.","robots":{"index":"index","follow":"follow","max-snippet":"max-snippet:-1","max-image-preview":"max-image-preview:large","max-video-preview":"max-video-preview:-1"},"canonical":"https:\/\/csunitec.com\/es\/producto\/vibro-lo-escalador-de-cincel-empunadura-en-linea\/","og_locale":"es_ES","og_type":"article","og_title":"Vibro-Lo Escalador de cincel - Empu\u00f1adura en l\u00ednea - CS Unitec","og_description":"Las escarificadoras de cincel en l\u00ednea Vibro-Lo\u2122 ofrecen alto rendimiento y baja vibraci\u00f3n para mayor productividad y mayor comodidad del operario. Elimina revestimientos y corrosi\u00f3n.","og_url":"https:\/\/csunitec.com\/es\/producto\/vibro-lo-escalador-de-cincel-empunadura-en-linea\/","og_site_name":"CS Unitec","og_image":[{"width":1000,"height":1000,"url":"https:\/\/csunitec.com\/wp-content\/uploads\/2025\/04\/Inline-Chisel-Scaler-2-2-1.png","type":"image\/png"}],"twitter_card":"summary_large_image","twitter_misc":{"Tiempo de lectura":"1 minuto"},"schema":{"@context":"https:\/\/schema.org","@graph":[{"@type":"WebPage","@id":"https:\/\/csunitec.com\/es\/producto\/vibro-lo-escalador-de-cincel-empunadura-en-linea\/","url":"https:\/\/csunitec.com\/es\/producto\/vibro-lo-escalador-de-cincel-empunadura-en-linea\/","name":"Vibro-Lo Escalador de cincel - Empu\u00f1adura en l\u00ednea - CS Unitec","isPartOf":{"@id":"https:\/\/csunitec.com\/es\/#website"},"primaryImageOfPage":{"@id":"https:\/\/csunitec.com\/es\/producto\/vibro-lo-escalador-de-cincel-empunadura-en-linea\/#primaryimage"},"image":{"@id":"https:\/\/csunitec.com\/es\/producto\/vibro-lo-escalador-de-cincel-empunadura-en-linea\/#primaryimage"},"thumbnailUrl":"https:\/\/csunitec.com\/wp-content\/uploads\/2025\/04\/Inline-Chisel-Scaler-2-2-1.png","datePublished":"2024-12-09T04:20:00+00:00","description":"Las escarificadoras de cincel en l\u00ednea Vibro-Lo\u2122 ofrecen alto rendimiento y baja vibraci\u00f3n para mayor productividad y mayor comodidad del operario. Elimina revestimientos y corrosi\u00f3n.","breadcrumb":{"@id":"https:\/\/csunitec.com\/es\/producto\/vibro-lo-escalador-de-cincel-empunadura-en-linea\/#breadcrumb"},"inLanguage":"es","potentialAction":[{"@type":"ReadAction","target":["https:\/\/csunitec.com\/es\/producto\/vibro-lo-escalador-de-cincel-empunadura-en-linea\/"]}]},{"@type":"ImageObject","inLanguage":"es","@id":"https:\/\/csunitec.com\/es\/producto\/vibro-lo-escalador-de-cincel-empunadura-en-linea\/#primaryimage","url":"https:\/\/csunitec.com\/wp-content\/uploads\/2025\/04\/Inline-Chisel-Scaler-2-2-1.png","contentUrl":"https:\/\/csunitec.com\/wp-content\/uploads\/2025\/04\/Inline-Chisel-Scaler-2-2-1.png","width":1000,"height":1000},{"@type":"BreadcrumbList","@id":"https:\/\/csunitec.com\/es\/producto\/vibro-lo-escalador-de-cincel-empunadura-en-linea\/#breadcrumb","itemListElement":[{"@type":"ListItem","position":1,"name":"Inicio","item":"https:\/\/csunitec.com\/es\/"},{"@type":"ListItem","position":2,"name":"Tienda","item":"https:\/\/csunitec.com\/es\/tienda\/"},{"@type":"ListItem","position":3,"name":"Vibro-Lo Escalador de cincel &#8211; Empu\u00f1adura en l\u00ednea"}]},{"@type":"WebSite","@id":"https:\/\/csunitec.com\/es\/#website","url":"https:\/\/csunitec.com\/es\/","name":"CS Unitec","description":"","potentialAction":[{"@type":"SearchAction","target":{"@type":"EntryPoint","urlTemplate":"https:\/\/csunitec.com\/es\/?s={search_term_string}"},"query-input":{"@type":"PropertyValueSpecification","valueRequired":true,"valueName":"search_term_string"}}],"inLanguage":"es"}]}},"_links":{"self":[{"href":"https:\/\/csunitec.com\/es\/wp-json\/wp\/v2\/product\/178388","targetHints":{"allow":["GET"]}}],"collection":[{"href":"https:\/\/csunitec.com\/es\/wp-json\/wp\/v2\/product"}],"about":[{"href":"https:\/\/csunitec.com\/es\/wp-json\/wp\/v2\/types\/product"}],"wp:featuredmedia":[{"embeddable":true,"href":"https:\/\/csunitec.com\/es\/wp-json\/wp\/v2\/media\/168037"}],"wp:attachment":[{"href":"https:\/\/csunitec.com\/es\/wp-json\/wp\/v2\/media?parent=178388"}],"wp:term":[{"taxonomy":"product_brand","embeddable":true,"href":"https:\/\/csunitec.com\/es\/wp-json\/wp\/v2\/product_brand?post=178388"},{"taxonomy":"product_cat","embeddable":true,"href":"https:\/\/csunitec.com\/es\/wp-json\/wp\/v2\/product_cat?post=178388"},{"taxonomy":"product_tag","embeddable":true,"href":"https:\/\/csunitec.com\/es\/wp-json\/wp\/v2\/product_tag?post=178388"},{"taxonomy":"accessory_type","embeddable":true,"href":"https:\/\/csunitec.com\/es\/wp-json\/wp\/v2\/accessory_type?post=178388"},{"taxonomy":"application","embeddable":true,"href":"https:\/\/csunitec.com\/es\/wp-json\/wp\/v2\/application?post=178388"},{"taxonomy":"hand_tool_type","embeddable":true,"href":"https:\/\/csunitec.com\/es\/wp-json\/wp\/v2\/hand_tool_type?post=178388"},{"taxonomy":"industry","embeddable":true,"href":"https:\/\/csunitec.com\/es\/wp-json\/wp\/v2\/industry?post=178388"},{"taxonomy":"material","embeddable":true,"href":"https:\/\/csunitec.com\/es\/wp-json\/wp\/v2\/material?post=178388"},{"taxonomy":"power_tool_type","embeddable":true,"href":"https:\/\/csunitec.com\/es\/wp-json\/wp\/v2\/power_tool_type?post=178388"},{"taxonomy":"power_type","embeddable":true,"href":"https:\/\/csunitec.com\/es\/wp-json\/wp\/v2\/power_type?post=178388"},{"taxonomy":"subcategory","embeddable":true,"href":"https:\/\/csunitec.com\/es\/wp-json\/wp\/v2\/subcategory?post=178388"},{"taxonomy":"tool_type","embeddable":true,"href":"https:\/\/csunitec.com\/es\/wp-json\/wp\/v2\/tool_type?post=178388"}],"curies":[{"name":"wp","href":"https:\/\/api.w.org\/{rel}","templated":true}]}}