{"id":178426,"date":"2024-12-08T22:38:00","date_gmt":"2024-12-08T22:38:00","guid":{"rendered":"https:\/\/stgcsunitec.wpenginepowered.com\/product\/cubierta-de-vacio-tvs-para-basculas-de-aguja-2b-2bpg-y-3bpg\/"},"modified":"2024-12-08T22:38:00","modified_gmt":"2024-12-09T03:38:00","slug":"cubierta-de-vacio-tvs-para-basculas-de-aguja-2b-2bpg-y-3bpg","status":"publish","type":"product","link":"https:\/\/csunitec.com\/es\/producto\/cubierta-de-vacio-tvs-para-basculas-de-aguja-2b-2bpg-y-3bpg\/","title":{"rendered":"Cubierta de vac\u00edo TVS para b\u00e1sculas de aguja 2B\/2BPG y 3BPG"},"content":{"rendered":"<ul>\n<li>La cubierta de vac\u00edo TVS para escarificadores de aguja 2B\/2BPG y 3BPG est\u00e1 dise\u00f1ada para capturar el polvo y los residuos directamente en el punto de impacto.<\/li>\n<li>Mantiene al m\u00ednimo las part\u00edculas suspendidas en el aire durante la descamaci\u00f3n, la eliminaci\u00f3n de \u00f3xido, la eliminaci\u00f3n de lechada y la eliminaci\u00f3n de revestimientos.<\/li>\n<li>Perfecto para s\u00f3tanos, tanques, interiores de barcos, plantas industriales y cualquier entorno en el que la contenci\u00f3n del polvo sea esencial.<\/li>\n<li>Ayuda a reducir la exposici\u00f3n a part\u00edculas nocivas cuando se trabaja con pintura con plomo, hormig\u00f3n que produce s\u00edlice, corrosi\u00f3n o superficies contaminadas.<\/li>\n<li>Ideal cuando se necesita una zona de trabajo m\u00e1s limpia para realizar tareas de revestimiento, reparaci\u00f3n o inspecci\u00f3n.<\/li>\n<\/ul>\n","protected":false},"excerpt":{"rendered":"<ul>\n<li>Mejora el rendimiento, la seguridad y la limpieza<\/li>\n<li>Cubierta de vac\u00edo para escarificadores de aguja 2B\/2BPG<\/li>\n<li>Cubierta de vac\u00edo para escarificadores de aguja 3BPG<\/li>\n<\/ul>\n","protected":false},"featured_media":167950,"template":"","meta":[],"product_brand":[],"product_cat":[1033],"product_tag":[1191],"accessory_type":[927],"application":[1035],"hand_tool_type":[],"industry":[933],"material":[],"power_tool_type":[],"power_type":[],"subcategory":[1040],"tool_type":[943],"class_list":{"0":"post-178426","1":"product","2":"type-product","3":"status-publish","4":"has-post-thumbnail","6":"product_cat-preparacion-de-superficies","7":"product_tag-accesorios-del-raspador-de-agujas","8":"accessory_type-accesorio","9":"application-acabado-y-preparacion-de-superficies","10":"industry-metalurgia-2","11":"subcategory-escarificadores","12":"tool_type-accesorio","14":"first","15":"instock","16":"shipping-taxable","17":"purchasable","18":"product-type-variable"},"yoast_head":"<!-- This site is optimized with the Yoast SEO plugin v27.5 - https:\/\/yoast.com\/product\/yoast-seo-wordpress\/ -->\n<title>Cubierta de vac\u00edo TVS para b\u00e1sculas de aguja 2B\/2BPG y 3BPG - CS Unitec<\/title>\n<meta name=\"description\" content=\"La cubierta de vac\u00edo TVS para escarificadores de aguja 2B\/2BPG y 3BPG est\u00e1 dise\u00f1ada para capturar el polvo y los residuos directamente en el punto de impacto.\" \/>\n<meta name=\"robots\" content=\"index, follow, max-snippet:-1, max-image-preview:large, max-video-preview:-1\" \/>\n<link rel=\"canonical\" href=\"https:\/\/csunitec.com\/es\/producto\/cubierta-de-vacio-tvs-para-basculas-de-aguja-2b-2bpg-y-3bpg\/\" \/>\n<meta property=\"og:locale\" content=\"es_ES\" \/>\n<meta property=\"og:type\" content=\"article\" \/>\n<meta property=\"og:title\" content=\"Cubierta de vac\u00edo TVS para b\u00e1sculas de aguja 2B\/2BPG y 3BPG - CS Unitec\" \/>\n<meta property=\"og:description\" content=\"La cubierta de vac\u00edo TVS para escarificadores de aguja 2B\/2BPG y 3BPG est\u00e1 dise\u00f1ada para capturar el polvo y los residuos directamente en el punto de impacto.\" \/>\n<meta property=\"og:url\" content=\"https:\/\/csunitec.com\/es\/producto\/cubierta-de-vacio-tvs-para-basculas-de-aguja-2b-2bpg-y-3bpg\/\" \/>\n<meta property=\"og:site_name\" content=\"CS Unitec\" \/>\n<meta property=\"article:modified_time\" content=\"2024-12-09T03:38:00+00:00\" \/>\n<meta property=\"og:image\" content=\"https:\/\/csunitec.com\/wp-content\/uploads\/2025\/04\/Vacuum-Shroud-Attachment-1-2-1.png\" \/>\n\t<meta property=\"og:image:width\" content=\"1000\" \/>\n\t<meta property=\"og:image:height\" content=\"1000\" \/>\n\t<meta property=\"og:image:type\" content=\"image\/png\" \/>\n<meta name=\"twitter:card\" content=\"summary_large_image\" \/>\n<meta name=\"twitter:label1\" content=\"Tiempo de lectura\" \/>\n\t<meta name=\"twitter:data1\" content=\"1 minuto\" \/>\n<script type=\"application\/ld+json\" class=\"yoast-schema-graph\">{\"@context\":\"https:\\\/\\\/schema.org\",\"@graph\":[{\"@type\":\"WebPage\",\"@id\":\"https:\\\/\\\/csunitec.com\\\/es\\\/producto\\\/cubierta-de-vacio-tvs-para-basculas-de-aguja-2b-2bpg-y-3bpg\\\/\",\"url\":\"https:\\\/\\\/csunitec.com\\\/es\\\/producto\\\/cubierta-de-vacio-tvs-para-basculas-de-aguja-2b-2bpg-y-3bpg\\\/\",\"name\":\"Cubierta de vac\u00edo TVS para b\u00e1sculas de aguja 2B\\\/2BPG y 3BPG - CS Unitec\",\"isPartOf\":{\"@id\":\"https:\\\/\\\/csunitec.com\\\/es\\\/#website\"},\"primaryImageOfPage\":{\"@id\":\"https:\\\/\\\/csunitec.com\\\/es\\\/producto\\\/cubierta-de-vacio-tvs-para-basculas-de-aguja-2b-2bpg-y-3bpg\\\/#primaryimage\"},\"image\":{\"@id\":\"https:\\\/\\\/csunitec.com\\\/es\\\/producto\\\/cubierta-de-vacio-tvs-para-basculas-de-aguja-2b-2bpg-y-3bpg\\\/#primaryimage\"},\"thumbnailUrl\":\"https:\\\/\\\/csunitec.com\\\/wp-content\\\/uploads\\\/2025\\\/04\\\/Vacuum-Shroud-Attachment-1-2-1.png\",\"datePublished\":\"2024-12-08T22:38:00+00:00\",\"dateModified\":\"2024-12-09T03:38:00+00:00\",\"description\":\"La cubierta de vac\u00edo TVS para escarificadores de aguja 2B\\\/2BPG y 3BPG est\u00e1 dise\u00f1ada para capturar el polvo y los residuos directamente en el punto de impacto.\",\"breadcrumb\":{\"@id\":\"https:\\\/\\\/csunitec.com\\\/es\\\/producto\\\/cubierta-de-vacio-tvs-para-basculas-de-aguja-2b-2bpg-y-3bpg\\\/#breadcrumb\"},\"inLanguage\":\"es\",\"potentialAction\":[{\"@type\":\"ReadAction\",\"target\":[\"https:\\\/\\\/csunitec.com\\\/es\\\/producto\\\/cubierta-de-vacio-tvs-para-basculas-de-aguja-2b-2bpg-y-3bpg\\\/\"]}]},{\"@type\":\"ImageObject\",\"inLanguage\":\"es\",\"@id\":\"https:\\\/\\\/csunitec.com\\\/es\\\/producto\\\/cubierta-de-vacio-tvs-para-basculas-de-aguja-2b-2bpg-y-3bpg\\\/#primaryimage\",\"url\":\"https:\\\/\\\/csunitec.com\\\/wp-content\\\/uploads\\\/2025\\\/04\\\/Vacuum-Shroud-Attachment-1-2-1.png\",\"contentUrl\":\"https:\\\/\\\/csunitec.com\\\/wp-content\\\/uploads\\\/2025\\\/04\\\/Vacuum-Shroud-Attachment-1-2-1.png\",\"width\":1000,\"height\":1000},{\"@type\":\"BreadcrumbList\",\"@id\":\"https:\\\/\\\/csunitec.com\\\/es\\\/producto\\\/cubierta-de-vacio-tvs-para-basculas-de-aguja-2b-2bpg-y-3bpg\\\/#breadcrumb\",\"itemListElement\":[{\"@type\":\"ListItem\",\"position\":1,\"name\":\"Inicio\",\"item\":\"https:\\\/\\\/csunitec.com\\\/es\\\/\"},{\"@type\":\"ListItem\",\"position\":2,\"name\":\"Tienda\",\"item\":\"https:\\\/\\\/csunitec.com\\\/es\\\/tienda\\\/\"},{\"@type\":\"ListItem\",\"position\":3,\"name\":\"Cubierta de vac\u00edo TVS para b\u00e1sculas de aguja 2B\\\/2BPG y 3BPG\"}]},{\"@type\":\"WebSite\",\"@id\":\"https:\\\/\\\/csunitec.com\\\/es\\\/#website\",\"url\":\"https:\\\/\\\/csunitec.com\\\/es\\\/\",\"name\":\"CS Unitec\",\"description\":\"\",\"potentialAction\":[{\"@type\":\"SearchAction\",\"target\":{\"@type\":\"EntryPoint\",\"urlTemplate\":\"https:\\\/\\\/csunitec.com\\\/es\\\/?s={search_term_string}\"},\"query-input\":{\"@type\":\"PropertyValueSpecification\",\"valueRequired\":true,\"valueName\":\"search_term_string\"}}],\"inLanguage\":\"es\"}]}<\/script>\n<!-- \/ Yoast SEO plugin. -->","yoast_head_json":{"title":"Cubierta de vac\u00edo TVS para b\u00e1sculas de aguja 2B\/2BPG y 3BPG - CS Unitec","description":"La cubierta de vac\u00edo TVS para escarificadores de aguja 2B\/2BPG y 3BPG est\u00e1 dise\u00f1ada para capturar el polvo y los residuos directamente en el punto de impacto.","robots":{"index":"index","follow":"follow","max-snippet":"max-snippet:-1","max-image-preview":"max-image-preview:large","max-video-preview":"max-video-preview:-1"},"canonical":"https:\/\/csunitec.com\/es\/producto\/cubierta-de-vacio-tvs-para-basculas-de-aguja-2b-2bpg-y-3bpg\/","og_locale":"es_ES","og_type":"article","og_title":"Cubierta de vac\u00edo TVS para b\u00e1sculas de aguja 2B\/2BPG y 3BPG - CS Unitec","og_description":"La cubierta de vac\u00edo TVS para escarificadores de aguja 2B\/2BPG y 3BPG est\u00e1 dise\u00f1ada para capturar el polvo y los residuos directamente en el punto de impacto.","og_url":"https:\/\/csunitec.com\/es\/producto\/cubierta-de-vacio-tvs-para-basculas-de-aguja-2b-2bpg-y-3bpg\/","og_site_name":"CS Unitec","article_modified_time":"2024-12-09T03:38:00+00:00","og_image":[{"width":1000,"height":1000,"url":"https:\/\/csunitec.com\/wp-content\/uploads\/2025\/04\/Vacuum-Shroud-Attachment-1-2-1.png","type":"image\/png"}],"twitter_card":"summary_large_image","twitter_misc":{"Tiempo de lectura":"1 minuto"},"schema":{"@context":"https:\/\/schema.org","@graph":[{"@type":"WebPage","@id":"https:\/\/csunitec.com\/es\/producto\/cubierta-de-vacio-tvs-para-basculas-de-aguja-2b-2bpg-y-3bpg\/","url":"https:\/\/csunitec.com\/es\/producto\/cubierta-de-vacio-tvs-para-basculas-de-aguja-2b-2bpg-y-3bpg\/","name":"Cubierta de vac\u00edo TVS para b\u00e1sculas de aguja 2B\/2BPG y 3BPG - CS Unitec","isPartOf":{"@id":"https:\/\/csunitec.com\/es\/#website"},"primaryImageOfPage":{"@id":"https:\/\/csunitec.com\/es\/producto\/cubierta-de-vacio-tvs-para-basculas-de-aguja-2b-2bpg-y-3bpg\/#primaryimage"},"image":{"@id":"https:\/\/csunitec.com\/es\/producto\/cubierta-de-vacio-tvs-para-basculas-de-aguja-2b-2bpg-y-3bpg\/#primaryimage"},"thumbnailUrl":"https:\/\/csunitec.com\/wp-content\/uploads\/2025\/04\/Vacuum-Shroud-Attachment-1-2-1.png","datePublished":"2024-12-08T22:38:00+00:00","dateModified":"2024-12-09T03:38:00+00:00","description":"La cubierta de vac\u00edo TVS para escarificadores de aguja 2B\/2BPG y 3BPG est\u00e1 dise\u00f1ada para capturar el polvo y los residuos directamente en el punto de impacto.","breadcrumb":{"@id":"https:\/\/csunitec.com\/es\/producto\/cubierta-de-vacio-tvs-para-basculas-de-aguja-2b-2bpg-y-3bpg\/#breadcrumb"},"inLanguage":"es","potentialAction":[{"@type":"ReadAction","target":["https:\/\/csunitec.com\/es\/producto\/cubierta-de-vacio-tvs-para-basculas-de-aguja-2b-2bpg-y-3bpg\/"]}]},{"@type":"ImageObject","inLanguage":"es","@id":"https:\/\/csunitec.com\/es\/producto\/cubierta-de-vacio-tvs-para-basculas-de-aguja-2b-2bpg-y-3bpg\/#primaryimage","url":"https:\/\/csunitec.com\/wp-content\/uploads\/2025\/04\/Vacuum-Shroud-Attachment-1-2-1.png","contentUrl":"https:\/\/csunitec.com\/wp-content\/uploads\/2025\/04\/Vacuum-Shroud-Attachment-1-2-1.png","width":1000,"height":1000},{"@type":"BreadcrumbList","@id":"https:\/\/csunitec.com\/es\/producto\/cubierta-de-vacio-tvs-para-basculas-de-aguja-2b-2bpg-y-3bpg\/#breadcrumb","itemListElement":[{"@type":"ListItem","position":1,"name":"Inicio","item":"https:\/\/csunitec.com\/es\/"},{"@type":"ListItem","position":2,"name":"Tienda","item":"https:\/\/csunitec.com\/es\/tienda\/"},{"@type":"ListItem","position":3,"name":"Cubierta de vac\u00edo TVS para b\u00e1sculas de aguja 2B\/2BPG y 3BPG"}]},{"@type":"WebSite","@id":"https:\/\/csunitec.com\/es\/#website","url":"https:\/\/csunitec.com\/es\/","name":"CS Unitec","description":"","potentialAction":[{"@type":"SearchAction","target":{"@type":"EntryPoint","urlTemplate":"https:\/\/csunitec.com\/es\/?s={search_term_string}"},"query-input":{"@type":"PropertyValueSpecification","valueRequired":true,"valueName":"search_term_string"}}],"inLanguage":"es"}]}},"_links":{"self":[{"href":"https:\/\/csunitec.com\/es\/wp-json\/wp\/v2\/product\/178426","targetHints":{"allow":["GET"]}}],"collection":[{"href":"https:\/\/csunitec.com\/es\/wp-json\/wp\/v2\/product"}],"about":[{"href":"https:\/\/csunitec.com\/es\/wp-json\/wp\/v2\/types\/product"}],"wp:featuredmedia":[{"embeddable":true,"href":"https:\/\/csunitec.com\/es\/wp-json\/wp\/v2\/media\/167950"}],"wp:attachment":[{"href":"https:\/\/csunitec.com\/es\/wp-json\/wp\/v2\/media?parent=178426"}],"wp:term":[{"taxonomy":"product_brand","embeddable":true,"href":"https:\/\/csunitec.com\/es\/wp-json\/wp\/v2\/product_brand?post=178426"},{"taxonomy":"product_cat","embeddable":true,"href":"https:\/\/csunitec.com\/es\/wp-json\/wp\/v2\/product_cat?post=178426"},{"taxonomy":"product_tag","embeddable":true,"href":"https:\/\/csunitec.com\/es\/wp-json\/wp\/v2\/product_tag?post=178426"},{"taxonomy":"accessory_type","embeddable":true,"href":"https:\/\/csunitec.com\/es\/wp-json\/wp\/v2\/accessory_type?post=178426"},{"taxonomy":"application","embeddable":true,"href":"https:\/\/csunitec.com\/es\/wp-json\/wp\/v2\/application?post=178426"},{"taxonomy":"hand_tool_type","embeddable":true,"href":"https:\/\/csunitec.com\/es\/wp-json\/wp\/v2\/hand_tool_type?post=178426"},{"taxonomy":"industry","embeddable":true,"href":"https:\/\/csunitec.com\/es\/wp-json\/wp\/v2\/industry?post=178426"},{"taxonomy":"material","embeddable":true,"href":"https:\/\/csunitec.com\/es\/wp-json\/wp\/v2\/material?post=178426"},{"taxonomy":"power_tool_type","embeddable":true,"href":"https:\/\/csunitec.com\/es\/wp-json\/wp\/v2\/power_tool_type?post=178426"},{"taxonomy":"power_type","embeddable":true,"href":"https:\/\/csunitec.com\/es\/wp-json\/wp\/v2\/power_type?post=178426"},{"taxonomy":"subcategory","embeddable":true,"href":"https:\/\/csunitec.com\/es\/wp-json\/wp\/v2\/subcategory?post=178426"},{"taxonomy":"tool_type","embeddable":true,"href":"https:\/\/csunitec.com\/es\/wp-json\/wp\/v2\/tool_type?post=178426"}],"curies":[{"name":"wp","href":"https:\/\/api.w.org\/{rel}","templated":true}]}}